{"id":2433,"date":"2023-09-21T16:04:51","date_gmt":"2023-09-21T16:04:51","guid":{"rendered":"https:\/\/abaa.mx\/tienda\/?post_type=product&#038;p=2433"},"modified":"2023-11-28T15:45:26","modified_gmt":"2023-11-28T15:45:26","slug":"termometro-stik-intrinsecamente-seguro-fluke-1552a-12-dl-con-registro-de-datos-12-112-a-572-f","status":"publish","type":"product","link":"https:\/\/abaa.mx\/tienda\/termometro-stik-intrinsecamente-seguro-fluke-1552a-12-dl-con-registro-de-datos-12-112-a-572-f\/","title":{"rendered":"Term\u00f3metro stik intr\u00ednsecamente seguro fluke 1552a-12-dl con registro de datos, 12&#8243;, -112 a 572 \u00b0f"},"content":{"rendered":"<p>&nbsp;<\/p>\n<p>El term\u00f3metro &#8220;Stik&#8221; ofrece mediciones de temperatura repetibles con una precisi\u00f3n de \u00b10.09 \u00b0 F (\u00b10.05 \u00b0 C) en todo su rango. Ya sea que trabaje al aire libre en entornos donde pueden estar presentes gases potencialmente explosivos o en el piso de una planta de procesamiento, el term\u00f3metro de referencia port\u00e1til intr\u00ednsecamente seguro, que funciona con bater\u00edas est\u00e1 dise\u00f1ado para ir a donde trabaja. Es una excelente opci\u00f3n para comprobaciones diarias de term\u00f3metros de trabajo, determinaci\u00f3n de temperatura de transferencia de custodia, calibraci\u00f3n PET, calibraci\u00f3n LIG y calibraci\u00f3n y verificaci\u00f3n del transmisor de temperatura.<\/p>\n<p>La sonda de acero inoxidable y la lectura digital se fijan juntas y se calibran como un sistema. La gran pantalla LCD retroiluminada gira 90 \u00b0 grados, lo que facilita la lectura desde cualquier \u00e1ngulo, y un indicador de estabilidad \/ tendencia configurable por el usuario le permite saber cu\u00e1ndo su temperatura es lo suficientemente estable como para registrar una medici\u00f3n precisa. Una funci\u00f3n de apagado autom\u00e1tico configurable por el usuario extiende la duraci\u00f3n t\u00edpica de la bater\u00eda hasta 300 horas, y el indicador de bater\u00eda baja y la funci\u00f3n de medida de parada evitan que se realicen mediciones err\u00f3neas debido a una bater\u00eda baja. Adem\u00e1s, puede calibrarlo de forma f\u00e1cil y precisa con una sencilla funci\u00f3n de calibraci\u00f3n de tres puntos.<\/p>\n<p>&nbsp;<\/p>\n<p><strong>Funciones<\/strong><\/p>\n<ul>\n<li>Term\u00f3metro de referencia port\u00e1til intr\u00ednsecamente seguro, que funciona con bater\u00edas.<\/li>\n<li>Proporciona una precisi\u00f3n de \u00b10,09 \u00b0F (\u00b10,05 \u00b0C) en todo el rango.<\/li>\n<li>Caracter\u00edsticas de operaci\u00f3n intr\u00ednsecamente seguras (compatible con ATEX e IECEx).<\/li>\n<li>Mide -112 a 572\u00b0F (-80 a 300\u00b0C).<\/li>\n<li>Proporciona temperatura configurable por el usuario con indicador de tendencia\/estabilidad.<\/li>\n<li>Muestra la temperatura en \u00b0C o \u00b0F.<\/li>\n<li>Ofrece una duraci\u00f3n de bater\u00eda de 300 horas.<\/li>\n<li>Muestra indicadores de porcentaje de duraci\u00f3n de la bater\u00eda y bater\u00eda baja.<\/li>\n<li>Mide y fuente la presi\u00f3n con cualquiera de los m\u00f3dulos de presi\u00f3n 700Pxx de Fluke (se venden por separado).<\/li>\n<li>Le permite crear y ejecutar procedimientos automatizados seg\u00fan se encuentran\/seg\u00fan la izquierda para satisfacer programas o regulaciones de calidad, y registrar y documentar los resultados.<\/li>\n<li>Contiene hasta una semana completa de procedimientos descargados y resultados de calibraci\u00f3n.<\/li>\n<li>Ofrece muchas funciones flexibles como paso autom\u00e1tico, unidades personalizadas, valores ingresados por el usuario durante la prueba, pruebas de interruptores de uno y dos puntos, pruebas de flujo DP de ra\u00edz cuadrada, retardo de medici\u00f3n programable y m\u00e1s.<\/li>\n<li>Ofrece compatibilidad con DPCTrack2 y muchos otros paquetes de software de gesti\u00f3n de activos (se venden por separado).<\/li>\n<li>Pantalla dual blanca brillante para leer simult\u00e1neamente los par\u00e1metros de origen y medidos.<\/li>\n<li>Interfaz multiling\u00fce f\u00e1cil de usar.<\/li>\n<li>Indicador de gas y bater\u00eda recargable de iones de litio para un uso ininterrumpido de 10 horas.<\/li>\n<\/ul>\n<p>&nbsp;<\/p>\n<h4>Fluke 1552A-12-DL Especificaciones<\/h4>\n<table class=\"table table-striped\">\n<tbody>\n<tr>\n<td>Rango de temperatura<\/td>\n<td>-112 a 572\u00b0F (-80 a 300\u00b0C)<\/td>\n<\/tr>\n<tr>\n<td>Precisi\u00f3n (1 a\u00f1o)<\/td>\n<td>\u00b10.09\u00b0F (\u00b10.05\u00b0C)<\/td>\n<\/tr>\n<tr>\n<td>Resoluci\u00f3n de temperatura<\/td>\n<td>Seleccionable: 0.1, 0.01, 0.001 (valor predeterminado 0.01)<\/td>\n<\/tr>\n<tr>\n<td>Frecuencia de muestreo<\/td>\n<td>Seleccionable: 0,5 segundos, 1 segundos, 2 segundos (predeterminado 1 segundo)<\/td>\n<\/tr>\n<tr>\n<td>Coeficiente de temperatura de lectura<\/td>\n<td>Agregue \u00b110 ppm\/\u00b0C de temperatura de escala completa de 14 a 64 \u00b0F (-10 a 18 \u00b0C) y de 82 a 122 \u00b0F (28 a 50 \u00b0C)<\/td>\n<\/tr>\n<tr>\n<td>Coeficiente de temperatura de la sonda<\/td>\n<td>0,00385 \u03a9\/\u03a9\/\u00b0C nominal<\/td>\n<\/tr>\n<tr>\n<td>Resistencia nominal de la sonda a 0 \u00b0C<\/td>\n<td>100 \u03a9<\/td>\n<\/tr>\n<tr>\n<td>Hist\u00e9resis de la sonda<\/td>\n<td>\u00b10.01\u00b0C<\/td>\n<\/tr>\n<tr>\n<td>Tiempo de respuesta<\/td>\n<td>Aproximadamente 20 segundos<\/td>\n<\/tr>\n<tr>\n<td>Lectura del rango de temperatura de funcionamiento<\/td>\n<td>14 a 122\u00b0F (-10 a 50\u00b0C)<\/td>\n<\/tr>\n<tr>\n<td>Temperatura de almacenamiento<\/td>\n<td>-4 a 140\u00b0F (-20 a 60\u00b0C)<br \/>\n0 a 95% HR, sin condensaci\u00f3n<\/td>\n<\/tr>\n<tr>\n<td>Unidades de visualizaci\u00f3n<\/td>\n<td>\u00b0C, \u00b0F<\/td>\n<\/tr>\n<tr>\n<td>Sensor<\/td>\n<td>Tipo: PRT<br \/>\nbobinado de alambre de 100 \u03a9 Longitud: \u22641.2&#8243; (30 mm) Posici\u00f3n (desde la punta de la vaina): 0.1&#8243; (3 mm)<\/td>\n<\/tr>\n<tr>\n<td>Profundidad m\u00ednima de inmersi\u00f3n<\/td>\n<td>Medio h\u00famedo (ba\u00f1o l\u00edquido, termopozo con compuesto t\u00e9rmico) 2,8&#8243; (70 mm) Medio seco (pozo seco, termopozo sin compuesto t\u00e9rmico) 4,8&#8243; (120 mm)<\/td>\n<\/tr>\n<tr>\n<td>M\u00e1xima profundidad de inmersi\u00f3n<\/td>\n<td>3&#8243; (75 mm) menos que la longitud total. Aseg\u00farese de que los \u00faltimos 75 mm de sonda, m\u00e1s cercanos a la electr\u00f3nica interna del dispositivo, no se coloquen en la fuente de calor.<\/td>\n<\/tr>\n<tr>\n<td>Material de la cubierta de la sonda<\/td>\n<td>Acero inoxidable<\/td>\n<\/tr>\n<tr>\n<td>Registro de datos<\/td>\n<td>Hasta 10.000 lecturas con marca de tiempo almacenadas en la memoria interna<\/td>\n<\/tr>\n<tr>\n<td>Intervalos de registro<\/td>\n<td>2 segundos, 5 segundos, 10 segundos, 30 segundos o 60 segundos<\/td>\n<\/tr>\n<tr>\n<td>Amortiguaci\u00f3n<\/td>\n<td>Media m\u00f3vil de las lecturas m\u00e1s recientes de 2 a 10 (ON\/OFF, 2, 5, 10)<\/td>\n<\/tr>\n<tr>\n<td>Comunicaciones<\/td>\n<td>Conector est\u00e9reo RS-232 (solo par\u00e1metros de calibraci\u00f3n de acceso)<\/td>\n<\/tr>\n<tr>\n<td>Alimentaci\u00f3n de CC<\/td>\n<td>3 pilas alcalinas AAA<\/td>\n<\/tr>\n<tr>\n<td>Duraci\u00f3n de la bater\u00eda<\/td>\n<td>Aproximadamente 300 horas (12,5 d\u00edas) de funcionamiento continuo con la luz de fondo apagada<\/td>\n<\/tr>\n<tr>\n<td>Rango de ahorro de bater\u00eda (apagado autom\u00e1tico)<\/td>\n<td>Seleccionable de 1 a 30 minutos o se puede desactivar<\/td>\n<\/tr>\n<tr>\n<td>Seguridad<\/td>\n<td>IEC 60079-0, IEC 60079-11: Ex ib IIB T4 Gb; IEC 61010-1: Grado de contaminaci\u00f3n 2<\/td>\n<\/tr>\n<tr>\n<td>Compatibilidad electromagn\u00e9tica<\/td>\n<td>Internacional: IEC 61326-1: Equipo port\u00e1til; IEC 61326-2-2; CISPR 11: Grupo 1, Clase B<br \/>\nUSA (FCC): 47 CFR 15 subparte B. Este producto se considera un dispositivo exento seg\u00fan la cl\u00e1usula 15.103<\/td>\n<\/tr>\n<tr>\n<td>Dimensiones<\/td>\n<td>5 x 2,5 x 1,4&#8243; (125 x 62 x 35 mm)<\/td>\n<\/tr>\n<tr>\n<td>Tama\u00f1o de la sonda<\/td>\n<td>12\/6 x 35&#8243; (305,&lt;&gt; x &lt;&gt; mm)<\/td>\n<\/tr>\n<tr>\n<td>Peso<\/td>\n<td>6,9 onzas (200 g)<\/td>\n<\/tr>\n<\/tbody>\n<\/table>\n","protected":false},"excerpt":{"rendered":"<p>El term\u00f3metro &#8220;Stik&#8221; ofrece mediciones de temperatura repetibles con una precisi\u00f3n de \u00b10.09 \u00b0 F (\u00b10.05 \u00b0 C) en todo su rango. Ya sea que trabaje al aire libre en entornos donde pueden estar presentes gases potencialmente explosivos o en el piso de una planta de procesamiento, el term\u00f3metro de referencia port\u00e1til intr\u00ednsecamente seguro, que funciona con bater\u00edas est\u00e1 dise\u00f1ado para ir a donde trabaja. Es una excelente opci\u00f3n para comprobaciones diarias de term\u00f3metros de trabajo, determinaci\u00f3n de temperatura de transferencia de custodia, calibraci\u00f3n PET, calibraci\u00f3n LIG y calibraci\u00f3n y verificaci\u00f3n del transmisor de temperatura.<\/p>\n","protected":false},"featured_media":2435,"comment_status":"open","ping_status":"closed","template":"","meta":{"_joinchat":[]},"product_brand":[],"product_cat":[15],"product_tag":[],"class_list":{"0":"post-2433","1":"product","2":"type-product","3":"status-publish","4":"has-post-thumbnail","6":"product_cat-sin-categorizar","8":"first","9":"instock","10":"shipping-taxable","11":"product-type-simple"},"yoast_head":"<!-- This site is optimized with the Yoast SEO plugin v26.4 - https:\/\/yoast.com\/wordpress\/plugins\/seo\/ -->\n<title>Term\u00f3metro stik intr\u00ednsecamente seguro fluke 1552a-12-dl con registro de datos, 12&quot;, -112 a 572 \u00b0f - Abaa tienda online<\/title>\n<meta name=\"robots\" content=\"index, follow, max-snippet:-1, max-image-preview:large, max-video-preview:-1\" \/>\n<link rel=\"canonical\" href=\"https:\/\/abaa.mx\/tienda\/termometro-stik-intrinsecamente-seguro-fluke-1552a-12-dl-con-registro-de-datos-12-112-a-572-f\/\" \/>\n<meta property=\"og:locale\" content=\"es_MX\" \/>\n<meta property=\"og:type\" content=\"article\" \/>\n<meta property=\"og:title\" content=\"Term\u00f3metro stik intr\u00ednsecamente seguro fluke 1552a-12-dl con registro de datos, 12&quot;, -112 a 572 \u00b0f - Abaa tienda online\" \/>\n<meta property=\"og:description\" content=\"El term\u00f3metro &quot;Stik&quot; ofrece mediciones de temperatura repetibles con una precisi\u00f3n de \u00b10.09 \u00b0 F (\u00b10.05 \u00b0 C) en todo su rango. Ya sea que trabaje al aire libre en entornos donde pueden estar presentes gases potencialmente explosivos o en el piso de una planta de procesamiento, el term\u00f3metro de referencia port\u00e1til intr\u00ednsecamente seguro, que funciona con bater\u00edas est\u00e1 dise\u00f1ado para ir a donde trabaja. Es una excelente opci\u00f3n para comprobaciones diarias de term\u00f3metros de trabajo, determinaci\u00f3n de temperatura de transferencia de custodia, calibraci\u00f3n PET, calibraci\u00f3n LIG y calibraci\u00f3n y verificaci\u00f3n del transmisor de temperatura.\" \/>\n<meta property=\"og:url\" content=\"https:\/\/abaa.mx\/tienda\/termometro-stik-intrinsecamente-seguro-fluke-1552a-12-dl-con-registro-de-datos-12-112-a-572-f\/\" \/>\n<meta property=\"og:site_name\" content=\"Abaa tienda online\" \/>\n<meta property=\"article:modified_time\" content=\"2023-11-28T15:45:26+00:00\" \/>\n<meta property=\"og:image\" content=\"https:\/\/abaa.mx\/tienda\/wp-content\/uploads\/2023\/09\/1552A-12-DL.jpg\" \/>\n\t<meta property=\"og:image:width\" content=\"950\" \/>\n\t<meta property=\"og:image:height\" content=\"950\" \/>\n\t<meta property=\"og:image:type\" content=\"image\/jpeg\" \/>\n<meta name=\"twitter:card\" content=\"summary_large_image\" \/>\n<meta name=\"twitter:label1\" content=\"Tiempo de lectura\" \/>\n\t<meta name=\"twitter:data1\" content=\"4 minutos\" \/>\n<script type=\"application\/ld+json\" class=\"yoast-schema-graph\">{\"@context\":\"https:\/\/schema.org\",\"@graph\":[{\"@type\":\"WebPage\",\"@id\":\"https:\/\/abaa.mx\/tienda\/termometro-stik-intrinsecamente-seguro-fluke-1552a-12-dl-con-registro-de-datos-12-112-a-572-f\/\",\"url\":\"https:\/\/abaa.mx\/tienda\/termometro-stik-intrinsecamente-seguro-fluke-1552a-12-dl-con-registro-de-datos-12-112-a-572-f\/\",\"name\":\"Term\u00f3metro stik intr\u00ednsecamente seguro fluke 1552a-12-dl con registro de datos, 12\\\", -112 a 572 \u00b0f - Abaa tienda online\",\"isPartOf\":{\"@id\":\"https:\/\/abaa.mx\/tienda\/#website\"},\"primaryImageOfPage\":{\"@id\":\"https:\/\/abaa.mx\/tienda\/termometro-stik-intrinsecamente-seguro-fluke-1552a-12-dl-con-registro-de-datos-12-112-a-572-f\/#primaryimage\"},\"image\":{\"@id\":\"https:\/\/abaa.mx\/tienda\/termometro-stik-intrinsecamente-seguro-fluke-1552a-12-dl-con-registro-de-datos-12-112-a-572-f\/#primaryimage\"},\"thumbnailUrl\":\"https:\/\/abaa.mx\/tienda\/wp-content\/uploads\/2023\/09\/1552A-12-DL.jpg\",\"datePublished\":\"2023-09-21T16:04:51+00:00\",\"dateModified\":\"2023-11-28T15:45:26+00:00\",\"breadcrumb\":{\"@id\":\"https:\/\/abaa.mx\/tienda\/termometro-stik-intrinsecamente-seguro-fluke-1552a-12-dl-con-registro-de-datos-12-112-a-572-f\/#breadcrumb\"},\"inLanguage\":\"es\",\"potentialAction\":[{\"@type\":\"ReadAction\",\"target\":[\"https:\/\/abaa.mx\/tienda\/termometro-stik-intrinsecamente-seguro-fluke-1552a-12-dl-con-registro-de-datos-12-112-a-572-f\/\"]}]},{\"@type\":\"ImageObject\",\"inLanguage\":\"es\",\"@id\":\"https:\/\/abaa.mx\/tienda\/termometro-stik-intrinsecamente-seguro-fluke-1552a-12-dl-con-registro-de-datos-12-112-a-572-f\/#primaryimage\",\"url\":\"https:\/\/abaa.mx\/tienda\/wp-content\/uploads\/2023\/09\/1552A-12-DL.jpg\",\"contentUrl\":\"https:\/\/abaa.mx\/tienda\/wp-content\/uploads\/2023\/09\/1552A-12-DL.jpg\",\"width\":950,\"height\":950,\"caption\":\"1552A-12-DL\"},{\"@type\":\"BreadcrumbList\",\"@id\":\"https:\/\/abaa.mx\/tienda\/termometro-stik-intrinsecamente-seguro-fluke-1552a-12-dl-con-registro-de-datos-12-112-a-572-f\/#breadcrumb\",\"itemListElement\":[{\"@type\":\"ListItem\",\"position\":1,\"name\":\"Inicio\",\"item\":\"https:\/\/abaa.mx\/tienda\/\"},{\"@type\":\"ListItem\",\"position\":2,\"name\":\"Tienda\",\"item\":\"https:\/\/abaa.mx\/tienda\/\"},{\"@type\":\"ListItem\",\"position\":3,\"name\":\"Term\u00f3metro stik intr\u00ednsecamente seguro fluke 1552a-12-dl con registro de datos, 12&#8243;, -112 a 572 \u00b0f\"}]},{\"@type\":\"WebSite\",\"@id\":\"https:\/\/abaa.mx\/tienda\/#website\",\"url\":\"https:\/\/abaa.mx\/tienda\/\",\"name\":\"Abaa tienda online\",\"description\":\"Instrumentos de medici\u00f3n\",\"publisher\":{\"@id\":\"https:\/\/abaa.mx\/tienda\/#organization\"},\"potentialAction\":[{\"@type\":\"SearchAction\",\"target\":{\"@type\":\"EntryPoint\",\"urlTemplate\":\"https:\/\/abaa.mx\/tienda\/?s={search_term_string}\"},\"query-input\":{\"@type\":\"PropertyValueSpecification\",\"valueRequired\":true,\"valueName\":\"search_term_string\"}}],\"inLanguage\":\"es\"},{\"@type\":\"Organization\",\"@id\":\"https:\/\/abaa.mx\/tienda\/#organization\",\"name\":\"Abaa tienda online\",\"url\":\"https:\/\/abaa.mx\/tienda\/\",\"logo\":{\"@type\":\"ImageObject\",\"inLanguage\":\"es\",\"@id\":\"https:\/\/abaa.mx\/tienda\/#\/schema\/logo\/image\/\",\"url\":\"https:\/\/abaa.mx\/tienda\/wp-content\/uploads\/2024\/01\/abaa-metrologia-tienda.png\",\"contentUrl\":\"https:\/\/abaa.mx\/tienda\/wp-content\/uploads\/2024\/01\/abaa-metrologia-tienda.png\",\"width\":300,\"height\":141,\"caption\":\"Abaa tienda online\"},\"image\":{\"@id\":\"https:\/\/abaa.mx\/tienda\/#\/schema\/logo\/image\/\"}}]}<\/script>\n<!-- \/ Yoast SEO plugin. -->","yoast_head_json":{"title":"Term\u00f3metro stik intr\u00ednsecamente seguro fluke 1552a-12-dl con registro de datos, 12\", -112 a 572 \u00b0f - Abaa tienda online","robots":{"index":"index","follow":"follow","max-snippet":"max-snippet:-1","max-image-preview":"max-image-preview:large","max-video-preview":"max-video-preview:-1"},"canonical":"https:\/\/abaa.mx\/tienda\/termometro-stik-intrinsecamente-seguro-fluke-1552a-12-dl-con-registro-de-datos-12-112-a-572-f\/","og_locale":"es_MX","og_type":"article","og_title":"Term\u00f3metro stik intr\u00ednsecamente seguro fluke 1552a-12-dl con registro de datos, 12\", -112 a 572 \u00b0f - Abaa tienda online","og_description":"El term\u00f3metro \"Stik\" ofrece mediciones de temperatura repetibles con una precisi\u00f3n de \u00b10.09 \u00b0 F (\u00b10.05 \u00b0 C) en todo su rango. Ya sea que trabaje al aire libre en entornos donde pueden estar presentes gases potencialmente explosivos o en el piso de una planta de procesamiento, el term\u00f3metro de referencia port\u00e1til intr\u00ednsecamente seguro, que funciona con bater\u00edas est\u00e1 dise\u00f1ado para ir a donde trabaja. Es una excelente opci\u00f3n para comprobaciones diarias de term\u00f3metros de trabajo, determinaci\u00f3n de temperatura de transferencia de custodia, calibraci\u00f3n PET, calibraci\u00f3n LIG y calibraci\u00f3n y verificaci\u00f3n del transmisor de temperatura.","og_url":"https:\/\/abaa.mx\/tienda\/termometro-stik-intrinsecamente-seguro-fluke-1552a-12-dl-con-registro-de-datos-12-112-a-572-f\/","og_site_name":"Abaa tienda online","article_modified_time":"2023-11-28T15:45:26+00:00","og_image":[{"width":950,"height":950,"url":"https:\/\/abaa.mx\/tienda\/wp-content\/uploads\/2023\/09\/1552A-12-DL.jpg","type":"image\/jpeg"}],"twitter_card":"summary_large_image","twitter_misc":{"Tiempo de lectura":"4 minutos"},"schema":{"@context":"https:\/\/schema.org","@graph":[{"@type":"WebPage","@id":"https:\/\/abaa.mx\/tienda\/termometro-stik-intrinsecamente-seguro-fluke-1552a-12-dl-con-registro-de-datos-12-112-a-572-f\/","url":"https:\/\/abaa.mx\/tienda\/termometro-stik-intrinsecamente-seguro-fluke-1552a-12-dl-con-registro-de-datos-12-112-a-572-f\/","name":"Term\u00f3metro stik intr\u00ednsecamente seguro fluke 1552a-12-dl con registro de datos, 12\", -112 a 572 \u00b0f - Abaa tienda online","isPartOf":{"@id":"https:\/\/abaa.mx\/tienda\/#website"},"primaryImageOfPage":{"@id":"https:\/\/abaa.mx\/tienda\/termometro-stik-intrinsecamente-seguro-fluke-1552a-12-dl-con-registro-de-datos-12-112-a-572-f\/#primaryimage"},"image":{"@id":"https:\/\/abaa.mx\/tienda\/termometro-stik-intrinsecamente-seguro-fluke-1552a-12-dl-con-registro-de-datos-12-112-a-572-f\/#primaryimage"},"thumbnailUrl":"https:\/\/abaa.mx\/tienda\/wp-content\/uploads\/2023\/09\/1552A-12-DL.jpg","datePublished":"2023-09-21T16:04:51+00:00","dateModified":"2023-11-28T15:45:26+00:00","breadcrumb":{"@id":"https:\/\/abaa.mx\/tienda\/termometro-stik-intrinsecamente-seguro-fluke-1552a-12-dl-con-registro-de-datos-12-112-a-572-f\/#breadcrumb"},"inLanguage":"es","potentialAction":[{"@type":"ReadAction","target":["https:\/\/abaa.mx\/tienda\/termometro-stik-intrinsecamente-seguro-fluke-1552a-12-dl-con-registro-de-datos-12-112-a-572-f\/"]}]},{"@type":"ImageObject","inLanguage":"es","@id":"https:\/\/abaa.mx\/tienda\/termometro-stik-intrinsecamente-seguro-fluke-1552a-12-dl-con-registro-de-datos-12-112-a-572-f\/#primaryimage","url":"https:\/\/abaa.mx\/tienda\/wp-content\/uploads\/2023\/09\/1552A-12-DL.jpg","contentUrl":"https:\/\/abaa.mx\/tienda\/wp-content\/uploads\/2023\/09\/1552A-12-DL.jpg","width":950,"height":950,"caption":"1552A-12-DL"},{"@type":"BreadcrumbList","@id":"https:\/\/abaa.mx\/tienda\/termometro-stik-intrinsecamente-seguro-fluke-1552a-12-dl-con-registro-de-datos-12-112-a-572-f\/#breadcrumb","itemListElement":[{"@type":"ListItem","position":1,"name":"Inicio","item":"https:\/\/abaa.mx\/tienda\/"},{"@type":"ListItem","position":2,"name":"Tienda","item":"https:\/\/abaa.mx\/tienda\/"},{"@type":"ListItem","position":3,"name":"Term\u00f3metro stik intr\u00ednsecamente seguro fluke 1552a-12-dl con registro de datos, 12&#8243;, -112 a 572 \u00b0f"}]},{"@type":"WebSite","@id":"https:\/\/abaa.mx\/tienda\/#website","url":"https:\/\/abaa.mx\/tienda\/","name":"Abaa tienda online","description":"Instrumentos de medici\u00f3n","publisher":{"@id":"https:\/\/abaa.mx\/tienda\/#organization"},"potentialAction":[{"@type":"SearchAction","target":{"@type":"EntryPoint","urlTemplate":"https:\/\/abaa.mx\/tienda\/?s={search_term_string}"},"query-input":{"@type":"PropertyValueSpecification","valueRequired":true,"valueName":"search_term_string"}}],"inLanguage":"es"},{"@type":"Organization","@id":"https:\/\/abaa.mx\/tienda\/#organization","name":"Abaa tienda online","url":"https:\/\/abaa.mx\/tienda\/","logo":{"@type":"ImageObject","inLanguage":"es","@id":"https:\/\/abaa.mx\/tienda\/#\/schema\/logo\/image\/","url":"https:\/\/abaa.mx\/tienda\/wp-content\/uploads\/2024\/01\/abaa-metrologia-tienda.png","contentUrl":"https:\/\/abaa.mx\/tienda\/wp-content\/uploads\/2024\/01\/abaa-metrologia-tienda.png","width":300,"height":141,"caption":"Abaa tienda online"},"image":{"@id":"https:\/\/abaa.mx\/tienda\/#\/schema\/logo\/image\/"}}]}},"_links":{"self":[{"href":"https:\/\/abaa.mx\/tienda\/wp-json\/wp\/v2\/product\/2433","targetHints":{"allow":["GET"]}}],"collection":[{"href":"https:\/\/abaa.mx\/tienda\/wp-json\/wp\/v2\/product"}],"about":[{"href":"https:\/\/abaa.mx\/tienda\/wp-json\/wp\/v2\/types\/product"}],"replies":[{"embeddable":true,"href":"https:\/\/abaa.mx\/tienda\/wp-json\/wp\/v2\/comments?post=2433"}],"wp:featuredmedia":[{"embeddable":true,"href":"https:\/\/abaa.mx\/tienda\/wp-json\/wp\/v2\/media\/2435"}],"wp:attachment":[{"href":"https:\/\/abaa.mx\/tienda\/wp-json\/wp\/v2\/media?parent=2433"}],"wp:term":[{"taxonomy":"product_brand","embeddable":true,"href":"https:\/\/abaa.mx\/tienda\/wp-json\/wp\/v2\/product_brand?post=2433"},{"taxonomy":"product_cat","embeddable":true,"href":"https:\/\/abaa.mx\/tienda\/wp-json\/wp\/v2\/product_cat?post=2433"},{"taxonomy":"product_tag","embeddable":true,"href":"https:\/\/abaa.mx\/tienda\/wp-json\/wp\/v2\/product_tag?post=2433"}],"curies":[{"name":"wp","href":"https:\/\/api.w.org\/{rel}","templated":true}]}}