{"id":2430,"date":"2023-09-21T15:58:41","date_gmt":"2023-09-21T15:58:41","guid":{"rendered":"https:\/\/abaa.mx\/tienda\/?post_type=product&#038;p=2430"},"modified":"2023-09-21T15:58:41","modified_gmt":"2023-09-21T15:58:41","slug":"termometro-stik-intrinsecamente-seguro-fluke-1551a-9-dl-con-registro-de-datos-9-58-a-320-f","status":"publish","type":"product","link":"https:\/\/abaa.mx\/tienda\/termometro-stik-intrinsecamente-seguro-fluke-1551a-9-dl-con-registro-de-datos-9-58-a-320-f\/","title":{"rendered":"term\u00f3metro stik intr\u00ednsecamente seguro fluke 1551a-9-dl con registro de datos, 9&#8243;, -58 a 320 \u00b0f"},"content":{"rendered":"<p>El term\u00f3metro &#8220;Stik&#8221; proporciona un rango de temperatura de -58 a 320 \u00b0 F (-50 a 160 \u00b0 C) y ofrece mediciones de temperatura repetibles con una precisi\u00f3n de \u00b10.09 \u00b0 F (\u00b1 0.05 \u00b0 C). Est\u00e1 clasificado como intr\u00ednsecamente seguro para trabajar en ambientes interiores o exteriores donde pueden estar presentes gases potencialmente explosivos y es una excelente opci\u00f3n para entornos que no son potencialmente explosivos, as\u00ed como el piso de una planta de procesamiento. El term\u00f3metro que funciona con bater\u00edas es ideal para comprobaciones diarias de term\u00f3metros de trabajo, determinaci\u00f3n de temperatura de transferencia de custodia, calibraci\u00f3n de PET, calibraci\u00f3n LIG y calibraci\u00f3n y verificaci\u00f3n del transmisor de temperatura.<\/p>\n<p>La sonda de acero inoxidable y la lectura digital se fijan juntas y se calibran como un sistema. La gran pantalla LCD retroiluminada gira 90 \u00b0 grados, lo que facilita la lectura desde cualquier \u00e1ngulo, y el indicador de estabilidad \/ tendencia configurable por el usuario le permite saber cu\u00e1ndo su temperatura es lo suficientemente estable como para registrar una medici\u00f3n precisa. Una funci\u00f3n de apagado autom\u00e1tico configurable por el usuario extiende la duraci\u00f3n t\u00edpica de la bater\u00eda hasta 300 horas, y el indicador de bater\u00eda baja y la funci\u00f3n de medida de parada evitan que se realicen mediciones err\u00f3neas debido a una bater\u00eda baja. Adem\u00e1s, puede calibrarlo de forma f\u00e1cil y precisa con una sencilla funci\u00f3n de calibraci\u00f3n de tres puntos.<\/p>\n<p><strong>Funciones<\/strong><\/p>\n<ul>\n<li>Term\u00f3metro de referencia port\u00e1til intr\u00ednsecamente seguro, que funciona con bater\u00edas<\/li>\n<li>Proporciona una precisi\u00f3n de \u00b10,09 \u00b0F (\u00b10,05 \u00b0C) en todo el rango<\/li>\n<li>Caracter\u00edsticas de operaci\u00f3n intr\u00ednsecamente seguras (compatible con ATEX e IECEx)<\/li>\n<li>Mide -58 a 320\u00b0F (-50 a 160\u00b0C)<\/li>\n<li>Proporciona temperatura configurable por el usuario con indicador de tendencia\/estabilidad<\/li>\n<li>Muestra la temperatura en \u00b0C o \u00b0F<\/li>\n<li>Ofrece una duraci\u00f3n de bater\u00eda de 300 horas<\/li>\n<li>Muestra indicadores de porcentaje de duraci\u00f3n de la bater\u00eda y bater\u00eda baja<\/li>\n<\/ul>\n<h4>Fluke 1551A-9-DL Especificaciones<\/h4>\n<table class=\"table table-striped\">\n<tbody>\n<tr>\n<td>Rango de temperatura<\/td>\n<td>-58 a 320\u00b0F (-50 a 160\u00b0C)<\/td>\n<\/tr>\n<tr>\n<td>Precisi\u00f3n (1 a\u00f1o)<\/td>\n<td>\u00b10.09\u00b0F (\u00b10.05\u00b0C)<\/td>\n<\/tr>\n<tr>\n<td>Resoluci\u00f3n de temperatura<\/td>\n<td>Seleccionable: 0.1, 0.01, 0.001 (valor predeterminado 0.01)<\/td>\n<\/tr>\n<tr>\n<td>Frecuencia de muestreo<\/td>\n<td>Seleccionable: 0,5 segundos, 1 segundos, 2 segundos (predeterminado 1 segundo)<\/td>\n<\/tr>\n<tr>\n<td>Coeficiente de temperatura de lectura<\/td>\n<td>Agregue \u00b110 ppm\/\u00b0C de temperatura de escala completa de 14 a 64 \u00b0F (-10 a 18 \u00b0C) y de 82 a 122 \u00b0F (28 a 50 \u00b0C)<\/td>\n<\/tr>\n<tr>\n<td>Coeficiente de temperatura de la sonda<\/td>\n<td>0,00385 \u03a9\/\u03a9\/\u00b0C nominal<\/td>\n<\/tr>\n<tr>\n<td>Resistencia nominal de la sonda a 0 \u00b0C<\/td>\n<td>100 \u03a9<\/td>\n<\/tr>\n<tr>\n<td>Hist\u00e9resis de la sonda<\/td>\n<td>\u00b10.01\u00b0C<\/td>\n<\/tr>\n<tr>\n<td>Tiempo de respuesta<\/td>\n<td>14 segundos<\/td>\n<\/tr>\n<tr>\n<td>Lectura del rango de temperatura de funcionamiento<\/td>\n<td>14 a 122\u00b0F (-10 a 50\u00b0C)<\/td>\n<\/tr>\n<tr>\n<td>Temperatura de almacenamiento<\/td>\n<td>-4 a 140\u00b0F (-20 a 60\u00b0C)<br \/>\n0 a 95% HR, sin condensaci\u00f3n<\/td>\n<\/tr>\n<tr>\n<td>Unidades de visualizaci\u00f3n<\/td>\n<td>\u00b0C, \u00b0F<\/td>\n<\/tr>\n<tr>\n<td>Sensor<\/td>\n<td>Tipo: 100 \u03a9 RTD<br \/>\nde pel\u00edcula delgada Longitud: \u22640.4&#8243; (10 mm) Posici\u00f3n (desde la punta de la vaina): 0.1&#8243; (3 mm)<\/td>\n<\/tr>\n<tr>\n<td>Profundidad m\u00ednima de inmersi\u00f3n<\/td>\n<td>Medio h\u00famedo (ba\u00f1o l\u00edquido, termopozo con compuesto t\u00e9rmico) 2,8&#8243; (70 mm) Medio seco (pozo seco, termopozo sin compuesto t\u00e9rmico) 4,8&#8243; (120 mm)<\/td>\n<\/tr>\n<tr>\n<td>M\u00e1xima profundidad de inmersi\u00f3n<\/td>\n<td>2&#8243; (50 mm) menos que la longitud total. Aseg\u00farese de que los \u00faltimos 50 mm de sonda, m\u00e1s cercanos a la electr\u00f3nica interna del dispositivo, no se coloquen en la fuente de calor.<\/td>\n<\/tr>\n<tr>\n<td>Material de la cubierta de la sonda<\/td>\n<td>Acero inoxidable<\/td>\n<\/tr>\n<tr>\n<td>Registro de datos<\/td>\n<td>Hasta 10.000 lecturas con marca de tiempo almacenadas en la memoria interna<\/td>\n<\/tr>\n<tr>\n<td>Intervalos de registro<\/td>\n<td>2 segundos, 5 segundos, 10 segundos, 30 segundos o 60 segundos<\/td>\n<\/tr>\n<tr>\n<td>Amortiguaci\u00f3n<\/td>\n<td>Media m\u00f3vil de las lecturas m\u00e1s recientes de 2 a 10 (ON\/OFF, 2, 5, 10)<\/td>\n<\/tr>\n<tr>\n<td>Comunicaciones<\/td>\n<td>Conector est\u00e9reo RS-232 (solo par\u00e1metros de calibraci\u00f3n de acceso)<\/td>\n<\/tr>\n<tr>\n<td>Alimentaci\u00f3n de CC<\/td>\n<td>3 pilas AAA, duraci\u00f3n t\u00edpica de la bater\u00eda de 300 horas sin retroiluminaci\u00f3n LCD<\/td>\n<\/tr>\n<tr>\n<td>Duraci\u00f3n de la bater\u00eda<\/td>\n<td>Aproximadamente 300 horas (12,5 d\u00edas) de funcionamiento continuo con la luz de fondo apagada<\/td>\n<\/tr>\n<tr>\n<td>Rango de ahorro de bater\u00eda (apagado autom\u00e1tico)<\/td>\n<td>Seleccionable de 1 a 30 minutos o se puede desactivar<\/td>\n<\/tr>\n<tr>\n<td>Seguridad<\/td>\n<td>IEC 60079-0, IEC 60079-11: Ex ib IIB T4 Gb; IEC 61010-1: Grado de contaminaci\u00f3n 2<\/td>\n<\/tr>\n<tr>\n<td>Compatibilidad electromagn\u00e9tica<\/td>\n<td>Internacional: IEC 61326-1: Equipo port\u00e1til; IEC 61326-2-2; CISPR 11: Grupo 1, Clase B<br \/>\nUSA (FCC): 47 CFR 15 subparte B. Este producto se considera un dispositivo exento seg\u00fan la cl\u00e1usula 15.103<\/td>\n<\/tr>\n<tr>\n<td>Dimensiones<\/td>\n<td>5 x 2,5 x 1,4&#8243; (125 x 62 x 35 mm)<\/td>\n<\/tr>\n<tr>\n<td>Tama\u00f1o de la sonda<\/td>\n<td>3\/16 x 9&#8243; (4,8 x 229 mm)<\/td>\n<\/tr>\n<tr>\n<td>Peso<\/td>\n<td>6,9 onzas (196 g)<\/td>\n<\/tr>\n<\/tbody>\n<\/table>\n","protected":false},"excerpt":{"rendered":"<p>El term\u00f3metro &#8220;Stik&#8221; proporciona un rango de temperatura de -58 a 320 \u00b0 F (-50 a 160 \u00b0 C) y ofrece mediciones de temperatura repetibles con una precisi\u00f3n de \u00b10.09 \u00b0 F (\u00b1 0.05 \u00b0 C). Est\u00e1 clasificado como intr\u00ednsecamente seguro para trabajar en ambientes interiores o exteriores donde pueden estar presentes gases potencialmente explosivos y es una excelente opci\u00f3n para entornos que no son potencialmente explosivos, as\u00ed como el piso de una planta de procesamiento. El term\u00f3metro que funciona con bater\u00edas es ideal para comprobaciones diarias de term\u00f3metros de trabajo, determinaci\u00f3n de temperatura de transferencia de custodia, calibraci\u00f3n de PET, calibraci\u00f3n LIG y calibraci\u00f3n y verificaci\u00f3n del transmisor de temperatura.<\/p>\n","protected":false},"featured_media":2431,"comment_status":"open","ping_status":"closed","template":"","meta":{"_joinchat":[]},"product_brand":[],"product_cat":[15],"product_tag":[],"class_list":{"0":"post-2430","1":"product","2":"type-product","3":"status-publish","4":"has-post-thumbnail","6":"product_cat-sin-categorizar","8":"first","9":"instock","10":"shipping-taxable","11":"product-type-simple"},"yoast_head":"<!-- This site is optimized with the Yoast SEO plugin v26.4 - https:\/\/yoast.com\/wordpress\/plugins\/seo\/ -->\n<title>term\u00f3metro stik intr\u00ednsecamente seguro fluke 1551a-9-dl con registro de datos, 9&quot;, -58 a 320 \u00b0f - Abaa tienda online<\/title>\n<meta name=\"robots\" content=\"index, follow, max-snippet:-1, max-image-preview:large, max-video-preview:-1\" \/>\n<link rel=\"canonical\" href=\"https:\/\/abaa.mx\/tienda\/termometro-stik-intrinsecamente-seguro-fluke-1551a-9-dl-con-registro-de-datos-9-58-a-320-f\/\" \/>\n<meta property=\"og:locale\" content=\"es_MX\" \/>\n<meta property=\"og:type\" content=\"article\" \/>\n<meta property=\"og:title\" content=\"term\u00f3metro stik intr\u00ednsecamente seguro fluke 1551a-9-dl con registro de datos, 9&quot;, -58 a 320 \u00b0f - Abaa tienda online\" \/>\n<meta property=\"og:description\" content=\"El term\u00f3metro &quot;Stik&quot; proporciona un rango de temperatura de -58 a 320 \u00b0 F (-50 a 160 \u00b0 C) y ofrece mediciones de temperatura repetibles con una precisi\u00f3n de \u00b10.09 \u00b0 F (\u00b1 0.05 \u00b0 C). Est\u00e1 clasificado como intr\u00ednsecamente seguro para trabajar en ambientes interiores o exteriores donde pueden estar presentes gases potencialmente explosivos y es una excelente opci\u00f3n para entornos que no son potencialmente explosivos, as\u00ed como el piso de una planta de procesamiento. El term\u00f3metro que funciona con bater\u00edas es ideal para comprobaciones diarias de term\u00f3metros de trabajo, determinaci\u00f3n de temperatura de transferencia de custodia, calibraci\u00f3n de PET, calibraci\u00f3n LIG y calibraci\u00f3n y verificaci\u00f3n del transmisor de temperatura.\" \/>\n<meta property=\"og:url\" content=\"https:\/\/abaa.mx\/tienda\/termometro-stik-intrinsecamente-seguro-fluke-1551a-9-dl-con-registro-de-datos-9-58-a-320-f\/\" \/>\n<meta property=\"og:site_name\" content=\"Abaa tienda online\" \/>\n<meta property=\"og:image\" content=\"https:\/\/abaa.mx\/tienda\/wp-content\/uploads\/2023\/09\/1551A-9-DL.jpg\" \/>\n\t<meta property=\"og:image:width\" content=\"950\" \/>\n\t<meta property=\"og:image:height\" content=\"950\" \/>\n\t<meta property=\"og:image:type\" content=\"image\/jpeg\" \/>\n<meta name=\"twitter:card\" content=\"summary_large_image\" \/>\n<meta name=\"twitter:label1\" content=\"Tiempo de lectura\" \/>\n\t<meta name=\"twitter:data1\" content=\"4 minutos\" \/>\n<script type=\"application\/ld+json\" class=\"yoast-schema-graph\">{\"@context\":\"https:\/\/schema.org\",\"@graph\":[{\"@type\":\"WebPage\",\"@id\":\"https:\/\/abaa.mx\/tienda\/termometro-stik-intrinsecamente-seguro-fluke-1551a-9-dl-con-registro-de-datos-9-58-a-320-f\/\",\"url\":\"https:\/\/abaa.mx\/tienda\/termometro-stik-intrinsecamente-seguro-fluke-1551a-9-dl-con-registro-de-datos-9-58-a-320-f\/\",\"name\":\"term\u00f3metro stik intr\u00ednsecamente seguro fluke 1551a-9-dl con registro de datos, 9\\\", -58 a 320 \u00b0f - Abaa tienda online\",\"isPartOf\":{\"@id\":\"https:\/\/abaa.mx\/tienda\/#website\"},\"primaryImageOfPage\":{\"@id\":\"https:\/\/abaa.mx\/tienda\/termometro-stik-intrinsecamente-seguro-fluke-1551a-9-dl-con-registro-de-datos-9-58-a-320-f\/#primaryimage\"},\"image\":{\"@id\":\"https:\/\/abaa.mx\/tienda\/termometro-stik-intrinsecamente-seguro-fluke-1551a-9-dl-con-registro-de-datos-9-58-a-320-f\/#primaryimage\"},\"thumbnailUrl\":\"https:\/\/abaa.mx\/tienda\/wp-content\/uploads\/2023\/09\/1551A-9-DL.jpg\",\"datePublished\":\"2023-09-21T15:58:41+00:00\",\"breadcrumb\":{\"@id\":\"https:\/\/abaa.mx\/tienda\/termometro-stik-intrinsecamente-seguro-fluke-1551a-9-dl-con-registro-de-datos-9-58-a-320-f\/#breadcrumb\"},\"inLanguage\":\"es\",\"potentialAction\":[{\"@type\":\"ReadAction\",\"target\":[\"https:\/\/abaa.mx\/tienda\/termometro-stik-intrinsecamente-seguro-fluke-1551a-9-dl-con-registro-de-datos-9-58-a-320-f\/\"]}]},{\"@type\":\"ImageObject\",\"inLanguage\":\"es\",\"@id\":\"https:\/\/abaa.mx\/tienda\/termometro-stik-intrinsecamente-seguro-fluke-1551a-9-dl-con-registro-de-datos-9-58-a-320-f\/#primaryimage\",\"url\":\"https:\/\/abaa.mx\/tienda\/wp-content\/uploads\/2023\/09\/1551A-9-DL.jpg\",\"contentUrl\":\"https:\/\/abaa.mx\/tienda\/wp-content\/uploads\/2023\/09\/1551A-9-DL.jpg\",\"width\":950,\"height\":950,\"caption\":\"1551A-9-DL\"},{\"@type\":\"BreadcrumbList\",\"@id\":\"https:\/\/abaa.mx\/tienda\/termometro-stik-intrinsecamente-seguro-fluke-1551a-9-dl-con-registro-de-datos-9-58-a-320-f\/#breadcrumb\",\"itemListElement\":[{\"@type\":\"ListItem\",\"position\":1,\"name\":\"Inicio\",\"item\":\"https:\/\/abaa.mx\/tienda\/\"},{\"@type\":\"ListItem\",\"position\":2,\"name\":\"Tienda\",\"item\":\"https:\/\/abaa.mx\/tienda\/\"},{\"@type\":\"ListItem\",\"position\":3,\"name\":\"term\u00f3metro stik intr\u00ednsecamente seguro fluke 1551a-9-dl con registro de datos, 9&#8243;, -58 a 320 \u00b0f\"}]},{\"@type\":\"WebSite\",\"@id\":\"https:\/\/abaa.mx\/tienda\/#website\",\"url\":\"https:\/\/abaa.mx\/tienda\/\",\"name\":\"Abaa tienda online\",\"description\":\"Instrumentos de medici\u00f3n\",\"publisher\":{\"@id\":\"https:\/\/abaa.mx\/tienda\/#organization\"},\"potentialAction\":[{\"@type\":\"SearchAction\",\"target\":{\"@type\":\"EntryPoint\",\"urlTemplate\":\"https:\/\/abaa.mx\/tienda\/?s={search_term_string}\"},\"query-input\":{\"@type\":\"PropertyValueSpecification\",\"valueRequired\":true,\"valueName\":\"search_term_string\"}}],\"inLanguage\":\"es\"},{\"@type\":\"Organization\",\"@id\":\"https:\/\/abaa.mx\/tienda\/#organization\",\"name\":\"Abaa tienda online\",\"url\":\"https:\/\/abaa.mx\/tienda\/\",\"logo\":{\"@type\":\"ImageObject\",\"inLanguage\":\"es\",\"@id\":\"https:\/\/abaa.mx\/tienda\/#\/schema\/logo\/image\/\",\"url\":\"https:\/\/abaa.mx\/tienda\/wp-content\/uploads\/2024\/01\/abaa-metrologia-tienda.png\",\"contentUrl\":\"https:\/\/abaa.mx\/tienda\/wp-content\/uploads\/2024\/01\/abaa-metrologia-tienda.png\",\"width\":300,\"height\":141,\"caption\":\"Abaa tienda online\"},\"image\":{\"@id\":\"https:\/\/abaa.mx\/tienda\/#\/schema\/logo\/image\/\"}}]}<\/script>\n<!-- \/ Yoast SEO plugin. -->","yoast_head_json":{"title":"term\u00f3metro stik intr\u00ednsecamente seguro fluke 1551a-9-dl con registro de datos, 9\", -58 a 320 \u00b0f - Abaa tienda online","robots":{"index":"index","follow":"follow","max-snippet":"max-snippet:-1","max-image-preview":"max-image-preview:large","max-video-preview":"max-video-preview:-1"},"canonical":"https:\/\/abaa.mx\/tienda\/termometro-stik-intrinsecamente-seguro-fluke-1551a-9-dl-con-registro-de-datos-9-58-a-320-f\/","og_locale":"es_MX","og_type":"article","og_title":"term\u00f3metro stik intr\u00ednsecamente seguro fluke 1551a-9-dl con registro de datos, 9\", -58 a 320 \u00b0f - Abaa tienda online","og_description":"El term\u00f3metro \"Stik\" proporciona un rango de temperatura de -58 a 320 \u00b0 F (-50 a 160 \u00b0 C) y ofrece mediciones de temperatura repetibles con una precisi\u00f3n de \u00b10.09 \u00b0 F (\u00b1 0.05 \u00b0 C). Est\u00e1 clasificado como intr\u00ednsecamente seguro para trabajar en ambientes interiores o exteriores donde pueden estar presentes gases potencialmente explosivos y es una excelente opci\u00f3n para entornos que no son potencialmente explosivos, as\u00ed como el piso de una planta de procesamiento. El term\u00f3metro que funciona con bater\u00edas es ideal para comprobaciones diarias de term\u00f3metros de trabajo, determinaci\u00f3n de temperatura de transferencia de custodia, calibraci\u00f3n de PET, calibraci\u00f3n LIG y calibraci\u00f3n y verificaci\u00f3n del transmisor de temperatura.","og_url":"https:\/\/abaa.mx\/tienda\/termometro-stik-intrinsecamente-seguro-fluke-1551a-9-dl-con-registro-de-datos-9-58-a-320-f\/","og_site_name":"Abaa tienda online","og_image":[{"width":950,"height":950,"url":"https:\/\/abaa.mx\/tienda\/wp-content\/uploads\/2023\/09\/1551A-9-DL.jpg","type":"image\/jpeg"}],"twitter_card":"summary_large_image","twitter_misc":{"Tiempo de lectura":"4 minutos"},"schema":{"@context":"https:\/\/schema.org","@graph":[{"@type":"WebPage","@id":"https:\/\/abaa.mx\/tienda\/termometro-stik-intrinsecamente-seguro-fluke-1551a-9-dl-con-registro-de-datos-9-58-a-320-f\/","url":"https:\/\/abaa.mx\/tienda\/termometro-stik-intrinsecamente-seguro-fluke-1551a-9-dl-con-registro-de-datos-9-58-a-320-f\/","name":"term\u00f3metro stik intr\u00ednsecamente seguro fluke 1551a-9-dl con registro de datos, 9\", -58 a 320 \u00b0f - Abaa tienda online","isPartOf":{"@id":"https:\/\/abaa.mx\/tienda\/#website"},"primaryImageOfPage":{"@id":"https:\/\/abaa.mx\/tienda\/termometro-stik-intrinsecamente-seguro-fluke-1551a-9-dl-con-registro-de-datos-9-58-a-320-f\/#primaryimage"},"image":{"@id":"https:\/\/abaa.mx\/tienda\/termometro-stik-intrinsecamente-seguro-fluke-1551a-9-dl-con-registro-de-datos-9-58-a-320-f\/#primaryimage"},"thumbnailUrl":"https:\/\/abaa.mx\/tienda\/wp-content\/uploads\/2023\/09\/1551A-9-DL.jpg","datePublished":"2023-09-21T15:58:41+00:00","breadcrumb":{"@id":"https:\/\/abaa.mx\/tienda\/termometro-stik-intrinsecamente-seguro-fluke-1551a-9-dl-con-registro-de-datos-9-58-a-320-f\/#breadcrumb"},"inLanguage":"es","potentialAction":[{"@type":"ReadAction","target":["https:\/\/abaa.mx\/tienda\/termometro-stik-intrinsecamente-seguro-fluke-1551a-9-dl-con-registro-de-datos-9-58-a-320-f\/"]}]},{"@type":"ImageObject","inLanguage":"es","@id":"https:\/\/abaa.mx\/tienda\/termometro-stik-intrinsecamente-seguro-fluke-1551a-9-dl-con-registro-de-datos-9-58-a-320-f\/#primaryimage","url":"https:\/\/abaa.mx\/tienda\/wp-content\/uploads\/2023\/09\/1551A-9-DL.jpg","contentUrl":"https:\/\/abaa.mx\/tienda\/wp-content\/uploads\/2023\/09\/1551A-9-DL.jpg","width":950,"height":950,"caption":"1551A-9-DL"},{"@type":"BreadcrumbList","@id":"https:\/\/abaa.mx\/tienda\/termometro-stik-intrinsecamente-seguro-fluke-1551a-9-dl-con-registro-de-datos-9-58-a-320-f\/#breadcrumb","itemListElement":[{"@type":"ListItem","position":1,"name":"Inicio","item":"https:\/\/abaa.mx\/tienda\/"},{"@type":"ListItem","position":2,"name":"Tienda","item":"https:\/\/abaa.mx\/tienda\/"},{"@type":"ListItem","position":3,"name":"term\u00f3metro stik intr\u00ednsecamente seguro fluke 1551a-9-dl con registro de datos, 9&#8243;, -58 a 320 \u00b0f"}]},{"@type":"WebSite","@id":"https:\/\/abaa.mx\/tienda\/#website","url":"https:\/\/abaa.mx\/tienda\/","name":"Abaa tienda online","description":"Instrumentos de medici\u00f3n","publisher":{"@id":"https:\/\/abaa.mx\/tienda\/#organization"},"potentialAction":[{"@type":"SearchAction","target":{"@type":"EntryPoint","urlTemplate":"https:\/\/abaa.mx\/tienda\/?s={search_term_string}"},"query-input":{"@type":"PropertyValueSpecification","valueRequired":true,"valueName":"search_term_string"}}],"inLanguage":"es"},{"@type":"Organization","@id":"https:\/\/abaa.mx\/tienda\/#organization","name":"Abaa tienda online","url":"https:\/\/abaa.mx\/tienda\/","logo":{"@type":"ImageObject","inLanguage":"es","@id":"https:\/\/abaa.mx\/tienda\/#\/schema\/logo\/image\/","url":"https:\/\/abaa.mx\/tienda\/wp-content\/uploads\/2024\/01\/abaa-metrologia-tienda.png","contentUrl":"https:\/\/abaa.mx\/tienda\/wp-content\/uploads\/2024\/01\/abaa-metrologia-tienda.png","width":300,"height":141,"caption":"Abaa tienda online"},"image":{"@id":"https:\/\/abaa.mx\/tienda\/#\/schema\/logo\/image\/"}}]}},"_links":{"self":[{"href":"https:\/\/abaa.mx\/tienda\/wp-json\/wp\/v2\/product\/2430","targetHints":{"allow":["GET"]}}],"collection":[{"href":"https:\/\/abaa.mx\/tienda\/wp-json\/wp\/v2\/product"}],"about":[{"href":"https:\/\/abaa.mx\/tienda\/wp-json\/wp\/v2\/types\/product"}],"replies":[{"embeddable":true,"href":"https:\/\/abaa.mx\/tienda\/wp-json\/wp\/v2\/comments?post=2430"}],"wp:featuredmedia":[{"embeddable":true,"href":"https:\/\/abaa.mx\/tienda\/wp-json\/wp\/v2\/media\/2431"}],"wp:attachment":[{"href":"https:\/\/abaa.mx\/tienda\/wp-json\/wp\/v2\/media?parent=2430"}],"wp:term":[{"taxonomy":"product_brand","embeddable":true,"href":"https:\/\/abaa.mx\/tienda\/wp-json\/wp\/v2\/product_brand?post=2430"},{"taxonomy":"product_cat","embeddable":true,"href":"https:\/\/abaa.mx\/tienda\/wp-json\/wp\/v2\/product_cat?post=2430"},{"taxonomy":"product_tag","embeddable":true,"href":"https:\/\/abaa.mx\/tienda\/wp-json\/wp\/v2\/product_tag?post=2430"}],"curies":[{"name":"wp","href":"https:\/\/api.w.org\/{rel}","templated":true}]}}