{"id":2409,"date":"2023-09-21T15:28:49","date_gmt":"2023-09-21T15:28:49","guid":{"rendered":"https:\/\/abaa.mx\/tienda\/?post_type=product&#038;p=2409"},"modified":"2023-11-28T16:09:36","modified_gmt":"2023-11-28T16:09:36","slug":"multimetro-industrial-fluke-27-ii-con-clasificacion-ip67","status":"publish","type":"product","link":"https:\/\/abaa.mx\/tienda\/multimetro-industrial-fluke-27-ii-con-clasificacion-ip67\/","title":{"rendered":"Mult\u00edmetro industrial fluke 27-ii con clasificaci\u00f3n ip67"},"content":{"rendered":"<p>&nbsp;<\/p>\n<p><strong>Funciones:<\/strong><\/p>\n<ul>\n<li>Protecci\u00f3n a prueba de agua y polvo IP 67, completamente sellada para su uso en entornos hostiles.<\/li>\n<li>Dise\u00f1ado para soportar una ca\u00edda de 3 metros (con funda).<\/li>\n<li>Voltaje y corriente promedio de respuesta para mediciones.<\/li>\n<li>Los botones del teclado retroiluminados permiten una f\u00e1cil visibilidad en \u00e1reas con poca luz.<\/li>\n<li>Grandes d\u00edgitos de pantalla y retroiluminaci\u00f3n blanca brillante de 2 niveles para una mayor visibilidad.<\/li>\n<li>Funda reversible para mayor protecci\u00f3n cuando no est\u00e1 en uso.<\/li>\n<li>Soporta picos peligrosos de 8.000 voltios causados por la conmutaci\u00f3n de carga y fallas en circuitos industriales y cumple con las normas de seguridad el\u00e9ctrica IEC y ANSI de segunda edici\u00f3n.<\/li>\n<li>Bater\u00eda de larga duraci\u00f3n (800 horas).<\/li>\n<li>Modo relativo para eliminar la resistencia del cable de prueba de las mediciones de ohmios bajos.<\/li>\n<li>Rango autom\u00e1tico y manual para una m\u00e1xima flexibilidad.<\/li>\n<li>Percha magn\u00e9tica opcional para una f\u00e1cil configuraci\u00f3n y visualizaci\u00f3n mientras libera sus manos para otras tareas.<\/li>\n<li>Aprobaci\u00f3n de MSHA.<\/li>\n<\/ul>\n<p>&nbsp;<\/p>\n<h4>Especificaciones de Fluke 27-II<\/h4>\n<table class=\"table table-striped\">\n<tbody>\n<tr>\n<td>Rango de voltaje de CC<\/td>\n<td>0,1 mV a 1000 V<\/td>\n<\/tr>\n<tr>\n<td>Precisi\u00f3n de voltaje de CC<\/td>\n<td>0.1 % +1<\/td>\n<\/tr>\n<tr>\n<td>Rango de voltaje de CA<\/td>\n<td>0,1 mV a 1000 V<\/td>\n<\/tr>\n<tr>\n<td>Precisi\u00f3n de voltaje de CA<\/td>\n<td>0.5 % +3<\/td>\n<\/tr>\n<tr>\n<td>Rango de corriente continua<\/td>\n<td>0,1 \u03bcA a 10 A<\/td>\n<\/tr>\n<tr>\n<td>Precisi\u00f3n de corriente continua<\/td>\n<td>0.2 % + 4<\/td>\n<\/tr>\n<tr>\n<td>Rango de corriente alterna<\/td>\n<td>0,1 \u03bcA a 10 A<\/td>\n<\/tr>\n<tr>\n<td>Precisi\u00f3n de corriente alterna<\/td>\n<td>1.5 % + 2<\/td>\n<\/tr>\n<tr>\n<td>Rango de resistencia<\/td>\n<td>0,1 \u03a9 a 50 M\u03a9<\/td>\n<\/tr>\n<tr>\n<td>Seguridad<\/td>\n<td>CAT IV 600 V, CAT III 1000<\/td>\n<\/tr>\n<tr>\n<td>Dimensiones<\/td>\n<td>8 x 3,75 x 2,2&#8243; (203 x 95 x 56 mm)<\/td>\n<\/tr>\n<tr>\n<td>Peso<\/td>\n<td>1,6 lb (0,75 kg)<\/td>\n<\/tr>\n<\/tbody>\n<\/table>\n","protected":false},"excerpt":{"rendered":"<p>Mult\u00edmetro digital AC \/ DC altamente duradero que ofrece protecci\u00f3n IP67 a prueba de agua y polvo y puede soportar una prueba de ca\u00edda de 10 pies \/ 3 m y viene con una garant\u00eda limitada de por vida. Ideal para aplicaciones industriales severas.<\/p>\n","protected":false},"featured_media":2420,"comment_status":"open","ping_status":"closed","template":"","meta":{"_joinchat":[]},"product_brand":[],"product_cat":[15],"product_tag":[],"class_list":{"0":"post-2409","1":"product","2":"type-product","3":"status-publish","4":"has-post-thumbnail","6":"product_cat-sin-categorizar","8":"first","9":"instock","10":"shipping-taxable","11":"product-type-simple"},"yoast_head":"<!-- This site is optimized with the Yoast SEO plugin v26.4 - https:\/\/yoast.com\/wordpress\/plugins\/seo\/ -->\n<title>Mult\u00edmetro industrial fluke 27-ii con clasificaci\u00f3n ip67 - Abaa tienda online<\/title>\n<meta name=\"robots\" content=\"index, follow, max-snippet:-1, max-image-preview:large, max-video-preview:-1\" \/>\n<link rel=\"canonical\" href=\"https:\/\/abaa.mx\/tienda\/multimetro-industrial-fluke-27-ii-con-clasificacion-ip67\/\" \/>\n<meta property=\"og:locale\" content=\"es_MX\" \/>\n<meta property=\"og:type\" content=\"article\" \/>\n<meta property=\"og:title\" content=\"Mult\u00edmetro industrial fluke 27-ii con clasificaci\u00f3n ip67 - Abaa tienda online\" \/>\n<meta property=\"og:description\" content=\"Mult\u00edmetro digital AC \/ DC altamente duradero que ofrece protecci\u00f3n IP67 a prueba de agua y polvo y puede soportar una prueba de ca\u00edda de 10 pies \/ 3 m y viene con una garant\u00eda limitada de por vida. Ideal para aplicaciones industriales severas.\" \/>\n<meta property=\"og:url\" content=\"https:\/\/abaa.mx\/tienda\/multimetro-industrial-fluke-27-ii-con-clasificacion-ip67\/\" \/>\n<meta property=\"og:site_name\" content=\"Abaa tienda online\" \/>\n<meta property=\"article:modified_time\" content=\"2023-11-28T16:09:36+00:00\" \/>\n<meta property=\"og:image\" content=\"https:\/\/abaa.mx\/tienda\/wp-content\/uploads\/2023\/09\/27-II.jpg\" \/>\n\t<meta property=\"og:image:width\" content=\"270\" \/>\n\t<meta property=\"og:image:height\" content=\"450\" \/>\n\t<meta property=\"og:image:type\" content=\"image\/jpeg\" \/>\n<meta name=\"twitter:card\" content=\"summary_large_image\" \/>\n<meta name=\"twitter:label1\" content=\"Tiempo de lectura\" \/>\n\t<meta name=\"twitter:data1\" content=\"2 minutos\" \/>\n<script type=\"application\/ld+json\" class=\"yoast-schema-graph\">{\"@context\":\"https:\/\/schema.org\",\"@graph\":[{\"@type\":\"WebPage\",\"@id\":\"https:\/\/abaa.mx\/tienda\/multimetro-industrial-fluke-27-ii-con-clasificacion-ip67\/\",\"url\":\"https:\/\/abaa.mx\/tienda\/multimetro-industrial-fluke-27-ii-con-clasificacion-ip67\/\",\"name\":\"Mult\u00edmetro industrial fluke 27-ii con clasificaci\u00f3n ip67 - Abaa tienda online\",\"isPartOf\":{\"@id\":\"https:\/\/abaa.mx\/tienda\/#website\"},\"primaryImageOfPage\":{\"@id\":\"https:\/\/abaa.mx\/tienda\/multimetro-industrial-fluke-27-ii-con-clasificacion-ip67\/#primaryimage\"},\"image\":{\"@id\":\"https:\/\/abaa.mx\/tienda\/multimetro-industrial-fluke-27-ii-con-clasificacion-ip67\/#primaryimage\"},\"thumbnailUrl\":\"https:\/\/abaa.mx\/tienda\/wp-content\/uploads\/2023\/09\/27-II.jpg\",\"datePublished\":\"2023-09-21T15:28:49+00:00\",\"dateModified\":\"2023-11-28T16:09:36+00:00\",\"breadcrumb\":{\"@id\":\"https:\/\/abaa.mx\/tienda\/multimetro-industrial-fluke-27-ii-con-clasificacion-ip67\/#breadcrumb\"},\"inLanguage\":\"es\",\"potentialAction\":[{\"@type\":\"ReadAction\",\"target\":[\"https:\/\/abaa.mx\/tienda\/multimetro-industrial-fluke-27-ii-con-clasificacion-ip67\/\"]}]},{\"@type\":\"ImageObject\",\"inLanguage\":\"es\",\"@id\":\"https:\/\/abaa.mx\/tienda\/multimetro-industrial-fluke-27-ii-con-clasificacion-ip67\/#primaryimage\",\"url\":\"https:\/\/abaa.mx\/tienda\/wp-content\/uploads\/2023\/09\/27-II.jpg\",\"contentUrl\":\"https:\/\/abaa.mx\/tienda\/wp-content\/uploads\/2023\/09\/27-II.jpg\",\"width\":270,\"height\":450,\"caption\":\"fluke-27-ii-con-clasificacion-ip67\"},{\"@type\":\"BreadcrumbList\",\"@id\":\"https:\/\/abaa.mx\/tienda\/multimetro-industrial-fluke-27-ii-con-clasificacion-ip67\/#breadcrumb\",\"itemListElement\":[{\"@type\":\"ListItem\",\"position\":1,\"name\":\"Inicio\",\"item\":\"https:\/\/abaa.mx\/tienda\/\"},{\"@type\":\"ListItem\",\"position\":2,\"name\":\"Tienda\",\"item\":\"https:\/\/abaa.mx\/tienda\/\"},{\"@type\":\"ListItem\",\"position\":3,\"name\":\"Mult\u00edmetro industrial fluke 27-ii con clasificaci\u00f3n ip67\"}]},{\"@type\":\"WebSite\",\"@id\":\"https:\/\/abaa.mx\/tienda\/#website\",\"url\":\"https:\/\/abaa.mx\/tienda\/\",\"name\":\"Abaa tienda online\",\"description\":\"Instrumentos de medici\u00f3n\",\"publisher\":{\"@id\":\"https:\/\/abaa.mx\/tienda\/#organization\"},\"potentialAction\":[{\"@type\":\"SearchAction\",\"target\":{\"@type\":\"EntryPoint\",\"urlTemplate\":\"https:\/\/abaa.mx\/tienda\/?s={search_term_string}\"},\"query-input\":{\"@type\":\"PropertyValueSpecification\",\"valueRequired\":true,\"valueName\":\"search_term_string\"}}],\"inLanguage\":\"es\"},{\"@type\":\"Organization\",\"@id\":\"https:\/\/abaa.mx\/tienda\/#organization\",\"name\":\"Abaa tienda online\",\"url\":\"https:\/\/abaa.mx\/tienda\/\",\"logo\":{\"@type\":\"ImageObject\",\"inLanguage\":\"es\",\"@id\":\"https:\/\/abaa.mx\/tienda\/#\/schema\/logo\/image\/\",\"url\":\"https:\/\/abaa.mx\/tienda\/wp-content\/uploads\/2024\/01\/abaa-metrologia-tienda.png\",\"contentUrl\":\"https:\/\/abaa.mx\/tienda\/wp-content\/uploads\/2024\/01\/abaa-metrologia-tienda.png\",\"width\":300,\"height\":141,\"caption\":\"Abaa tienda online\"},\"image\":{\"@id\":\"https:\/\/abaa.mx\/tienda\/#\/schema\/logo\/image\/\"}}]}<\/script>\n<!-- \/ Yoast SEO plugin. -->","yoast_head_json":{"title":"Mult\u00edmetro industrial fluke 27-ii con clasificaci\u00f3n ip67 - Abaa tienda online","robots":{"index":"index","follow":"follow","max-snippet":"max-snippet:-1","max-image-preview":"max-image-preview:large","max-video-preview":"max-video-preview:-1"},"canonical":"https:\/\/abaa.mx\/tienda\/multimetro-industrial-fluke-27-ii-con-clasificacion-ip67\/","og_locale":"es_MX","og_type":"article","og_title":"Mult\u00edmetro industrial fluke 27-ii con clasificaci\u00f3n ip67 - Abaa tienda online","og_description":"Mult\u00edmetro digital AC \/ DC altamente duradero que ofrece protecci\u00f3n IP67 a prueba de agua y polvo y puede soportar una prueba de ca\u00edda de 10 pies \/ 3 m y viene con una garant\u00eda limitada de por vida. Ideal para aplicaciones industriales severas.","og_url":"https:\/\/abaa.mx\/tienda\/multimetro-industrial-fluke-27-ii-con-clasificacion-ip67\/","og_site_name":"Abaa tienda online","article_modified_time":"2023-11-28T16:09:36+00:00","og_image":[{"width":270,"height":450,"url":"https:\/\/abaa.mx\/tienda\/wp-content\/uploads\/2023\/09\/27-II.jpg","type":"image\/jpeg"}],"twitter_card":"summary_large_image","twitter_misc":{"Tiempo de lectura":"2 minutos"},"schema":{"@context":"https:\/\/schema.org","@graph":[{"@type":"WebPage","@id":"https:\/\/abaa.mx\/tienda\/multimetro-industrial-fluke-27-ii-con-clasificacion-ip67\/","url":"https:\/\/abaa.mx\/tienda\/multimetro-industrial-fluke-27-ii-con-clasificacion-ip67\/","name":"Mult\u00edmetro industrial fluke 27-ii con clasificaci\u00f3n ip67 - Abaa tienda online","isPartOf":{"@id":"https:\/\/abaa.mx\/tienda\/#website"},"primaryImageOfPage":{"@id":"https:\/\/abaa.mx\/tienda\/multimetro-industrial-fluke-27-ii-con-clasificacion-ip67\/#primaryimage"},"image":{"@id":"https:\/\/abaa.mx\/tienda\/multimetro-industrial-fluke-27-ii-con-clasificacion-ip67\/#primaryimage"},"thumbnailUrl":"https:\/\/abaa.mx\/tienda\/wp-content\/uploads\/2023\/09\/27-II.jpg","datePublished":"2023-09-21T15:28:49+00:00","dateModified":"2023-11-28T16:09:36+00:00","breadcrumb":{"@id":"https:\/\/abaa.mx\/tienda\/multimetro-industrial-fluke-27-ii-con-clasificacion-ip67\/#breadcrumb"},"inLanguage":"es","potentialAction":[{"@type":"ReadAction","target":["https:\/\/abaa.mx\/tienda\/multimetro-industrial-fluke-27-ii-con-clasificacion-ip67\/"]}]},{"@type":"ImageObject","inLanguage":"es","@id":"https:\/\/abaa.mx\/tienda\/multimetro-industrial-fluke-27-ii-con-clasificacion-ip67\/#primaryimage","url":"https:\/\/abaa.mx\/tienda\/wp-content\/uploads\/2023\/09\/27-II.jpg","contentUrl":"https:\/\/abaa.mx\/tienda\/wp-content\/uploads\/2023\/09\/27-II.jpg","width":270,"height":450,"caption":"fluke-27-ii-con-clasificacion-ip67"},{"@type":"BreadcrumbList","@id":"https:\/\/abaa.mx\/tienda\/multimetro-industrial-fluke-27-ii-con-clasificacion-ip67\/#breadcrumb","itemListElement":[{"@type":"ListItem","position":1,"name":"Inicio","item":"https:\/\/abaa.mx\/tienda\/"},{"@type":"ListItem","position":2,"name":"Tienda","item":"https:\/\/abaa.mx\/tienda\/"},{"@type":"ListItem","position":3,"name":"Mult\u00edmetro industrial fluke 27-ii con clasificaci\u00f3n ip67"}]},{"@type":"WebSite","@id":"https:\/\/abaa.mx\/tienda\/#website","url":"https:\/\/abaa.mx\/tienda\/","name":"Abaa tienda online","description":"Instrumentos de medici\u00f3n","publisher":{"@id":"https:\/\/abaa.mx\/tienda\/#organization"},"potentialAction":[{"@type":"SearchAction","target":{"@type":"EntryPoint","urlTemplate":"https:\/\/abaa.mx\/tienda\/?s={search_term_string}"},"query-input":{"@type":"PropertyValueSpecification","valueRequired":true,"valueName":"search_term_string"}}],"inLanguage":"es"},{"@type":"Organization","@id":"https:\/\/abaa.mx\/tienda\/#organization","name":"Abaa tienda online","url":"https:\/\/abaa.mx\/tienda\/","logo":{"@type":"ImageObject","inLanguage":"es","@id":"https:\/\/abaa.mx\/tienda\/#\/schema\/logo\/image\/","url":"https:\/\/abaa.mx\/tienda\/wp-content\/uploads\/2024\/01\/abaa-metrologia-tienda.png","contentUrl":"https:\/\/abaa.mx\/tienda\/wp-content\/uploads\/2024\/01\/abaa-metrologia-tienda.png","width":300,"height":141,"caption":"Abaa tienda online"},"image":{"@id":"https:\/\/abaa.mx\/tienda\/#\/schema\/logo\/image\/"}}]}},"_links":{"self":[{"href":"https:\/\/abaa.mx\/tienda\/wp-json\/wp\/v2\/product\/2409","targetHints":{"allow":["GET"]}}],"collection":[{"href":"https:\/\/abaa.mx\/tienda\/wp-json\/wp\/v2\/product"}],"about":[{"href":"https:\/\/abaa.mx\/tienda\/wp-json\/wp\/v2\/types\/product"}],"replies":[{"embeddable":true,"href":"https:\/\/abaa.mx\/tienda\/wp-json\/wp\/v2\/comments?post=2409"}],"wp:featuredmedia":[{"embeddable":true,"href":"https:\/\/abaa.mx\/tienda\/wp-json\/wp\/v2\/media\/2420"}],"wp:attachment":[{"href":"https:\/\/abaa.mx\/tienda\/wp-json\/wp\/v2\/media?parent=2409"}],"wp:term":[{"taxonomy":"product_brand","embeddable":true,"href":"https:\/\/abaa.mx\/tienda\/wp-json\/wp\/v2\/product_brand?post=2409"},{"taxonomy":"product_cat","embeddable":true,"href":"https:\/\/abaa.mx\/tienda\/wp-json\/wp\/v2\/product_cat?post=2409"},{"taxonomy":"product_tag","embeddable":true,"href":"https:\/\/abaa.mx\/tienda\/wp-json\/wp\/v2\/product_tag?post=2409"}],"curies":[{"name":"wp","href":"https:\/\/api.w.org\/{rel}","templated":true}]}}