{"id":2383,"date":"2023-09-21T14:53:04","date_gmt":"2023-09-21T14:53:04","guid":{"rendered":"https:\/\/abaa.mx\/tienda\/?post_type=product&#038;p=2383"},"modified":"2023-11-28T16:34:53","modified_gmt":"2023-11-28T16:34:53","slug":"multimetro-de-aislamiento-fluke-1587-t","status":"publish","type":"product","link":"https:\/\/abaa.mx\/tienda\/multimetro-de-aislamiento-fluke-1587-t\/","title":{"rendered":"Mult\u00edmetro de aislamiento fluke 1587 t"},"content":{"rendered":"<p>&nbsp;<\/p>\n<p><strong>Funciones:<\/strong><\/p>\n<ul>\n<li>Voltaje y corriente RMS reales para mediciones precisas.<\/li>\n<li>Recuentos de pantallas digitales de 6000.<\/li>\n<li>Rango autom\u00e1tico y rango manual para facilitar las pruebas<\/li>\n<li>Filtro seleccionable para mediciones precisas de voltaje y frecuencia en el motor Unidades<\/li>\n<li>Sonda de control remoto especial para mediciones f\u00e1ciles y seguras<\/li>\n<li>Descarga autom\u00e1tica de voltaje capacitivo para mayor protecci\u00f3n del usuario<\/li>\n<li>La detecci\u00f3n de circuito activo evita la prueba de aislamiento si se detecta voltaje &gt; 30 V para Protecci\u00f3n de usuario a\u00f1adida<\/li>\n<li>Apagado autom\u00e1tico para ahorrar bater\u00edas<\/li>\n<li>Gran pantalla con retroiluminaci\u00f3n<\/li>\n<li>Alerta de entrada para advertir de conexiones incorrectas<\/li>\n<li>Continuidad.<\/li>\n<\/ul>\n<p>&nbsp;<\/p>\n<h4>Fluke 1587 T Especificaciones<\/h4>\n<table class=\"table table-striped\">\n<tbody>\n<tr>\n<td colspan=\"2\"><strong>Especificaciones de aislamiento<\/strong><\/td>\n<\/tr>\n<tr>\n<td>Rango de medici\u00f3n<\/td>\n<td>0,01 a 100 M\u03a9<\/td>\n<\/tr>\n<tr>\n<td>Voltajes de prueba<\/td>\n<td>50 V, 100 V<br \/>\nPrecisi\u00f3n: + 20%, -0%<\/td>\n<\/tr>\n<tr>\n<td>Corriente de prueba de aislamiento<\/td>\n<td>1 mA nominal<\/td>\n<\/tr>\n<tr>\n<td>Descarga autom\u00e1tica<\/td>\n<td>Tiempo de descarga &lt; 0.5 s para C = 1 \u03bcF o menos<\/td>\n<\/tr>\n<tr>\n<td>Carga capacitiva m\u00e1xima<\/td>\n<td>Hasta 1 \u03bcF de carga<\/td>\n<\/tr>\n<tr>\n<td colspan=\"2\"><strong>Especificaciones del mult\u00edmetro<\/strong><\/td>\n<\/tr>\n<tr>\n<td>Voltaje DC<\/td>\n<td>M\u00e1ximo: 1000 V<br \/>\nResoluci\u00f3n m\u00e1xima: 1 mV<br \/>\nPrecisi\u00f3n: \u00b1 (0.09% + 2)<\/td>\n<\/tr>\n<tr>\n<td>Voltaje AC<\/td>\n<td>M\u00e1ximo: 1000 V<br \/>\nResoluci\u00f3n m\u00e1xima: 0.1 mV<br \/>\nPrecisi\u00f3n: \u00b1 (2% + 3)<\/td>\n<\/tr>\n<tr>\n<td>DC actual<\/td>\n<td>M\u00e1ximo: 400 mA<br \/>\nResoluci\u00f3n m\u00e1xima: 0.01 mA<br \/>\nPrecisi\u00f3n: \u00b1 (0.2% + 2)<\/td>\n<\/tr>\n<tr>\n<td>AC actual<\/td>\n<td>M\u00e1ximo: 400 mA<br \/>\nResoluci\u00f3n m\u00e1xima: 0.01 mA<br \/>\nPrecisi\u00f3n: \u00b1 (1.5% + 2)<\/td>\n<\/tr>\n<tr>\n<td>Resistencia<\/td>\n<td>M\u00e1ximo: 50.0 M\u03a9<br \/>\nResoluci\u00f3n m\u00e1xima: 0.1 \u03a9<br \/>\nPrecisi\u00f3n: \u00b1 (0.9% + 2)<\/td>\n<\/tr>\n<tr>\n<td>Capacitancia<\/td>\n<td>M\u00e1ximo: 9999 \u03bcF<br \/>\nResoluci\u00f3n m\u00e1xima: 1 nF<br \/>\nPrecisi\u00f3n: \u00b1 (1.2% + 2)<\/td>\n<\/tr>\n<tr>\n<td>Frecuencia<\/td>\n<td>M\u00e1ximo: 99,99 kHz<br \/>\nResoluci\u00f3n m\u00e1xima: 0,01 Hz<br \/>\nPrecisi\u00f3n: \u00b1 (0,1% + 1)<\/td>\n<\/tr>\n<tr>\n<td>Temperatura<\/td>\n<td>M\u00e1ximo: -40 a 998.6 \u00b0F (-40 a 537 \u00b0C) Resoluci\u00f3n m\u00e1xima: 32.1 \u00b0 F (0.1 \u00b0 C) Precisi\u00f3n: \u00b1 (1% + 10)<\/td>\n<\/tr>\n<tr>\n<td colspan=\"2\"><strong>Especificaciones generales<\/strong><\/td>\n<\/tr>\n<tr>\n<td>Temperatura<\/td>\n<td>En funcionamiento: -4 a 131 \u00b0F (-20 a 55 \u00b0C) Almacenamiento: -40 a 140 \u00b0F (-40 a 60 \u00b0C)<\/td>\n<\/tr>\n<tr>\n<td>Fuente de alimentaci\u00f3n<\/td>\n<td>4 pilas AA (NEDA 15A o IEC LR6)<\/td>\n<\/tr>\n<tr>\n<td>Duraci\u00f3n de la bater\u00eda<\/td>\n<td>Medidor: 1000 hrs Prueba de<br \/>\naislamiento: &gt; 1000 pruebas<\/td>\n<\/tr>\n<tr>\n<td>Dimensiones<\/td>\n<td>8 x 4 x 2&#8243; (203 x 100 x 50 mm)<\/td>\n<\/tr>\n<tr>\n<td>Peso<\/td>\n<td>1,2 kg (0,55 lb)<\/td>\n<\/tr>\n<\/tbody>\n<\/table>\n","protected":false},"excerpt":{"rendered":"<p>Especialmente dise\u00f1ado para la industria de las telecomunicaciones, el mult\u00edmetro de aislamiento es confiable y f\u00e1cil de usar cuando se trabaja en motores, generadores, cables o interruptores. Con una gran pantalla de retroiluminaci\u00f3n y una descarga autom\u00e1tica de voltaje capacitivo, este medidor proporciona la m\u00e1xima versatilidad tanto para la resoluci\u00f3n de problemas como para el mantenimiento preventivo.<\/p>\n","protected":false},"featured_media":2404,"comment_status":"open","ping_status":"closed","template":"","meta":{"_joinchat":[]},"product_brand":[],"product_cat":[15],"product_tag":[],"class_list":{"0":"post-2383","1":"product","2":"type-product","3":"status-publish","4":"has-post-thumbnail","6":"product_cat-sin-categorizar","8":"first","9":"instock","10":"shipping-taxable","11":"product-type-simple"},"yoast_head":"<!-- This site is optimized with the Yoast SEO plugin v26.4 - https:\/\/yoast.com\/wordpress\/plugins\/seo\/ -->\n<title>Mult\u00edmetro de aislamiento fluke 1587 t - Abaa tienda online<\/title>\n<meta name=\"robots\" content=\"index, follow, max-snippet:-1, max-image-preview:large, max-video-preview:-1\" \/>\n<link rel=\"canonical\" href=\"https:\/\/abaa.mx\/tienda\/multimetro-de-aislamiento-fluke-1587-t\/\" \/>\n<meta property=\"og:locale\" content=\"es_MX\" \/>\n<meta property=\"og:type\" content=\"article\" \/>\n<meta property=\"og:title\" content=\"Mult\u00edmetro de aislamiento fluke 1587 t - Abaa tienda online\" \/>\n<meta property=\"og:description\" content=\"Especialmente dise\u00f1ado para la industria de las telecomunicaciones, el mult\u00edmetro de aislamiento es confiable y f\u00e1cil de usar cuando se trabaja en motores, generadores, cables o interruptores. Con una gran pantalla de retroiluminaci\u00f3n y una descarga autom\u00e1tica de voltaje capacitivo, este medidor proporciona la m\u00e1xima versatilidad tanto para la resoluci\u00f3n de problemas como para el mantenimiento preventivo.\" \/>\n<meta property=\"og:url\" content=\"https:\/\/abaa.mx\/tienda\/multimetro-de-aislamiento-fluke-1587-t\/\" \/>\n<meta property=\"og:site_name\" content=\"Abaa tienda online\" \/>\n<meta property=\"article:modified_time\" content=\"2023-11-28T16:34:53+00:00\" \/>\n<meta property=\"og:image\" content=\"https:\/\/abaa.mx\/tienda\/wp-content\/uploads\/2023\/09\/1587-T.jpg\" \/>\n\t<meta property=\"og:image:width\" content=\"945\" \/>\n\t<meta property=\"og:image:height\" content=\"1397\" \/>\n\t<meta property=\"og:image:type\" content=\"image\/jpeg\" \/>\n<meta name=\"twitter:card\" content=\"summary_large_image\" \/>\n<meta name=\"twitter:label1\" content=\"Tiempo de lectura\" \/>\n\t<meta name=\"twitter:data1\" content=\"2 minutos\" \/>\n<script type=\"application\/ld+json\" class=\"yoast-schema-graph\">{\"@context\":\"https:\/\/schema.org\",\"@graph\":[{\"@type\":\"WebPage\",\"@id\":\"https:\/\/abaa.mx\/tienda\/multimetro-de-aislamiento-fluke-1587-t\/\",\"url\":\"https:\/\/abaa.mx\/tienda\/multimetro-de-aislamiento-fluke-1587-t\/\",\"name\":\"Mult\u00edmetro de aislamiento fluke 1587 t - Abaa tienda online\",\"isPartOf\":{\"@id\":\"https:\/\/abaa.mx\/tienda\/#website\"},\"primaryImageOfPage\":{\"@id\":\"https:\/\/abaa.mx\/tienda\/multimetro-de-aislamiento-fluke-1587-t\/#primaryimage\"},\"image\":{\"@id\":\"https:\/\/abaa.mx\/tienda\/multimetro-de-aislamiento-fluke-1587-t\/#primaryimage\"},\"thumbnailUrl\":\"https:\/\/abaa.mx\/tienda\/wp-content\/uploads\/2023\/09\/1587-T.jpg\",\"datePublished\":\"2023-09-21T14:53:04+00:00\",\"dateModified\":\"2023-11-28T16:34:53+00:00\",\"breadcrumb\":{\"@id\":\"https:\/\/abaa.mx\/tienda\/multimetro-de-aislamiento-fluke-1587-t\/#breadcrumb\"},\"inLanguage\":\"es\",\"potentialAction\":[{\"@type\":\"ReadAction\",\"target\":[\"https:\/\/abaa.mx\/tienda\/multimetro-de-aislamiento-fluke-1587-t\/\"]}]},{\"@type\":\"ImageObject\",\"inLanguage\":\"es\",\"@id\":\"https:\/\/abaa.mx\/tienda\/multimetro-de-aislamiento-fluke-1587-t\/#primaryimage\",\"url\":\"https:\/\/abaa.mx\/tienda\/wp-content\/uploads\/2023\/09\/1587-T.jpg\",\"contentUrl\":\"https:\/\/abaa.mx\/tienda\/wp-content\/uploads\/2023\/09\/1587-T.jpg\",\"width\":945,\"height\":1397,\"caption\":\"fluke-1587-t\"},{\"@type\":\"BreadcrumbList\",\"@id\":\"https:\/\/abaa.mx\/tienda\/multimetro-de-aislamiento-fluke-1587-t\/#breadcrumb\",\"itemListElement\":[{\"@type\":\"ListItem\",\"position\":1,\"name\":\"Inicio\",\"item\":\"https:\/\/abaa.mx\/tienda\/\"},{\"@type\":\"ListItem\",\"position\":2,\"name\":\"Tienda\",\"item\":\"https:\/\/abaa.mx\/tienda\/\"},{\"@type\":\"ListItem\",\"position\":3,\"name\":\"Mult\u00edmetro de aislamiento fluke 1587 t\"}]},{\"@type\":\"WebSite\",\"@id\":\"https:\/\/abaa.mx\/tienda\/#website\",\"url\":\"https:\/\/abaa.mx\/tienda\/\",\"name\":\"Abaa tienda online\",\"description\":\"Instrumentos de medici\u00f3n\",\"publisher\":{\"@id\":\"https:\/\/abaa.mx\/tienda\/#organization\"},\"potentialAction\":[{\"@type\":\"SearchAction\",\"target\":{\"@type\":\"EntryPoint\",\"urlTemplate\":\"https:\/\/abaa.mx\/tienda\/?s={search_term_string}\"},\"query-input\":{\"@type\":\"PropertyValueSpecification\",\"valueRequired\":true,\"valueName\":\"search_term_string\"}}],\"inLanguage\":\"es\"},{\"@type\":\"Organization\",\"@id\":\"https:\/\/abaa.mx\/tienda\/#organization\",\"name\":\"Abaa tienda online\",\"url\":\"https:\/\/abaa.mx\/tienda\/\",\"logo\":{\"@type\":\"ImageObject\",\"inLanguage\":\"es\",\"@id\":\"https:\/\/abaa.mx\/tienda\/#\/schema\/logo\/image\/\",\"url\":\"https:\/\/abaa.mx\/tienda\/wp-content\/uploads\/2024\/01\/abaa-metrologia-tienda.png\",\"contentUrl\":\"https:\/\/abaa.mx\/tienda\/wp-content\/uploads\/2024\/01\/abaa-metrologia-tienda.png\",\"width\":300,\"height\":141,\"caption\":\"Abaa tienda online\"},\"image\":{\"@id\":\"https:\/\/abaa.mx\/tienda\/#\/schema\/logo\/image\/\"}}]}<\/script>\n<!-- \/ Yoast SEO plugin. -->","yoast_head_json":{"title":"Mult\u00edmetro de aislamiento fluke 1587 t - Abaa tienda online","robots":{"index":"index","follow":"follow","max-snippet":"max-snippet:-1","max-image-preview":"max-image-preview:large","max-video-preview":"max-video-preview:-1"},"canonical":"https:\/\/abaa.mx\/tienda\/multimetro-de-aislamiento-fluke-1587-t\/","og_locale":"es_MX","og_type":"article","og_title":"Mult\u00edmetro de aislamiento fluke 1587 t - Abaa tienda online","og_description":"Especialmente dise\u00f1ado para la industria de las telecomunicaciones, el mult\u00edmetro de aislamiento es confiable y f\u00e1cil de usar cuando se trabaja en motores, generadores, cables o interruptores. Con una gran pantalla de retroiluminaci\u00f3n y una descarga autom\u00e1tica de voltaje capacitivo, este medidor proporciona la m\u00e1xima versatilidad tanto para la resoluci\u00f3n de problemas como para el mantenimiento preventivo.","og_url":"https:\/\/abaa.mx\/tienda\/multimetro-de-aislamiento-fluke-1587-t\/","og_site_name":"Abaa tienda online","article_modified_time":"2023-11-28T16:34:53+00:00","og_image":[{"width":945,"height":1397,"url":"https:\/\/abaa.mx\/tienda\/wp-content\/uploads\/2023\/09\/1587-T.jpg","type":"image\/jpeg"}],"twitter_card":"summary_large_image","twitter_misc":{"Tiempo de lectura":"2 minutos"},"schema":{"@context":"https:\/\/schema.org","@graph":[{"@type":"WebPage","@id":"https:\/\/abaa.mx\/tienda\/multimetro-de-aislamiento-fluke-1587-t\/","url":"https:\/\/abaa.mx\/tienda\/multimetro-de-aislamiento-fluke-1587-t\/","name":"Mult\u00edmetro de aislamiento fluke 1587 t - Abaa tienda online","isPartOf":{"@id":"https:\/\/abaa.mx\/tienda\/#website"},"primaryImageOfPage":{"@id":"https:\/\/abaa.mx\/tienda\/multimetro-de-aislamiento-fluke-1587-t\/#primaryimage"},"image":{"@id":"https:\/\/abaa.mx\/tienda\/multimetro-de-aislamiento-fluke-1587-t\/#primaryimage"},"thumbnailUrl":"https:\/\/abaa.mx\/tienda\/wp-content\/uploads\/2023\/09\/1587-T.jpg","datePublished":"2023-09-21T14:53:04+00:00","dateModified":"2023-11-28T16:34:53+00:00","breadcrumb":{"@id":"https:\/\/abaa.mx\/tienda\/multimetro-de-aislamiento-fluke-1587-t\/#breadcrumb"},"inLanguage":"es","potentialAction":[{"@type":"ReadAction","target":["https:\/\/abaa.mx\/tienda\/multimetro-de-aislamiento-fluke-1587-t\/"]}]},{"@type":"ImageObject","inLanguage":"es","@id":"https:\/\/abaa.mx\/tienda\/multimetro-de-aislamiento-fluke-1587-t\/#primaryimage","url":"https:\/\/abaa.mx\/tienda\/wp-content\/uploads\/2023\/09\/1587-T.jpg","contentUrl":"https:\/\/abaa.mx\/tienda\/wp-content\/uploads\/2023\/09\/1587-T.jpg","width":945,"height":1397,"caption":"fluke-1587-t"},{"@type":"BreadcrumbList","@id":"https:\/\/abaa.mx\/tienda\/multimetro-de-aislamiento-fluke-1587-t\/#breadcrumb","itemListElement":[{"@type":"ListItem","position":1,"name":"Inicio","item":"https:\/\/abaa.mx\/tienda\/"},{"@type":"ListItem","position":2,"name":"Tienda","item":"https:\/\/abaa.mx\/tienda\/"},{"@type":"ListItem","position":3,"name":"Mult\u00edmetro de aislamiento fluke 1587 t"}]},{"@type":"WebSite","@id":"https:\/\/abaa.mx\/tienda\/#website","url":"https:\/\/abaa.mx\/tienda\/","name":"Abaa tienda online","description":"Instrumentos de medici\u00f3n","publisher":{"@id":"https:\/\/abaa.mx\/tienda\/#organization"},"potentialAction":[{"@type":"SearchAction","target":{"@type":"EntryPoint","urlTemplate":"https:\/\/abaa.mx\/tienda\/?s={search_term_string}"},"query-input":{"@type":"PropertyValueSpecification","valueRequired":true,"valueName":"search_term_string"}}],"inLanguage":"es"},{"@type":"Organization","@id":"https:\/\/abaa.mx\/tienda\/#organization","name":"Abaa tienda online","url":"https:\/\/abaa.mx\/tienda\/","logo":{"@type":"ImageObject","inLanguage":"es","@id":"https:\/\/abaa.mx\/tienda\/#\/schema\/logo\/image\/","url":"https:\/\/abaa.mx\/tienda\/wp-content\/uploads\/2024\/01\/abaa-metrologia-tienda.png","contentUrl":"https:\/\/abaa.mx\/tienda\/wp-content\/uploads\/2024\/01\/abaa-metrologia-tienda.png","width":300,"height":141,"caption":"Abaa tienda online"},"image":{"@id":"https:\/\/abaa.mx\/tienda\/#\/schema\/logo\/image\/"}}]}},"_links":{"self":[{"href":"https:\/\/abaa.mx\/tienda\/wp-json\/wp\/v2\/product\/2383","targetHints":{"allow":["GET"]}}],"collection":[{"href":"https:\/\/abaa.mx\/tienda\/wp-json\/wp\/v2\/product"}],"about":[{"href":"https:\/\/abaa.mx\/tienda\/wp-json\/wp\/v2\/types\/product"}],"replies":[{"embeddable":true,"href":"https:\/\/abaa.mx\/tienda\/wp-json\/wp\/v2\/comments?post=2383"}],"wp:featuredmedia":[{"embeddable":true,"href":"https:\/\/abaa.mx\/tienda\/wp-json\/wp\/v2\/media\/2404"}],"wp:attachment":[{"href":"https:\/\/abaa.mx\/tienda\/wp-json\/wp\/v2\/media?parent=2383"}],"wp:term":[{"taxonomy":"product_brand","embeddable":true,"href":"https:\/\/abaa.mx\/tienda\/wp-json\/wp\/v2\/product_brand?post=2383"},{"taxonomy":"product_cat","embeddable":true,"href":"https:\/\/abaa.mx\/tienda\/wp-json\/wp\/v2\/product_cat?post=2383"},{"taxonomy":"product_tag","embeddable":true,"href":"https:\/\/abaa.mx\/tienda\/wp-json\/wp\/v2\/product_tag?post=2383"}],"curies":[{"name":"wp","href":"https:\/\/api.w.org\/{rel}","templated":true}]}}