{"id":2382,"date":"2023-09-21T14:53:02","date_gmt":"2023-09-21T14:53:02","guid":{"rendered":"https:\/\/abaa.mx\/tienda\/?post_type=product&#038;p=2382"},"modified":"2023-11-28T19:42:53","modified_gmt":"2023-11-28T19:42:53","slug":"kit-combinado-para-tecnicos-de-hvac-r-fluke-116-62-max-2","status":"publish","type":"product","link":"https:\/\/abaa.mx\/tienda\/kit-combinado-para-tecnicos-de-hvac-r-fluke-116-62-max-2\/","title":{"rendered":"Viscos\u00edmetro Port\u00e1til Digital &#8211; Visco-A"},"content":{"rendered":"<p>Viscos\u00edmetro Port\u00e1til Digital &#8211; Visco-A.<\/p>\n","protected":false},"excerpt":{"rendered":"<p>Compacto y simple de transportar con una mano. El aparato puede operarse con pilas por lo que las mediciones tienen la posibilidad de tomarse en cualquier sitio. Pantalla completamente digital que deja a cualquier persona leer de manera f\u00e1cil los desenlaces.<\/p>\n<p>AT-VISCO fue galardonado con el premio &#8220;IBO 2016 Premios de Dise\u00f1o Industrial&#8221; en la categor\u00eda de &#8220;Dise\u00f1o de Instrumentos Met\u00f3dicos Port\u00e1tiles&#8221; de Bioinform\u00e1tica, Direcciones Estrat\u00e9gicas Internacionales. VISCO fue premiado por la excelencia en su funcionalidad y dise\u00f1o industrial<\/p>\n<p>Capaz de medir con s\u00f3lo una peque\u00f1a cantidad de exhibe. F\u00e1cil configuraci\u00f3n y operaci\u00f3n simple con un solo bot\u00f3n. Capaz de tomar medidas con recipientes que no sean los vasos de precipitados incluidos, tales como vasos de papel desechables.<\/p>\n","protected":false},"featured_media":9463,"comment_status":"open","ping_status":"closed","template":"","meta":{"_joinchat":[]},"product_brand":[],"product_cat":[15],"product_tag":[],"class_list":{"0":"post-2382","1":"product","2":"type-product","3":"status-publish","4":"has-post-thumbnail","6":"product_cat-sin-categorizar","8":"first","9":"instock","10":"shipping-taxable","11":"product-type-simple"},"yoast_head":"<!-- This site is optimized with the Yoast SEO plugin v26.4 - https:\/\/yoast.com\/wordpress\/plugins\/seo\/ -->\n<title>Viscos\u00edmetro Port\u00e1til Digital - Visco-A - Abaa tienda online<\/title>\n<meta name=\"robots\" content=\"index, follow, max-snippet:-1, max-image-preview:large, max-video-preview:-1\" \/>\n<link rel=\"canonical\" href=\"https:\/\/abaa.mx\/tienda\/kit-combinado-para-tecnicos-de-hvac-r-fluke-116-62-max-2\/\" \/>\n<meta property=\"og:locale\" content=\"es_MX\" \/>\n<meta property=\"og:type\" content=\"article\" \/>\n<meta property=\"og:title\" content=\"Viscos\u00edmetro Port\u00e1til Digital - Visco-A - Abaa tienda online\" \/>\n<meta property=\"og:description\" content=\"Compacto y simple de transportar con una mano. El aparato puede operarse con pilas por lo que las mediciones tienen la posibilidad de tomarse en cualquier sitio. Pantalla completamente digital que deja a cualquier persona leer de manera f\u00e1cil los desenlaces.  AT-VISCO fue galardonado con el premio &quot;IBO 2016 Premios de Dise\u00f1o Industrial&quot; en la categor\u00eda de &quot;Dise\u00f1o de Instrumentos Met\u00f3dicos Port\u00e1tiles&quot; de Bioinform\u00e1tica, Direcciones Estrat\u00e9gicas Internacionales. VISCO fue premiado por la excelencia en su funcionalidad y dise\u00f1o industrial  Capaz de medir con s\u00f3lo una peque\u00f1a cantidad de exhibe. F\u00e1cil configuraci\u00f3n y operaci\u00f3n simple con un solo bot\u00f3n. Capaz de tomar medidas con recipientes que no sean los vasos de precipitados incluidos, tales como vasos de papel desechables.\" \/>\n<meta property=\"og:url\" content=\"https:\/\/abaa.mx\/tienda\/kit-combinado-para-tecnicos-de-hvac-r-fluke-116-62-max-2\/\" \/>\n<meta property=\"og:site_name\" content=\"Abaa tienda online\" \/>\n<meta property=\"article:modified_time\" content=\"2023-11-28T19:42:53+00:00\" \/>\n<meta property=\"og:image\" content=\"https:\/\/abaa.mx\/tienda\/wp-content\/uploads\/2023\/09\/ATAGO-VISCO-A.jpg\" \/>\n\t<meta property=\"og:image:width\" content=\"345\" \/>\n\t<meta property=\"og:image:height\" content=\"396\" \/>\n\t<meta property=\"og:image:type\" content=\"image\/jpeg\" \/>\n<meta name=\"twitter:card\" content=\"summary_large_image\" \/>\n<meta name=\"twitter:label1\" content=\"Tiempo de lectura\" \/>\n\t<meta name=\"twitter:data1\" content=\"1 minuto\" \/>\n<script type=\"application\/ld+json\" class=\"yoast-schema-graph\">{\"@context\":\"https:\/\/schema.org\",\"@graph\":[{\"@type\":\"WebPage\",\"@id\":\"https:\/\/abaa.mx\/tienda\/kit-combinado-para-tecnicos-de-hvac-r-fluke-116-62-max-2\/\",\"url\":\"https:\/\/abaa.mx\/tienda\/kit-combinado-para-tecnicos-de-hvac-r-fluke-116-62-max-2\/\",\"name\":\"Viscos\u00edmetro Port\u00e1til Digital - Visco-A - Abaa tienda online\",\"isPartOf\":{\"@id\":\"https:\/\/abaa.mx\/tienda\/#website\"},\"primaryImageOfPage\":{\"@id\":\"https:\/\/abaa.mx\/tienda\/kit-combinado-para-tecnicos-de-hvac-r-fluke-116-62-max-2\/#primaryimage\"},\"image\":{\"@id\":\"https:\/\/abaa.mx\/tienda\/kit-combinado-para-tecnicos-de-hvac-r-fluke-116-62-max-2\/#primaryimage\"},\"thumbnailUrl\":\"https:\/\/abaa.mx\/tienda\/wp-content\/uploads\/2023\/09\/ATAGO-VISCO-A.jpg\",\"datePublished\":\"2023-09-21T14:53:02+00:00\",\"dateModified\":\"2023-11-28T19:42:53+00:00\",\"breadcrumb\":{\"@id\":\"https:\/\/abaa.mx\/tienda\/kit-combinado-para-tecnicos-de-hvac-r-fluke-116-62-max-2\/#breadcrumb\"},\"inLanguage\":\"es\",\"potentialAction\":[{\"@type\":\"ReadAction\",\"target\":[\"https:\/\/abaa.mx\/tienda\/kit-combinado-para-tecnicos-de-hvac-r-fluke-116-62-max-2\/\"]}]},{\"@type\":\"ImageObject\",\"inLanguage\":\"es\",\"@id\":\"https:\/\/abaa.mx\/tienda\/kit-combinado-para-tecnicos-de-hvac-r-fluke-116-62-max-2\/#primaryimage\",\"url\":\"https:\/\/abaa.mx\/tienda\/wp-content\/uploads\/2023\/09\/ATAGO-VISCO-A.jpg\",\"contentUrl\":\"https:\/\/abaa.mx\/tienda\/wp-content\/uploads\/2023\/09\/ATAGO-VISCO-A.jpg\",\"width\":345,\"height\":396,\"caption\":\"ATAGO-VISCO A\"},{\"@type\":\"BreadcrumbList\",\"@id\":\"https:\/\/abaa.mx\/tienda\/kit-combinado-para-tecnicos-de-hvac-r-fluke-116-62-max-2\/#breadcrumb\",\"itemListElement\":[{\"@type\":\"ListItem\",\"position\":1,\"name\":\"Inicio\",\"item\":\"https:\/\/abaa.mx\/tienda\/\"},{\"@type\":\"ListItem\",\"position\":2,\"name\":\"Tienda\",\"item\":\"https:\/\/abaa.mx\/tienda\/\"},{\"@type\":\"ListItem\",\"position\":3,\"name\":\"Viscos\u00edmetro Port\u00e1til Digital &#8211; Visco-A\"}]},{\"@type\":\"WebSite\",\"@id\":\"https:\/\/abaa.mx\/tienda\/#website\",\"url\":\"https:\/\/abaa.mx\/tienda\/\",\"name\":\"Abaa tienda online\",\"description\":\"Instrumentos de medici\u00f3n\",\"publisher\":{\"@id\":\"https:\/\/abaa.mx\/tienda\/#organization\"},\"potentialAction\":[{\"@type\":\"SearchAction\",\"target\":{\"@type\":\"EntryPoint\",\"urlTemplate\":\"https:\/\/abaa.mx\/tienda\/?s={search_term_string}\"},\"query-input\":{\"@type\":\"PropertyValueSpecification\",\"valueRequired\":true,\"valueName\":\"search_term_string\"}}],\"inLanguage\":\"es\"},{\"@type\":\"Organization\",\"@id\":\"https:\/\/abaa.mx\/tienda\/#organization\",\"name\":\"Abaa tienda online\",\"url\":\"https:\/\/abaa.mx\/tienda\/\",\"logo\":{\"@type\":\"ImageObject\",\"inLanguage\":\"es\",\"@id\":\"https:\/\/abaa.mx\/tienda\/#\/schema\/logo\/image\/\",\"url\":\"https:\/\/abaa.mx\/tienda\/wp-content\/uploads\/2024\/01\/abaa-metrologia-tienda.png\",\"contentUrl\":\"https:\/\/abaa.mx\/tienda\/wp-content\/uploads\/2024\/01\/abaa-metrologia-tienda.png\",\"width\":300,\"height\":141,\"caption\":\"Abaa tienda online\"},\"image\":{\"@id\":\"https:\/\/abaa.mx\/tienda\/#\/schema\/logo\/image\/\"}}]}<\/script>\n<!-- \/ Yoast SEO plugin. -->","yoast_head_json":{"title":"Viscos\u00edmetro Port\u00e1til Digital - Visco-A - Abaa tienda online","robots":{"index":"index","follow":"follow","max-snippet":"max-snippet:-1","max-image-preview":"max-image-preview:large","max-video-preview":"max-video-preview:-1"},"canonical":"https:\/\/abaa.mx\/tienda\/kit-combinado-para-tecnicos-de-hvac-r-fluke-116-62-max-2\/","og_locale":"es_MX","og_type":"article","og_title":"Viscos\u00edmetro Port\u00e1til Digital - Visco-A - Abaa tienda online","og_description":"Compacto y simple de transportar con una mano. El aparato puede operarse con pilas por lo que las mediciones tienen la posibilidad de tomarse en cualquier sitio. Pantalla completamente digital que deja a cualquier persona leer de manera f\u00e1cil los desenlaces.  AT-VISCO fue galardonado con el premio \"IBO 2016 Premios de Dise\u00f1o Industrial\" en la categor\u00eda de \"Dise\u00f1o de Instrumentos Met\u00f3dicos Port\u00e1tiles\" de Bioinform\u00e1tica, Direcciones Estrat\u00e9gicas Internacionales. VISCO fue premiado por la excelencia en su funcionalidad y dise\u00f1o industrial  Capaz de medir con s\u00f3lo una peque\u00f1a cantidad de exhibe. F\u00e1cil configuraci\u00f3n y operaci\u00f3n simple con un solo bot\u00f3n. Capaz de tomar medidas con recipientes que no sean los vasos de precipitados incluidos, tales como vasos de papel desechables.","og_url":"https:\/\/abaa.mx\/tienda\/kit-combinado-para-tecnicos-de-hvac-r-fluke-116-62-max-2\/","og_site_name":"Abaa tienda online","article_modified_time":"2023-11-28T19:42:53+00:00","og_image":[{"width":345,"height":396,"url":"https:\/\/abaa.mx\/tienda\/wp-content\/uploads\/2023\/09\/ATAGO-VISCO-A.jpg","type":"image\/jpeg"}],"twitter_card":"summary_large_image","twitter_misc":{"Tiempo de lectura":"1 minuto"},"schema":{"@context":"https:\/\/schema.org","@graph":[{"@type":"WebPage","@id":"https:\/\/abaa.mx\/tienda\/kit-combinado-para-tecnicos-de-hvac-r-fluke-116-62-max-2\/","url":"https:\/\/abaa.mx\/tienda\/kit-combinado-para-tecnicos-de-hvac-r-fluke-116-62-max-2\/","name":"Viscos\u00edmetro Port\u00e1til Digital - Visco-A - Abaa tienda online","isPartOf":{"@id":"https:\/\/abaa.mx\/tienda\/#website"},"primaryImageOfPage":{"@id":"https:\/\/abaa.mx\/tienda\/kit-combinado-para-tecnicos-de-hvac-r-fluke-116-62-max-2\/#primaryimage"},"image":{"@id":"https:\/\/abaa.mx\/tienda\/kit-combinado-para-tecnicos-de-hvac-r-fluke-116-62-max-2\/#primaryimage"},"thumbnailUrl":"https:\/\/abaa.mx\/tienda\/wp-content\/uploads\/2023\/09\/ATAGO-VISCO-A.jpg","datePublished":"2023-09-21T14:53:02+00:00","dateModified":"2023-11-28T19:42:53+00:00","breadcrumb":{"@id":"https:\/\/abaa.mx\/tienda\/kit-combinado-para-tecnicos-de-hvac-r-fluke-116-62-max-2\/#breadcrumb"},"inLanguage":"es","potentialAction":[{"@type":"ReadAction","target":["https:\/\/abaa.mx\/tienda\/kit-combinado-para-tecnicos-de-hvac-r-fluke-116-62-max-2\/"]}]},{"@type":"ImageObject","inLanguage":"es","@id":"https:\/\/abaa.mx\/tienda\/kit-combinado-para-tecnicos-de-hvac-r-fluke-116-62-max-2\/#primaryimage","url":"https:\/\/abaa.mx\/tienda\/wp-content\/uploads\/2023\/09\/ATAGO-VISCO-A.jpg","contentUrl":"https:\/\/abaa.mx\/tienda\/wp-content\/uploads\/2023\/09\/ATAGO-VISCO-A.jpg","width":345,"height":396,"caption":"ATAGO-VISCO A"},{"@type":"BreadcrumbList","@id":"https:\/\/abaa.mx\/tienda\/kit-combinado-para-tecnicos-de-hvac-r-fluke-116-62-max-2\/#breadcrumb","itemListElement":[{"@type":"ListItem","position":1,"name":"Inicio","item":"https:\/\/abaa.mx\/tienda\/"},{"@type":"ListItem","position":2,"name":"Tienda","item":"https:\/\/abaa.mx\/tienda\/"},{"@type":"ListItem","position":3,"name":"Viscos\u00edmetro Port\u00e1til Digital &#8211; Visco-A"}]},{"@type":"WebSite","@id":"https:\/\/abaa.mx\/tienda\/#website","url":"https:\/\/abaa.mx\/tienda\/","name":"Abaa tienda online","description":"Instrumentos de medici\u00f3n","publisher":{"@id":"https:\/\/abaa.mx\/tienda\/#organization"},"potentialAction":[{"@type":"SearchAction","target":{"@type":"EntryPoint","urlTemplate":"https:\/\/abaa.mx\/tienda\/?s={search_term_string}"},"query-input":{"@type":"PropertyValueSpecification","valueRequired":true,"valueName":"search_term_string"}}],"inLanguage":"es"},{"@type":"Organization","@id":"https:\/\/abaa.mx\/tienda\/#organization","name":"Abaa tienda online","url":"https:\/\/abaa.mx\/tienda\/","logo":{"@type":"ImageObject","inLanguage":"es","@id":"https:\/\/abaa.mx\/tienda\/#\/schema\/logo\/image\/","url":"https:\/\/abaa.mx\/tienda\/wp-content\/uploads\/2024\/01\/abaa-metrologia-tienda.png","contentUrl":"https:\/\/abaa.mx\/tienda\/wp-content\/uploads\/2024\/01\/abaa-metrologia-tienda.png","width":300,"height":141,"caption":"Abaa tienda online"},"image":{"@id":"https:\/\/abaa.mx\/tienda\/#\/schema\/logo\/image\/"}}]}},"_links":{"self":[{"href":"https:\/\/abaa.mx\/tienda\/wp-json\/wp\/v2\/product\/2382","targetHints":{"allow":["GET"]}}],"collection":[{"href":"https:\/\/abaa.mx\/tienda\/wp-json\/wp\/v2\/product"}],"about":[{"href":"https:\/\/abaa.mx\/tienda\/wp-json\/wp\/v2\/types\/product"}],"replies":[{"embeddable":true,"href":"https:\/\/abaa.mx\/tienda\/wp-json\/wp\/v2\/comments?post=2382"}],"wp:featuredmedia":[{"embeddable":true,"href":"https:\/\/abaa.mx\/tienda\/wp-json\/wp\/v2\/media\/9463"}],"wp:attachment":[{"href":"https:\/\/abaa.mx\/tienda\/wp-json\/wp\/v2\/media?parent=2382"}],"wp:term":[{"taxonomy":"product_brand","embeddable":true,"href":"https:\/\/abaa.mx\/tienda\/wp-json\/wp\/v2\/product_brand?post=2382"},{"taxonomy":"product_cat","embeddable":true,"href":"https:\/\/abaa.mx\/tienda\/wp-json\/wp\/v2\/product_cat?post=2382"},{"taxonomy":"product_tag","embeddable":true,"href":"https:\/\/abaa.mx\/tienda\/wp-json\/wp\/v2\/product_tag?post=2382"}],"curies":[{"name":"wp","href":"https:\/\/api.w.org\/{rel}","templated":true}]}}