{"id":2376,"date":"2023-09-21T14:25:46","date_gmt":"2023-09-21T14:25:46","guid":{"rendered":"https:\/\/abaa.mx\/tienda\/?post_type=product&#038;p=2376"},"modified":"2023-11-28T16:56:43","modified_gmt":"2023-11-28T16:56:43","slug":"kit-de-termometro-de-referencia-ir-fluke-1523-p4-con-estuche-de-transporte-2","status":"publish","type":"product","link":"https:\/\/abaa.mx\/tienda\/kit-de-termometro-de-referencia-ir-fluke-1523-p4-con-estuche-de-transporte-2\/","title":{"rendered":"kit de term\u00f3metro de referencia (ir) fluke 1523-p4 con estuche de transporte"},"content":{"rendered":"<p>&nbsp;<\/p>\n<p><strong>Funciones:<\/strong><\/p>\n<ul>\n<li>Cubra con confianza cualquier temperatura de \u2013200 a 420 \u00b0C con el term\u00f3metro de resistencia de platino 5615 incluido con calibraci\u00f3n acreditada.<\/li>\n<li>Proteja su inversi\u00f3n con un malet\u00edn de transporte resistente.<\/li>\n<li>Conecte cualquier termopar con conectores de minitermopar al adaptador de termopar universal para una medici\u00f3n conveniente.<\/li>\n<li>Resuelva casi cualquier problema de posicionamiento con el clip colgante magn\u00e9tico universal TPAK.<\/li>\n<\/ul>\n<p>&nbsp;<\/p>\n<p><strong>Aplicaciones:<\/strong><\/p>\n<ul>\n<li>T\u00e9cnicos de instrumentos.<\/li>\n<li>T\u00e9cnicos de Procesos.<\/li>\n<li>T\u00e9cnicos de calibraci\u00f3n.<\/li>\n<li>Investigadores en Industrias de Procesos.<\/li>\n<li>Farmac\u00e9utico.<\/li>\n<li>Plantas biotecnol\u00f3gicas.<\/li>\n<li>Fabricaci\u00f3n de dispositivos m\u00e9dicos.<\/li>\n<li>Generaci\u00f3n\/transmisi\u00f3n de energ\u00eda.<\/li>\n<li>Aeroespacial.<\/li>\n<\/ul>\n<h4><\/h4>\n<h4>Fluke 1523-P4 Especificaciones<\/h4>\n<table class=\"table table-striped\">\n<tbody>\n<tr>\n<td>Canales de entrada<\/td>\n<td>1<\/td>\n<\/tr>\n<tr>\n<td>Resoluci\u00f3n<\/td>\n<td>PRTs y termistores: 0.001\u00b0 Termopares: 0.01\u00b0<\/td>\n<\/tr>\n<tr>\n<td>Registro<\/td>\n<td>25 lecturas con estad\u00edsticas<\/td>\n<\/tr>\n<tr>\n<td>Intervalo de muestra (normal)<\/td>\n<td>1 segundo<\/td>\n<\/tr>\n<tr>\n<td>Intervalo de muestra t\u00edpico (modo r\u00e1pido)<\/td>\n<td>0.3 segundos<\/td>\n<\/tr>\n<tr>\n<td>Tipos de sensores<\/td>\n<td>PRT, RTD, termistores y termopares<\/td>\n<\/tr>\n<tr>\n<td>Tipos de termopares<\/td>\n<td>C, E, J, K, L, M, N, T, U, B, R, S<\/td>\n<\/tr>\n<tr>\n<td>Estad\u00edstica<\/td>\n<td>M\u00e1ximo, m\u00ednimo, promedio, desviaci\u00f3n est\u00e1ndar<\/td>\n<\/tr>\n<tr>\n<td>Tendencias<\/td>\n<td>Escala: \u00b118 \u00b0F (10 \u00b0C), \u00b11,8 \u00b0F (1 \u00b0C), \u00b10,18 \u00b0F (0,1 \u00b0C), \u00b10,018 \u00b0F (0,01 \u00b0C), 10 minutos de datos en tiempo real<\/td>\n<\/tr>\n<tr>\n<td>Requisitos de alimentaci\u00f3n<\/td>\n<td>3 pilas alcalinas AA, fuente de alimentaci\u00f3n universal de 12 V cc<\/td>\n<\/tr>\n<tr>\n<td>Interfaz de computadora<\/td>\n<td>Software RS-232, 9940 I\/O ToolKit incluido<\/td>\n<\/tr>\n<tr>\n<td>Condiciones ambientales para una mayor precisi\u00f3n<\/td>\n<td>55.4 a 91.4\u00b0F (13 a 33\u00b0C)<\/td>\n<\/tr>\n<tr>\n<td>Rango y precisi\u00f3n de milivoltios<\/td>\n<td>10 a 75 mV, \u00b1 (0,005% + 5 \u03bcV)<\/td>\n<\/tr>\n<tr>\n<td>Compensaci\u00f3n del cruce de referencia interno<\/td>\n<td>\u00b10.36\u00b0F (\u00b10.2\u00b0C)<\/td>\n<\/tr>\n<tr>\n<td>Rango de resistencia y precisi\u00f3n<\/td>\n<td>0 a 400 \u03a9 \u00b1 (0,004% + 0,002 \u03a9) 200 \u03a9 a 50 k\u03a9 \u00b1 (0,01% + 0,5 \u03a9)<\/p>\n<p>50 a 500 k\u03a9 \u00b1 (0,03 %)<\/td>\n<\/tr>\n<tr>\n<td>Coeficiente de temperatura, voltaje<\/td>\n<td>\u00b1(0.001%\/\u00b0C + 1 mV\/\u00b0C)<\/td>\n<\/tr>\n<tr>\n<td>Coeficiente de temperatura, resistencia<\/td>\n<td>0,0008%\/\u00b0C + 0,0004 \u03a9 (0 a 400 \u03a9) 0,002%\/\u00b0C + 0,1 \u03a9 (0 \u03a9 a 50 k\u03a9) 0,06%\/\u00b0C + 0,1 \u03a9 (50 a 500 k\u03a9)<\/td>\n<\/tr>\n<tr>\n<td>Corriente de excitaci\u00f3n, resistencia<\/td>\n<td>1 mA (0 a 400 \u03a9) 10 \u03bcA (0 \u03a9 a 50 k\u03a9) 2 \u03bcA (50 a 500 k\u03a9)<\/td>\n<\/tr>\n<tr>\n<td>Dimensiones<\/td>\n<td>3,75 x 7,9 x 1,86&#8243; (96 x 200 x 47 mm)<\/td>\n<\/tr>\n<tr>\n<td>Peso<\/td>\n<td>1,45 kg (0,65 lb)<\/td>\n<\/tr>\n<tr>\n<td>Seguridad<\/td>\n<td>EN61010-1:2001, CAN\/CSA C22.2 No. 61010.1-04<\/td>\n<\/tr>\n<\/tbody>\n<\/table>\n","protected":false},"excerpt":{"rendered":"<p>&nbsp;<\/p>\n<p><strong>Funciones:<\/strong><\/p>\n<ul>\n<li>Cubra con confianza cualquier temperatura de \u2013200 a 420 \u00b0C con el term\u00f3metro de resistencia de platino 5615 incluido con calibraci\u00f3n acreditada.<\/li>\n<li>Proteja su inversi\u00f3n con un malet\u00edn de transporte resistente.<\/li>\n<li>Conecte cualquier termopar con conectores de minitermopar al adaptador de termopar universal para una medici\u00f3n conveniente.<\/li>\n<li>Resuelva casi cualquier problema de posicionamiento con el clip colgante magn\u00e9tico universal TPAK.<\/li>\n<\/ul>\n","protected":false},"featured_media":2379,"comment_status":"open","ping_status":"closed","template":"","meta":{"_joinchat":[]},"product_brand":[],"product_cat":[15],"product_tag":[],"class_list":{"0":"post-2376","1":"product","2":"type-product","3":"status-publish","4":"has-post-thumbnail","6":"product_cat-sin-categorizar","8":"first","9":"instock","10":"shipping-taxable","11":"product-type-simple"},"yoast_head":"<!-- This site is optimized with the Yoast SEO plugin v26.4 - https:\/\/yoast.com\/wordpress\/plugins\/seo\/ -->\n<title>kit de term\u00f3metro de referencia (ir) fluke 1523-p4 con estuche de transporte - Abaa tienda online<\/title>\n<meta name=\"robots\" content=\"index, follow, max-snippet:-1, max-image-preview:large, max-video-preview:-1\" \/>\n<link rel=\"canonical\" href=\"https:\/\/abaa.mx\/tienda\/kit-de-termometro-de-referencia-ir-fluke-1523-p4-con-estuche-de-transporte-2\/\" \/>\n<meta property=\"og:locale\" content=\"es_MX\" \/>\n<meta property=\"og:type\" content=\"article\" \/>\n<meta property=\"og:title\" content=\"kit de term\u00f3metro de referencia (ir) fluke 1523-p4 con estuche de transporte - Abaa tienda online\" \/>\n<meta property=\"og:description\" content=\"&nbsp;  Funciones:   Cubra con confianza cualquier temperatura de \u2013200 a 420 \u00b0C con el term\u00f3metro de resistencia de platino 5615 incluido con calibraci\u00f3n acreditada.  Proteja su inversi\u00f3n con un malet\u00edn de transporte resistente.  Conecte cualquier termopar con conectores de minitermopar al adaptador de termopar universal para una medici\u00f3n conveniente.  Resuelva casi cualquier problema de posicionamiento con el clip colgante magn\u00e9tico universal TPAK.\" \/>\n<meta property=\"og:url\" content=\"https:\/\/abaa.mx\/tienda\/kit-de-termometro-de-referencia-ir-fluke-1523-p4-con-estuche-de-transporte-2\/\" \/>\n<meta property=\"og:site_name\" content=\"Abaa tienda online\" \/>\n<meta property=\"article:modified_time\" content=\"2023-11-28T16:56:43+00:00\" \/>\n<meta property=\"og:image\" content=\"https:\/\/abaa.mx\/tienda\/wp-content\/uploads\/2023\/09\/1524-P4.jpg\" \/>\n\t<meta property=\"og:image:width\" content=\"270\" \/>\n\t<meta property=\"og:image:height\" content=\"232\" \/>\n\t<meta property=\"og:image:type\" content=\"image\/jpeg\" \/>\n<meta name=\"twitter:card\" content=\"summary_large_image\" \/>\n<meta name=\"twitter:label1\" content=\"Tiempo de lectura\" \/>\n\t<meta name=\"twitter:data1\" content=\"2 minutos\" \/>\n<script type=\"application\/ld+json\" class=\"yoast-schema-graph\">{\"@context\":\"https:\/\/schema.org\",\"@graph\":[{\"@type\":\"WebPage\",\"@id\":\"https:\/\/abaa.mx\/tienda\/kit-de-termometro-de-referencia-ir-fluke-1523-p4-con-estuche-de-transporte-2\/\",\"url\":\"https:\/\/abaa.mx\/tienda\/kit-de-termometro-de-referencia-ir-fluke-1523-p4-con-estuche-de-transporte-2\/\",\"name\":\"kit de term\u00f3metro de referencia (ir) fluke 1523-p4 con estuche de transporte - Abaa tienda online\",\"isPartOf\":{\"@id\":\"https:\/\/abaa.mx\/tienda\/#website\"},\"primaryImageOfPage\":{\"@id\":\"https:\/\/abaa.mx\/tienda\/kit-de-termometro-de-referencia-ir-fluke-1523-p4-con-estuche-de-transporte-2\/#primaryimage\"},\"image\":{\"@id\":\"https:\/\/abaa.mx\/tienda\/kit-de-termometro-de-referencia-ir-fluke-1523-p4-con-estuche-de-transporte-2\/#primaryimage\"},\"thumbnailUrl\":\"https:\/\/abaa.mx\/tienda\/wp-content\/uploads\/2023\/09\/1524-P4.jpg\",\"datePublished\":\"2023-09-21T14:25:46+00:00\",\"dateModified\":\"2023-11-28T16:56:43+00:00\",\"breadcrumb\":{\"@id\":\"https:\/\/abaa.mx\/tienda\/kit-de-termometro-de-referencia-ir-fluke-1523-p4-con-estuche-de-transporte-2\/#breadcrumb\"},\"inLanguage\":\"es\",\"potentialAction\":[{\"@type\":\"ReadAction\",\"target\":[\"https:\/\/abaa.mx\/tienda\/kit-de-termometro-de-referencia-ir-fluke-1523-p4-con-estuche-de-transporte-2\/\"]}]},{\"@type\":\"ImageObject\",\"inLanguage\":\"es\",\"@id\":\"https:\/\/abaa.mx\/tienda\/kit-de-termometro-de-referencia-ir-fluke-1523-p4-con-estuche-de-transporte-2\/#primaryimage\",\"url\":\"https:\/\/abaa.mx\/tienda\/wp-content\/uploads\/2023\/09\/1524-P4.jpg\",\"contentUrl\":\"https:\/\/abaa.mx\/tienda\/wp-content\/uploads\/2023\/09\/1524-P4.jpg\",\"width\":270,\"height\":232,\"caption\":\"1524-P4\"},{\"@type\":\"BreadcrumbList\",\"@id\":\"https:\/\/abaa.mx\/tienda\/kit-de-termometro-de-referencia-ir-fluke-1523-p4-con-estuche-de-transporte-2\/#breadcrumb\",\"itemListElement\":[{\"@type\":\"ListItem\",\"position\":1,\"name\":\"Inicio\",\"item\":\"https:\/\/abaa.mx\/tienda\/\"},{\"@type\":\"ListItem\",\"position\":2,\"name\":\"Tienda\",\"item\":\"https:\/\/abaa.mx\/tienda\/\"},{\"@type\":\"ListItem\",\"position\":3,\"name\":\"kit de term\u00f3metro de referencia (ir) fluke 1523-p4 con estuche de transporte\"}]},{\"@type\":\"WebSite\",\"@id\":\"https:\/\/abaa.mx\/tienda\/#website\",\"url\":\"https:\/\/abaa.mx\/tienda\/\",\"name\":\"Abaa tienda online\",\"description\":\"Instrumentos de medici\u00f3n\",\"publisher\":{\"@id\":\"https:\/\/abaa.mx\/tienda\/#organization\"},\"potentialAction\":[{\"@type\":\"SearchAction\",\"target\":{\"@type\":\"EntryPoint\",\"urlTemplate\":\"https:\/\/abaa.mx\/tienda\/?s={search_term_string}\"},\"query-input\":{\"@type\":\"PropertyValueSpecification\",\"valueRequired\":true,\"valueName\":\"search_term_string\"}}],\"inLanguage\":\"es\"},{\"@type\":\"Organization\",\"@id\":\"https:\/\/abaa.mx\/tienda\/#organization\",\"name\":\"Abaa tienda online\",\"url\":\"https:\/\/abaa.mx\/tienda\/\",\"logo\":{\"@type\":\"ImageObject\",\"inLanguage\":\"es\",\"@id\":\"https:\/\/abaa.mx\/tienda\/#\/schema\/logo\/image\/\",\"url\":\"https:\/\/abaa.mx\/tienda\/wp-content\/uploads\/2024\/01\/abaa-metrologia-tienda.png\",\"contentUrl\":\"https:\/\/abaa.mx\/tienda\/wp-content\/uploads\/2024\/01\/abaa-metrologia-tienda.png\",\"width\":300,\"height\":141,\"caption\":\"Abaa tienda online\"},\"image\":{\"@id\":\"https:\/\/abaa.mx\/tienda\/#\/schema\/logo\/image\/\"}}]}<\/script>\n<!-- \/ Yoast SEO plugin. -->","yoast_head_json":{"title":"kit de term\u00f3metro de referencia (ir) fluke 1523-p4 con estuche de transporte - Abaa tienda online","robots":{"index":"index","follow":"follow","max-snippet":"max-snippet:-1","max-image-preview":"max-image-preview:large","max-video-preview":"max-video-preview:-1"},"canonical":"https:\/\/abaa.mx\/tienda\/kit-de-termometro-de-referencia-ir-fluke-1523-p4-con-estuche-de-transporte-2\/","og_locale":"es_MX","og_type":"article","og_title":"kit de term\u00f3metro de referencia (ir) fluke 1523-p4 con estuche de transporte - Abaa tienda online","og_description":"&nbsp;  Funciones:   Cubra con confianza cualquier temperatura de \u2013200 a 420 \u00b0C con el term\u00f3metro de resistencia de platino 5615 incluido con calibraci\u00f3n acreditada.  Proteja su inversi\u00f3n con un malet\u00edn de transporte resistente.  Conecte cualquier termopar con conectores de minitermopar al adaptador de termopar universal para una medici\u00f3n conveniente.  Resuelva casi cualquier problema de posicionamiento con el clip colgante magn\u00e9tico universal TPAK.","og_url":"https:\/\/abaa.mx\/tienda\/kit-de-termometro-de-referencia-ir-fluke-1523-p4-con-estuche-de-transporte-2\/","og_site_name":"Abaa tienda online","article_modified_time":"2023-11-28T16:56:43+00:00","og_image":[{"width":270,"height":232,"url":"https:\/\/abaa.mx\/tienda\/wp-content\/uploads\/2023\/09\/1524-P4.jpg","type":"image\/jpeg"}],"twitter_card":"summary_large_image","twitter_misc":{"Tiempo de lectura":"2 minutos"},"schema":{"@context":"https:\/\/schema.org","@graph":[{"@type":"WebPage","@id":"https:\/\/abaa.mx\/tienda\/kit-de-termometro-de-referencia-ir-fluke-1523-p4-con-estuche-de-transporte-2\/","url":"https:\/\/abaa.mx\/tienda\/kit-de-termometro-de-referencia-ir-fluke-1523-p4-con-estuche-de-transporte-2\/","name":"kit de term\u00f3metro de referencia (ir) fluke 1523-p4 con estuche de transporte - Abaa tienda online","isPartOf":{"@id":"https:\/\/abaa.mx\/tienda\/#website"},"primaryImageOfPage":{"@id":"https:\/\/abaa.mx\/tienda\/kit-de-termometro-de-referencia-ir-fluke-1523-p4-con-estuche-de-transporte-2\/#primaryimage"},"image":{"@id":"https:\/\/abaa.mx\/tienda\/kit-de-termometro-de-referencia-ir-fluke-1523-p4-con-estuche-de-transporte-2\/#primaryimage"},"thumbnailUrl":"https:\/\/abaa.mx\/tienda\/wp-content\/uploads\/2023\/09\/1524-P4.jpg","datePublished":"2023-09-21T14:25:46+00:00","dateModified":"2023-11-28T16:56:43+00:00","breadcrumb":{"@id":"https:\/\/abaa.mx\/tienda\/kit-de-termometro-de-referencia-ir-fluke-1523-p4-con-estuche-de-transporte-2\/#breadcrumb"},"inLanguage":"es","potentialAction":[{"@type":"ReadAction","target":["https:\/\/abaa.mx\/tienda\/kit-de-termometro-de-referencia-ir-fluke-1523-p4-con-estuche-de-transporte-2\/"]}]},{"@type":"ImageObject","inLanguage":"es","@id":"https:\/\/abaa.mx\/tienda\/kit-de-termometro-de-referencia-ir-fluke-1523-p4-con-estuche-de-transporte-2\/#primaryimage","url":"https:\/\/abaa.mx\/tienda\/wp-content\/uploads\/2023\/09\/1524-P4.jpg","contentUrl":"https:\/\/abaa.mx\/tienda\/wp-content\/uploads\/2023\/09\/1524-P4.jpg","width":270,"height":232,"caption":"1524-P4"},{"@type":"BreadcrumbList","@id":"https:\/\/abaa.mx\/tienda\/kit-de-termometro-de-referencia-ir-fluke-1523-p4-con-estuche-de-transporte-2\/#breadcrumb","itemListElement":[{"@type":"ListItem","position":1,"name":"Inicio","item":"https:\/\/abaa.mx\/tienda\/"},{"@type":"ListItem","position":2,"name":"Tienda","item":"https:\/\/abaa.mx\/tienda\/"},{"@type":"ListItem","position":3,"name":"kit de term\u00f3metro de referencia (ir) fluke 1523-p4 con estuche de transporte"}]},{"@type":"WebSite","@id":"https:\/\/abaa.mx\/tienda\/#website","url":"https:\/\/abaa.mx\/tienda\/","name":"Abaa tienda online","description":"Instrumentos de medici\u00f3n","publisher":{"@id":"https:\/\/abaa.mx\/tienda\/#organization"},"potentialAction":[{"@type":"SearchAction","target":{"@type":"EntryPoint","urlTemplate":"https:\/\/abaa.mx\/tienda\/?s={search_term_string}"},"query-input":{"@type":"PropertyValueSpecification","valueRequired":true,"valueName":"search_term_string"}}],"inLanguage":"es"},{"@type":"Organization","@id":"https:\/\/abaa.mx\/tienda\/#organization","name":"Abaa tienda online","url":"https:\/\/abaa.mx\/tienda\/","logo":{"@type":"ImageObject","inLanguage":"es","@id":"https:\/\/abaa.mx\/tienda\/#\/schema\/logo\/image\/","url":"https:\/\/abaa.mx\/tienda\/wp-content\/uploads\/2024\/01\/abaa-metrologia-tienda.png","contentUrl":"https:\/\/abaa.mx\/tienda\/wp-content\/uploads\/2024\/01\/abaa-metrologia-tienda.png","width":300,"height":141,"caption":"Abaa tienda online"},"image":{"@id":"https:\/\/abaa.mx\/tienda\/#\/schema\/logo\/image\/"}}]}},"_links":{"self":[{"href":"https:\/\/abaa.mx\/tienda\/wp-json\/wp\/v2\/product\/2376","targetHints":{"allow":["GET"]}}],"collection":[{"href":"https:\/\/abaa.mx\/tienda\/wp-json\/wp\/v2\/product"}],"about":[{"href":"https:\/\/abaa.mx\/tienda\/wp-json\/wp\/v2\/types\/product"}],"replies":[{"embeddable":true,"href":"https:\/\/abaa.mx\/tienda\/wp-json\/wp\/v2\/comments?post=2376"}],"wp:featuredmedia":[{"embeddable":true,"href":"https:\/\/abaa.mx\/tienda\/wp-json\/wp\/v2\/media\/2379"}],"wp:attachment":[{"href":"https:\/\/abaa.mx\/tienda\/wp-json\/wp\/v2\/media?parent=2376"}],"wp:term":[{"taxonomy":"product_brand","embeddable":true,"href":"https:\/\/abaa.mx\/tienda\/wp-json\/wp\/v2\/product_brand?post=2376"},{"taxonomy":"product_cat","embeddable":true,"href":"https:\/\/abaa.mx\/tienda\/wp-json\/wp\/v2\/product_cat?post=2376"},{"taxonomy":"product_tag","embeddable":true,"href":"https:\/\/abaa.mx\/tienda\/wp-json\/wp\/v2\/product_tag?post=2376"}],"curies":[{"name":"wp","href":"https:\/\/api.w.org\/{rel}","templated":true}]}}