{"id":2372,"date":"2023-09-21T14:27:34","date_gmt":"2023-09-21T14:27:34","guid":{"rendered":"https:\/\/abaa.mx\/tienda\/?post_type=product&#038;p=2372"},"modified":"2023-11-28T16:47:52","modified_gmt":"2023-11-28T16:47:52","slug":"kit-fluke-88v-a-multimetro-automotriz-kit-combinado","status":"publish","type":"product","link":"https:\/\/abaa.mx\/tienda\/kit-fluke-88v-a-multimetro-automotriz-kit-combinado\/","title":{"rendered":"Kit fluke 88v-a mult\u00edmetro automotriz kit combinado"},"content":{"rendered":"<h4><\/h4>\n<p>Reduzca los riesgos relacionados con sobretensiones y picos con este mult\u00edmetro automotriz que puede soportar impulsos de 8000 V. Adem\u00e1s, este mult\u00edmetro cumple con la 2\u00aa edici\u00f3n de ANSI\/ISA S82.01 y EN61010-1 CAT IV 600 V\/CAT III 1000 V y cuenta con m\u00e1s potencia de resoluci\u00f3n de problemas, seguridad, comodidad y protecci\u00f3n contra impactos.<\/p>\n<p>&nbsp;<\/p>\n<p><strong>Funciones:<\/strong><\/p>\n<ul>\n<li>El term\u00f3metro incorporado le permite tomar lecturas de temperatura convenientemente sin tener que llevar un instrumento separado.<\/li>\n<li>Percha magn\u00e9tica (incluida con el kit) para una f\u00e1cil configuraci\u00f3n y visualizaci\u00f3n mientras libera sus manos para otras tareas.<\/li>\n<li>Pico\/m\u00e1ximo m\u00ednimo para capturar eventos intermitentes tan cortos como 250 micro segundos.<\/li>\n<li>La pantalla de d\u00edgitos grandes con retroiluminaci\u00f3n brillante de dos niveles hace que este mult\u00edmetro sea significativamente m\u00e1s f\u00e1cil de leer que la versi\u00f3n anterior.<\/li>\n<li>6000 recuentos, 3-&lt;&gt;\/&lt;&gt; d\u00edgitos.<\/li>\n<li>Mide hasta 1000 V CA y CC.<\/li>\n<li>Mide hasta 10 y 20 A durante un m\u00e1ximo de 30 segundos.<\/li>\n<li>El term\u00f3metro incorporado le permite llevar una herramienta menos (sonda de temperatura incluida).<\/li>\n<li>Frecuencia hasta 200 kHz y % del ciclo de trabajo.<\/li>\n<li>Resistencia, continuidad.<\/li>\n<li>Mediciones de RPM con captaci\u00f3n inductiva.<\/li>\n<li>Mediciones de ancho de pulso de milisegundos para inyectores de combustible.<\/li>\n<li>Percha magn\u00e9tica para conectar el medidor al veh\u00edculo y liberar las manos para otras tareas.<\/li>\n<li>Rango de capacitancia de 10.000 \u03bcF para componentes y tapas de motor.<\/li>\n<li>Grabaci\u00f3n m\u00ednima\/m\u00e1xima-media con alerta m\u00ednima\/m\u00e1xima para capturar variaciones autom\u00e1ticamente.<\/li>\n<li>Captura de picos para registrar transitorios tan r\u00e1pidos como 250 \u03bcs.<\/li>\n<li>Modo relativo para eliminar la interferencia del cable de prueba de las mediciones de ohmios bajos.<\/li>\n<li>Rango autom\u00e1tico y manual para una m\u00e1xima flexibilidad.<\/li>\n<li>Toque Hold para capturar lecturas estables evitando se\u00f1ales ruidosas.<\/li>\n<li>Grandes d\u00edgitos de pantalla y retroiluminaci\u00f3n blanca brillante de dos niveles para una mayor visibilidad.<\/li>\n<li>Gr\u00e1fico de barras anal\u00f3gico para se\u00f1ales cambiantes o inestables.<\/li>\n<li>La alerta de entrada proporciona una advertencia audible contra el uso incorrecto de los conectores de entrada.<\/li>\n<li>Modo de suspensi\u00f3n seleccionable mejorado para una bater\u00eda de larga duraci\u00f3n.<\/li>\n<li>Puerta de acceso para cambios r\u00e1pidos de bater\u00eda sin abrir la carcasa.<\/li>\n<li>Dise\u00f1o &#8220;cl\u00e1sico&#8221; con nueva funda extra\u00edble con cable de prueba incorporado y almacenamiento de sonda.<\/li>\n<li>La impedancia de entrada de 10 megas ohmios no cargar\u00e1 circuitos<\/li>\n<li>0,1% de precisi\u00f3n de CC.<\/li>\n<li>Seguridad el\u00e9ctrica: Todas las entradas est\u00e1n protegidas a categor\u00eda III, 1000 V y categor\u00eda IV 600 V y pueden soportar impulsos superiores a 8000 V y reducir los riesgos relacionados con sobretensiones.<\/li>\n<li>Coloque el medidor en la ubicaci\u00f3n m\u00e1s utilizable con la percha magn\u00e9tica: la funda de este mult\u00edmetro acepta un im\u00e1n peque\u00f1o pero extremadamente potente (Fluke Tpak) que sostiene el medidor firmemente a la mayor\u00eda de las superficies de acero y le permite concentrarse en tomar medidas en lugar de sostener el medidor en la mano.<\/li>\n<\/ul>\n<p>&nbsp;<\/p>\n<p><strong>Aplicaciones:<\/strong><\/p>\n<ul>\n<li>Automotor.<\/li>\n<\/ul>\n<p>&nbsp;<\/p>\n<h4>Especificaciones del kit Fluke 88V\/A<\/h4>\n<table class=\"table table-striped\">\n<tbody>\n<tr>\n<td>AC3<\/td>\n<td>Voltaje m\u00e1ximo: 1000 V<br \/>\nPrecisi\u00f3n: \u00b1 (0.1% + 1)<br \/>\nMejor resoluci\u00f3n: 0.01 mV<\/td>\n<\/tr>\n<tr>\n<td>ACV<\/td>\n<td>Voltaje m\u00e1ximo: 1000 V<br \/>\nPrecisi\u00f3n: \u00b1 (0.5% + 2)<br \/>\nAncho de banda de CA: 5 kHz<br \/>\nMejor resoluci\u00f3n: 0.01 mV<\/td>\n<\/tr>\n<tr>\n<td>Actual<\/td>\n<td>DC: Amplificadores m\u00e1ximos: 10 A Precisi\u00f3n de amperios: \u00b1 (0.4% + 2) Mejor resoluci\u00f3n: 0.001 mA AC: Amplificadores m\u00e1ximos: 10 A Precisi\u00f3n de amperios: \u00b1 (1.2% + 2)<\/p>\n<p>Mejor resoluci\u00f3n:<\/p>\n<p>0.001 mA<\/td>\n<\/tr>\n<tr>\n<td>Resistencia<\/td>\n<td>M\u00e1ximo: 50 M\u03a9 Precisi\u00f3n: \u00b1 (0.4% + 1)<br \/>\nMejor resoluci\u00f3n: 0.1\u03a9<\/td>\n<\/tr>\n<tr>\n<td>Capacitancia<\/td>\n<td>M\u00e1ximo: 9999 \u03bcF Precisi\u00f3n: \u00b1 (1% + 2)<br \/>\nMejor resoluci\u00f3n: 0.01 nF<\/td>\n<\/tr>\n<tr>\n<td>Frecuencia<\/td>\n<td>M\u00e1ximo: 200 KHz<br \/>\nPrecisi\u00f3n: \u00b1 (0.005% + 1)<br \/>\nMejor resoluci\u00f3n: 0.01 Hz<\/td>\n<\/tr>\n<tr>\n<td>Ciclo de trabajo<\/td>\n<td>M\u00e1ximo: 99.9%Precisi\u00f3n: Dentro del 2% por KHz +0.1%Mejor resoluci\u00f3n: 0.1%<\/td>\n<\/tr>\n<tr>\n<td>Mediciones de temperatura<\/td>\n<td>-328 a 194 \u00b0F (-200 a 1090 \u00b0C), 1% excluyendo la sonda<\/td>\n<\/tr>\n<tr>\n<td>Sonda de temperatura de 80 BK<\/td>\n<td>-40 a 500 \u00b0F (-40 a 260 \u00b0C), 35.96 \u00b0F (2.2 \u00b0C) o 2%, lo que sea mayor<\/td>\n<\/tr>\n<tr>\n<td>Conductancia<\/td>\n<td>M\u00e1ximo: 60 nS<br \/>\nPrecisi\u00f3n: \u00b1 (1% + 10)<br \/>\nResoluci\u00f3n m\u00e1xima: 0.01 nS<\/td>\n<\/tr>\n<tr>\n<td>Rango de temperatura<\/td>\n<td>En funcionamiento: -4 a 131 \u00b0F (-20 a 55 \u00b0C)Almacenamiento: -40 a 140 \u00b0F (-40 a 60 \u00b0C)<\/td>\n<\/tr>\n<tr>\n<td>Dimensiones<\/td>\n<td>2,06 x 3,86 x 7,93&#8243; (5,2 x 9,8 x 20,1 cm)<\/td>\n<\/tr>\n<tr>\n<td>Peso<\/td>\n<td>22 onzas (624 g)<\/td>\n<\/tr>\n<\/tbody>\n<\/table>\n","protected":false},"excerpt":{"rendered":"<p>Resuelva problemas en veh\u00edculos convencionales e h\u00edbridos con este kit combinado de mult\u00edmetro automotriz que ha mejorado las funciones de medici\u00f3n, las funciones de soluci\u00f3n de problemas, la precisi\u00f3n y permite la m\u00e1xima productividad. Este kit viene con cables de prueba de silicona, pinzas de cocodrilo de largo alcance, sondas de prueba y RPM inductiva RPM 80.<\/p>\n","protected":false},"featured_media":2381,"comment_status":"open","ping_status":"closed","template":"","meta":{"_joinchat":[]},"product_brand":[],"product_cat":[15],"product_tag":[],"class_list":{"0":"post-2372","1":"product","2":"type-product","3":"status-publish","4":"has-post-thumbnail","6":"product_cat-sin-categorizar","8":"first","9":"instock","10":"shipping-taxable","11":"product-type-simple"},"yoast_head":"<!-- This site is optimized with the Yoast SEO plugin v26.4 - https:\/\/yoast.com\/wordpress\/plugins\/seo\/ -->\n<title>Kit fluke 88v-a mult\u00edmetro automotriz kit combinado - Abaa tienda online<\/title>\n<meta name=\"robots\" content=\"index, follow, max-snippet:-1, max-image-preview:large, max-video-preview:-1\" \/>\n<link rel=\"canonical\" href=\"https:\/\/abaa.mx\/tienda\/kit-fluke-88v-a-multimetro-automotriz-kit-combinado\/\" \/>\n<meta property=\"og:locale\" content=\"es_MX\" \/>\n<meta property=\"og:type\" content=\"article\" \/>\n<meta property=\"og:title\" content=\"Kit fluke 88v-a mult\u00edmetro automotriz kit combinado - Abaa tienda online\" \/>\n<meta property=\"og:description\" content=\"Resuelva problemas en veh\u00edculos convencionales e h\u00edbridos con este kit combinado de mult\u00edmetro automotriz que ha mejorado las funciones de medici\u00f3n, las funciones de soluci\u00f3n de problemas, la precisi\u00f3n y permite la m\u00e1xima productividad. Este kit viene con cables de prueba de silicona, pinzas de cocodrilo de largo alcance, sondas de prueba y RPM inductiva RPM 80.\" \/>\n<meta property=\"og:url\" content=\"https:\/\/abaa.mx\/tienda\/kit-fluke-88v-a-multimetro-automotriz-kit-combinado\/\" \/>\n<meta property=\"og:site_name\" content=\"Abaa tienda online\" \/>\n<meta property=\"article:modified_time\" content=\"2023-11-28T16:47:52+00:00\" \/>\n<meta property=\"og:image\" content=\"https:\/\/abaa.mx\/tienda\/wp-content\/uploads\/2023\/09\/88V-A-KIT.jpg\" \/>\n\t<meta property=\"og:image:width\" content=\"474\" \/>\n\t<meta property=\"og:image:height\" content=\"316\" \/>\n\t<meta property=\"og:image:type\" content=\"image\/jpeg\" \/>\n<meta name=\"twitter:card\" content=\"summary_large_image\" \/>\n<meta name=\"twitter:label1\" content=\"Tiempo de lectura\" \/>\n\t<meta name=\"twitter:data1\" content=\"4 minutos\" \/>\n<script type=\"application\/ld+json\" class=\"yoast-schema-graph\">{\"@context\":\"https:\/\/schema.org\",\"@graph\":[{\"@type\":\"WebPage\",\"@id\":\"https:\/\/abaa.mx\/tienda\/kit-fluke-88v-a-multimetro-automotriz-kit-combinado\/\",\"url\":\"https:\/\/abaa.mx\/tienda\/kit-fluke-88v-a-multimetro-automotriz-kit-combinado\/\",\"name\":\"Kit fluke 88v-a mult\u00edmetro automotriz kit combinado - Abaa tienda online\",\"isPartOf\":{\"@id\":\"https:\/\/abaa.mx\/tienda\/#website\"},\"primaryImageOfPage\":{\"@id\":\"https:\/\/abaa.mx\/tienda\/kit-fluke-88v-a-multimetro-automotriz-kit-combinado\/#primaryimage\"},\"image\":{\"@id\":\"https:\/\/abaa.mx\/tienda\/kit-fluke-88v-a-multimetro-automotriz-kit-combinado\/#primaryimage\"},\"thumbnailUrl\":\"https:\/\/abaa.mx\/tienda\/wp-content\/uploads\/2023\/09\/88V-A-KIT.jpg\",\"datePublished\":\"2023-09-21T14:27:34+00:00\",\"dateModified\":\"2023-11-28T16:47:52+00:00\",\"breadcrumb\":{\"@id\":\"https:\/\/abaa.mx\/tienda\/kit-fluke-88v-a-multimetro-automotriz-kit-combinado\/#breadcrumb\"},\"inLanguage\":\"es\",\"potentialAction\":[{\"@type\":\"ReadAction\",\"target\":[\"https:\/\/abaa.mx\/tienda\/kit-fluke-88v-a-multimetro-automotriz-kit-combinado\/\"]}]},{\"@type\":\"ImageObject\",\"inLanguage\":\"es\",\"@id\":\"https:\/\/abaa.mx\/tienda\/kit-fluke-88v-a-multimetro-automotriz-kit-combinado\/#primaryimage\",\"url\":\"https:\/\/abaa.mx\/tienda\/wp-content\/uploads\/2023\/09\/88V-A-KIT.jpg\",\"contentUrl\":\"https:\/\/abaa.mx\/tienda\/wp-content\/uploads\/2023\/09\/88V-A-KIT.jpg\",\"width\":474,\"height\":316,\"caption\":\"kit-fluke-88v-a-multimetro-automotriz-kit-combinado\"},{\"@type\":\"BreadcrumbList\",\"@id\":\"https:\/\/abaa.mx\/tienda\/kit-fluke-88v-a-multimetro-automotriz-kit-combinado\/#breadcrumb\",\"itemListElement\":[{\"@type\":\"ListItem\",\"position\":1,\"name\":\"Inicio\",\"item\":\"https:\/\/abaa.mx\/tienda\/\"},{\"@type\":\"ListItem\",\"position\":2,\"name\":\"Tienda\",\"item\":\"https:\/\/abaa.mx\/tienda\/\"},{\"@type\":\"ListItem\",\"position\":3,\"name\":\"Kit fluke 88v-a mult\u00edmetro automotriz kit combinado\"}]},{\"@type\":\"WebSite\",\"@id\":\"https:\/\/abaa.mx\/tienda\/#website\",\"url\":\"https:\/\/abaa.mx\/tienda\/\",\"name\":\"Abaa tienda online\",\"description\":\"Instrumentos de medici\u00f3n\",\"publisher\":{\"@id\":\"https:\/\/abaa.mx\/tienda\/#organization\"},\"potentialAction\":[{\"@type\":\"SearchAction\",\"target\":{\"@type\":\"EntryPoint\",\"urlTemplate\":\"https:\/\/abaa.mx\/tienda\/?s={search_term_string}\"},\"query-input\":{\"@type\":\"PropertyValueSpecification\",\"valueRequired\":true,\"valueName\":\"search_term_string\"}}],\"inLanguage\":\"es\"},{\"@type\":\"Organization\",\"@id\":\"https:\/\/abaa.mx\/tienda\/#organization\",\"name\":\"Abaa tienda online\",\"url\":\"https:\/\/abaa.mx\/tienda\/\",\"logo\":{\"@type\":\"ImageObject\",\"inLanguage\":\"es\",\"@id\":\"https:\/\/abaa.mx\/tienda\/#\/schema\/logo\/image\/\",\"url\":\"https:\/\/abaa.mx\/tienda\/wp-content\/uploads\/2024\/01\/abaa-metrologia-tienda.png\",\"contentUrl\":\"https:\/\/abaa.mx\/tienda\/wp-content\/uploads\/2024\/01\/abaa-metrologia-tienda.png\",\"width\":300,\"height\":141,\"caption\":\"Abaa tienda online\"},\"image\":{\"@id\":\"https:\/\/abaa.mx\/tienda\/#\/schema\/logo\/image\/\"}}]}<\/script>\n<!-- \/ Yoast SEO plugin. -->","yoast_head_json":{"title":"Kit fluke 88v-a mult\u00edmetro automotriz kit combinado - Abaa tienda online","robots":{"index":"index","follow":"follow","max-snippet":"max-snippet:-1","max-image-preview":"max-image-preview:large","max-video-preview":"max-video-preview:-1"},"canonical":"https:\/\/abaa.mx\/tienda\/kit-fluke-88v-a-multimetro-automotriz-kit-combinado\/","og_locale":"es_MX","og_type":"article","og_title":"Kit fluke 88v-a mult\u00edmetro automotriz kit combinado - Abaa tienda online","og_description":"Resuelva problemas en veh\u00edculos convencionales e h\u00edbridos con este kit combinado de mult\u00edmetro automotriz que ha mejorado las funciones de medici\u00f3n, las funciones de soluci\u00f3n de problemas, la precisi\u00f3n y permite la m\u00e1xima productividad. Este kit viene con cables de prueba de silicona, pinzas de cocodrilo de largo alcance, sondas de prueba y RPM inductiva RPM 80.","og_url":"https:\/\/abaa.mx\/tienda\/kit-fluke-88v-a-multimetro-automotriz-kit-combinado\/","og_site_name":"Abaa tienda online","article_modified_time":"2023-11-28T16:47:52+00:00","og_image":[{"width":474,"height":316,"url":"https:\/\/abaa.mx\/tienda\/wp-content\/uploads\/2023\/09\/88V-A-KIT.jpg","type":"image\/jpeg"}],"twitter_card":"summary_large_image","twitter_misc":{"Tiempo de lectura":"4 minutos"},"schema":{"@context":"https:\/\/schema.org","@graph":[{"@type":"WebPage","@id":"https:\/\/abaa.mx\/tienda\/kit-fluke-88v-a-multimetro-automotriz-kit-combinado\/","url":"https:\/\/abaa.mx\/tienda\/kit-fluke-88v-a-multimetro-automotriz-kit-combinado\/","name":"Kit fluke 88v-a mult\u00edmetro automotriz kit combinado - Abaa tienda online","isPartOf":{"@id":"https:\/\/abaa.mx\/tienda\/#website"},"primaryImageOfPage":{"@id":"https:\/\/abaa.mx\/tienda\/kit-fluke-88v-a-multimetro-automotriz-kit-combinado\/#primaryimage"},"image":{"@id":"https:\/\/abaa.mx\/tienda\/kit-fluke-88v-a-multimetro-automotriz-kit-combinado\/#primaryimage"},"thumbnailUrl":"https:\/\/abaa.mx\/tienda\/wp-content\/uploads\/2023\/09\/88V-A-KIT.jpg","datePublished":"2023-09-21T14:27:34+00:00","dateModified":"2023-11-28T16:47:52+00:00","breadcrumb":{"@id":"https:\/\/abaa.mx\/tienda\/kit-fluke-88v-a-multimetro-automotriz-kit-combinado\/#breadcrumb"},"inLanguage":"es","potentialAction":[{"@type":"ReadAction","target":["https:\/\/abaa.mx\/tienda\/kit-fluke-88v-a-multimetro-automotriz-kit-combinado\/"]}]},{"@type":"ImageObject","inLanguage":"es","@id":"https:\/\/abaa.mx\/tienda\/kit-fluke-88v-a-multimetro-automotriz-kit-combinado\/#primaryimage","url":"https:\/\/abaa.mx\/tienda\/wp-content\/uploads\/2023\/09\/88V-A-KIT.jpg","contentUrl":"https:\/\/abaa.mx\/tienda\/wp-content\/uploads\/2023\/09\/88V-A-KIT.jpg","width":474,"height":316,"caption":"kit-fluke-88v-a-multimetro-automotriz-kit-combinado"},{"@type":"BreadcrumbList","@id":"https:\/\/abaa.mx\/tienda\/kit-fluke-88v-a-multimetro-automotriz-kit-combinado\/#breadcrumb","itemListElement":[{"@type":"ListItem","position":1,"name":"Inicio","item":"https:\/\/abaa.mx\/tienda\/"},{"@type":"ListItem","position":2,"name":"Tienda","item":"https:\/\/abaa.mx\/tienda\/"},{"@type":"ListItem","position":3,"name":"Kit fluke 88v-a mult\u00edmetro automotriz kit combinado"}]},{"@type":"WebSite","@id":"https:\/\/abaa.mx\/tienda\/#website","url":"https:\/\/abaa.mx\/tienda\/","name":"Abaa tienda online","description":"Instrumentos de medici\u00f3n","publisher":{"@id":"https:\/\/abaa.mx\/tienda\/#organization"},"potentialAction":[{"@type":"SearchAction","target":{"@type":"EntryPoint","urlTemplate":"https:\/\/abaa.mx\/tienda\/?s={search_term_string}"},"query-input":{"@type":"PropertyValueSpecification","valueRequired":true,"valueName":"search_term_string"}}],"inLanguage":"es"},{"@type":"Organization","@id":"https:\/\/abaa.mx\/tienda\/#organization","name":"Abaa tienda online","url":"https:\/\/abaa.mx\/tienda\/","logo":{"@type":"ImageObject","inLanguage":"es","@id":"https:\/\/abaa.mx\/tienda\/#\/schema\/logo\/image\/","url":"https:\/\/abaa.mx\/tienda\/wp-content\/uploads\/2024\/01\/abaa-metrologia-tienda.png","contentUrl":"https:\/\/abaa.mx\/tienda\/wp-content\/uploads\/2024\/01\/abaa-metrologia-tienda.png","width":300,"height":141,"caption":"Abaa tienda online"},"image":{"@id":"https:\/\/abaa.mx\/tienda\/#\/schema\/logo\/image\/"}}]}},"_links":{"self":[{"href":"https:\/\/abaa.mx\/tienda\/wp-json\/wp\/v2\/product\/2372","targetHints":{"allow":["GET"]}}],"collection":[{"href":"https:\/\/abaa.mx\/tienda\/wp-json\/wp\/v2\/product"}],"about":[{"href":"https:\/\/abaa.mx\/tienda\/wp-json\/wp\/v2\/types\/product"}],"replies":[{"embeddable":true,"href":"https:\/\/abaa.mx\/tienda\/wp-json\/wp\/v2\/comments?post=2372"}],"wp:featuredmedia":[{"embeddable":true,"href":"https:\/\/abaa.mx\/tienda\/wp-json\/wp\/v2\/media\/2381"}],"wp:attachment":[{"href":"https:\/\/abaa.mx\/tienda\/wp-json\/wp\/v2\/media?parent=2372"}],"wp:term":[{"taxonomy":"product_brand","embeddable":true,"href":"https:\/\/abaa.mx\/tienda\/wp-json\/wp\/v2\/product_brand?post=2372"},{"taxonomy":"product_cat","embeddable":true,"href":"https:\/\/abaa.mx\/tienda\/wp-json\/wp\/v2\/product_cat?post=2372"},{"taxonomy":"product_tag","embeddable":true,"href":"https:\/\/abaa.mx\/tienda\/wp-json\/wp\/v2\/product_tag?post=2372"}],"curies":[{"name":"wp","href":"https:\/\/api.w.org\/{rel}","templated":true}]}}