{"id":2371,"date":"2023-09-21T14:27:30","date_gmt":"2023-09-21T14:27:30","guid":{"rendered":"https:\/\/abaa.mx\/tienda\/?post_type=product&#038;p=2371"},"modified":"2023-11-28T16:49:59","modified_gmt":"2023-11-28T16:49:59","slug":"multimetro-digital-de-precision-fluke-8808a-120v-5-5-120v","status":"publish","type":"product","link":"https:\/\/abaa.mx\/tienda\/multimetro-digital-de-precision-fluke-8808a-120v-5-5-120v\/","title":{"rendered":"Mult\u00edmetro digital de precisi\u00f3n fluke 8808a 120v, 5.5, 120v"},"content":{"rendered":"<h4><\/h4>\n<p>Este mult\u00edmetro cuenta con una amplia gama de funciones, midiendo voltios, ohmios y amperios con una precisi\u00f3n b\u00e1sica de V CC de 0.015%. Es notablemente f\u00e1cil de usar, incluso por operadores no calificados, porque hace que las mediciones que realiza con mayor frecuencia sean extremadamente f\u00e1ciles y r\u00e1pidas de hacer. Hay seis botones de configuraci\u00f3n en el panel frontal que funcionan como los ajustes preestablecidos de la estaci\u00f3n de radio de un autom\u00f3vil. Simplemente configure el medidor para una medici\u00f3n com\u00fan, luego presione shift seguido de un bot\u00f3n de configuraci\u00f3n (S1 a S6) para guardar la configuraci\u00f3n. Ahora, cada vez que realice esa medici\u00f3n, simplemente presione la tecla de configuraci\u00f3n adecuada. \u00a1As\u00ed de f\u00e1cil! Los botones de configuraci\u00f3n eliminan la necesidad de seguir hojas de instrucciones de trabajo complejas. Los operadores ya no necesitan presionar varios botones para configurar una funci\u00f3n de medici\u00f3n y rango, probar l\u00edmites o ingresar otros par\u00e1metros para realizar una medici\u00f3n.<\/p>\n<p>&nbsp;<\/p>\n<p><strong>Funciones<\/strong><\/p>\n<ul>\n<li>Resoluci\u00f3n de 5,5 d\u00edgitos.<\/li>\n<li>Precisi\u00f3n b\u00e1sica V CC de 0,015%.<\/li>\n<li>Pantalla dual.<\/li>\n<li>Medici\u00f3n de corriente de fuga de CC dedicada.<\/li>\n<li>T\u00e9cnica de medici\u00f3n de 2 hilos de 4 x 4 ohmios.<\/li>\n<li>Seis botones dedicados para un acceso r\u00e1pido a las configuraciones de instrumentos.<\/li>\n<li>Comparaci\u00f3n de l\u00edmites de alta \/ distancia para pruebas de aprobaci\u00f3n \/ falla.<\/li>\n<li>Tres a\u00f1os de garant\u00eda.<\/li>\n<\/ul>\n<p>&nbsp;<\/p>\n<h4>Fluke 8808A 120V Especificaciones<\/h4>\n<table class=\"table table-striped\">\n<tbody>\n<tr>\n<td colspan=\"2\"><strong>V CC<\/strong><\/td>\n<\/tr>\n<tr>\n<td>Gama<\/td>\n<td>200mV a 1000V<\/td>\n<\/tr>\n<tr>\n<td>Resoluci\u00f3n m\u00e1xima<\/td>\n<td>1uV<\/td>\n<\/tr>\n<tr>\n<td>Exactitud<\/td>\n<td>0.015 + 0.003<\/td>\n<\/tr>\n<tr>\n<td colspan=\"2\"><strong>V CA<\/strong><\/td>\n<\/tr>\n<tr>\n<td>Gama<\/td>\n<td>200mV a 750V<\/td>\n<\/tr>\n<tr>\n<td>Resoluci\u00f3n m\u00e1xima<\/td>\n<td>1uV<\/td>\n<\/tr>\n<tr>\n<td>Exactitud<\/td>\n<td>0.2 + 0.05<\/td>\n<\/tr>\n<tr>\n<td>Frecuencia<\/td>\n<td>20Hz a 100KHz<\/td>\n<\/tr>\n<tr>\n<td colspan=\"2\"><strong>Especificaciones generales<\/strong><\/td>\n<\/tr>\n<tr>\n<td>Seguridad<\/td>\n<td>Dise\u00f1ado para cumplir con EN 61010-1:2001, ANSI\/ISA 61010-1 (S82.02.01):2004, UL 61010-1:2004,<br \/>\nCAN\/CSA C22.2 No. 61010.1:2004<\/td>\n<\/tr>\n<tr>\n<td>Peso<\/td>\n<td>2,1 kg (4,6 lb)<\/td>\n<\/tr>\n<tr>\n<td>Garant\u00eda<\/td>\n<td>Un a\u00f1o<\/td>\n<\/tr>\n<tr>\n<td>Dimensiones<\/td>\n<td>88 x 217 x 297 mm (3,46 x 8,56 x 11,7&#8243;)<\/td>\n<\/tr>\n<\/tbody>\n<\/table>\n","protected":false},"excerpt":{"rendered":"<p>Ofrece una amplia gama de funcionalidades, desde la realizaci\u00f3n de pruebas, mediciones de voltios, ohmios y amperios hasta la realizaci\u00f3n de mediciones cr\u00edticas en puntos de prueba. Este mult\u00edmetro de precisi\u00f3n es realmente un mult\u00edmetro vers\u00e1til para aplicaciones de fabricaci\u00f3n, desarrollo y servicio.<\/p>\n","protected":false},"featured_media":2378,"comment_status":"open","ping_status":"closed","template":"","meta":{"_joinchat":[]},"product_brand":[],"product_cat":[15],"product_tag":[],"class_list":{"0":"post-2371","1":"product","2":"type-product","3":"status-publish","4":"has-post-thumbnail","6":"product_cat-sin-categorizar","8":"first","9":"instock","10":"shipping-taxable","11":"product-type-simple"},"yoast_head":"<!-- This site is optimized with the Yoast SEO plugin v26.4 - https:\/\/yoast.com\/wordpress\/plugins\/seo\/ -->\n<title>Mult\u00edmetro digital de precisi\u00f3n fluke 8808a 120v, 5.5, 120v - Abaa tienda online<\/title>\n<meta name=\"robots\" content=\"index, follow, max-snippet:-1, max-image-preview:large, max-video-preview:-1\" \/>\n<link rel=\"canonical\" href=\"https:\/\/abaa.mx\/tienda\/multimetro-digital-de-precision-fluke-8808a-120v-5-5-120v\/\" \/>\n<meta property=\"og:locale\" content=\"es_MX\" \/>\n<meta property=\"og:type\" content=\"article\" \/>\n<meta property=\"og:title\" content=\"Mult\u00edmetro digital de precisi\u00f3n fluke 8808a 120v, 5.5, 120v - Abaa tienda online\" \/>\n<meta property=\"og:description\" content=\"Ofrece una amplia gama de funcionalidades, desde la realizaci\u00f3n de pruebas, mediciones de voltios, ohmios y amperios hasta la realizaci\u00f3n de mediciones cr\u00edticas en puntos de prueba. Este mult\u00edmetro de precisi\u00f3n es realmente un mult\u00edmetro vers\u00e1til para aplicaciones de fabricaci\u00f3n, desarrollo y servicio.\" \/>\n<meta property=\"og:url\" content=\"https:\/\/abaa.mx\/tienda\/multimetro-digital-de-precision-fluke-8808a-120v-5-5-120v\/\" \/>\n<meta property=\"og:site_name\" content=\"Abaa tienda online\" \/>\n<meta property=\"article:modified_time\" content=\"2023-11-28T16:49:59+00:00\" \/>\n<meta property=\"og:image\" content=\"https:\/\/abaa.mx\/tienda\/wp-content\/uploads\/2023\/09\/8808A.jpg\" \/>\n\t<meta property=\"og:image:width\" content=\"1200\" \/>\n\t<meta property=\"og:image:height\" content=\"1372\" \/>\n\t<meta property=\"og:image:type\" content=\"image\/jpeg\" \/>\n<meta name=\"twitter:card\" content=\"summary_large_image\" \/>\n<meta name=\"twitter:label1\" content=\"Tiempo de lectura\" \/>\n\t<meta name=\"twitter:data1\" content=\"2 minutos\" \/>\n<script type=\"application\/ld+json\" class=\"yoast-schema-graph\">{\"@context\":\"https:\/\/schema.org\",\"@graph\":[{\"@type\":\"WebPage\",\"@id\":\"https:\/\/abaa.mx\/tienda\/multimetro-digital-de-precision-fluke-8808a-120v-5-5-120v\/\",\"url\":\"https:\/\/abaa.mx\/tienda\/multimetro-digital-de-precision-fluke-8808a-120v-5-5-120v\/\",\"name\":\"Mult\u00edmetro digital de precisi\u00f3n fluke 8808a 120v, 5.5, 120v - Abaa tienda online\",\"isPartOf\":{\"@id\":\"https:\/\/abaa.mx\/tienda\/#website\"},\"primaryImageOfPage\":{\"@id\":\"https:\/\/abaa.mx\/tienda\/multimetro-digital-de-precision-fluke-8808a-120v-5-5-120v\/#primaryimage\"},\"image\":{\"@id\":\"https:\/\/abaa.mx\/tienda\/multimetro-digital-de-precision-fluke-8808a-120v-5-5-120v\/#primaryimage\"},\"thumbnailUrl\":\"https:\/\/abaa.mx\/tienda\/wp-content\/uploads\/2023\/09\/8808A.jpg\",\"datePublished\":\"2023-09-21T14:27:30+00:00\",\"dateModified\":\"2023-11-28T16:49:59+00:00\",\"breadcrumb\":{\"@id\":\"https:\/\/abaa.mx\/tienda\/multimetro-digital-de-precision-fluke-8808a-120v-5-5-120v\/#breadcrumb\"},\"inLanguage\":\"es\",\"potentialAction\":[{\"@type\":\"ReadAction\",\"target\":[\"https:\/\/abaa.mx\/tienda\/multimetro-digital-de-precision-fluke-8808a-120v-5-5-120v\/\"]}]},{\"@type\":\"ImageObject\",\"inLanguage\":\"es\",\"@id\":\"https:\/\/abaa.mx\/tienda\/multimetro-digital-de-precision-fluke-8808a-120v-5-5-120v\/#primaryimage\",\"url\":\"https:\/\/abaa.mx\/tienda\/wp-content\/uploads\/2023\/09\/8808A.jpg\",\"contentUrl\":\"https:\/\/abaa.mx\/tienda\/wp-content\/uploads\/2023\/09\/8808A.jpg\",\"width\":1200,\"height\":1372,\"caption\":\"fluke-8808a-120v-5-5-120v\"},{\"@type\":\"BreadcrumbList\",\"@id\":\"https:\/\/abaa.mx\/tienda\/multimetro-digital-de-precision-fluke-8808a-120v-5-5-120v\/#breadcrumb\",\"itemListElement\":[{\"@type\":\"ListItem\",\"position\":1,\"name\":\"Inicio\",\"item\":\"https:\/\/abaa.mx\/tienda\/\"},{\"@type\":\"ListItem\",\"position\":2,\"name\":\"Tienda\",\"item\":\"https:\/\/abaa.mx\/tienda\/\"},{\"@type\":\"ListItem\",\"position\":3,\"name\":\"Mult\u00edmetro digital de precisi\u00f3n fluke 8808a 120v, 5.5, 120v\"}]},{\"@type\":\"WebSite\",\"@id\":\"https:\/\/abaa.mx\/tienda\/#website\",\"url\":\"https:\/\/abaa.mx\/tienda\/\",\"name\":\"Abaa tienda online\",\"description\":\"Instrumentos de medici\u00f3n\",\"publisher\":{\"@id\":\"https:\/\/abaa.mx\/tienda\/#organization\"},\"potentialAction\":[{\"@type\":\"SearchAction\",\"target\":{\"@type\":\"EntryPoint\",\"urlTemplate\":\"https:\/\/abaa.mx\/tienda\/?s={search_term_string}\"},\"query-input\":{\"@type\":\"PropertyValueSpecification\",\"valueRequired\":true,\"valueName\":\"search_term_string\"}}],\"inLanguage\":\"es\"},{\"@type\":\"Organization\",\"@id\":\"https:\/\/abaa.mx\/tienda\/#organization\",\"name\":\"Abaa tienda online\",\"url\":\"https:\/\/abaa.mx\/tienda\/\",\"logo\":{\"@type\":\"ImageObject\",\"inLanguage\":\"es\",\"@id\":\"https:\/\/abaa.mx\/tienda\/#\/schema\/logo\/image\/\",\"url\":\"https:\/\/abaa.mx\/tienda\/wp-content\/uploads\/2024\/01\/abaa-metrologia-tienda.png\",\"contentUrl\":\"https:\/\/abaa.mx\/tienda\/wp-content\/uploads\/2024\/01\/abaa-metrologia-tienda.png\",\"width\":300,\"height\":141,\"caption\":\"Abaa tienda online\"},\"image\":{\"@id\":\"https:\/\/abaa.mx\/tienda\/#\/schema\/logo\/image\/\"}}]}<\/script>\n<!-- \/ Yoast SEO plugin. -->","yoast_head_json":{"title":"Mult\u00edmetro digital de precisi\u00f3n fluke 8808a 120v, 5.5, 120v - Abaa tienda online","robots":{"index":"index","follow":"follow","max-snippet":"max-snippet:-1","max-image-preview":"max-image-preview:large","max-video-preview":"max-video-preview:-1"},"canonical":"https:\/\/abaa.mx\/tienda\/multimetro-digital-de-precision-fluke-8808a-120v-5-5-120v\/","og_locale":"es_MX","og_type":"article","og_title":"Mult\u00edmetro digital de precisi\u00f3n fluke 8808a 120v, 5.5, 120v - Abaa tienda online","og_description":"Ofrece una amplia gama de funcionalidades, desde la realizaci\u00f3n de pruebas, mediciones de voltios, ohmios y amperios hasta la realizaci\u00f3n de mediciones cr\u00edticas en puntos de prueba. Este mult\u00edmetro de precisi\u00f3n es realmente un mult\u00edmetro vers\u00e1til para aplicaciones de fabricaci\u00f3n, desarrollo y servicio.","og_url":"https:\/\/abaa.mx\/tienda\/multimetro-digital-de-precision-fluke-8808a-120v-5-5-120v\/","og_site_name":"Abaa tienda online","article_modified_time":"2023-11-28T16:49:59+00:00","og_image":[{"width":1200,"height":1372,"url":"https:\/\/abaa.mx\/tienda\/wp-content\/uploads\/2023\/09\/8808A.jpg","type":"image\/jpeg"}],"twitter_card":"summary_large_image","twitter_misc":{"Tiempo de lectura":"2 minutos"},"schema":{"@context":"https:\/\/schema.org","@graph":[{"@type":"WebPage","@id":"https:\/\/abaa.mx\/tienda\/multimetro-digital-de-precision-fluke-8808a-120v-5-5-120v\/","url":"https:\/\/abaa.mx\/tienda\/multimetro-digital-de-precision-fluke-8808a-120v-5-5-120v\/","name":"Mult\u00edmetro digital de precisi\u00f3n fluke 8808a 120v, 5.5, 120v - Abaa tienda online","isPartOf":{"@id":"https:\/\/abaa.mx\/tienda\/#website"},"primaryImageOfPage":{"@id":"https:\/\/abaa.mx\/tienda\/multimetro-digital-de-precision-fluke-8808a-120v-5-5-120v\/#primaryimage"},"image":{"@id":"https:\/\/abaa.mx\/tienda\/multimetro-digital-de-precision-fluke-8808a-120v-5-5-120v\/#primaryimage"},"thumbnailUrl":"https:\/\/abaa.mx\/tienda\/wp-content\/uploads\/2023\/09\/8808A.jpg","datePublished":"2023-09-21T14:27:30+00:00","dateModified":"2023-11-28T16:49:59+00:00","breadcrumb":{"@id":"https:\/\/abaa.mx\/tienda\/multimetro-digital-de-precision-fluke-8808a-120v-5-5-120v\/#breadcrumb"},"inLanguage":"es","potentialAction":[{"@type":"ReadAction","target":["https:\/\/abaa.mx\/tienda\/multimetro-digital-de-precision-fluke-8808a-120v-5-5-120v\/"]}]},{"@type":"ImageObject","inLanguage":"es","@id":"https:\/\/abaa.mx\/tienda\/multimetro-digital-de-precision-fluke-8808a-120v-5-5-120v\/#primaryimage","url":"https:\/\/abaa.mx\/tienda\/wp-content\/uploads\/2023\/09\/8808A.jpg","contentUrl":"https:\/\/abaa.mx\/tienda\/wp-content\/uploads\/2023\/09\/8808A.jpg","width":1200,"height":1372,"caption":"fluke-8808a-120v-5-5-120v"},{"@type":"BreadcrumbList","@id":"https:\/\/abaa.mx\/tienda\/multimetro-digital-de-precision-fluke-8808a-120v-5-5-120v\/#breadcrumb","itemListElement":[{"@type":"ListItem","position":1,"name":"Inicio","item":"https:\/\/abaa.mx\/tienda\/"},{"@type":"ListItem","position":2,"name":"Tienda","item":"https:\/\/abaa.mx\/tienda\/"},{"@type":"ListItem","position":3,"name":"Mult\u00edmetro digital de precisi\u00f3n fluke 8808a 120v, 5.5, 120v"}]},{"@type":"WebSite","@id":"https:\/\/abaa.mx\/tienda\/#website","url":"https:\/\/abaa.mx\/tienda\/","name":"Abaa tienda online","description":"Instrumentos de medici\u00f3n","publisher":{"@id":"https:\/\/abaa.mx\/tienda\/#organization"},"potentialAction":[{"@type":"SearchAction","target":{"@type":"EntryPoint","urlTemplate":"https:\/\/abaa.mx\/tienda\/?s={search_term_string}"},"query-input":{"@type":"PropertyValueSpecification","valueRequired":true,"valueName":"search_term_string"}}],"inLanguage":"es"},{"@type":"Organization","@id":"https:\/\/abaa.mx\/tienda\/#organization","name":"Abaa tienda online","url":"https:\/\/abaa.mx\/tienda\/","logo":{"@type":"ImageObject","inLanguage":"es","@id":"https:\/\/abaa.mx\/tienda\/#\/schema\/logo\/image\/","url":"https:\/\/abaa.mx\/tienda\/wp-content\/uploads\/2024\/01\/abaa-metrologia-tienda.png","contentUrl":"https:\/\/abaa.mx\/tienda\/wp-content\/uploads\/2024\/01\/abaa-metrologia-tienda.png","width":300,"height":141,"caption":"Abaa tienda online"},"image":{"@id":"https:\/\/abaa.mx\/tienda\/#\/schema\/logo\/image\/"}}]}},"_links":{"self":[{"href":"https:\/\/abaa.mx\/tienda\/wp-json\/wp\/v2\/product\/2371","targetHints":{"allow":["GET"]}}],"collection":[{"href":"https:\/\/abaa.mx\/tienda\/wp-json\/wp\/v2\/product"}],"about":[{"href":"https:\/\/abaa.mx\/tienda\/wp-json\/wp\/v2\/types\/product"}],"replies":[{"embeddable":true,"href":"https:\/\/abaa.mx\/tienda\/wp-json\/wp\/v2\/comments?post=2371"}],"wp:featuredmedia":[{"embeddable":true,"href":"https:\/\/abaa.mx\/tienda\/wp-json\/wp\/v2\/media\/2378"}],"wp:attachment":[{"href":"https:\/\/abaa.mx\/tienda\/wp-json\/wp\/v2\/media?parent=2371"}],"wp:term":[{"taxonomy":"product_brand","embeddable":true,"href":"https:\/\/abaa.mx\/tienda\/wp-json\/wp\/v2\/product_brand?post=2371"},{"taxonomy":"product_cat","embeddable":true,"href":"https:\/\/abaa.mx\/tienda\/wp-json\/wp\/v2\/product_cat?post=2371"},{"taxonomy":"product_tag","embeddable":true,"href":"https:\/\/abaa.mx\/tienda\/wp-json\/wp\/v2\/product_tag?post=2371"}],"curies":[{"name":"wp","href":"https:\/\/api.w.org\/{rel}","templated":true}]}}