{"id":2370,"date":"2023-09-21T14:27:25","date_gmt":"2023-09-21T14:27:25","guid":{"rendered":"https:\/\/abaa.mx\/tienda\/?post_type=product&#038;p=2370"},"modified":"2023-11-28T16:53:31","modified_gmt":"2023-11-28T16:53:31","slug":"multimetro-digital-fluke-177-efsp-nist-true-rms-con-luz-de-fondo","status":"publish","type":"product","link":"https:\/\/abaa.mx\/tienda\/multimetro-digital-fluke-177-efsp-nist-true-rms-con-luz-de-fondo\/","title":{"rendered":"Mult\u00edmetro digital fluke 177-efsp-nist true rms con luz de fondo."},"content":{"rendered":"<p>&nbsp;<\/p>\n<p><strong>Funciones:<\/strong><\/p>\n<ul>\n<li>Mult\u00edmetro digital RMS verdadero con las caracter\u00edsticas que prefieren los t\u00e9cnicos profesionales.<\/li>\n<li>Aumenta la productividad con rango manual y autom\u00e1tico, retenci\u00f3n de pantalla, retenci\u00f3n autom\u00e1tica y grabaci\u00f3n promedio m\u00ednima \/ m\u00e1xima.<\/li>\n<li>Mide voltaje de CA y CC a 1000 V.<\/li>\n<li>Ofrece mediciones precisas de corriente y voltaje de CA True RMS m\u00e1s frecuencia, capacitancia, resistencia, continuidad y diodos.<\/li>\n<li>Seguridad nominal CAT III 1000 V, CAT IV 600 V.<\/li>\n<li>Cuenta con pantalla digital con luz de fondo para trabajar con poca luz.<\/li>\n<li>Permite la calibraci\u00f3n de la caja cerrada a trav\u00e9s del panel frontal.<\/li>\n<\/ul>\n<p>&nbsp;<\/p>\n<p><strong>Ofrece las caracter\u00edsticas adecuadas para los expertos en mantenimiento el\u00e9ctrico:<\/strong><\/p>\n<p>Con su precisi\u00f3n, fiabilidad y facilidad de uso, este mult\u00edmetro digital es la soluci\u00f3n preferida por los t\u00e9cnicos profesionales de todo el mundo. Probado de forma independiente para un uso seguro en entornos CAT IV 600 V\/CAT III 1000 V, este medidor incluye todas las caracter\u00edsticas que necesita para solucionar y reparar muchos problemas en sistemas el\u00e9ctricos y electr\u00f3nicos.<\/p>\n<p>Con este instrumento, los usuarios obtienen mediciones de voltaje y corriente True RMS, resoluci\u00f3n de 6000 unidades, rango manual y autom\u00e1tico, y mediciones de frecuencia, capacitancia, resistencia, continuidad y diodos. Adem\u00e1s, proporciona una precisi\u00f3n b\u00e1sica del 0,09%, una pantalla digital con gr\u00e1fico de barras anal\u00f3gico y luz de fondo.<\/p>\n<p>&nbsp;<\/p>\n<p><strong>Aplicaciones:<\/strong><\/p>\n<ul>\n<li>El\u00e9ctrico.<\/li>\n<li>Sistemas electr\u00f3nicos.<\/li>\n<\/ul>\n<p>&nbsp;<\/p>\n<h4>Especificaciones de Fluke 177\/EFSP-NIST<\/h4>\n<table class=\"table table-striped\">\n<tbody>\n<tr>\n<td colspan=\"2\"><strong>Voltaje DC<\/strong><\/td>\n<\/tr>\n<tr>\n<td>Exactitud<\/td>\n<td>\u00b1(0,09% + 2)<\/td>\n<\/tr>\n<tr>\n<td>Resoluci\u00f3n m\u00e1xima<\/td>\n<td>0,1 mV<\/td>\n<\/tr>\n<tr>\n<td>M\u00e1ximo<\/td>\n<td>1000 V<\/td>\n<\/tr>\n<tr>\n<td colspan=\"2\"><strong>Voltaje AC<\/strong><\/td>\n<\/tr>\n<tr>\n<td>Exactitud<\/td>\n<td>\u00b1(1,0% + 3)<\/td>\n<\/tr>\n<tr>\n<td>Resoluci\u00f3n m\u00e1xima<\/td>\n<td>0,1 mV<\/td>\n<\/tr>\n<tr>\n<td>M\u00e1ximo<\/td>\n<td>1000 V<\/td>\n<\/tr>\n<tr>\n<td colspan=\"2\"><strong>DC actual<\/strong><\/td>\n<\/tr>\n<tr>\n<td>Exactitud<\/td>\n<td>\u00b1(1,0% + 3)<\/td>\n<\/tr>\n<tr>\n<td>Resoluci\u00f3n m\u00e1xima<\/td>\n<td>0,01 mA<\/td>\n<\/tr>\n<tr>\n<td>M\u00e1ximo<\/td>\n<td>10 A<\/td>\n<\/tr>\n<tr>\n<td colspan=\"2\"><strong>AC actual<\/strong><\/td>\n<\/tr>\n<tr>\n<td>Exactitud<\/td>\n<td>\u00b1(1,5% + 3)<\/td>\n<\/tr>\n<tr>\n<td>Resoluci\u00f3n m\u00e1xima<\/td>\n<td>0,01 mA<\/td>\n<\/tr>\n<tr>\n<td>M\u00e1ximo<\/td>\n<td>10 A<\/td>\n<\/tr>\n<tr>\n<td colspan=\"2\"><strong>Resistencia<\/strong><\/td>\n<\/tr>\n<tr>\n<td>Exactitud<\/td>\n<td>\u00b1(0,9% + 1)<\/td>\n<\/tr>\n<tr>\n<td>Resoluci\u00f3n m\u00e1xima<\/td>\n<td>0.1 \u03a9<\/td>\n<\/tr>\n<tr>\n<td>M\u00e1ximo<\/td>\n<td>50 M\u03a9<\/td>\n<\/tr>\n<tr>\n<td colspan=\"2\"><strong>Capacitancia<\/strong><\/td>\n<\/tr>\n<tr>\n<td>Exactitud<\/td>\n<td>\u00b1(1,2% + 2)<\/td>\n<\/tr>\n<tr>\n<td>Resoluci\u00f3n m\u00e1xima<\/td>\n<td>1 nF<\/td>\n<\/tr>\n<tr>\n<td>M\u00e1ximo<\/td>\n<td>10,000 \u03bcF<\/td>\n<\/tr>\n<tr>\n<td colspan=\"2\"><strong>Frecuencia<\/strong><\/td>\n<\/tr>\n<tr>\n<td>Exactitud<\/td>\n<td>\u00b1(0,1% + 1)<\/td>\n<\/tr>\n<tr>\n<td>Resoluci\u00f3n m\u00e1xima<\/td>\n<td>0,01 Hz<\/td>\n<\/tr>\n<tr>\n<td>M\u00e1ximo<\/td>\n<td>100 kHz<\/td>\n<\/tr>\n<tr>\n<td colspan=\"2\"><strong>Especificaciones ambientales<\/strong><\/td>\n<\/tr>\n<tr>\n<td>Temperatura de funcionamiento<\/td>\n<td>14 a 122\u00b0F (-10 a 50\u00b0C)<\/td>\n<\/tr>\n<tr>\n<td>Temperatura de almacenamiento<\/td>\n<td>-22 a 140\u00b0F (-30 a 60\u00b0C)<\/td>\n<\/tr>\n<tr>\n<td>Humedad (sin condensaci\u00f3n)<\/td>\n<td>0 a 90% a 32 a 95\u00b0F (0 a 35\u00b0C) 0 a 70% a 95 a 122\u00b0F (35 a 50\u00b0C)<\/td>\n<\/tr>\n<tr>\n<td colspan=\"2\"><strong>Especificaciones de seguridad<\/strong><\/td>\n<\/tr>\n<tr>\n<td>Categor\u00eda de sobretensi\u00f3n<\/td>\n<td>EN 61010\u20131 a 1000 V CAT III<br \/>\nEN 61010\u20131 A 600 V CAT IV<\/td>\n<\/tr>\n<tr>\n<td>Aprobaciones de agencias<\/td>\n<td>Listado en UL, CSA, T\u00dcV y VDE pendiente<\/td>\n<\/tr>\n<tr>\n<td colspan=\"2\"><strong>Especificaciones generales<\/strong><\/td>\n<\/tr>\n<tr>\n<td>Duraci\u00f3n de la bater\u00eda<\/td>\n<td>Alcalino aproximadamente 200 horas t\u00edpico, sin luz de fondo<\/td>\n<\/tr>\n<tr>\n<td>Dimensiones<\/td>\n<td>1,7 x 3,5 x 7,3&#8243; (43 x 90 x 185 mm)<\/td>\n<\/tr>\n<tr>\n<td>Peso<\/td>\n<td>14,8 onzas (420 g)<\/td>\n<\/tr>\n<\/tbody>\n<\/table>\n","protected":false},"excerpt":{"rendered":"<p>Solucionar y reparar problemas en sistemas el\u00e9ctricos y electr\u00f3nicos. Adem\u00e1s, este medidor es ideal para t\u00e9cnicos profesionales debido a su precisi\u00f3n, confiabilidad y facilidad de uso, junto con una clasificaci\u00f3n CAT IV 600 V \/ CAT III 1000V.<\/p>\n","protected":false},"featured_media":2377,"comment_status":"open","ping_status":"closed","template":"","meta":{"_joinchat":[]},"product_brand":[],"product_cat":[15],"product_tag":[],"class_list":{"0":"post-2370","1":"product","2":"type-product","3":"status-publish","4":"has-post-thumbnail","6":"product_cat-sin-categorizar","8":"first","9":"instock","10":"shipping-taxable","11":"product-type-simple"},"yoast_head":"<!-- This site is optimized with the Yoast SEO plugin v26.4 - https:\/\/yoast.com\/wordpress\/plugins\/seo\/ -->\n<title>Mult\u00edmetro digital fluke 177-efsp-nist true rms con luz de fondo. - Abaa tienda online<\/title>\n<meta name=\"robots\" content=\"index, follow, max-snippet:-1, max-image-preview:large, max-video-preview:-1\" \/>\n<link rel=\"canonical\" href=\"https:\/\/abaa.mx\/tienda\/multimetro-digital-fluke-177-efsp-nist-true-rms-con-luz-de-fondo\/\" \/>\n<meta property=\"og:locale\" content=\"es_MX\" \/>\n<meta property=\"og:type\" content=\"article\" \/>\n<meta property=\"og:title\" content=\"Mult\u00edmetro digital fluke 177-efsp-nist true rms con luz de fondo. - Abaa tienda online\" \/>\n<meta property=\"og:description\" content=\"Solucionar y reparar problemas en sistemas el\u00e9ctricos y electr\u00f3nicos. Adem\u00e1s, este medidor es ideal para t\u00e9cnicos profesionales debido a su precisi\u00f3n, confiabilidad y facilidad de uso, junto con una clasificaci\u00f3n CAT IV 600 V \/ CAT III 1000V.\" \/>\n<meta property=\"og:url\" content=\"https:\/\/abaa.mx\/tienda\/multimetro-digital-fluke-177-efsp-nist-true-rms-con-luz-de-fondo\/\" \/>\n<meta property=\"og:site_name\" content=\"Abaa tienda online\" \/>\n<meta property=\"article:modified_time\" content=\"2023-11-28T16:53:31+00:00\" \/>\n<meta property=\"og:image\" content=\"https:\/\/abaa.mx\/tienda\/wp-content\/uploads\/2023\/09\/177-EFSP-NIST.jpg\" \/>\n\t<meta property=\"og:image:width\" content=\"1000\" \/>\n\t<meta property=\"og:image:height\" content=\"1000\" \/>\n\t<meta property=\"og:image:type\" content=\"image\/jpeg\" \/>\n<meta name=\"twitter:card\" content=\"summary_large_image\" \/>\n<meta name=\"twitter:label1\" content=\"Tiempo de lectura\" \/>\n\t<meta name=\"twitter:data1\" content=\"2 minutos\" \/>\n<script type=\"application\/ld+json\" class=\"yoast-schema-graph\">{\"@context\":\"https:\/\/schema.org\",\"@graph\":[{\"@type\":\"WebPage\",\"@id\":\"https:\/\/abaa.mx\/tienda\/multimetro-digital-fluke-177-efsp-nist-true-rms-con-luz-de-fondo\/\",\"url\":\"https:\/\/abaa.mx\/tienda\/multimetro-digital-fluke-177-efsp-nist-true-rms-con-luz-de-fondo\/\",\"name\":\"Mult\u00edmetro digital fluke 177-efsp-nist true rms con luz de fondo. - Abaa tienda online\",\"isPartOf\":{\"@id\":\"https:\/\/abaa.mx\/tienda\/#website\"},\"primaryImageOfPage\":{\"@id\":\"https:\/\/abaa.mx\/tienda\/multimetro-digital-fluke-177-efsp-nist-true-rms-con-luz-de-fondo\/#primaryimage\"},\"image\":{\"@id\":\"https:\/\/abaa.mx\/tienda\/multimetro-digital-fluke-177-efsp-nist-true-rms-con-luz-de-fondo\/#primaryimage\"},\"thumbnailUrl\":\"https:\/\/abaa.mx\/tienda\/wp-content\/uploads\/2023\/09\/177-EFSP-NIST.jpg\",\"datePublished\":\"2023-09-21T14:27:25+00:00\",\"dateModified\":\"2023-11-28T16:53:31+00:00\",\"breadcrumb\":{\"@id\":\"https:\/\/abaa.mx\/tienda\/multimetro-digital-fluke-177-efsp-nist-true-rms-con-luz-de-fondo\/#breadcrumb\"},\"inLanguage\":\"es\",\"potentialAction\":[{\"@type\":\"ReadAction\",\"target\":[\"https:\/\/abaa.mx\/tienda\/multimetro-digital-fluke-177-efsp-nist-true-rms-con-luz-de-fondo\/\"]}]},{\"@type\":\"ImageObject\",\"inLanguage\":\"es\",\"@id\":\"https:\/\/abaa.mx\/tienda\/multimetro-digital-fluke-177-efsp-nist-true-rms-con-luz-de-fondo\/#primaryimage\",\"url\":\"https:\/\/abaa.mx\/tienda\/wp-content\/uploads\/2023\/09\/177-EFSP-NIST.jpg\",\"contentUrl\":\"https:\/\/abaa.mx\/tienda\/wp-content\/uploads\/2023\/09\/177-EFSP-NIST.jpg\",\"width\":1000,\"height\":1000,\"caption\":\"fluke-177-efsp-nist-true-rms-con-luz-de-fondo\"},{\"@type\":\"BreadcrumbList\",\"@id\":\"https:\/\/abaa.mx\/tienda\/multimetro-digital-fluke-177-efsp-nist-true-rms-con-luz-de-fondo\/#breadcrumb\",\"itemListElement\":[{\"@type\":\"ListItem\",\"position\":1,\"name\":\"Inicio\",\"item\":\"https:\/\/abaa.mx\/tienda\/\"},{\"@type\":\"ListItem\",\"position\":2,\"name\":\"Tienda\",\"item\":\"https:\/\/abaa.mx\/tienda\/\"},{\"@type\":\"ListItem\",\"position\":3,\"name\":\"Mult\u00edmetro digital fluke 177-efsp-nist true rms con luz de fondo.\"}]},{\"@type\":\"WebSite\",\"@id\":\"https:\/\/abaa.mx\/tienda\/#website\",\"url\":\"https:\/\/abaa.mx\/tienda\/\",\"name\":\"Abaa tienda online\",\"description\":\"Instrumentos de medici\u00f3n\",\"publisher\":{\"@id\":\"https:\/\/abaa.mx\/tienda\/#organization\"},\"potentialAction\":[{\"@type\":\"SearchAction\",\"target\":{\"@type\":\"EntryPoint\",\"urlTemplate\":\"https:\/\/abaa.mx\/tienda\/?s={search_term_string}\"},\"query-input\":{\"@type\":\"PropertyValueSpecification\",\"valueRequired\":true,\"valueName\":\"search_term_string\"}}],\"inLanguage\":\"es\"},{\"@type\":\"Organization\",\"@id\":\"https:\/\/abaa.mx\/tienda\/#organization\",\"name\":\"Abaa tienda online\",\"url\":\"https:\/\/abaa.mx\/tienda\/\",\"logo\":{\"@type\":\"ImageObject\",\"inLanguage\":\"es\",\"@id\":\"https:\/\/abaa.mx\/tienda\/#\/schema\/logo\/image\/\",\"url\":\"https:\/\/abaa.mx\/tienda\/wp-content\/uploads\/2024\/01\/abaa-metrologia-tienda.png\",\"contentUrl\":\"https:\/\/abaa.mx\/tienda\/wp-content\/uploads\/2024\/01\/abaa-metrologia-tienda.png\",\"width\":300,\"height\":141,\"caption\":\"Abaa tienda online\"},\"image\":{\"@id\":\"https:\/\/abaa.mx\/tienda\/#\/schema\/logo\/image\/\"}}]}<\/script>\n<!-- \/ Yoast SEO plugin. -->","yoast_head_json":{"title":"Mult\u00edmetro digital fluke 177-efsp-nist true rms con luz de fondo. - Abaa tienda online","robots":{"index":"index","follow":"follow","max-snippet":"max-snippet:-1","max-image-preview":"max-image-preview:large","max-video-preview":"max-video-preview:-1"},"canonical":"https:\/\/abaa.mx\/tienda\/multimetro-digital-fluke-177-efsp-nist-true-rms-con-luz-de-fondo\/","og_locale":"es_MX","og_type":"article","og_title":"Mult\u00edmetro digital fluke 177-efsp-nist true rms con luz de fondo. - Abaa tienda online","og_description":"Solucionar y reparar problemas en sistemas el\u00e9ctricos y electr\u00f3nicos. Adem\u00e1s, este medidor es ideal para t\u00e9cnicos profesionales debido a su precisi\u00f3n, confiabilidad y facilidad de uso, junto con una clasificaci\u00f3n CAT IV 600 V \/ CAT III 1000V.","og_url":"https:\/\/abaa.mx\/tienda\/multimetro-digital-fluke-177-efsp-nist-true-rms-con-luz-de-fondo\/","og_site_name":"Abaa tienda online","article_modified_time":"2023-11-28T16:53:31+00:00","og_image":[{"width":1000,"height":1000,"url":"https:\/\/abaa.mx\/tienda\/wp-content\/uploads\/2023\/09\/177-EFSP-NIST.jpg","type":"image\/jpeg"}],"twitter_card":"summary_large_image","twitter_misc":{"Tiempo de lectura":"2 minutos"},"schema":{"@context":"https:\/\/schema.org","@graph":[{"@type":"WebPage","@id":"https:\/\/abaa.mx\/tienda\/multimetro-digital-fluke-177-efsp-nist-true-rms-con-luz-de-fondo\/","url":"https:\/\/abaa.mx\/tienda\/multimetro-digital-fluke-177-efsp-nist-true-rms-con-luz-de-fondo\/","name":"Mult\u00edmetro digital fluke 177-efsp-nist true rms con luz de fondo. - Abaa tienda online","isPartOf":{"@id":"https:\/\/abaa.mx\/tienda\/#website"},"primaryImageOfPage":{"@id":"https:\/\/abaa.mx\/tienda\/multimetro-digital-fluke-177-efsp-nist-true-rms-con-luz-de-fondo\/#primaryimage"},"image":{"@id":"https:\/\/abaa.mx\/tienda\/multimetro-digital-fluke-177-efsp-nist-true-rms-con-luz-de-fondo\/#primaryimage"},"thumbnailUrl":"https:\/\/abaa.mx\/tienda\/wp-content\/uploads\/2023\/09\/177-EFSP-NIST.jpg","datePublished":"2023-09-21T14:27:25+00:00","dateModified":"2023-11-28T16:53:31+00:00","breadcrumb":{"@id":"https:\/\/abaa.mx\/tienda\/multimetro-digital-fluke-177-efsp-nist-true-rms-con-luz-de-fondo\/#breadcrumb"},"inLanguage":"es","potentialAction":[{"@type":"ReadAction","target":["https:\/\/abaa.mx\/tienda\/multimetro-digital-fluke-177-efsp-nist-true-rms-con-luz-de-fondo\/"]}]},{"@type":"ImageObject","inLanguage":"es","@id":"https:\/\/abaa.mx\/tienda\/multimetro-digital-fluke-177-efsp-nist-true-rms-con-luz-de-fondo\/#primaryimage","url":"https:\/\/abaa.mx\/tienda\/wp-content\/uploads\/2023\/09\/177-EFSP-NIST.jpg","contentUrl":"https:\/\/abaa.mx\/tienda\/wp-content\/uploads\/2023\/09\/177-EFSP-NIST.jpg","width":1000,"height":1000,"caption":"fluke-177-efsp-nist-true-rms-con-luz-de-fondo"},{"@type":"BreadcrumbList","@id":"https:\/\/abaa.mx\/tienda\/multimetro-digital-fluke-177-efsp-nist-true-rms-con-luz-de-fondo\/#breadcrumb","itemListElement":[{"@type":"ListItem","position":1,"name":"Inicio","item":"https:\/\/abaa.mx\/tienda\/"},{"@type":"ListItem","position":2,"name":"Tienda","item":"https:\/\/abaa.mx\/tienda\/"},{"@type":"ListItem","position":3,"name":"Mult\u00edmetro digital fluke 177-efsp-nist true rms con luz de fondo."}]},{"@type":"WebSite","@id":"https:\/\/abaa.mx\/tienda\/#website","url":"https:\/\/abaa.mx\/tienda\/","name":"Abaa tienda online","description":"Instrumentos de medici\u00f3n","publisher":{"@id":"https:\/\/abaa.mx\/tienda\/#organization"},"potentialAction":[{"@type":"SearchAction","target":{"@type":"EntryPoint","urlTemplate":"https:\/\/abaa.mx\/tienda\/?s={search_term_string}"},"query-input":{"@type":"PropertyValueSpecification","valueRequired":true,"valueName":"search_term_string"}}],"inLanguage":"es"},{"@type":"Organization","@id":"https:\/\/abaa.mx\/tienda\/#organization","name":"Abaa tienda online","url":"https:\/\/abaa.mx\/tienda\/","logo":{"@type":"ImageObject","inLanguage":"es","@id":"https:\/\/abaa.mx\/tienda\/#\/schema\/logo\/image\/","url":"https:\/\/abaa.mx\/tienda\/wp-content\/uploads\/2024\/01\/abaa-metrologia-tienda.png","contentUrl":"https:\/\/abaa.mx\/tienda\/wp-content\/uploads\/2024\/01\/abaa-metrologia-tienda.png","width":300,"height":141,"caption":"Abaa tienda online"},"image":{"@id":"https:\/\/abaa.mx\/tienda\/#\/schema\/logo\/image\/"}}]}},"_links":{"self":[{"href":"https:\/\/abaa.mx\/tienda\/wp-json\/wp\/v2\/product\/2370","targetHints":{"allow":["GET"]}}],"collection":[{"href":"https:\/\/abaa.mx\/tienda\/wp-json\/wp\/v2\/product"}],"about":[{"href":"https:\/\/abaa.mx\/tienda\/wp-json\/wp\/v2\/types\/product"}],"replies":[{"embeddable":true,"href":"https:\/\/abaa.mx\/tienda\/wp-json\/wp\/v2\/comments?post=2370"}],"wp:featuredmedia":[{"embeddable":true,"href":"https:\/\/abaa.mx\/tienda\/wp-json\/wp\/v2\/media\/2377"}],"wp:attachment":[{"href":"https:\/\/abaa.mx\/tienda\/wp-json\/wp\/v2\/media?parent=2370"}],"wp:term":[{"taxonomy":"product_brand","embeddable":true,"href":"https:\/\/abaa.mx\/tienda\/wp-json\/wp\/v2\/product_brand?post=2370"},{"taxonomy":"product_cat","embeddable":true,"href":"https:\/\/abaa.mx\/tienda\/wp-json\/wp\/v2\/product_cat?post=2370"},{"taxonomy":"product_tag","embeddable":true,"href":"https:\/\/abaa.mx\/tienda\/wp-json\/wp\/v2\/product_tag?post=2370"}],"curies":[{"name":"wp","href":"https:\/\/api.w.org\/{rel}","templated":true}]}}