{"id":2369,"date":"2023-09-21T14:21:58","date_gmt":"2023-09-21T14:21:58","guid":{"rendered":"https:\/\/abaa.mx\/tienda\/?post_type=product&#038;p=2369"},"modified":"2023-11-28T17:00:36","modified_gmt":"2023-11-28T17:00:36","slug":"fluke-1523-p2-termometro-de-referencia-5628-prt-bundle-2","status":"publish","type":"product","link":"https:\/\/abaa.mx\/tienda\/fluke-1523-p2-termometro-de-referencia-5628-prt-bundle-2\/","title":{"rendered":"Fluke 1523-p2 term\u00f3metro de referencia 5628 prt bundle"},"content":{"rendered":"<p>&nbsp;<\/p>\n<p>Alta precisi\u00f3n para el cumplimiento, rendimiento del producto, ahorro de energ\u00eda y resultados consistentes. El 1523 utiliza la inversi\u00f3n de corriente, una t\u00e9cnica utilizada en instrumentos de alta gama que elimina los campos electromagn\u00e9ticos t\u00e9rmicos, para mediciones de temperatura de precisi\u00f3n. Las especificaciones est\u00e1n garantizadas de -10 a 60 \u00b0C ambiente. Las resistencias de precisi\u00f3n especiales y una fuente de voltaje de referencia altamente estable mantienen la precisi\u00f3n de las unidades pr\u00e1cticamente insensible a la temperatura ambiental.<\/p>\n<p>Al igual que todas las herramientas port\u00e1tiles de Fluke, el term\u00f3metro de referencia 1523 se somete a rigurosas pruebas en temperaturas extremas y en condiciones adversas de vibraci\u00f3n, por lo que puede llevarlo con confianza a cualquier lugar que necesite ir.<\/p>\n<p>&nbsp;<\/p>\n<p><strong>Funciones:<\/strong><\/p>\n<ul>\n<li>PRTs: hasta \u00b10.011\u00b0C.<\/li>\n<li>Termopares: hasta \u00b10.24\u00b0C.<\/li>\n<li>Termistores de precisi\u00f3n: \u00b10.002\u00b0C.<\/li>\n<li>Ambos term\u00f3metros proporcionan la capacidad de ver r\u00e1pidamente las tendencias y cargar la informaci\u00f3n de la sonda.<\/li>\n<li>Le permite manejar aplicaciones de campo, mediciones de laboratorio y registro de datos con facilidad.<\/li>\n<li>Utiliza la inversi\u00f3n de corriente, una t\u00e9cnica utilizada en instrumentos de alta gama que elimina los campos electromagn\u00e9ticos t\u00e9rmicos, para mediciones de temperatura de precisi\u00f3n.<\/li>\n<li>Las especificaciones est\u00e1n garantizadas de -10 a 60 \u00b0C ambiente.<\/li>\n<li>Las resistencias de precisi\u00f3n especiales y una fuente de voltaje de referencia altamente estable mantienen la precisi\u00f3n pr\u00e1cticamente insensible a la temperatura ambiental.<\/li>\n<li>Los conectores INFO-CON garantizan una correcta conversi\u00f3n de temperatura.<\/li>\n<\/ul>\n<p>&nbsp;<\/p>\n<h4>Fluke 1523-P2 Especificaciones<\/h4>\n<table class=\"table table-striped\">\n<tbody>\n<tr>\n<td>Canales de entrada<\/td>\n<td>1<\/td>\n<\/tr>\n<tr>\n<td>Registro<\/td>\n<td>25 lecturas con estad\u00edsticas<\/td>\n<\/tr>\n<tr>\n<td>Intervalo de muestreo (normal)<\/td>\n<td>1 segundo<\/td>\n<\/tr>\n<tr>\n<td>Intervalo de muestreo (modo r\u00e1pido)<\/td>\n<td>0,3 segundos (consulte el manual t\u00e9cnico para obtener m\u00e1s informaci\u00f3n)<\/td>\n<\/tr>\n<tr>\n<td>Tipos de sensores<\/td>\n<td>PRT, RTD, termistores y termopares<\/td>\n<\/tr>\n<tr>\n<td>Tipos de termopares<\/td>\n<td>C, E, J, K, L, M, N, T, U, B, R, S<\/td>\n<\/tr>\n<tr>\n<td>Temperatura de funcionamiento<\/td>\n<td>-10 a 60\u00baC (Mejor precisi\u00f3n 13 a 33\u00baC)<\/td>\n<\/tr>\n<tr>\n<td>Requisitos de alimentaci\u00f3n<\/td>\n<td>3 pilas alcalinas AA<\/td>\n<\/tr>\n<tr>\n<td>Dimensiones<\/td>\n<td>96 x 200 x 47 mm (3,75 x 7,9 x 1,86&#8243;)<\/td>\n<\/tr>\n<tr>\n<td>Peso<\/td>\n<td>0,65 kg (1,4 lb)<\/td>\n<\/tr>\n<\/tbody>\n<\/table>\n","protected":false},"excerpt":{"rendered":"<p>Modelo est\u00e1ndar de un solo canal con memoria de 25 ranuras.<\/p>\n<p>&nbsp;<\/p>\n","protected":false},"featured_media":2373,"comment_status":"open","ping_status":"closed","template":"","meta":{"_joinchat":[]},"product_brand":[],"product_cat":[15],"product_tag":[],"class_list":{"0":"post-2369","1":"product","2":"type-product","3":"status-publish","4":"has-post-thumbnail","6":"product_cat-sin-categorizar","8":"first","9":"instock","10":"shipping-taxable","11":"product-type-simple"},"yoast_head":"<!-- This site is optimized with the Yoast SEO plugin v26.4 - https:\/\/yoast.com\/wordpress\/plugins\/seo\/ -->\n<title>Fluke 1523-p2 term\u00f3metro de referencia 5628 prt bundle - Abaa tienda online<\/title>\n<meta name=\"robots\" content=\"index, follow, max-snippet:-1, max-image-preview:large, max-video-preview:-1\" \/>\n<link rel=\"canonical\" href=\"https:\/\/abaa.mx\/tienda\/fluke-1523-p2-termometro-de-referencia-5628-prt-bundle-2\/\" \/>\n<meta property=\"og:locale\" content=\"es_MX\" \/>\n<meta property=\"og:type\" content=\"article\" \/>\n<meta property=\"og:title\" content=\"Fluke 1523-p2 term\u00f3metro de referencia 5628 prt bundle - Abaa tienda online\" \/>\n<meta property=\"og:description\" content=\"Modelo est\u00e1ndar de un solo canal con memoria de 25 ranuras.  &nbsp;\" \/>\n<meta property=\"og:url\" content=\"https:\/\/abaa.mx\/tienda\/fluke-1523-p2-termometro-de-referencia-5628-prt-bundle-2\/\" \/>\n<meta property=\"og:site_name\" content=\"Abaa tienda online\" \/>\n<meta property=\"article:modified_time\" content=\"2023-11-28T17:00:36+00:00\" \/>\n<meta property=\"og:image\" content=\"https:\/\/abaa.mx\/tienda\/wp-content\/uploads\/2023\/09\/1524-P2.jpg\" \/>\n\t<meta property=\"og:image:width\" content=\"270\" \/>\n\t<meta property=\"og:image:height\" content=\"499\" \/>\n\t<meta property=\"og:image:type\" content=\"image\/jpeg\" \/>\n<meta name=\"twitter:card\" content=\"summary_large_image\" \/>\n<meta name=\"twitter:label1\" content=\"Tiempo de lectura\" \/>\n\t<meta name=\"twitter:data1\" content=\"2 minutos\" \/>\n<script type=\"application\/ld+json\" class=\"yoast-schema-graph\">{\"@context\":\"https:\/\/schema.org\",\"@graph\":[{\"@type\":\"WebPage\",\"@id\":\"https:\/\/abaa.mx\/tienda\/fluke-1523-p2-termometro-de-referencia-5628-prt-bundle-2\/\",\"url\":\"https:\/\/abaa.mx\/tienda\/fluke-1523-p2-termometro-de-referencia-5628-prt-bundle-2\/\",\"name\":\"Fluke 1523-p2 term\u00f3metro de referencia 5628 prt bundle - Abaa tienda online\",\"isPartOf\":{\"@id\":\"https:\/\/abaa.mx\/tienda\/#website\"},\"primaryImageOfPage\":{\"@id\":\"https:\/\/abaa.mx\/tienda\/fluke-1523-p2-termometro-de-referencia-5628-prt-bundle-2\/#primaryimage\"},\"image\":{\"@id\":\"https:\/\/abaa.mx\/tienda\/fluke-1523-p2-termometro-de-referencia-5628-prt-bundle-2\/#primaryimage\"},\"thumbnailUrl\":\"https:\/\/abaa.mx\/tienda\/wp-content\/uploads\/2023\/09\/1524-P2.jpg\",\"datePublished\":\"2023-09-21T14:21:58+00:00\",\"dateModified\":\"2023-11-28T17:00:36+00:00\",\"breadcrumb\":{\"@id\":\"https:\/\/abaa.mx\/tienda\/fluke-1523-p2-termometro-de-referencia-5628-prt-bundle-2\/#breadcrumb\"},\"inLanguage\":\"es\",\"potentialAction\":[{\"@type\":\"ReadAction\",\"target\":[\"https:\/\/abaa.mx\/tienda\/fluke-1523-p2-termometro-de-referencia-5628-prt-bundle-2\/\"]}]},{\"@type\":\"ImageObject\",\"inLanguage\":\"es\",\"@id\":\"https:\/\/abaa.mx\/tienda\/fluke-1523-p2-termometro-de-referencia-5628-prt-bundle-2\/#primaryimage\",\"url\":\"https:\/\/abaa.mx\/tienda\/wp-content\/uploads\/2023\/09\/1524-P2.jpg\",\"contentUrl\":\"https:\/\/abaa.mx\/tienda\/wp-content\/uploads\/2023\/09\/1524-P2.jpg\",\"width\":270,\"height\":499,\"caption\":\"1524-P2\"},{\"@type\":\"BreadcrumbList\",\"@id\":\"https:\/\/abaa.mx\/tienda\/fluke-1523-p2-termometro-de-referencia-5628-prt-bundle-2\/#breadcrumb\",\"itemListElement\":[{\"@type\":\"ListItem\",\"position\":1,\"name\":\"Inicio\",\"item\":\"https:\/\/abaa.mx\/tienda\/\"},{\"@type\":\"ListItem\",\"position\":2,\"name\":\"Tienda\",\"item\":\"https:\/\/abaa.mx\/tienda\/\"},{\"@type\":\"ListItem\",\"position\":3,\"name\":\"Fluke 1523-p2 term\u00f3metro de referencia 5628 prt bundle\"}]},{\"@type\":\"WebSite\",\"@id\":\"https:\/\/abaa.mx\/tienda\/#website\",\"url\":\"https:\/\/abaa.mx\/tienda\/\",\"name\":\"Abaa tienda online\",\"description\":\"Instrumentos de medici\u00f3n\",\"publisher\":{\"@id\":\"https:\/\/abaa.mx\/tienda\/#organization\"},\"potentialAction\":[{\"@type\":\"SearchAction\",\"target\":{\"@type\":\"EntryPoint\",\"urlTemplate\":\"https:\/\/abaa.mx\/tienda\/?s={search_term_string}\"},\"query-input\":{\"@type\":\"PropertyValueSpecification\",\"valueRequired\":true,\"valueName\":\"search_term_string\"}}],\"inLanguage\":\"es\"},{\"@type\":\"Organization\",\"@id\":\"https:\/\/abaa.mx\/tienda\/#organization\",\"name\":\"Abaa tienda online\",\"url\":\"https:\/\/abaa.mx\/tienda\/\",\"logo\":{\"@type\":\"ImageObject\",\"inLanguage\":\"es\",\"@id\":\"https:\/\/abaa.mx\/tienda\/#\/schema\/logo\/image\/\",\"url\":\"https:\/\/abaa.mx\/tienda\/wp-content\/uploads\/2024\/01\/abaa-metrologia-tienda.png\",\"contentUrl\":\"https:\/\/abaa.mx\/tienda\/wp-content\/uploads\/2024\/01\/abaa-metrologia-tienda.png\",\"width\":300,\"height\":141,\"caption\":\"Abaa tienda online\"},\"image\":{\"@id\":\"https:\/\/abaa.mx\/tienda\/#\/schema\/logo\/image\/\"}}]}<\/script>\n<!-- \/ Yoast SEO plugin. -->","yoast_head_json":{"title":"Fluke 1523-p2 term\u00f3metro de referencia 5628 prt bundle - Abaa tienda online","robots":{"index":"index","follow":"follow","max-snippet":"max-snippet:-1","max-image-preview":"max-image-preview:large","max-video-preview":"max-video-preview:-1"},"canonical":"https:\/\/abaa.mx\/tienda\/fluke-1523-p2-termometro-de-referencia-5628-prt-bundle-2\/","og_locale":"es_MX","og_type":"article","og_title":"Fluke 1523-p2 term\u00f3metro de referencia 5628 prt bundle - Abaa tienda online","og_description":"Modelo est\u00e1ndar de un solo canal con memoria de 25 ranuras.  &nbsp;","og_url":"https:\/\/abaa.mx\/tienda\/fluke-1523-p2-termometro-de-referencia-5628-prt-bundle-2\/","og_site_name":"Abaa tienda online","article_modified_time":"2023-11-28T17:00:36+00:00","og_image":[{"width":270,"height":499,"url":"https:\/\/abaa.mx\/tienda\/wp-content\/uploads\/2023\/09\/1524-P2.jpg","type":"image\/jpeg"}],"twitter_card":"summary_large_image","twitter_misc":{"Tiempo de lectura":"2 minutos"},"schema":{"@context":"https:\/\/schema.org","@graph":[{"@type":"WebPage","@id":"https:\/\/abaa.mx\/tienda\/fluke-1523-p2-termometro-de-referencia-5628-prt-bundle-2\/","url":"https:\/\/abaa.mx\/tienda\/fluke-1523-p2-termometro-de-referencia-5628-prt-bundle-2\/","name":"Fluke 1523-p2 term\u00f3metro de referencia 5628 prt bundle - Abaa tienda online","isPartOf":{"@id":"https:\/\/abaa.mx\/tienda\/#website"},"primaryImageOfPage":{"@id":"https:\/\/abaa.mx\/tienda\/fluke-1523-p2-termometro-de-referencia-5628-prt-bundle-2\/#primaryimage"},"image":{"@id":"https:\/\/abaa.mx\/tienda\/fluke-1523-p2-termometro-de-referencia-5628-prt-bundle-2\/#primaryimage"},"thumbnailUrl":"https:\/\/abaa.mx\/tienda\/wp-content\/uploads\/2023\/09\/1524-P2.jpg","datePublished":"2023-09-21T14:21:58+00:00","dateModified":"2023-11-28T17:00:36+00:00","breadcrumb":{"@id":"https:\/\/abaa.mx\/tienda\/fluke-1523-p2-termometro-de-referencia-5628-prt-bundle-2\/#breadcrumb"},"inLanguage":"es","potentialAction":[{"@type":"ReadAction","target":["https:\/\/abaa.mx\/tienda\/fluke-1523-p2-termometro-de-referencia-5628-prt-bundle-2\/"]}]},{"@type":"ImageObject","inLanguage":"es","@id":"https:\/\/abaa.mx\/tienda\/fluke-1523-p2-termometro-de-referencia-5628-prt-bundle-2\/#primaryimage","url":"https:\/\/abaa.mx\/tienda\/wp-content\/uploads\/2023\/09\/1524-P2.jpg","contentUrl":"https:\/\/abaa.mx\/tienda\/wp-content\/uploads\/2023\/09\/1524-P2.jpg","width":270,"height":499,"caption":"1524-P2"},{"@type":"BreadcrumbList","@id":"https:\/\/abaa.mx\/tienda\/fluke-1523-p2-termometro-de-referencia-5628-prt-bundle-2\/#breadcrumb","itemListElement":[{"@type":"ListItem","position":1,"name":"Inicio","item":"https:\/\/abaa.mx\/tienda\/"},{"@type":"ListItem","position":2,"name":"Tienda","item":"https:\/\/abaa.mx\/tienda\/"},{"@type":"ListItem","position":3,"name":"Fluke 1523-p2 term\u00f3metro de referencia 5628 prt bundle"}]},{"@type":"WebSite","@id":"https:\/\/abaa.mx\/tienda\/#website","url":"https:\/\/abaa.mx\/tienda\/","name":"Abaa tienda online","description":"Instrumentos de medici\u00f3n","publisher":{"@id":"https:\/\/abaa.mx\/tienda\/#organization"},"potentialAction":[{"@type":"SearchAction","target":{"@type":"EntryPoint","urlTemplate":"https:\/\/abaa.mx\/tienda\/?s={search_term_string}"},"query-input":{"@type":"PropertyValueSpecification","valueRequired":true,"valueName":"search_term_string"}}],"inLanguage":"es"},{"@type":"Organization","@id":"https:\/\/abaa.mx\/tienda\/#organization","name":"Abaa tienda online","url":"https:\/\/abaa.mx\/tienda\/","logo":{"@type":"ImageObject","inLanguage":"es","@id":"https:\/\/abaa.mx\/tienda\/#\/schema\/logo\/image\/","url":"https:\/\/abaa.mx\/tienda\/wp-content\/uploads\/2024\/01\/abaa-metrologia-tienda.png","contentUrl":"https:\/\/abaa.mx\/tienda\/wp-content\/uploads\/2024\/01\/abaa-metrologia-tienda.png","width":300,"height":141,"caption":"Abaa tienda online"},"image":{"@id":"https:\/\/abaa.mx\/tienda\/#\/schema\/logo\/image\/"}}]}},"_links":{"self":[{"href":"https:\/\/abaa.mx\/tienda\/wp-json\/wp\/v2\/product\/2369","targetHints":{"allow":["GET"]}}],"collection":[{"href":"https:\/\/abaa.mx\/tienda\/wp-json\/wp\/v2\/product"}],"about":[{"href":"https:\/\/abaa.mx\/tienda\/wp-json\/wp\/v2\/types\/product"}],"replies":[{"embeddable":true,"href":"https:\/\/abaa.mx\/tienda\/wp-json\/wp\/v2\/comments?post=2369"}],"wp:featuredmedia":[{"embeddable":true,"href":"https:\/\/abaa.mx\/tienda\/wp-json\/wp\/v2\/media\/2373"}],"wp:attachment":[{"href":"https:\/\/abaa.mx\/tienda\/wp-json\/wp\/v2\/media?parent=2369"}],"wp:term":[{"taxonomy":"product_brand","embeddable":true,"href":"https:\/\/abaa.mx\/tienda\/wp-json\/wp\/v2\/product_brand?post=2369"},{"taxonomy":"product_cat","embeddable":true,"href":"https:\/\/abaa.mx\/tienda\/wp-json\/wp\/v2\/product_cat?post=2369"},{"taxonomy":"product_tag","embeddable":true,"href":"https:\/\/abaa.mx\/tienda\/wp-json\/wp\/v2\/product_tag?post=2369"}],"curies":[{"name":"wp","href":"https:\/\/api.w.org\/{rel}","templated":true}]}}