{"id":2348,"date":"2023-09-20T21:50:12","date_gmt":"2023-09-20T21:50:12","guid":{"rendered":"https:\/\/abaa.mx\/tienda\/?post_type=product&#038;p=2348"},"modified":"2023-09-20T21:50:12","modified_gmt":"2023-09-20T21:50:12","slug":"termometro-de-referencia-de-un-solo-canal-fluke-1523-156","status":"publish","type":"product","link":"https:\/\/abaa.mx\/tienda\/termometro-de-referencia-de-un-solo-canal-fluke-1523-156\/","title":{"rendered":"term\u00f3metro de referencia de un solo canal fluke 1523-156"},"content":{"rendered":"<p>Utilizando una t\u00e9cnica llamada inversi\u00f3n de corriente, este term\u00f3metro de referencia elimina los campos electromagn\u00e9ticos t\u00e9rmicos, para mediciones de temperatura de precisi\u00f3n. Las resistencias de precisi\u00f3n especiales y una fuente de voltaje de referencia altamente estable mantienen la precisi\u00f3n de este term\u00f3metro de referencia pr\u00e1cticamente insensible a la temperatura ambiental. Adem\u00e1s, puede soportar rigurosas pruebas en temperaturas extremas y bajo duras condiciones de vibraci\u00f3n, lo que permite a los profesionales llevarlos a cualquier lugar que necesiten ir.<\/p>\n<p><strong>Funciones<\/strong><\/p>\n<ul>\n<li>Tres tipos de sensores (PRT, termopares y termistores de precisi\u00f3n)<\/li>\n<li>Modo r\u00e1pido<\/li>\n<li>Pantalla gr\u00e1fica LCD retroiluminada<\/li>\n<li>Trazar y escalar tendencias en tiempo real<\/li>\n<li>Lecturas simult\u00e1neas de doble canal<\/li>\n<li>Alta precisi\u00f3n<\/li>\n<\/ul>\n<p><strong>Los conectores INFO-CON garantizan una correcta conversi\u00f3n de temperatura<\/strong><\/p>\n<p>Dentro del INFO-CON, un chip de memoria mantiene la informaci\u00f3n de calibraci\u00f3n para la sonda conectada. Simplemente conectando la sonda se carga la informaci\u00f3n a la lectura, lo que garantiza la conversi\u00f3n de temperatura correcta para mediciones precisas y sin complicaciones.<\/p>\n<p>Las sondas pueden bloquearse con contrase\u00f1a para canales y lecturas espec\u00edficas por seguridad o para la trazabilidad de la calibraci\u00f3n del sistema. Enchufe cualquier termopar con conectores de minitermopar en un adaptador de termopar universal opcional para una medici\u00f3n conveniente. Cada adaptador de termopar o conector est\u00e1ndar admite la compensaci\u00f3n de uni\u00f3n de referencia (RJC) con su propio termistor interno de precisi\u00f3n.<\/p>\n<p><strong>Monitorear tendencias en el laboratorio o en el campo<\/strong><\/p>\n<p>Vea las tendencias gr\u00e1ficamente en la pantalla LCD retroiluminada de 128 x 64. Puede cambiar la resoluci\u00f3n del gr\u00e1fico con solo tocar un bot\u00f3n. Ahora es f\u00e1cil ver cu\u00e1ndo la temperatura es estable, sin estad\u00edsticas ni largos retrasos, o monitorear los procesos a lo largo del tiempo para verificar el correcto funcionamiento.<\/p>\n<p>Documente bajo demanda hasta 25 lecturas y estad\u00edsticas asociadas para una f\u00e1cil recuperaci\u00f3n. Puede ver los datos a trav\u00e9s de la pantalla o carg\u00e1ndolos en un PC a trav\u00e9s de la conexi\u00f3n RS-232 y el software 9940, incluido de forma gratuita. Para supervisar y registrar m\u00e1s datos a lo largo del tiempo, utilice un PC y el software opcional LogWare II.<\/p>\n<p>Los adaptadores RS-232 a USB est\u00e1n disponibles para aquellos que prefieren conectores USB. La energ\u00eda de la bater\u00eda dura al menos 20 horas con tres pilas AA, o utilice el adaptador de alimentaci\u00f3n de CC durante largos per\u00edodos de medici\u00f3n. Las funciones de ahorro de energ\u00eda se pueden habilitar o deshabilitar para una mayor duraci\u00f3n de la bater\u00eda o una mayor comodidad.<\/p>\n<p><strong>Aplicaciones<\/strong><\/p>\n<ul>\n<li>Calibraci\u00f3n<\/li>\n<li>Comprobaci\u00f3n de bucle<\/li>\n<li>Puesta en marcha de la planta<\/li>\n<li>Soluci\u00f3n de problemas<\/li>\n<li>Mantenimiento<\/li>\n<li>Reparar<\/li>\n<li>Ba\u00f1os<\/li>\n<li>Calibradores de bloque seco<\/li>\n<li>Termopozos<\/li>\n<li>Habitaciones limpias<\/li>\n<li>Motores<\/li>\n<li>Intercambiadores de calor<\/li>\n<li>Hornos<\/li>\n<li>Congeladores<\/li>\n<\/ul>\n<h4>Especificaciones de Fluke 1523<\/h4>\n<table class=\"table table-striped\">\n<tbody>\n<tr>\n<td>Canales de entrada<\/td>\n<td>1<\/td>\n<\/tr>\n<tr>\n<td>Resoluci\u00f3n<\/td>\n<td>PRTs y termistores: 0.001\u00b0 Termopares: 0.01\u00b0<\/td>\n<\/tr>\n<tr>\n<td>Registro<\/td>\n<td>25 lecturas con estad\u00edsticas<\/td>\n<\/tr>\n<tr>\n<td>Intervalo de muestra (normal)<\/td>\n<td>1 segundo<\/td>\n<\/tr>\n<tr>\n<td>Intervalo de muestra t\u00edpico (modo r\u00e1pido)<\/td>\n<td>0.3 segundos<\/td>\n<\/tr>\n<tr>\n<td>Tipos de sensores<\/td>\n<td>PRT, RTD, termistores y termopares<\/td>\n<\/tr>\n<tr>\n<td>Tipos de termopares<\/td>\n<td>C, E, J, K, L, M, N, T, U, B, R, S<\/td>\n<\/tr>\n<tr>\n<td>Estad\u00edstica<\/td>\n<td>M\u00e1ximo, m\u00ednimo, promedio, desviaci\u00f3n est\u00e1ndar<\/td>\n<\/tr>\n<tr>\n<td>Tendencias<\/td>\n<td>Escala: \u00b118 \u00b0F (10 \u00b0C), \u00b11,8 \u00b0F (1 \u00b0C), \u00b10,18 \u00b0F (0,1 \u00b0C), \u00b10,018 \u00b0F (0,01 \u00b0C), 10 minutos de datos en tiempo real<\/td>\n<\/tr>\n<tr>\n<td>Requisitos de alimentaci\u00f3n<\/td>\n<td>3 pilas alcalinas AA, fuente de alimentaci\u00f3n universal de 12 V cc<\/td>\n<\/tr>\n<tr>\n<td>Interfaz de computadora<\/td>\n<td>Software RS-232, 9940 I\/O ToolKit incluido<\/td>\n<\/tr>\n<tr>\n<td>Condiciones ambientales para una mayor precisi\u00f3n<\/td>\n<td>55.4 a 91.4\u00b0F (13 a 33\u00b0C)<\/td>\n<\/tr>\n<tr>\n<td>Rango y precisi\u00f3n de milivoltios<\/td>\n<td>10 a 75 mV, \u00b1 (0,005% + 5 \u03bcV)<\/td>\n<\/tr>\n<tr>\n<td>Compensaci\u00f3n del cruce de referencia interno<\/td>\n<td>\u00b10.36\u00b0F (\u00b10.2\u00b0C)<\/td>\n<\/tr>\n<tr>\n<td>Rango de resistencia y precisi\u00f3n<\/td>\n<td>0 a 400 \u03a9 \u00b1 (0,004% + 0,002 \u03a9) 200 \u03a9 a 50 k\u03a9 \u00b1 (0,01% + 0,5 \u03a9)<\/p>\n<p>50 a 500 k\u03a9 \u00b1 (0,03 %)<\/td>\n<\/tr>\n<tr>\n<td>Coeficiente de temperatura, voltaje<\/td>\n<td>\u00b1(0.001%\/\u00b0C + 1 mV\/\u00b0C)<\/td>\n<\/tr>\n<tr>\n<td>Coeficiente de temperatura, resistencia<\/td>\n<td>0,0008%\/\u00b0C + 0,0004 \u03a9 (0 a 400 \u03a9) 0,002%\/\u00b0C + 0,1 \u03a9 (0 \u03a9 a 50 k\u03a9) 0,06%\/\u00b0C + 0,1 \u03a9 (50 a 500 k\u03a9)<\/td>\n<\/tr>\n<tr>\n<td>Corriente de excitaci\u00f3n, resistencia<\/td>\n<td>1 mA (0 a 400 \u03a9) 10 \u03bcA (0 \u03a9 a 50 k\u03a9) 2 \u03bcA (50 a 500 k\u03a9)<\/td>\n<\/tr>\n<tr>\n<td>Seguridad<\/td>\n<td>EN61010-1:2001, CAN\/CSA C22.2 No. 61010.1-04<\/td>\n<\/tr>\n<tr>\n<td>Dimensiones<\/td>\n<td>3,75 x 7,9 x 1,86&#8243; (96 x 200 x 47 mm)<\/td>\n<\/tr>\n<tr>\n<td>Peso<\/td>\n<td>1,45 kg (0,65 lb)<\/td>\n<\/tr>\n<\/tbody>\n<\/table>\n","protected":false},"excerpt":{"rendered":"<p>Utilizando una t\u00e9cnica llamada inversi\u00f3n de corriente, este term\u00f3metro de referencia elimina los campos electromagn\u00e9ticos t\u00e9rmicos, para mediciones de temperatura de precisi\u00f3n. Las resistencias de precisi\u00f3n especiales y una fuente de voltaje de referencia altamente estable mantienen la precisi\u00f3n de este term\u00f3metro de referencia pr\u00e1cticamente insensible a la temperatura ambiental. Adem\u00e1s, puede soportar rigurosas pruebas en temperaturas extremas y bajo duras condiciones de vibraci\u00f3n, lo que permite a los profesionales llevarlos a cualquier lugar que necesiten ir.<\/p>\n","protected":false},"featured_media":2355,"comment_status":"open","ping_status":"closed","template":"","meta":{"_joinchat":[]},"product_brand":[],"product_cat":[15],"product_tag":[],"class_list":{"0":"post-2348","1":"product","2":"type-product","3":"status-publish","4":"has-post-thumbnail","6":"product_cat-sin-categorizar","8":"first","9":"instock","10":"shipping-taxable","11":"product-type-simple"},"yoast_head":"<!-- This site is optimized with the Yoast SEO plugin v26.4 - https:\/\/yoast.com\/wordpress\/plugins\/seo\/ -->\n<title>term\u00f3metro de referencia de un solo canal fluke 1523-156 - Abaa tienda online<\/title>\n<meta name=\"robots\" content=\"index, follow, max-snippet:-1, max-image-preview:large, max-video-preview:-1\" \/>\n<link rel=\"canonical\" href=\"https:\/\/abaa.mx\/tienda\/termometro-de-referencia-de-un-solo-canal-fluke-1523-156\/\" \/>\n<meta property=\"og:locale\" content=\"es_MX\" \/>\n<meta property=\"og:type\" content=\"article\" \/>\n<meta property=\"og:title\" content=\"term\u00f3metro de referencia de un solo canal fluke 1523-156 - Abaa tienda online\" \/>\n<meta property=\"og:description\" content=\"Utilizando una t\u00e9cnica llamada inversi\u00f3n de corriente, este term\u00f3metro de referencia elimina los campos electromagn\u00e9ticos t\u00e9rmicos, para mediciones de temperatura de precisi\u00f3n. Las resistencias de precisi\u00f3n especiales y una fuente de voltaje de referencia altamente estable mantienen la precisi\u00f3n de este term\u00f3metro de referencia pr\u00e1cticamente insensible a la temperatura ambiental. Adem\u00e1s, puede soportar rigurosas pruebas en temperaturas extremas y bajo duras condiciones de vibraci\u00f3n, lo que permite a los profesionales llevarlos a cualquier lugar que necesiten ir.\" \/>\n<meta property=\"og:url\" content=\"https:\/\/abaa.mx\/tienda\/termometro-de-referencia-de-un-solo-canal-fluke-1523-156\/\" \/>\n<meta property=\"og:site_name\" content=\"Abaa tienda online\" \/>\n<meta property=\"og:image\" content=\"https:\/\/abaa.mx\/tienda\/wp-content\/uploads\/2023\/09\/1523.jpg\" \/>\n\t<meta property=\"og:image:width\" content=\"270\" \/>\n\t<meta property=\"og:image:height\" content=\"500\" \/>\n\t<meta property=\"og:image:type\" content=\"image\/jpeg\" \/>\n<meta name=\"twitter:card\" content=\"summary_large_image\" \/>\n<meta name=\"twitter:label1\" content=\"Tiempo de lectura\" \/>\n\t<meta name=\"twitter:data1\" content=\"4 minutos\" \/>\n<script type=\"application\/ld+json\" class=\"yoast-schema-graph\">{\"@context\":\"https:\/\/schema.org\",\"@graph\":[{\"@type\":\"WebPage\",\"@id\":\"https:\/\/abaa.mx\/tienda\/termometro-de-referencia-de-un-solo-canal-fluke-1523-156\/\",\"url\":\"https:\/\/abaa.mx\/tienda\/termometro-de-referencia-de-un-solo-canal-fluke-1523-156\/\",\"name\":\"term\u00f3metro de referencia de un solo canal fluke 1523-156 - Abaa tienda online\",\"isPartOf\":{\"@id\":\"https:\/\/abaa.mx\/tienda\/#website\"},\"primaryImageOfPage\":{\"@id\":\"https:\/\/abaa.mx\/tienda\/termometro-de-referencia-de-un-solo-canal-fluke-1523-156\/#primaryimage\"},\"image\":{\"@id\":\"https:\/\/abaa.mx\/tienda\/termometro-de-referencia-de-un-solo-canal-fluke-1523-156\/#primaryimage\"},\"thumbnailUrl\":\"https:\/\/abaa.mx\/tienda\/wp-content\/uploads\/2023\/09\/1523.jpg\",\"datePublished\":\"2023-09-20T21:50:12+00:00\",\"breadcrumb\":{\"@id\":\"https:\/\/abaa.mx\/tienda\/termometro-de-referencia-de-un-solo-canal-fluke-1523-156\/#breadcrumb\"},\"inLanguage\":\"es\",\"potentialAction\":[{\"@type\":\"ReadAction\",\"target\":[\"https:\/\/abaa.mx\/tienda\/termometro-de-referencia-de-un-solo-canal-fluke-1523-156\/\"]}]},{\"@type\":\"ImageObject\",\"inLanguage\":\"es\",\"@id\":\"https:\/\/abaa.mx\/tienda\/termometro-de-referencia-de-un-solo-canal-fluke-1523-156\/#primaryimage\",\"url\":\"https:\/\/abaa.mx\/tienda\/wp-content\/uploads\/2023\/09\/1523.jpg\",\"contentUrl\":\"https:\/\/abaa.mx\/tienda\/wp-content\/uploads\/2023\/09\/1523.jpg\",\"width\":270,\"height\":500,\"caption\":\"1523\"},{\"@type\":\"BreadcrumbList\",\"@id\":\"https:\/\/abaa.mx\/tienda\/termometro-de-referencia-de-un-solo-canal-fluke-1523-156\/#breadcrumb\",\"itemListElement\":[{\"@type\":\"ListItem\",\"position\":1,\"name\":\"Inicio\",\"item\":\"https:\/\/abaa.mx\/tienda\/\"},{\"@type\":\"ListItem\",\"position\":2,\"name\":\"Tienda\",\"item\":\"https:\/\/abaa.mx\/tienda\/\"},{\"@type\":\"ListItem\",\"position\":3,\"name\":\"term\u00f3metro de referencia de un solo canal fluke 1523-156\"}]},{\"@type\":\"WebSite\",\"@id\":\"https:\/\/abaa.mx\/tienda\/#website\",\"url\":\"https:\/\/abaa.mx\/tienda\/\",\"name\":\"Abaa tienda online\",\"description\":\"Instrumentos de medici\u00f3n\",\"publisher\":{\"@id\":\"https:\/\/abaa.mx\/tienda\/#organization\"},\"potentialAction\":[{\"@type\":\"SearchAction\",\"target\":{\"@type\":\"EntryPoint\",\"urlTemplate\":\"https:\/\/abaa.mx\/tienda\/?s={search_term_string}\"},\"query-input\":{\"@type\":\"PropertyValueSpecification\",\"valueRequired\":true,\"valueName\":\"search_term_string\"}}],\"inLanguage\":\"es\"},{\"@type\":\"Organization\",\"@id\":\"https:\/\/abaa.mx\/tienda\/#organization\",\"name\":\"Abaa tienda online\",\"url\":\"https:\/\/abaa.mx\/tienda\/\",\"logo\":{\"@type\":\"ImageObject\",\"inLanguage\":\"es\",\"@id\":\"https:\/\/abaa.mx\/tienda\/#\/schema\/logo\/image\/\",\"url\":\"https:\/\/abaa.mx\/tienda\/wp-content\/uploads\/2024\/01\/abaa-metrologia-tienda.png\",\"contentUrl\":\"https:\/\/abaa.mx\/tienda\/wp-content\/uploads\/2024\/01\/abaa-metrologia-tienda.png\",\"width\":300,\"height\":141,\"caption\":\"Abaa tienda online\"},\"image\":{\"@id\":\"https:\/\/abaa.mx\/tienda\/#\/schema\/logo\/image\/\"}}]}<\/script>\n<!-- \/ Yoast SEO plugin. -->","yoast_head_json":{"title":"term\u00f3metro de referencia de un solo canal fluke 1523-156 - Abaa tienda online","robots":{"index":"index","follow":"follow","max-snippet":"max-snippet:-1","max-image-preview":"max-image-preview:large","max-video-preview":"max-video-preview:-1"},"canonical":"https:\/\/abaa.mx\/tienda\/termometro-de-referencia-de-un-solo-canal-fluke-1523-156\/","og_locale":"es_MX","og_type":"article","og_title":"term\u00f3metro de referencia de un solo canal fluke 1523-156 - Abaa tienda online","og_description":"Utilizando una t\u00e9cnica llamada inversi\u00f3n de corriente, este term\u00f3metro de referencia elimina los campos electromagn\u00e9ticos t\u00e9rmicos, para mediciones de temperatura de precisi\u00f3n. Las resistencias de precisi\u00f3n especiales y una fuente de voltaje de referencia altamente estable mantienen la precisi\u00f3n de este term\u00f3metro de referencia pr\u00e1cticamente insensible a la temperatura ambiental. Adem\u00e1s, puede soportar rigurosas pruebas en temperaturas extremas y bajo duras condiciones de vibraci\u00f3n, lo que permite a los profesionales llevarlos a cualquier lugar que necesiten ir.","og_url":"https:\/\/abaa.mx\/tienda\/termometro-de-referencia-de-un-solo-canal-fluke-1523-156\/","og_site_name":"Abaa tienda online","og_image":[{"width":270,"height":500,"url":"https:\/\/abaa.mx\/tienda\/wp-content\/uploads\/2023\/09\/1523.jpg","type":"image\/jpeg"}],"twitter_card":"summary_large_image","twitter_misc":{"Tiempo de lectura":"4 minutos"},"schema":{"@context":"https:\/\/schema.org","@graph":[{"@type":"WebPage","@id":"https:\/\/abaa.mx\/tienda\/termometro-de-referencia-de-un-solo-canal-fluke-1523-156\/","url":"https:\/\/abaa.mx\/tienda\/termometro-de-referencia-de-un-solo-canal-fluke-1523-156\/","name":"term\u00f3metro de referencia de un solo canal fluke 1523-156 - Abaa tienda online","isPartOf":{"@id":"https:\/\/abaa.mx\/tienda\/#website"},"primaryImageOfPage":{"@id":"https:\/\/abaa.mx\/tienda\/termometro-de-referencia-de-un-solo-canal-fluke-1523-156\/#primaryimage"},"image":{"@id":"https:\/\/abaa.mx\/tienda\/termometro-de-referencia-de-un-solo-canal-fluke-1523-156\/#primaryimage"},"thumbnailUrl":"https:\/\/abaa.mx\/tienda\/wp-content\/uploads\/2023\/09\/1523.jpg","datePublished":"2023-09-20T21:50:12+00:00","breadcrumb":{"@id":"https:\/\/abaa.mx\/tienda\/termometro-de-referencia-de-un-solo-canal-fluke-1523-156\/#breadcrumb"},"inLanguage":"es","potentialAction":[{"@type":"ReadAction","target":["https:\/\/abaa.mx\/tienda\/termometro-de-referencia-de-un-solo-canal-fluke-1523-156\/"]}]},{"@type":"ImageObject","inLanguage":"es","@id":"https:\/\/abaa.mx\/tienda\/termometro-de-referencia-de-un-solo-canal-fluke-1523-156\/#primaryimage","url":"https:\/\/abaa.mx\/tienda\/wp-content\/uploads\/2023\/09\/1523.jpg","contentUrl":"https:\/\/abaa.mx\/tienda\/wp-content\/uploads\/2023\/09\/1523.jpg","width":270,"height":500,"caption":"1523"},{"@type":"BreadcrumbList","@id":"https:\/\/abaa.mx\/tienda\/termometro-de-referencia-de-un-solo-canal-fluke-1523-156\/#breadcrumb","itemListElement":[{"@type":"ListItem","position":1,"name":"Inicio","item":"https:\/\/abaa.mx\/tienda\/"},{"@type":"ListItem","position":2,"name":"Tienda","item":"https:\/\/abaa.mx\/tienda\/"},{"@type":"ListItem","position":3,"name":"term\u00f3metro de referencia de un solo canal fluke 1523-156"}]},{"@type":"WebSite","@id":"https:\/\/abaa.mx\/tienda\/#website","url":"https:\/\/abaa.mx\/tienda\/","name":"Abaa tienda online","description":"Instrumentos de medici\u00f3n","publisher":{"@id":"https:\/\/abaa.mx\/tienda\/#organization"},"potentialAction":[{"@type":"SearchAction","target":{"@type":"EntryPoint","urlTemplate":"https:\/\/abaa.mx\/tienda\/?s={search_term_string}"},"query-input":{"@type":"PropertyValueSpecification","valueRequired":true,"valueName":"search_term_string"}}],"inLanguage":"es"},{"@type":"Organization","@id":"https:\/\/abaa.mx\/tienda\/#organization","name":"Abaa tienda online","url":"https:\/\/abaa.mx\/tienda\/","logo":{"@type":"ImageObject","inLanguage":"es","@id":"https:\/\/abaa.mx\/tienda\/#\/schema\/logo\/image\/","url":"https:\/\/abaa.mx\/tienda\/wp-content\/uploads\/2024\/01\/abaa-metrologia-tienda.png","contentUrl":"https:\/\/abaa.mx\/tienda\/wp-content\/uploads\/2024\/01\/abaa-metrologia-tienda.png","width":300,"height":141,"caption":"Abaa tienda online"},"image":{"@id":"https:\/\/abaa.mx\/tienda\/#\/schema\/logo\/image\/"}}]}},"_links":{"self":[{"href":"https:\/\/abaa.mx\/tienda\/wp-json\/wp\/v2\/product\/2348","targetHints":{"allow":["GET"]}}],"collection":[{"href":"https:\/\/abaa.mx\/tienda\/wp-json\/wp\/v2\/product"}],"about":[{"href":"https:\/\/abaa.mx\/tienda\/wp-json\/wp\/v2\/types\/product"}],"replies":[{"embeddable":true,"href":"https:\/\/abaa.mx\/tienda\/wp-json\/wp\/v2\/comments?post=2348"}],"wp:featuredmedia":[{"embeddable":true,"href":"https:\/\/abaa.mx\/tienda\/wp-json\/wp\/v2\/media\/2355"}],"wp:attachment":[{"href":"https:\/\/abaa.mx\/tienda\/wp-json\/wp\/v2\/media?parent=2348"}],"wp:term":[{"taxonomy":"product_brand","embeddable":true,"href":"https:\/\/abaa.mx\/tienda\/wp-json\/wp\/v2\/product_brand?post=2348"},{"taxonomy":"product_cat","embeddable":true,"href":"https:\/\/abaa.mx\/tienda\/wp-json\/wp\/v2\/product_cat?post=2348"},{"taxonomy":"product_tag","embeddable":true,"href":"https:\/\/abaa.mx\/tienda\/wp-json\/wp\/v2\/product_tag?post=2348"}],"curies":[{"name":"wp","href":"https:\/\/api.w.org\/{rel}","templated":true}]}}