{"id":2344,"date":"2023-09-20T21:40:30","date_gmt":"2023-09-20T21:40:30","guid":{"rendered":"https:\/\/abaa.mx\/tienda\/?post_type=product&#038;p=2344"},"modified":"2023-09-20T21:40:31","modified_gmt":"2023-09-20T21:40:31","slug":"lectura-del-termometro-fluke-1502a-156-tweener-prt-%c2%b10006-c-con-una-precision-de-temperatura-de-0-c","status":"publish","type":"product","link":"https:\/\/abaa.mx\/tienda\/lectura-del-termometro-fluke-1502a-156-tweener-prt-%c2%b10006-c-con-una-precision-de-temperatura-de-0-c\/","title":{"rendered":"lectura del term\u00f3metro fluke 1502a-156, tweener prt, \u00b10,006 \u00b0c con una precisi\u00f3n de temperatura de 0 \u00b0c"},"content":{"rendered":"<p>Esta lectura del term\u00f3metro de interpolaci\u00f3n mide con precisi\u00f3n la resistencia de la sonda y luego convierte la resistencia a un valor de temperatura utilizando algoritmos incorporados<\/p>\n<h4>Fluke 1502A-156 Especificaciones<\/h4>\n<table class=\"table table-striped\">\n<tbody>\n<tr>\n<td>Rango de temperatura<\/td>\n<td>-200 a 962\u00b0C (-328 a 1764\u00b0F)<\/td>\n<\/tr>\n<tr>\n<td>Rango de resistencia<\/td>\n<td>De 0 a 400 W, rango autom\u00e1tico<\/td>\n<\/tr>\n<tr>\n<td>Sonda<\/td>\n<td>RTPW nominal: 10 a 100W RTD, PRT o SPRT<\/td>\n<\/tr>\n<tr>\n<td>Caracterizaciones<\/td>\n<td>ITS-90 subrangos 4, 6, 7, 8, 9, 10 y 11; IPTS-68: R0, a, d, a4 y c4; Callendar-Van Dusen: R0, a, d y b<\/td>\n<\/tr>\n<tr>\n<td>Precisi\u00f3n de resistencia (PPM de lectura)<\/td>\n<td>0 a 20W: 0.0005W; 20 a 400W: 25ppm<\/td>\n<\/tr>\n<tr>\n<td>Precisi\u00f3n de temperatura<\/td>\n<td>\u00b10.004\u00b0C a -100\u00b0C; \u00b10.006\u00b0C a 0\u00b0C; \u00b10.009\u00b0C a 100\u00b0C; \u00b10.012\u00b0C a 200\u00b0C; \u00b10.018\u00b0C a 400\u00b0C; \u00b10.024\u00b0C a 600\u00b0C<\/td>\n<\/tr>\n<tr>\n<td>Rango de temperatura de funcionamiento<\/td>\n<td>60.8 a 86\u00b0F (16 a 30\u00b0C)<\/td>\n<\/tr>\n<tr>\n<td>Resoluci\u00f3n de resistencia<\/td>\n<td>0 a 20W: 0.0001W; 20 a 400W: 0.001W<\/td>\n<\/tr>\n<tr>\n<td>Resoluci\u00f3n de temperatura<\/td>\n<td>0.001\u00b0C<\/td>\n<\/tr>\n<tr>\n<td>Corriente de excitaci\u00f3n<\/td>\n<td>0.5 y 1mA, seleccionable por el usuario, 2Hz<\/td>\n<\/tr>\n<tr>\n<td>Per\u00edodo de medici\u00f3n<\/td>\n<td>1 segundo<\/td>\n<\/tr>\n<tr>\n<td>Filtro digital<\/td>\n<td>Exponencial, constante de tiempo de 0 a 60 segundos (seleccionable por el usuario)<\/td>\n<\/tr>\n<tr>\n<td>Conexi\u00f3n de sonda<\/td>\n<td>4 hilos con blindaje, conector DIN de 5 pines<\/td>\n<\/tr>\n<tr>\n<td>Comunicaciones<\/td>\n<td>Est\u00e1ndar serie RS-232; IEEE-488 (GPIB) opcional<\/td>\n<\/tr>\n<tr>\n<td>Monitor<\/td>\n<td>LED amarillo-verde de 8 d\u00edgitos y 7 segmentos; 0.5in caracteres altos<\/td>\n<\/tr>\n<tr>\n<td>Poder<\/td>\n<td>115 V CA (\u00b110%), 50\/60 Hz, 1A, nominal; 230 V CA (\u00b110%), 50\/60 Hz, 1A, nominal, especificar<\/td>\n<\/tr>\n<tr>\n<td>Tama\u00f1o (H x W x D)<\/td>\n<td>2,4 x 5,6 x 7,1 pulgadas (61 x 143 x 181 mm)<\/td>\n<\/tr>\n<tr>\n<td>Sondas de Hart<\/td>\n<td>5615, 5627, 5626, 5628, 5622<\/td>\n<\/tr>\n<tr>\n<td>Calibraci\u00f3n<\/td>\n<td>Se proporciona calibraci\u00f3n acreditada por ISO 17025<\/td>\n<\/tr>\n<\/tbody>\n<\/table>\n","protected":false},"excerpt":{"rendered":"<p>Esta lectura del term\u00f3metro de interpolaci\u00f3n mide con precisi\u00f3n la resistencia de la sonda y luego convierte la resistencia a un valor de temperatura utilizando algoritmos incorporados<\/p>\n","protected":false},"featured_media":2345,"comment_status":"open","ping_status":"closed","template":"","meta":{"_joinchat":[]},"product_brand":[],"product_cat":[15],"product_tag":[],"class_list":{"0":"post-2344","1":"product","2":"type-product","3":"status-publish","4":"has-post-thumbnail","6":"product_cat-sin-categorizar","8":"first","9":"instock","10":"shipping-taxable","11":"product-type-simple"},"yoast_head":"<!-- This site is optimized with the Yoast SEO plugin v26.4 - https:\/\/yoast.com\/wordpress\/plugins\/seo\/ -->\n<title>lectura del term\u00f3metro fluke 1502a-156, tweener prt, \u00b10,006 \u00b0c con una precisi\u00f3n de temperatura de 0 \u00b0c - Abaa tienda online<\/title>\n<meta name=\"robots\" content=\"index, follow, max-snippet:-1, max-image-preview:large, max-video-preview:-1\" \/>\n<link rel=\"canonical\" href=\"https:\/\/abaa.mx\/tienda\/lectura-del-termometro-fluke-1502a-156-tweener-prt-\u00b10006-c-con-una-precision-de-temperatura-de-0-c\/\" \/>\n<meta property=\"og:locale\" content=\"es_MX\" \/>\n<meta property=\"og:type\" content=\"article\" \/>\n<meta property=\"og:title\" content=\"lectura del term\u00f3metro fluke 1502a-156, tweener prt, \u00b10,006 \u00b0c con una precisi\u00f3n de temperatura de 0 \u00b0c - Abaa tienda online\" \/>\n<meta property=\"og:description\" content=\"Esta lectura del term\u00f3metro de interpolaci\u00f3n mide con precisi\u00f3n la resistencia de la sonda y luego convierte la resistencia a un valor de temperatura utilizando algoritmos incorporados\" \/>\n<meta property=\"og:url\" content=\"https:\/\/abaa.mx\/tienda\/lectura-del-termometro-fluke-1502a-156-tweener-prt-\u00b10006-c-con-una-precision-de-temperatura-de-0-c\/\" \/>\n<meta property=\"og:site_name\" content=\"Abaa tienda online\" \/>\n<meta property=\"article:modified_time\" content=\"2023-09-20T21:40:31+00:00\" \/>\n<meta property=\"og:image\" content=\"https:\/\/abaa.mx\/tienda\/wp-content\/uploads\/2023\/09\/1502A-156.jpg\" \/>\n\t<meta property=\"og:image:width\" content=\"550\" \/>\n\t<meta property=\"og:image:height\" content=\"550\" \/>\n\t<meta property=\"og:image:type\" content=\"image\/jpeg\" \/>\n<meta name=\"twitter:card\" content=\"summary_large_image\" \/>\n<meta name=\"twitter:label1\" content=\"Tiempo de lectura\" \/>\n\t<meta name=\"twitter:data1\" content=\"2 minutos\" \/>\n<script type=\"application\/ld+json\" class=\"yoast-schema-graph\">{\"@context\":\"https:\/\/schema.org\",\"@graph\":[{\"@type\":\"WebPage\",\"@id\":\"https:\/\/abaa.mx\/tienda\/lectura-del-termometro-fluke-1502a-156-tweener-prt-%c2%b10006-c-con-una-precision-de-temperatura-de-0-c\/\",\"url\":\"https:\/\/abaa.mx\/tienda\/lectura-del-termometro-fluke-1502a-156-tweener-prt-%c2%b10006-c-con-una-precision-de-temperatura-de-0-c\/\",\"name\":\"lectura del term\u00f3metro fluke 1502a-156, tweener prt, \u00b10,006 \u00b0c con una precisi\u00f3n de temperatura de 0 \u00b0c - Abaa tienda online\",\"isPartOf\":{\"@id\":\"https:\/\/abaa.mx\/tienda\/#website\"},\"primaryImageOfPage\":{\"@id\":\"https:\/\/abaa.mx\/tienda\/lectura-del-termometro-fluke-1502a-156-tweener-prt-%c2%b10006-c-con-una-precision-de-temperatura-de-0-c\/#primaryimage\"},\"image\":{\"@id\":\"https:\/\/abaa.mx\/tienda\/lectura-del-termometro-fluke-1502a-156-tweener-prt-%c2%b10006-c-con-una-precision-de-temperatura-de-0-c\/#primaryimage\"},\"thumbnailUrl\":\"https:\/\/abaa.mx\/tienda\/wp-content\/uploads\/2023\/09\/1502A-156.jpg\",\"datePublished\":\"2023-09-20T21:40:30+00:00\",\"dateModified\":\"2023-09-20T21:40:31+00:00\",\"breadcrumb\":{\"@id\":\"https:\/\/abaa.mx\/tienda\/lectura-del-termometro-fluke-1502a-156-tweener-prt-%c2%b10006-c-con-una-precision-de-temperatura-de-0-c\/#breadcrumb\"},\"inLanguage\":\"es\",\"potentialAction\":[{\"@type\":\"ReadAction\",\"target\":[\"https:\/\/abaa.mx\/tienda\/lectura-del-termometro-fluke-1502a-156-tweener-prt-%c2%b10006-c-con-una-precision-de-temperatura-de-0-c\/\"]}]},{\"@type\":\"ImageObject\",\"inLanguage\":\"es\",\"@id\":\"https:\/\/abaa.mx\/tienda\/lectura-del-termometro-fluke-1502a-156-tweener-prt-%c2%b10006-c-con-una-precision-de-temperatura-de-0-c\/#primaryimage\",\"url\":\"https:\/\/abaa.mx\/tienda\/wp-content\/uploads\/2023\/09\/1502A-156.jpg\",\"contentUrl\":\"https:\/\/abaa.mx\/tienda\/wp-content\/uploads\/2023\/09\/1502A-156.jpg\",\"width\":550,\"height\":550,\"caption\":\"1502A-156\"},{\"@type\":\"BreadcrumbList\",\"@id\":\"https:\/\/abaa.mx\/tienda\/lectura-del-termometro-fluke-1502a-156-tweener-prt-%c2%b10006-c-con-una-precision-de-temperatura-de-0-c\/#breadcrumb\",\"itemListElement\":[{\"@type\":\"ListItem\",\"position\":1,\"name\":\"Inicio\",\"item\":\"https:\/\/abaa.mx\/tienda\/\"},{\"@type\":\"ListItem\",\"position\":2,\"name\":\"Tienda\",\"item\":\"https:\/\/abaa.mx\/tienda\/\"},{\"@type\":\"ListItem\",\"position\":3,\"name\":\"lectura del term\u00f3metro fluke 1502a-156, tweener prt, \u00b10,006 \u00b0c con una precisi\u00f3n de temperatura de 0 \u00b0c\"}]},{\"@type\":\"WebSite\",\"@id\":\"https:\/\/abaa.mx\/tienda\/#website\",\"url\":\"https:\/\/abaa.mx\/tienda\/\",\"name\":\"Abaa tienda online\",\"description\":\"Instrumentos de medici\u00f3n\",\"publisher\":{\"@id\":\"https:\/\/abaa.mx\/tienda\/#organization\"},\"potentialAction\":[{\"@type\":\"SearchAction\",\"target\":{\"@type\":\"EntryPoint\",\"urlTemplate\":\"https:\/\/abaa.mx\/tienda\/?s={search_term_string}\"},\"query-input\":{\"@type\":\"PropertyValueSpecification\",\"valueRequired\":true,\"valueName\":\"search_term_string\"}}],\"inLanguage\":\"es\"},{\"@type\":\"Organization\",\"@id\":\"https:\/\/abaa.mx\/tienda\/#organization\",\"name\":\"Abaa tienda online\",\"url\":\"https:\/\/abaa.mx\/tienda\/\",\"logo\":{\"@type\":\"ImageObject\",\"inLanguage\":\"es\",\"@id\":\"https:\/\/abaa.mx\/tienda\/#\/schema\/logo\/image\/\",\"url\":\"https:\/\/abaa.mx\/tienda\/wp-content\/uploads\/2024\/01\/abaa-metrologia-tienda.png\",\"contentUrl\":\"https:\/\/abaa.mx\/tienda\/wp-content\/uploads\/2024\/01\/abaa-metrologia-tienda.png\",\"width\":300,\"height\":141,\"caption\":\"Abaa tienda online\"},\"image\":{\"@id\":\"https:\/\/abaa.mx\/tienda\/#\/schema\/logo\/image\/\"}}]}<\/script>\n<!-- \/ Yoast SEO plugin. -->","yoast_head_json":{"title":"lectura del term\u00f3metro fluke 1502a-156, tweener prt, \u00b10,006 \u00b0c con una precisi\u00f3n de temperatura de 0 \u00b0c - Abaa tienda online","robots":{"index":"index","follow":"follow","max-snippet":"max-snippet:-1","max-image-preview":"max-image-preview:large","max-video-preview":"max-video-preview:-1"},"canonical":"https:\/\/abaa.mx\/tienda\/lectura-del-termometro-fluke-1502a-156-tweener-prt-\u00b10006-c-con-una-precision-de-temperatura-de-0-c\/","og_locale":"es_MX","og_type":"article","og_title":"lectura del term\u00f3metro fluke 1502a-156, tweener prt, \u00b10,006 \u00b0c con una precisi\u00f3n de temperatura de 0 \u00b0c - Abaa tienda online","og_description":"Esta lectura del term\u00f3metro de interpolaci\u00f3n mide con precisi\u00f3n la resistencia de la sonda y luego convierte la resistencia a un valor de temperatura utilizando algoritmos incorporados","og_url":"https:\/\/abaa.mx\/tienda\/lectura-del-termometro-fluke-1502a-156-tweener-prt-\u00b10006-c-con-una-precision-de-temperatura-de-0-c\/","og_site_name":"Abaa tienda online","article_modified_time":"2023-09-20T21:40:31+00:00","og_image":[{"width":550,"height":550,"url":"https:\/\/abaa.mx\/tienda\/wp-content\/uploads\/2023\/09\/1502A-156.jpg","type":"image\/jpeg"}],"twitter_card":"summary_large_image","twitter_misc":{"Tiempo de lectura":"2 minutos"},"schema":{"@context":"https:\/\/schema.org","@graph":[{"@type":"WebPage","@id":"https:\/\/abaa.mx\/tienda\/lectura-del-termometro-fluke-1502a-156-tweener-prt-%c2%b10006-c-con-una-precision-de-temperatura-de-0-c\/","url":"https:\/\/abaa.mx\/tienda\/lectura-del-termometro-fluke-1502a-156-tweener-prt-%c2%b10006-c-con-una-precision-de-temperatura-de-0-c\/","name":"lectura del term\u00f3metro fluke 1502a-156, tweener prt, \u00b10,006 \u00b0c con una precisi\u00f3n de temperatura de 0 \u00b0c - Abaa tienda online","isPartOf":{"@id":"https:\/\/abaa.mx\/tienda\/#website"},"primaryImageOfPage":{"@id":"https:\/\/abaa.mx\/tienda\/lectura-del-termometro-fluke-1502a-156-tweener-prt-%c2%b10006-c-con-una-precision-de-temperatura-de-0-c\/#primaryimage"},"image":{"@id":"https:\/\/abaa.mx\/tienda\/lectura-del-termometro-fluke-1502a-156-tweener-prt-%c2%b10006-c-con-una-precision-de-temperatura-de-0-c\/#primaryimage"},"thumbnailUrl":"https:\/\/abaa.mx\/tienda\/wp-content\/uploads\/2023\/09\/1502A-156.jpg","datePublished":"2023-09-20T21:40:30+00:00","dateModified":"2023-09-20T21:40:31+00:00","breadcrumb":{"@id":"https:\/\/abaa.mx\/tienda\/lectura-del-termometro-fluke-1502a-156-tweener-prt-%c2%b10006-c-con-una-precision-de-temperatura-de-0-c\/#breadcrumb"},"inLanguage":"es","potentialAction":[{"@type":"ReadAction","target":["https:\/\/abaa.mx\/tienda\/lectura-del-termometro-fluke-1502a-156-tweener-prt-%c2%b10006-c-con-una-precision-de-temperatura-de-0-c\/"]}]},{"@type":"ImageObject","inLanguage":"es","@id":"https:\/\/abaa.mx\/tienda\/lectura-del-termometro-fluke-1502a-156-tweener-prt-%c2%b10006-c-con-una-precision-de-temperatura-de-0-c\/#primaryimage","url":"https:\/\/abaa.mx\/tienda\/wp-content\/uploads\/2023\/09\/1502A-156.jpg","contentUrl":"https:\/\/abaa.mx\/tienda\/wp-content\/uploads\/2023\/09\/1502A-156.jpg","width":550,"height":550,"caption":"1502A-156"},{"@type":"BreadcrumbList","@id":"https:\/\/abaa.mx\/tienda\/lectura-del-termometro-fluke-1502a-156-tweener-prt-%c2%b10006-c-con-una-precision-de-temperatura-de-0-c\/#breadcrumb","itemListElement":[{"@type":"ListItem","position":1,"name":"Inicio","item":"https:\/\/abaa.mx\/tienda\/"},{"@type":"ListItem","position":2,"name":"Tienda","item":"https:\/\/abaa.mx\/tienda\/"},{"@type":"ListItem","position":3,"name":"lectura del term\u00f3metro fluke 1502a-156, tweener prt, \u00b10,006 \u00b0c con una precisi\u00f3n de temperatura de 0 \u00b0c"}]},{"@type":"WebSite","@id":"https:\/\/abaa.mx\/tienda\/#website","url":"https:\/\/abaa.mx\/tienda\/","name":"Abaa tienda online","description":"Instrumentos de medici\u00f3n","publisher":{"@id":"https:\/\/abaa.mx\/tienda\/#organization"},"potentialAction":[{"@type":"SearchAction","target":{"@type":"EntryPoint","urlTemplate":"https:\/\/abaa.mx\/tienda\/?s={search_term_string}"},"query-input":{"@type":"PropertyValueSpecification","valueRequired":true,"valueName":"search_term_string"}}],"inLanguage":"es"},{"@type":"Organization","@id":"https:\/\/abaa.mx\/tienda\/#organization","name":"Abaa tienda online","url":"https:\/\/abaa.mx\/tienda\/","logo":{"@type":"ImageObject","inLanguage":"es","@id":"https:\/\/abaa.mx\/tienda\/#\/schema\/logo\/image\/","url":"https:\/\/abaa.mx\/tienda\/wp-content\/uploads\/2024\/01\/abaa-metrologia-tienda.png","contentUrl":"https:\/\/abaa.mx\/tienda\/wp-content\/uploads\/2024\/01\/abaa-metrologia-tienda.png","width":300,"height":141,"caption":"Abaa tienda online"},"image":{"@id":"https:\/\/abaa.mx\/tienda\/#\/schema\/logo\/image\/"}}]}},"_links":{"self":[{"href":"https:\/\/abaa.mx\/tienda\/wp-json\/wp\/v2\/product\/2344","targetHints":{"allow":["GET"]}}],"collection":[{"href":"https:\/\/abaa.mx\/tienda\/wp-json\/wp\/v2\/product"}],"about":[{"href":"https:\/\/abaa.mx\/tienda\/wp-json\/wp\/v2\/types\/product"}],"replies":[{"embeddable":true,"href":"https:\/\/abaa.mx\/tienda\/wp-json\/wp\/v2\/comments?post=2344"}],"wp:featuredmedia":[{"embeddable":true,"href":"https:\/\/abaa.mx\/tienda\/wp-json\/wp\/v2\/media\/2345"}],"wp:attachment":[{"href":"https:\/\/abaa.mx\/tienda\/wp-json\/wp\/v2\/media?parent=2344"}],"wp:term":[{"taxonomy":"product_brand","embeddable":true,"href":"https:\/\/abaa.mx\/tienda\/wp-json\/wp\/v2\/product_brand?post=2344"},{"taxonomy":"product_cat","embeddable":true,"href":"https:\/\/abaa.mx\/tienda\/wp-json\/wp\/v2\/product_cat?post=2344"},{"taxonomy":"product_tag","embeddable":true,"href":"https:\/\/abaa.mx\/tienda\/wp-json\/wp\/v2\/product_tag?post=2344"}],"curies":[{"name":"wp","href":"https:\/\/api.w.org\/{rel}","templated":true}]}}