{"id":2342,"date":"2023-09-20T21:38:40","date_gmt":"2023-09-20T21:38:40","guid":{"rendered":"https:\/\/abaa.mx\/tienda\/?post_type=product&#038;p=2342"},"modified":"2023-11-28T19:51:59","modified_gmt":"2023-11-28T19:51:59","slug":"kit-combinado-para-tecnicos-de-hvac-r-fluke-116-62-max","status":"publish","type":"product","link":"https:\/\/abaa.mx\/tienda\/kit-combinado-para-tecnicos-de-hvac-r-fluke-116-62-max\/","title":{"rendered":"kit combinado para t\u00e9cnicos de hvac-r fluke 116-62 max+"},"content":{"rendered":"<p><strong>Funciones<\/strong><\/p>\n<ul>\n<li>Term\u00f3metro incorporado<\/li>\n<li>Proporciona microamperios para probar sensores de llama<\/li>\n<li>Baja impedancia de entrada para ayudar a prevenir lecturas falsas debido al voltaje fantasma<\/li>\n<li>Gran retroiluminaci\u00f3n LED blanca para trabajar en \u00e1reas poco iluminadas<\/li>\n<li>Mide resistencia, continuidad, frecuencia y capacitancia<\/li>\n<li>Proporciona M\u00edn\/M\u00e1x\/Promedio para registrar las fluctuaciones de la se\u00f1al<\/li>\n<li>Dise\u00f1o ergon\u00f3mico compacto para el manejo con una sola mano<\/li>\n<li>Se adapta al colgador magn\u00e9tico opcional ToolPak\u2122 para un funcionamiento manos libres (se vende por separado)<\/li>\n<li>CAT III 600 V con clasificaci\u00f3n de seguridad<\/li>\n<\/ul>\n<p><strong>Aplicaciones<\/strong><\/p>\n<ul>\n<li>HVAC\/R<\/li>\n<\/ul>\n<p><strong>Term\u00f3metro infrarrojo Fluke 62 MAX Plus<\/strong><\/p>\n<p>Los term\u00f3metros infrarrojos son todo lo que esperar\u00eda de los expertos en medici\u00f3n de temperatura en transformadores, motores, bombas, paneles, interruptores, compresores, conductos, l\u00edneas de vapor, v\u00e1lvulas y respiraderos en \u00e1reas de dif\u00edcil acceso para reparaci\u00f3n y mantenimiento.<\/p>\n<p>Si alguna vez ha usado un term\u00f3metro infrarrojo, es posible que haya sido enga\u00f1ado con respecto a la lectura de temperatura. Esto se debe a que los term\u00f3metros IR proyectan un cono de medici\u00f3n en una superficie y toman la temperatura promedio del cono en el objetivo. Aunque la mayor\u00eda de los term\u00f3metros IR tienen un puntero l\u00e1ser, un l\u00e1ser es una l\u00ednea, no un cono, y puede pensar que est\u00e1 obteniendo temperatura solo en el punto l\u00e1ser. Utiliza dos punteros l\u00e1ser giratorios que le muestran el tama\u00f1o del \u00e1rea de medici\u00f3n. Cubre el rango de temperatura de -22 a 1202 \u00b0 F (-30 a 650 \u00b0 C) con un tiempo de respuesta inferior a 300 ms. La pantalla del medidor est\u00e1 ubicada en una posici\u00f3n y con un \u00e1ngulo de visi\u00f3n (15\u00b0) que, en muchos casos, permite ver la pantalla sin tener que mover el term\u00f3metro desde el punto de medici\u00f3n. Para la mayor\u00eda de las mediciones, simplemente aprieta el gatillo una vez que hayas identificado el punto de medici\u00f3n.<\/p>\n<p><strong>Funciones<\/strong><\/p>\n<ul>\n<li>Resistente al polvo y al agua: clasificaci\u00f3n IP54 para resistencia al polvo y al agua<\/li>\n<li>Prueba de ca\u00edda: lo suficientemente resistente como para sobrevivir a una ca\u00edda de 9,8 pies (3 m) para sus entornos de trabajo m\u00e1s duros<\/li>\n<li>Dise\u00f1o ergon\u00f3mico para un ajuste m\u00e1s natural de la mano<\/li>\n<li>Peque\u00f1o y ligero: se engancha a su cintur\u00f3n de herramientas o al lazo del cintur\u00f3n o cabe f\u00e1cilmente en su caja de herramientas<\/li>\n<li>Distancia al punto: la tecnolog\u00eda l\u00e1ser precisa permite mediciones m\u00e1s precisas y repetibles<\/li>\n<li>Pantalla grande retroiluminada: la pantalla grande facilita la lectura de los datos, incluso en \u00e1reas oscuras<\/li>\n<li>Min\/Max\/Avg\/Dif: Muestra la temperatura m\u00ednima, m\u00e1xima o media, o la diferencia entre dos mediciones<\/li>\n<li>Alarma: Alarmas Hi y Lo para una visualizaci\u00f3n r\u00e1pida de mediciones fuera de los l\u00edmites<\/li>\n<li>Energ\u00eda: Alimentado por una sola bater\u00eda AA est\u00e1ndar<\/li>\n<\/ul>\n<p><strong>\u00bfPor qu\u00e9 term\u00f3metros IR?<\/strong><\/p>\n<p>La temperatura es a menudo la primera indicaci\u00f3n de problemas potenciales en aplicaciones el\u00e9ctricas y mec\u00e1nicas. Pero, \u00bfc\u00f3mo puede determinar f\u00e1cilmente si un panel el\u00e9ctrico tiene un punto caliente, un motor se est\u00e1 sobrecalentando o un sistema HVAC \/ R es ineficiente? La respuesta es con un term\u00f3metro infrarrojo (IR). Con los term\u00f3metros IR port\u00e1tiles sin contacto, puede medir instant\u00e1neamente las temperaturas del equipo en \u00e1reas dif\u00edciles de alcanzar o peligrosas. Y con la detecci\u00f3n temprana de temperaturas anormales viene la correcci\u00f3n temprana de los problemas.<\/p>\n<p><strong>Aplicaciones<\/strong><\/p>\n<ul>\n<li>Automotor<\/li>\n<li>Avi\u00f3nica<\/li>\n<li>Automatizaci\u00f3n de edificios<\/li>\n<li>Comercial<\/li>\n<li>Defensa<\/li>\n<li>Militar y aeroespacial<\/li>\n<li>HVAC\/R<\/li>\n<li>Industrial<\/li>\n<li>Iluminaci\u00f3n<\/li>\n<li>Mantenimiento y reparaci\u00f3n<\/li>\n<\/ul>\n<p><strong>Juego de cables de prueba de punto\u2122 duro TL75 de Fluke<\/strong><\/p>\n<p><strong>Funciones<\/strong><\/p>\n<ul>\n<li>Un par (rojo, negro) de sondas de agarre de confort<\/li>\n<li>Cables de prueba aislados con PVC de 48&#8243; (1,22 m) con tapones de pl\u00e1tano envueltos en \u00e1ngulo recto<\/li>\n<li>Recomendado para mediciones de uso general<\/li>\n<li>CAT II 1000 V, , 10 A nominal<\/li>\n<li>CAT IV 600 V, CAT III 1000 V solo con tapa protectora<\/li>\n<li>Listado de CSA<\/li>\n<li><strong>Sonda de temperatura DMM integrada Fluke 80BK-A<\/strong><\/li>\n<\/ul>\n<p><strong>Funciones<\/strong><\/p>\n<ul>\n<li>Gato de pl\u00e1tano envuelto est\u00e1ndar<\/li>\n<li>Conveniente construcci\u00f3n de una sola pieza<\/li>\n<\/ul>\n<h4>Especificaciones de Fluke 116\/62-MAX+<\/h4>\n<table class=\"table table-striped\">\n<tbody>\n<tr>\n<td colspan=\"2\"><strong>Especificaciones de precisi\u00f3n<\/strong><\/td>\n<\/tr>\n<tr>\n<td>Milivoltios DC<\/td>\n<td>Rango: 600.0 mV Resoluci\u00f3n: 0.1 mV<\/p>\n<p>Precisi\u00f3n: 0.5 % + 2<\/td>\n<\/tr>\n<tr>\n<td>Voltios DC<\/td>\n<td>Rango: 6, 60, 600 V Resoluci\u00f3n: 0.001, 0.01, 0.1 V<\/p>\n<p>Precisi\u00f3n: 0.5 % + 2<\/td>\n<\/tr>\n<tr>\n<td>Voltios autom\u00e1ticos<\/td>\n<td>Rango: 600.0 V Resoluci\u00f3n: 0.1 V<\/p>\n<p>Precisi\u00f3n: 2.0 % + 3 (cc, 45 a 500 Hz) 4.0 % + 3 (500 Hz a 1 kHz)<\/td>\n<\/tr>\n<tr>\n<td>Milivoltios de CA Verdadero RMS<\/td>\n<td>Rango: 600.0 mV<br \/>\nResoluci\u00f3n: 0.1 V<br \/>\nPrecisi\u00f3n: 1.0 % + 3 (dc, 45 a 500 Hz) 2.0 % + 3 (500 Hz a 1 kHz)<\/td>\n<\/tr>\n<tr>\n<td>AC Volts True RMS<\/td>\n<td>Rango: 6, 60, 600 V Resoluci\u00f3n: 0.001, 0.01, 0.1 V<\/p>\n<p>Precisi\u00f3n: 1.0 % + 3 (dc, 45 a 500 Hz) 2.0 % + 3 (500 Hz a 1 kHz)<\/td>\n<\/tr>\n<tr>\n<td>Continuidad<\/td>\n<td>Rango: 600 \u03a9<br \/>\nResoluci\u00f3n: 1 \u03a9 Precisi\u00f3n: Beeper on &lt;20 \u03a9 off&gt; 250 \u03a9<br \/>\n; Detecta aperturas o cortocircuitos de 500 \u03bcs o m\u00e1s<\/td>\n<\/tr>\n<tr>\n<td>Ohmios<\/td>\n<td>Rango: 600 \u03a9, 6, 60, 600 k\u03a9, 6, 40 M\u03a9 Resoluci\u00f3n: 1 \u03a9, 0.001, 0.01, 0.1 k\u03a9, 0.001, 0.01 M\u03a9<\/p>\n<p>Precisi\u00f3n: 0.9 % + 1<\/td>\n<\/tr>\n<tr>\n<td>Prueba de diodo<\/td>\n<td>Rango: 2.000 V Resoluci\u00f3n: 0.001 V<\/p>\n<p>Precisi\u00f3n: 0.9 % + 2<\/td>\n<\/tr>\n<tr>\n<td>Capacitancia<\/td>\n<td>Rango: 1000, nF, 10, 100, 9999, 100 a 1000, &gt;1000 \u03bcF Resoluci\u00f3n: 1 nF, 0.01, 0.1, 1 \u03bcF<\/p>\n<p>Precisi\u00f3n: 0.9 % + 2, 1.9 % + 2, 5 % + 20<\/td>\n<\/tr>\n<tr>\n<td>Capacitancia Lo-Z<\/td>\n<td>Rango: 1 nF a 500\u03bcF<br \/>\nPrecisi\u00f3n: 10% + 2 t\u00edpico<\/td>\n<\/tr>\n<tr>\n<td>Temperatura (termopar tipo K)<\/td>\n<td>Rango: -40 a 752 \u00b0F (-40 a 400 \u00b0C) Resoluci\u00f3n: 0.2 \u00b0F (0.1 \u00b0C)<\/p>\n<p>Precisi\u00f3n: 1 % + 18<\/td>\n<\/tr>\n<tr>\n<td>AC \u03bcAmps True RMS (45 a 500 Hz)<\/td>\n<td>Rango: 600.0 \u03bcA Resoluci\u00f3n: 0.1 \u03bcA<\/p>\n<p>Precisi\u00f3n: 1.5 % + 3 (2.5 % + 3 &gt;500 Hz<\/td>\n<\/tr>\n<tr>\n<td>\u039cAmperios DC<\/td>\n<td>Rango: 600.0 \u03bcA Resoluci\u00f3n: 0.1 \u03bcA<\/p>\n<p>Precisi\u00f3n: 1.0 % + 2<\/td>\n<\/tr>\n<tr>\n<td>Hz (entrada V o A)<\/td>\n<td>Rango: 99.99, 999.9 Hz, 9.999, 50.00 kHz Resoluci\u00f3n: 0.01, 0.1 Hz, 0.001, 0.01 kHz<\/p>\n<p>Precisi\u00f3n: 0.1 % + 2<\/td>\n<\/tr>\n<tr>\n<td colspan=\"2\"><strong>Especificaciones generales<\/strong><\/td>\n<\/tr>\n<tr>\n<td>Voltaje m\u00e1ximo entre cualquier terminal y tierra<\/td>\n<td>600 V<\/td>\n<\/tr>\n<tr>\n<td>Monitor<\/td>\n<td>Digital: 6.000 cuentas, actualizaciones 4\/seg<\/td>\n<\/tr>\n<tr>\n<td>Gr\u00e1fico de barras<\/td>\n<td>33 segmentos, actualizaciones 32\/seg<\/td>\n<\/tr>\n<tr>\n<td>Temperatura de funcionamiento<\/td>\n<td>14 a 122\u00b0F (-10 a 50\u00b0C)<\/td>\n<\/tr>\n<tr>\n<td>Temperatura de almacenamiento<\/td>\n<td>-40 a 140\u00b0F (-40 a 60\u00b0C)<\/td>\n<\/tr>\n<tr>\n<td>Bater\u00eda<\/td>\n<td>9 V alcalino, NEDA 1604A\/IEC 6LR61<\/td>\n<\/tr>\n<tr>\n<td>Duraci\u00f3n de la bater\u00eda<\/td>\n<td>400 horas t\u00edpicas, sin luz de fondo<\/td>\n<\/tr>\n<tr>\n<td>Protecci\u00f3n contra sobretensiones<\/td>\n<td>Pico de 6 kV seg\u00fan IEC 61010-1 600 V CAT III, Grado de contaminaci\u00f3n 2<\/td>\n<\/tr>\n<\/tbody>\n<\/table>\n","protected":false},"excerpt":{"rendered":"<p><strong>Funciones<\/strong><\/p>\n<ul>\n<li>Term\u00f3metro incorporado.<\/li>\n<li>Proporciona microamperios para probar sensores de llama.<\/li>\n<li>Baja impedancia de entrada para ayudar a prevenir lecturas falsas debido al voltaje fantasma.<\/li>\n<li>Gran retroiluminaci\u00f3n LED blanca para trabajar en \u00e1reas poco iluminadas.<\/li>\n<li>Mide resistencia, continuidad, frecuencia y capacitancia.<\/li>\n<li>Proporciona M\u00edn\/M\u00e1x\/Promedio para registrar las fluctuaciones de la se\u00f1al.<\/li>\n<li>Dise\u00f1o ergon\u00f3mico compacto para el manejo con una sola mano.<\/li>\n<li>Se adapta al colgador magn\u00e9tico opcional ToolPak\u00a0 para un funcionamiento manos libres (se vende por separado).<\/li>\n<li>CAT III 600 V con clasificaci\u00f3n de seguridad.<\/li>\n<\/ul>\n","protected":false},"featured_media":2343,"comment_status":"open","ping_status":"closed","template":"","meta":{"_joinchat":[]},"product_brand":[],"product_cat":[15],"product_tag":[],"class_list":{"0":"post-2342","1":"product","2":"type-product","3":"status-publish","4":"has-post-thumbnail","6":"product_cat-sin-categorizar","8":"first","9":"instock","10":"shipping-taxable","11":"product-type-simple"},"yoast_head":"<!-- This site is optimized with the Yoast SEO plugin v26.4 - https:\/\/yoast.com\/wordpress\/plugins\/seo\/ -->\n<title>kit combinado para t\u00e9cnicos de hvac-r fluke 116-62 max+ - Abaa tienda online<\/title>\n<meta name=\"robots\" content=\"index, follow, max-snippet:-1, max-image-preview:large, max-video-preview:-1\" \/>\n<link rel=\"canonical\" href=\"https:\/\/abaa.mx\/tienda\/kit-combinado-para-tecnicos-de-hvac-r-fluke-116-62-max\/\" \/>\n<meta property=\"og:locale\" content=\"es_MX\" \/>\n<meta property=\"og:type\" content=\"article\" \/>\n<meta property=\"og:title\" content=\"kit combinado para t\u00e9cnicos de hvac-r fluke 116-62 max+ - Abaa tienda online\" \/>\n<meta property=\"og:description\" content=\"Funciones   Term\u00f3metro incorporado.  Proporciona microamperios para probar sensores de llama.  Baja impedancia de entrada para ayudar a prevenir lecturas falsas debido al voltaje fantasma.  Gran retroiluminaci\u00f3n LED blanca para trabajar en \u00e1reas poco iluminadas.  Mide resistencia, continuidad, frecuencia y capacitancia.  Proporciona M\u00edn\/M\u00e1x\/Promedio para registrar las fluctuaciones de la se\u00f1al.  Dise\u00f1o ergon\u00f3mico compacto para el manejo con una sola mano.  Se adapta al colgador magn\u00e9tico opcional ToolPak\u00a0 para un funcionamiento manos libres (se vende por separado).  CAT III 600 V con clasificaci\u00f3n de seguridad.\" \/>\n<meta property=\"og:url\" content=\"https:\/\/abaa.mx\/tienda\/kit-combinado-para-tecnicos-de-hvac-r-fluke-116-62-max\/\" \/>\n<meta property=\"og:site_name\" content=\"Abaa tienda online\" \/>\n<meta property=\"article:modified_time\" content=\"2023-11-28T19:51:59+00:00\" \/>\n<meta property=\"og:image\" content=\"https:\/\/abaa.mx\/tienda\/wp-content\/uploads\/2023\/09\/116-62-MAX.jpg\" \/>\n\t<meta property=\"og:image:width\" content=\"270\" \/>\n\t<meta property=\"og:image:height\" content=\"375\" \/>\n\t<meta property=\"og:image:type\" content=\"image\/jpeg\" \/>\n<meta name=\"twitter:card\" content=\"summary_large_image\" \/>\n<meta name=\"twitter:label1\" content=\"Tiempo de lectura\" \/>\n\t<meta name=\"twitter:data1\" content=\"5 minutos\" \/>\n<script type=\"application\/ld+json\" class=\"yoast-schema-graph\">{\"@context\":\"https:\/\/schema.org\",\"@graph\":[{\"@type\":\"WebPage\",\"@id\":\"https:\/\/abaa.mx\/tienda\/kit-combinado-para-tecnicos-de-hvac-r-fluke-116-62-max\/\",\"url\":\"https:\/\/abaa.mx\/tienda\/kit-combinado-para-tecnicos-de-hvac-r-fluke-116-62-max\/\",\"name\":\"kit combinado para t\u00e9cnicos de hvac-r fluke 116-62 max+ - Abaa tienda online\",\"isPartOf\":{\"@id\":\"https:\/\/abaa.mx\/tienda\/#website\"},\"primaryImageOfPage\":{\"@id\":\"https:\/\/abaa.mx\/tienda\/kit-combinado-para-tecnicos-de-hvac-r-fluke-116-62-max\/#primaryimage\"},\"image\":{\"@id\":\"https:\/\/abaa.mx\/tienda\/kit-combinado-para-tecnicos-de-hvac-r-fluke-116-62-max\/#primaryimage\"},\"thumbnailUrl\":\"https:\/\/abaa.mx\/tienda\/wp-content\/uploads\/2023\/09\/116-62-MAX.jpg\",\"datePublished\":\"2023-09-20T21:38:40+00:00\",\"dateModified\":\"2023-11-28T19:51:59+00:00\",\"breadcrumb\":{\"@id\":\"https:\/\/abaa.mx\/tienda\/kit-combinado-para-tecnicos-de-hvac-r-fluke-116-62-max\/#breadcrumb\"},\"inLanguage\":\"es\",\"potentialAction\":[{\"@type\":\"ReadAction\",\"target\":[\"https:\/\/abaa.mx\/tienda\/kit-combinado-para-tecnicos-de-hvac-r-fluke-116-62-max\/\"]}]},{\"@type\":\"ImageObject\",\"inLanguage\":\"es\",\"@id\":\"https:\/\/abaa.mx\/tienda\/kit-combinado-para-tecnicos-de-hvac-r-fluke-116-62-max\/#primaryimage\",\"url\":\"https:\/\/abaa.mx\/tienda\/wp-content\/uploads\/2023\/09\/116-62-MAX.jpg\",\"contentUrl\":\"https:\/\/abaa.mx\/tienda\/wp-content\/uploads\/2023\/09\/116-62-MAX.jpg\",\"width\":270,\"height\":375,\"caption\":\"116-62-MAX\"},{\"@type\":\"BreadcrumbList\",\"@id\":\"https:\/\/abaa.mx\/tienda\/kit-combinado-para-tecnicos-de-hvac-r-fluke-116-62-max\/#breadcrumb\",\"itemListElement\":[{\"@type\":\"ListItem\",\"position\":1,\"name\":\"Inicio\",\"item\":\"https:\/\/abaa.mx\/tienda\/\"},{\"@type\":\"ListItem\",\"position\":2,\"name\":\"Tienda\",\"item\":\"https:\/\/abaa.mx\/tienda\/\"},{\"@type\":\"ListItem\",\"position\":3,\"name\":\"kit combinado para t\u00e9cnicos de hvac-r fluke 116-62 max+\"}]},{\"@type\":\"WebSite\",\"@id\":\"https:\/\/abaa.mx\/tienda\/#website\",\"url\":\"https:\/\/abaa.mx\/tienda\/\",\"name\":\"Abaa tienda online\",\"description\":\"Instrumentos de medici\u00f3n\",\"publisher\":{\"@id\":\"https:\/\/abaa.mx\/tienda\/#organization\"},\"potentialAction\":[{\"@type\":\"SearchAction\",\"target\":{\"@type\":\"EntryPoint\",\"urlTemplate\":\"https:\/\/abaa.mx\/tienda\/?s={search_term_string}\"},\"query-input\":{\"@type\":\"PropertyValueSpecification\",\"valueRequired\":true,\"valueName\":\"search_term_string\"}}],\"inLanguage\":\"es\"},{\"@type\":\"Organization\",\"@id\":\"https:\/\/abaa.mx\/tienda\/#organization\",\"name\":\"Abaa tienda online\",\"url\":\"https:\/\/abaa.mx\/tienda\/\",\"logo\":{\"@type\":\"ImageObject\",\"inLanguage\":\"es\",\"@id\":\"https:\/\/abaa.mx\/tienda\/#\/schema\/logo\/image\/\",\"url\":\"https:\/\/abaa.mx\/tienda\/wp-content\/uploads\/2024\/01\/abaa-metrologia-tienda.png\",\"contentUrl\":\"https:\/\/abaa.mx\/tienda\/wp-content\/uploads\/2024\/01\/abaa-metrologia-tienda.png\",\"width\":300,\"height\":141,\"caption\":\"Abaa tienda online\"},\"image\":{\"@id\":\"https:\/\/abaa.mx\/tienda\/#\/schema\/logo\/image\/\"}}]}<\/script>\n<!-- \/ Yoast SEO plugin. -->","yoast_head_json":{"title":"kit combinado para t\u00e9cnicos de hvac-r fluke 116-62 max+ - Abaa tienda online","robots":{"index":"index","follow":"follow","max-snippet":"max-snippet:-1","max-image-preview":"max-image-preview:large","max-video-preview":"max-video-preview:-1"},"canonical":"https:\/\/abaa.mx\/tienda\/kit-combinado-para-tecnicos-de-hvac-r-fluke-116-62-max\/","og_locale":"es_MX","og_type":"article","og_title":"kit combinado para t\u00e9cnicos de hvac-r fluke 116-62 max+ - Abaa tienda online","og_description":"Funciones   Term\u00f3metro incorporado.  Proporciona microamperios para probar sensores de llama.  Baja impedancia de entrada para ayudar a prevenir lecturas falsas debido al voltaje fantasma.  Gran retroiluminaci\u00f3n LED blanca para trabajar en \u00e1reas poco iluminadas.  Mide resistencia, continuidad, frecuencia y capacitancia.  Proporciona M\u00edn\/M\u00e1x\/Promedio para registrar las fluctuaciones de la se\u00f1al.  Dise\u00f1o ergon\u00f3mico compacto para el manejo con una sola mano.  Se adapta al colgador magn\u00e9tico opcional ToolPak\u00a0 para un funcionamiento manos libres (se vende por separado).  CAT III 600 V con clasificaci\u00f3n de seguridad.","og_url":"https:\/\/abaa.mx\/tienda\/kit-combinado-para-tecnicos-de-hvac-r-fluke-116-62-max\/","og_site_name":"Abaa tienda online","article_modified_time":"2023-11-28T19:51:59+00:00","og_image":[{"width":270,"height":375,"url":"https:\/\/abaa.mx\/tienda\/wp-content\/uploads\/2023\/09\/116-62-MAX.jpg","type":"image\/jpeg"}],"twitter_card":"summary_large_image","twitter_misc":{"Tiempo de lectura":"5 minutos"},"schema":{"@context":"https:\/\/schema.org","@graph":[{"@type":"WebPage","@id":"https:\/\/abaa.mx\/tienda\/kit-combinado-para-tecnicos-de-hvac-r-fluke-116-62-max\/","url":"https:\/\/abaa.mx\/tienda\/kit-combinado-para-tecnicos-de-hvac-r-fluke-116-62-max\/","name":"kit combinado para t\u00e9cnicos de hvac-r fluke 116-62 max+ - Abaa tienda online","isPartOf":{"@id":"https:\/\/abaa.mx\/tienda\/#website"},"primaryImageOfPage":{"@id":"https:\/\/abaa.mx\/tienda\/kit-combinado-para-tecnicos-de-hvac-r-fluke-116-62-max\/#primaryimage"},"image":{"@id":"https:\/\/abaa.mx\/tienda\/kit-combinado-para-tecnicos-de-hvac-r-fluke-116-62-max\/#primaryimage"},"thumbnailUrl":"https:\/\/abaa.mx\/tienda\/wp-content\/uploads\/2023\/09\/116-62-MAX.jpg","datePublished":"2023-09-20T21:38:40+00:00","dateModified":"2023-11-28T19:51:59+00:00","breadcrumb":{"@id":"https:\/\/abaa.mx\/tienda\/kit-combinado-para-tecnicos-de-hvac-r-fluke-116-62-max\/#breadcrumb"},"inLanguage":"es","potentialAction":[{"@type":"ReadAction","target":["https:\/\/abaa.mx\/tienda\/kit-combinado-para-tecnicos-de-hvac-r-fluke-116-62-max\/"]}]},{"@type":"ImageObject","inLanguage":"es","@id":"https:\/\/abaa.mx\/tienda\/kit-combinado-para-tecnicos-de-hvac-r-fluke-116-62-max\/#primaryimage","url":"https:\/\/abaa.mx\/tienda\/wp-content\/uploads\/2023\/09\/116-62-MAX.jpg","contentUrl":"https:\/\/abaa.mx\/tienda\/wp-content\/uploads\/2023\/09\/116-62-MAX.jpg","width":270,"height":375,"caption":"116-62-MAX"},{"@type":"BreadcrumbList","@id":"https:\/\/abaa.mx\/tienda\/kit-combinado-para-tecnicos-de-hvac-r-fluke-116-62-max\/#breadcrumb","itemListElement":[{"@type":"ListItem","position":1,"name":"Inicio","item":"https:\/\/abaa.mx\/tienda\/"},{"@type":"ListItem","position":2,"name":"Tienda","item":"https:\/\/abaa.mx\/tienda\/"},{"@type":"ListItem","position":3,"name":"kit combinado para t\u00e9cnicos de hvac-r fluke 116-62 max+"}]},{"@type":"WebSite","@id":"https:\/\/abaa.mx\/tienda\/#website","url":"https:\/\/abaa.mx\/tienda\/","name":"Abaa tienda online","description":"Instrumentos de medici\u00f3n","publisher":{"@id":"https:\/\/abaa.mx\/tienda\/#organization"},"potentialAction":[{"@type":"SearchAction","target":{"@type":"EntryPoint","urlTemplate":"https:\/\/abaa.mx\/tienda\/?s={search_term_string}"},"query-input":{"@type":"PropertyValueSpecification","valueRequired":true,"valueName":"search_term_string"}}],"inLanguage":"es"},{"@type":"Organization","@id":"https:\/\/abaa.mx\/tienda\/#organization","name":"Abaa tienda online","url":"https:\/\/abaa.mx\/tienda\/","logo":{"@type":"ImageObject","inLanguage":"es","@id":"https:\/\/abaa.mx\/tienda\/#\/schema\/logo\/image\/","url":"https:\/\/abaa.mx\/tienda\/wp-content\/uploads\/2024\/01\/abaa-metrologia-tienda.png","contentUrl":"https:\/\/abaa.mx\/tienda\/wp-content\/uploads\/2024\/01\/abaa-metrologia-tienda.png","width":300,"height":141,"caption":"Abaa tienda online"},"image":{"@id":"https:\/\/abaa.mx\/tienda\/#\/schema\/logo\/image\/"}}]}},"_links":{"self":[{"href":"https:\/\/abaa.mx\/tienda\/wp-json\/wp\/v2\/product\/2342","targetHints":{"allow":["GET"]}}],"collection":[{"href":"https:\/\/abaa.mx\/tienda\/wp-json\/wp\/v2\/product"}],"about":[{"href":"https:\/\/abaa.mx\/tienda\/wp-json\/wp\/v2\/types\/product"}],"replies":[{"embeddable":true,"href":"https:\/\/abaa.mx\/tienda\/wp-json\/wp\/v2\/comments?post=2342"}],"wp:featuredmedia":[{"embeddable":true,"href":"https:\/\/abaa.mx\/tienda\/wp-json\/wp\/v2\/media\/2343"}],"wp:attachment":[{"href":"https:\/\/abaa.mx\/tienda\/wp-json\/wp\/v2\/media?parent=2342"}],"wp:term":[{"taxonomy":"product_brand","embeddable":true,"href":"https:\/\/abaa.mx\/tienda\/wp-json\/wp\/v2\/product_brand?post=2342"},{"taxonomy":"product_cat","embeddable":true,"href":"https:\/\/abaa.mx\/tienda\/wp-json\/wp\/v2\/product_cat?post=2342"},{"taxonomy":"product_tag","embeddable":true,"href":"https:\/\/abaa.mx\/tienda\/wp-json\/wp\/v2\/product_tag?post=2342"}],"curies":[{"name":"wp","href":"https:\/\/api.w.org\/{rel}","templated":true}]}}