{"id":2339,"date":"2023-09-20T21:47:41","date_gmt":"2023-09-20T21:47:41","guid":{"rendered":"https:\/\/abaa.mx\/tienda\/?post_type=product&#038;p=2339"},"modified":"2023-09-20T21:47:42","modified_gmt":"2023-09-20T21:47:42","slug":"pinza-amperimetrica-de-corriente-de-fuga-fluke-369-fc-true-rms-61-mm","status":"publish","type":"product","link":"https:\/\/abaa.mx\/tienda\/pinza-amperimetrica-de-corriente-de-fuga-fluke-369-fc-true-rms-61-mm\/","title":{"rendered":"Pinza amperim\u00e9trica de corriente de fuga fluke 369 fc true rms, 61 mm"},"content":{"rendered":"<h4>Ofertas de Fluke 369 FC<\/h4>\n<p>&nbsp;<\/p>\n<h4><strong>Funciones<\/strong><\/h4>\n<ul>\n<li>Mediciones RMS reales para precisi\u00f3n al medir formas de onda complejas no sinusoidales<\/li>\n<li>Abertura de la mand\u00edbula de 2,4&#8243; (61 mm)<\/li>\n<li>Resoluci\u00f3n m\u00e1s alta de 1 \u03bcA, mide hasta 60 A<\/li>\n<li>La funci\u00f3n de filtro seleccionable elimina el ruido no deseado<\/li>\n<li>Lecturas m\u00e1ximas\/m\u00ednimas\/medias y funci\u00f3n de retenci\u00f3n<\/li>\n<li>Luz de trabajo LED orientada hacia adelante para su uso en gabinetes de cableado oscuro<\/li>\n<li>Pantalla retroiluminada; Retroiluminaci\u00f3n autom\u00e1tica apagada y apagado autom\u00e1tico para prolongar la duraci\u00f3n de la bater\u00eda<\/li>\n<li>Registro de memoria interna: hasta 65.000 puntos de medici\u00f3n<\/li>\n<li>Clasificaci\u00f3n de seguridad CAT III 600 V<\/li>\n<\/ul>\n<p><strong>Reduzca el tiempo de inactividad: encuentre corrientes de fuga sin desconectar el equipo<\/strong><\/p>\n<p>Este medidor de pinza de corriente de fuga True RMS ayuda a los usuarios a detectar, documentar, registrar y comparar las lecturas de corriente de fuga a lo largo del tiempo como un medio para evitar el tiempo de inactividad no planificado e identificar disparos intermitentes de GFCI y RCD, todo sin desconectar el equipo.<\/p>\n<p>Cuenta con una gran mand\u00edbula de 2,4&#8243; (61 mm) de di\u00e1metro para trabajar con conductores grandes. La mand\u00edbula est\u00e1 completamente blindada para capturar se\u00f1ales de fuga muy peque\u00f1as y minimizar la interferencia electromagn\u00e9tica externa.<\/p>\n<p>Adem\u00e1s, este producto ofrece conectividad de datos inal\u00e1mbrica a trav\u00e9s de Fluke Connect, que le permite realizar un seguimiento de los cambios en la corriente de fuga a lo largo del tiempo, lo que le ayuda a identificar posibles problemas antes de que se conviertan en fallos importantes.<\/p>\n<h4>Especificaciones de Fluke 369 FC<\/h4>\n<table class=\"table table-striped\">\n<tbody>\n<tr>\n<td colspan=\"2\"><strong>Especificaciones el\u00e9ctricas<\/strong><\/td>\n<\/tr>\n<tr>\n<td>Funci\u00f3n de medici\u00f3n<\/td>\n<td>Corriente alterna<\/td>\n<\/tr>\n<tr>\n<td>Rango de amperios de CA<\/td>\n<td>3, 30, 300 mA 3, 30, 60 A<\/td>\n<\/tr>\n<tr>\n<td>Selecci\u00f3n de rango<\/td>\n<td>mA\/A: Selecci\u00f3n<br \/>\nmanual 3\/30\/300 mA: Selecci\u00f3n autom\u00e1tica 3\/30\/60 A: Selecci\u00f3n<br \/>\nautom\u00e1tica<\/td>\n<\/tr>\n<tr>\n<td>Rango\/Resoluci\u00f3n<\/td>\n<td>3\/0.001 mA 30\/0.01 mA 300\/0.1 mA 3\/0.001 A 30\/0.01 A 60\/0.1 A<\/td>\n<\/tr>\n<tr>\n<td>Precisi\u00f3n: filtro activado (40 a 70 Hz), filtro desactivado (40 a 1 kHz)<\/td>\n<td>3 mA a 30 A: 1% + 5 d\u00edgitos 60 A: 2% + 5 d\u00edgitos<\/td>\n<\/tr>\n<tr>\n<td>Frecuencia<\/td>\n<td>De 40 Hz a 1 kHz<\/td>\n<\/tr>\n<tr>\n<td>Factor de cresta<\/td>\n<td>3<\/td>\n<\/tr>\n<tr>\n<td colspan=\"2\"><strong>Especificaciones generales<\/strong><\/td>\n<\/tr>\n<tr>\n<td>Pantalla (LCD)<\/td>\n<td>Lectura digital: 3300 unidades<\/td>\n<\/tr>\n<tr>\n<td>Frecuencia de actualizaci\u00f3n de la pantalla<\/td>\n<td>4 veces\/seg<\/td>\n<\/tr>\n<tr>\n<td>Di\u00e1metro m\u00e1ximo del conductor<\/td>\n<td>2 mm (4,61&#8243;)<\/td>\n<\/tr>\n<tr>\n<td>Bater\u00eda<\/td>\n<td>2 x AA, IEC LR6, NEDA 15A, alcalino<\/td>\n<\/tr>\n<tr>\n<td>Duraci\u00f3n de la bater\u00eda<\/td>\n<td>La duraci\u00f3n esperada de la bater\u00eda, sin usar luz de fondo y foco, es de m\u00e1s de 150 horas<\/td>\n<\/tr>\n<tr>\n<td>Apagado autom\u00e1tico<\/td>\n<td>El medidor se apaga autom\u00e1ticamente despu\u00e9s de 15 minutos de inactividad<\/td>\n<\/tr>\n<tr>\n<td>Temperatura de funcionamiento<\/td>\n<td>14 a 122\u00b0F (-10 a 50\u00b0C)<\/td>\n<\/tr>\n<tr>\n<td>Temperatura de almacenamiento<\/td>\n<td>-40 a 140\u00b0F (-40 a 60\u00b0C)<\/td>\n<\/tr>\n<tr>\n<td>Humedad de funcionamiento<\/td>\n<td>Sin condensaci\u00f3n a &lt;50 \u00b0F (&lt;10 \u00b0C) 90% de humedad relativa a 50 a 86 \u00b0F (10 a 30 \u00b0C) 75% de humedad relativa a 86 a 104 \u00b0F (30 a 40 \u00b0C) 45% de humedad relativa a 104 a 122 \u00b0F (40 a 50 \u00b0C)<\/td>\n<\/tr>\n<tr>\n<td>Altitud de funcionamiento<\/td>\n<td>6561,7&#8242; (2000 m)<\/td>\n<\/tr>\n<tr>\n<td>Altitud de almacenamiento<\/td>\n<td>39.370,1&#8242; (12.000 m)<\/td>\n<\/tr>\n<tr>\n<td>Dimensiones<\/td>\n<td>10,1 x 4,6 x 1,8&#8243; (257 x 116 x 46 mm)<\/td>\n<\/tr>\n<tr>\n<td>Peso<\/td>\n<td>1,3 lb (600 g)<\/td>\n<\/tr>\n<tr>\n<td colspan=\"2\"><strong>Especificaciones de seguridad<\/strong><\/td>\n<\/tr>\n<tr>\n<td>Seguridad general<\/td>\n<td>IEC 61010-1: Grado de contaminaci\u00f3n 2<\/td>\n<\/tr>\n<tr>\n<td>Seguridad de medici\u00f3n<\/td>\n<td>IEC 61010-2-032: CAT III 600 V\/CAT IV 300 V<\/td>\n<\/tr>\n<tr>\n<td>Categor\u00eda de acci\u00f3n del sensor actual<\/td>\n<td>IEC 61557-13: Clase 2, \u226430 A\/m<\/td>\n<\/tr>\n<\/tbody>\n<\/table>\n","protected":false},"excerpt":{"rendered":"<p>Detecte, documente, registre y compare las lecturas de corriente de fuga con este medidor de pinza de corriente de fuga True RMS. Cuenta con mordazas de gran di\u00e1metro de 2.4&#8243; (61 mm) que capturan con precisi\u00f3n se\u00f1ales de fuga muy peque\u00f1as. Adem\u00e1s, esta unidad es compatible con Fluke Connect.<\/p>\n","protected":false},"featured_media":2350,"comment_status":"open","ping_status":"closed","template":"","meta":{"_joinchat":[]},"product_brand":[],"product_cat":[15],"product_tag":[],"class_list":{"0":"post-2339","1":"product","2":"type-product","3":"status-publish","4":"has-post-thumbnail","6":"product_cat-sin-categorizar","8":"first","9":"instock","10":"shipping-taxable","11":"product-type-simple"},"yoast_head":"<!-- This site is optimized with the Yoast SEO plugin v26.4 - https:\/\/yoast.com\/wordpress\/plugins\/seo\/ -->\n<title>Pinza amperim\u00e9trica de corriente de fuga fluke 369 fc true rms, 61 mm - Abaa tienda online<\/title>\n<meta name=\"robots\" content=\"index, follow, max-snippet:-1, max-image-preview:large, max-video-preview:-1\" \/>\n<link rel=\"canonical\" href=\"https:\/\/abaa.mx\/tienda\/pinza-amperimetrica-de-corriente-de-fuga-fluke-369-fc-true-rms-61-mm\/\" \/>\n<meta property=\"og:locale\" content=\"es_MX\" \/>\n<meta property=\"og:type\" content=\"article\" \/>\n<meta property=\"og:title\" content=\"Pinza amperim\u00e9trica de corriente de fuga fluke 369 fc true rms, 61 mm - Abaa tienda online\" \/>\n<meta property=\"og:description\" content=\"Detecte, documente, registre y compare las lecturas de corriente de fuga con este medidor de pinza de corriente de fuga True RMS. Cuenta con mordazas de gran di\u00e1metro de 2.4&quot; (61 mm) que capturan con precisi\u00f3n se\u00f1ales de fuga muy peque\u00f1as. Adem\u00e1s, esta unidad es compatible con Fluke Connect.\" \/>\n<meta property=\"og:url\" content=\"https:\/\/abaa.mx\/tienda\/pinza-amperimetrica-de-corriente-de-fuga-fluke-369-fc-true-rms-61-mm\/\" \/>\n<meta property=\"og:site_name\" content=\"Abaa tienda online\" \/>\n<meta property=\"article:modified_time\" content=\"2023-09-20T21:47:42+00:00\" \/>\n<meta property=\"og:image\" content=\"https:\/\/abaa.mx\/tienda\/wp-content\/uploads\/2023\/09\/369-FC.jpg\" \/>\n\t<meta property=\"og:image:width\" content=\"270\" \/>\n\t<meta property=\"og:image:height\" content=\"500\" \/>\n\t<meta property=\"og:image:type\" content=\"image\/jpeg\" \/>\n<meta name=\"twitter:card\" content=\"summary_large_image\" \/>\n<meta name=\"twitter:label1\" content=\"Tiempo de lectura\" \/>\n\t<meta name=\"twitter:data1\" content=\"3 minutos\" \/>\n<script type=\"application\/ld+json\" class=\"yoast-schema-graph\">{\"@context\":\"https:\/\/schema.org\",\"@graph\":[{\"@type\":\"WebPage\",\"@id\":\"https:\/\/abaa.mx\/tienda\/pinza-amperimetrica-de-corriente-de-fuga-fluke-369-fc-true-rms-61-mm\/\",\"url\":\"https:\/\/abaa.mx\/tienda\/pinza-amperimetrica-de-corriente-de-fuga-fluke-369-fc-true-rms-61-mm\/\",\"name\":\"Pinza amperim\u00e9trica de corriente de fuga fluke 369 fc true rms, 61 mm - Abaa tienda online\",\"isPartOf\":{\"@id\":\"https:\/\/abaa.mx\/tienda\/#website\"},\"primaryImageOfPage\":{\"@id\":\"https:\/\/abaa.mx\/tienda\/pinza-amperimetrica-de-corriente-de-fuga-fluke-369-fc-true-rms-61-mm\/#primaryimage\"},\"image\":{\"@id\":\"https:\/\/abaa.mx\/tienda\/pinza-amperimetrica-de-corriente-de-fuga-fluke-369-fc-true-rms-61-mm\/#primaryimage\"},\"thumbnailUrl\":\"https:\/\/abaa.mx\/tienda\/wp-content\/uploads\/2023\/09\/369-FC.jpg\",\"datePublished\":\"2023-09-20T21:47:41+00:00\",\"dateModified\":\"2023-09-20T21:47:42+00:00\",\"breadcrumb\":{\"@id\":\"https:\/\/abaa.mx\/tienda\/pinza-amperimetrica-de-corriente-de-fuga-fluke-369-fc-true-rms-61-mm\/#breadcrumb\"},\"inLanguage\":\"es\",\"potentialAction\":[{\"@type\":\"ReadAction\",\"target\":[\"https:\/\/abaa.mx\/tienda\/pinza-amperimetrica-de-corriente-de-fuga-fluke-369-fc-true-rms-61-mm\/\"]}]},{\"@type\":\"ImageObject\",\"inLanguage\":\"es\",\"@id\":\"https:\/\/abaa.mx\/tienda\/pinza-amperimetrica-de-corriente-de-fuga-fluke-369-fc-true-rms-61-mm\/#primaryimage\",\"url\":\"https:\/\/abaa.mx\/tienda\/wp-content\/uploads\/2023\/09\/369-FC.jpg\",\"contentUrl\":\"https:\/\/abaa.mx\/tienda\/wp-content\/uploads\/2023\/09\/369-FC.jpg\",\"width\":270,\"height\":500,\"caption\":\"pinza-amperimetrica-de-corriente-de-fuga-fluke-369-fc-true-rms-61-mm\"},{\"@type\":\"BreadcrumbList\",\"@id\":\"https:\/\/abaa.mx\/tienda\/pinza-amperimetrica-de-corriente-de-fuga-fluke-369-fc-true-rms-61-mm\/#breadcrumb\",\"itemListElement\":[{\"@type\":\"ListItem\",\"position\":1,\"name\":\"Inicio\",\"item\":\"https:\/\/abaa.mx\/tienda\/\"},{\"@type\":\"ListItem\",\"position\":2,\"name\":\"Tienda\",\"item\":\"https:\/\/abaa.mx\/tienda\/\"},{\"@type\":\"ListItem\",\"position\":3,\"name\":\"Pinza amperim\u00e9trica de corriente de fuga fluke 369 fc true rms, 61 mm\"}]},{\"@type\":\"WebSite\",\"@id\":\"https:\/\/abaa.mx\/tienda\/#website\",\"url\":\"https:\/\/abaa.mx\/tienda\/\",\"name\":\"Abaa tienda online\",\"description\":\"Instrumentos de medici\u00f3n\",\"publisher\":{\"@id\":\"https:\/\/abaa.mx\/tienda\/#organization\"},\"potentialAction\":[{\"@type\":\"SearchAction\",\"target\":{\"@type\":\"EntryPoint\",\"urlTemplate\":\"https:\/\/abaa.mx\/tienda\/?s={search_term_string}\"},\"query-input\":{\"@type\":\"PropertyValueSpecification\",\"valueRequired\":true,\"valueName\":\"search_term_string\"}}],\"inLanguage\":\"es\"},{\"@type\":\"Organization\",\"@id\":\"https:\/\/abaa.mx\/tienda\/#organization\",\"name\":\"Abaa tienda online\",\"url\":\"https:\/\/abaa.mx\/tienda\/\",\"logo\":{\"@type\":\"ImageObject\",\"inLanguage\":\"es\",\"@id\":\"https:\/\/abaa.mx\/tienda\/#\/schema\/logo\/image\/\",\"url\":\"https:\/\/abaa.mx\/tienda\/wp-content\/uploads\/2024\/01\/abaa-metrologia-tienda.png\",\"contentUrl\":\"https:\/\/abaa.mx\/tienda\/wp-content\/uploads\/2024\/01\/abaa-metrologia-tienda.png\",\"width\":300,\"height\":141,\"caption\":\"Abaa tienda online\"},\"image\":{\"@id\":\"https:\/\/abaa.mx\/tienda\/#\/schema\/logo\/image\/\"}}]}<\/script>\n<!-- \/ Yoast SEO plugin. -->","yoast_head_json":{"title":"Pinza amperim\u00e9trica de corriente de fuga fluke 369 fc true rms, 61 mm - Abaa tienda online","robots":{"index":"index","follow":"follow","max-snippet":"max-snippet:-1","max-image-preview":"max-image-preview:large","max-video-preview":"max-video-preview:-1"},"canonical":"https:\/\/abaa.mx\/tienda\/pinza-amperimetrica-de-corriente-de-fuga-fluke-369-fc-true-rms-61-mm\/","og_locale":"es_MX","og_type":"article","og_title":"Pinza amperim\u00e9trica de corriente de fuga fluke 369 fc true rms, 61 mm - Abaa tienda online","og_description":"Detecte, documente, registre y compare las lecturas de corriente de fuga con este medidor de pinza de corriente de fuga True RMS. Cuenta con mordazas de gran di\u00e1metro de 2.4\" (61 mm) que capturan con precisi\u00f3n se\u00f1ales de fuga muy peque\u00f1as. Adem\u00e1s, esta unidad es compatible con Fluke Connect.","og_url":"https:\/\/abaa.mx\/tienda\/pinza-amperimetrica-de-corriente-de-fuga-fluke-369-fc-true-rms-61-mm\/","og_site_name":"Abaa tienda online","article_modified_time":"2023-09-20T21:47:42+00:00","og_image":[{"width":270,"height":500,"url":"https:\/\/abaa.mx\/tienda\/wp-content\/uploads\/2023\/09\/369-FC.jpg","type":"image\/jpeg"}],"twitter_card":"summary_large_image","twitter_misc":{"Tiempo de lectura":"3 minutos"},"schema":{"@context":"https:\/\/schema.org","@graph":[{"@type":"WebPage","@id":"https:\/\/abaa.mx\/tienda\/pinza-amperimetrica-de-corriente-de-fuga-fluke-369-fc-true-rms-61-mm\/","url":"https:\/\/abaa.mx\/tienda\/pinza-amperimetrica-de-corriente-de-fuga-fluke-369-fc-true-rms-61-mm\/","name":"Pinza amperim\u00e9trica de corriente de fuga fluke 369 fc true rms, 61 mm - Abaa tienda online","isPartOf":{"@id":"https:\/\/abaa.mx\/tienda\/#website"},"primaryImageOfPage":{"@id":"https:\/\/abaa.mx\/tienda\/pinza-amperimetrica-de-corriente-de-fuga-fluke-369-fc-true-rms-61-mm\/#primaryimage"},"image":{"@id":"https:\/\/abaa.mx\/tienda\/pinza-amperimetrica-de-corriente-de-fuga-fluke-369-fc-true-rms-61-mm\/#primaryimage"},"thumbnailUrl":"https:\/\/abaa.mx\/tienda\/wp-content\/uploads\/2023\/09\/369-FC.jpg","datePublished":"2023-09-20T21:47:41+00:00","dateModified":"2023-09-20T21:47:42+00:00","breadcrumb":{"@id":"https:\/\/abaa.mx\/tienda\/pinza-amperimetrica-de-corriente-de-fuga-fluke-369-fc-true-rms-61-mm\/#breadcrumb"},"inLanguage":"es","potentialAction":[{"@type":"ReadAction","target":["https:\/\/abaa.mx\/tienda\/pinza-amperimetrica-de-corriente-de-fuga-fluke-369-fc-true-rms-61-mm\/"]}]},{"@type":"ImageObject","inLanguage":"es","@id":"https:\/\/abaa.mx\/tienda\/pinza-amperimetrica-de-corriente-de-fuga-fluke-369-fc-true-rms-61-mm\/#primaryimage","url":"https:\/\/abaa.mx\/tienda\/wp-content\/uploads\/2023\/09\/369-FC.jpg","contentUrl":"https:\/\/abaa.mx\/tienda\/wp-content\/uploads\/2023\/09\/369-FC.jpg","width":270,"height":500,"caption":"pinza-amperimetrica-de-corriente-de-fuga-fluke-369-fc-true-rms-61-mm"},{"@type":"BreadcrumbList","@id":"https:\/\/abaa.mx\/tienda\/pinza-amperimetrica-de-corriente-de-fuga-fluke-369-fc-true-rms-61-mm\/#breadcrumb","itemListElement":[{"@type":"ListItem","position":1,"name":"Inicio","item":"https:\/\/abaa.mx\/tienda\/"},{"@type":"ListItem","position":2,"name":"Tienda","item":"https:\/\/abaa.mx\/tienda\/"},{"@type":"ListItem","position":3,"name":"Pinza amperim\u00e9trica de corriente de fuga fluke 369 fc true rms, 61 mm"}]},{"@type":"WebSite","@id":"https:\/\/abaa.mx\/tienda\/#website","url":"https:\/\/abaa.mx\/tienda\/","name":"Abaa tienda online","description":"Instrumentos de medici\u00f3n","publisher":{"@id":"https:\/\/abaa.mx\/tienda\/#organization"},"potentialAction":[{"@type":"SearchAction","target":{"@type":"EntryPoint","urlTemplate":"https:\/\/abaa.mx\/tienda\/?s={search_term_string}"},"query-input":{"@type":"PropertyValueSpecification","valueRequired":true,"valueName":"search_term_string"}}],"inLanguage":"es"},{"@type":"Organization","@id":"https:\/\/abaa.mx\/tienda\/#organization","name":"Abaa tienda online","url":"https:\/\/abaa.mx\/tienda\/","logo":{"@type":"ImageObject","inLanguage":"es","@id":"https:\/\/abaa.mx\/tienda\/#\/schema\/logo\/image\/","url":"https:\/\/abaa.mx\/tienda\/wp-content\/uploads\/2024\/01\/abaa-metrologia-tienda.png","contentUrl":"https:\/\/abaa.mx\/tienda\/wp-content\/uploads\/2024\/01\/abaa-metrologia-tienda.png","width":300,"height":141,"caption":"Abaa tienda online"},"image":{"@id":"https:\/\/abaa.mx\/tienda\/#\/schema\/logo\/image\/"}}]}},"_links":{"self":[{"href":"https:\/\/abaa.mx\/tienda\/wp-json\/wp\/v2\/product\/2339","targetHints":{"allow":["GET"]}}],"collection":[{"href":"https:\/\/abaa.mx\/tienda\/wp-json\/wp\/v2\/product"}],"about":[{"href":"https:\/\/abaa.mx\/tienda\/wp-json\/wp\/v2\/types\/product"}],"replies":[{"embeddable":true,"href":"https:\/\/abaa.mx\/tienda\/wp-json\/wp\/v2\/comments?post=2339"}],"wp:featuredmedia":[{"embeddable":true,"href":"https:\/\/abaa.mx\/tienda\/wp-json\/wp\/v2\/media\/2350"}],"wp:attachment":[{"href":"https:\/\/abaa.mx\/tienda\/wp-json\/wp\/v2\/media?parent=2339"}],"wp:term":[{"taxonomy":"product_brand","embeddable":true,"href":"https:\/\/abaa.mx\/tienda\/wp-json\/wp\/v2\/product_brand?post=2339"},{"taxonomy":"product_cat","embeddable":true,"href":"https:\/\/abaa.mx\/tienda\/wp-json\/wp\/v2\/product_cat?post=2339"},{"taxonomy":"product_tag","embeddable":true,"href":"https:\/\/abaa.mx\/tienda\/wp-json\/wp\/v2\/product_tag?post=2339"}],"curies":[{"name":"wp","href":"https:\/\/api.w.org\/{rel}","templated":true}]}}