{"id":2337,"date":"2023-09-20T21:47:37","date_gmt":"2023-09-20T21:47:37","guid":{"rendered":"https:\/\/abaa.mx\/tienda\/?post_type=product&#038;p=2337"},"modified":"2023-09-20T21:47:37","modified_gmt":"2023-09-20T21:47:37","slug":"el-multimetro-28-ii-nist-de-fluke-incluye-certificado-trazable","status":"publish","type":"product","link":"https:\/\/abaa.mx\/tienda\/el-multimetro-28-ii-nist-de-fluke-incluye-certificado-trazable\/","title":{"rendered":"El mult\u00edmetro 28-ii-nist de fluke incluye certificado trazable"},"content":{"rendered":"<h4>Ofertas de Fluke 28-II-NIST<\/h4>\n<p>&nbsp;<\/p>\n<h4><strong>Funciones<\/strong><\/h4>\n<ul>\n<li>Rango de capacitancia de 10,000\u03bcF<\/li>\n<li>Medici\u00f3n de frecuencia hasta 200kHz<\/li>\n<li>Mediciones de voltaje y corriente CA True-RMS en se\u00f1ales no lineales<\/li>\n<li>Ancho de banda de voltaje de CA extendido; De 15 Hz a 20 kHz<\/li>\n<li>Prueba de resistencia, continuidad y diodos<\/li>\n<li>Rango autom\u00e1tico y manual para una m\u00e1xima flexibilidad<\/li>\n<li>Grabaci\u00f3n m\u00ednima\/m\u00e1xica y media para capturar variaciones autom\u00e1ticamente<\/li>\n<li>Pico m\u00edn.\/m\u00e1x.<\/li>\n<li>Modo relativo para eliminar la resistencia del cable de prueba de las mediciones de ohmios bajos<\/li>\n<li>Funci\u00f3n \u00fanica para mediciones precisas de voltaje y frecuencia en rivas de motor de velocidad ajustable y otros equipos el\u00e9ctricamente ruidosos<\/li>\n<li>El term\u00f3metro incorporado le permite tomar medidas de temperatura convenientemente<\/li>\n<li>Modo de pantalla de alta resoluci\u00f3n de 20,000 unidades<\/li>\n<li>D\u00edgitos de pantalla grandes y retroiluminaci\u00f3n de dos niveles<\/li>\n<li>Los botones del teclado retroiluminados permiten una f\u00e1cil visibilidad en \u00e1reas con poca luz<\/li>\n<li>Soporta picos de 8000V causados por conmutaci\u00f3n de carga y fallas<\/li>\n<li>Funda reversible para mayor protecci\u00f3n cuando no est\u00e1 en uso<\/li>\n<li>Dise\u00f1ado para soportar ca\u00eddas de 3 m<\/li>\n<li>Protecci\u00f3n IP67 a prueba de agua y polvo, completamente sellada para su uso en entornos hostiles<\/li>\n<li>Gato. IV 600V, Cat. III Clasificaciones de seguridad de 1000V<\/li>\n<\/ul>\n<p>&nbsp;<\/p>\n","protected":false},"excerpt":{"rendered":"<p>Mult\u00edmetro industrial TRMS AC\/DC con clasificaci\u00f3n IP67 a prueba de agua y polvo<\/p>\n","protected":false},"featured_media":2349,"comment_status":"open","ping_status":"closed","template":"","meta":{"_joinchat":[]},"product_brand":[],"product_cat":[15],"product_tag":[],"class_list":{"0":"post-2337","1":"product","2":"type-product","3":"status-publish","4":"has-post-thumbnail","6":"product_cat-sin-categorizar","8":"first","9":"instock","10":"shipping-taxable","11":"product-type-simple"},"yoast_head":"<!-- This site is optimized with the Yoast SEO plugin v26.4 - https:\/\/yoast.com\/wordpress\/plugins\/seo\/ -->\n<title>El mult\u00edmetro 28-ii-nist de fluke incluye certificado trazable - Abaa tienda online<\/title>\n<meta name=\"robots\" content=\"index, follow, max-snippet:-1, max-image-preview:large, max-video-preview:-1\" \/>\n<link rel=\"canonical\" href=\"https:\/\/abaa.mx\/tienda\/el-multimetro-28-ii-nist-de-fluke-incluye-certificado-trazable\/\" \/>\n<meta property=\"og:locale\" content=\"es_MX\" \/>\n<meta property=\"og:type\" content=\"article\" \/>\n<meta property=\"og:title\" content=\"El mult\u00edmetro 28-ii-nist de fluke incluye certificado trazable - Abaa tienda online\" \/>\n<meta property=\"og:description\" content=\"Mult\u00edmetro industrial TRMS AC\/DC con clasificaci\u00f3n IP67 a prueba de agua y polvo\" \/>\n<meta property=\"og:url\" content=\"https:\/\/abaa.mx\/tienda\/el-multimetro-28-ii-nist-de-fluke-incluye-certificado-trazable\/\" \/>\n<meta property=\"og:site_name\" content=\"Abaa tienda online\" \/>\n<meta property=\"og:image\" content=\"https:\/\/abaa.mx\/tienda\/wp-content\/uploads\/2023\/09\/28-II-NIST.jpg\" \/>\n\t<meta property=\"og:image:width\" content=\"480\" \/>\n\t<meta property=\"og:image:height\" content=\"360\" \/>\n\t<meta property=\"og:image:type\" content=\"image\/jpeg\" \/>\n<meta name=\"twitter:card\" content=\"summary_large_image\" \/>\n<meta name=\"twitter:label1\" content=\"Tiempo de lectura\" \/>\n\t<meta name=\"twitter:data1\" content=\"1 minuto\" \/>\n<script type=\"application\/ld+json\" class=\"yoast-schema-graph\">{\"@context\":\"https:\/\/schema.org\",\"@graph\":[{\"@type\":\"WebPage\",\"@id\":\"https:\/\/abaa.mx\/tienda\/el-multimetro-28-ii-nist-de-fluke-incluye-certificado-trazable\/\",\"url\":\"https:\/\/abaa.mx\/tienda\/el-multimetro-28-ii-nist-de-fluke-incluye-certificado-trazable\/\",\"name\":\"El mult\u00edmetro 28-ii-nist de fluke incluye certificado trazable - Abaa tienda online\",\"isPartOf\":{\"@id\":\"https:\/\/abaa.mx\/tienda\/#website\"},\"primaryImageOfPage\":{\"@id\":\"https:\/\/abaa.mx\/tienda\/el-multimetro-28-ii-nist-de-fluke-incluye-certificado-trazable\/#primaryimage\"},\"image\":{\"@id\":\"https:\/\/abaa.mx\/tienda\/el-multimetro-28-ii-nist-de-fluke-incluye-certificado-trazable\/#primaryimage\"},\"thumbnailUrl\":\"https:\/\/abaa.mx\/tienda\/wp-content\/uploads\/2023\/09\/28-II-NIST.jpg\",\"datePublished\":\"2023-09-20T21:47:37+00:00\",\"breadcrumb\":{\"@id\":\"https:\/\/abaa.mx\/tienda\/el-multimetro-28-ii-nist-de-fluke-incluye-certificado-trazable\/#breadcrumb\"},\"inLanguage\":\"es\",\"potentialAction\":[{\"@type\":\"ReadAction\",\"target\":[\"https:\/\/abaa.mx\/tienda\/el-multimetro-28-ii-nist-de-fluke-incluye-certificado-trazable\/\"]}]},{\"@type\":\"ImageObject\",\"inLanguage\":\"es\",\"@id\":\"https:\/\/abaa.mx\/tienda\/el-multimetro-28-ii-nist-de-fluke-incluye-certificado-trazable\/#primaryimage\",\"url\":\"https:\/\/abaa.mx\/tienda\/wp-content\/uploads\/2023\/09\/28-II-NIST.jpg\",\"contentUrl\":\"https:\/\/abaa.mx\/tienda\/wp-content\/uploads\/2023\/09\/28-II-NIST.jpg\",\"width\":480,\"height\":360,\"caption\":\"el-multimetro-28-ii-nist-de-fluke-incluye-certificado-trazable\"},{\"@type\":\"BreadcrumbList\",\"@id\":\"https:\/\/abaa.mx\/tienda\/el-multimetro-28-ii-nist-de-fluke-incluye-certificado-trazable\/#breadcrumb\",\"itemListElement\":[{\"@type\":\"ListItem\",\"position\":1,\"name\":\"Inicio\",\"item\":\"https:\/\/abaa.mx\/tienda\/\"},{\"@type\":\"ListItem\",\"position\":2,\"name\":\"Tienda\",\"item\":\"https:\/\/abaa.mx\/tienda\/\"},{\"@type\":\"ListItem\",\"position\":3,\"name\":\"El mult\u00edmetro 28-ii-nist de fluke incluye certificado trazable\"}]},{\"@type\":\"WebSite\",\"@id\":\"https:\/\/abaa.mx\/tienda\/#website\",\"url\":\"https:\/\/abaa.mx\/tienda\/\",\"name\":\"Abaa tienda online\",\"description\":\"Instrumentos de medici\u00f3n\",\"publisher\":{\"@id\":\"https:\/\/abaa.mx\/tienda\/#organization\"},\"potentialAction\":[{\"@type\":\"SearchAction\",\"target\":{\"@type\":\"EntryPoint\",\"urlTemplate\":\"https:\/\/abaa.mx\/tienda\/?s={search_term_string}\"},\"query-input\":{\"@type\":\"PropertyValueSpecification\",\"valueRequired\":true,\"valueName\":\"search_term_string\"}}],\"inLanguage\":\"es\"},{\"@type\":\"Organization\",\"@id\":\"https:\/\/abaa.mx\/tienda\/#organization\",\"name\":\"Abaa tienda online\",\"url\":\"https:\/\/abaa.mx\/tienda\/\",\"logo\":{\"@type\":\"ImageObject\",\"inLanguage\":\"es\",\"@id\":\"https:\/\/abaa.mx\/tienda\/#\/schema\/logo\/image\/\",\"url\":\"https:\/\/abaa.mx\/tienda\/wp-content\/uploads\/2024\/01\/abaa-metrologia-tienda.png\",\"contentUrl\":\"https:\/\/abaa.mx\/tienda\/wp-content\/uploads\/2024\/01\/abaa-metrologia-tienda.png\",\"width\":300,\"height\":141,\"caption\":\"Abaa tienda online\"},\"image\":{\"@id\":\"https:\/\/abaa.mx\/tienda\/#\/schema\/logo\/image\/\"}}]}<\/script>\n<!-- \/ Yoast SEO plugin. -->","yoast_head_json":{"title":"El mult\u00edmetro 28-ii-nist de fluke incluye certificado trazable - Abaa tienda online","robots":{"index":"index","follow":"follow","max-snippet":"max-snippet:-1","max-image-preview":"max-image-preview:large","max-video-preview":"max-video-preview:-1"},"canonical":"https:\/\/abaa.mx\/tienda\/el-multimetro-28-ii-nist-de-fluke-incluye-certificado-trazable\/","og_locale":"es_MX","og_type":"article","og_title":"El mult\u00edmetro 28-ii-nist de fluke incluye certificado trazable - Abaa tienda online","og_description":"Mult\u00edmetro industrial TRMS AC\/DC con clasificaci\u00f3n IP67 a prueba de agua y polvo","og_url":"https:\/\/abaa.mx\/tienda\/el-multimetro-28-ii-nist-de-fluke-incluye-certificado-trazable\/","og_site_name":"Abaa tienda online","og_image":[{"width":480,"height":360,"url":"https:\/\/abaa.mx\/tienda\/wp-content\/uploads\/2023\/09\/28-II-NIST.jpg","type":"image\/jpeg"}],"twitter_card":"summary_large_image","twitter_misc":{"Tiempo de lectura":"1 minuto"},"schema":{"@context":"https:\/\/schema.org","@graph":[{"@type":"WebPage","@id":"https:\/\/abaa.mx\/tienda\/el-multimetro-28-ii-nist-de-fluke-incluye-certificado-trazable\/","url":"https:\/\/abaa.mx\/tienda\/el-multimetro-28-ii-nist-de-fluke-incluye-certificado-trazable\/","name":"El mult\u00edmetro 28-ii-nist de fluke incluye certificado trazable - Abaa tienda online","isPartOf":{"@id":"https:\/\/abaa.mx\/tienda\/#website"},"primaryImageOfPage":{"@id":"https:\/\/abaa.mx\/tienda\/el-multimetro-28-ii-nist-de-fluke-incluye-certificado-trazable\/#primaryimage"},"image":{"@id":"https:\/\/abaa.mx\/tienda\/el-multimetro-28-ii-nist-de-fluke-incluye-certificado-trazable\/#primaryimage"},"thumbnailUrl":"https:\/\/abaa.mx\/tienda\/wp-content\/uploads\/2023\/09\/28-II-NIST.jpg","datePublished":"2023-09-20T21:47:37+00:00","breadcrumb":{"@id":"https:\/\/abaa.mx\/tienda\/el-multimetro-28-ii-nist-de-fluke-incluye-certificado-trazable\/#breadcrumb"},"inLanguage":"es","potentialAction":[{"@type":"ReadAction","target":["https:\/\/abaa.mx\/tienda\/el-multimetro-28-ii-nist-de-fluke-incluye-certificado-trazable\/"]}]},{"@type":"ImageObject","inLanguage":"es","@id":"https:\/\/abaa.mx\/tienda\/el-multimetro-28-ii-nist-de-fluke-incluye-certificado-trazable\/#primaryimage","url":"https:\/\/abaa.mx\/tienda\/wp-content\/uploads\/2023\/09\/28-II-NIST.jpg","contentUrl":"https:\/\/abaa.mx\/tienda\/wp-content\/uploads\/2023\/09\/28-II-NIST.jpg","width":480,"height":360,"caption":"el-multimetro-28-ii-nist-de-fluke-incluye-certificado-trazable"},{"@type":"BreadcrumbList","@id":"https:\/\/abaa.mx\/tienda\/el-multimetro-28-ii-nist-de-fluke-incluye-certificado-trazable\/#breadcrumb","itemListElement":[{"@type":"ListItem","position":1,"name":"Inicio","item":"https:\/\/abaa.mx\/tienda\/"},{"@type":"ListItem","position":2,"name":"Tienda","item":"https:\/\/abaa.mx\/tienda\/"},{"@type":"ListItem","position":3,"name":"El mult\u00edmetro 28-ii-nist de fluke incluye certificado trazable"}]},{"@type":"WebSite","@id":"https:\/\/abaa.mx\/tienda\/#website","url":"https:\/\/abaa.mx\/tienda\/","name":"Abaa tienda online","description":"Instrumentos de medici\u00f3n","publisher":{"@id":"https:\/\/abaa.mx\/tienda\/#organization"},"potentialAction":[{"@type":"SearchAction","target":{"@type":"EntryPoint","urlTemplate":"https:\/\/abaa.mx\/tienda\/?s={search_term_string}"},"query-input":{"@type":"PropertyValueSpecification","valueRequired":true,"valueName":"search_term_string"}}],"inLanguage":"es"},{"@type":"Organization","@id":"https:\/\/abaa.mx\/tienda\/#organization","name":"Abaa tienda online","url":"https:\/\/abaa.mx\/tienda\/","logo":{"@type":"ImageObject","inLanguage":"es","@id":"https:\/\/abaa.mx\/tienda\/#\/schema\/logo\/image\/","url":"https:\/\/abaa.mx\/tienda\/wp-content\/uploads\/2024\/01\/abaa-metrologia-tienda.png","contentUrl":"https:\/\/abaa.mx\/tienda\/wp-content\/uploads\/2024\/01\/abaa-metrologia-tienda.png","width":300,"height":141,"caption":"Abaa tienda online"},"image":{"@id":"https:\/\/abaa.mx\/tienda\/#\/schema\/logo\/image\/"}}]}},"_links":{"self":[{"href":"https:\/\/abaa.mx\/tienda\/wp-json\/wp\/v2\/product\/2337","targetHints":{"allow":["GET"]}}],"collection":[{"href":"https:\/\/abaa.mx\/tienda\/wp-json\/wp\/v2\/product"}],"about":[{"href":"https:\/\/abaa.mx\/tienda\/wp-json\/wp\/v2\/types\/product"}],"replies":[{"embeddable":true,"href":"https:\/\/abaa.mx\/tienda\/wp-json\/wp\/v2\/comments?post=2337"}],"wp:featuredmedia":[{"embeddable":true,"href":"https:\/\/abaa.mx\/tienda\/wp-json\/wp\/v2\/media\/2349"}],"wp:attachment":[{"href":"https:\/\/abaa.mx\/tienda\/wp-json\/wp\/v2\/media?parent=2337"}],"wp:term":[{"taxonomy":"product_brand","embeddable":true,"href":"https:\/\/abaa.mx\/tienda\/wp-json\/wp\/v2\/product_brand?post=2337"},{"taxonomy":"product_cat","embeddable":true,"href":"https:\/\/abaa.mx\/tienda\/wp-json\/wp\/v2\/product_cat?post=2337"},{"taxonomy":"product_tag","embeddable":true,"href":"https:\/\/abaa.mx\/tienda\/wp-json\/wp\/v2\/product_tag?post=2337"}],"curies":[{"name":"wp","href":"https:\/\/api.w.org\/{rel}","templated":true}]}}