{"id":2335,"date":"2023-09-20T21:34:40","date_gmt":"2023-09-20T21:34:40","guid":{"rendered":"https:\/\/abaa.mx\/tienda\/?post_type=product&#038;p=2335"},"modified":"2023-12-01T18:01:40","modified_gmt":"2023-12-01T18:01:40","slug":"termometro-infrarrojo-fluke-62maxplus-nist-incluye-certificado-trazable","status":"publish","type":"product","link":"https:\/\/abaa.mx\/tienda\/termometro-infrarrojo-fluke-62maxplus-nist-incluye-certificado-trazable\/","title":{"rendered":"PosiTector 6000 Ferroso Avanzado &#8211; F90ES3"},"content":{"rendered":"<p>PosiTector 6000 Ferroso Avanzado &#8211; F90ES3.<\/p>\n","protected":false},"excerpt":{"rendered":"<p>Medidores de espesor de recubrimiento para TODOS los sustratos met\u00e1licos<\/p>\n<p>Los medidores de espesor de recubrimiento robustos y completamente electr\u00f3nicos utilizan principios imantados y de corrientes de Foucault para medir el espesor del recubrimiento en metales ferrosos y no ferrosos, con precisi\u00f3n y rapidez.<\/p>\n<ul>\n<li>Listo para medir: no se requiere ajuste de calibraci\u00f3n para la mayor\u00eda de las aplicaciones.<\/li>\n<li>NOVEDAD Pantalla t\u00e1ctil a color m\u00e1s grande de 2,8&#8243; resistente a los impactos con teclado redise\u00f1ado para una navegaci\u00f3n r\u00e1pida por el men\u00fa.<\/li>\n<li>NOVEDAD Resistente a la intemperie, al polvo y al agua: carcasa con clasificaci\u00f3n IP65.<\/li>\n<li>Punta de sonda de rub\u00ed resistente al desgaste, para una calibraci\u00f3n duradera.<\/li>\n<li>Plataforma intercambiable PosiTector: conecte cualquier sonda PosiTector a un solo cuerpo de calibre.<\/li>\n<li>Conectividad USB, WiFi y Bluetooth con el software PosiSoft para PC, Mac y Smartphone.<\/li>\n<li>Certificado de calibraci\u00f3n que muestra la trazabilidad al NIST o PTB incluido (formulario largo).<\/li>\n<\/ul>\n<p><strong>Caracter\u00edsticas:<\/strong><\/p>\n<ul>\n<li>Sustrato: Ferroso.<\/li>\n<li>Rango: 0 a 45 mils y 0 a 1150 micrones.<\/li>\n<li>Exactitud: +\/- (0.02 mils + 1%) 0 a 4 mils ; +\/- (0.1 mils + 3%) &gt; 4 mils.<\/li>\n<li>Muestra en pantalla valores de media, min\/max, desviaci\u00f3n est\u00e1ndar y n\u00famero de lecturas.<\/li>\n<li>Pantalla de alta resoluci\u00f3n HI-RES.<\/li>\n<li>Almacenamiento de hasta 250 lecturas Incluye puerto infrarrojo para impresi\u00f3n.<\/li>\n<li>Dimensiones: 5.4 x 2.4 x 1.1 in (137 x 61 x 28 mm) Peso: 4.9 oz (140 gr) sin<\/li>\n<li>bater\u00edas.<\/li>\n<li>Incluye: Positector 6000 con sensor externo, 5 placas de verificaci\u00f3n, correa de mano, bolsa con clip para cintur\u00f3n, bater\u00edas AAA, estuche suave y manual de operaci\u00f3n.<\/li>\n<\/ul>\n","protected":false},"featured_media":9547,"comment_status":"open","ping_status":"closed","template":"","meta":{"_joinchat":[]},"product_brand":[],"product_cat":[15],"product_tag":[],"class_list":{"0":"post-2335","1":"product","2":"type-product","3":"status-publish","4":"has-post-thumbnail","6":"product_cat-sin-categorizar","8":"first","9":"instock","10":"shipping-taxable","11":"product-type-simple"},"yoast_head":"<!-- This site is optimized with the Yoast SEO plugin v26.4 - https:\/\/yoast.com\/wordpress\/plugins\/seo\/ -->\n<title>PosiTector 6000 Ferroso Avanzado - F90ES3 - Abaa tienda online<\/title>\n<meta name=\"robots\" content=\"index, follow, max-snippet:-1, max-image-preview:large, max-video-preview:-1\" \/>\n<link rel=\"canonical\" href=\"https:\/\/abaa.mx\/tienda\/termometro-infrarrojo-fluke-62maxplus-nist-incluye-certificado-trazable\/\" \/>\n<meta property=\"og:locale\" content=\"es_MX\" \/>\n<meta property=\"og:type\" content=\"article\" \/>\n<meta property=\"og:title\" content=\"PosiTector 6000 Ferroso Avanzado - F90ES3 - Abaa tienda online\" \/>\n<meta property=\"og:description\" content=\"Medidores de espesor de recubrimiento para TODOS los sustratos met\u00e1licos  Los medidores de espesor de recubrimiento robustos y completamente electr\u00f3nicos utilizan principios imantados y de corrientes de Foucault para medir el espesor del recubrimiento en metales ferrosos y no ferrosos, con precisi\u00f3n y rapidez.   Listo para medir: no se requiere ajuste de calibraci\u00f3n para la mayor\u00eda de las aplicaciones.  NOVEDAD Pantalla t\u00e1ctil a color m\u00e1s grande de 2,8&quot; resistente a los impactos con teclado redise\u00f1ado para una navegaci\u00f3n r\u00e1pida por el men\u00fa.  NOVEDAD Resistente a la intemperie, al polvo y al agua: carcasa con clasificaci\u00f3n IP65.  Punta de sonda de rub\u00ed resistente al desgaste, para una calibraci\u00f3n duradera.  Plataforma intercambiable PosiTector: conecte cualquier sonda PosiTector a un solo cuerpo de calibre.  Conectividad USB, WiFi y Bluetooth con el software PosiSoft para PC, Mac y Smartphone.  Certificado de calibraci\u00f3n que muestra la trazabilidad al NIST o PTB incluido (formulario largo).  Caracter\u00edsticas:   Sustrato: Ferroso.  Rango: 0 a 45 mils y 0 a 1150 micrones.  Exactitud: +\/- (0.02 mils + 1%) 0 a 4 mils ; +\/- (0.1 mils + 3%) &gt; 4 mils.  Muestra en pantalla valores de media, min\/max, desviaci\u00f3n est\u00e1ndar y n\u00famero de lecturas.  Pantalla de alta resoluci\u00f3n HI-RES.  Almacenamiento de hasta 250 lecturas Incluye puerto infrarrojo para impresi\u00f3n.  Dimensiones: 5.4 x 2.4 x 1.1 in (137 x 61 x 28 mm) Peso: 4.9 oz (140 gr) sin  bater\u00edas.  Incluye: Positector 6000 con sensor externo, 5 placas de verificaci\u00f3n, correa de mano, bolsa con clip para cintur\u00f3n, bater\u00edas AAA, estuche suave y manual de operaci\u00f3n.\" \/>\n<meta property=\"og:url\" content=\"https:\/\/abaa.mx\/tienda\/termometro-infrarrojo-fluke-62maxplus-nist-incluye-certificado-trazable\/\" \/>\n<meta property=\"og:site_name\" content=\"Abaa tienda online\" \/>\n<meta property=\"article:modified_time\" content=\"2023-12-01T18:01:40+00:00\" \/>\n<meta property=\"og:image\" content=\"https:\/\/abaa.mx\/tienda\/wp-content\/uploads\/2023\/09\/DEFESKO-F90ES3.jpg\" \/>\n\t<meta property=\"og:image:width\" content=\"444\" \/>\n\t<meta property=\"og:image:height\" content=\"300\" \/>\n\t<meta property=\"og:image:type\" content=\"image\/jpeg\" \/>\n<meta name=\"twitter:card\" content=\"summary_large_image\" \/>\n<meta name=\"twitter:label1\" content=\"Tiempo de lectura\" \/>\n\t<meta name=\"twitter:data1\" content=\"1 minuto\" \/>\n<script type=\"application\/ld+json\" class=\"yoast-schema-graph\">{\"@context\":\"https:\/\/schema.org\",\"@graph\":[{\"@type\":\"WebPage\",\"@id\":\"https:\/\/abaa.mx\/tienda\/termometro-infrarrojo-fluke-62maxplus-nist-incluye-certificado-trazable\/\",\"url\":\"https:\/\/abaa.mx\/tienda\/termometro-infrarrojo-fluke-62maxplus-nist-incluye-certificado-trazable\/\",\"name\":\"PosiTector 6000 Ferroso Avanzado - F90ES3 - Abaa tienda online\",\"isPartOf\":{\"@id\":\"https:\/\/abaa.mx\/tienda\/#website\"},\"primaryImageOfPage\":{\"@id\":\"https:\/\/abaa.mx\/tienda\/termometro-infrarrojo-fluke-62maxplus-nist-incluye-certificado-trazable\/#primaryimage\"},\"image\":{\"@id\":\"https:\/\/abaa.mx\/tienda\/termometro-infrarrojo-fluke-62maxplus-nist-incluye-certificado-trazable\/#primaryimage\"},\"thumbnailUrl\":\"https:\/\/abaa.mx\/tienda\/wp-content\/uploads\/2023\/09\/DEFESKO-F90ES3.jpg\",\"datePublished\":\"2023-09-20T21:34:40+00:00\",\"dateModified\":\"2023-12-01T18:01:40+00:00\",\"breadcrumb\":{\"@id\":\"https:\/\/abaa.mx\/tienda\/termometro-infrarrojo-fluke-62maxplus-nist-incluye-certificado-trazable\/#breadcrumb\"},\"inLanguage\":\"es\",\"potentialAction\":[{\"@type\":\"ReadAction\",\"target\":[\"https:\/\/abaa.mx\/tienda\/termometro-infrarrojo-fluke-62maxplus-nist-incluye-certificado-trazable\/\"]}]},{\"@type\":\"ImageObject\",\"inLanguage\":\"es\",\"@id\":\"https:\/\/abaa.mx\/tienda\/termometro-infrarrojo-fluke-62maxplus-nist-incluye-certificado-trazable\/#primaryimage\",\"url\":\"https:\/\/abaa.mx\/tienda\/wp-content\/uploads\/2023\/09\/DEFESKO-F90ES3.jpg\",\"contentUrl\":\"https:\/\/abaa.mx\/tienda\/wp-content\/uploads\/2023\/09\/DEFESKO-F90ES3.jpg\",\"width\":444,\"height\":300,\"caption\":\"DEFESKO-F90ES3\"},{\"@type\":\"BreadcrumbList\",\"@id\":\"https:\/\/abaa.mx\/tienda\/termometro-infrarrojo-fluke-62maxplus-nist-incluye-certificado-trazable\/#breadcrumb\",\"itemListElement\":[{\"@type\":\"ListItem\",\"position\":1,\"name\":\"Inicio\",\"item\":\"https:\/\/abaa.mx\/tienda\/\"},{\"@type\":\"ListItem\",\"position\":2,\"name\":\"Tienda\",\"item\":\"https:\/\/abaa.mx\/tienda\/\"},{\"@type\":\"ListItem\",\"position\":3,\"name\":\"PosiTector 6000 Ferroso Avanzado &#8211; F90ES3\"}]},{\"@type\":\"WebSite\",\"@id\":\"https:\/\/abaa.mx\/tienda\/#website\",\"url\":\"https:\/\/abaa.mx\/tienda\/\",\"name\":\"Abaa tienda online\",\"description\":\"Instrumentos de medici\u00f3n\",\"publisher\":{\"@id\":\"https:\/\/abaa.mx\/tienda\/#organization\"},\"potentialAction\":[{\"@type\":\"SearchAction\",\"target\":{\"@type\":\"EntryPoint\",\"urlTemplate\":\"https:\/\/abaa.mx\/tienda\/?s={search_term_string}\"},\"query-input\":{\"@type\":\"PropertyValueSpecification\",\"valueRequired\":true,\"valueName\":\"search_term_string\"}}],\"inLanguage\":\"es\"},{\"@type\":\"Organization\",\"@id\":\"https:\/\/abaa.mx\/tienda\/#organization\",\"name\":\"Abaa tienda online\",\"url\":\"https:\/\/abaa.mx\/tienda\/\",\"logo\":{\"@type\":\"ImageObject\",\"inLanguage\":\"es\",\"@id\":\"https:\/\/abaa.mx\/tienda\/#\/schema\/logo\/image\/\",\"url\":\"https:\/\/abaa.mx\/tienda\/wp-content\/uploads\/2024\/01\/abaa-metrologia-tienda.png\",\"contentUrl\":\"https:\/\/abaa.mx\/tienda\/wp-content\/uploads\/2024\/01\/abaa-metrologia-tienda.png\",\"width\":300,\"height\":141,\"caption\":\"Abaa tienda online\"},\"image\":{\"@id\":\"https:\/\/abaa.mx\/tienda\/#\/schema\/logo\/image\/\"}}]}<\/script>\n<!-- \/ Yoast SEO plugin. -->","yoast_head_json":{"title":"PosiTector 6000 Ferroso Avanzado - F90ES3 - Abaa tienda online","robots":{"index":"index","follow":"follow","max-snippet":"max-snippet:-1","max-image-preview":"max-image-preview:large","max-video-preview":"max-video-preview:-1"},"canonical":"https:\/\/abaa.mx\/tienda\/termometro-infrarrojo-fluke-62maxplus-nist-incluye-certificado-trazable\/","og_locale":"es_MX","og_type":"article","og_title":"PosiTector 6000 Ferroso Avanzado - F90ES3 - Abaa tienda online","og_description":"Medidores de espesor de recubrimiento para TODOS los sustratos met\u00e1licos  Los medidores de espesor de recubrimiento robustos y completamente electr\u00f3nicos utilizan principios imantados y de corrientes de Foucault para medir el espesor del recubrimiento en metales ferrosos y no ferrosos, con precisi\u00f3n y rapidez.   Listo para medir: no se requiere ajuste de calibraci\u00f3n para la mayor\u00eda de las aplicaciones.  NOVEDAD Pantalla t\u00e1ctil a color m\u00e1s grande de 2,8\" resistente a los impactos con teclado redise\u00f1ado para una navegaci\u00f3n r\u00e1pida por el men\u00fa.  NOVEDAD Resistente a la intemperie, al polvo y al agua: carcasa con clasificaci\u00f3n IP65.  Punta de sonda de rub\u00ed resistente al desgaste, para una calibraci\u00f3n duradera.  Plataforma intercambiable PosiTector: conecte cualquier sonda PosiTector a un solo cuerpo de calibre.  Conectividad USB, WiFi y Bluetooth con el software PosiSoft para PC, Mac y Smartphone.  Certificado de calibraci\u00f3n que muestra la trazabilidad al NIST o PTB incluido (formulario largo).  Caracter\u00edsticas:   Sustrato: Ferroso.  Rango: 0 a 45 mils y 0 a 1150 micrones.  Exactitud: +\/- (0.02 mils + 1%) 0 a 4 mils ; +\/- (0.1 mils + 3%) &gt; 4 mils.  Muestra en pantalla valores de media, min\/max, desviaci\u00f3n est\u00e1ndar y n\u00famero de lecturas.  Pantalla de alta resoluci\u00f3n HI-RES.  Almacenamiento de hasta 250 lecturas Incluye puerto infrarrojo para impresi\u00f3n.  Dimensiones: 5.4 x 2.4 x 1.1 in (137 x 61 x 28 mm) Peso: 4.9 oz (140 gr) sin  bater\u00edas.  Incluye: Positector 6000 con sensor externo, 5 placas de verificaci\u00f3n, correa de mano, bolsa con clip para cintur\u00f3n, bater\u00edas AAA, estuche suave y manual de operaci\u00f3n.","og_url":"https:\/\/abaa.mx\/tienda\/termometro-infrarrojo-fluke-62maxplus-nist-incluye-certificado-trazable\/","og_site_name":"Abaa tienda online","article_modified_time":"2023-12-01T18:01:40+00:00","og_image":[{"width":444,"height":300,"url":"https:\/\/abaa.mx\/tienda\/wp-content\/uploads\/2023\/09\/DEFESKO-F90ES3.jpg","type":"image\/jpeg"}],"twitter_card":"summary_large_image","twitter_misc":{"Tiempo de lectura":"1 minuto"},"schema":{"@context":"https:\/\/schema.org","@graph":[{"@type":"WebPage","@id":"https:\/\/abaa.mx\/tienda\/termometro-infrarrojo-fluke-62maxplus-nist-incluye-certificado-trazable\/","url":"https:\/\/abaa.mx\/tienda\/termometro-infrarrojo-fluke-62maxplus-nist-incluye-certificado-trazable\/","name":"PosiTector 6000 Ferroso Avanzado - F90ES3 - Abaa tienda online","isPartOf":{"@id":"https:\/\/abaa.mx\/tienda\/#website"},"primaryImageOfPage":{"@id":"https:\/\/abaa.mx\/tienda\/termometro-infrarrojo-fluke-62maxplus-nist-incluye-certificado-trazable\/#primaryimage"},"image":{"@id":"https:\/\/abaa.mx\/tienda\/termometro-infrarrojo-fluke-62maxplus-nist-incluye-certificado-trazable\/#primaryimage"},"thumbnailUrl":"https:\/\/abaa.mx\/tienda\/wp-content\/uploads\/2023\/09\/DEFESKO-F90ES3.jpg","datePublished":"2023-09-20T21:34:40+00:00","dateModified":"2023-12-01T18:01:40+00:00","breadcrumb":{"@id":"https:\/\/abaa.mx\/tienda\/termometro-infrarrojo-fluke-62maxplus-nist-incluye-certificado-trazable\/#breadcrumb"},"inLanguage":"es","potentialAction":[{"@type":"ReadAction","target":["https:\/\/abaa.mx\/tienda\/termometro-infrarrojo-fluke-62maxplus-nist-incluye-certificado-trazable\/"]}]},{"@type":"ImageObject","inLanguage":"es","@id":"https:\/\/abaa.mx\/tienda\/termometro-infrarrojo-fluke-62maxplus-nist-incluye-certificado-trazable\/#primaryimage","url":"https:\/\/abaa.mx\/tienda\/wp-content\/uploads\/2023\/09\/DEFESKO-F90ES3.jpg","contentUrl":"https:\/\/abaa.mx\/tienda\/wp-content\/uploads\/2023\/09\/DEFESKO-F90ES3.jpg","width":444,"height":300,"caption":"DEFESKO-F90ES3"},{"@type":"BreadcrumbList","@id":"https:\/\/abaa.mx\/tienda\/termometro-infrarrojo-fluke-62maxplus-nist-incluye-certificado-trazable\/#breadcrumb","itemListElement":[{"@type":"ListItem","position":1,"name":"Inicio","item":"https:\/\/abaa.mx\/tienda\/"},{"@type":"ListItem","position":2,"name":"Tienda","item":"https:\/\/abaa.mx\/tienda\/"},{"@type":"ListItem","position":3,"name":"PosiTector 6000 Ferroso Avanzado &#8211; F90ES3"}]},{"@type":"WebSite","@id":"https:\/\/abaa.mx\/tienda\/#website","url":"https:\/\/abaa.mx\/tienda\/","name":"Abaa tienda online","description":"Instrumentos de medici\u00f3n","publisher":{"@id":"https:\/\/abaa.mx\/tienda\/#organization"},"potentialAction":[{"@type":"SearchAction","target":{"@type":"EntryPoint","urlTemplate":"https:\/\/abaa.mx\/tienda\/?s={search_term_string}"},"query-input":{"@type":"PropertyValueSpecification","valueRequired":true,"valueName":"search_term_string"}}],"inLanguage":"es"},{"@type":"Organization","@id":"https:\/\/abaa.mx\/tienda\/#organization","name":"Abaa tienda online","url":"https:\/\/abaa.mx\/tienda\/","logo":{"@type":"ImageObject","inLanguage":"es","@id":"https:\/\/abaa.mx\/tienda\/#\/schema\/logo\/image\/","url":"https:\/\/abaa.mx\/tienda\/wp-content\/uploads\/2024\/01\/abaa-metrologia-tienda.png","contentUrl":"https:\/\/abaa.mx\/tienda\/wp-content\/uploads\/2024\/01\/abaa-metrologia-tienda.png","width":300,"height":141,"caption":"Abaa tienda online"},"image":{"@id":"https:\/\/abaa.mx\/tienda\/#\/schema\/logo\/image\/"}}]}},"_links":{"self":[{"href":"https:\/\/abaa.mx\/tienda\/wp-json\/wp\/v2\/product\/2335","targetHints":{"allow":["GET"]}}],"collection":[{"href":"https:\/\/abaa.mx\/tienda\/wp-json\/wp\/v2\/product"}],"about":[{"href":"https:\/\/abaa.mx\/tienda\/wp-json\/wp\/v2\/types\/product"}],"replies":[{"embeddable":true,"href":"https:\/\/abaa.mx\/tienda\/wp-json\/wp\/v2\/comments?post=2335"}],"wp:featuredmedia":[{"embeddable":true,"href":"https:\/\/abaa.mx\/tienda\/wp-json\/wp\/v2\/media\/9547"}],"wp:attachment":[{"href":"https:\/\/abaa.mx\/tienda\/wp-json\/wp\/v2\/media?parent=2335"}],"wp:term":[{"taxonomy":"product_brand","embeddable":true,"href":"https:\/\/abaa.mx\/tienda\/wp-json\/wp\/v2\/product_brand?post=2335"},{"taxonomy":"product_cat","embeddable":true,"href":"https:\/\/abaa.mx\/tienda\/wp-json\/wp\/v2\/product_cat?post=2335"},{"taxonomy":"product_tag","embeddable":true,"href":"https:\/\/abaa.mx\/tienda\/wp-json\/wp\/v2\/product_tag?post=2335"}],"curies":[{"name":"wp","href":"https:\/\/api.w.org\/{rel}","templated":true}]}}