{"id":2330,"date":"2023-09-20T21:34:26","date_gmt":"2023-09-20T21:34:26","guid":{"rendered":"https:\/\/abaa.mx\/tienda\/?post_type=product&#038;p=2330"},"modified":"2023-09-20T21:34:27","modified_gmt":"2023-09-20T21:34:27","slug":"kit-de-multimetro-industrial-fluke-28-ii-kit3-incluye-la-bolsa-de-herramientas-industriales-r9999","status":"publish","type":"product","link":"https:\/\/abaa.mx\/tienda\/kit-de-multimetro-industrial-fluke-28-ii-kit3-incluye-la-bolsa-de-herramientas-industriales-r9999\/","title":{"rendered":"Kit de mult\u00edmetro industrial fluke 28-ii-kit3 &#8211; incluye la bolsa de herramientas industriales r9999"},"content":{"rendered":"<h4>Ofertas de Fluke 28-II<\/h4>\n<p>&nbsp;<\/p>\n<h4><strong>Funciones<\/strong><\/h4>\n<ul>\n<li>Rango de capacitancia de 10,000\u03bcF<\/li>\n<li>Medici\u00f3n de frecuencia hasta 200kHz<\/li>\n<li>Mediciones de voltaje y corriente CA True-RMS en se\u00f1ales no lineales<\/li>\n<li>Ancho de banda de voltaje de CA extendido; De 15 Hz a 20 kHz<\/li>\n<li>Prueba de resistencia, continuidad y diodos<\/li>\n<li>Rango autom\u00e1tico y manual para una m\u00e1xima flexibilidad<\/li>\n<li>Grabaci\u00f3n m\u00ednima\/m\u00e1xica y media para capturar variaciones autom\u00e1ticamente<\/li>\n<li>Pico m\u00edn.\/m\u00e1x.<\/li>\n<li>Modo relativo para eliminar la resistencia del cable de prueba de las mediciones de ohmios bajos<\/li>\n<li>Funci\u00f3n \u00fanica para mediciones precisas de voltaje y frecuencia en rivas de motor de velocidad ajustable y otros equipos el\u00e9ctricamente ruidosos<\/li>\n<li>El term\u00f3metro incorporado le permite tomar medidas de temperatura convenientemente<\/li>\n<li>Modo de pantalla de alta resoluci\u00f3n de 20,000 unidades<\/li>\n<li>D\u00edgitos de pantalla grandes y retroiluminaci\u00f3n de dos niveles<\/li>\n<li>Los botones del teclado retroiluminados permiten una f\u00e1cil visibilidad en \u00e1reas con poca luz<\/li>\n<li>Soporta picos de 8000V causados por conmutaci\u00f3n de carga y fallas<\/li>\n<li>Funda reversible para mayor protecci\u00f3n cuando no est\u00e1 en uso<\/li>\n<li>Dise\u00f1ado para soportar ca\u00eddas de 3 m<\/li>\n<li>Protecci\u00f3n IP67 a prueba de agua y polvo, completamente sellada para su uso en entornos hostiles<\/li>\n<li>Gato. IV 600V, Cat. III Clasificaciones de seguridad de 1000V<\/li>\n<\/ul>\n<p><strong>REED R9999 Bolsa de herramientas industriales<\/strong><\/p>\n<ul>\n<li>Bolsa de herramientas industriales resistente con marco reforzado de acero<\/li>\n<li>Ideal para herramientas manuales, instrumentos y otros art\u00edculos peque\u00f1os y medianos<\/li>\n<li>Gran compartimento de doble cremallera con 11 bolsillos internos<\/li>\n<li>12 bolsillos exteriores de malla para herramientas m\u00e1s peque\u00f1as<\/li>\n<li>Correas ajustables para los hombros y las manos<\/li>\n<li>Dimensiones internas: 16 x 12 x 9&#8243; (406 x 305 x 229mm)<\/li>\n<li>Dimensiones externas: 16.5 x 12.5 x 9.5&#8243; (420 x 318 x 241mm)<\/li>\n<\/ul>\n<p>&nbsp;<\/p>\n<h4>Especificaciones de Fluke 28-II<\/h4>\n<table class=\"table table-striped\">\n<tbody>\n<tr>\n<td>Rango de voltaje<\/td>\n<td>0.1mV a 1000V AC\/DC<\/td>\n<\/tr>\n<tr>\n<td>Precisi\u00f3n de voltaje<\/td>\n<td>AC: \u00b10,7% rdg. +4 dgt.<br \/>\nDC: \u00b10,05% rdg. +1 dgt.<\/td>\n<\/tr>\n<tr>\n<td>Rango de corriente<\/td>\n<td>0.1\u03bcA a 10A AC\/DC<\/td>\n<\/tr>\n<tr>\n<td>Precisi\u00f3n actual<\/td>\n<td>AC: \u00b11,0% rdg. +2 dgt.<br \/>\nDC: \u00b10,2% rdg. +4 dgt.<\/td>\n<\/tr>\n<tr>\n<td>Rango de resistencia<\/td>\n<td>0.1\u03a9 a 50M\u03a9<\/td>\n<\/tr>\n<tr>\n<td>Rango de capacitancia<\/td>\n<td>1nF a 9999\u03a9F<\/td>\n<\/tr>\n<tr>\n<td>Rango de frecuencia<\/td>\n<td>De 0,5 Hz a 199,99 kHz<\/td>\n<\/tr>\n<tr>\n<td>Rango de temperatura<\/td>\n<td>-200 a 1090\u00b0C<\/td>\n<\/tr>\n<\/tbody>\n<\/table>\n","protected":false},"excerpt":{"rendered":"<p class=\"short-description mhide ipad-view-setting\">Mide hasta 1000 V CA y CC, 10 A (20 A durante 30 segundos) y un rango de capacitancia de 10.000 \u03bcF. Este kit de valor agregado incluye la bolsa de herramientas industriales REED R9999 GRATIS.<\/p>\n<p class=\"comment-tag-product\">\n<div class=\"row-fluid\">\n<div class=\"span12 mobile-pricing-box-padding\">\n<form id=\"102250\" accept-charset=\"utf-8\" action=\"https:\/\/www.globaltestsupply.com\/shop\/add\" method=\"post\" name=\"addTocartFunction\">\n<div><\/div>\n<\/form>\n<\/div>\n<\/div>\n","protected":false},"featured_media":2336,"comment_status":"open","ping_status":"closed","template":"","meta":{"_joinchat":[]},"product_brand":[],"product_cat":[15],"product_tag":[],"class_list":{"0":"post-2330","1":"product","2":"type-product","3":"status-publish","4":"has-post-thumbnail","6":"product_cat-sin-categorizar","8":"first","9":"instock","10":"shipping-taxable","11":"product-type-simple"},"yoast_head":"<!-- This site is optimized with the Yoast SEO plugin v26.4 - https:\/\/yoast.com\/wordpress\/plugins\/seo\/ -->\n<title>Kit de mult\u00edmetro industrial fluke 28-ii-kit3 - incluye la bolsa de herramientas industriales r9999 - Abaa tienda online<\/title>\n<meta name=\"robots\" content=\"index, follow, max-snippet:-1, max-image-preview:large, max-video-preview:-1\" \/>\n<link rel=\"canonical\" href=\"https:\/\/abaa.mx\/tienda\/kit-de-multimetro-industrial-fluke-28-ii-kit3-incluye-la-bolsa-de-herramientas-industriales-r9999\/\" \/>\n<meta property=\"og:locale\" content=\"es_MX\" \/>\n<meta property=\"og:type\" content=\"article\" \/>\n<meta property=\"og:title\" content=\"Kit de mult\u00edmetro industrial fluke 28-ii-kit3 - incluye la bolsa de herramientas industriales r9999 - Abaa tienda online\" \/>\n<meta property=\"og:description\" content=\"Mide hasta 1000 V CA y CC, 10 A (20 A durante 30 segundos) y un rango de capacitancia de 10.000 \u03bcF. Este kit de valor agregado incluye la bolsa de herramientas industriales REED R9999 GRATIS.\" \/>\n<meta property=\"og:url\" content=\"https:\/\/abaa.mx\/tienda\/kit-de-multimetro-industrial-fluke-28-ii-kit3-incluye-la-bolsa-de-herramientas-industriales-r9999\/\" \/>\n<meta property=\"og:site_name\" content=\"Abaa tienda online\" \/>\n<meta property=\"article:modified_time\" content=\"2023-09-20T21:34:27+00:00\" \/>\n<meta property=\"og:image\" content=\"https:\/\/abaa.mx\/tienda\/wp-content\/uploads\/2023\/09\/28-II-KIT3.jpg\" \/>\n\t<meta property=\"og:image:width\" content=\"1297\" \/>\n\t<meta property=\"og:image:height\" content=\"1297\" \/>\n\t<meta property=\"og:image:type\" content=\"image\/jpeg\" \/>\n<meta name=\"twitter:card\" content=\"summary_large_image\" \/>\n<meta name=\"twitter:label1\" content=\"Tiempo de lectura\" \/>\n\t<meta name=\"twitter:data1\" content=\"2 minutos\" \/>\n<script type=\"application\/ld+json\" class=\"yoast-schema-graph\">{\"@context\":\"https:\/\/schema.org\",\"@graph\":[{\"@type\":\"WebPage\",\"@id\":\"https:\/\/abaa.mx\/tienda\/kit-de-multimetro-industrial-fluke-28-ii-kit3-incluye-la-bolsa-de-herramientas-industriales-r9999\/\",\"url\":\"https:\/\/abaa.mx\/tienda\/kit-de-multimetro-industrial-fluke-28-ii-kit3-incluye-la-bolsa-de-herramientas-industriales-r9999\/\",\"name\":\"Kit de mult\u00edmetro industrial fluke 28-ii-kit3 - incluye la bolsa de herramientas industriales r9999 - Abaa tienda online\",\"isPartOf\":{\"@id\":\"https:\/\/abaa.mx\/tienda\/#website\"},\"primaryImageOfPage\":{\"@id\":\"https:\/\/abaa.mx\/tienda\/kit-de-multimetro-industrial-fluke-28-ii-kit3-incluye-la-bolsa-de-herramientas-industriales-r9999\/#primaryimage\"},\"image\":{\"@id\":\"https:\/\/abaa.mx\/tienda\/kit-de-multimetro-industrial-fluke-28-ii-kit3-incluye-la-bolsa-de-herramientas-industriales-r9999\/#primaryimage\"},\"thumbnailUrl\":\"https:\/\/abaa.mx\/tienda\/wp-content\/uploads\/2023\/09\/28-II-KIT3.jpg\",\"datePublished\":\"2023-09-20T21:34:26+00:00\",\"dateModified\":\"2023-09-20T21:34:27+00:00\",\"breadcrumb\":{\"@id\":\"https:\/\/abaa.mx\/tienda\/kit-de-multimetro-industrial-fluke-28-ii-kit3-incluye-la-bolsa-de-herramientas-industriales-r9999\/#breadcrumb\"},\"inLanguage\":\"es\",\"potentialAction\":[{\"@type\":\"ReadAction\",\"target\":[\"https:\/\/abaa.mx\/tienda\/kit-de-multimetro-industrial-fluke-28-ii-kit3-incluye-la-bolsa-de-herramientas-industriales-r9999\/\"]}]},{\"@type\":\"ImageObject\",\"inLanguage\":\"es\",\"@id\":\"https:\/\/abaa.mx\/tienda\/kit-de-multimetro-industrial-fluke-28-ii-kit3-incluye-la-bolsa-de-herramientas-industriales-r9999\/#primaryimage\",\"url\":\"https:\/\/abaa.mx\/tienda\/wp-content\/uploads\/2023\/09\/28-II-KIT3.jpg\",\"contentUrl\":\"https:\/\/abaa.mx\/tienda\/wp-content\/uploads\/2023\/09\/28-II-KIT3.jpg\",\"width\":1297,\"height\":1297,\"caption\":\"kit-de-multimetro-industrial-fluke-28-ii-kit3-incluye-la-bolsa-de-herramientas-industriales-r9999\"},{\"@type\":\"BreadcrumbList\",\"@id\":\"https:\/\/abaa.mx\/tienda\/kit-de-multimetro-industrial-fluke-28-ii-kit3-incluye-la-bolsa-de-herramientas-industriales-r9999\/#breadcrumb\",\"itemListElement\":[{\"@type\":\"ListItem\",\"position\":1,\"name\":\"Inicio\",\"item\":\"https:\/\/abaa.mx\/tienda\/\"},{\"@type\":\"ListItem\",\"position\":2,\"name\":\"Tienda\",\"item\":\"https:\/\/abaa.mx\/tienda\/\"},{\"@type\":\"ListItem\",\"position\":3,\"name\":\"Kit de mult\u00edmetro industrial fluke 28-ii-kit3 &#8211; incluye la bolsa de herramientas industriales r9999\"}]},{\"@type\":\"WebSite\",\"@id\":\"https:\/\/abaa.mx\/tienda\/#website\",\"url\":\"https:\/\/abaa.mx\/tienda\/\",\"name\":\"Abaa tienda online\",\"description\":\"Instrumentos de medici\u00f3n\",\"publisher\":{\"@id\":\"https:\/\/abaa.mx\/tienda\/#organization\"},\"potentialAction\":[{\"@type\":\"SearchAction\",\"target\":{\"@type\":\"EntryPoint\",\"urlTemplate\":\"https:\/\/abaa.mx\/tienda\/?s={search_term_string}\"},\"query-input\":{\"@type\":\"PropertyValueSpecification\",\"valueRequired\":true,\"valueName\":\"search_term_string\"}}],\"inLanguage\":\"es\"},{\"@type\":\"Organization\",\"@id\":\"https:\/\/abaa.mx\/tienda\/#organization\",\"name\":\"Abaa tienda online\",\"url\":\"https:\/\/abaa.mx\/tienda\/\",\"logo\":{\"@type\":\"ImageObject\",\"inLanguage\":\"es\",\"@id\":\"https:\/\/abaa.mx\/tienda\/#\/schema\/logo\/image\/\",\"url\":\"https:\/\/abaa.mx\/tienda\/wp-content\/uploads\/2024\/01\/abaa-metrologia-tienda.png\",\"contentUrl\":\"https:\/\/abaa.mx\/tienda\/wp-content\/uploads\/2024\/01\/abaa-metrologia-tienda.png\",\"width\":300,\"height\":141,\"caption\":\"Abaa tienda online\"},\"image\":{\"@id\":\"https:\/\/abaa.mx\/tienda\/#\/schema\/logo\/image\/\"}}]}<\/script>\n<!-- \/ Yoast SEO plugin. -->","yoast_head_json":{"title":"Kit de mult\u00edmetro industrial fluke 28-ii-kit3 - incluye la bolsa de herramientas industriales r9999 - Abaa tienda online","robots":{"index":"index","follow":"follow","max-snippet":"max-snippet:-1","max-image-preview":"max-image-preview:large","max-video-preview":"max-video-preview:-1"},"canonical":"https:\/\/abaa.mx\/tienda\/kit-de-multimetro-industrial-fluke-28-ii-kit3-incluye-la-bolsa-de-herramientas-industriales-r9999\/","og_locale":"es_MX","og_type":"article","og_title":"Kit de mult\u00edmetro industrial fluke 28-ii-kit3 - incluye la bolsa de herramientas industriales r9999 - Abaa tienda online","og_description":"Mide hasta 1000 V CA y CC, 10 A (20 A durante 30 segundos) y un rango de capacitancia de 10.000 \u03bcF. Este kit de valor agregado incluye la bolsa de herramientas industriales REED R9999 GRATIS.","og_url":"https:\/\/abaa.mx\/tienda\/kit-de-multimetro-industrial-fluke-28-ii-kit3-incluye-la-bolsa-de-herramientas-industriales-r9999\/","og_site_name":"Abaa tienda online","article_modified_time":"2023-09-20T21:34:27+00:00","og_image":[{"width":1297,"height":1297,"url":"https:\/\/abaa.mx\/tienda\/wp-content\/uploads\/2023\/09\/28-II-KIT3.jpg","type":"image\/jpeg"}],"twitter_card":"summary_large_image","twitter_misc":{"Tiempo de lectura":"2 minutos"},"schema":{"@context":"https:\/\/schema.org","@graph":[{"@type":"WebPage","@id":"https:\/\/abaa.mx\/tienda\/kit-de-multimetro-industrial-fluke-28-ii-kit3-incluye-la-bolsa-de-herramientas-industriales-r9999\/","url":"https:\/\/abaa.mx\/tienda\/kit-de-multimetro-industrial-fluke-28-ii-kit3-incluye-la-bolsa-de-herramientas-industriales-r9999\/","name":"Kit de mult\u00edmetro industrial fluke 28-ii-kit3 - incluye la bolsa de herramientas industriales r9999 - Abaa tienda online","isPartOf":{"@id":"https:\/\/abaa.mx\/tienda\/#website"},"primaryImageOfPage":{"@id":"https:\/\/abaa.mx\/tienda\/kit-de-multimetro-industrial-fluke-28-ii-kit3-incluye-la-bolsa-de-herramientas-industriales-r9999\/#primaryimage"},"image":{"@id":"https:\/\/abaa.mx\/tienda\/kit-de-multimetro-industrial-fluke-28-ii-kit3-incluye-la-bolsa-de-herramientas-industriales-r9999\/#primaryimage"},"thumbnailUrl":"https:\/\/abaa.mx\/tienda\/wp-content\/uploads\/2023\/09\/28-II-KIT3.jpg","datePublished":"2023-09-20T21:34:26+00:00","dateModified":"2023-09-20T21:34:27+00:00","breadcrumb":{"@id":"https:\/\/abaa.mx\/tienda\/kit-de-multimetro-industrial-fluke-28-ii-kit3-incluye-la-bolsa-de-herramientas-industriales-r9999\/#breadcrumb"},"inLanguage":"es","potentialAction":[{"@type":"ReadAction","target":["https:\/\/abaa.mx\/tienda\/kit-de-multimetro-industrial-fluke-28-ii-kit3-incluye-la-bolsa-de-herramientas-industriales-r9999\/"]}]},{"@type":"ImageObject","inLanguage":"es","@id":"https:\/\/abaa.mx\/tienda\/kit-de-multimetro-industrial-fluke-28-ii-kit3-incluye-la-bolsa-de-herramientas-industriales-r9999\/#primaryimage","url":"https:\/\/abaa.mx\/tienda\/wp-content\/uploads\/2023\/09\/28-II-KIT3.jpg","contentUrl":"https:\/\/abaa.mx\/tienda\/wp-content\/uploads\/2023\/09\/28-II-KIT3.jpg","width":1297,"height":1297,"caption":"kit-de-multimetro-industrial-fluke-28-ii-kit3-incluye-la-bolsa-de-herramientas-industriales-r9999"},{"@type":"BreadcrumbList","@id":"https:\/\/abaa.mx\/tienda\/kit-de-multimetro-industrial-fluke-28-ii-kit3-incluye-la-bolsa-de-herramientas-industriales-r9999\/#breadcrumb","itemListElement":[{"@type":"ListItem","position":1,"name":"Inicio","item":"https:\/\/abaa.mx\/tienda\/"},{"@type":"ListItem","position":2,"name":"Tienda","item":"https:\/\/abaa.mx\/tienda\/"},{"@type":"ListItem","position":3,"name":"Kit de mult\u00edmetro industrial fluke 28-ii-kit3 &#8211; incluye la bolsa de herramientas industriales r9999"}]},{"@type":"WebSite","@id":"https:\/\/abaa.mx\/tienda\/#website","url":"https:\/\/abaa.mx\/tienda\/","name":"Abaa tienda online","description":"Instrumentos de medici\u00f3n","publisher":{"@id":"https:\/\/abaa.mx\/tienda\/#organization"},"potentialAction":[{"@type":"SearchAction","target":{"@type":"EntryPoint","urlTemplate":"https:\/\/abaa.mx\/tienda\/?s={search_term_string}"},"query-input":{"@type":"PropertyValueSpecification","valueRequired":true,"valueName":"search_term_string"}}],"inLanguage":"es"},{"@type":"Organization","@id":"https:\/\/abaa.mx\/tienda\/#organization","name":"Abaa tienda online","url":"https:\/\/abaa.mx\/tienda\/","logo":{"@type":"ImageObject","inLanguage":"es","@id":"https:\/\/abaa.mx\/tienda\/#\/schema\/logo\/image\/","url":"https:\/\/abaa.mx\/tienda\/wp-content\/uploads\/2024\/01\/abaa-metrologia-tienda.png","contentUrl":"https:\/\/abaa.mx\/tienda\/wp-content\/uploads\/2024\/01\/abaa-metrologia-tienda.png","width":300,"height":141,"caption":"Abaa tienda online"},"image":{"@id":"https:\/\/abaa.mx\/tienda\/#\/schema\/logo\/image\/"}}]}},"_links":{"self":[{"href":"https:\/\/abaa.mx\/tienda\/wp-json\/wp\/v2\/product\/2330","targetHints":{"allow":["GET"]}}],"collection":[{"href":"https:\/\/abaa.mx\/tienda\/wp-json\/wp\/v2\/product"}],"about":[{"href":"https:\/\/abaa.mx\/tienda\/wp-json\/wp\/v2\/types\/product"}],"replies":[{"embeddable":true,"href":"https:\/\/abaa.mx\/tienda\/wp-json\/wp\/v2\/comments?post=2330"}],"wp:featuredmedia":[{"embeddable":true,"href":"https:\/\/abaa.mx\/tienda\/wp-json\/wp\/v2\/media\/2336"}],"wp:attachment":[{"href":"https:\/\/abaa.mx\/tienda\/wp-json\/wp\/v2\/media?parent=2330"}],"wp:term":[{"taxonomy":"product_brand","embeddable":true,"href":"https:\/\/abaa.mx\/tienda\/wp-json\/wp\/v2\/product_brand?post=2330"},{"taxonomy":"product_cat","embeddable":true,"href":"https:\/\/abaa.mx\/tienda\/wp-json\/wp\/v2\/product_cat?post=2330"},{"taxonomy":"product_tag","embeddable":true,"href":"https:\/\/abaa.mx\/tienda\/wp-json\/wp\/v2\/product_tag?post=2330"}],"curies":[{"name":"wp","href":"https:\/\/api.w.org\/{rel}","templated":true}]}}