{"id":2317,"date":"2023-09-20T19:47:36","date_gmt":"2023-09-20T19:47:36","guid":{"rendered":"https:\/\/abaa.mx\/tienda\/?post_type=product&#038;p=2317"},"modified":"2023-09-20T19:47:36","modified_gmt":"2023-09-20T19:47:36","slug":"termometro-digital-de-doble-entrada-fluke-52-2-cal-con-certificado-de-calibracion","status":"publish","type":"product","link":"https:\/\/abaa.mx\/tienda\/termometro-digital-de-doble-entrada-fluke-52-2-cal-con-certificado-de-calibracion\/","title":{"rendered":"term\u00f3metro digital de doble entrada fluke 52-2 cal con certificado de calibraci\u00f3n"},"content":{"rendered":"<p>&nbsp;<\/p>\n<p>El term\u00f3metro digital de doble entrada Fluke 52-2 CAL con certificado de calibraci\u00f3n proporciona mediciones de temperatura precisas para mayor seguridad y consistencia. Se puede acceder a los resultados y ajustes desde el panel frontal y la gran pantalla integrada en el term\u00f3metro. Los resultados de la medici\u00f3n se muestran r\u00e1pidamente para dar al usuario m\u00e1s tiempo para analizar los resultados y completar la operaci\u00f3n.<\/p>\n<p><strong>Funciones<\/strong><\/p>\n<ul>\n<li>Pantalla integrada y panel f\u00e1cil de usar<\/li>\n<li>El term\u00f3metro de mano permite el acceso a cualquier parte del lugar de trabajo<\/li>\n<li>Utiliza sensores J, K, T y E para recopilar datos de temperatura<\/li>\n<li>Proporciona mediciones r\u00e1pidas de equipos de operaci\u00f3n<\/li>\n<\/ul>\n<h4>Especificaciones de Fluke 52-2 CAL<\/h4>\n<p>&nbsp;<\/p>\n<table class=\"table table-striped\">\n<tbody>\n<tr>\n<td>Exactitud<\/td>\n<td>0.05%<\/td>\n<\/tr>\n<tr>\n<td>Compatibilidad<\/td>\n<td>Sensores J, K, T y E<\/td>\n<\/tr>\n<\/tbody>\n<\/table>\n","protected":false},"excerpt":{"rendered":"<p>El term\u00f3metro digital de doble entrada Fluke 52-2 CAL con certificado de calibraci\u00f3n proporciona mediciones de temperatura precisas para mayor seguridad y consistencia. Se puede acceder a los resultados y ajustes desde el panel frontal y la gran pantalla integrada en el term\u00f3metro. Los resultados de la medici\u00f3n se muestran r\u00e1pidamente para dar al usuario m\u00e1s tiempo para analizar los resultados y completar la operaci\u00f3n.<\/p>\n","protected":false},"featured_media":2318,"comment_status":"open","ping_status":"closed","template":"","meta":{"_joinchat":[]},"product_brand":[],"product_cat":[15],"product_tag":[],"class_list":{"0":"post-2317","1":"product","2":"type-product","3":"status-publish","4":"has-post-thumbnail","6":"product_cat-sin-categorizar","8":"first","9":"instock","10":"shipping-taxable","11":"product-type-simple"},"yoast_head":"<!-- This site is optimized with the Yoast SEO plugin v26.4 - https:\/\/yoast.com\/wordpress\/plugins\/seo\/ -->\n<title>term\u00f3metro digital de doble entrada fluke 52-2 cal con certificado de calibraci\u00f3n - Abaa tienda online<\/title>\n<meta name=\"robots\" content=\"index, follow, max-snippet:-1, max-image-preview:large, max-video-preview:-1\" \/>\n<link rel=\"canonical\" href=\"https:\/\/abaa.mx\/tienda\/termometro-digital-de-doble-entrada-fluke-52-2-cal-con-certificado-de-calibracion\/\" \/>\n<meta property=\"og:locale\" content=\"es_MX\" \/>\n<meta property=\"og:type\" content=\"article\" \/>\n<meta property=\"og:title\" content=\"term\u00f3metro digital de doble entrada fluke 52-2 cal con certificado de calibraci\u00f3n - Abaa tienda online\" \/>\n<meta property=\"og:description\" content=\"El term\u00f3metro digital de doble entrada Fluke 52-2 CAL con certificado de calibraci\u00f3n proporciona mediciones de temperatura precisas para mayor seguridad y consistencia. Se puede acceder a los resultados y ajustes desde el panel frontal y la gran pantalla integrada en el term\u00f3metro. Los resultados de la medici\u00f3n se muestran r\u00e1pidamente para dar al usuario m\u00e1s tiempo para analizar los resultados y completar la operaci\u00f3n.\" \/>\n<meta property=\"og:url\" content=\"https:\/\/abaa.mx\/tienda\/termometro-digital-de-doble-entrada-fluke-52-2-cal-con-certificado-de-calibracion\/\" \/>\n<meta property=\"og:site_name\" content=\"Abaa tienda online\" \/>\n<meta property=\"og:image\" content=\"https:\/\/abaa.mx\/tienda\/wp-content\/uploads\/2023\/09\/52-2-CAL.jpg\" \/>\n\t<meta property=\"og:image:width\" content=\"270\" \/>\n\t<meta property=\"og:image:height\" content=\"375\" \/>\n\t<meta property=\"og:image:type\" content=\"image\/jpeg\" \/>\n<meta name=\"twitter:card\" content=\"summary_large_image\" \/>\n<meta name=\"twitter:label1\" content=\"Tiempo de lectura\" \/>\n\t<meta name=\"twitter:data1\" content=\"1 minuto\" \/>\n<script type=\"application\/ld+json\" class=\"yoast-schema-graph\">{\"@context\":\"https:\/\/schema.org\",\"@graph\":[{\"@type\":\"WebPage\",\"@id\":\"https:\/\/abaa.mx\/tienda\/termometro-digital-de-doble-entrada-fluke-52-2-cal-con-certificado-de-calibracion\/\",\"url\":\"https:\/\/abaa.mx\/tienda\/termometro-digital-de-doble-entrada-fluke-52-2-cal-con-certificado-de-calibracion\/\",\"name\":\"term\u00f3metro digital de doble entrada fluke 52-2 cal con certificado de calibraci\u00f3n - Abaa tienda online\",\"isPartOf\":{\"@id\":\"https:\/\/abaa.mx\/tienda\/#website\"},\"primaryImageOfPage\":{\"@id\":\"https:\/\/abaa.mx\/tienda\/termometro-digital-de-doble-entrada-fluke-52-2-cal-con-certificado-de-calibracion\/#primaryimage\"},\"image\":{\"@id\":\"https:\/\/abaa.mx\/tienda\/termometro-digital-de-doble-entrada-fluke-52-2-cal-con-certificado-de-calibracion\/#primaryimage\"},\"thumbnailUrl\":\"https:\/\/abaa.mx\/tienda\/wp-content\/uploads\/2023\/09\/52-2-CAL.jpg\",\"datePublished\":\"2023-09-20T19:47:36+00:00\",\"breadcrumb\":{\"@id\":\"https:\/\/abaa.mx\/tienda\/termometro-digital-de-doble-entrada-fluke-52-2-cal-con-certificado-de-calibracion\/#breadcrumb\"},\"inLanguage\":\"es\",\"potentialAction\":[{\"@type\":\"ReadAction\",\"target\":[\"https:\/\/abaa.mx\/tienda\/termometro-digital-de-doble-entrada-fluke-52-2-cal-con-certificado-de-calibracion\/\"]}]},{\"@type\":\"ImageObject\",\"inLanguage\":\"es\",\"@id\":\"https:\/\/abaa.mx\/tienda\/termometro-digital-de-doble-entrada-fluke-52-2-cal-con-certificado-de-calibracion\/#primaryimage\",\"url\":\"https:\/\/abaa.mx\/tienda\/wp-content\/uploads\/2023\/09\/52-2-CAL.jpg\",\"contentUrl\":\"https:\/\/abaa.mx\/tienda\/wp-content\/uploads\/2023\/09\/52-2-CAL.jpg\",\"width\":270,\"height\":375,\"caption\":\"52-2 CAL\"},{\"@type\":\"BreadcrumbList\",\"@id\":\"https:\/\/abaa.mx\/tienda\/termometro-digital-de-doble-entrada-fluke-52-2-cal-con-certificado-de-calibracion\/#breadcrumb\",\"itemListElement\":[{\"@type\":\"ListItem\",\"position\":1,\"name\":\"Inicio\",\"item\":\"https:\/\/abaa.mx\/tienda\/\"},{\"@type\":\"ListItem\",\"position\":2,\"name\":\"Tienda\",\"item\":\"https:\/\/abaa.mx\/tienda\/\"},{\"@type\":\"ListItem\",\"position\":3,\"name\":\"term\u00f3metro digital de doble entrada fluke 52-2 cal con certificado de calibraci\u00f3n\"}]},{\"@type\":\"WebSite\",\"@id\":\"https:\/\/abaa.mx\/tienda\/#website\",\"url\":\"https:\/\/abaa.mx\/tienda\/\",\"name\":\"Abaa tienda online\",\"description\":\"Instrumentos de medici\u00f3n\",\"publisher\":{\"@id\":\"https:\/\/abaa.mx\/tienda\/#organization\"},\"potentialAction\":[{\"@type\":\"SearchAction\",\"target\":{\"@type\":\"EntryPoint\",\"urlTemplate\":\"https:\/\/abaa.mx\/tienda\/?s={search_term_string}\"},\"query-input\":{\"@type\":\"PropertyValueSpecification\",\"valueRequired\":true,\"valueName\":\"search_term_string\"}}],\"inLanguage\":\"es\"},{\"@type\":\"Organization\",\"@id\":\"https:\/\/abaa.mx\/tienda\/#organization\",\"name\":\"Abaa tienda online\",\"url\":\"https:\/\/abaa.mx\/tienda\/\",\"logo\":{\"@type\":\"ImageObject\",\"inLanguage\":\"es\",\"@id\":\"https:\/\/abaa.mx\/tienda\/#\/schema\/logo\/image\/\",\"url\":\"https:\/\/abaa.mx\/tienda\/wp-content\/uploads\/2024\/01\/abaa-metrologia-tienda.png\",\"contentUrl\":\"https:\/\/abaa.mx\/tienda\/wp-content\/uploads\/2024\/01\/abaa-metrologia-tienda.png\",\"width\":300,\"height\":141,\"caption\":\"Abaa tienda online\"},\"image\":{\"@id\":\"https:\/\/abaa.mx\/tienda\/#\/schema\/logo\/image\/\"}}]}<\/script>\n<!-- \/ Yoast SEO plugin. -->","yoast_head_json":{"title":"term\u00f3metro digital de doble entrada fluke 52-2 cal con certificado de calibraci\u00f3n - Abaa tienda online","robots":{"index":"index","follow":"follow","max-snippet":"max-snippet:-1","max-image-preview":"max-image-preview:large","max-video-preview":"max-video-preview:-1"},"canonical":"https:\/\/abaa.mx\/tienda\/termometro-digital-de-doble-entrada-fluke-52-2-cal-con-certificado-de-calibracion\/","og_locale":"es_MX","og_type":"article","og_title":"term\u00f3metro digital de doble entrada fluke 52-2 cal con certificado de calibraci\u00f3n - Abaa tienda online","og_description":"El term\u00f3metro digital de doble entrada Fluke 52-2 CAL con certificado de calibraci\u00f3n proporciona mediciones de temperatura precisas para mayor seguridad y consistencia. Se puede acceder a los resultados y ajustes desde el panel frontal y la gran pantalla integrada en el term\u00f3metro. Los resultados de la medici\u00f3n se muestran r\u00e1pidamente para dar al usuario m\u00e1s tiempo para analizar los resultados y completar la operaci\u00f3n.","og_url":"https:\/\/abaa.mx\/tienda\/termometro-digital-de-doble-entrada-fluke-52-2-cal-con-certificado-de-calibracion\/","og_site_name":"Abaa tienda online","og_image":[{"width":270,"height":375,"url":"https:\/\/abaa.mx\/tienda\/wp-content\/uploads\/2023\/09\/52-2-CAL.jpg","type":"image\/jpeg"}],"twitter_card":"summary_large_image","twitter_misc":{"Tiempo de lectura":"1 minuto"},"schema":{"@context":"https:\/\/schema.org","@graph":[{"@type":"WebPage","@id":"https:\/\/abaa.mx\/tienda\/termometro-digital-de-doble-entrada-fluke-52-2-cal-con-certificado-de-calibracion\/","url":"https:\/\/abaa.mx\/tienda\/termometro-digital-de-doble-entrada-fluke-52-2-cal-con-certificado-de-calibracion\/","name":"term\u00f3metro digital de doble entrada fluke 52-2 cal con certificado de calibraci\u00f3n - Abaa tienda online","isPartOf":{"@id":"https:\/\/abaa.mx\/tienda\/#website"},"primaryImageOfPage":{"@id":"https:\/\/abaa.mx\/tienda\/termometro-digital-de-doble-entrada-fluke-52-2-cal-con-certificado-de-calibracion\/#primaryimage"},"image":{"@id":"https:\/\/abaa.mx\/tienda\/termometro-digital-de-doble-entrada-fluke-52-2-cal-con-certificado-de-calibracion\/#primaryimage"},"thumbnailUrl":"https:\/\/abaa.mx\/tienda\/wp-content\/uploads\/2023\/09\/52-2-CAL.jpg","datePublished":"2023-09-20T19:47:36+00:00","breadcrumb":{"@id":"https:\/\/abaa.mx\/tienda\/termometro-digital-de-doble-entrada-fluke-52-2-cal-con-certificado-de-calibracion\/#breadcrumb"},"inLanguage":"es","potentialAction":[{"@type":"ReadAction","target":["https:\/\/abaa.mx\/tienda\/termometro-digital-de-doble-entrada-fluke-52-2-cal-con-certificado-de-calibracion\/"]}]},{"@type":"ImageObject","inLanguage":"es","@id":"https:\/\/abaa.mx\/tienda\/termometro-digital-de-doble-entrada-fluke-52-2-cal-con-certificado-de-calibracion\/#primaryimage","url":"https:\/\/abaa.mx\/tienda\/wp-content\/uploads\/2023\/09\/52-2-CAL.jpg","contentUrl":"https:\/\/abaa.mx\/tienda\/wp-content\/uploads\/2023\/09\/52-2-CAL.jpg","width":270,"height":375,"caption":"52-2 CAL"},{"@type":"BreadcrumbList","@id":"https:\/\/abaa.mx\/tienda\/termometro-digital-de-doble-entrada-fluke-52-2-cal-con-certificado-de-calibracion\/#breadcrumb","itemListElement":[{"@type":"ListItem","position":1,"name":"Inicio","item":"https:\/\/abaa.mx\/tienda\/"},{"@type":"ListItem","position":2,"name":"Tienda","item":"https:\/\/abaa.mx\/tienda\/"},{"@type":"ListItem","position":3,"name":"term\u00f3metro digital de doble entrada fluke 52-2 cal con certificado de calibraci\u00f3n"}]},{"@type":"WebSite","@id":"https:\/\/abaa.mx\/tienda\/#website","url":"https:\/\/abaa.mx\/tienda\/","name":"Abaa tienda online","description":"Instrumentos de medici\u00f3n","publisher":{"@id":"https:\/\/abaa.mx\/tienda\/#organization"},"potentialAction":[{"@type":"SearchAction","target":{"@type":"EntryPoint","urlTemplate":"https:\/\/abaa.mx\/tienda\/?s={search_term_string}"},"query-input":{"@type":"PropertyValueSpecification","valueRequired":true,"valueName":"search_term_string"}}],"inLanguage":"es"},{"@type":"Organization","@id":"https:\/\/abaa.mx\/tienda\/#organization","name":"Abaa tienda online","url":"https:\/\/abaa.mx\/tienda\/","logo":{"@type":"ImageObject","inLanguage":"es","@id":"https:\/\/abaa.mx\/tienda\/#\/schema\/logo\/image\/","url":"https:\/\/abaa.mx\/tienda\/wp-content\/uploads\/2024\/01\/abaa-metrologia-tienda.png","contentUrl":"https:\/\/abaa.mx\/tienda\/wp-content\/uploads\/2024\/01\/abaa-metrologia-tienda.png","width":300,"height":141,"caption":"Abaa tienda online"},"image":{"@id":"https:\/\/abaa.mx\/tienda\/#\/schema\/logo\/image\/"}}]}},"_links":{"self":[{"href":"https:\/\/abaa.mx\/tienda\/wp-json\/wp\/v2\/product\/2317","targetHints":{"allow":["GET"]}}],"collection":[{"href":"https:\/\/abaa.mx\/tienda\/wp-json\/wp\/v2\/product"}],"about":[{"href":"https:\/\/abaa.mx\/tienda\/wp-json\/wp\/v2\/types\/product"}],"replies":[{"embeddable":true,"href":"https:\/\/abaa.mx\/tienda\/wp-json\/wp\/v2\/comments?post=2317"}],"wp:featuredmedia":[{"embeddable":true,"href":"https:\/\/abaa.mx\/tienda\/wp-json\/wp\/v2\/media\/2318"}],"wp:attachment":[{"href":"https:\/\/abaa.mx\/tienda\/wp-json\/wp\/v2\/media?parent=2317"}],"wp:term":[{"taxonomy":"product_brand","embeddable":true,"href":"https:\/\/abaa.mx\/tienda\/wp-json\/wp\/v2\/product_brand?post=2317"},{"taxonomy":"product_cat","embeddable":true,"href":"https:\/\/abaa.mx\/tienda\/wp-json\/wp\/v2\/product_cat?post=2317"},{"taxonomy":"product_tag","embeddable":true,"href":"https:\/\/abaa.mx\/tienda\/wp-json\/wp\/v2\/product_tag?post=2317"}],"curies":[{"name":"wp","href":"https:\/\/api.w.org\/{rel}","templated":true}]}}