{"id":2315,"date":"2023-09-20T19:41:46","date_gmt":"2023-09-20T19:41:46","guid":{"rendered":"https:\/\/abaa.mx\/tienda\/?post_type=product&#038;p=2315"},"modified":"2023-09-20T19:41:46","modified_gmt":"2023-09-20T19:41:46","slug":"termometro-infrarrojo-ir-fluke-64-max-relacion-distancia-a-punto-de-201","status":"publish","type":"product","link":"https:\/\/abaa.mx\/tienda\/termometro-infrarrojo-ir-fluke-64-max-relacion-distancia-a-punto-de-201\/","title":{"rendered":"term\u00f3metro infrarrojo (ir) fluke 64 max, relaci\u00f3n distancia a punto de 20:1"},"content":{"rendered":"<p><strong>Funciones<\/strong><\/p>\n<ul>\n<li>Tecnolog\u00eda l\u00e1ser precisa para mediciones m\u00e1s precisas y repetibles<\/li>\n<li>Precisi\u00f3n de temperatura de hasta \u00b11 \u00b0C o \u00b11% de la lectura, lo que sea mayor<\/li>\n<li>Relaci\u00f3n distancia a punto de 20:1<\/li>\n<li>Linterna y pantalla LCD retroiluminada grande y f\u00e1cil de leer para una f\u00e1cil visualizaci\u00f3n incluso en entornos oscuros<\/li>\n<li>Clasificaci\u00f3n IP54 para protecci\u00f3n adicional contra contaminantes en el aire<\/li>\n<li>Haga que su herramienta funcione cuando no pueda: establezca el tiempo y el intervalo deseado entre las mediciones y la captura autom\u00e1tica capturar\u00e1 las temperaturas puntuales desatendidas<\/li>\n<li>99 registro de puntos de datos<\/li>\n<li>30 horas de duraci\u00f3n de la bater\u00eda para que su herramienta pueda funcionar todo el tiempo que necesite<\/li>\n<li>Muestra la temperatura m\u00ednima, m\u00e1xima o media, o la diferencia entre dos mediciones<\/li>\n<li>Alarmas Hi y Lo para una visualizaci\u00f3n r\u00e1pida de las mediciones fuera de los l\u00edmites establecidos<\/li>\n<li>El dise\u00f1o peque\u00f1o y ligero se adapta f\u00e1cilmente a su caja de herramientas<\/li>\n<li>Alimentado por una pila alcalina AA<\/li>\n<\/ul>\n<h4>Especificaciones de Fluke Fluke 64 MAX<\/h4>\n<table class=\"table table-striped\">\n<tbody>\n<tr>\n<td>Rango de temperatura<\/td>\n<td>-22 a 1112\u00b0F (-30 a 600\u00b0C)<\/td>\n<\/tr>\n<tr>\n<td>Precisi\u00f3n (geometr\u00eda de calibraci\u00f3n con temperatura ambiente de 23 \u00b0C \u00b12 \u00b0C<\/td>\n<td>\u00b11.0 \u00b0C o \u00b11.0% de la lectura, lo que sea mayor<br \/>\n\u00b12.0 \u00b0C a 14 a 32 \u00b0F (-10 a 0 \u00b0C) \u00b13.0 \u00b0C a -22 a 14 \u00b0F (-30 a -10 \u00b0C)<\/td>\n<\/tr>\n<tr>\n<td>Resoluci\u00f3n \u00f3ptica<\/td>\n<td>20:1 (calculado al 90 % de energ\u00eda)<\/td>\n<\/tr>\n<tr>\n<td>Tiempo de respuesta (95%)<\/td>\n<td>&lt;500 ms (95% de la lectura)<\/td>\n<\/tr>\n<tr>\n<td>Respuesta espectral<\/td>\n<td>8 a 14 micras<\/td>\n<\/tr>\n<tr>\n<td>Emisividad<\/td>\n<td>0,10 a 1,00<\/td>\n<\/tr>\n<tr>\n<td>Resoluci\u00f3n de pantalla<\/td>\n<td>0.2\u00b0F (0.1\u00b0C)<\/td>\n<\/tr>\n<tr>\n<td>Repetibilidad (% de lectura)<\/td>\n<td>\u00b10.5% de la lectura o \u00b10.5 \u00b0 C (lo que sea mayor)<\/td>\n<\/tr>\n<tr>\n<td>Captura autom\u00e1tica<\/td>\n<td>Ajuste el tiempo y el intervalo para capturar hasta 99 mediciones<\/td>\n<\/tr>\n<tr>\n<td>Memoria interna<\/td>\n<td>99 capacidad de registro de puntos de datos<\/td>\n<\/tr>\n<tr>\n<td>Linterna<\/td>\n<td>S\u00ed<\/td>\n<\/tr>\n<tr>\n<td>Poder<\/td>\n<td>1 pila AA<\/td>\n<\/tr>\n<tr>\n<td>Duraci\u00f3n de la bater\u00eda<\/td>\n<td>30 horas con l\u00e1ser y retroiluminaci\u00f3n encendidos<\/td>\n<\/tr>\n<tr>\n<td>Temperatura de funcionamiento<\/td>\n<td>De 32 a 122 \u00b0C (de 0 a 50 \u00b0F)<\/td>\n<\/tr>\n<tr>\n<td>Temperatura de almacenamiento<\/td>\n<td>-4 a 140 \u00b0F (-20 a 60 \u00b0C) sin bater\u00eda<\/td>\n<\/tr>\n<tr>\n<td>Humedad de funcionamiento<\/td>\n<td>Sin condensaci\u00f3n a \u226450 \u00b0F (10 \u00b0C) \u226490 % HR a 50 a 86 \u00b0F (10 a 30 \u00b0C) \u226475 % HR a 86 a 104 \u00b0F (30 a 40 \u00b0C) \u226445 % HR a 104 a 122 \u00b0F (40 a 50 \u00b0C)<\/td>\n<\/tr>\n<tr>\n<td>Altitud de funcionamiento<\/td>\n<td>6561.7&#8242; (2000 m) sobre el nivel medio del mar<\/td>\n<\/tr>\n<tr>\n<td>Resoluci\u00f3n \u00f3ptica<\/td>\n<td>39.370,08 (12.000 m) metros sobre el nivel medio del mar<\/td>\n<\/tr>\n<tr>\n<td>Prueba de ca\u00edda<\/td>\n<td>9,8&#8242; (3 m)<\/td>\n<\/tr>\n<tr>\n<td>Dimensiones<\/td>\n<td>6,88 x 3,34 x 295&#8243; (175 x 85 x 75 mm)<\/td>\n<\/tr>\n<tr>\n<td>Peso<\/td>\n<td>0,56 lb (255 g)<\/td>\n<\/tr>\n<tr>\n<td>Implementar est\u00e1ndar<\/td>\n<td>Q\/ASF01<\/td>\n<\/tr>\n<tr>\n<td>Conformidad<\/td>\n<td>IEC 61010-1: Clase de contaminaci\u00f3n 2<\/td>\n<\/tr>\n<tr>\n<td>Seguridad l\u00e1ser<\/td>\n<td>IEC 60825-1 Clase 2, 650 nm, &lt;1 mW<\/td>\n<\/tr>\n<tr>\n<td>Grado de protecci\u00f3n de ingreso<\/td>\n<td>IP 54 seg\u00fan IEC 60529<\/td>\n<\/tr>\n<\/tbody>\n<\/table>\n","protected":false},"excerpt":{"rendered":"<p><strong>Funciones<\/strong><\/p>\n<ul>\n<li>Tecnolog\u00eda l\u00e1ser precisa para mediciones m\u00e1s precisas y repetibles<\/li>\n<li>Precisi\u00f3n de temperatura de hasta \u00b11 \u00b0C o \u00b11% de la lectura, lo que sea mayor<\/li>\n<li>Relaci\u00f3n distancia a punto de 20:1<\/li>\n<li>Linterna y pantalla LCD retroiluminada grande y f\u00e1cil de leer para una f\u00e1cil visualizaci\u00f3n incluso en entornos oscuros<\/li>\n<li>Clasificaci\u00f3n IP54 para protecci\u00f3n adicional contra contaminantes en el aire<\/li>\n<li>Haga que su herramienta funcione cuando no pueda: establezca el tiempo y el intervalo deseado entre las mediciones y la captura autom\u00e1tica capturar\u00e1 las temperaturas puntuales desatendidas<\/li>\n<li>99 registro de puntos de datos<\/li>\n<li>30 horas de duraci\u00f3n de la bater\u00eda para que su herramienta pueda funcionar todo el tiempo que necesite<\/li>\n<li>Muestra la temperatura m\u00ednima, m\u00e1xima o media, o la diferencia entre dos mediciones<\/li>\n<li>Alarmas Hi y Lo para una visualizaci\u00f3n r\u00e1pida de las mediciones fuera de los l\u00edmites establecidos<\/li>\n<li>El dise\u00f1o peque\u00f1o y ligero se adapta f\u00e1cilmente a su caja de herramientas<\/li>\n<li>Alimentado por una pila alcalina AA<\/li>\n<\/ul>\n","protected":false},"featured_media":2316,"comment_status":"open","ping_status":"closed","template":"","meta":{"_joinchat":[]},"product_brand":[],"product_cat":[15],"product_tag":[],"class_list":{"0":"post-2315","1":"product","2":"type-product","3":"status-publish","4":"has-post-thumbnail","6":"product_cat-sin-categorizar","8":"first","9":"instock","10":"shipping-taxable","11":"product-type-simple"},"yoast_head":"<!-- This site is optimized with the Yoast SEO plugin v26.4 - https:\/\/yoast.com\/wordpress\/plugins\/seo\/ -->\n<title>term\u00f3metro infrarrojo (ir) fluke 64 max, relaci\u00f3n distancia a punto de 20:1 - Abaa tienda online<\/title>\n<meta name=\"robots\" content=\"index, follow, max-snippet:-1, max-image-preview:large, max-video-preview:-1\" \/>\n<link rel=\"canonical\" href=\"https:\/\/abaa.mx\/tienda\/termometro-infrarrojo-ir-fluke-64-max-relacion-distancia-a-punto-de-201\/\" \/>\n<meta property=\"og:locale\" content=\"es_MX\" \/>\n<meta property=\"og:type\" content=\"article\" \/>\n<meta property=\"og:title\" content=\"term\u00f3metro infrarrojo (ir) fluke 64 max, relaci\u00f3n distancia a punto de 20:1 - Abaa tienda online\" \/>\n<meta property=\"og:description\" content=\"Funciones   Tecnolog\u00eda l\u00e1ser precisa para mediciones m\u00e1s precisas y repetibles  Precisi\u00f3n de temperatura de hasta \u00b11 \u00b0C o \u00b11% de la lectura, lo que sea mayor  Relaci\u00f3n distancia a punto de 20:1  Linterna y pantalla LCD retroiluminada grande y f\u00e1cil de leer para una f\u00e1cil visualizaci\u00f3n incluso en entornos oscuros  Clasificaci\u00f3n IP54 para protecci\u00f3n adicional contra contaminantes en el aire  Haga que su herramienta funcione cuando no pueda: establezca el tiempo y el intervalo deseado entre las mediciones y la captura autom\u00e1tica capturar\u00e1 las temperaturas puntuales desatendidas  99 registro de puntos de datos  30 horas de duraci\u00f3n de la bater\u00eda para que su herramienta pueda funcionar todo el tiempo que necesite  Muestra la temperatura m\u00ednima, m\u00e1xima o media, o la diferencia entre dos mediciones  Alarmas Hi y Lo para una visualizaci\u00f3n r\u00e1pida de las mediciones fuera de los l\u00edmites establecidos  El dise\u00f1o peque\u00f1o y ligero se adapta f\u00e1cilmente a su caja de herramientas  Alimentado por una pila alcalina AA\" \/>\n<meta property=\"og:url\" content=\"https:\/\/abaa.mx\/tienda\/termometro-infrarrojo-ir-fluke-64-max-relacion-distancia-a-punto-de-201\/\" \/>\n<meta property=\"og:site_name\" content=\"Abaa tienda online\" \/>\n<meta property=\"og:image\" content=\"https:\/\/abaa.mx\/tienda\/wp-content\/uploads\/2023\/09\/Fluke-64-MAX.jpg\" \/>\n\t<meta property=\"og:image:width\" content=\"270\" \/>\n\t<meta property=\"og:image:height\" content=\"500\" \/>\n\t<meta property=\"og:image:type\" content=\"image\/jpeg\" \/>\n<meta name=\"twitter:card\" content=\"summary_large_image\" \/>\n<meta name=\"twitter:label1\" content=\"Tiempo de lectura\" \/>\n\t<meta name=\"twitter:data1\" content=\"3 minutos\" \/>\n<script type=\"application\/ld+json\" class=\"yoast-schema-graph\">{\"@context\":\"https:\/\/schema.org\",\"@graph\":[{\"@type\":\"WebPage\",\"@id\":\"https:\/\/abaa.mx\/tienda\/termometro-infrarrojo-ir-fluke-64-max-relacion-distancia-a-punto-de-201\/\",\"url\":\"https:\/\/abaa.mx\/tienda\/termometro-infrarrojo-ir-fluke-64-max-relacion-distancia-a-punto-de-201\/\",\"name\":\"term\u00f3metro infrarrojo (ir) fluke 64 max, relaci\u00f3n distancia a punto de 20:1 - Abaa tienda online\",\"isPartOf\":{\"@id\":\"https:\/\/abaa.mx\/tienda\/#website\"},\"primaryImageOfPage\":{\"@id\":\"https:\/\/abaa.mx\/tienda\/termometro-infrarrojo-ir-fluke-64-max-relacion-distancia-a-punto-de-201\/#primaryimage\"},\"image\":{\"@id\":\"https:\/\/abaa.mx\/tienda\/termometro-infrarrojo-ir-fluke-64-max-relacion-distancia-a-punto-de-201\/#primaryimage\"},\"thumbnailUrl\":\"https:\/\/abaa.mx\/tienda\/wp-content\/uploads\/2023\/09\/Fluke-64-MAX.jpg\",\"datePublished\":\"2023-09-20T19:41:46+00:00\",\"breadcrumb\":{\"@id\":\"https:\/\/abaa.mx\/tienda\/termometro-infrarrojo-ir-fluke-64-max-relacion-distancia-a-punto-de-201\/#breadcrumb\"},\"inLanguage\":\"es\",\"potentialAction\":[{\"@type\":\"ReadAction\",\"target\":[\"https:\/\/abaa.mx\/tienda\/termometro-infrarrojo-ir-fluke-64-max-relacion-distancia-a-punto-de-201\/\"]}]},{\"@type\":\"ImageObject\",\"inLanguage\":\"es\",\"@id\":\"https:\/\/abaa.mx\/tienda\/termometro-infrarrojo-ir-fluke-64-max-relacion-distancia-a-punto-de-201\/#primaryimage\",\"url\":\"https:\/\/abaa.mx\/tienda\/wp-content\/uploads\/2023\/09\/Fluke-64-MAX.jpg\",\"contentUrl\":\"https:\/\/abaa.mx\/tienda\/wp-content\/uploads\/2023\/09\/Fluke-64-MAX.jpg\",\"width\":270,\"height\":500,\"caption\":\"Fluke 64 MAX\"},{\"@type\":\"BreadcrumbList\",\"@id\":\"https:\/\/abaa.mx\/tienda\/termometro-infrarrojo-ir-fluke-64-max-relacion-distancia-a-punto-de-201\/#breadcrumb\",\"itemListElement\":[{\"@type\":\"ListItem\",\"position\":1,\"name\":\"Inicio\",\"item\":\"https:\/\/abaa.mx\/tienda\/\"},{\"@type\":\"ListItem\",\"position\":2,\"name\":\"Tienda\",\"item\":\"https:\/\/abaa.mx\/tienda\/\"},{\"@type\":\"ListItem\",\"position\":3,\"name\":\"term\u00f3metro infrarrojo (ir) fluke 64 max, relaci\u00f3n distancia a punto de 20:1\"}]},{\"@type\":\"WebSite\",\"@id\":\"https:\/\/abaa.mx\/tienda\/#website\",\"url\":\"https:\/\/abaa.mx\/tienda\/\",\"name\":\"Abaa tienda online\",\"description\":\"Instrumentos de medici\u00f3n\",\"publisher\":{\"@id\":\"https:\/\/abaa.mx\/tienda\/#organization\"},\"potentialAction\":[{\"@type\":\"SearchAction\",\"target\":{\"@type\":\"EntryPoint\",\"urlTemplate\":\"https:\/\/abaa.mx\/tienda\/?s={search_term_string}\"},\"query-input\":{\"@type\":\"PropertyValueSpecification\",\"valueRequired\":true,\"valueName\":\"search_term_string\"}}],\"inLanguage\":\"es\"},{\"@type\":\"Organization\",\"@id\":\"https:\/\/abaa.mx\/tienda\/#organization\",\"name\":\"Abaa tienda online\",\"url\":\"https:\/\/abaa.mx\/tienda\/\",\"logo\":{\"@type\":\"ImageObject\",\"inLanguage\":\"es\",\"@id\":\"https:\/\/abaa.mx\/tienda\/#\/schema\/logo\/image\/\",\"url\":\"https:\/\/abaa.mx\/tienda\/wp-content\/uploads\/2024\/01\/abaa-metrologia-tienda.png\",\"contentUrl\":\"https:\/\/abaa.mx\/tienda\/wp-content\/uploads\/2024\/01\/abaa-metrologia-tienda.png\",\"width\":300,\"height\":141,\"caption\":\"Abaa tienda online\"},\"image\":{\"@id\":\"https:\/\/abaa.mx\/tienda\/#\/schema\/logo\/image\/\"}}]}<\/script>\n<!-- \/ Yoast SEO plugin. -->","yoast_head_json":{"title":"term\u00f3metro infrarrojo (ir) fluke 64 max, relaci\u00f3n distancia a punto de 20:1 - Abaa tienda online","robots":{"index":"index","follow":"follow","max-snippet":"max-snippet:-1","max-image-preview":"max-image-preview:large","max-video-preview":"max-video-preview:-1"},"canonical":"https:\/\/abaa.mx\/tienda\/termometro-infrarrojo-ir-fluke-64-max-relacion-distancia-a-punto-de-201\/","og_locale":"es_MX","og_type":"article","og_title":"term\u00f3metro infrarrojo (ir) fluke 64 max, relaci\u00f3n distancia a punto de 20:1 - Abaa tienda online","og_description":"Funciones   Tecnolog\u00eda l\u00e1ser precisa para mediciones m\u00e1s precisas y repetibles  Precisi\u00f3n de temperatura de hasta \u00b11 \u00b0C o \u00b11% de la lectura, lo que sea mayor  Relaci\u00f3n distancia a punto de 20:1  Linterna y pantalla LCD retroiluminada grande y f\u00e1cil de leer para una f\u00e1cil visualizaci\u00f3n incluso en entornos oscuros  Clasificaci\u00f3n IP54 para protecci\u00f3n adicional contra contaminantes en el aire  Haga que su herramienta funcione cuando no pueda: establezca el tiempo y el intervalo deseado entre las mediciones y la captura autom\u00e1tica capturar\u00e1 las temperaturas puntuales desatendidas  99 registro de puntos de datos  30 horas de duraci\u00f3n de la bater\u00eda para que su herramienta pueda funcionar todo el tiempo que necesite  Muestra la temperatura m\u00ednima, m\u00e1xima o media, o la diferencia entre dos mediciones  Alarmas Hi y Lo para una visualizaci\u00f3n r\u00e1pida de las mediciones fuera de los l\u00edmites establecidos  El dise\u00f1o peque\u00f1o y ligero se adapta f\u00e1cilmente a su caja de herramientas  Alimentado por una pila alcalina AA","og_url":"https:\/\/abaa.mx\/tienda\/termometro-infrarrojo-ir-fluke-64-max-relacion-distancia-a-punto-de-201\/","og_site_name":"Abaa tienda online","og_image":[{"width":270,"height":500,"url":"https:\/\/abaa.mx\/tienda\/wp-content\/uploads\/2023\/09\/Fluke-64-MAX.jpg","type":"image\/jpeg"}],"twitter_card":"summary_large_image","twitter_misc":{"Tiempo de lectura":"3 minutos"},"schema":{"@context":"https:\/\/schema.org","@graph":[{"@type":"WebPage","@id":"https:\/\/abaa.mx\/tienda\/termometro-infrarrojo-ir-fluke-64-max-relacion-distancia-a-punto-de-201\/","url":"https:\/\/abaa.mx\/tienda\/termometro-infrarrojo-ir-fluke-64-max-relacion-distancia-a-punto-de-201\/","name":"term\u00f3metro infrarrojo (ir) fluke 64 max, relaci\u00f3n distancia a punto de 20:1 - Abaa tienda online","isPartOf":{"@id":"https:\/\/abaa.mx\/tienda\/#website"},"primaryImageOfPage":{"@id":"https:\/\/abaa.mx\/tienda\/termometro-infrarrojo-ir-fluke-64-max-relacion-distancia-a-punto-de-201\/#primaryimage"},"image":{"@id":"https:\/\/abaa.mx\/tienda\/termometro-infrarrojo-ir-fluke-64-max-relacion-distancia-a-punto-de-201\/#primaryimage"},"thumbnailUrl":"https:\/\/abaa.mx\/tienda\/wp-content\/uploads\/2023\/09\/Fluke-64-MAX.jpg","datePublished":"2023-09-20T19:41:46+00:00","breadcrumb":{"@id":"https:\/\/abaa.mx\/tienda\/termometro-infrarrojo-ir-fluke-64-max-relacion-distancia-a-punto-de-201\/#breadcrumb"},"inLanguage":"es","potentialAction":[{"@type":"ReadAction","target":["https:\/\/abaa.mx\/tienda\/termometro-infrarrojo-ir-fluke-64-max-relacion-distancia-a-punto-de-201\/"]}]},{"@type":"ImageObject","inLanguage":"es","@id":"https:\/\/abaa.mx\/tienda\/termometro-infrarrojo-ir-fluke-64-max-relacion-distancia-a-punto-de-201\/#primaryimage","url":"https:\/\/abaa.mx\/tienda\/wp-content\/uploads\/2023\/09\/Fluke-64-MAX.jpg","contentUrl":"https:\/\/abaa.mx\/tienda\/wp-content\/uploads\/2023\/09\/Fluke-64-MAX.jpg","width":270,"height":500,"caption":"Fluke 64 MAX"},{"@type":"BreadcrumbList","@id":"https:\/\/abaa.mx\/tienda\/termometro-infrarrojo-ir-fluke-64-max-relacion-distancia-a-punto-de-201\/#breadcrumb","itemListElement":[{"@type":"ListItem","position":1,"name":"Inicio","item":"https:\/\/abaa.mx\/tienda\/"},{"@type":"ListItem","position":2,"name":"Tienda","item":"https:\/\/abaa.mx\/tienda\/"},{"@type":"ListItem","position":3,"name":"term\u00f3metro infrarrojo (ir) fluke 64 max, relaci\u00f3n distancia a punto de 20:1"}]},{"@type":"WebSite","@id":"https:\/\/abaa.mx\/tienda\/#website","url":"https:\/\/abaa.mx\/tienda\/","name":"Abaa tienda online","description":"Instrumentos de medici\u00f3n","publisher":{"@id":"https:\/\/abaa.mx\/tienda\/#organization"},"potentialAction":[{"@type":"SearchAction","target":{"@type":"EntryPoint","urlTemplate":"https:\/\/abaa.mx\/tienda\/?s={search_term_string}"},"query-input":{"@type":"PropertyValueSpecification","valueRequired":true,"valueName":"search_term_string"}}],"inLanguage":"es"},{"@type":"Organization","@id":"https:\/\/abaa.mx\/tienda\/#organization","name":"Abaa tienda online","url":"https:\/\/abaa.mx\/tienda\/","logo":{"@type":"ImageObject","inLanguage":"es","@id":"https:\/\/abaa.mx\/tienda\/#\/schema\/logo\/image\/","url":"https:\/\/abaa.mx\/tienda\/wp-content\/uploads\/2024\/01\/abaa-metrologia-tienda.png","contentUrl":"https:\/\/abaa.mx\/tienda\/wp-content\/uploads\/2024\/01\/abaa-metrologia-tienda.png","width":300,"height":141,"caption":"Abaa tienda online"},"image":{"@id":"https:\/\/abaa.mx\/tienda\/#\/schema\/logo\/image\/"}}]}},"_links":{"self":[{"href":"https:\/\/abaa.mx\/tienda\/wp-json\/wp\/v2\/product\/2315","targetHints":{"allow":["GET"]}}],"collection":[{"href":"https:\/\/abaa.mx\/tienda\/wp-json\/wp\/v2\/product"}],"about":[{"href":"https:\/\/abaa.mx\/tienda\/wp-json\/wp\/v2\/types\/product"}],"replies":[{"embeddable":true,"href":"https:\/\/abaa.mx\/tienda\/wp-json\/wp\/v2\/comments?post=2315"}],"wp:featuredmedia":[{"embeddable":true,"href":"https:\/\/abaa.mx\/tienda\/wp-json\/wp\/v2\/media\/2316"}],"wp:attachment":[{"href":"https:\/\/abaa.mx\/tienda\/wp-json\/wp\/v2\/media?parent=2315"}],"wp:term":[{"taxonomy":"product_brand","embeddable":true,"href":"https:\/\/abaa.mx\/tienda\/wp-json\/wp\/v2\/product_brand?post=2315"},{"taxonomy":"product_cat","embeddable":true,"href":"https:\/\/abaa.mx\/tienda\/wp-json\/wp\/v2\/product_cat?post=2315"},{"taxonomy":"product_tag","embeddable":true,"href":"https:\/\/abaa.mx\/tienda\/wp-json\/wp\/v2\/product_tag?post=2315"}],"curies":[{"name":"wp","href":"https:\/\/api.w.org\/{rel}","templated":true}]}}