{"id":2313,"date":"2023-09-20T19:39:49","date_gmt":"2023-09-20T19:39:49","guid":{"rendered":"https:\/\/abaa.mx\/tienda\/?post_type=product&#038;p=2313"},"modified":"2023-09-20T19:39:50","modified_gmt":"2023-09-20T19:39:50","slug":"calibrador-de-temperatura-fluke-714b-de-4-a-20-ma","status":"publish","type":"product","link":"https:\/\/abaa.mx\/tienda\/calibrador-de-temperatura-fluke-714b-de-4-a-20-ma\/","title":{"rendered":"calibrador de temperatura fluke 714b, de 4 a 20 ma"},"content":{"rendered":"<p>Con un rendimiento excepcional, este calibrador de termopar presenta durabilidad y fiabilidad. El calibrador es compacto, ligero y ofrece una interfaz de bot\u00f3n f\u00e1cil de usar. Es tolerante a EMI, resistente al polvo y a las salpicaduras, y cuenta con una tapa de bater\u00eda extra\u00edble para cambios r\u00e1pidos de bater\u00eda.<\/p>\n<p><strong>Funciones<\/strong><\/p>\n<ul>\n<li>Medir la temperatura a partir de la salida TC<\/li>\n<li>Simular 17 tipos diferentes de RTD y resistencia<\/li>\n<li>Operable con nueve tipos de termopares<\/li>\n<li>Calibrar transmisor TC lineal con funci\u00f3n de fuente mV<\/li>\n<li>Seleccionable \u00b0F o \u00b0C<\/li>\n<li>Entradas duales y pantalla retroiluminada para facilitar la interpretaci\u00f3n de las mediciones<\/li>\n<li>Terminaci\u00f3n mini-jack del termopar<\/li>\n<li>La funda cuenta con almacenamiento de cables de prueba<\/li>\n<li>La configuraci\u00f3n de apagado se recuerda en el encendido para facilitar el reinicio de las pruebas<\/li>\n<li>Compatible con el sistema de suspensi\u00f3n magn\u00e9tica TPAK<\/li>\n<li>Mida se\u00f1ales de 4 a 20 mA mientras obtiene simult\u00e1neamente una se\u00f1al de temperatura<\/li>\n<\/ul>\n<p><strong>Aplicaciones<\/strong><\/p>\n<ul>\n<li>Petroqu\u00edmica<\/li>\n<li>Petr\u00f3leo y gas<\/li>\n<li>Alimentos y bebidas<\/li>\n<li>Farmac\u00e9utico<\/li>\n<\/ul>\n<h4>Especificaciones de Fluke 714B\/EN<\/h4>\n<table class=\"table table-striped\">\n<tbody>\n<tr>\n<td colspan=\"2\"><strong>Entrada de termopar mV<\/strong><\/td>\n<\/tr>\n<tr>\n<td>Gama<\/td>\n<td>-10 a 75 mV<\/td>\n<\/tr>\n<tr>\n<td>Resoluci\u00f3n<\/td>\n<td>0,001 mV<\/td>\n<\/tr>\n<tr>\n<td>Precisi\u00f3n (% de lectura + piso)<\/td>\n<td>1 a\u00f1o: 0,015 % + 10 \u03bcV 2 a\u00f1os: 0,02 % + 15 \u03bcV<br \/>\n(2 a\u00f1os)<\/td>\n<\/tr>\n<tr>\n<td colspan=\"2\"><strong>Salida de termopar mV<\/strong><\/td>\n<\/tr>\n<tr>\n<td>Gama<\/td>\n<td>-10 a 75 mV<\/td>\n<\/tr>\n<tr>\n<td>Resoluci\u00f3n<\/td>\n<td>0,01 mV<\/td>\n<\/tr>\n<tr>\n<td>Precisi\u00f3n (% de salida + piso)<\/td>\n<td>1 a\u00f1o: 0,015 % + 10 \u03bcV 2 a\u00f1os: 0,02 % + 15 \u03bcV<\/td>\n<\/tr>\n<tr>\n<td colspan=\"2\"><strong>Entrada de termopar mA<\/strong><\/td>\n<\/tr>\n<tr>\n<td>Gama<\/td>\n<td>0 a 24 mA<\/td>\n<\/tr>\n<tr>\n<td>Resoluci\u00f3n<\/td>\n<td>0,001 mA<\/td>\n<\/tr>\n<tr>\n<td>Precisi\u00f3n (% de lectura + piso)<\/td>\n<td>1 a\u00f1o: 0,01 % + 2 \u03bcA 2 a\u00f1os: 0,02 % + 4 \u03bcA<\/td>\n<\/tr>\n<tr>\n<td colspan=\"2\"><strong>Especificaciones generales<\/strong><\/td>\n<\/tr>\n<tr>\n<td>Voltaje m\u00e1ximo aplicado entre cualquier terminal y tierra a tierra o entre dos terminales cualesquiera<\/td>\n<td>30 V<\/td>\n<\/tr>\n<tr>\n<td>Temperatura<\/td>\n<td>En funcionamiento: -10 a 50 \u00b0C Almacenamiento: -20 a 60 \u00b0C<\/td>\n<\/tr>\n<tr>\n<td>Altitud<\/td>\n<td>En funcionamiento: 6561&#8242; (2000 m) Almacenamiento: 39,370&#8242; (12,000 m)<\/td>\n<\/tr>\n<tr>\n<td>Humedad relativa (% HR funcionando sin condensaci\u00f3n)<\/td>\n<td>Sin condensaci\u00f3n<br \/>\n90% (10 a 30 \u00b0C) 75% (30 a 40 \u00b0C) 45% (40 a 50 \u00b0C)<\/td>\n<\/tr>\n<tr>\n<td>Requisitos de vibraci\u00f3n<\/td>\n<td>MIL-T-28800E, Clase 2<\/td>\n<\/tr>\n<tr>\n<td>Requisitos de la prueba de ca\u00edda<\/td>\n<td>3,2&#8242; (1 m)<\/td>\n<\/tr>\n<tr>\n<td>Clasificaci\u00f3n IP<\/td>\n<td>IEC 60529: IP52 (con tapa TC)<\/td>\n<\/tr>\n<tr>\n<td>Entorno electromagn\u00e9tico<\/td>\n<td>IEC 61326-1, port\u00e1til<\/td>\n<\/tr>\n<tr>\n<td>Seguridad<\/td>\n<td>IEC 61010-1, m\u00e1x. 30 V a tierra, grado de contaminaci\u00f3n 2<\/td>\n<\/tr>\n<tr>\n<td>Fuente de alimentaci\u00f3n<\/td>\n<td>4 pilas alcalinas AA\/c\u00f3digo NEDA: 15A, c\u00f3digo IEC: LR6<\/td>\n<\/tr>\n<tr>\n<td>Dimensiones<\/td>\n<td>0,4 x 3,3 x 7,4&#8243; (52,5 x 84 x 188,5 mm)<\/td>\n<\/tr>\n<tr>\n<td>Peso<\/td>\n<td>1,13 libras (515 g)<\/td>\n<\/tr>\n<\/tbody>\n<\/table>\n","protected":false},"excerpt":{"rendered":"<p>Con un rendimiento excepcional, este calibrador de termopar presenta durabilidad y fiabilidad. El calibrador es compacto, ligero y ofrece una interfaz de bot\u00f3n f\u00e1cil de usar. Es tolerante a EMI, resistente al polvo y a las salpicaduras, y cuenta con una tapa de bater\u00eda extra\u00edble para cambios r\u00e1pidos de bater\u00eda.<\/p>\n","protected":false},"featured_media":2314,"comment_status":"open","ping_status":"closed","template":"","meta":{"_joinchat":[]},"product_brand":[],"product_cat":[15],"product_tag":[],"class_list":{"0":"post-2313","1":"product","2":"type-product","3":"status-publish","4":"has-post-thumbnail","6":"product_cat-sin-categorizar","8":"first","9":"instock","10":"shipping-taxable","11":"product-type-simple"},"yoast_head":"<!-- This site is optimized with the Yoast SEO plugin v26.4 - https:\/\/yoast.com\/wordpress\/plugins\/seo\/ -->\n<title>calibrador de temperatura fluke 714b, de 4 a 20 ma - Abaa tienda online<\/title>\n<meta name=\"robots\" content=\"index, follow, max-snippet:-1, max-image-preview:large, max-video-preview:-1\" \/>\n<link rel=\"canonical\" href=\"https:\/\/abaa.mx\/tienda\/calibrador-de-temperatura-fluke-714b-de-4-a-20-ma\/\" \/>\n<meta property=\"og:locale\" content=\"es_MX\" \/>\n<meta property=\"og:type\" content=\"article\" \/>\n<meta property=\"og:title\" content=\"calibrador de temperatura fluke 714b, de 4 a 20 ma - Abaa tienda online\" \/>\n<meta property=\"og:description\" content=\"Con un rendimiento excepcional, este calibrador de termopar presenta durabilidad y fiabilidad. El calibrador es compacto, ligero y ofrece una interfaz de bot\u00f3n f\u00e1cil de usar. Es tolerante a EMI, resistente al polvo y a las salpicaduras, y cuenta con una tapa de bater\u00eda extra\u00edble para cambios r\u00e1pidos de bater\u00eda.\" \/>\n<meta property=\"og:url\" content=\"https:\/\/abaa.mx\/tienda\/calibrador-de-temperatura-fluke-714b-de-4-a-20-ma\/\" \/>\n<meta property=\"og:site_name\" content=\"Abaa tienda online\" \/>\n<meta property=\"article:modified_time\" content=\"2023-09-20T19:39:50+00:00\" \/>\n<meta property=\"og:image\" content=\"https:\/\/abaa.mx\/tienda\/wp-content\/uploads\/2023\/09\/714B-EN.webp\" \/>\n\t<meta property=\"og:image:width\" content=\"270\" \/>\n\t<meta property=\"og:image:height\" content=\"500\" \/>\n\t<meta property=\"og:image:type\" content=\"image\/webp\" \/>\n<meta name=\"twitter:card\" content=\"summary_large_image\" \/>\n<meta name=\"twitter:label1\" content=\"Tiempo de lectura\" \/>\n\t<meta name=\"twitter:data1\" content=\"2 minutos\" \/>\n<script type=\"application\/ld+json\" class=\"yoast-schema-graph\">{\"@context\":\"https:\/\/schema.org\",\"@graph\":[{\"@type\":\"WebPage\",\"@id\":\"https:\/\/abaa.mx\/tienda\/calibrador-de-temperatura-fluke-714b-de-4-a-20-ma\/\",\"url\":\"https:\/\/abaa.mx\/tienda\/calibrador-de-temperatura-fluke-714b-de-4-a-20-ma\/\",\"name\":\"calibrador de temperatura fluke 714b, de 4 a 20 ma - Abaa tienda online\",\"isPartOf\":{\"@id\":\"https:\/\/abaa.mx\/tienda\/#website\"},\"primaryImageOfPage\":{\"@id\":\"https:\/\/abaa.mx\/tienda\/calibrador-de-temperatura-fluke-714b-de-4-a-20-ma\/#primaryimage\"},\"image\":{\"@id\":\"https:\/\/abaa.mx\/tienda\/calibrador-de-temperatura-fluke-714b-de-4-a-20-ma\/#primaryimage\"},\"thumbnailUrl\":\"https:\/\/abaa.mx\/tienda\/wp-content\/uploads\/2023\/09\/714B-EN.webp\",\"datePublished\":\"2023-09-20T19:39:49+00:00\",\"dateModified\":\"2023-09-20T19:39:50+00:00\",\"breadcrumb\":{\"@id\":\"https:\/\/abaa.mx\/tienda\/calibrador-de-temperatura-fluke-714b-de-4-a-20-ma\/#breadcrumb\"},\"inLanguage\":\"es\",\"potentialAction\":[{\"@type\":\"ReadAction\",\"target\":[\"https:\/\/abaa.mx\/tienda\/calibrador-de-temperatura-fluke-714b-de-4-a-20-ma\/\"]}]},{\"@type\":\"ImageObject\",\"inLanguage\":\"es\",\"@id\":\"https:\/\/abaa.mx\/tienda\/calibrador-de-temperatura-fluke-714b-de-4-a-20-ma\/#primaryimage\",\"url\":\"https:\/\/abaa.mx\/tienda\/wp-content\/uploads\/2023\/09\/714B-EN.webp\",\"contentUrl\":\"https:\/\/abaa.mx\/tienda\/wp-content\/uploads\/2023\/09\/714B-EN.webp\",\"width\":270,\"height\":500,\"caption\":\"714B-EN\"},{\"@type\":\"BreadcrumbList\",\"@id\":\"https:\/\/abaa.mx\/tienda\/calibrador-de-temperatura-fluke-714b-de-4-a-20-ma\/#breadcrumb\",\"itemListElement\":[{\"@type\":\"ListItem\",\"position\":1,\"name\":\"Inicio\",\"item\":\"https:\/\/abaa.mx\/tienda\/\"},{\"@type\":\"ListItem\",\"position\":2,\"name\":\"Tienda\",\"item\":\"https:\/\/abaa.mx\/tienda\/\"},{\"@type\":\"ListItem\",\"position\":3,\"name\":\"calibrador de temperatura fluke 714b, de 4 a 20 ma\"}]},{\"@type\":\"WebSite\",\"@id\":\"https:\/\/abaa.mx\/tienda\/#website\",\"url\":\"https:\/\/abaa.mx\/tienda\/\",\"name\":\"Abaa tienda online\",\"description\":\"Instrumentos de medici\u00f3n\",\"publisher\":{\"@id\":\"https:\/\/abaa.mx\/tienda\/#organization\"},\"potentialAction\":[{\"@type\":\"SearchAction\",\"target\":{\"@type\":\"EntryPoint\",\"urlTemplate\":\"https:\/\/abaa.mx\/tienda\/?s={search_term_string}\"},\"query-input\":{\"@type\":\"PropertyValueSpecification\",\"valueRequired\":true,\"valueName\":\"search_term_string\"}}],\"inLanguage\":\"es\"},{\"@type\":\"Organization\",\"@id\":\"https:\/\/abaa.mx\/tienda\/#organization\",\"name\":\"Abaa tienda online\",\"url\":\"https:\/\/abaa.mx\/tienda\/\",\"logo\":{\"@type\":\"ImageObject\",\"inLanguage\":\"es\",\"@id\":\"https:\/\/abaa.mx\/tienda\/#\/schema\/logo\/image\/\",\"url\":\"https:\/\/abaa.mx\/tienda\/wp-content\/uploads\/2024\/01\/abaa-metrologia-tienda.png\",\"contentUrl\":\"https:\/\/abaa.mx\/tienda\/wp-content\/uploads\/2024\/01\/abaa-metrologia-tienda.png\",\"width\":300,\"height\":141,\"caption\":\"Abaa tienda online\"},\"image\":{\"@id\":\"https:\/\/abaa.mx\/tienda\/#\/schema\/logo\/image\/\"}}]}<\/script>\n<!-- \/ Yoast SEO plugin. -->","yoast_head_json":{"title":"calibrador de temperatura fluke 714b, de 4 a 20 ma - Abaa tienda online","robots":{"index":"index","follow":"follow","max-snippet":"max-snippet:-1","max-image-preview":"max-image-preview:large","max-video-preview":"max-video-preview:-1"},"canonical":"https:\/\/abaa.mx\/tienda\/calibrador-de-temperatura-fluke-714b-de-4-a-20-ma\/","og_locale":"es_MX","og_type":"article","og_title":"calibrador de temperatura fluke 714b, de 4 a 20 ma - Abaa tienda online","og_description":"Con un rendimiento excepcional, este calibrador de termopar presenta durabilidad y fiabilidad. El calibrador es compacto, ligero y ofrece una interfaz de bot\u00f3n f\u00e1cil de usar. Es tolerante a EMI, resistente al polvo y a las salpicaduras, y cuenta con una tapa de bater\u00eda extra\u00edble para cambios r\u00e1pidos de bater\u00eda.","og_url":"https:\/\/abaa.mx\/tienda\/calibrador-de-temperatura-fluke-714b-de-4-a-20-ma\/","og_site_name":"Abaa tienda online","article_modified_time":"2023-09-20T19:39:50+00:00","og_image":[{"width":270,"height":500,"url":"https:\/\/abaa.mx\/tienda\/wp-content\/uploads\/2023\/09\/714B-EN.webp","type":"image\/webp"}],"twitter_card":"summary_large_image","twitter_misc":{"Tiempo de lectura":"2 minutos"},"schema":{"@context":"https:\/\/schema.org","@graph":[{"@type":"WebPage","@id":"https:\/\/abaa.mx\/tienda\/calibrador-de-temperatura-fluke-714b-de-4-a-20-ma\/","url":"https:\/\/abaa.mx\/tienda\/calibrador-de-temperatura-fluke-714b-de-4-a-20-ma\/","name":"calibrador de temperatura fluke 714b, de 4 a 20 ma - Abaa tienda online","isPartOf":{"@id":"https:\/\/abaa.mx\/tienda\/#website"},"primaryImageOfPage":{"@id":"https:\/\/abaa.mx\/tienda\/calibrador-de-temperatura-fluke-714b-de-4-a-20-ma\/#primaryimage"},"image":{"@id":"https:\/\/abaa.mx\/tienda\/calibrador-de-temperatura-fluke-714b-de-4-a-20-ma\/#primaryimage"},"thumbnailUrl":"https:\/\/abaa.mx\/tienda\/wp-content\/uploads\/2023\/09\/714B-EN.webp","datePublished":"2023-09-20T19:39:49+00:00","dateModified":"2023-09-20T19:39:50+00:00","breadcrumb":{"@id":"https:\/\/abaa.mx\/tienda\/calibrador-de-temperatura-fluke-714b-de-4-a-20-ma\/#breadcrumb"},"inLanguage":"es","potentialAction":[{"@type":"ReadAction","target":["https:\/\/abaa.mx\/tienda\/calibrador-de-temperatura-fluke-714b-de-4-a-20-ma\/"]}]},{"@type":"ImageObject","inLanguage":"es","@id":"https:\/\/abaa.mx\/tienda\/calibrador-de-temperatura-fluke-714b-de-4-a-20-ma\/#primaryimage","url":"https:\/\/abaa.mx\/tienda\/wp-content\/uploads\/2023\/09\/714B-EN.webp","contentUrl":"https:\/\/abaa.mx\/tienda\/wp-content\/uploads\/2023\/09\/714B-EN.webp","width":270,"height":500,"caption":"714B-EN"},{"@type":"BreadcrumbList","@id":"https:\/\/abaa.mx\/tienda\/calibrador-de-temperatura-fluke-714b-de-4-a-20-ma\/#breadcrumb","itemListElement":[{"@type":"ListItem","position":1,"name":"Inicio","item":"https:\/\/abaa.mx\/tienda\/"},{"@type":"ListItem","position":2,"name":"Tienda","item":"https:\/\/abaa.mx\/tienda\/"},{"@type":"ListItem","position":3,"name":"calibrador de temperatura fluke 714b, de 4 a 20 ma"}]},{"@type":"WebSite","@id":"https:\/\/abaa.mx\/tienda\/#website","url":"https:\/\/abaa.mx\/tienda\/","name":"Abaa tienda online","description":"Instrumentos de medici\u00f3n","publisher":{"@id":"https:\/\/abaa.mx\/tienda\/#organization"},"potentialAction":[{"@type":"SearchAction","target":{"@type":"EntryPoint","urlTemplate":"https:\/\/abaa.mx\/tienda\/?s={search_term_string}"},"query-input":{"@type":"PropertyValueSpecification","valueRequired":true,"valueName":"search_term_string"}}],"inLanguage":"es"},{"@type":"Organization","@id":"https:\/\/abaa.mx\/tienda\/#organization","name":"Abaa tienda online","url":"https:\/\/abaa.mx\/tienda\/","logo":{"@type":"ImageObject","inLanguage":"es","@id":"https:\/\/abaa.mx\/tienda\/#\/schema\/logo\/image\/","url":"https:\/\/abaa.mx\/tienda\/wp-content\/uploads\/2024\/01\/abaa-metrologia-tienda.png","contentUrl":"https:\/\/abaa.mx\/tienda\/wp-content\/uploads\/2024\/01\/abaa-metrologia-tienda.png","width":300,"height":141,"caption":"Abaa tienda online"},"image":{"@id":"https:\/\/abaa.mx\/tienda\/#\/schema\/logo\/image\/"}}]}},"_links":{"self":[{"href":"https:\/\/abaa.mx\/tienda\/wp-json\/wp\/v2\/product\/2313","targetHints":{"allow":["GET"]}}],"collection":[{"href":"https:\/\/abaa.mx\/tienda\/wp-json\/wp\/v2\/product"}],"about":[{"href":"https:\/\/abaa.mx\/tienda\/wp-json\/wp\/v2\/types\/product"}],"replies":[{"embeddable":true,"href":"https:\/\/abaa.mx\/tienda\/wp-json\/wp\/v2\/comments?post=2313"}],"wp:featuredmedia":[{"embeddable":true,"href":"https:\/\/abaa.mx\/tienda\/wp-json\/wp\/v2\/media\/2314"}],"wp:attachment":[{"href":"https:\/\/abaa.mx\/tienda\/wp-json\/wp\/v2\/media?parent=2313"}],"wp:term":[{"taxonomy":"product_brand","embeddable":true,"href":"https:\/\/abaa.mx\/tienda\/wp-json\/wp\/v2\/product_brand?post=2313"},{"taxonomy":"product_cat","embeddable":true,"href":"https:\/\/abaa.mx\/tienda\/wp-json\/wp\/v2\/product_cat?post=2313"},{"taxonomy":"product_tag","embeddable":true,"href":"https:\/\/abaa.mx\/tienda\/wp-json\/wp\/v2\/product_tag?post=2313"}],"curies":[{"name":"wp","href":"https:\/\/api.w.org\/{rel}","templated":true}]}}