{"id":2311,"date":"2023-09-20T19:36:46","date_gmt":"2023-09-20T19:36:46","guid":{"rendered":"https:\/\/abaa.mx\/tienda\/?post_type=product&#038;p=2311"},"modified":"2023-09-20T19:36:46","modified_gmt":"2023-09-20T19:36:46","slug":"termometro-de-temperatura-infrarrojo-y-de-contacto-fluke-568-nist-incluye-certificado-trazable","status":"publish","type":"product","link":"https:\/\/abaa.mx\/tienda\/termometro-de-temperatura-infrarrojo-y-de-contacto-fluke-568-nist-incluye-certificado-trazable\/","title":{"rendered":"term\u00f3metro de temperatura infrarrojo y de contacto fluke 568-nist, incluye certificado trazable"},"content":{"rendered":"<p>La combinaci\u00f3n de un term\u00f3metro de contacto y sin contacto en una herramienta compacta. Proporciona un rango de temperatura m\u00e1s amplio y caracter\u00edsticas controladas a trav\u00e9s de una pantalla gr\u00e1fica intuitiva y un men\u00fa. Viene con una interfaz de men\u00fa simple en pantalla de tres botones (en 7 idiomas), que es r\u00e1pida de usar y facilita incluso las mediciones complejas. Con solo presionar un bot\u00f3n, los usuarios pueden ajustar la emisividad, registrar datos o activar y desactivar alarmas. La relaci\u00f3n distancia-punto de 50:1 permite a los usuarios medir objetos m\u00e1s peque\u00f1os desde m\u00e1s lejos. Adem\u00e1s, puede contar con esta herramienta para hacer frente a entornos industriales, el\u00e9ctricos, HVAC y mec\u00e1nicos dif\u00edciles para ayudarlo a trabajar de manera m\u00e1s eficiente en m\u00e1s aplicaciones.<\/p>\n<p>Este producto incluye un certificado trazable con datos completos e incertidumbres.<\/p>\n<p><strong>Funciones<\/strong><\/p>\n<ul>\n<li>Term\u00f3metro de contacto y sin contacto en uno<\/li>\n<li>Dise\u00f1o robusto y ergon\u00f3mico<\/li>\n<li>Relaci\u00f3n distancia-punto de 50:1<\/li>\n<li>Funciona con la mayor\u00eda de los termopares tipo K<\/li>\n<li>Permite un f\u00e1cil acceso a funciones avanzadas con botones de teclas programables y pantalla gr\u00e1fica<\/li>\n<li>Captura hasta 99 puntos de datos para una descarga r\u00e1pida a un PC a trav\u00e9s de la conexi\u00f3n USB<\/li>\n<li>Software FlukeView\u00ae Forms para facilitar el an\u00e1lisis de tendencias y datos<\/li>\n<li>Se puede alimentar desde su computadora port\u00e1til a trav\u00e9s del USB para prolongar la duraci\u00f3n de la bater\u00eda<\/li>\n<li>Identifica r\u00e1pidamente problemas con las funciones MIN, MAX, AVG y DIF<\/li>\n<li>Le permite medir con confianza una amplia variedad de superficies con emisividad ajustable y una mesa de materiales incorporada<\/li>\n<li>Se adapta f\u00e1cilmente a las condiciones de iluminaci\u00f3n con una retroiluminaci\u00f3n de dos niveles<\/li>\n<li>Alerta instant\u00e1neamente sobre mediciones fuera de los l\u00edmites establecidos con alarmas audibles y visuales<\/li>\n<li>Proporciona una precisi\u00f3n de medici\u00f3n del 1%<\/li>\n<\/ul>\n<p><strong>Aplicaciones<\/strong><\/p>\n<ul>\n<li>Industrial<\/li>\n<li>El\u00e9ctrico<\/li>\n<li>HVAC\/R<\/li>\n<li>Mec\u00e1nico<\/li>\n<\/ul>\n<h4>Especificaciones de Fluke 568-NIST<\/h4>\n<table class=\"table table-striped\">\n<tbody>\n<tr>\n<td>Rango de temperatura infrarroja<\/td>\n<td>-40 a 1472\u00b0F (-40 a 800\u00b0C)<\/td>\n<\/tr>\n<tr>\n<td>Precisi\u00f3n infrarroja<\/td>\n<td>&lt;32 \u00b0F (0 \u00b0C): \u00b1(2,0 \u00b0F (\u00b11,0 \u00b0C) + 0,1 \u00b0\/1 \u00b0C o \u00b0F)<br \/>\n&gt;32 \u00b0F (0 \u00b0C): \u00b11 % o \u00b12,0 \u00b0F (\u00b11,0 \u00b0C), lo que sea mayor<\/td>\n<\/tr>\n<tr>\n<td>Resoluci\u00f3n de pantalla<\/td>\n<td>0.1\u00b0F (0.1\u00b0C)<\/td>\n<\/tr>\n<tr>\n<td>Respuesta espectral infrarroja<\/td>\n<td>8 a 14 \u03bcm<\/td>\n<\/tr>\n<tr>\n<td>Tiempo de respuesta infrarrojo<\/td>\n<td>&lt;500 mseg<\/td>\n<\/tr>\n<tr>\n<td>Rango de temperatura de entrada de termopar tipo K<\/td>\n<td>-454 a 2501\u00b0F (-270 a 1372\u00b0C)<\/td>\n<\/tr>\n<tr>\n<td>Precisi\u00f3n de entrada del termopar tipo K<\/td>\n<td>-454 a -40 \u00b0F (-270 a -40 \u00b0C): \u00b12 \u00b0F + 0,2 \u00b0\/1 \u00b0F (\u00b11 \u00b0C + 0,2 \u00b0\/1 \u00b0C) -40 a 2501,6 \u00b0F (-40 a 1372 \u00b0C): \u00b11% o 2 \u00b0F (\u00b11% o 1 \u00b0C)<\/td>\n<\/tr>\n<tr>\n<td>D:S (tama\u00f1o del punto de medici\u00f3n de la distancia)<\/td>\n<td>50:1<\/td>\n<\/tr>\n<tr>\n<td>Avistamiento l\u00e1ser<\/td>\n<td>L\u00e1ser de un solo punto &lt;1 mw de salida Clase 2 (II), 630 a 670 nm<\/td>\n<\/tr>\n<tr>\n<td>Tama\u00f1o m\u00ednimo del punto<\/td>\n<td>0 mm (75,19&#8243;)<\/td>\n<\/tr>\n<tr>\n<td>Ajuste de emisividad<\/td>\n<td>Por mesa incorporada de materiales comunes o ajustable digitalmente de 0.10 a 1.00 por 0.01<\/td>\n<\/tr>\n<tr>\n<td>Almacenamiento de datos con sello de fecha y hora<\/td>\n<td>99 puntos<\/td>\n<\/tr>\n<tr>\n<td>Interfaz de PC y cable<\/td>\n<td>USB 2.0 con el software FlukeView\u00ae Forms<\/td>\n<\/tr>\n<tr>\n<td>Alarmas altas\/bajas<\/td>\n<td>Visual audible y bicolor<\/td>\n<\/tr>\n<tr>\n<td>M\u00edn.\/M\u00e1x.\/Promedio\/DIF<\/td>\n<td>S\u00ed<\/td>\n<\/tr>\n<tr>\n<td>Monitor<\/td>\n<td>Matriz de puntos 98 x 96 p\u00edxeles con men\u00fas de funciones<\/td>\n<\/tr>\n<tr>\n<td>Luz de fondo<\/td>\n<td>Dos niveles, normal y extra brillante para ambientes m\u00e1s oscuros<\/td>\n<\/tr>\n<tr>\n<td>Bloqueo del gatillo<\/td>\n<td>S\u00ed<\/td>\n<\/tr>\n<tr>\n<td>Conmutable Celsius y Fahrenheit<\/td>\n<td>S\u00ed<\/td>\n<\/tr>\n<tr>\n<td>Poder<\/td>\n<td>2 pilas AA\/LR6 y USB cuando se utiliza con un PC<\/td>\n<\/tr>\n<tr>\n<td>Duraci\u00f3n de la bater\u00eda<\/td>\n<td>L\u00e1ser y luz de fondo encendidos, 12 horas utilizadas continuamente L\u00e1ser y retroiluminaci\u00f3n apagadas, 100 horas utilizadas continuamente<\/td>\n<\/tr>\n<tr>\n<td>Temperatura de funcionamiento<\/td>\n<td>De 32 a 122 \u00b0C (de 0 a 50 \u00b0F)<\/td>\n<\/tr>\n<tr>\n<td>Temperatura de almacenamiento<\/td>\n<td>-40 a 140\u00b0F (-20 a 60\u00b0C)<\/td>\n<\/tr>\n<tr>\n<td>Gama de termopar de cuentas tipo K<\/td>\n<td>-40 a 500\u00b0F (-40 a 260\u00b0C)<\/td>\n<\/tr>\n<tr>\n<td>Precisi\u00f3n del termopar de cuentas tipo K<\/td>\n<td>\u00b12.0 \u00b0 F (1.1 \u00b0 C) de 32 a 500 \u00b0 F (0 a 260 \u00b0 C), generalmente dentro de 2.0 \u00b0 F (1.1 \u00b0 C) de -40 a 32 \u00b0 F (-40 a 0 \u00b0 C)<\/td>\n<\/tr>\n<\/tbody>\n<\/table>\n","protected":false},"excerpt":{"rendered":"<p>La combinaci\u00f3n de un term\u00f3metro de contacto y sin contacto en una herramienta compacta. Proporciona un rango de temperatura m\u00e1s amplio y caracter\u00edsticas controladas a trav\u00e9s de una pantalla gr\u00e1fica intuitiva y un men\u00fa. Viene con una interfaz de men\u00fa simple en pantalla de tres botones (en 7 idiomas), que es r\u00e1pida de usar y facilita incluso las mediciones complejas. Con solo presionar un bot\u00f3n, los usuarios pueden ajustar la emisividad, registrar datos o activar y desactivar alarmas. La relaci\u00f3n distancia-punto de 50:1 permite a los usuarios medir objetos m\u00e1s peque\u00f1os desde m\u00e1s lejos. Adem\u00e1s, puede contar con esta herramienta para hacer frente a entornos industriales, el\u00e9ctricos, HVAC y mec\u00e1nicos dif\u00edciles para ayudarlo a trabajar de manera m\u00e1s eficiente en m\u00e1s aplicaciones.<\/p>\n","protected":false},"featured_media":2312,"comment_status":"open","ping_status":"closed","template":"","meta":{"_joinchat":[]},"product_brand":[],"product_cat":[15],"product_tag":[],"class_list":{"0":"post-2311","1":"product","2":"type-product","3":"status-publish","4":"has-post-thumbnail","6":"product_cat-sin-categorizar","8":"first","9":"instock","10":"shipping-taxable","11":"product-type-simple"},"yoast_head":"<!-- This site is optimized with the Yoast SEO plugin v26.4 - https:\/\/yoast.com\/wordpress\/plugins\/seo\/ -->\n<title>term\u00f3metro de temperatura infrarrojo y de contacto fluke 568-nist, incluye certificado trazable - Abaa tienda online<\/title>\n<meta name=\"robots\" content=\"index, follow, max-snippet:-1, max-image-preview:large, max-video-preview:-1\" \/>\n<link rel=\"canonical\" href=\"https:\/\/abaa.mx\/tienda\/termometro-de-temperatura-infrarrojo-y-de-contacto-fluke-568-nist-incluye-certificado-trazable\/\" \/>\n<meta property=\"og:locale\" content=\"es_MX\" \/>\n<meta property=\"og:type\" content=\"article\" \/>\n<meta property=\"og:title\" content=\"term\u00f3metro de temperatura infrarrojo y de contacto fluke 568-nist, incluye certificado trazable - Abaa tienda online\" \/>\n<meta property=\"og:description\" content=\"La combinaci\u00f3n de un term\u00f3metro de contacto y sin contacto en una herramienta compacta. Proporciona un rango de temperatura m\u00e1s amplio y caracter\u00edsticas controladas a trav\u00e9s de una pantalla gr\u00e1fica intuitiva y un men\u00fa. Viene con una interfaz de men\u00fa simple en pantalla de tres botones (en 7 idiomas), que es r\u00e1pida de usar y facilita incluso las mediciones complejas. Con solo presionar un bot\u00f3n, los usuarios pueden ajustar la emisividad, registrar datos o activar y desactivar alarmas. La relaci\u00f3n distancia-punto de 50:1 permite a los usuarios medir objetos m\u00e1s peque\u00f1os desde m\u00e1s lejos. Adem\u00e1s, puede contar con esta herramienta para hacer frente a entornos industriales, el\u00e9ctricos, HVAC y mec\u00e1nicos dif\u00edciles para ayudarlo a trabajar de manera m\u00e1s eficiente en m\u00e1s aplicaciones.\" \/>\n<meta property=\"og:url\" content=\"https:\/\/abaa.mx\/tienda\/termometro-de-temperatura-infrarrojo-y-de-contacto-fluke-568-nist-incluye-certificado-trazable\/\" \/>\n<meta property=\"og:site_name\" content=\"Abaa tienda online\" \/>\n<meta property=\"og:image\" content=\"https:\/\/abaa.mx\/tienda\/wp-content\/uploads\/2023\/09\/568-NIST.jpg\" \/>\n\t<meta property=\"og:image:width\" content=\"1000\" \/>\n\t<meta property=\"og:image:height\" content=\"1000\" \/>\n\t<meta property=\"og:image:type\" content=\"image\/jpeg\" \/>\n<meta name=\"twitter:card\" content=\"summary_large_image\" \/>\n<meta name=\"twitter:label1\" content=\"Tiempo de lectura\" \/>\n\t<meta name=\"twitter:data1\" content=\"3 minutos\" \/>\n<script type=\"application\/ld+json\" class=\"yoast-schema-graph\">{\"@context\":\"https:\/\/schema.org\",\"@graph\":[{\"@type\":\"WebPage\",\"@id\":\"https:\/\/abaa.mx\/tienda\/termometro-de-temperatura-infrarrojo-y-de-contacto-fluke-568-nist-incluye-certificado-trazable\/\",\"url\":\"https:\/\/abaa.mx\/tienda\/termometro-de-temperatura-infrarrojo-y-de-contacto-fluke-568-nist-incluye-certificado-trazable\/\",\"name\":\"term\u00f3metro de temperatura infrarrojo y de contacto fluke 568-nist, incluye certificado trazable - Abaa tienda online\",\"isPartOf\":{\"@id\":\"https:\/\/abaa.mx\/tienda\/#website\"},\"primaryImageOfPage\":{\"@id\":\"https:\/\/abaa.mx\/tienda\/termometro-de-temperatura-infrarrojo-y-de-contacto-fluke-568-nist-incluye-certificado-trazable\/#primaryimage\"},\"image\":{\"@id\":\"https:\/\/abaa.mx\/tienda\/termometro-de-temperatura-infrarrojo-y-de-contacto-fluke-568-nist-incluye-certificado-trazable\/#primaryimage\"},\"thumbnailUrl\":\"https:\/\/abaa.mx\/tienda\/wp-content\/uploads\/2023\/09\/568-NIST.jpg\",\"datePublished\":\"2023-09-20T19:36:46+00:00\",\"breadcrumb\":{\"@id\":\"https:\/\/abaa.mx\/tienda\/termometro-de-temperatura-infrarrojo-y-de-contacto-fluke-568-nist-incluye-certificado-trazable\/#breadcrumb\"},\"inLanguage\":\"es\",\"potentialAction\":[{\"@type\":\"ReadAction\",\"target\":[\"https:\/\/abaa.mx\/tienda\/termometro-de-temperatura-infrarrojo-y-de-contacto-fluke-568-nist-incluye-certificado-trazable\/\"]}]},{\"@type\":\"ImageObject\",\"inLanguage\":\"es\",\"@id\":\"https:\/\/abaa.mx\/tienda\/termometro-de-temperatura-infrarrojo-y-de-contacto-fluke-568-nist-incluye-certificado-trazable\/#primaryimage\",\"url\":\"https:\/\/abaa.mx\/tienda\/wp-content\/uploads\/2023\/09\/568-NIST.jpg\",\"contentUrl\":\"https:\/\/abaa.mx\/tienda\/wp-content\/uploads\/2023\/09\/568-NIST.jpg\",\"width\":1000,\"height\":1000,\"caption\":\"568-NIST\"},{\"@type\":\"BreadcrumbList\",\"@id\":\"https:\/\/abaa.mx\/tienda\/termometro-de-temperatura-infrarrojo-y-de-contacto-fluke-568-nist-incluye-certificado-trazable\/#breadcrumb\",\"itemListElement\":[{\"@type\":\"ListItem\",\"position\":1,\"name\":\"Inicio\",\"item\":\"https:\/\/abaa.mx\/tienda\/\"},{\"@type\":\"ListItem\",\"position\":2,\"name\":\"Tienda\",\"item\":\"https:\/\/abaa.mx\/tienda\/\"},{\"@type\":\"ListItem\",\"position\":3,\"name\":\"term\u00f3metro de temperatura infrarrojo y de contacto fluke 568-nist, incluye certificado trazable\"}]},{\"@type\":\"WebSite\",\"@id\":\"https:\/\/abaa.mx\/tienda\/#website\",\"url\":\"https:\/\/abaa.mx\/tienda\/\",\"name\":\"Abaa tienda online\",\"description\":\"Instrumentos de medici\u00f3n\",\"publisher\":{\"@id\":\"https:\/\/abaa.mx\/tienda\/#organization\"},\"potentialAction\":[{\"@type\":\"SearchAction\",\"target\":{\"@type\":\"EntryPoint\",\"urlTemplate\":\"https:\/\/abaa.mx\/tienda\/?s={search_term_string}\"},\"query-input\":{\"@type\":\"PropertyValueSpecification\",\"valueRequired\":true,\"valueName\":\"search_term_string\"}}],\"inLanguage\":\"es\"},{\"@type\":\"Organization\",\"@id\":\"https:\/\/abaa.mx\/tienda\/#organization\",\"name\":\"Abaa tienda online\",\"url\":\"https:\/\/abaa.mx\/tienda\/\",\"logo\":{\"@type\":\"ImageObject\",\"inLanguage\":\"es\",\"@id\":\"https:\/\/abaa.mx\/tienda\/#\/schema\/logo\/image\/\",\"url\":\"https:\/\/abaa.mx\/tienda\/wp-content\/uploads\/2024\/01\/abaa-metrologia-tienda.png\",\"contentUrl\":\"https:\/\/abaa.mx\/tienda\/wp-content\/uploads\/2024\/01\/abaa-metrologia-tienda.png\",\"width\":300,\"height\":141,\"caption\":\"Abaa tienda online\"},\"image\":{\"@id\":\"https:\/\/abaa.mx\/tienda\/#\/schema\/logo\/image\/\"}}]}<\/script>\n<!-- \/ Yoast SEO plugin. -->","yoast_head_json":{"title":"term\u00f3metro de temperatura infrarrojo y de contacto fluke 568-nist, incluye certificado trazable - Abaa tienda online","robots":{"index":"index","follow":"follow","max-snippet":"max-snippet:-1","max-image-preview":"max-image-preview:large","max-video-preview":"max-video-preview:-1"},"canonical":"https:\/\/abaa.mx\/tienda\/termometro-de-temperatura-infrarrojo-y-de-contacto-fluke-568-nist-incluye-certificado-trazable\/","og_locale":"es_MX","og_type":"article","og_title":"term\u00f3metro de temperatura infrarrojo y de contacto fluke 568-nist, incluye certificado trazable - Abaa tienda online","og_description":"La combinaci\u00f3n de un term\u00f3metro de contacto y sin contacto en una herramienta compacta. Proporciona un rango de temperatura m\u00e1s amplio y caracter\u00edsticas controladas a trav\u00e9s de una pantalla gr\u00e1fica intuitiva y un men\u00fa. Viene con una interfaz de men\u00fa simple en pantalla de tres botones (en 7 idiomas), que es r\u00e1pida de usar y facilita incluso las mediciones complejas. Con solo presionar un bot\u00f3n, los usuarios pueden ajustar la emisividad, registrar datos o activar y desactivar alarmas. La relaci\u00f3n distancia-punto de 50:1 permite a los usuarios medir objetos m\u00e1s peque\u00f1os desde m\u00e1s lejos. Adem\u00e1s, puede contar con esta herramienta para hacer frente a entornos industriales, el\u00e9ctricos, HVAC y mec\u00e1nicos dif\u00edciles para ayudarlo a trabajar de manera m\u00e1s eficiente en m\u00e1s aplicaciones.","og_url":"https:\/\/abaa.mx\/tienda\/termometro-de-temperatura-infrarrojo-y-de-contacto-fluke-568-nist-incluye-certificado-trazable\/","og_site_name":"Abaa tienda online","og_image":[{"width":1000,"height":1000,"url":"https:\/\/abaa.mx\/tienda\/wp-content\/uploads\/2023\/09\/568-NIST.jpg","type":"image\/jpeg"}],"twitter_card":"summary_large_image","twitter_misc":{"Tiempo de lectura":"3 minutos"},"schema":{"@context":"https:\/\/schema.org","@graph":[{"@type":"WebPage","@id":"https:\/\/abaa.mx\/tienda\/termometro-de-temperatura-infrarrojo-y-de-contacto-fluke-568-nist-incluye-certificado-trazable\/","url":"https:\/\/abaa.mx\/tienda\/termometro-de-temperatura-infrarrojo-y-de-contacto-fluke-568-nist-incluye-certificado-trazable\/","name":"term\u00f3metro de temperatura infrarrojo y de contacto fluke 568-nist, incluye certificado trazable - Abaa tienda online","isPartOf":{"@id":"https:\/\/abaa.mx\/tienda\/#website"},"primaryImageOfPage":{"@id":"https:\/\/abaa.mx\/tienda\/termometro-de-temperatura-infrarrojo-y-de-contacto-fluke-568-nist-incluye-certificado-trazable\/#primaryimage"},"image":{"@id":"https:\/\/abaa.mx\/tienda\/termometro-de-temperatura-infrarrojo-y-de-contacto-fluke-568-nist-incluye-certificado-trazable\/#primaryimage"},"thumbnailUrl":"https:\/\/abaa.mx\/tienda\/wp-content\/uploads\/2023\/09\/568-NIST.jpg","datePublished":"2023-09-20T19:36:46+00:00","breadcrumb":{"@id":"https:\/\/abaa.mx\/tienda\/termometro-de-temperatura-infrarrojo-y-de-contacto-fluke-568-nist-incluye-certificado-trazable\/#breadcrumb"},"inLanguage":"es","potentialAction":[{"@type":"ReadAction","target":["https:\/\/abaa.mx\/tienda\/termometro-de-temperatura-infrarrojo-y-de-contacto-fluke-568-nist-incluye-certificado-trazable\/"]}]},{"@type":"ImageObject","inLanguage":"es","@id":"https:\/\/abaa.mx\/tienda\/termometro-de-temperatura-infrarrojo-y-de-contacto-fluke-568-nist-incluye-certificado-trazable\/#primaryimage","url":"https:\/\/abaa.mx\/tienda\/wp-content\/uploads\/2023\/09\/568-NIST.jpg","contentUrl":"https:\/\/abaa.mx\/tienda\/wp-content\/uploads\/2023\/09\/568-NIST.jpg","width":1000,"height":1000,"caption":"568-NIST"},{"@type":"BreadcrumbList","@id":"https:\/\/abaa.mx\/tienda\/termometro-de-temperatura-infrarrojo-y-de-contacto-fluke-568-nist-incluye-certificado-trazable\/#breadcrumb","itemListElement":[{"@type":"ListItem","position":1,"name":"Inicio","item":"https:\/\/abaa.mx\/tienda\/"},{"@type":"ListItem","position":2,"name":"Tienda","item":"https:\/\/abaa.mx\/tienda\/"},{"@type":"ListItem","position":3,"name":"term\u00f3metro de temperatura infrarrojo y de contacto fluke 568-nist, incluye certificado trazable"}]},{"@type":"WebSite","@id":"https:\/\/abaa.mx\/tienda\/#website","url":"https:\/\/abaa.mx\/tienda\/","name":"Abaa tienda online","description":"Instrumentos de medici\u00f3n","publisher":{"@id":"https:\/\/abaa.mx\/tienda\/#organization"},"potentialAction":[{"@type":"SearchAction","target":{"@type":"EntryPoint","urlTemplate":"https:\/\/abaa.mx\/tienda\/?s={search_term_string}"},"query-input":{"@type":"PropertyValueSpecification","valueRequired":true,"valueName":"search_term_string"}}],"inLanguage":"es"},{"@type":"Organization","@id":"https:\/\/abaa.mx\/tienda\/#organization","name":"Abaa tienda online","url":"https:\/\/abaa.mx\/tienda\/","logo":{"@type":"ImageObject","inLanguage":"es","@id":"https:\/\/abaa.mx\/tienda\/#\/schema\/logo\/image\/","url":"https:\/\/abaa.mx\/tienda\/wp-content\/uploads\/2024\/01\/abaa-metrologia-tienda.png","contentUrl":"https:\/\/abaa.mx\/tienda\/wp-content\/uploads\/2024\/01\/abaa-metrologia-tienda.png","width":300,"height":141,"caption":"Abaa tienda online"},"image":{"@id":"https:\/\/abaa.mx\/tienda\/#\/schema\/logo\/image\/"}}]}},"_links":{"self":[{"href":"https:\/\/abaa.mx\/tienda\/wp-json\/wp\/v2\/product\/2311","targetHints":{"allow":["GET"]}}],"collection":[{"href":"https:\/\/abaa.mx\/tienda\/wp-json\/wp\/v2\/product"}],"about":[{"href":"https:\/\/abaa.mx\/tienda\/wp-json\/wp\/v2\/types\/product"}],"replies":[{"embeddable":true,"href":"https:\/\/abaa.mx\/tienda\/wp-json\/wp\/v2\/comments?post=2311"}],"wp:featuredmedia":[{"embeddable":true,"href":"https:\/\/abaa.mx\/tienda\/wp-json\/wp\/v2\/media\/2312"}],"wp:attachment":[{"href":"https:\/\/abaa.mx\/tienda\/wp-json\/wp\/v2\/media?parent=2311"}],"wp:term":[{"taxonomy":"product_brand","embeddable":true,"href":"https:\/\/abaa.mx\/tienda\/wp-json\/wp\/v2\/product_brand?post=2311"},{"taxonomy":"product_cat","embeddable":true,"href":"https:\/\/abaa.mx\/tienda\/wp-json\/wp\/v2\/product_cat?post=2311"},{"taxonomy":"product_tag","embeddable":true,"href":"https:\/\/abaa.mx\/tienda\/wp-json\/wp\/v2\/product_tag?post=2311"}],"curies":[{"name":"wp","href":"https:\/\/api.w.org\/{rel}","templated":true}]}}