{"id":2295,"date":"2023-09-20T19:31:39","date_gmt":"2023-09-20T19:31:39","guid":{"rendered":"https:\/\/abaa.mx\/tienda\/?post_type=product&#038;p=2295"},"modified":"2023-09-20T19:31:39","modified_gmt":"2023-09-20T19:31:39","slug":"termometro-digital-de-entrada-unica-fluke-53-2-b-con-registro-de-datos","status":"publish","type":"product","link":"https:\/\/abaa.mx\/tienda\/termometro-digital-de-entrada-unica-fluke-53-2-b-con-registro-de-datos\/","title":{"rendered":"term\u00f3metro digital de entrada \u00fanica fluke 53-2-b con registro de datos"},"content":{"rendered":"<div class=\"row-fluid\">\n<div class=\"span12\">\n<div class=\"row-fluid\">\n<div class=\"span10\">\n<div class=\"mhide ipad-view-setting\">\n<div class=\"row-fluid ProductTabs\">\n<div class=\"span12\">\n<div class=\"tab-content\">\n<div id=\"tab0\" class=\"product-tabs tab-pane  active\">\n<p><strong>Funciones<\/strong><\/p>\n<ul>\n<li>Term\u00f3metro digital de entrada \u00fanica con registro de datos<\/li>\n<li>Registra hasta 500 puntos de datos a intervalos de grabaci\u00f3n ajustables por el usuario<\/li>\n<li>Mide termopares tipo J, K, T, E, R, S y N<\/li>\n<li>Presenta resultados en \u00b0C, \u00b0F o Kelvin (K) en una pantalla grande retroiluminada<\/li>\n<li>Proporciona una funci\u00f3n de recuperaci\u00f3n para revisar f\u00e1cilmente los datos registrados<\/li>\n<li>Tapa de bater\u00eda de f\u00e1cil acceso que permite reemplazar la bater\u00eda sin romper el sello de calibraci\u00f3n<\/li>\n<li>Alimentado por tres pilas AA est\u00e1ndar<\/li>\n<li>Incluye un reloj en tiempo real que captura la hora exacta del evento<\/li>\n<li>El puerto de comunicaci\u00f3n USB por infrarrojos permite exportar los datos al software opcional FlukeView Forms\u00a0 Temperature PC para su posterior an\u00e1lisis y representaci\u00f3n gr\u00e1fica.<\/li>\n<li>Incluye una funci\u00f3n de desplazamiento electr\u00f3nico que compensa los errores del termopar para maximizar la precisi\u00f3n general<\/li>\n<li>Maneja temperaturas de hasta &gt;1600 \u00b0F (900 \u00b0C)<\/li>\n<li>Proporciona un panel frontal f\u00e1cil de usar que es f\u00e1cil de configurar y operar<\/li>\n<li>Ofrece modo de suspensi\u00f3n para aumentar la duraci\u00f3n de la bater\u00eda; Duraci\u00f3n de la bater\u00eda de 1000 horas t\u00edpica<\/li>\n<\/ul>\n<p><strong>Aplicaciones<\/strong><\/p>\n<ul>\n<li>Laboratorio<\/li>\n<li>QA<\/li>\n<li>Calibraci\u00f3n de procesos<\/li>\n<li>Seguridad alimentaria<\/li>\n<li>HVAC\/R<\/li>\n<\/ul>\n<h4>Especificaciones de Fluke 53-2-B<\/h4>\n<table class=\"table table-striped\">\n<tbody>\n<tr>\n<td colspan=\"2\"><strong>Precisi\u00f3n de temperatura<\/strong><\/td>\n<\/tr>\n<tr>\n<td>Por encima de -100\u00b0C<\/td>\n<td>Tipo J, K, T y E: \u00b1[0.05% + 0.3\u00b0C] Tipo R y S: \u00b1[0.05% + 0.4\u00b0C]<\/td>\n<\/tr>\n<tr>\n<td>Por debajo de -100\u00b0C<\/td>\n<td>J, K y E: \u00b1[0.20% + 0.3\u00b0C] Tipo T: \u00b1[0.50% + 0.3\u00b0C]<\/td>\n<\/tr>\n<tr>\n<td colspan=\"2\"><strong>Temperatura<\/strong><\/td>\n<\/tr>\n<tr>\n<td>Tipo J<\/td>\n<td>-346 a 2192\u00b0F (-210 a 1200\u00b0C)<\/td>\n<\/tr>\n<tr>\n<td>Tipo K<\/td>\n<td>-328 a 2501.6\u00b0F (-200 a 1372\u00b0C)<\/td>\n<\/tr>\n<tr>\n<td>Tipo T<\/td>\n<td>-418 a 752\u00b0F (-250 a 400\u00b0C)<\/td>\n<\/tr>\n<tr>\n<td>Tipo E<\/td>\n<td>-238 a 1832\u00b0F (-150 a 1000\u00b0C)<\/td>\n<\/tr>\n<tr>\n<td>Tipo N<\/td>\n<td>-338 a 2372\u00b0F (-200 a 1300\u00b0C)<\/td>\n<\/tr>\n<tr>\n<td>Tipo R y S<\/td>\n<td>32 a 3212.6\u00b0F (0 a 1767\u00b0C)<\/td>\n<\/tr>\n<tr>\n<td>Escala de temperatura<\/td>\n<td>ITS-90<\/td>\n<\/tr>\n<tr>\n<td>Normas aplicables<\/td>\n<td>NIST-175<\/td>\n<\/tr>\n<tr>\n<td>Resoluci\u00f3n de pantalla<\/td>\n<td>0.1\u00b0C, 0.1 K &lt;1000 1\u00b0C,<br \/>\n1 K \u22651000<\/td>\n<\/tr>\n<tr>\n<td colspan=\"2\"><strong>Especificaciones ambientales<\/strong><\/td>\n<\/tr>\n<tr>\n<td>Temperatura de funcionamiento<\/td>\n<td>14 a 122\u00b0F (-10 a 50\u00b0C)<\/td>\n<\/tr>\n<tr>\n<td>Temperatura de almacenamiento<\/td>\n<td>-40 a 140\u00b0F (-40 a 60\u00b0C)<\/td>\n<\/tr>\n<tr>\n<td>Humedad (sin condensaci\u00f3n)<\/td>\n<td>0 a 90%; 32 a 95\u00b0F (0 a 35\u00b0C)<br \/>\n0 a 70%; De 32 a 122 \u00b0C (de 0 a 50 \u00b0F)<\/td>\n<\/tr>\n<tr>\n<td colspan=\"2\"><strong>Especificaciones mec\u00e1nicas y generales<\/strong><\/td>\n<\/tr>\n<tr>\n<td>Bater\u00edas<\/td>\n<td>3 x bater\u00edas<br \/>\nVida \u00fatil t\u00edpica de 1000 horas<\/td>\n<\/tr>\n<tr>\n<td>Dimensiones<\/td>\n<td>6,8 x 3,4 x 1,5&#8243; (173 x 86 x 38 mm)<\/td>\n<\/tr>\n<tr>\n<td>Peso<\/td>\n<td>0,9 lb (400 g)<\/td>\n<\/tr>\n<tr>\n<td colspan=\"2\"><strong>Especificaciones de seguridad<\/strong><\/td>\n<\/tr>\n<tr>\n<td>Categor\u00eda de sobretensi\u00f3n<\/td>\n<td>CSA C22.2 N\u00ba 1010.1 1992; EN 61010 Enmiendas 1,2<\/td>\n<\/tr>\n<tr>\n<td>Aprobaciones de agencias<\/td>\n<td>CE, CSA, T\u00dcV (pendiente)<\/td>\n<\/tr>\n<\/tbody>\n<\/table>\n<\/div>\n<\/div>\n<\/div>\n<\/div>\n<\/div>\n<\/div>\n<div class=\"span2 mhide ipad-view-setting\"><\/div>\n<\/div>\n<\/div>\n<\/div>\n","protected":false},"excerpt":{"rendered":"<p><strong>Funciones<\/strong><\/p>\n<ul>\n<li>Term\u00f3metro digital de entrada \u00fanica con registro de datos<\/li>\n<li>Registra hasta 500 puntos de datos a intervalos de grabaci\u00f3n ajustables por el usuario<\/li>\n<li>Mide termopares tipo J, K, T, E, R, S y N<\/li>\n<li>Presenta resultados en \u00b0C, \u00b0F o Kelvin (K) en una pantalla grande retroiluminada<\/li>\n<li>Proporciona una funci\u00f3n de recuperaci\u00f3n para revisar f\u00e1cilmente los datos registrados<\/li>\n<li>Tapa de bater\u00eda de f\u00e1cil acceso que permite reemplazar la bater\u00eda sin romper el sello de calibraci\u00f3n<\/li>\n<li>Alimentado por tres pilas AA est\u00e1ndar<\/li>\n<li>Incluye un reloj en tiempo real que captura la hora exacta del evento<\/li>\n<li>El puerto de comunicaci\u00f3n USB por infrarrojos permite exportar los datos al software opcional FlukeView Forms\u00a0 Temperature PC para su posterior an\u00e1lisis y representaci\u00f3n gr\u00e1fica.<\/li>\n<li>Incluye una funci\u00f3n de desplazamiento electr\u00f3nico que compensa los errores del termopar para maximizar la precisi\u00f3n general<\/li>\n<li>Maneja temperaturas de hasta &gt;1600 \u00b0F (900 \u00b0C)<\/li>\n<li>Proporciona un panel frontal f\u00e1cil de usar que es f\u00e1cil de configurar y operar<\/li>\n<li>Ofrece modo de suspensi\u00f3n para aumentar la duraci\u00f3n de la bater\u00eda; Duraci\u00f3n de la bater\u00eda de 1000 horas t\u00edpica.<\/li>\n<\/ul>\n","protected":false},"featured_media":2303,"comment_status":"open","ping_status":"closed","template":"","meta":{"_joinchat":[]},"product_brand":[],"product_cat":[15],"product_tag":[],"class_list":{"0":"post-2295","1":"product","2":"type-product","3":"status-publish","4":"has-post-thumbnail","6":"product_cat-sin-categorizar","8":"first","9":"instock","10":"shipping-taxable","11":"product-type-simple"},"yoast_head":"<!-- This site is optimized with the Yoast SEO plugin v26.4 - https:\/\/yoast.com\/wordpress\/plugins\/seo\/ -->\n<title>term\u00f3metro digital de entrada \u00fanica fluke 53-2-b con registro de datos - Abaa tienda online<\/title>\n<meta name=\"robots\" content=\"index, follow, max-snippet:-1, max-image-preview:large, max-video-preview:-1\" \/>\n<link rel=\"canonical\" href=\"https:\/\/abaa.mx\/tienda\/termometro-digital-de-entrada-unica-fluke-53-2-b-con-registro-de-datos\/\" \/>\n<meta property=\"og:locale\" content=\"es_MX\" \/>\n<meta property=\"og:type\" content=\"article\" \/>\n<meta property=\"og:title\" content=\"term\u00f3metro digital de entrada \u00fanica fluke 53-2-b con registro de datos - Abaa tienda online\" \/>\n<meta property=\"og:description\" content=\"Funciones   Term\u00f3metro digital de entrada \u00fanica con registro de datos  Registra hasta 500 puntos de datos a intervalos de grabaci\u00f3n ajustables por el usuario  Mide termopares tipo J, K, T, E, R, S y N  Presenta resultados en \u00b0C, \u00b0F o Kelvin (K) en una pantalla grande retroiluminada  Proporciona una funci\u00f3n de recuperaci\u00f3n para revisar f\u00e1cilmente los datos registrados  Tapa de bater\u00eda de f\u00e1cil acceso que permite reemplazar la bater\u00eda sin romper el sello de calibraci\u00f3n  Alimentado por tres pilas AA est\u00e1ndar  Incluye un reloj en tiempo real que captura la hora exacta del evento  El puerto de comunicaci\u00f3n USB por infrarrojos permite exportar los datos al software opcional FlukeView Forms\u00a0 Temperature PC para su posterior an\u00e1lisis y representaci\u00f3n gr\u00e1fica.  Incluye una funci\u00f3n de desplazamiento electr\u00f3nico que compensa los errores del termopar para maximizar la precisi\u00f3n general  Maneja temperaturas de hasta &gt;1600 \u00b0F (900 \u00b0C)  Proporciona un panel frontal f\u00e1cil de usar que es f\u00e1cil de configurar y operar  Ofrece modo de suspensi\u00f3n para aumentar la duraci\u00f3n de la bater\u00eda; Duraci\u00f3n de la bater\u00eda de 1000 horas t\u00edpica.\" \/>\n<meta property=\"og:url\" content=\"https:\/\/abaa.mx\/tienda\/termometro-digital-de-entrada-unica-fluke-53-2-b-con-registro-de-datos\/\" \/>\n<meta property=\"og:site_name\" content=\"Abaa tienda online\" \/>\n<meta property=\"og:image\" content=\"https:\/\/abaa.mx\/tienda\/wp-content\/uploads\/2023\/09\/53-2-B.jpg\" \/>\n\t<meta property=\"og:image:width\" content=\"270\" \/>\n\t<meta property=\"og:image:height\" content=\"500\" \/>\n\t<meta property=\"og:image:type\" content=\"image\/jpeg\" \/>\n<meta name=\"twitter:card\" content=\"summary_large_image\" \/>\n<meta name=\"twitter:label1\" content=\"Tiempo de lectura\" \/>\n\t<meta name=\"twitter:data1\" content=\"2 minutos\" \/>\n<script type=\"application\/ld+json\" class=\"yoast-schema-graph\">{\"@context\":\"https:\/\/schema.org\",\"@graph\":[{\"@type\":\"WebPage\",\"@id\":\"https:\/\/abaa.mx\/tienda\/termometro-digital-de-entrada-unica-fluke-53-2-b-con-registro-de-datos\/\",\"url\":\"https:\/\/abaa.mx\/tienda\/termometro-digital-de-entrada-unica-fluke-53-2-b-con-registro-de-datos\/\",\"name\":\"term\u00f3metro digital de entrada \u00fanica fluke 53-2-b con registro de datos - Abaa tienda online\",\"isPartOf\":{\"@id\":\"https:\/\/abaa.mx\/tienda\/#website\"},\"primaryImageOfPage\":{\"@id\":\"https:\/\/abaa.mx\/tienda\/termometro-digital-de-entrada-unica-fluke-53-2-b-con-registro-de-datos\/#primaryimage\"},\"image\":{\"@id\":\"https:\/\/abaa.mx\/tienda\/termometro-digital-de-entrada-unica-fluke-53-2-b-con-registro-de-datos\/#primaryimage\"},\"thumbnailUrl\":\"https:\/\/abaa.mx\/tienda\/wp-content\/uploads\/2023\/09\/53-2-B.jpg\",\"datePublished\":\"2023-09-20T19:31:39+00:00\",\"breadcrumb\":{\"@id\":\"https:\/\/abaa.mx\/tienda\/termometro-digital-de-entrada-unica-fluke-53-2-b-con-registro-de-datos\/#breadcrumb\"},\"inLanguage\":\"es\",\"potentialAction\":[{\"@type\":\"ReadAction\",\"target\":[\"https:\/\/abaa.mx\/tienda\/termometro-digital-de-entrada-unica-fluke-53-2-b-con-registro-de-datos\/\"]}]},{\"@type\":\"ImageObject\",\"inLanguage\":\"es\",\"@id\":\"https:\/\/abaa.mx\/tienda\/termometro-digital-de-entrada-unica-fluke-53-2-b-con-registro-de-datos\/#primaryimage\",\"url\":\"https:\/\/abaa.mx\/tienda\/wp-content\/uploads\/2023\/09\/53-2-B.jpg\",\"contentUrl\":\"https:\/\/abaa.mx\/tienda\/wp-content\/uploads\/2023\/09\/53-2-B.jpg\",\"width\":270,\"height\":500,\"caption\":\"53-2-B\"},{\"@type\":\"BreadcrumbList\",\"@id\":\"https:\/\/abaa.mx\/tienda\/termometro-digital-de-entrada-unica-fluke-53-2-b-con-registro-de-datos\/#breadcrumb\",\"itemListElement\":[{\"@type\":\"ListItem\",\"position\":1,\"name\":\"Inicio\",\"item\":\"https:\/\/abaa.mx\/tienda\/\"},{\"@type\":\"ListItem\",\"position\":2,\"name\":\"Tienda\",\"item\":\"https:\/\/abaa.mx\/tienda\/\"},{\"@type\":\"ListItem\",\"position\":3,\"name\":\"term\u00f3metro digital de entrada \u00fanica fluke 53-2-b con registro de datos\"}]},{\"@type\":\"WebSite\",\"@id\":\"https:\/\/abaa.mx\/tienda\/#website\",\"url\":\"https:\/\/abaa.mx\/tienda\/\",\"name\":\"Abaa tienda online\",\"description\":\"Instrumentos de medici\u00f3n\",\"publisher\":{\"@id\":\"https:\/\/abaa.mx\/tienda\/#organization\"},\"potentialAction\":[{\"@type\":\"SearchAction\",\"target\":{\"@type\":\"EntryPoint\",\"urlTemplate\":\"https:\/\/abaa.mx\/tienda\/?s={search_term_string}\"},\"query-input\":{\"@type\":\"PropertyValueSpecification\",\"valueRequired\":true,\"valueName\":\"search_term_string\"}}],\"inLanguage\":\"es\"},{\"@type\":\"Organization\",\"@id\":\"https:\/\/abaa.mx\/tienda\/#organization\",\"name\":\"Abaa tienda online\",\"url\":\"https:\/\/abaa.mx\/tienda\/\",\"logo\":{\"@type\":\"ImageObject\",\"inLanguage\":\"es\",\"@id\":\"https:\/\/abaa.mx\/tienda\/#\/schema\/logo\/image\/\",\"url\":\"https:\/\/abaa.mx\/tienda\/wp-content\/uploads\/2024\/01\/abaa-metrologia-tienda.png\",\"contentUrl\":\"https:\/\/abaa.mx\/tienda\/wp-content\/uploads\/2024\/01\/abaa-metrologia-tienda.png\",\"width\":300,\"height\":141,\"caption\":\"Abaa tienda online\"},\"image\":{\"@id\":\"https:\/\/abaa.mx\/tienda\/#\/schema\/logo\/image\/\"}}]}<\/script>\n<!-- \/ Yoast SEO plugin. -->","yoast_head_json":{"title":"term\u00f3metro digital de entrada \u00fanica fluke 53-2-b con registro de datos - Abaa tienda online","robots":{"index":"index","follow":"follow","max-snippet":"max-snippet:-1","max-image-preview":"max-image-preview:large","max-video-preview":"max-video-preview:-1"},"canonical":"https:\/\/abaa.mx\/tienda\/termometro-digital-de-entrada-unica-fluke-53-2-b-con-registro-de-datos\/","og_locale":"es_MX","og_type":"article","og_title":"term\u00f3metro digital de entrada \u00fanica fluke 53-2-b con registro de datos - Abaa tienda online","og_description":"Funciones   Term\u00f3metro digital de entrada \u00fanica con registro de datos  Registra hasta 500 puntos de datos a intervalos de grabaci\u00f3n ajustables por el usuario  Mide termopares tipo J, K, T, E, R, S y N  Presenta resultados en \u00b0C, \u00b0F o Kelvin (K) en una pantalla grande retroiluminada  Proporciona una funci\u00f3n de recuperaci\u00f3n para revisar f\u00e1cilmente los datos registrados  Tapa de bater\u00eda de f\u00e1cil acceso que permite reemplazar la bater\u00eda sin romper el sello de calibraci\u00f3n  Alimentado por tres pilas AA est\u00e1ndar  Incluye un reloj en tiempo real que captura la hora exacta del evento  El puerto de comunicaci\u00f3n USB por infrarrojos permite exportar los datos al software opcional FlukeView Forms\u00a0 Temperature PC para su posterior an\u00e1lisis y representaci\u00f3n gr\u00e1fica.  Incluye una funci\u00f3n de desplazamiento electr\u00f3nico que compensa los errores del termopar para maximizar la precisi\u00f3n general  Maneja temperaturas de hasta &gt;1600 \u00b0F (900 \u00b0C)  Proporciona un panel frontal f\u00e1cil de usar que es f\u00e1cil de configurar y operar  Ofrece modo de suspensi\u00f3n para aumentar la duraci\u00f3n de la bater\u00eda; Duraci\u00f3n de la bater\u00eda de 1000 horas t\u00edpica.","og_url":"https:\/\/abaa.mx\/tienda\/termometro-digital-de-entrada-unica-fluke-53-2-b-con-registro-de-datos\/","og_site_name":"Abaa tienda online","og_image":[{"width":270,"height":500,"url":"https:\/\/abaa.mx\/tienda\/wp-content\/uploads\/2023\/09\/53-2-B.jpg","type":"image\/jpeg"}],"twitter_card":"summary_large_image","twitter_misc":{"Tiempo de lectura":"2 minutos"},"schema":{"@context":"https:\/\/schema.org","@graph":[{"@type":"WebPage","@id":"https:\/\/abaa.mx\/tienda\/termometro-digital-de-entrada-unica-fluke-53-2-b-con-registro-de-datos\/","url":"https:\/\/abaa.mx\/tienda\/termometro-digital-de-entrada-unica-fluke-53-2-b-con-registro-de-datos\/","name":"term\u00f3metro digital de entrada \u00fanica fluke 53-2-b con registro de datos - Abaa tienda online","isPartOf":{"@id":"https:\/\/abaa.mx\/tienda\/#website"},"primaryImageOfPage":{"@id":"https:\/\/abaa.mx\/tienda\/termometro-digital-de-entrada-unica-fluke-53-2-b-con-registro-de-datos\/#primaryimage"},"image":{"@id":"https:\/\/abaa.mx\/tienda\/termometro-digital-de-entrada-unica-fluke-53-2-b-con-registro-de-datos\/#primaryimage"},"thumbnailUrl":"https:\/\/abaa.mx\/tienda\/wp-content\/uploads\/2023\/09\/53-2-B.jpg","datePublished":"2023-09-20T19:31:39+00:00","breadcrumb":{"@id":"https:\/\/abaa.mx\/tienda\/termometro-digital-de-entrada-unica-fluke-53-2-b-con-registro-de-datos\/#breadcrumb"},"inLanguage":"es","potentialAction":[{"@type":"ReadAction","target":["https:\/\/abaa.mx\/tienda\/termometro-digital-de-entrada-unica-fluke-53-2-b-con-registro-de-datos\/"]}]},{"@type":"ImageObject","inLanguage":"es","@id":"https:\/\/abaa.mx\/tienda\/termometro-digital-de-entrada-unica-fluke-53-2-b-con-registro-de-datos\/#primaryimage","url":"https:\/\/abaa.mx\/tienda\/wp-content\/uploads\/2023\/09\/53-2-B.jpg","contentUrl":"https:\/\/abaa.mx\/tienda\/wp-content\/uploads\/2023\/09\/53-2-B.jpg","width":270,"height":500,"caption":"53-2-B"},{"@type":"BreadcrumbList","@id":"https:\/\/abaa.mx\/tienda\/termometro-digital-de-entrada-unica-fluke-53-2-b-con-registro-de-datos\/#breadcrumb","itemListElement":[{"@type":"ListItem","position":1,"name":"Inicio","item":"https:\/\/abaa.mx\/tienda\/"},{"@type":"ListItem","position":2,"name":"Tienda","item":"https:\/\/abaa.mx\/tienda\/"},{"@type":"ListItem","position":3,"name":"term\u00f3metro digital de entrada \u00fanica fluke 53-2-b con registro de datos"}]},{"@type":"WebSite","@id":"https:\/\/abaa.mx\/tienda\/#website","url":"https:\/\/abaa.mx\/tienda\/","name":"Abaa tienda online","description":"Instrumentos de medici\u00f3n","publisher":{"@id":"https:\/\/abaa.mx\/tienda\/#organization"},"potentialAction":[{"@type":"SearchAction","target":{"@type":"EntryPoint","urlTemplate":"https:\/\/abaa.mx\/tienda\/?s={search_term_string}"},"query-input":{"@type":"PropertyValueSpecification","valueRequired":true,"valueName":"search_term_string"}}],"inLanguage":"es"},{"@type":"Organization","@id":"https:\/\/abaa.mx\/tienda\/#organization","name":"Abaa tienda online","url":"https:\/\/abaa.mx\/tienda\/","logo":{"@type":"ImageObject","inLanguage":"es","@id":"https:\/\/abaa.mx\/tienda\/#\/schema\/logo\/image\/","url":"https:\/\/abaa.mx\/tienda\/wp-content\/uploads\/2024\/01\/abaa-metrologia-tienda.png","contentUrl":"https:\/\/abaa.mx\/tienda\/wp-content\/uploads\/2024\/01\/abaa-metrologia-tienda.png","width":300,"height":141,"caption":"Abaa tienda online"},"image":{"@id":"https:\/\/abaa.mx\/tienda\/#\/schema\/logo\/image\/"}}]}},"_links":{"self":[{"href":"https:\/\/abaa.mx\/tienda\/wp-json\/wp\/v2\/product\/2295","targetHints":{"allow":["GET"]}}],"collection":[{"href":"https:\/\/abaa.mx\/tienda\/wp-json\/wp\/v2\/product"}],"about":[{"href":"https:\/\/abaa.mx\/tienda\/wp-json\/wp\/v2\/types\/product"}],"replies":[{"embeddable":true,"href":"https:\/\/abaa.mx\/tienda\/wp-json\/wp\/v2\/comments?post=2295"}],"wp:featuredmedia":[{"embeddable":true,"href":"https:\/\/abaa.mx\/tienda\/wp-json\/wp\/v2\/media\/2303"}],"wp:attachment":[{"href":"https:\/\/abaa.mx\/tienda\/wp-json\/wp\/v2\/media?parent=2295"}],"wp:term":[{"taxonomy":"product_brand","embeddable":true,"href":"https:\/\/abaa.mx\/tienda\/wp-json\/wp\/v2\/product_brand?post=2295"},{"taxonomy":"product_cat","embeddable":true,"href":"https:\/\/abaa.mx\/tienda\/wp-json\/wp\/v2\/product_cat?post=2295"},{"taxonomy":"product_tag","embeddable":true,"href":"https:\/\/abaa.mx\/tienda\/wp-json\/wp\/v2\/product_tag?post=2295"}],"curies":[{"name":"wp","href":"https:\/\/api.w.org\/{rel}","templated":true}]}}