{"id":2292,"date":"2023-09-20T19:33:00","date_gmt":"2023-09-20T19:33:00","guid":{"rendered":"https:\/\/abaa.mx\/tienda\/?post_type=product&#038;p=2292"},"modified":"2023-11-28T17:30:57","modified_gmt":"2023-11-28T17:30:57","slug":"kit-combinado-para-electricista-industrial-fluke-87v-e2","status":"publish","type":"product","link":"https:\/\/abaa.mx\/tienda\/kit-combinado-para-electricista-industrial-fluke-87v-e2\/","title":{"rendered":"Kit combinado para electricista industrial fluke 87v-e2"},"content":{"rendered":"<h4><\/h4>\n<p><strong>Identifica r\u00e1pidamente problemas de se\u00f1al complejos:<\/strong><\/p>\n<p>Proporciona la resoluci\u00f3n y precisi\u00f3n para solucionar problemas de manera eficiente de accionamientos de motor, automatizaci\u00f3n de plantas, distribuci\u00f3n de energ\u00eda y equipos electromec\u00e1nicos. Adem\u00e1s de eso, este mult\u00edmetro industrial funciona eficazmente en ubicaciones ruidosas, de alta energ\u00eda y gran altitud. Cuenta con un filtro de paso bajo que admite mediciones de frecuencia precisas en VFD y adquiere intermitentes tan r\u00e1pido como 250.<\/p>\n<p>Utilice este mult\u00edmetro para medir corrientes de CA de hasta 10 A directamente. Adem\u00e1s, cuenta con un term\u00f3metro incorporado que le permite tomar lecturas de temperatura sin tener que llevar un instrumento separado y m\u00e1s. Adem\u00e1s, viene con una pantalla retroiluminada brillante de dos niveles que le permite ver mejor los resultados con poca luz.<\/p>\n<p>&nbsp;<\/p>\n<p><strong>Seguridad el\u00e9ctrica:<\/strong><\/p>\n<p>Todas las entradas est\u00e1n protegidas para la 2 edici\u00f3n de ANSI\/ISA S82.01 y EN61010-1 CAT IV 600 V y CAT III, 1000 V. Pueden soportar impulsos superiores a 8.000 V y reducir los riesgos relacionados con sobretensiones y picos.<\/p>\n<p>&nbsp;<\/p>\n<p><strong>Mida correctamente las se\u00f1ales de accionamiento del motor moduladas por ancho de pulso:<\/strong><\/p>\n<p>Hasta ahora, no ha habido un mult\u00edmetro capaz de medir con precisi\u00f3n los accionamientos de velocidad ajustables. Aunque, este mult\u00edmetro industrial est\u00e1 dise\u00f1ado espec\u00edficamente para manejar estas se\u00f1ales complejas. Piense en la productividad potencial que obtendr\u00e1 al eliminar las conjeturas de la soluci\u00f3n de problemas del sistema de accionamiento. Las mediciones son correctas cada vez.<\/p>\n<p>&nbsp;<\/p>\n<p><strong>Funciones:<\/strong><\/p>\n<ul>\n<li>Funci\u00f3n \u00fanica para mediciones precisas de voltaje y frecuencia en accionamientos de motor de velocidad ajustable y otros equipos el\u00e9ctricamente ruidosos.<\/li>\n<li>El term\u00f3metro incorporado le permite tomar lecturas de temperatura convenientemente sin tener que llevar un instrumento separado.<\/li>\n<li>Percha magn\u00e9tica opcional para una f\u00e1cil configuraci\u00f3n y visualizaci\u00f3n mientras libera las manos para otras tareas.<\/li>\n<li>La pantalla de d\u00edgitos grandes con luz de fondo brillante de dos niveles hace que el 87V sea significativamente m\u00e1s f\u00e1cil de leer que los modelos m\u00e1s antiguos.<\/li>\n<li>Voltaje y corriente de CA True-rms para mediciones precisas en se\u00f1ales no lineales.<\/li>\n<li>Filtro seleccionable para mediciones precisas de voltaje y frecuencia en accionamientos de motor.<\/li>\n<li>0,05% de precisi\u00f3n de CC.<\/li>\n<li>6000 recuentos, 3-3\/4 d\u00edgitos.<\/li>\n<li>Modo de 4-1\/2 d\u00edgitos para mediciones precisas (20.000 recuentos).<\/li>\n<li>Mide hasta 1000 V CA y CC.<\/li>\n<li>Mide hasta 10 A, 20 A durante un m\u00e1ximo de 30 segundos.<\/li>\n<li>El term\u00f3metro incorporado le permite llevar una herramienta menos (sonda TC incluida).<\/li>\n<li>Frecuencia hasta 200 kHz y % del ciclo de trabajo.<\/li>\n<li>Prueba de resistencia, continuidad y diodos.<\/li>\n<li>Rango de capacitancia de 10.000 \u03bcF para componentes y tapas de motor.<\/li>\n<li>Grabaci\u00f3n m\u00ednima\/m\u00e1x. media con alerta m\u00ednima\/m\u00e1x. para capturar variaciones autom\u00e1ticamente.<\/li>\n<li>Captura de picos para registrar transitorios tan r\u00e1pidos como 250.<\/li>\n<li>Modo relativo para eliminar la interferencia del cable de prueba de las mediciones de ohmios bajos.<\/li>\n<li>Rango autom\u00e1tico y manual para una m\u00e1xima flexibilidad.<\/li>\n<li>Toque Hold para capturar lecturas estables evitando se\u00f1ales ruidosas.<\/li>\n<li>Grandes d\u00edgitos de pantalla y retroiluminaci\u00f3n blanca brillante de dos niveles para una mayor visibilidad.<\/li>\n<li>Gr\u00e1fico de barras anal\u00f3gico para se\u00f1ales cambiantes o inestables.<\/li>\n<li>La alerta de entrada proporciona una advertencia audible contra el uso incorrecto de los conectores de entrada.<\/li>\n<li>Modo de suspensi\u00f3n seleccionable mejorado para una bater\u00eda de larga duraci\u00f3n.<\/li>\n<li>Puerta de acceso para cambios r\u00e1pidos de bater\u00eda sin romper el sello de calibraci\u00f3n.<\/li>\n<li>Dise\u00f1o cl\u00e1sico con nueva funda extra\u00edble con cable de prueba incorporado y almacenamiento de sonda.<\/li>\n<li>Funci\u00f3n \u00fanica para mediciones precisas de voltaje de CA modulado ruidoso de ancho de pulso.<\/li>\n<li>Mide correctamente en el ASD y en los terminales del motor.<\/li>\n<li>Mida con precisi\u00f3n la frecuencia (velocidad del motor), la medici\u00f3n de frecuencia no se ve afectada por la frecuencia portadora de ASD.<\/li>\n<li>Mida la corriente alterna con un accesorio de abrazadera de corriente opcional.<\/li>\n<li>Compare la lectura con la pantalla del ASD.<\/li>\n<li>Bloques de blindaje especiales de alta frecuencia y alta energ\u00eda generados por grandes sistemas de accionamiento.<\/li>\n<\/ul>\n<p>&nbsp;<\/p>\n<p><strong>Aplicaciones:<\/strong><\/p>\n<ul>\n<li>Industrial.<\/li>\n<li>Mantenimiento y reparaci\u00f3n.<\/li>\n<li>Prueba y medici\u00f3n.<\/li>\n<li>Motores\/VFD.<\/li>\n<\/ul>\n<p>&nbsp;<\/p>\n<h4>Especificaciones de Fluke 87V-E2<\/h4>\n<table class=\"table table-striped\">\n<tbody>\n<tr>\n<td>Voltaje DC<\/td>\n<td>Voltaje m\u00e1ximo: 1000 V<br \/>\nPrecisi\u00f3n: \u00b1 (0.05% + 1)<br \/>\nResoluci\u00f3n m\u00e1xima: 10 \u03bcV<\/td>\n<\/tr>\n<tr>\n<td>Voltaje AC<\/td>\n<td>Voltaje m\u00e1ximo: 1000 V<br \/>\nPrecisi\u00f3n: \u00b1 (0.7% + 2) Ancho de banda de CA RMS verdadero: 20 kHz con filtro de<br \/>\npaso bajo; 3 db @ 1 kHz<br \/>\nResoluci\u00f3n m\u00e1xima: 0.1 mV<\/td>\n<\/tr>\n<tr>\n<td>DC actual<\/td>\n<td>Amperios m\u00e1ximos: 10 A (20 A durante 30 segundos m\u00e1ximo) Precisi\u00f3n de amperios: \u00b1 (0.2% + 2)<\/p>\n<p>Resoluci\u00f3n m\u00e1xima: 0.01 \u03bcA<\/td>\n<\/tr>\n<tr>\n<td>AC actual<\/td>\n<td>Amperios m\u00e1ximos: 10 A (20 A durante 30 segundos m\u00e1ximo) Precisi\u00f3n de amperios: \u00b1 (1.0% + 2)<br \/>\nRMS<br \/>\nverdadero Resoluci\u00f3n m\u00e1xima: 0.1 \u03bcA<\/td>\n<\/tr>\n<tr>\n<td>Resistencia<\/td>\n<td>Resistencia m\u00e1xima: 50 M\u03a9<br \/>\nPrecisi\u00f3n: \u00b1 (0.2% + 1)<br \/>\nResoluci\u00f3n m\u00e1xima: 0.1 \u03a9<\/td>\n<\/tr>\n<tr>\n<td>Capacitancia<\/td>\n<td>Capacitancia m\u00e1xima: 9999 \u03bcF Precisi\u00f3n: \u00b1 (1% + 2)<br \/>\nResoluci\u00f3n m\u00e1xima: 0.01 nF<\/td>\n<\/tr>\n<tr>\n<td>Frecuencia<\/td>\n<td>Frecuencia m\u00e1xima: 200 kHz<br \/>\nPrecisi\u00f3n: \u00b1 (0.005% + 1)<br \/>\nResoluci\u00f3n m\u00e1xima: 0.01 Hz<\/td>\n<\/tr>\n<tr>\n<td>Medici\u00f3n de temperatura<\/td>\n<td>-328 a 1994\u00b0F (-200 a 1090\u00b0C) excluyendo la sonda<\/td>\n<\/tr>\n<tr>\n<td>Sonda de temperatura de 80 BK<\/td>\n<td>-40 a 500 \u00b0F (-40 a 260 \u00b0C), 2.2 \u00b0C o 2%, lo que sea mayor<\/td>\n<\/tr>\n<tr>\n<td>Temperatura de funcionamiento<\/td>\n<td>-4 a 131\u00b0F (-20 a 55\u00b0C)<\/td>\n<\/tr>\n<tr>\n<td>Temperatura de almacenamiento<\/td>\n<td>-40 a 140\u00b0F (-40 a 60\u00b0C)<\/td>\n<\/tr>\n<tr>\n<td>Altitud de funcionamiento<\/td>\n<td>6561&#8242; (2000 m)<\/td>\n<\/tr>\n<tr>\n<td>Dimensiones<\/td>\n<td>7,9 x 3,9 x 2,05&#8243; (201 x 98 x 52 mm) con funda<\/td>\n<\/tr>\n<tr>\n<td>Peso<\/td>\n<td>0,8 lb (355 g)<\/td>\n<\/tr>\n<tr>\n<td>Duraci\u00f3n de la bater\u00eda<\/td>\n<td>Alcalino aproximadamente 400 h t\u00edpico, sin luz de fondo<\/td>\n<\/tr>\n<\/tbody>\n<\/table>\n","protected":false},"excerpt":{"rendered":"<p class=\"short-description mhide ipad-view-setting\">Construido alrededor del mult\u00edmetro industrial True RMS, este kit combinado resuelve problemas r\u00e1pidamente y ofrece capacidades de soluci\u00f3n de problemas precisas y avanzadas que pueden manejar se\u00f1ales complejas.<\/p>\n<div class=\"row-fluid\">\n<div class=\"span12 mobile-pricing-box-padding\">\n<form id=\"1394\" accept-charset=\"utf-8\" action=\"https:\/\/www.globaltestsupply.com\/shop\/add\" method=\"post\" name=\"addTocartFunction\">\n<div><\/div>\n<\/form>\n<\/div>\n<\/div>\n","protected":false},"featured_media":2305,"comment_status":"open","ping_status":"closed","template":"","meta":{"_joinchat":[]},"product_brand":[],"product_cat":[15],"product_tag":[],"class_list":{"0":"post-2292","1":"product","2":"type-product","3":"status-publish","4":"has-post-thumbnail","6":"product_cat-sin-categorizar","8":"first","9":"instock","10":"shipping-taxable","11":"product-type-simple"},"yoast_head":"<!-- This site is optimized with the Yoast SEO plugin v26.4 - https:\/\/yoast.com\/wordpress\/plugins\/seo\/ -->\n<title>Kit combinado para electricista industrial fluke 87v-e2 - Abaa tienda online<\/title>\n<meta name=\"robots\" content=\"index, follow, max-snippet:-1, max-image-preview:large, max-video-preview:-1\" \/>\n<link rel=\"canonical\" href=\"https:\/\/abaa.mx\/tienda\/kit-combinado-para-electricista-industrial-fluke-87v-e2\/\" \/>\n<meta property=\"og:locale\" content=\"es_MX\" \/>\n<meta property=\"og:type\" content=\"article\" \/>\n<meta property=\"og:title\" content=\"Kit combinado para electricista industrial fluke 87v-e2 - Abaa tienda online\" \/>\n<meta property=\"og:description\" content=\"Construido alrededor del mult\u00edmetro industrial True RMS, este kit combinado resuelve problemas r\u00e1pidamente y ofrece capacidades de soluci\u00f3n de problemas precisas y avanzadas que pueden manejar se\u00f1ales complejas.\" \/>\n<meta property=\"og:url\" content=\"https:\/\/abaa.mx\/tienda\/kit-combinado-para-electricista-industrial-fluke-87v-e2\/\" \/>\n<meta property=\"og:site_name\" content=\"Abaa tienda online\" \/>\n<meta property=\"article:modified_time\" content=\"2023-11-28T17:30:57+00:00\" \/>\n<meta property=\"og:image\" content=\"https:\/\/abaa.mx\/tienda\/wp-content\/uploads\/2023\/09\/87V-E2.jpg\" \/>\n\t<meta property=\"og:image:width\" content=\"270\" \/>\n\t<meta property=\"og:image:height\" content=\"374\" \/>\n\t<meta property=\"og:image:type\" content=\"image\/jpeg\" \/>\n<meta name=\"twitter:card\" content=\"summary_large_image\" \/>\n<meta name=\"twitter:label1\" content=\"Tiempo de lectura\" \/>\n\t<meta name=\"twitter:data1\" content=\"4 minutos\" \/>\n<script type=\"application\/ld+json\" class=\"yoast-schema-graph\">{\"@context\":\"https:\/\/schema.org\",\"@graph\":[{\"@type\":\"WebPage\",\"@id\":\"https:\/\/abaa.mx\/tienda\/kit-combinado-para-electricista-industrial-fluke-87v-e2\/\",\"url\":\"https:\/\/abaa.mx\/tienda\/kit-combinado-para-electricista-industrial-fluke-87v-e2\/\",\"name\":\"Kit combinado para electricista industrial fluke 87v-e2 - Abaa tienda online\",\"isPartOf\":{\"@id\":\"https:\/\/abaa.mx\/tienda\/#website\"},\"primaryImageOfPage\":{\"@id\":\"https:\/\/abaa.mx\/tienda\/kit-combinado-para-electricista-industrial-fluke-87v-e2\/#primaryimage\"},\"image\":{\"@id\":\"https:\/\/abaa.mx\/tienda\/kit-combinado-para-electricista-industrial-fluke-87v-e2\/#primaryimage\"},\"thumbnailUrl\":\"https:\/\/abaa.mx\/tienda\/wp-content\/uploads\/2023\/09\/87V-E2.jpg\",\"datePublished\":\"2023-09-20T19:33:00+00:00\",\"dateModified\":\"2023-11-28T17:30:57+00:00\",\"breadcrumb\":{\"@id\":\"https:\/\/abaa.mx\/tienda\/kit-combinado-para-electricista-industrial-fluke-87v-e2\/#breadcrumb\"},\"inLanguage\":\"es\",\"potentialAction\":[{\"@type\":\"ReadAction\",\"target\":[\"https:\/\/abaa.mx\/tienda\/kit-combinado-para-electricista-industrial-fluke-87v-e2\/\"]}]},{\"@type\":\"ImageObject\",\"inLanguage\":\"es\",\"@id\":\"https:\/\/abaa.mx\/tienda\/kit-combinado-para-electricista-industrial-fluke-87v-e2\/#primaryimage\",\"url\":\"https:\/\/abaa.mx\/tienda\/wp-content\/uploads\/2023\/09\/87V-E2.jpg\",\"contentUrl\":\"https:\/\/abaa.mx\/tienda\/wp-content\/uploads\/2023\/09\/87V-E2.jpg\",\"width\":270,\"height\":374,\"caption\":\"Fluke 87V\/E2\"},{\"@type\":\"BreadcrumbList\",\"@id\":\"https:\/\/abaa.mx\/tienda\/kit-combinado-para-electricista-industrial-fluke-87v-e2\/#breadcrumb\",\"itemListElement\":[{\"@type\":\"ListItem\",\"position\":1,\"name\":\"Inicio\",\"item\":\"https:\/\/abaa.mx\/tienda\/\"},{\"@type\":\"ListItem\",\"position\":2,\"name\":\"Tienda\",\"item\":\"https:\/\/abaa.mx\/tienda\/\"},{\"@type\":\"ListItem\",\"position\":3,\"name\":\"Kit combinado para electricista industrial fluke 87v-e2\"}]},{\"@type\":\"WebSite\",\"@id\":\"https:\/\/abaa.mx\/tienda\/#website\",\"url\":\"https:\/\/abaa.mx\/tienda\/\",\"name\":\"Abaa tienda online\",\"description\":\"Instrumentos de medici\u00f3n\",\"publisher\":{\"@id\":\"https:\/\/abaa.mx\/tienda\/#organization\"},\"potentialAction\":[{\"@type\":\"SearchAction\",\"target\":{\"@type\":\"EntryPoint\",\"urlTemplate\":\"https:\/\/abaa.mx\/tienda\/?s={search_term_string}\"},\"query-input\":{\"@type\":\"PropertyValueSpecification\",\"valueRequired\":true,\"valueName\":\"search_term_string\"}}],\"inLanguage\":\"es\"},{\"@type\":\"Organization\",\"@id\":\"https:\/\/abaa.mx\/tienda\/#organization\",\"name\":\"Abaa tienda online\",\"url\":\"https:\/\/abaa.mx\/tienda\/\",\"logo\":{\"@type\":\"ImageObject\",\"inLanguage\":\"es\",\"@id\":\"https:\/\/abaa.mx\/tienda\/#\/schema\/logo\/image\/\",\"url\":\"https:\/\/abaa.mx\/tienda\/wp-content\/uploads\/2024\/01\/abaa-metrologia-tienda.png\",\"contentUrl\":\"https:\/\/abaa.mx\/tienda\/wp-content\/uploads\/2024\/01\/abaa-metrologia-tienda.png\",\"width\":300,\"height\":141,\"caption\":\"Abaa tienda online\"},\"image\":{\"@id\":\"https:\/\/abaa.mx\/tienda\/#\/schema\/logo\/image\/\"}}]}<\/script>\n<!-- \/ Yoast SEO plugin. -->","yoast_head_json":{"title":"Kit combinado para electricista industrial fluke 87v-e2 - Abaa tienda online","robots":{"index":"index","follow":"follow","max-snippet":"max-snippet:-1","max-image-preview":"max-image-preview:large","max-video-preview":"max-video-preview:-1"},"canonical":"https:\/\/abaa.mx\/tienda\/kit-combinado-para-electricista-industrial-fluke-87v-e2\/","og_locale":"es_MX","og_type":"article","og_title":"Kit combinado para electricista industrial fluke 87v-e2 - Abaa tienda online","og_description":"Construido alrededor del mult\u00edmetro industrial True RMS, este kit combinado resuelve problemas r\u00e1pidamente y ofrece capacidades de soluci\u00f3n de problemas precisas y avanzadas que pueden manejar se\u00f1ales complejas.","og_url":"https:\/\/abaa.mx\/tienda\/kit-combinado-para-electricista-industrial-fluke-87v-e2\/","og_site_name":"Abaa tienda online","article_modified_time":"2023-11-28T17:30:57+00:00","og_image":[{"width":270,"height":374,"url":"https:\/\/abaa.mx\/tienda\/wp-content\/uploads\/2023\/09\/87V-E2.jpg","type":"image\/jpeg"}],"twitter_card":"summary_large_image","twitter_misc":{"Tiempo de lectura":"4 minutos"},"schema":{"@context":"https:\/\/schema.org","@graph":[{"@type":"WebPage","@id":"https:\/\/abaa.mx\/tienda\/kit-combinado-para-electricista-industrial-fluke-87v-e2\/","url":"https:\/\/abaa.mx\/tienda\/kit-combinado-para-electricista-industrial-fluke-87v-e2\/","name":"Kit combinado para electricista industrial fluke 87v-e2 - Abaa tienda online","isPartOf":{"@id":"https:\/\/abaa.mx\/tienda\/#website"},"primaryImageOfPage":{"@id":"https:\/\/abaa.mx\/tienda\/kit-combinado-para-electricista-industrial-fluke-87v-e2\/#primaryimage"},"image":{"@id":"https:\/\/abaa.mx\/tienda\/kit-combinado-para-electricista-industrial-fluke-87v-e2\/#primaryimage"},"thumbnailUrl":"https:\/\/abaa.mx\/tienda\/wp-content\/uploads\/2023\/09\/87V-E2.jpg","datePublished":"2023-09-20T19:33:00+00:00","dateModified":"2023-11-28T17:30:57+00:00","breadcrumb":{"@id":"https:\/\/abaa.mx\/tienda\/kit-combinado-para-electricista-industrial-fluke-87v-e2\/#breadcrumb"},"inLanguage":"es","potentialAction":[{"@type":"ReadAction","target":["https:\/\/abaa.mx\/tienda\/kit-combinado-para-electricista-industrial-fluke-87v-e2\/"]}]},{"@type":"ImageObject","inLanguage":"es","@id":"https:\/\/abaa.mx\/tienda\/kit-combinado-para-electricista-industrial-fluke-87v-e2\/#primaryimage","url":"https:\/\/abaa.mx\/tienda\/wp-content\/uploads\/2023\/09\/87V-E2.jpg","contentUrl":"https:\/\/abaa.mx\/tienda\/wp-content\/uploads\/2023\/09\/87V-E2.jpg","width":270,"height":374,"caption":"Fluke 87V\/E2"},{"@type":"BreadcrumbList","@id":"https:\/\/abaa.mx\/tienda\/kit-combinado-para-electricista-industrial-fluke-87v-e2\/#breadcrumb","itemListElement":[{"@type":"ListItem","position":1,"name":"Inicio","item":"https:\/\/abaa.mx\/tienda\/"},{"@type":"ListItem","position":2,"name":"Tienda","item":"https:\/\/abaa.mx\/tienda\/"},{"@type":"ListItem","position":3,"name":"Kit combinado para electricista industrial fluke 87v-e2"}]},{"@type":"WebSite","@id":"https:\/\/abaa.mx\/tienda\/#website","url":"https:\/\/abaa.mx\/tienda\/","name":"Abaa tienda online","description":"Instrumentos de medici\u00f3n","publisher":{"@id":"https:\/\/abaa.mx\/tienda\/#organization"},"potentialAction":[{"@type":"SearchAction","target":{"@type":"EntryPoint","urlTemplate":"https:\/\/abaa.mx\/tienda\/?s={search_term_string}"},"query-input":{"@type":"PropertyValueSpecification","valueRequired":true,"valueName":"search_term_string"}}],"inLanguage":"es"},{"@type":"Organization","@id":"https:\/\/abaa.mx\/tienda\/#organization","name":"Abaa tienda online","url":"https:\/\/abaa.mx\/tienda\/","logo":{"@type":"ImageObject","inLanguage":"es","@id":"https:\/\/abaa.mx\/tienda\/#\/schema\/logo\/image\/","url":"https:\/\/abaa.mx\/tienda\/wp-content\/uploads\/2024\/01\/abaa-metrologia-tienda.png","contentUrl":"https:\/\/abaa.mx\/tienda\/wp-content\/uploads\/2024\/01\/abaa-metrologia-tienda.png","width":300,"height":141,"caption":"Abaa tienda online"},"image":{"@id":"https:\/\/abaa.mx\/tienda\/#\/schema\/logo\/image\/"}}]}},"_links":{"self":[{"href":"https:\/\/abaa.mx\/tienda\/wp-json\/wp\/v2\/product\/2292","targetHints":{"allow":["GET"]}}],"collection":[{"href":"https:\/\/abaa.mx\/tienda\/wp-json\/wp\/v2\/product"}],"about":[{"href":"https:\/\/abaa.mx\/tienda\/wp-json\/wp\/v2\/types\/product"}],"replies":[{"embeddable":true,"href":"https:\/\/abaa.mx\/tienda\/wp-json\/wp\/v2\/comments?post=2292"}],"wp:featuredmedia":[{"embeddable":true,"href":"https:\/\/abaa.mx\/tienda\/wp-json\/wp\/v2\/media\/2305"}],"wp:attachment":[{"href":"https:\/\/abaa.mx\/tienda\/wp-json\/wp\/v2\/media?parent=2292"}],"wp:term":[{"taxonomy":"product_brand","embeddable":true,"href":"https:\/\/abaa.mx\/tienda\/wp-json\/wp\/v2\/product_brand?post=2292"},{"taxonomy":"product_cat","embeddable":true,"href":"https:\/\/abaa.mx\/tienda\/wp-json\/wp\/v2\/product_cat?post=2292"},{"taxonomy":"product_tag","embeddable":true,"href":"https:\/\/abaa.mx\/tienda\/wp-json\/wp\/v2\/product_tag?post=2292"}],"curies":[{"name":"wp","href":"https:\/\/api.w.org\/{rel}","templated":true}]}}