{"id":2290,"date":"2023-09-20T19:32:52","date_gmt":"2023-09-20T19:32:52","guid":{"rendered":"https:\/\/abaa.mx\/tienda\/?post_type=product&#038;p=2290"},"modified":"2023-11-28T17:37:58","modified_gmt":"2023-11-28T17:37:58","slug":"multimetro-digital-fluke-175-efsp-nist-true-rms","status":"publish","type":"product","link":"https:\/\/abaa.mx\/tienda\/multimetro-digital-fluke-175-efsp-nist-true-rms\/","title":{"rendered":"Mult\u00edmetro digital fluke 175-efsp-nist true rms"},"content":{"rendered":"<p>&nbsp;<\/p>\n<p><strong>Funciones:<\/strong><\/p>\n<ul>\n<li>Proporciona las caracter\u00edsticas b\u00e1sicas del mult\u00edmetro que necesita para solucionar problemas y reparar sistemas el\u00e9ctricos y electr\u00f3nicos.<\/li>\n<li>Ofrece mediciones precisas de corriente y voltaje de CA True RMS m\u00e1s frecuencia, capacitancia, resistencia, continuidad y diodos.<\/li>\n<li>Aumenta la productividad con rango manual y autom\u00e1tico, retenci\u00f3n de pantalla, retenci\u00f3n autom\u00e1tica y grabaci\u00f3n promedio m\u00ednima\/m\u00e1xima.<\/li>\n<li>Seguridad nominal CAT III 1000 V, CAT IV 600 V.<\/li>\n<li>Permite la calibraci\u00f3n de carcasa cerrada a trav\u00e9s del panel frontal.<\/li>\n<\/ul>\n<p>&nbsp;<\/p>\n<p><strong>La l\u00ednea de base para mediciones industriales:<\/strong><\/p>\n<p>Ofrece las caracter\u00edsticas b\u00e1sicas de uso general requeridas por t\u00e9cnicos profesionales de todo el mundo. Puede encontrar problemas r\u00e1pidamente con todas las mediciones b\u00e1sicas de soluci\u00f3n de problemas, como frecuencia, capacitancia, resistencia, continuidad y diodo. Y Display Hold y Auto Hold te ayudar\u00e1n a capturar eventos significativos.<\/p>\n<p>&nbsp;<\/p>\n<p><strong>Seguridad nominal para uso industrial:<\/strong><\/p>\n<p>Todas las entradas est\u00e1n protegidas seg\u00fan IEN61010-1 CAT IV 600 V\/CAT III 1000 V. UL, CSA, T\u00dcV listado y VDE pendiente. Los usuarios pueden confiar en este mult\u00edmetro digital True RMS para obtener lecturas precisas y True RMS a trav\u00e9s de a\u00f1os de servicio confiable.<\/p>\n<p>&nbsp;<\/p>\n<h4 style=\"text-align: center;\">Especificaciones de Fluke 175-EFSP-NIST<\/h4>\n<table class=\"table table-striped\">\n<tbody>\n<tr>\n<td colspan=\"2\"><strong>Voltaje DC<\/strong><\/td>\n<\/tr>\n<tr>\n<td>Exactitud<\/td>\n<td>\u00b1(0,15% + 2)<\/td>\n<\/tr>\n<tr>\n<td>Resoluci\u00f3n m\u00e1xima<\/td>\n<td>0,1 mV<\/td>\n<\/tr>\n<tr>\n<td>M\u00e1ximo<\/td>\n<td>1000 V<\/td>\n<\/tr>\n<tr>\n<td colspan=\"2\"><strong>Voltaje AC<\/strong><\/td>\n<\/tr>\n<tr>\n<td>Exactitud<\/td>\n<td>\u00b1(1,0% + 3)<\/td>\n<\/tr>\n<tr>\n<td>Resoluci\u00f3n m\u00e1xima<\/td>\n<td>0,1 mV<\/td>\n<\/tr>\n<tr>\n<td>M\u00e1ximo<\/td>\n<td>1000 V<\/td>\n<\/tr>\n<tr>\n<td colspan=\"2\"><strong>DC actual<\/strong><\/td>\n<\/tr>\n<tr>\n<td>Exactitud<\/td>\n<td>\u00b1(1,0% + 3)<\/td>\n<\/tr>\n<tr>\n<td>Resoluci\u00f3n m\u00e1xima<\/td>\n<td>0,01 mA<\/td>\n<\/tr>\n<tr>\n<td>M\u00e1ximo<\/td>\n<td>10 A<\/td>\n<\/tr>\n<tr>\n<td colspan=\"2\"><strong>AC actual<\/strong><\/td>\n<\/tr>\n<tr>\n<td>Exactitud<\/td>\n<td>\u00b1(1,5% + 3)<\/td>\n<\/tr>\n<tr>\n<td>Resoluci\u00f3n m\u00e1xima<\/td>\n<td>0,01 mA<\/td>\n<\/tr>\n<tr>\n<td>M\u00e1ximo<\/td>\n<td>10 A<\/td>\n<\/tr>\n<tr>\n<td colspan=\"2\"><strong>Resistencia<\/strong><\/td>\n<\/tr>\n<tr>\n<td>Exactitud<\/td>\n<td>\u00b1(0,9% + 1)<\/td>\n<\/tr>\n<tr>\n<td>Resoluci\u00f3n m\u00e1xima<\/td>\n<td>0.1 \u03a9<\/td>\n<\/tr>\n<tr>\n<td>M\u00e1ximo<\/td>\n<td>50 M\u03a9<\/td>\n<\/tr>\n<tr>\n<td colspan=\"2\"><strong>Capacitancia<\/strong><\/td>\n<\/tr>\n<tr>\n<td>Exactitud<\/td>\n<td>\u00b1(1,2% + 2)<\/td>\n<\/tr>\n<tr>\n<td>Resoluci\u00f3n m\u00e1xima<\/td>\n<td>1 nF<\/td>\n<\/tr>\n<tr>\n<td>M\u00e1ximo<\/td>\n<td>10,000 \u03bcF<\/td>\n<\/tr>\n<tr>\n<td colspan=\"2\"><strong>Frecuencia<\/strong><\/td>\n<\/tr>\n<tr>\n<td>Exactitud<\/td>\n<td>\u00b1(0,1% + 1)<\/td>\n<\/tr>\n<tr>\n<td>Resoluci\u00f3n m\u00e1xima<\/td>\n<td>0,01 Hz<\/td>\n<\/tr>\n<tr>\n<td>M\u00e1ximo<\/td>\n<td>100 kHz<\/td>\n<\/tr>\n<tr>\n<td colspan=\"2\"><strong>Especificaciones ambientales<\/strong><\/td>\n<\/tr>\n<tr>\n<td>Temperatura de funcionamiento<\/td>\n<td>14 a 122\u00b0F (-10 a 50\u00b0C)<\/td>\n<\/tr>\n<tr>\n<td>Temperatura de almacenamiento<\/td>\n<td>-22 a 140\u00b0F (-30 a 60\u00b0C)<\/td>\n<\/tr>\n<tr>\n<td>Humedad (sin condensaci\u00f3n)<\/td>\n<td>0 a 90% a 32 a 95\u00b0F (0 a 35\u00b0C) 0 a 70% a 95 a 122\u00b0F (35 a 50\u00b0C)<\/td>\n<\/tr>\n<tr>\n<td colspan=\"2\"><strong>Especificaciones de seguridad<\/strong><\/td>\n<\/tr>\n<tr>\n<td>Categor\u00eda de sobretensi\u00f3n<\/td>\n<td>EN 61010\u20131 a 1000 V CAT III<br \/>\nEN 61010\u20131 A 600 V CAT IV<\/td>\n<\/tr>\n<tr>\n<td>Aprobaciones de agencias<\/td>\n<td>Listado en UL, CSA, T\u00dcV y VDE pendiente<\/td>\n<\/tr>\n<tr>\n<td colspan=\"2\"><strong>Especificaciones generales<\/strong><\/td>\n<\/tr>\n<tr>\n<td>Duraci\u00f3n de la bater\u00eda<\/td>\n<td>Alcalino aproximadamente 200 horas t\u00edpico, sin luz de fondo<\/td>\n<\/tr>\n<tr>\n<td>Dimensiones<\/td>\n<td>1,7 x 3,5 x 7,3&#8243; (43 x 90 x 185 mm)<\/td>\n<\/tr>\n<tr>\n<td>Peso<\/td>\n<td>14,8 onzas (420 g)<\/td>\n<\/tr>\n<\/tbody>\n<\/table>\n","protected":false},"excerpt":{"rendered":"<p>Proporciona todas las caracter\u00edsticas de uso general que necesitan los t\u00e9cnicos profesionales, lo que hace que este mult\u00edmetro digital True RMS sea ideal para identificar mediciones b\u00e1sicas de soluci\u00f3n de problemas como frecuencia, capacitancia, resistencia, continuidad y diodo. Este producto incluye un certificado trazable con datos completos e incertidumbres.<\/p>\n","protected":false},"featured_media":2301,"comment_status":"open","ping_status":"closed","template":"","meta":{"_joinchat":[]},"product_brand":[],"product_cat":[15],"product_tag":[],"class_list":{"0":"post-2290","1":"product","2":"type-product","3":"status-publish","4":"has-post-thumbnail","6":"product_cat-sin-categorizar","8":"first","9":"instock","10":"shipping-taxable","11":"product-type-simple"},"yoast_head":"<!-- This site is optimized with the Yoast SEO plugin v26.4 - https:\/\/yoast.com\/wordpress\/plugins\/seo\/ -->\n<title>Mult\u00edmetro digital fluke 175-efsp-nist true rms - Abaa tienda online<\/title>\n<meta name=\"robots\" content=\"index, follow, max-snippet:-1, max-image-preview:large, max-video-preview:-1\" \/>\n<link rel=\"canonical\" href=\"https:\/\/abaa.mx\/tienda\/multimetro-digital-fluke-175-efsp-nist-true-rms\/\" \/>\n<meta property=\"og:locale\" content=\"es_MX\" \/>\n<meta property=\"og:type\" content=\"article\" \/>\n<meta property=\"og:title\" content=\"Mult\u00edmetro digital fluke 175-efsp-nist true rms - Abaa tienda online\" \/>\n<meta property=\"og:description\" content=\"Proporciona todas las caracter\u00edsticas de uso general que necesitan los t\u00e9cnicos profesionales, lo que hace que este mult\u00edmetro digital True RMS sea ideal para identificar mediciones b\u00e1sicas de soluci\u00f3n de problemas como frecuencia, capacitancia, resistencia, continuidad y diodo. Este producto incluye un certificado trazable con datos completos e incertidumbres.\" \/>\n<meta property=\"og:url\" content=\"https:\/\/abaa.mx\/tienda\/multimetro-digital-fluke-175-efsp-nist-true-rms\/\" \/>\n<meta property=\"og:site_name\" content=\"Abaa tienda online\" \/>\n<meta property=\"article:modified_time\" content=\"2023-11-28T17:37:58+00:00\" \/>\n<meta property=\"og:image\" content=\"https:\/\/abaa.mx\/tienda\/wp-content\/uploads\/2023\/09\/175-EFSP-NIST.jpg\" \/>\n\t<meta property=\"og:image:width\" content=\"2000\" \/>\n\t<meta property=\"og:image:height\" content=\"2000\" \/>\n\t<meta property=\"og:image:type\" content=\"image\/jpeg\" \/>\n<meta name=\"twitter:card\" content=\"summary_large_image\" \/>\n<meta name=\"twitter:label1\" content=\"Tiempo de lectura\" \/>\n\t<meta name=\"twitter:data1\" content=\"2 minutos\" \/>\n<script type=\"application\/ld+json\" class=\"yoast-schema-graph\">{\"@context\":\"https:\/\/schema.org\",\"@graph\":[{\"@type\":\"WebPage\",\"@id\":\"https:\/\/abaa.mx\/tienda\/multimetro-digital-fluke-175-efsp-nist-true-rms\/\",\"url\":\"https:\/\/abaa.mx\/tienda\/multimetro-digital-fluke-175-efsp-nist-true-rms\/\",\"name\":\"Mult\u00edmetro digital fluke 175-efsp-nist true rms - Abaa tienda online\",\"isPartOf\":{\"@id\":\"https:\/\/abaa.mx\/tienda\/#website\"},\"primaryImageOfPage\":{\"@id\":\"https:\/\/abaa.mx\/tienda\/multimetro-digital-fluke-175-efsp-nist-true-rms\/#primaryimage\"},\"image\":{\"@id\":\"https:\/\/abaa.mx\/tienda\/multimetro-digital-fluke-175-efsp-nist-true-rms\/#primaryimage\"},\"thumbnailUrl\":\"https:\/\/abaa.mx\/tienda\/wp-content\/uploads\/2023\/09\/175-EFSP-NIST.jpg\",\"datePublished\":\"2023-09-20T19:32:52+00:00\",\"dateModified\":\"2023-11-28T17:37:58+00:00\",\"breadcrumb\":{\"@id\":\"https:\/\/abaa.mx\/tienda\/multimetro-digital-fluke-175-efsp-nist-true-rms\/#breadcrumb\"},\"inLanguage\":\"es\",\"potentialAction\":[{\"@type\":\"ReadAction\",\"target\":[\"https:\/\/abaa.mx\/tienda\/multimetro-digital-fluke-175-efsp-nist-true-rms\/\"]}]},{\"@type\":\"ImageObject\",\"inLanguage\":\"es\",\"@id\":\"https:\/\/abaa.mx\/tienda\/multimetro-digital-fluke-175-efsp-nist-true-rms\/#primaryimage\",\"url\":\"https:\/\/abaa.mx\/tienda\/wp-content\/uploads\/2023\/09\/175-EFSP-NIST.jpg\",\"contentUrl\":\"https:\/\/abaa.mx\/tienda\/wp-content\/uploads\/2023\/09\/175-EFSP-NIST.jpg\",\"width\":2000,\"height\":2000,\"caption\":\"fluke 175-efsp-nist true rms\"},{\"@type\":\"BreadcrumbList\",\"@id\":\"https:\/\/abaa.mx\/tienda\/multimetro-digital-fluke-175-efsp-nist-true-rms\/#breadcrumb\",\"itemListElement\":[{\"@type\":\"ListItem\",\"position\":1,\"name\":\"Inicio\",\"item\":\"https:\/\/abaa.mx\/tienda\/\"},{\"@type\":\"ListItem\",\"position\":2,\"name\":\"Tienda\",\"item\":\"https:\/\/abaa.mx\/tienda\/\"},{\"@type\":\"ListItem\",\"position\":3,\"name\":\"Mult\u00edmetro digital fluke 175-efsp-nist true rms\"}]},{\"@type\":\"WebSite\",\"@id\":\"https:\/\/abaa.mx\/tienda\/#website\",\"url\":\"https:\/\/abaa.mx\/tienda\/\",\"name\":\"Abaa tienda online\",\"description\":\"Instrumentos de medici\u00f3n\",\"publisher\":{\"@id\":\"https:\/\/abaa.mx\/tienda\/#organization\"},\"potentialAction\":[{\"@type\":\"SearchAction\",\"target\":{\"@type\":\"EntryPoint\",\"urlTemplate\":\"https:\/\/abaa.mx\/tienda\/?s={search_term_string}\"},\"query-input\":{\"@type\":\"PropertyValueSpecification\",\"valueRequired\":true,\"valueName\":\"search_term_string\"}}],\"inLanguage\":\"es\"},{\"@type\":\"Organization\",\"@id\":\"https:\/\/abaa.mx\/tienda\/#organization\",\"name\":\"Abaa tienda online\",\"url\":\"https:\/\/abaa.mx\/tienda\/\",\"logo\":{\"@type\":\"ImageObject\",\"inLanguage\":\"es\",\"@id\":\"https:\/\/abaa.mx\/tienda\/#\/schema\/logo\/image\/\",\"url\":\"https:\/\/abaa.mx\/tienda\/wp-content\/uploads\/2024\/01\/abaa-metrologia-tienda.png\",\"contentUrl\":\"https:\/\/abaa.mx\/tienda\/wp-content\/uploads\/2024\/01\/abaa-metrologia-tienda.png\",\"width\":300,\"height\":141,\"caption\":\"Abaa tienda online\"},\"image\":{\"@id\":\"https:\/\/abaa.mx\/tienda\/#\/schema\/logo\/image\/\"}}]}<\/script>\n<!-- \/ Yoast SEO plugin. -->","yoast_head_json":{"title":"Mult\u00edmetro digital fluke 175-efsp-nist true rms - Abaa tienda online","robots":{"index":"index","follow":"follow","max-snippet":"max-snippet:-1","max-image-preview":"max-image-preview:large","max-video-preview":"max-video-preview:-1"},"canonical":"https:\/\/abaa.mx\/tienda\/multimetro-digital-fluke-175-efsp-nist-true-rms\/","og_locale":"es_MX","og_type":"article","og_title":"Mult\u00edmetro digital fluke 175-efsp-nist true rms - Abaa tienda online","og_description":"Proporciona todas las caracter\u00edsticas de uso general que necesitan los t\u00e9cnicos profesionales, lo que hace que este mult\u00edmetro digital True RMS sea ideal para identificar mediciones b\u00e1sicas de soluci\u00f3n de problemas como frecuencia, capacitancia, resistencia, continuidad y diodo. Este producto incluye un certificado trazable con datos completos e incertidumbres.","og_url":"https:\/\/abaa.mx\/tienda\/multimetro-digital-fluke-175-efsp-nist-true-rms\/","og_site_name":"Abaa tienda online","article_modified_time":"2023-11-28T17:37:58+00:00","og_image":[{"width":2000,"height":2000,"url":"https:\/\/abaa.mx\/tienda\/wp-content\/uploads\/2023\/09\/175-EFSP-NIST.jpg","type":"image\/jpeg"}],"twitter_card":"summary_large_image","twitter_misc":{"Tiempo de lectura":"2 minutos"},"schema":{"@context":"https:\/\/schema.org","@graph":[{"@type":"WebPage","@id":"https:\/\/abaa.mx\/tienda\/multimetro-digital-fluke-175-efsp-nist-true-rms\/","url":"https:\/\/abaa.mx\/tienda\/multimetro-digital-fluke-175-efsp-nist-true-rms\/","name":"Mult\u00edmetro digital fluke 175-efsp-nist true rms - Abaa tienda online","isPartOf":{"@id":"https:\/\/abaa.mx\/tienda\/#website"},"primaryImageOfPage":{"@id":"https:\/\/abaa.mx\/tienda\/multimetro-digital-fluke-175-efsp-nist-true-rms\/#primaryimage"},"image":{"@id":"https:\/\/abaa.mx\/tienda\/multimetro-digital-fluke-175-efsp-nist-true-rms\/#primaryimage"},"thumbnailUrl":"https:\/\/abaa.mx\/tienda\/wp-content\/uploads\/2023\/09\/175-EFSP-NIST.jpg","datePublished":"2023-09-20T19:32:52+00:00","dateModified":"2023-11-28T17:37:58+00:00","breadcrumb":{"@id":"https:\/\/abaa.mx\/tienda\/multimetro-digital-fluke-175-efsp-nist-true-rms\/#breadcrumb"},"inLanguage":"es","potentialAction":[{"@type":"ReadAction","target":["https:\/\/abaa.mx\/tienda\/multimetro-digital-fluke-175-efsp-nist-true-rms\/"]}]},{"@type":"ImageObject","inLanguage":"es","@id":"https:\/\/abaa.mx\/tienda\/multimetro-digital-fluke-175-efsp-nist-true-rms\/#primaryimage","url":"https:\/\/abaa.mx\/tienda\/wp-content\/uploads\/2023\/09\/175-EFSP-NIST.jpg","contentUrl":"https:\/\/abaa.mx\/tienda\/wp-content\/uploads\/2023\/09\/175-EFSP-NIST.jpg","width":2000,"height":2000,"caption":"fluke 175-efsp-nist true rms"},{"@type":"BreadcrumbList","@id":"https:\/\/abaa.mx\/tienda\/multimetro-digital-fluke-175-efsp-nist-true-rms\/#breadcrumb","itemListElement":[{"@type":"ListItem","position":1,"name":"Inicio","item":"https:\/\/abaa.mx\/tienda\/"},{"@type":"ListItem","position":2,"name":"Tienda","item":"https:\/\/abaa.mx\/tienda\/"},{"@type":"ListItem","position":3,"name":"Mult\u00edmetro digital fluke 175-efsp-nist true rms"}]},{"@type":"WebSite","@id":"https:\/\/abaa.mx\/tienda\/#website","url":"https:\/\/abaa.mx\/tienda\/","name":"Abaa tienda online","description":"Instrumentos de medici\u00f3n","publisher":{"@id":"https:\/\/abaa.mx\/tienda\/#organization"},"potentialAction":[{"@type":"SearchAction","target":{"@type":"EntryPoint","urlTemplate":"https:\/\/abaa.mx\/tienda\/?s={search_term_string}"},"query-input":{"@type":"PropertyValueSpecification","valueRequired":true,"valueName":"search_term_string"}}],"inLanguage":"es"},{"@type":"Organization","@id":"https:\/\/abaa.mx\/tienda\/#organization","name":"Abaa tienda online","url":"https:\/\/abaa.mx\/tienda\/","logo":{"@type":"ImageObject","inLanguage":"es","@id":"https:\/\/abaa.mx\/tienda\/#\/schema\/logo\/image\/","url":"https:\/\/abaa.mx\/tienda\/wp-content\/uploads\/2024\/01\/abaa-metrologia-tienda.png","contentUrl":"https:\/\/abaa.mx\/tienda\/wp-content\/uploads\/2024\/01\/abaa-metrologia-tienda.png","width":300,"height":141,"caption":"Abaa tienda online"},"image":{"@id":"https:\/\/abaa.mx\/tienda\/#\/schema\/logo\/image\/"}}]}},"_links":{"self":[{"href":"https:\/\/abaa.mx\/tienda\/wp-json\/wp\/v2\/product\/2290","targetHints":{"allow":["GET"]}}],"collection":[{"href":"https:\/\/abaa.mx\/tienda\/wp-json\/wp\/v2\/product"}],"about":[{"href":"https:\/\/abaa.mx\/tienda\/wp-json\/wp\/v2\/types\/product"}],"replies":[{"embeddable":true,"href":"https:\/\/abaa.mx\/tienda\/wp-json\/wp\/v2\/comments?post=2290"}],"wp:featuredmedia":[{"embeddable":true,"href":"https:\/\/abaa.mx\/tienda\/wp-json\/wp\/v2\/media\/2301"}],"wp:attachment":[{"href":"https:\/\/abaa.mx\/tienda\/wp-json\/wp\/v2\/media?parent=2290"}],"wp:term":[{"taxonomy":"product_brand","embeddable":true,"href":"https:\/\/abaa.mx\/tienda\/wp-json\/wp\/v2\/product_brand?post=2290"},{"taxonomy":"product_cat","embeddable":true,"href":"https:\/\/abaa.mx\/tienda\/wp-json\/wp\/v2\/product_cat?post=2290"},{"taxonomy":"product_tag","embeddable":true,"href":"https:\/\/abaa.mx\/tienda\/wp-json\/wp\/v2\/product_tag?post=2290"}],"curies":[{"name":"wp","href":"https:\/\/api.w.org\/{rel}","templated":true}]}}