{"id":2277,"date":"2023-11-29T15:41:39","date_gmt":"2023-11-29T15:41:39","guid":{"rendered":"https:\/\/abaa.mx\/tienda\/?post_type=product&#038;p=2277"},"modified":"2023-11-29T15:41:40","modified_gmt":"2023-11-29T15:41:40","slug":"viscosimetro-analogo-bgd151-1","status":"publish","type":"product","link":"https:\/\/abaa.mx\/tienda\/viscosimetro-analogo-bgd151-1\/","title":{"rendered":"Viscos\u00edmetro An\u00e1logo &#8211; BGD151-1"},"content":{"rendered":"<p>Viscos\u00edmetro An\u00e1logo &#8211; BGD151-1.<\/p>\n","protected":false},"excerpt":{"rendered":"<p>El Viscos\u00edmetro Rotativo de Car\u00e1tula BL-BGD 151\/1 se emplea en la medici\u00f3n de viscosidad fricci\u00f3n y viscosidad absoluta del l\u00edquido. Tiene 4 rotores (#1 al #4) que pueden se escogen seg\u00fan el rango de viscosidad del l\u00edquido y la velocidad de rotaci\u00f3n. Es extensamente empleado para determinar la viscosidad de m\u00faltiples l\u00edquidos tales como aceite, pintura, pl\u00e1stico, alimentos, medicina, pegamento, etc. Se aplica extensamente en el campo de la qu\u00edmica del petr\u00f3leo, medicina, alimento, industria ligera , industria textil, investigaci\u00f3n cient\u00edfica, entre otros muchos. Peculiaridades : -Tiene 4 rotores o agujas para medir distintas rangos de velocidad. -El equipo tiene pre-establecidas cuatro velocidades de giro del rotor: 6, 12, 30, 60 rev\/min. -Para calcular la viscosidad aplica un factor que se consigue de una tabla de valores adherida al cuerpo dele quipo y se multiplica por el valor en la pantalla.<\/p>\n<p><b>Especificaciones:<\/b><\/p>\n<ul>\n<li>Fuente de Energ\u00eda: 110VCA\/60Hz.<\/li>\n<li>Rango:0 a 100,000 mPa.s.<\/li>\n<li>Dimensiones:410 x 350 x 440 mm (LxWxH).<\/li>\n<li>Unidades de Medici\u00f3n:Mega Pascal segundo(MPas), Centipoise (cP).<\/li>\n<li>Precisi\u00f3n:+\/- 5% Fluidos Newtonioneanos.<\/li>\n<li>Peso:7.9Kg.<\/li>\n<\/ul>\n","protected":false},"featured_media":9485,"comment_status":"open","ping_status":"closed","template":"","meta":{"_joinchat":[]},"product_brand":[],"product_cat":[15],"product_tag":[],"class_list":{"0":"post-2277","1":"product","2":"type-product","3":"status-publish","4":"has-post-thumbnail","6":"product_cat-sin-categorizar","8":"first","9":"instock","10":"shipping-taxable","11":"product-type-simple"},"yoast_head":"<!-- This site is optimized with the Yoast SEO plugin v26.4 - https:\/\/yoast.com\/wordpress\/plugins\/seo\/ -->\n<title>Viscos\u00edmetro An\u00e1logo - BGD151-1 - Abaa tienda online<\/title>\n<meta name=\"robots\" content=\"index, follow, max-snippet:-1, max-image-preview:large, max-video-preview:-1\" \/>\n<link rel=\"canonical\" href=\"https:\/\/abaa.mx\/tienda\/viscosimetro-analogo-bgd151-1\/\" \/>\n<meta property=\"og:locale\" content=\"es_MX\" \/>\n<meta property=\"og:type\" content=\"article\" \/>\n<meta property=\"og:title\" content=\"Viscos\u00edmetro An\u00e1logo - BGD151-1 - Abaa tienda online\" \/>\n<meta property=\"og:description\" content=\"El Viscos\u00edmetro Rotativo de Car\u00e1tula BL-BGD 151\/1 se emplea en la medici\u00f3n de viscosidad fricci\u00f3n y viscosidad absoluta del l\u00edquido. Tiene 4 rotores (#1 al #4) que pueden se escogen seg\u00fan el rango de viscosidad del l\u00edquido y la velocidad de rotaci\u00f3n. Es extensamente empleado para determinar la viscosidad de m\u00faltiples l\u00edquidos tales como aceite, pintura, pl\u00e1stico, alimentos, medicina, pegamento, etc. Se aplica extensamente en el campo de la qu\u00edmica del petr\u00f3leo, medicina, alimento, industria ligera , industria textil, investigaci\u00f3n cient\u00edfica, entre otros muchos. Peculiaridades : -Tiene 4 rotores o agujas para medir distintas rangos de velocidad. -El equipo tiene pre-establecidas cuatro velocidades de giro del rotor: 6, 12, 30, 60 rev\/min. -Para calcular la viscosidad aplica un factor que se consigue de una tabla de valores adherida al cuerpo dele quipo y se multiplica por el valor en la pantalla.  Especificaciones:   Fuente de Energ\u00eda: 110VCA\/60Hz.  Rango:0 a 100,000 mPa.s.  Dimensiones:410 x 350 x 440 mm (LxWxH).  Unidades de Medici\u00f3n:Mega Pascal segundo(MPas), Centipoise (cP).  Precisi\u00f3n:+\/- 5% Fluidos Newtonioneanos.  Peso:7.9Kg.\" \/>\n<meta property=\"og:url\" content=\"https:\/\/abaa.mx\/tienda\/viscosimetro-analogo-bgd151-1\/\" \/>\n<meta property=\"og:site_name\" content=\"Abaa tienda online\" \/>\n<meta property=\"article:modified_time\" content=\"2023-11-29T15:41:40+00:00\" \/>\n<meta property=\"og:image\" content=\"https:\/\/abaa.mx\/tienda\/wp-content\/uploads\/2023\/11\/BIUGED-BGD151-1.jpg\" \/>\n\t<meta property=\"og:image:width\" content=\"600\" \/>\n\t<meta property=\"og:image:height\" content=\"600\" \/>\n\t<meta property=\"og:image:type\" content=\"image\/jpeg\" \/>\n<meta name=\"twitter:card\" content=\"summary_large_image\" \/>\n<meta name=\"twitter:label1\" content=\"Tiempo de lectura\" \/>\n\t<meta name=\"twitter:data1\" content=\"1 minuto\" \/>\n<script type=\"application\/ld+json\" class=\"yoast-schema-graph\">{\"@context\":\"https:\/\/schema.org\",\"@graph\":[{\"@type\":\"WebPage\",\"@id\":\"https:\/\/abaa.mx\/tienda\/viscosimetro-analogo-bgd151-1\/\",\"url\":\"https:\/\/abaa.mx\/tienda\/viscosimetro-analogo-bgd151-1\/\",\"name\":\"Viscos\u00edmetro An\u00e1logo - BGD151-1 - Abaa tienda online\",\"isPartOf\":{\"@id\":\"https:\/\/abaa.mx\/tienda\/#website\"},\"primaryImageOfPage\":{\"@id\":\"https:\/\/abaa.mx\/tienda\/viscosimetro-analogo-bgd151-1\/#primaryimage\"},\"image\":{\"@id\":\"https:\/\/abaa.mx\/tienda\/viscosimetro-analogo-bgd151-1\/#primaryimage\"},\"thumbnailUrl\":\"https:\/\/abaa.mx\/tienda\/wp-content\/uploads\/2023\/11\/BIUGED-BGD151-1.jpg\",\"datePublished\":\"2023-11-29T15:41:39+00:00\",\"dateModified\":\"2023-11-29T15:41:40+00:00\",\"breadcrumb\":{\"@id\":\"https:\/\/abaa.mx\/tienda\/viscosimetro-analogo-bgd151-1\/#breadcrumb\"},\"inLanguage\":\"es\",\"potentialAction\":[{\"@type\":\"ReadAction\",\"target\":[\"https:\/\/abaa.mx\/tienda\/viscosimetro-analogo-bgd151-1\/\"]}]},{\"@type\":\"ImageObject\",\"inLanguage\":\"es\",\"@id\":\"https:\/\/abaa.mx\/tienda\/viscosimetro-analogo-bgd151-1\/#primaryimage\",\"url\":\"https:\/\/abaa.mx\/tienda\/wp-content\/uploads\/2023\/11\/BIUGED-BGD151-1.jpg\",\"contentUrl\":\"https:\/\/abaa.mx\/tienda\/wp-content\/uploads\/2023\/11\/BIUGED-BGD151-1.jpg\",\"width\":600,\"height\":600,\"caption\":\"BIUGED-BGD151-1\"},{\"@type\":\"BreadcrumbList\",\"@id\":\"https:\/\/abaa.mx\/tienda\/viscosimetro-analogo-bgd151-1\/#breadcrumb\",\"itemListElement\":[{\"@type\":\"ListItem\",\"position\":1,\"name\":\"Inicio\",\"item\":\"https:\/\/abaa.mx\/tienda\/\"},{\"@type\":\"ListItem\",\"position\":2,\"name\":\"Tienda\",\"item\":\"https:\/\/abaa.mx\/tienda\/\"},{\"@type\":\"ListItem\",\"position\":3,\"name\":\"Viscos\u00edmetro An\u00e1logo &#8211; BGD151-1\"}]},{\"@type\":\"WebSite\",\"@id\":\"https:\/\/abaa.mx\/tienda\/#website\",\"url\":\"https:\/\/abaa.mx\/tienda\/\",\"name\":\"Abaa tienda online\",\"description\":\"Instrumentos de medici\u00f3n\",\"publisher\":{\"@id\":\"https:\/\/abaa.mx\/tienda\/#organization\"},\"potentialAction\":[{\"@type\":\"SearchAction\",\"target\":{\"@type\":\"EntryPoint\",\"urlTemplate\":\"https:\/\/abaa.mx\/tienda\/?s={search_term_string}\"},\"query-input\":{\"@type\":\"PropertyValueSpecification\",\"valueRequired\":true,\"valueName\":\"search_term_string\"}}],\"inLanguage\":\"es\"},{\"@type\":\"Organization\",\"@id\":\"https:\/\/abaa.mx\/tienda\/#organization\",\"name\":\"Abaa tienda online\",\"url\":\"https:\/\/abaa.mx\/tienda\/\",\"logo\":{\"@type\":\"ImageObject\",\"inLanguage\":\"es\",\"@id\":\"https:\/\/abaa.mx\/tienda\/#\/schema\/logo\/image\/\",\"url\":\"https:\/\/abaa.mx\/tienda\/wp-content\/uploads\/2024\/01\/abaa-metrologia-tienda.png\",\"contentUrl\":\"https:\/\/abaa.mx\/tienda\/wp-content\/uploads\/2024\/01\/abaa-metrologia-tienda.png\",\"width\":300,\"height\":141,\"caption\":\"Abaa tienda online\"},\"image\":{\"@id\":\"https:\/\/abaa.mx\/tienda\/#\/schema\/logo\/image\/\"}}]}<\/script>\n<!-- \/ Yoast SEO plugin. -->","yoast_head_json":{"title":"Viscos\u00edmetro An\u00e1logo - BGD151-1 - Abaa tienda online","robots":{"index":"index","follow":"follow","max-snippet":"max-snippet:-1","max-image-preview":"max-image-preview:large","max-video-preview":"max-video-preview:-1"},"canonical":"https:\/\/abaa.mx\/tienda\/viscosimetro-analogo-bgd151-1\/","og_locale":"es_MX","og_type":"article","og_title":"Viscos\u00edmetro An\u00e1logo - BGD151-1 - Abaa tienda online","og_description":"El Viscos\u00edmetro Rotativo de Car\u00e1tula BL-BGD 151\/1 se emplea en la medici\u00f3n de viscosidad fricci\u00f3n y viscosidad absoluta del l\u00edquido. Tiene 4 rotores (#1 al #4) que pueden se escogen seg\u00fan el rango de viscosidad del l\u00edquido y la velocidad de rotaci\u00f3n. Es extensamente empleado para determinar la viscosidad de m\u00faltiples l\u00edquidos tales como aceite, pintura, pl\u00e1stico, alimentos, medicina, pegamento, etc. Se aplica extensamente en el campo de la qu\u00edmica del petr\u00f3leo, medicina, alimento, industria ligera , industria textil, investigaci\u00f3n cient\u00edfica, entre otros muchos. Peculiaridades : -Tiene 4 rotores o agujas para medir distintas rangos de velocidad. -El equipo tiene pre-establecidas cuatro velocidades de giro del rotor: 6, 12, 30, 60 rev\/min. -Para calcular la viscosidad aplica un factor que se consigue de una tabla de valores adherida al cuerpo dele quipo y se multiplica por el valor en la pantalla.  Especificaciones:   Fuente de Energ\u00eda: 110VCA\/60Hz.  Rango:0 a 100,000 mPa.s.  Dimensiones:410 x 350 x 440 mm (LxWxH).  Unidades de Medici\u00f3n:Mega Pascal segundo(MPas), Centipoise (cP).  Precisi\u00f3n:+\/- 5% Fluidos Newtonioneanos.  Peso:7.9Kg.","og_url":"https:\/\/abaa.mx\/tienda\/viscosimetro-analogo-bgd151-1\/","og_site_name":"Abaa tienda online","article_modified_time":"2023-11-29T15:41:40+00:00","og_image":[{"width":600,"height":600,"url":"https:\/\/abaa.mx\/tienda\/wp-content\/uploads\/2023\/11\/BIUGED-BGD151-1.jpg","type":"image\/jpeg"}],"twitter_card":"summary_large_image","twitter_misc":{"Tiempo de lectura":"1 minuto"},"schema":{"@context":"https:\/\/schema.org","@graph":[{"@type":"WebPage","@id":"https:\/\/abaa.mx\/tienda\/viscosimetro-analogo-bgd151-1\/","url":"https:\/\/abaa.mx\/tienda\/viscosimetro-analogo-bgd151-1\/","name":"Viscos\u00edmetro An\u00e1logo - BGD151-1 - Abaa tienda online","isPartOf":{"@id":"https:\/\/abaa.mx\/tienda\/#website"},"primaryImageOfPage":{"@id":"https:\/\/abaa.mx\/tienda\/viscosimetro-analogo-bgd151-1\/#primaryimage"},"image":{"@id":"https:\/\/abaa.mx\/tienda\/viscosimetro-analogo-bgd151-1\/#primaryimage"},"thumbnailUrl":"https:\/\/abaa.mx\/tienda\/wp-content\/uploads\/2023\/11\/BIUGED-BGD151-1.jpg","datePublished":"2023-11-29T15:41:39+00:00","dateModified":"2023-11-29T15:41:40+00:00","breadcrumb":{"@id":"https:\/\/abaa.mx\/tienda\/viscosimetro-analogo-bgd151-1\/#breadcrumb"},"inLanguage":"es","potentialAction":[{"@type":"ReadAction","target":["https:\/\/abaa.mx\/tienda\/viscosimetro-analogo-bgd151-1\/"]}]},{"@type":"ImageObject","inLanguage":"es","@id":"https:\/\/abaa.mx\/tienda\/viscosimetro-analogo-bgd151-1\/#primaryimage","url":"https:\/\/abaa.mx\/tienda\/wp-content\/uploads\/2023\/11\/BIUGED-BGD151-1.jpg","contentUrl":"https:\/\/abaa.mx\/tienda\/wp-content\/uploads\/2023\/11\/BIUGED-BGD151-1.jpg","width":600,"height":600,"caption":"BIUGED-BGD151-1"},{"@type":"BreadcrumbList","@id":"https:\/\/abaa.mx\/tienda\/viscosimetro-analogo-bgd151-1\/#breadcrumb","itemListElement":[{"@type":"ListItem","position":1,"name":"Inicio","item":"https:\/\/abaa.mx\/tienda\/"},{"@type":"ListItem","position":2,"name":"Tienda","item":"https:\/\/abaa.mx\/tienda\/"},{"@type":"ListItem","position":3,"name":"Viscos\u00edmetro An\u00e1logo &#8211; BGD151-1"}]},{"@type":"WebSite","@id":"https:\/\/abaa.mx\/tienda\/#website","url":"https:\/\/abaa.mx\/tienda\/","name":"Abaa tienda online","description":"Instrumentos de medici\u00f3n","publisher":{"@id":"https:\/\/abaa.mx\/tienda\/#organization"},"potentialAction":[{"@type":"SearchAction","target":{"@type":"EntryPoint","urlTemplate":"https:\/\/abaa.mx\/tienda\/?s={search_term_string}"},"query-input":{"@type":"PropertyValueSpecification","valueRequired":true,"valueName":"search_term_string"}}],"inLanguage":"es"},{"@type":"Organization","@id":"https:\/\/abaa.mx\/tienda\/#organization","name":"Abaa tienda online","url":"https:\/\/abaa.mx\/tienda\/","logo":{"@type":"ImageObject","inLanguage":"es","@id":"https:\/\/abaa.mx\/tienda\/#\/schema\/logo\/image\/","url":"https:\/\/abaa.mx\/tienda\/wp-content\/uploads\/2024\/01\/abaa-metrologia-tienda.png","contentUrl":"https:\/\/abaa.mx\/tienda\/wp-content\/uploads\/2024\/01\/abaa-metrologia-tienda.png","width":300,"height":141,"caption":"Abaa tienda online"},"image":{"@id":"https:\/\/abaa.mx\/tienda\/#\/schema\/logo\/image\/"}}]}},"_links":{"self":[{"href":"https:\/\/abaa.mx\/tienda\/wp-json\/wp\/v2\/product\/2277","targetHints":{"allow":["GET"]}}],"collection":[{"href":"https:\/\/abaa.mx\/tienda\/wp-json\/wp\/v2\/product"}],"about":[{"href":"https:\/\/abaa.mx\/tienda\/wp-json\/wp\/v2\/types\/product"}],"replies":[{"embeddable":true,"href":"https:\/\/abaa.mx\/tienda\/wp-json\/wp\/v2\/comments?post=2277"}],"wp:featuredmedia":[{"embeddable":true,"href":"https:\/\/abaa.mx\/tienda\/wp-json\/wp\/v2\/media\/9485"}],"wp:attachment":[{"href":"https:\/\/abaa.mx\/tienda\/wp-json\/wp\/v2\/media?parent=2277"}],"wp:term":[{"taxonomy":"product_brand","embeddable":true,"href":"https:\/\/abaa.mx\/tienda\/wp-json\/wp\/v2\/product_brand?post=2277"},{"taxonomy":"product_cat","embeddable":true,"href":"https:\/\/abaa.mx\/tienda\/wp-json\/wp\/v2\/product_cat?post=2277"},{"taxonomy":"product_tag","embeddable":true,"href":"https:\/\/abaa.mx\/tienda\/wp-json\/wp\/v2\/product_tag?post=2277"}],"curies":[{"name":"wp","href":"https:\/\/api.w.org\/{rel}","templated":true}]}}