{"id":2273,"date":"2023-09-20T17:42:24","date_gmt":"2023-09-20T17:42:24","guid":{"rendered":"https:\/\/abaa.mx\/tienda\/?post_type=product&#038;p=2273"},"modified":"2023-11-28T20:07:11","modified_gmt":"2023-11-28T20:07:11","slug":"multimetro-hvac-r-fluke-116-con-temperatura-y-microamperios","status":"publish","type":"product","link":"https:\/\/abaa.mx\/tienda\/multimetro-hvac-r-fluke-116-con-temperatura-y-microamperios\/","title":{"rendered":"Viscos\u00edmetro Krebs Stormer &#8211; BGD186"},"content":{"rendered":"<p>Viscos\u00edmetro Krebs Stormer &#8211; BGD186.<\/p>\n","protected":false},"excerpt":{"rendered":"<p>El viscos\u00edmetro capaz y multifuncional tipo Krebs modelo BL-BGD186 tiene como primordial funci\u00f3n la medici\u00f3n de viscosidad en pinturas\/recubrimientos seg\u00fan la norma ASTM-D562. Nuestra versi\u00f3n digital posee un motor de rotaci\u00f3n de 200 RPM. que puede obtener mejor precisi\u00f3n y repetitividad para los desenlaces de las pruebas.<\/p>\n<p><b>Caracter\u00edsticas:<\/b><\/p>\n<p>Exhibe simult\u00e1neamente en pantalla valores de Unidades Krebs \u201cKU\u201d, centiPoise y la temperatura de la prueba. Desarrollado con funcionalidades preestablecidas para calibraci\u00f3n. Con la ayuda de un aceite est\u00e1ndar de viscosidad, el usuario puede contrastar peri\u00f3dicamente la precisi\u00f3n del equipo. (Aceite patr\u00f3n de viscosidad y certificado de medici\u00f3n se cotizan separadamente , consulte a nuestro equipo de ventas) Su gran pantalla LCD muestra de manera clara y mejor los resultados. Puede programarse temporizadores para las pruebas. Tiene tapa de protecci\u00f3n.<\/p>\n<ul>\n<li>Velocidad del Rotor:200r\/min +\/-0.5rpm.<\/li>\n<li>Repetitividad:1% de escala completa.<\/li>\n<li>Dimensiones:210 mm x 180 mm x 500 (largo, ancho y altura).<\/li>\n<li>Exactitud:0.5% de escala. Repetitividad 0.5% de escala.<\/li>\n<li>Rango:40.2KU a 141.0 KU, 27 a 5250 cP.<\/li>\n<li>Peso:7 kg.<\/li>\n<li>Capacidad del recipiente:500 ml aprox.<\/li>\n<\/ul>\n","protected":false},"featured_media":9467,"comment_status":"open","ping_status":"closed","template":"","meta":{"_joinchat":[]},"product_brand":[],"product_cat":[15],"product_tag":[],"class_list":{"0":"post-2273","1":"product","2":"type-product","3":"status-publish","4":"has-post-thumbnail","6":"product_cat-sin-categorizar","8":"first","9":"instock","10":"shipping-taxable","11":"product-type-simple"},"yoast_head":"<!-- This site is optimized with the Yoast SEO plugin v26.4 - https:\/\/yoast.com\/wordpress\/plugins\/seo\/ -->\n<title>Viscos\u00edmetro Krebs Stormer - BGD186 - Abaa tienda online<\/title>\n<meta name=\"robots\" content=\"index, follow, max-snippet:-1, max-image-preview:large, max-video-preview:-1\" \/>\n<link rel=\"canonical\" href=\"https:\/\/abaa.mx\/tienda\/multimetro-hvac-r-fluke-116-con-temperatura-y-microamperios\/\" \/>\n<meta property=\"og:locale\" content=\"es_MX\" \/>\n<meta property=\"og:type\" content=\"article\" \/>\n<meta property=\"og:title\" content=\"Viscos\u00edmetro Krebs Stormer - BGD186 - Abaa tienda online\" \/>\n<meta property=\"og:description\" content=\"El viscos\u00edmetro capaz y multifuncional tipo Krebs modelo BL-BGD186 tiene como primordial funci\u00f3n la medici\u00f3n de viscosidad en pinturas\/recubrimientos seg\u00fan la norma ASTM-D562. Nuestra versi\u00f3n digital posee un motor de rotaci\u00f3n de 200 RPM. que puede obtener mejor precisi\u00f3n y repetitividad para los desenlaces de las pruebas.  Caracter\u00edsticas:  Exhibe simult\u00e1neamente en pantalla valores de Unidades Krebs \u201cKU\u201d, centiPoise y la temperatura de la prueba. Desarrollado con funcionalidades preestablecidas para calibraci\u00f3n. Con la ayuda de un aceite est\u00e1ndar de viscosidad, el usuario puede contrastar peri\u00f3dicamente la precisi\u00f3n del equipo. (Aceite patr\u00f3n de viscosidad y certificado de medici\u00f3n se cotizan separadamente , consulte a nuestro equipo de ventas) Su gran pantalla LCD muestra de manera clara y mejor los resultados. Puede programarse temporizadores para las pruebas. Tiene tapa de protecci\u00f3n.   Velocidad del Rotor:200r\/min +\/-0.5rpm.  Repetitividad:1% de escala completa.  Dimensiones:210 mm x 180 mm x 500 (largo, ancho y altura).  Exactitud:0.5% de escala. Repetitividad 0.5% de escala.  Rango:40.2KU a 141.0 KU, 27 a 5250 cP.  Peso:7 kg.  Capacidad del recipiente:500 ml aprox.\" \/>\n<meta property=\"og:url\" content=\"https:\/\/abaa.mx\/tienda\/multimetro-hvac-r-fluke-116-con-temperatura-y-microamperios\/\" \/>\n<meta property=\"og:site_name\" content=\"Abaa tienda online\" \/>\n<meta property=\"article:modified_time\" content=\"2023-11-28T20:07:11+00:00\" \/>\n<meta property=\"og:image\" content=\"https:\/\/abaa.mx\/tienda\/wp-content\/uploads\/2023\/09\/BIUGED-BGDJ86.jpg\" \/>\n\t<meta property=\"og:image:width\" content=\"333\" \/>\n\t<meta property=\"og:image:height\" content=\"483\" \/>\n\t<meta property=\"og:image:type\" content=\"image\/jpeg\" \/>\n<meta name=\"twitter:card\" content=\"summary_large_image\" \/>\n<meta name=\"twitter:label1\" content=\"Tiempo de lectura\" \/>\n\t<meta name=\"twitter:data1\" content=\"1 minuto\" \/>\n<script type=\"application\/ld+json\" class=\"yoast-schema-graph\">{\"@context\":\"https:\/\/schema.org\",\"@graph\":[{\"@type\":\"WebPage\",\"@id\":\"https:\/\/abaa.mx\/tienda\/multimetro-hvac-r-fluke-116-con-temperatura-y-microamperios\/\",\"url\":\"https:\/\/abaa.mx\/tienda\/multimetro-hvac-r-fluke-116-con-temperatura-y-microamperios\/\",\"name\":\"Viscos\u00edmetro Krebs Stormer - BGD186 - Abaa tienda online\",\"isPartOf\":{\"@id\":\"https:\/\/abaa.mx\/tienda\/#website\"},\"primaryImageOfPage\":{\"@id\":\"https:\/\/abaa.mx\/tienda\/multimetro-hvac-r-fluke-116-con-temperatura-y-microamperios\/#primaryimage\"},\"image\":{\"@id\":\"https:\/\/abaa.mx\/tienda\/multimetro-hvac-r-fluke-116-con-temperatura-y-microamperios\/#primaryimage\"},\"thumbnailUrl\":\"https:\/\/abaa.mx\/tienda\/wp-content\/uploads\/2023\/09\/BIUGED-BGDJ86.jpg\",\"datePublished\":\"2023-09-20T17:42:24+00:00\",\"dateModified\":\"2023-11-28T20:07:11+00:00\",\"breadcrumb\":{\"@id\":\"https:\/\/abaa.mx\/tienda\/multimetro-hvac-r-fluke-116-con-temperatura-y-microamperios\/#breadcrumb\"},\"inLanguage\":\"es\",\"potentialAction\":[{\"@type\":\"ReadAction\",\"target\":[\"https:\/\/abaa.mx\/tienda\/multimetro-hvac-r-fluke-116-con-temperatura-y-microamperios\/\"]}]},{\"@type\":\"ImageObject\",\"inLanguage\":\"es\",\"@id\":\"https:\/\/abaa.mx\/tienda\/multimetro-hvac-r-fluke-116-con-temperatura-y-microamperios\/#primaryimage\",\"url\":\"https:\/\/abaa.mx\/tienda\/wp-content\/uploads\/2023\/09\/BIUGED-BGDJ86.jpg\",\"contentUrl\":\"https:\/\/abaa.mx\/tienda\/wp-content\/uploads\/2023\/09\/BIUGED-BGDJ86.jpg\",\"width\":333,\"height\":483,\"caption\":\"BIUGED-BGDJ86\"},{\"@type\":\"BreadcrumbList\",\"@id\":\"https:\/\/abaa.mx\/tienda\/multimetro-hvac-r-fluke-116-con-temperatura-y-microamperios\/#breadcrumb\",\"itemListElement\":[{\"@type\":\"ListItem\",\"position\":1,\"name\":\"Inicio\",\"item\":\"https:\/\/abaa.mx\/tienda\/\"},{\"@type\":\"ListItem\",\"position\":2,\"name\":\"Tienda\",\"item\":\"https:\/\/abaa.mx\/tienda\/\"},{\"@type\":\"ListItem\",\"position\":3,\"name\":\"Viscos\u00edmetro Krebs Stormer &#8211; BGD186\"}]},{\"@type\":\"WebSite\",\"@id\":\"https:\/\/abaa.mx\/tienda\/#website\",\"url\":\"https:\/\/abaa.mx\/tienda\/\",\"name\":\"Abaa tienda online\",\"description\":\"Instrumentos de medici\u00f3n\",\"publisher\":{\"@id\":\"https:\/\/abaa.mx\/tienda\/#organization\"},\"potentialAction\":[{\"@type\":\"SearchAction\",\"target\":{\"@type\":\"EntryPoint\",\"urlTemplate\":\"https:\/\/abaa.mx\/tienda\/?s={search_term_string}\"},\"query-input\":{\"@type\":\"PropertyValueSpecification\",\"valueRequired\":true,\"valueName\":\"search_term_string\"}}],\"inLanguage\":\"es\"},{\"@type\":\"Organization\",\"@id\":\"https:\/\/abaa.mx\/tienda\/#organization\",\"name\":\"Abaa tienda online\",\"url\":\"https:\/\/abaa.mx\/tienda\/\",\"logo\":{\"@type\":\"ImageObject\",\"inLanguage\":\"es\",\"@id\":\"https:\/\/abaa.mx\/tienda\/#\/schema\/logo\/image\/\",\"url\":\"https:\/\/abaa.mx\/tienda\/wp-content\/uploads\/2024\/01\/abaa-metrologia-tienda.png\",\"contentUrl\":\"https:\/\/abaa.mx\/tienda\/wp-content\/uploads\/2024\/01\/abaa-metrologia-tienda.png\",\"width\":300,\"height\":141,\"caption\":\"Abaa tienda online\"},\"image\":{\"@id\":\"https:\/\/abaa.mx\/tienda\/#\/schema\/logo\/image\/\"}}]}<\/script>\n<!-- \/ Yoast SEO plugin. -->","yoast_head_json":{"title":"Viscos\u00edmetro Krebs Stormer - BGD186 - Abaa tienda online","robots":{"index":"index","follow":"follow","max-snippet":"max-snippet:-1","max-image-preview":"max-image-preview:large","max-video-preview":"max-video-preview:-1"},"canonical":"https:\/\/abaa.mx\/tienda\/multimetro-hvac-r-fluke-116-con-temperatura-y-microamperios\/","og_locale":"es_MX","og_type":"article","og_title":"Viscos\u00edmetro Krebs Stormer - BGD186 - Abaa tienda online","og_description":"El viscos\u00edmetro capaz y multifuncional tipo Krebs modelo BL-BGD186 tiene como primordial funci\u00f3n la medici\u00f3n de viscosidad en pinturas\/recubrimientos seg\u00fan la norma ASTM-D562. Nuestra versi\u00f3n digital posee un motor de rotaci\u00f3n de 200 RPM. que puede obtener mejor precisi\u00f3n y repetitividad para los desenlaces de las pruebas.  Caracter\u00edsticas:  Exhibe simult\u00e1neamente en pantalla valores de Unidades Krebs \u201cKU\u201d, centiPoise y la temperatura de la prueba. Desarrollado con funcionalidades preestablecidas para calibraci\u00f3n. Con la ayuda de un aceite est\u00e1ndar de viscosidad, el usuario puede contrastar peri\u00f3dicamente la precisi\u00f3n del equipo. (Aceite patr\u00f3n de viscosidad y certificado de medici\u00f3n se cotizan separadamente , consulte a nuestro equipo de ventas) Su gran pantalla LCD muestra de manera clara y mejor los resultados. Puede programarse temporizadores para las pruebas. Tiene tapa de protecci\u00f3n.   Velocidad del Rotor:200r\/min +\/-0.5rpm.  Repetitividad:1% de escala completa.  Dimensiones:210 mm x 180 mm x 500 (largo, ancho y altura).  Exactitud:0.5% de escala. Repetitividad 0.5% de escala.  Rango:40.2KU a 141.0 KU, 27 a 5250 cP.  Peso:7 kg.  Capacidad del recipiente:500 ml aprox.","og_url":"https:\/\/abaa.mx\/tienda\/multimetro-hvac-r-fluke-116-con-temperatura-y-microamperios\/","og_site_name":"Abaa tienda online","article_modified_time":"2023-11-28T20:07:11+00:00","og_image":[{"width":333,"height":483,"url":"https:\/\/abaa.mx\/tienda\/wp-content\/uploads\/2023\/09\/BIUGED-BGDJ86.jpg","type":"image\/jpeg"}],"twitter_card":"summary_large_image","twitter_misc":{"Tiempo de lectura":"1 minuto"},"schema":{"@context":"https:\/\/schema.org","@graph":[{"@type":"WebPage","@id":"https:\/\/abaa.mx\/tienda\/multimetro-hvac-r-fluke-116-con-temperatura-y-microamperios\/","url":"https:\/\/abaa.mx\/tienda\/multimetro-hvac-r-fluke-116-con-temperatura-y-microamperios\/","name":"Viscos\u00edmetro Krebs Stormer - BGD186 - Abaa tienda online","isPartOf":{"@id":"https:\/\/abaa.mx\/tienda\/#website"},"primaryImageOfPage":{"@id":"https:\/\/abaa.mx\/tienda\/multimetro-hvac-r-fluke-116-con-temperatura-y-microamperios\/#primaryimage"},"image":{"@id":"https:\/\/abaa.mx\/tienda\/multimetro-hvac-r-fluke-116-con-temperatura-y-microamperios\/#primaryimage"},"thumbnailUrl":"https:\/\/abaa.mx\/tienda\/wp-content\/uploads\/2023\/09\/BIUGED-BGDJ86.jpg","datePublished":"2023-09-20T17:42:24+00:00","dateModified":"2023-11-28T20:07:11+00:00","breadcrumb":{"@id":"https:\/\/abaa.mx\/tienda\/multimetro-hvac-r-fluke-116-con-temperatura-y-microamperios\/#breadcrumb"},"inLanguage":"es","potentialAction":[{"@type":"ReadAction","target":["https:\/\/abaa.mx\/tienda\/multimetro-hvac-r-fluke-116-con-temperatura-y-microamperios\/"]}]},{"@type":"ImageObject","inLanguage":"es","@id":"https:\/\/abaa.mx\/tienda\/multimetro-hvac-r-fluke-116-con-temperatura-y-microamperios\/#primaryimage","url":"https:\/\/abaa.mx\/tienda\/wp-content\/uploads\/2023\/09\/BIUGED-BGDJ86.jpg","contentUrl":"https:\/\/abaa.mx\/tienda\/wp-content\/uploads\/2023\/09\/BIUGED-BGDJ86.jpg","width":333,"height":483,"caption":"BIUGED-BGDJ86"},{"@type":"BreadcrumbList","@id":"https:\/\/abaa.mx\/tienda\/multimetro-hvac-r-fluke-116-con-temperatura-y-microamperios\/#breadcrumb","itemListElement":[{"@type":"ListItem","position":1,"name":"Inicio","item":"https:\/\/abaa.mx\/tienda\/"},{"@type":"ListItem","position":2,"name":"Tienda","item":"https:\/\/abaa.mx\/tienda\/"},{"@type":"ListItem","position":3,"name":"Viscos\u00edmetro Krebs Stormer &#8211; BGD186"}]},{"@type":"WebSite","@id":"https:\/\/abaa.mx\/tienda\/#website","url":"https:\/\/abaa.mx\/tienda\/","name":"Abaa tienda online","description":"Instrumentos de medici\u00f3n","publisher":{"@id":"https:\/\/abaa.mx\/tienda\/#organization"},"potentialAction":[{"@type":"SearchAction","target":{"@type":"EntryPoint","urlTemplate":"https:\/\/abaa.mx\/tienda\/?s={search_term_string}"},"query-input":{"@type":"PropertyValueSpecification","valueRequired":true,"valueName":"search_term_string"}}],"inLanguage":"es"},{"@type":"Organization","@id":"https:\/\/abaa.mx\/tienda\/#organization","name":"Abaa tienda online","url":"https:\/\/abaa.mx\/tienda\/","logo":{"@type":"ImageObject","inLanguage":"es","@id":"https:\/\/abaa.mx\/tienda\/#\/schema\/logo\/image\/","url":"https:\/\/abaa.mx\/tienda\/wp-content\/uploads\/2024\/01\/abaa-metrologia-tienda.png","contentUrl":"https:\/\/abaa.mx\/tienda\/wp-content\/uploads\/2024\/01\/abaa-metrologia-tienda.png","width":300,"height":141,"caption":"Abaa tienda online"},"image":{"@id":"https:\/\/abaa.mx\/tienda\/#\/schema\/logo\/image\/"}}]}},"_links":{"self":[{"href":"https:\/\/abaa.mx\/tienda\/wp-json\/wp\/v2\/product\/2273","targetHints":{"allow":["GET"]}}],"collection":[{"href":"https:\/\/abaa.mx\/tienda\/wp-json\/wp\/v2\/product"}],"about":[{"href":"https:\/\/abaa.mx\/tienda\/wp-json\/wp\/v2\/types\/product"}],"replies":[{"embeddable":true,"href":"https:\/\/abaa.mx\/tienda\/wp-json\/wp\/v2\/comments?post=2273"}],"wp:featuredmedia":[{"embeddable":true,"href":"https:\/\/abaa.mx\/tienda\/wp-json\/wp\/v2\/media\/9467"}],"wp:attachment":[{"href":"https:\/\/abaa.mx\/tienda\/wp-json\/wp\/v2\/media?parent=2273"}],"wp:term":[{"taxonomy":"product_brand","embeddable":true,"href":"https:\/\/abaa.mx\/tienda\/wp-json\/wp\/v2\/product_brand?post=2273"},{"taxonomy":"product_cat","embeddable":true,"href":"https:\/\/abaa.mx\/tienda\/wp-json\/wp\/v2\/product_cat?post=2273"},{"taxonomy":"product_tag","embeddable":true,"href":"https:\/\/abaa.mx\/tienda\/wp-json\/wp\/v2\/product_tag?post=2273"}],"curies":[{"name":"wp","href":"https:\/\/api.w.org\/{rel}","templated":true}]}}