{"id":2259,"date":"2023-09-20T17:19:06","date_gmt":"2023-09-20T17:19:06","guid":{"rendered":"https:\/\/abaa.mx\/tienda\/?post_type=product&#038;p=2259"},"modified":"2023-09-20T17:19:07","modified_gmt":"2023-09-20T17:19:07","slug":"multimetro-automotriz-fluke-88-5-deluxe","status":"publish","type":"product","link":"https:\/\/abaa.mx\/tienda\/multimetro-automotriz-fluke-88-5-deluxe\/","title":{"rendered":"Mult\u00edmetro automotriz fluke 88-5 deluxe"},"content":{"rendered":"<h4>Fluke 88-5 Ofertas<\/h4>\n<p>Viene con funciones de medici\u00f3n mejoradas, funciones de resoluci\u00f3n de problemas y precisi\u00f3n para resolver m\u00e1s problemas en veh\u00edculos convencionales e h\u00edbridos. Adem\u00e1s de tener todas las caracter\u00edsticas est\u00e1ndar del mult\u00edmetro, como la capacidad de medir voltaje, corriente, continuidad y resistencia, este mult\u00edmetro automotriz de lujo tambi\u00e9n puede realizar pruebas de diodos y mediciones de ancho de pulso.<\/p>\n<p>Puede tomar mediciones de corriente de hasta 20 A durante 30 segundos y 10 A continuamente. El colgador magn\u00e9tico opcional le permite conectar el medidor a la mayor\u00eda de las superficies de acero para una f\u00e1cil configuraci\u00f3n y visualizaci\u00f3n. Este mult\u00edmetro est\u00e1 dise\u00f1ado para ser utilizado en entornos de alta energ\u00eda como los que se encuentran en los veh\u00edculos h\u00edbridos.<\/p>\n<h4><strong>Funciones<\/strong><\/h4>\n<ul>\n<li>0,1% de precisi\u00f3n de CC<\/li>\n<li>Modo de 4\/20 d\u00edgitos para mediciones precisas (000.&lt;&gt; recuentos)<\/li>\n<li>Mide hasta 1000 V CA y CC<\/li>\n<li>Mediciones de corriente de hasta 10,20 A durante un m\u00e1ximo de 30 segundos<\/li>\n<li>Term\u00f3metro incorporado para mediciones de temperatura cuando las necesite (se vende por separado)<\/li>\n<li>Prueba de resistencia, continuidad y diodos<\/li>\n<li>Mediciones de RPM con captaci\u00f3n inductiva (incluida)<\/li>\n<li>Mediciones de ancho de pulso de milisegundos para inyectores de combustible<\/li>\n<li>Percha magn\u00e9tica para fijar el medidor al veh\u00edculo y liberar las manos para otras tareas<\/li>\n<li>Grabaci\u00f3n m\u00ednima\/m\u00e1x\/media con alerta m\u00ednima\/m\u00e1xima para capturar variaciones autom\u00e1ticamente<\/li>\n<li>Pico m\u00ednimo\/m\u00e1x. para registrar transitorios tan r\u00e1pidos como 250 \u03bcs<\/li>\n<li>Modo relativo para eliminar la resistencia del cable de prueba de las mediciones de ohmios bajos<\/li>\n<li>Rango autom\u00e1tico y manual para una m\u00e1xima flexibilidad<\/li>\n<li>Autohold para capturar lecturas estables con un solo toque de los cables<\/li>\n<li>Grandes d\u00edgitos de pantalla y retroiluminaci\u00f3n blanca brillante de dos niveles para una mayor visibilidad<\/li>\n<li>Gr\u00e1fico de barras anal\u00f3gico para rastrear se\u00f1ales cambiantes o inestables<\/li>\n<li>La alerta de entrada proporciona una advertencia audible contra el uso incorrecto de los conectores de entrada<\/li>\n<li>Puerta de acceso para cambios r\u00e1pidos de bater\u00eda sin abrir la carcasa<\/li>\n<li>Dise\u00f1o &#8220;cl\u00e1sico&#8221; que se adapta a su mano con una nueva funda extra\u00edble, cable de prueba incorporado y almacenamiento de sonda<\/li>\n<li>La impedancia de entrada de 10 m\u03a9 no da\u00f1ar\u00e1 los circuitos inform\u00e1ticos<\/li>\n<\/ul>\n<h4><strong>Medidas<\/strong><\/h4>\n<ul>\n<li>Prueba de resistencia, continuidad y diodos<\/li>\n<li>Mediciones de ancho de pulso de milisegundos para inyectores de combustible<\/li>\n<li>Frecuencia hasta 200 kHz y % del ciclo de trabajo<\/li>\n<li>Mide hasta 1000 V CA y CC<\/li>\n<li>Mida la corriente hasta 10, 20 A durante un m\u00e1ximo de 30 segundos<\/li>\n<li>4\/&lt;&gt; d\u00edgitos para mediciones precisas<\/li>\n<li>Mediciones de RPM con captaci\u00f3n inductiva opcional<\/li>\n<li>Mediciones de temperatura con sonda de temperatura opcional<\/li>\n<\/ul>\n<h4><strong>Aplicaciones<\/strong><\/h4>\n<ul>\n<li>Automotor<\/li>\n<\/ul>\n<h4>Especificaciones de Fluke 88-5<\/h4>\n<table class=\"table table-striped\">\n<tbody>\n<tr>\n<td colspan=\"2\"><strong>AC3<\/strong><\/td>\n<\/tr>\n<tr>\n<td>Voltaje m\u00e1ximo<\/td>\n<td>1000 V<\/td>\n<\/tr>\n<tr>\n<td>Exactitud<\/td>\n<td>\u00b1(0,1% + 1)<\/td>\n<\/tr>\n<tr>\n<td>Mejor resoluci\u00f3n<\/td>\n<td>0,01 mV<\/td>\n<\/tr>\n<tr>\n<td colspan=\"2\"><strong>ACV<\/strong><\/td>\n<\/tr>\n<tr>\n<td>Voltaje m\u00e1ximo<\/td>\n<td>1000 V<\/td>\n<\/tr>\n<tr>\n<td>Exactitud<\/td>\n<td>\u00b1(0,5% + 2)<\/td>\n<\/tr>\n<tr>\n<td>Ancho de banda de CA<\/td>\n<td>5 kHz<\/td>\n<\/tr>\n<tr>\n<td>Mejor resoluci\u00f3n<\/td>\n<td>0,01 mV<\/td>\n<\/tr>\n<tr>\n<td colspan=\"2\"><strong>Corriente continua<\/strong><\/td>\n<\/tr>\n<tr>\n<td>Amperios m\u00e1ximos<\/td>\n<td>10 A<\/td>\n<\/tr>\n<tr>\n<td>Precisi\u00f3n de amperios<\/td>\n<td>\u00b1(0,4% + 2)<\/td>\n<\/tr>\n<tr>\n<td>Mejor resoluci\u00f3n<\/td>\n<td>0,001 mA<\/td>\n<\/tr>\n<tr>\n<td colspan=\"2\"><strong>Corriente alterna<\/strong><\/td>\n<\/tr>\n<tr>\n<td>Amperios m\u00e1ximos<\/td>\n<td>10 A<\/td>\n<\/tr>\n<tr>\n<td>Precisi\u00f3n de amperios<\/td>\n<td>\u00b1(1,2% + 2)<\/td>\n<\/tr>\n<tr>\n<td>Mejor resoluci\u00f3n<\/td>\n<td>0,001 mA<\/td>\n<\/tr>\n<tr>\n<td colspan=\"2\"><strong>Resistencia<\/strong><\/td>\n<\/tr>\n<tr>\n<td>M\u00e1xima resistencia<\/td>\n<td>50 M\u03a9<\/td>\n<\/tr>\n<tr>\n<td>Exactitud<\/td>\n<td>\u00b1(0,4% + 1)<\/td>\n<\/tr>\n<tr>\n<td>Mejor resoluci\u00f3n<\/td>\n<td>0.1 \u03a9<\/td>\n<\/tr>\n<tr>\n<td colspan=\"2\"><strong>Capacitancia<\/strong><\/td>\n<\/tr>\n<tr>\n<td>Capacitancia m\u00e1xima<\/td>\n<td>9999 \u03bcF<\/td>\n<\/tr>\n<tr>\n<td>Exactitud<\/td>\n<td>\u00b1(1% + 2)<\/td>\n<\/tr>\n<tr>\n<td>Mejor resoluci\u00f3n<\/td>\n<td>0,01 nF<\/td>\n<\/tr>\n<tr>\n<td colspan=\"2\"><strong>Frecuencia<\/strong><\/td>\n<\/tr>\n<tr>\n<td>Frecuencia m\u00e1xima<\/td>\n<td>200 kHz<\/td>\n<\/tr>\n<tr>\n<td>Exactitud<\/td>\n<td>\u00b1(0,005% + 1)<\/td>\n<\/tr>\n<tr>\n<td>Mejor resoluci\u00f3n<\/td>\n<td>0,01 Hz<\/td>\n<\/tr>\n<tr>\n<td colspan=\"2\"><strong>Ciclo de trabajo<\/strong><\/td>\n<\/tr>\n<tr>\n<td>Ciclo de trabajo m\u00e1ximo<\/td>\n<td>99.9%<\/td>\n<\/tr>\n<tr>\n<td>Exactitud<\/td>\n<td>Dentro de 2% por kHz + 0.1%<\/td>\n<\/tr>\n<tr>\n<td>Mejor resoluci\u00f3n<\/td>\n<td>0.1%<\/td>\n<\/tr>\n<tr>\n<td colspan=\"2\"><strong>Medici\u00f3n de temperatura<\/strong><\/td>\n<\/tr>\n<tr>\n<td>Gama<\/td>\n<td>-328 a 1994\u00b0F (-200 a 1090\u00b0C), 1% excluyendo la sonda<\/td>\n<\/tr>\n<tr>\n<td colspan=\"2\"><strong>Conductancia<\/strong><\/td>\n<\/tr>\n<tr>\n<td>Conductancia m\u00e1xima<\/td>\n<td>60 nS<\/td>\n<\/tr>\n<tr>\n<td>Exactitud<\/td>\n<td>\u00b1(1% + 10)<\/td>\n<\/tr>\n<tr>\n<td>Resoluci\u00f3n m\u00e1xima<\/td>\n<td>0,01 nS<\/td>\n<\/tr>\n<tr>\n<td colspan=\"2\"><strong>Especificaciones generales<\/strong><\/td>\n<\/tr>\n<tr>\n<td>Temperatura de funcionamiento<\/td>\n<td>&#8211; 4 a 131\u00b0F (-20 a 55\u00b0C)<\/td>\n<\/tr>\n<tr>\n<td>Temperatura de almacenamiento<\/td>\n<td>-40 a 140\u00b0F (-40 a 60\u00b0C)<\/td>\n<\/tr>\n<tr>\n<td>Dimensiones<\/td>\n<td>2,06 x 3,86 x 7,93&#8243; (5,2 x 9,8 x 20,1 cm)<\/td>\n<\/tr>\n<tr>\n<td>Peso<\/td>\n<td>1,4 libras (624 g)<\/td>\n<\/tr>\n<\/tbody>\n<\/table>\n","protected":false},"excerpt":{"rendered":"<p>Dise\u00f1ado para su uso en entornos de alta energ\u00eda como los que se encuentran en los veh\u00edculos h\u00edbridos, y viene equipado con caracter\u00edsticas de mult\u00edmetro est\u00e1ndar como la capacidad de medir voltaje, corriente, continuidad y resistencia. Adem\u00e1s, este mult\u00edmetro tambi\u00e9n puede realizar pruebas de diodos y mediciones de ancho de pulso.<\/p>\n","protected":false},"featured_media":2269,"comment_status":"open","ping_status":"closed","template":"","meta":{"_joinchat":[]},"product_brand":[],"product_cat":[15],"product_tag":[],"class_list":{"0":"post-2259","1":"product","2":"type-product","3":"status-publish","4":"has-post-thumbnail","6":"product_cat-sin-categorizar","8":"first","9":"instock","10":"shipping-taxable","11":"product-type-simple"},"yoast_head":"<!-- This site is optimized with the Yoast SEO plugin v26.4 - https:\/\/yoast.com\/wordpress\/plugins\/seo\/ -->\n<title>Mult\u00edmetro automotriz fluke 88-5 deluxe - Abaa tienda online<\/title>\n<meta name=\"robots\" content=\"index, follow, max-snippet:-1, max-image-preview:large, max-video-preview:-1\" \/>\n<link rel=\"canonical\" href=\"https:\/\/abaa.mx\/tienda\/multimetro-automotriz-fluke-88-5-deluxe\/\" \/>\n<meta property=\"og:locale\" content=\"es_MX\" \/>\n<meta property=\"og:type\" content=\"article\" \/>\n<meta property=\"og:title\" content=\"Mult\u00edmetro automotriz fluke 88-5 deluxe - Abaa tienda online\" \/>\n<meta property=\"og:description\" content=\"Dise\u00f1ado para su uso en entornos de alta energ\u00eda como los que se encuentran en los veh\u00edculos h\u00edbridos, y viene equipado con caracter\u00edsticas de mult\u00edmetro est\u00e1ndar como la capacidad de medir voltaje, corriente, continuidad y resistencia. Adem\u00e1s, este mult\u00edmetro tambi\u00e9n puede realizar pruebas de diodos y mediciones de ancho de pulso.\" \/>\n<meta property=\"og:url\" content=\"https:\/\/abaa.mx\/tienda\/multimetro-automotriz-fluke-88-5-deluxe\/\" \/>\n<meta property=\"og:site_name\" content=\"Abaa tienda online\" \/>\n<meta property=\"article:modified_time\" content=\"2023-09-20T17:19:07+00:00\" \/>\n<meta property=\"og:image\" content=\"https:\/\/abaa.mx\/tienda\/wp-content\/uploads\/2023\/09\/88-5.jpg\" \/>\n\t<meta property=\"og:image:width\" content=\"270\" \/>\n\t<meta property=\"og:image:height\" content=\"450\" \/>\n\t<meta property=\"og:image:type\" content=\"image\/jpeg\" \/>\n<meta name=\"twitter:card\" content=\"summary_large_image\" \/>\n<meta name=\"twitter:label1\" content=\"Tiempo de lectura\" \/>\n\t<meta name=\"twitter:data1\" content=\"3 minutos\" \/>\n<script type=\"application\/ld+json\" class=\"yoast-schema-graph\">{\"@context\":\"https:\/\/schema.org\",\"@graph\":[{\"@type\":\"WebPage\",\"@id\":\"https:\/\/abaa.mx\/tienda\/multimetro-automotriz-fluke-88-5-deluxe\/\",\"url\":\"https:\/\/abaa.mx\/tienda\/multimetro-automotriz-fluke-88-5-deluxe\/\",\"name\":\"Mult\u00edmetro automotriz fluke 88-5 deluxe - Abaa tienda online\",\"isPartOf\":{\"@id\":\"https:\/\/abaa.mx\/tienda\/#website\"},\"primaryImageOfPage\":{\"@id\":\"https:\/\/abaa.mx\/tienda\/multimetro-automotriz-fluke-88-5-deluxe\/#primaryimage\"},\"image\":{\"@id\":\"https:\/\/abaa.mx\/tienda\/multimetro-automotriz-fluke-88-5-deluxe\/#primaryimage\"},\"thumbnailUrl\":\"https:\/\/abaa.mx\/tienda\/wp-content\/uploads\/2023\/09\/88-5.jpg\",\"datePublished\":\"2023-09-20T17:19:06+00:00\",\"dateModified\":\"2023-09-20T17:19:07+00:00\",\"breadcrumb\":{\"@id\":\"https:\/\/abaa.mx\/tienda\/multimetro-automotriz-fluke-88-5-deluxe\/#breadcrumb\"},\"inLanguage\":\"es\",\"potentialAction\":[{\"@type\":\"ReadAction\",\"target\":[\"https:\/\/abaa.mx\/tienda\/multimetro-automotriz-fluke-88-5-deluxe\/\"]}]},{\"@type\":\"ImageObject\",\"inLanguage\":\"es\",\"@id\":\"https:\/\/abaa.mx\/tienda\/multimetro-automotriz-fluke-88-5-deluxe\/#primaryimage\",\"url\":\"https:\/\/abaa.mx\/tienda\/wp-content\/uploads\/2023\/09\/88-5.jpg\",\"contentUrl\":\"https:\/\/abaa.mx\/tienda\/wp-content\/uploads\/2023\/09\/88-5.jpg\",\"width\":270,\"height\":450,\"caption\":\"multimetro-automotriz-fluke-88-5-deluxe\"},{\"@type\":\"BreadcrumbList\",\"@id\":\"https:\/\/abaa.mx\/tienda\/multimetro-automotriz-fluke-88-5-deluxe\/#breadcrumb\",\"itemListElement\":[{\"@type\":\"ListItem\",\"position\":1,\"name\":\"Inicio\",\"item\":\"https:\/\/abaa.mx\/tienda\/\"},{\"@type\":\"ListItem\",\"position\":2,\"name\":\"Tienda\",\"item\":\"https:\/\/abaa.mx\/tienda\/\"},{\"@type\":\"ListItem\",\"position\":3,\"name\":\"Mult\u00edmetro automotriz fluke 88-5 deluxe\"}]},{\"@type\":\"WebSite\",\"@id\":\"https:\/\/abaa.mx\/tienda\/#website\",\"url\":\"https:\/\/abaa.mx\/tienda\/\",\"name\":\"Abaa tienda online\",\"description\":\"Instrumentos de medici\u00f3n\",\"publisher\":{\"@id\":\"https:\/\/abaa.mx\/tienda\/#organization\"},\"potentialAction\":[{\"@type\":\"SearchAction\",\"target\":{\"@type\":\"EntryPoint\",\"urlTemplate\":\"https:\/\/abaa.mx\/tienda\/?s={search_term_string}\"},\"query-input\":{\"@type\":\"PropertyValueSpecification\",\"valueRequired\":true,\"valueName\":\"search_term_string\"}}],\"inLanguage\":\"es\"},{\"@type\":\"Organization\",\"@id\":\"https:\/\/abaa.mx\/tienda\/#organization\",\"name\":\"Abaa tienda online\",\"url\":\"https:\/\/abaa.mx\/tienda\/\",\"logo\":{\"@type\":\"ImageObject\",\"inLanguage\":\"es\",\"@id\":\"https:\/\/abaa.mx\/tienda\/#\/schema\/logo\/image\/\",\"url\":\"https:\/\/abaa.mx\/tienda\/wp-content\/uploads\/2024\/01\/abaa-metrologia-tienda.png\",\"contentUrl\":\"https:\/\/abaa.mx\/tienda\/wp-content\/uploads\/2024\/01\/abaa-metrologia-tienda.png\",\"width\":300,\"height\":141,\"caption\":\"Abaa tienda online\"},\"image\":{\"@id\":\"https:\/\/abaa.mx\/tienda\/#\/schema\/logo\/image\/\"}}]}<\/script>\n<!-- \/ Yoast SEO plugin. -->","yoast_head_json":{"title":"Mult\u00edmetro automotriz fluke 88-5 deluxe - Abaa tienda online","robots":{"index":"index","follow":"follow","max-snippet":"max-snippet:-1","max-image-preview":"max-image-preview:large","max-video-preview":"max-video-preview:-1"},"canonical":"https:\/\/abaa.mx\/tienda\/multimetro-automotriz-fluke-88-5-deluxe\/","og_locale":"es_MX","og_type":"article","og_title":"Mult\u00edmetro automotriz fluke 88-5 deluxe - Abaa tienda online","og_description":"Dise\u00f1ado para su uso en entornos de alta energ\u00eda como los que se encuentran en los veh\u00edculos h\u00edbridos, y viene equipado con caracter\u00edsticas de mult\u00edmetro est\u00e1ndar como la capacidad de medir voltaje, corriente, continuidad y resistencia. Adem\u00e1s, este mult\u00edmetro tambi\u00e9n puede realizar pruebas de diodos y mediciones de ancho de pulso.","og_url":"https:\/\/abaa.mx\/tienda\/multimetro-automotriz-fluke-88-5-deluxe\/","og_site_name":"Abaa tienda online","article_modified_time":"2023-09-20T17:19:07+00:00","og_image":[{"width":270,"height":450,"url":"https:\/\/abaa.mx\/tienda\/wp-content\/uploads\/2023\/09\/88-5.jpg","type":"image\/jpeg"}],"twitter_card":"summary_large_image","twitter_misc":{"Tiempo de lectura":"3 minutos"},"schema":{"@context":"https:\/\/schema.org","@graph":[{"@type":"WebPage","@id":"https:\/\/abaa.mx\/tienda\/multimetro-automotriz-fluke-88-5-deluxe\/","url":"https:\/\/abaa.mx\/tienda\/multimetro-automotriz-fluke-88-5-deluxe\/","name":"Mult\u00edmetro automotriz fluke 88-5 deluxe - Abaa tienda online","isPartOf":{"@id":"https:\/\/abaa.mx\/tienda\/#website"},"primaryImageOfPage":{"@id":"https:\/\/abaa.mx\/tienda\/multimetro-automotriz-fluke-88-5-deluxe\/#primaryimage"},"image":{"@id":"https:\/\/abaa.mx\/tienda\/multimetro-automotriz-fluke-88-5-deluxe\/#primaryimage"},"thumbnailUrl":"https:\/\/abaa.mx\/tienda\/wp-content\/uploads\/2023\/09\/88-5.jpg","datePublished":"2023-09-20T17:19:06+00:00","dateModified":"2023-09-20T17:19:07+00:00","breadcrumb":{"@id":"https:\/\/abaa.mx\/tienda\/multimetro-automotriz-fluke-88-5-deluxe\/#breadcrumb"},"inLanguage":"es","potentialAction":[{"@type":"ReadAction","target":["https:\/\/abaa.mx\/tienda\/multimetro-automotriz-fluke-88-5-deluxe\/"]}]},{"@type":"ImageObject","inLanguage":"es","@id":"https:\/\/abaa.mx\/tienda\/multimetro-automotriz-fluke-88-5-deluxe\/#primaryimage","url":"https:\/\/abaa.mx\/tienda\/wp-content\/uploads\/2023\/09\/88-5.jpg","contentUrl":"https:\/\/abaa.mx\/tienda\/wp-content\/uploads\/2023\/09\/88-5.jpg","width":270,"height":450,"caption":"multimetro-automotriz-fluke-88-5-deluxe"},{"@type":"BreadcrumbList","@id":"https:\/\/abaa.mx\/tienda\/multimetro-automotriz-fluke-88-5-deluxe\/#breadcrumb","itemListElement":[{"@type":"ListItem","position":1,"name":"Inicio","item":"https:\/\/abaa.mx\/tienda\/"},{"@type":"ListItem","position":2,"name":"Tienda","item":"https:\/\/abaa.mx\/tienda\/"},{"@type":"ListItem","position":3,"name":"Mult\u00edmetro automotriz fluke 88-5 deluxe"}]},{"@type":"WebSite","@id":"https:\/\/abaa.mx\/tienda\/#website","url":"https:\/\/abaa.mx\/tienda\/","name":"Abaa tienda online","description":"Instrumentos de medici\u00f3n","publisher":{"@id":"https:\/\/abaa.mx\/tienda\/#organization"},"potentialAction":[{"@type":"SearchAction","target":{"@type":"EntryPoint","urlTemplate":"https:\/\/abaa.mx\/tienda\/?s={search_term_string}"},"query-input":{"@type":"PropertyValueSpecification","valueRequired":true,"valueName":"search_term_string"}}],"inLanguage":"es"},{"@type":"Organization","@id":"https:\/\/abaa.mx\/tienda\/#organization","name":"Abaa tienda online","url":"https:\/\/abaa.mx\/tienda\/","logo":{"@type":"ImageObject","inLanguage":"es","@id":"https:\/\/abaa.mx\/tienda\/#\/schema\/logo\/image\/","url":"https:\/\/abaa.mx\/tienda\/wp-content\/uploads\/2024\/01\/abaa-metrologia-tienda.png","contentUrl":"https:\/\/abaa.mx\/tienda\/wp-content\/uploads\/2024\/01\/abaa-metrologia-tienda.png","width":300,"height":141,"caption":"Abaa tienda online"},"image":{"@id":"https:\/\/abaa.mx\/tienda\/#\/schema\/logo\/image\/"}}]}},"_links":{"self":[{"href":"https:\/\/abaa.mx\/tienda\/wp-json\/wp\/v2\/product\/2259","targetHints":{"allow":["GET"]}}],"collection":[{"href":"https:\/\/abaa.mx\/tienda\/wp-json\/wp\/v2\/product"}],"about":[{"href":"https:\/\/abaa.mx\/tienda\/wp-json\/wp\/v2\/types\/product"}],"replies":[{"embeddable":true,"href":"https:\/\/abaa.mx\/tienda\/wp-json\/wp\/v2\/comments?post=2259"}],"wp:featuredmedia":[{"embeddable":true,"href":"https:\/\/abaa.mx\/tienda\/wp-json\/wp\/v2\/media\/2269"}],"wp:attachment":[{"href":"https:\/\/abaa.mx\/tienda\/wp-json\/wp\/v2\/media?parent=2259"}],"wp:term":[{"taxonomy":"product_brand","embeddable":true,"href":"https:\/\/abaa.mx\/tienda\/wp-json\/wp\/v2\/product_brand?post=2259"},{"taxonomy":"product_cat","embeddable":true,"href":"https:\/\/abaa.mx\/tienda\/wp-json\/wp\/v2\/product_cat?post=2259"},{"taxonomy":"product_tag","embeddable":true,"href":"https:\/\/abaa.mx\/tienda\/wp-json\/wp\/v2\/product_tag?post=2259"}],"curies":[{"name":"wp","href":"https:\/\/api.w.org\/{rel}","templated":true}]}}