{"id":2252,"date":"2023-09-20T17:15:59","date_gmt":"2023-09-20T17:15:59","guid":{"rendered":"https:\/\/abaa.mx\/tienda\/?post_type=product&#038;p=2252"},"modified":"2023-11-28T17:51:21","modified_gmt":"2023-11-28T17:51:21","slug":"termometro-de-contacto-e-infrarrojo-ir-hvac-r-fluke-561","status":"publish","type":"product","link":"https:\/\/abaa.mx\/tienda\/termometro-de-contacto-e-infrarrojo-ir-hvac-r-fluke-561\/","title":{"rendered":"Term\u00f3metro de contacto e infrarrojo (ir) hvac-r fluke 561"},"content":{"rendered":"<p>&nbsp;<\/p>\n<p><strong>Funciones:<\/strong><\/p>\n<ul>\n<li>Term\u00f3metro IR para mediciones r\u00e1pidas de cerca, o a distancia, sin escalera.<\/li>\n<li>La capacidad de termometr\u00eda de contacto, compatible con todos los termopares tipo K miniconector est\u00e1ndar, preserva su inversi\u00f3n en termopares.<\/li>\n<li>Velcro sonda de tuber\u00eda para sobrecalentamiento y subenfriamiento y otras mediciones de contacto y ambiente.<\/li>\n<li>Mira l\u00e1ser de un solo punto.<\/li>\n<li>F\u00e1cil ajuste de emisividad para medir tuber\u00edas y otros materiales brillantes con mayor precisi\u00f3n.<\/li>\n<li>Ligero y port\u00e1til.<\/li>\n<li>Muy f\u00e1cil de usar.<\/li>\n<li>Eficiente: no es necesario apagar el equipo al realizar mediciones IR.<\/li>\n<li>Las funciones MIN, MAX y DIF le ayudan a identificar r\u00e1pidamente los problemas.<\/li>\n<li>Escanee grandes \u00e1reas u objetos peque\u00f1os de forma r\u00e1pida y eficiente.<\/li>\n<\/ul>\n<p>Un term\u00f3metro IR y de contacto que significa las necesidades de la mayor\u00eda de las aplicaciones de temperatura industriales y residenciales<\/p>\n<p>Combina las funciones de medici\u00f3n de temperatura que necesitan los profesionales industriales, el\u00e9ctricos y de HVAC\/R en una sola herramienta. Cuenta con capacidad de termopar tipo K que permite a los usuarios tomar medidas de temperatura de contacto. Esta herramienta es r\u00e1pida, eficiente y f\u00e1cil de usar.<\/p>\n<p>Utilice sus capacidades IR para escanear grandes \u00e1reas u objetos peque\u00f1os de forma r\u00e1pida y eficiente, sin apagar ning\u00fan equipo. Tambi\u00e9n puede medir objetos calientes, en movimiento, energizados el\u00e9ctricamente y dif\u00edciles de alcanzar al instante. Revise los motores, el aislamiento, los interruptores, la calefacci\u00f3n radiante, las tuber\u00edas, las conexiones corro\u00eddas y los cables. Adem\u00e1s, escanee los conductos y otros objetos dif\u00edciles de alcanzar desde el piso y deje su escalera en el cami\u00f3n.<\/p>\n<p>Utilice la pr\u00e1ctica sonda de tuber\u00eda flexible (incluida) para tomar temperaturas internas o de sobrecalentamiento. O conecte cualquier sonda de termopar de mini conector K tipo K est\u00e1ndar de la industria para tomar esas medidas y preservar su inversi\u00f3n en termopares que ya posee.<\/p>\n<p>&nbsp;<\/p>\n<p><strong>Observaci\u00f3n guiada por l\u00e1ser para mediciones IR:<\/strong><\/p>\n<p>Cuando se utiliza esta herramienta en el modo IR, el sistema de punter\u00eda l\u00e1ser de un solo punto gu\u00eda las mediciones hacia el objetivo correcto. El punto indica el centro aproximado del \u00e1rea de medici\u00f3n.<\/p>\n<p>&nbsp;<\/p>\n<p><strong>Aplicaciones:<\/strong><\/p>\n<ul>\n<li>El\u00e9ctrico.<\/li>\n<li>HVAC\/R.<\/li>\n<li>Industrial.<\/li>\n<li>Mantenimiento de instalaciones.<\/li>\n<\/ul>\n<p>&nbsp;<\/p>\n<h4>Especificaciones de Fluke 561<\/h4>\n<table class=\"table table-striped\">\n<tbody>\n<tr>\n<td>Temperatura<\/td>\n<td>-40 a 1022\u00b0F (-40 a 550\u00b0C)<\/td>\n<\/tr>\n<tr>\n<td>Resoluci\u00f3n de pantalla<\/td>\n<td>0.1\u00b0F (0.1\u00b0C) de lectura<\/td>\n<\/tr>\n<tr>\n<td>D:S (Distancia al tama\u00f1o del punto)<\/td>\n<td>12:1<\/td>\n<\/tr>\n<tr>\n<td>Selector de emisividad f\u00e1cil<\/td>\n<td>Ajustable con tres ajustes:<br \/>\nBajo (0.3) Medio (0.7) Alto (0.95)<\/td>\n<\/tr>\n<tr>\n<td>Precisi\u00f3n de la pantalla (asume una temperatura ambiente de funcionamiento de 73 a 77 \u00b0F (23 a 25 \u00b0C))<\/td>\n<td>\u00b11.0% de la lectura \u00b11% de la lectura o \u00b12 \u00b0 F (\u00b11 \u00b0 C), lo que sea mayor por debajo de 32 \u00b0 F (0 \u00b0 C), \u00b1 2 \u00b0 F (\u00b11 \u00b0 C) \u00b10.1 \u00b0 \/ 1 \u00b0<\/td>\n<\/tr>\n<tr>\n<td>Tiempo de respuesta<\/td>\n<td>500 mSec (95% de la lectura)<\/td>\n<\/tr>\n<tr>\n<td>Repetibilidad<\/td>\n<td>\u00b10.5% de la lectura o \u00b12 \u00b0 F (\u00b11 \u00b0 C), lo que sea mayor<\/td>\n<\/tr>\n<tr>\n<td>Respuesta espectral<\/td>\n<td>8 a 14 \u03bcm<\/td>\n<\/tr>\n<tr>\n<td>Avistamiento l\u00e1ser<\/td>\n<td>L\u00e1ser de un solo punto<\/td>\n<\/tr>\n<tr>\n<td>Apagado l\u00e1ser<\/td>\n<td>El l\u00e1ser se apaga por encima de la temperatura ambiente de 104 \u00b0F (40 \u00b0C)<\/td>\n<\/tr>\n<tr>\n<td>Potencia l\u00e1ser<\/td>\n<td>Operaci\u00f3n de clase 2(II); Salida &lt;1 mW, longitud de onda 630 a 670 nm<\/td>\n<\/tr>\n<tr>\n<td>Humedad relativa<\/td>\n<td>10 a 90% HR sin condensaci\u00f3n, a &lt;86 \u00b0F (30 \u00b0C)<\/td>\n<\/tr>\n<tr>\n<td>Potencia, duraci\u00f3n de la bater\u00eda<\/td>\n<td>2 pilas AA (alcalinas o NiCD)<\/td>\n<\/tr>\n<tr>\n<td>Duraci\u00f3n de la bater\u00eda<\/td>\n<td>12 horas<\/td>\n<\/tr>\n<tr>\n<td>Retenci\u00f3n de pantalla<\/td>\n<td>7 segundos<\/td>\n<\/tr>\n<tr>\n<td>Pantalla retroiluminada<\/td>\n<td>S\u00ed, LCD con temperaturas duales (corriente y M\u00c1X.\/MIN\/DIF\/KTC), bater\u00eda baja, indicador F\/C y opciones de escaneo\/retenci\u00f3n<\/td>\n<\/tr>\n<tr>\n<td>Temperatura de funcionamiento<\/td>\n<td>32 a 120\u00b0F (0 a 50\u00b0C)<\/td>\n<\/tr>\n<tr>\n<td>Temperatura de almacenamiento<\/td>\n<td>-25 a 150\u00b0F (-20 a 65\u00b0C)<\/td>\n<\/tr>\n<tr>\n<td>Temperaturas MAX, MIN, DIF<\/td>\n<td>S\u00ed<\/td>\n<\/tr>\n<tr>\n<td>Entrada de adaptador Mini Thermopar Tipo K<\/td>\n<td>S\u00ed, compatible con sondas tipo K est\u00e1ndar de la industria con miniconector. Muestra el rango de temperatura del term\u00f3metro.<\/td>\n<\/tr>\n<tr>\n<td>Sonda de tuber\u00eda de sujetador de gancho y bucle de tela tipo K de termopar<\/td>\n<td>S\u00ed, con un rango de temperatura de 32 a 212 \u00b0F (0 a 100 \u00b0C) y una precisi\u00f3n de \u00b14 \u00b0F (\u00b12,2 \u00b0C)<\/td>\n<\/tr>\n<tr>\n<td>Gu\u00eda de medici\u00f3n de HVAC<\/td>\n<td>S\u00ed<\/td>\n<\/tr>\n<\/tbody>\n<\/table>\n","protected":false},"excerpt":{"rendered":"<p>Un term\u00f3metro IR y de contacto que significa las necesidades de la mayor\u00eda de las aplicaciones de temperatura industriales y residenciales.<\/p>\n","protected":false},"featured_media":2264,"comment_status":"open","ping_status":"closed","template":"","meta":{"_joinchat":[]},"product_brand":[],"product_cat":[15],"product_tag":[],"class_list":{"0":"post-2252","1":"product","2":"type-product","3":"status-publish","4":"has-post-thumbnail","6":"product_cat-sin-categorizar","8":"first","9":"instock","10":"shipping-taxable","11":"product-type-simple"},"yoast_head":"<!-- This site is optimized with the Yoast SEO plugin v26.4 - https:\/\/yoast.com\/wordpress\/plugins\/seo\/ -->\n<title>Term\u00f3metro de contacto e infrarrojo (ir) hvac-r fluke 561 - Abaa tienda online<\/title>\n<meta name=\"robots\" content=\"index, follow, max-snippet:-1, max-image-preview:large, max-video-preview:-1\" \/>\n<link rel=\"canonical\" href=\"https:\/\/abaa.mx\/tienda\/termometro-de-contacto-e-infrarrojo-ir-hvac-r-fluke-561\/\" \/>\n<meta property=\"og:locale\" content=\"es_MX\" \/>\n<meta property=\"og:type\" content=\"article\" \/>\n<meta property=\"og:title\" content=\"Term\u00f3metro de contacto e infrarrojo (ir) hvac-r fluke 561 - Abaa tienda online\" \/>\n<meta property=\"og:description\" content=\"Un term\u00f3metro IR y de contacto que significa las necesidades de la mayor\u00eda de las aplicaciones de temperatura industriales y residenciales.\" \/>\n<meta property=\"og:url\" content=\"https:\/\/abaa.mx\/tienda\/termometro-de-contacto-e-infrarrojo-ir-hvac-r-fluke-561\/\" \/>\n<meta property=\"og:site_name\" content=\"Abaa tienda online\" \/>\n<meta property=\"article:modified_time\" content=\"2023-11-28T17:51:21+00:00\" \/>\n<meta property=\"og:image\" content=\"https:\/\/abaa.mx\/tienda\/wp-content\/uploads\/2023\/09\/561.jpg\" \/>\n\t<meta property=\"og:image:width\" content=\"270\" \/>\n\t<meta property=\"og:image:height\" content=\"375\" \/>\n\t<meta property=\"og:image:type\" content=\"image\/jpeg\" \/>\n<meta name=\"twitter:card\" content=\"summary_large_image\" \/>\n<meta name=\"twitter:label1\" content=\"Tiempo de lectura\" \/>\n\t<meta name=\"twitter:data1\" content=\"3 minutos\" \/>\n<script type=\"application\/ld+json\" class=\"yoast-schema-graph\">{\"@context\":\"https:\/\/schema.org\",\"@graph\":[{\"@type\":\"WebPage\",\"@id\":\"https:\/\/abaa.mx\/tienda\/termometro-de-contacto-e-infrarrojo-ir-hvac-r-fluke-561\/\",\"url\":\"https:\/\/abaa.mx\/tienda\/termometro-de-contacto-e-infrarrojo-ir-hvac-r-fluke-561\/\",\"name\":\"Term\u00f3metro de contacto e infrarrojo (ir) hvac-r fluke 561 - Abaa tienda online\",\"isPartOf\":{\"@id\":\"https:\/\/abaa.mx\/tienda\/#website\"},\"primaryImageOfPage\":{\"@id\":\"https:\/\/abaa.mx\/tienda\/termometro-de-contacto-e-infrarrojo-ir-hvac-r-fluke-561\/#primaryimage\"},\"image\":{\"@id\":\"https:\/\/abaa.mx\/tienda\/termometro-de-contacto-e-infrarrojo-ir-hvac-r-fluke-561\/#primaryimage\"},\"thumbnailUrl\":\"https:\/\/abaa.mx\/tienda\/wp-content\/uploads\/2023\/09\/561.jpg\",\"datePublished\":\"2023-09-20T17:15:59+00:00\",\"dateModified\":\"2023-11-28T17:51:21+00:00\",\"breadcrumb\":{\"@id\":\"https:\/\/abaa.mx\/tienda\/termometro-de-contacto-e-infrarrojo-ir-hvac-r-fluke-561\/#breadcrumb\"},\"inLanguage\":\"es\",\"potentialAction\":[{\"@type\":\"ReadAction\",\"target\":[\"https:\/\/abaa.mx\/tienda\/termometro-de-contacto-e-infrarrojo-ir-hvac-r-fluke-561\/\"]}]},{\"@type\":\"ImageObject\",\"inLanguage\":\"es\",\"@id\":\"https:\/\/abaa.mx\/tienda\/termometro-de-contacto-e-infrarrojo-ir-hvac-r-fluke-561\/#primaryimage\",\"url\":\"https:\/\/abaa.mx\/tienda\/wp-content\/uploads\/2023\/09\/561.jpg\",\"contentUrl\":\"https:\/\/abaa.mx\/tienda\/wp-content\/uploads\/2023\/09\/561.jpg\",\"width\":270,\"height\":375,\"caption\":\"fluke 561\"},{\"@type\":\"BreadcrumbList\",\"@id\":\"https:\/\/abaa.mx\/tienda\/termometro-de-contacto-e-infrarrojo-ir-hvac-r-fluke-561\/#breadcrumb\",\"itemListElement\":[{\"@type\":\"ListItem\",\"position\":1,\"name\":\"Inicio\",\"item\":\"https:\/\/abaa.mx\/tienda\/\"},{\"@type\":\"ListItem\",\"position\":2,\"name\":\"Tienda\",\"item\":\"https:\/\/abaa.mx\/tienda\/\"},{\"@type\":\"ListItem\",\"position\":3,\"name\":\"Term\u00f3metro de contacto e infrarrojo (ir) hvac-r fluke 561\"}]},{\"@type\":\"WebSite\",\"@id\":\"https:\/\/abaa.mx\/tienda\/#website\",\"url\":\"https:\/\/abaa.mx\/tienda\/\",\"name\":\"Abaa tienda online\",\"description\":\"Instrumentos de medici\u00f3n\",\"publisher\":{\"@id\":\"https:\/\/abaa.mx\/tienda\/#organization\"},\"potentialAction\":[{\"@type\":\"SearchAction\",\"target\":{\"@type\":\"EntryPoint\",\"urlTemplate\":\"https:\/\/abaa.mx\/tienda\/?s={search_term_string}\"},\"query-input\":{\"@type\":\"PropertyValueSpecification\",\"valueRequired\":true,\"valueName\":\"search_term_string\"}}],\"inLanguage\":\"es\"},{\"@type\":\"Organization\",\"@id\":\"https:\/\/abaa.mx\/tienda\/#organization\",\"name\":\"Abaa tienda online\",\"url\":\"https:\/\/abaa.mx\/tienda\/\",\"logo\":{\"@type\":\"ImageObject\",\"inLanguage\":\"es\",\"@id\":\"https:\/\/abaa.mx\/tienda\/#\/schema\/logo\/image\/\",\"url\":\"https:\/\/abaa.mx\/tienda\/wp-content\/uploads\/2024\/01\/abaa-metrologia-tienda.png\",\"contentUrl\":\"https:\/\/abaa.mx\/tienda\/wp-content\/uploads\/2024\/01\/abaa-metrologia-tienda.png\",\"width\":300,\"height\":141,\"caption\":\"Abaa tienda online\"},\"image\":{\"@id\":\"https:\/\/abaa.mx\/tienda\/#\/schema\/logo\/image\/\"}}]}<\/script>\n<!-- \/ Yoast SEO plugin. -->","yoast_head_json":{"title":"Term\u00f3metro de contacto e infrarrojo (ir) hvac-r fluke 561 - Abaa tienda online","robots":{"index":"index","follow":"follow","max-snippet":"max-snippet:-1","max-image-preview":"max-image-preview:large","max-video-preview":"max-video-preview:-1"},"canonical":"https:\/\/abaa.mx\/tienda\/termometro-de-contacto-e-infrarrojo-ir-hvac-r-fluke-561\/","og_locale":"es_MX","og_type":"article","og_title":"Term\u00f3metro de contacto e infrarrojo (ir) hvac-r fluke 561 - Abaa tienda online","og_description":"Un term\u00f3metro IR y de contacto que significa las necesidades de la mayor\u00eda de las aplicaciones de temperatura industriales y residenciales.","og_url":"https:\/\/abaa.mx\/tienda\/termometro-de-contacto-e-infrarrojo-ir-hvac-r-fluke-561\/","og_site_name":"Abaa tienda online","article_modified_time":"2023-11-28T17:51:21+00:00","og_image":[{"width":270,"height":375,"url":"https:\/\/abaa.mx\/tienda\/wp-content\/uploads\/2023\/09\/561.jpg","type":"image\/jpeg"}],"twitter_card":"summary_large_image","twitter_misc":{"Tiempo de lectura":"3 minutos"},"schema":{"@context":"https:\/\/schema.org","@graph":[{"@type":"WebPage","@id":"https:\/\/abaa.mx\/tienda\/termometro-de-contacto-e-infrarrojo-ir-hvac-r-fluke-561\/","url":"https:\/\/abaa.mx\/tienda\/termometro-de-contacto-e-infrarrojo-ir-hvac-r-fluke-561\/","name":"Term\u00f3metro de contacto e infrarrojo (ir) hvac-r fluke 561 - Abaa tienda online","isPartOf":{"@id":"https:\/\/abaa.mx\/tienda\/#website"},"primaryImageOfPage":{"@id":"https:\/\/abaa.mx\/tienda\/termometro-de-contacto-e-infrarrojo-ir-hvac-r-fluke-561\/#primaryimage"},"image":{"@id":"https:\/\/abaa.mx\/tienda\/termometro-de-contacto-e-infrarrojo-ir-hvac-r-fluke-561\/#primaryimage"},"thumbnailUrl":"https:\/\/abaa.mx\/tienda\/wp-content\/uploads\/2023\/09\/561.jpg","datePublished":"2023-09-20T17:15:59+00:00","dateModified":"2023-11-28T17:51:21+00:00","breadcrumb":{"@id":"https:\/\/abaa.mx\/tienda\/termometro-de-contacto-e-infrarrojo-ir-hvac-r-fluke-561\/#breadcrumb"},"inLanguage":"es","potentialAction":[{"@type":"ReadAction","target":["https:\/\/abaa.mx\/tienda\/termometro-de-contacto-e-infrarrojo-ir-hvac-r-fluke-561\/"]}]},{"@type":"ImageObject","inLanguage":"es","@id":"https:\/\/abaa.mx\/tienda\/termometro-de-contacto-e-infrarrojo-ir-hvac-r-fluke-561\/#primaryimage","url":"https:\/\/abaa.mx\/tienda\/wp-content\/uploads\/2023\/09\/561.jpg","contentUrl":"https:\/\/abaa.mx\/tienda\/wp-content\/uploads\/2023\/09\/561.jpg","width":270,"height":375,"caption":"fluke 561"},{"@type":"BreadcrumbList","@id":"https:\/\/abaa.mx\/tienda\/termometro-de-contacto-e-infrarrojo-ir-hvac-r-fluke-561\/#breadcrumb","itemListElement":[{"@type":"ListItem","position":1,"name":"Inicio","item":"https:\/\/abaa.mx\/tienda\/"},{"@type":"ListItem","position":2,"name":"Tienda","item":"https:\/\/abaa.mx\/tienda\/"},{"@type":"ListItem","position":3,"name":"Term\u00f3metro de contacto e infrarrojo (ir) hvac-r fluke 561"}]},{"@type":"WebSite","@id":"https:\/\/abaa.mx\/tienda\/#website","url":"https:\/\/abaa.mx\/tienda\/","name":"Abaa tienda online","description":"Instrumentos de medici\u00f3n","publisher":{"@id":"https:\/\/abaa.mx\/tienda\/#organization"},"potentialAction":[{"@type":"SearchAction","target":{"@type":"EntryPoint","urlTemplate":"https:\/\/abaa.mx\/tienda\/?s={search_term_string}"},"query-input":{"@type":"PropertyValueSpecification","valueRequired":true,"valueName":"search_term_string"}}],"inLanguage":"es"},{"@type":"Organization","@id":"https:\/\/abaa.mx\/tienda\/#organization","name":"Abaa tienda online","url":"https:\/\/abaa.mx\/tienda\/","logo":{"@type":"ImageObject","inLanguage":"es","@id":"https:\/\/abaa.mx\/tienda\/#\/schema\/logo\/image\/","url":"https:\/\/abaa.mx\/tienda\/wp-content\/uploads\/2024\/01\/abaa-metrologia-tienda.png","contentUrl":"https:\/\/abaa.mx\/tienda\/wp-content\/uploads\/2024\/01\/abaa-metrologia-tienda.png","width":300,"height":141,"caption":"Abaa tienda online"},"image":{"@id":"https:\/\/abaa.mx\/tienda\/#\/schema\/logo\/image\/"}}]}},"_links":{"self":[{"href":"https:\/\/abaa.mx\/tienda\/wp-json\/wp\/v2\/product\/2252","targetHints":{"allow":["GET"]}}],"collection":[{"href":"https:\/\/abaa.mx\/tienda\/wp-json\/wp\/v2\/product"}],"about":[{"href":"https:\/\/abaa.mx\/tienda\/wp-json\/wp\/v2\/types\/product"}],"replies":[{"embeddable":true,"href":"https:\/\/abaa.mx\/tienda\/wp-json\/wp\/v2\/comments?post=2252"}],"wp:featuredmedia":[{"embeddable":true,"href":"https:\/\/abaa.mx\/tienda\/wp-json\/wp\/v2\/media\/2264"}],"wp:attachment":[{"href":"https:\/\/abaa.mx\/tienda\/wp-json\/wp\/v2\/media?parent=2252"}],"wp:term":[{"taxonomy":"product_brand","embeddable":true,"href":"https:\/\/abaa.mx\/tienda\/wp-json\/wp\/v2\/product_brand?post=2252"},{"taxonomy":"product_cat","embeddable":true,"href":"https:\/\/abaa.mx\/tienda\/wp-json\/wp\/v2\/product_cat?post=2252"},{"taxonomy":"product_tag","embeddable":true,"href":"https:\/\/abaa.mx\/tienda\/wp-json\/wp\/v2\/product_tag?post=2252"}],"curies":[{"name":"wp","href":"https:\/\/api.w.org\/{rel}","templated":true}]}}