{"id":2247,"date":"2023-09-20T17:09:15","date_gmt":"2023-09-20T17:09:15","guid":{"rendered":"https:\/\/abaa.mx\/tienda\/?post_type=product&#038;p=2247"},"modified":"2023-09-20T17:09:16","modified_gmt":"2023-09-20T17:09:16","slug":"termometro-infrarrojo-ir-fluke-62-max","status":"publish","type":"product","link":"https:\/\/abaa.mx\/tienda\/termometro-infrarrojo-ir-fluke-62-max\/","title":{"rendered":"term\u00f3metro infrarrojo (ir) fluke 62 max"},"content":{"rendered":"<p><strong>Funciones<\/strong><\/p>\n<ul>\n<li>Proporciona una relaci\u00f3n distancia a punto de 10:1<\/li>\n<li>Ofrece una sola orientaci\u00f3n l\u00e1ser para mediciones precisas y repetibles<\/li>\n<li>Clasificaci\u00f3n IP54 contra el polvo y la humedad<\/li>\n<li>Alarmas altas y bajas para la detecci\u00f3n r\u00e1pida de temperaturas fuera de los l\u00edmites<\/li>\n<li>Alimentado por una sola bater\u00eda AA est\u00e1ndar<\/li>\n<li>Soporta una ca\u00edda de 9,8&#8242; (3 m)<\/li>\n<li>Factor de forma peque\u00f1o y liviano para sujetar c\u00f3modamente a su cintur\u00f3n de herramientas o lazo de cintur\u00f3n, o caber f\u00e1cilmente en su caja de herramientas<\/li>\n<li>Una gran pantalla retroiluminada para facilitar la lectura de los datos, incluso en \u00e1reas oscuras<\/li>\n<li>Muestra Min\/Max\/Avg\/Dif: la temperatura m\u00ednima, m\u00e1xima o media, o la diferencia entre dos mediciones<\/li>\n<\/ul>\n<p><strong>Aplicaciones<\/strong><\/p>\n<ul>\n<li>Temperatura sin contacto<\/li>\n<\/ul>\n<h4>Especificaciones de Fluke 62 MAX<\/h4>\n<table class=\"table table-striped\">\n<tbody>\n<tr>\n<td>Rango de temperatura<\/td>\n<td>-22 a 932\u00b0F (-30 a 500\u00b0C)<\/td>\n<\/tr>\n<tr>\n<td>Exactitud<\/td>\n<td>\u00b134.7\u00b0F (\u00b11.5\u00b0C) o \u00b11.5% de la lectura, lo que sea mayor<br \/>\n14 a 32\u00b0F (-10 a 0\u00b0C): \u00b12.0 -22 a 14\u00b0F (-30 a<br \/>\n-10\u00b0C): \u00b13.0<\/td>\n<\/tr>\n<tr>\n<td>Tiempo de respuesta (95%)<\/td>\n<td>&lt;500 ms (95% de la lectura)<\/td>\n<\/tr>\n<tr>\n<td>Respuesta espectral<\/td>\n<td>8 a 14 micras<\/td>\n<\/tr>\n<tr>\n<td>Emisividad<\/td>\n<td>0,10 a 1,00<\/td>\n<\/tr>\n<tr>\n<td>Resoluci\u00f3n \u00f3ptica<\/td>\n<td>10:1 (calculado al 90% de energ\u00eda)<\/td>\n<\/tr>\n<tr>\n<td>Resoluci\u00f3n de pantalla<\/td>\n<td>0.2\u00b0F (0.1\u00b0C)<\/td>\n<\/tr>\n<tr>\n<td>Repetibilidad de las lecturas<\/td>\n<td>\u00b10.8% de la lectura o &lt;\u00b12 \u00b0 F (1.0 \u00b0 C), lo que sea mayor<\/td>\n<\/tr>\n<tr>\n<td>Poder<\/td>\n<td>Bater\u00eda AA<\/td>\n<\/tr>\n<tr>\n<td>Duraci\u00f3n de la bater\u00eda<\/td>\n<td>10 horas con l\u00e1ser y retroiluminaci\u00f3n encendidos<\/td>\n<\/tr>\n<tr>\n<td>Temperatura de funcionamiento<\/td>\n<td>De 32 a 122 \u00b0C (de 0 a 50 \u00b0F)<\/td>\n<\/tr>\n<tr>\n<td>Temperatura de almacenamiento<\/td>\n<td>-4 a 140 \u00b0F (-20 a 60 \u00b0C), sin bater\u00eda<\/td>\n<\/tr>\n<tr>\n<td>Humedad de funcionamiento<\/td>\n<td>10% a 90% HR sin condensaci\u00f3n a 86\u00b0F (30\u00b0C)<\/td>\n<\/tr>\n<tr>\n<td>Altitud de funcionamiento<\/td>\n<td>6561.7&#8242; (2000 m) sobre el nivel medio del mar<\/td>\n<\/tr>\n<tr>\n<td>Altitud de almacenamiento<\/td>\n<td>39,370.08&#8242; (12,000 m) por encima del nivel medio del sello<\/td>\n<\/tr>\n<tr>\n<td>Prueba de ca\u00edda<\/td>\n<td>9,8&#8242; (3 m)<\/td>\n<\/tr>\n<tr>\n<td>Dimensiones<\/td>\n<td>6,88 x 3,34 x 2,95&#8243; (175 x 85 x 75 mm)<\/td>\n<\/tr>\n<tr>\n<td>Peso<\/td>\n<td>0,56 libras (255 g)<\/td>\n<\/tr>\n<tr>\n<td>Clasificaci\u00f3n IP<\/td>\n<td>IP 54 seg\u00fan IEC 60529<\/td>\n<\/tr>\n<tr>\n<td>Vibraci\u00f3n y choque<\/td>\n<td>IEC 68-2-6 2,5 g, 10 a 200 Hz, IEC 68-2-27, 50 g, 11 ms<\/td>\n<\/tr>\n<tr>\n<td>EMC<\/td>\n<td>EN 61326-1:2006 EN 61326-2:2006<\/td>\n<\/tr>\n<tr>\n<td>Normas y aprobaci\u00f3n de la agencia<\/td>\n<td>Conformidad: EN\/IEC 61010-1: 2001<br \/>\nSeguridad l\u00e1ser: FDA y EN 60825-1 Clase II<\/td>\n<\/tr>\n<\/tbody>\n<\/table>\n","protected":false},"excerpt":{"rendered":"<p><strong>Funciones<\/strong><\/p>\n<ul>\n<li>Proporciona una relaci\u00f3n distancia a punto de 10:1<\/li>\n<li>Ofrece una sola orientaci\u00f3n l\u00e1ser para mediciones precisas y repetibles<\/li>\n<li>Clasificaci\u00f3n IP54 contra el polvo y la humedad<\/li>\n<li>Alarmas altas y bajas para la detecci\u00f3n r\u00e1pida de temperaturas fuera de los l\u00edmites<\/li>\n<li>Alimentado por una sola bater\u00eda AA est\u00e1ndar<\/li>\n<li>Soporta una ca\u00edda de 9,8&#8242; (3 m)<\/li>\n<li>Factor de forma peque\u00f1o y liviano para sujetar c\u00f3modamente a su cintur\u00f3n de herramientas o lazo de cintur\u00f3n, o caber f\u00e1cilmente en su caja de herramientas<\/li>\n<li>Una gran pantalla retroiluminada para facilitar la lectura de los datos, incluso en \u00e1reas oscuras<\/li>\n<li>Muestra Min\/Max\/Avg\/Dif: la temperatura m\u00ednima, m\u00e1xima o media, o la diferencia entre dos mediciones<\/li>\n<\/ul>\n","protected":false},"featured_media":2254,"comment_status":"open","ping_status":"closed","template":"","meta":{"_joinchat":[]},"product_brand":[],"product_cat":[15],"product_tag":[],"class_list":{"0":"post-2247","1":"product","2":"type-product","3":"status-publish","4":"has-post-thumbnail","6":"product_cat-sin-categorizar","8":"first","9":"instock","10":"shipping-taxable","11":"product-type-simple"},"yoast_head":"<!-- This site is optimized with the Yoast SEO plugin v26.4 - https:\/\/yoast.com\/wordpress\/plugins\/seo\/ -->\n<title>term\u00f3metro infrarrojo (ir) fluke 62 max - Abaa tienda online<\/title>\n<meta name=\"robots\" content=\"index, follow, max-snippet:-1, max-image-preview:large, max-video-preview:-1\" \/>\n<link rel=\"canonical\" href=\"https:\/\/abaa.mx\/tienda\/termometro-infrarrojo-ir-fluke-62-max\/\" \/>\n<meta property=\"og:locale\" content=\"es_MX\" \/>\n<meta property=\"og:type\" content=\"article\" \/>\n<meta property=\"og:title\" content=\"term\u00f3metro infrarrojo (ir) fluke 62 max - Abaa tienda online\" \/>\n<meta property=\"og:description\" content=\"Funciones   Proporciona una relaci\u00f3n distancia a punto de 10:1  Ofrece una sola orientaci\u00f3n l\u00e1ser para mediciones precisas y repetibles  Clasificaci\u00f3n IP54 contra el polvo y la humedad  Alarmas altas y bajas para la detecci\u00f3n r\u00e1pida de temperaturas fuera de los l\u00edmites  Alimentado por una sola bater\u00eda AA est\u00e1ndar  Soporta una ca\u00edda de 9,8&#039; (3 m)  Factor de forma peque\u00f1o y liviano para sujetar c\u00f3modamente a su cintur\u00f3n de herramientas o lazo de cintur\u00f3n, o caber f\u00e1cilmente en su caja de herramientas  Una gran pantalla retroiluminada para facilitar la lectura de los datos, incluso en \u00e1reas oscuras  Muestra Min\/Max\/Avg\/Dif: la temperatura m\u00ednima, m\u00e1xima o media, o la diferencia entre dos mediciones\" \/>\n<meta property=\"og:url\" content=\"https:\/\/abaa.mx\/tienda\/termometro-infrarrojo-ir-fluke-62-max\/\" \/>\n<meta property=\"og:site_name\" content=\"Abaa tienda online\" \/>\n<meta property=\"article:modified_time\" content=\"2023-09-20T17:09:16+00:00\" \/>\n<meta property=\"og:image\" content=\"https:\/\/abaa.mx\/tienda\/wp-content\/uploads\/2023\/09\/62-MAX-1.jpg\" \/>\n\t<meta property=\"og:image:width\" content=\"270\" \/>\n\t<meta property=\"og:image:height\" content=\"500\" \/>\n\t<meta property=\"og:image:type\" content=\"image\/jpeg\" \/>\n<meta name=\"twitter:card\" content=\"summary_large_image\" \/>\n<meta name=\"twitter:label1\" content=\"Tiempo de lectura\" \/>\n\t<meta name=\"twitter:data1\" content=\"2 minutos\" \/>\n<script type=\"application\/ld+json\" class=\"yoast-schema-graph\">{\"@context\":\"https:\/\/schema.org\",\"@graph\":[{\"@type\":\"WebPage\",\"@id\":\"https:\/\/abaa.mx\/tienda\/termometro-infrarrojo-ir-fluke-62-max\/\",\"url\":\"https:\/\/abaa.mx\/tienda\/termometro-infrarrojo-ir-fluke-62-max\/\",\"name\":\"term\u00f3metro infrarrojo (ir) fluke 62 max - Abaa tienda online\",\"isPartOf\":{\"@id\":\"https:\/\/abaa.mx\/tienda\/#website\"},\"primaryImageOfPage\":{\"@id\":\"https:\/\/abaa.mx\/tienda\/termometro-infrarrojo-ir-fluke-62-max\/#primaryimage\"},\"image\":{\"@id\":\"https:\/\/abaa.mx\/tienda\/termometro-infrarrojo-ir-fluke-62-max\/#primaryimage\"},\"thumbnailUrl\":\"https:\/\/abaa.mx\/tienda\/wp-content\/uploads\/2023\/09\/62-MAX-1.jpg\",\"datePublished\":\"2023-09-20T17:09:15+00:00\",\"dateModified\":\"2023-09-20T17:09:16+00:00\",\"breadcrumb\":{\"@id\":\"https:\/\/abaa.mx\/tienda\/termometro-infrarrojo-ir-fluke-62-max\/#breadcrumb\"},\"inLanguage\":\"es\",\"potentialAction\":[{\"@type\":\"ReadAction\",\"target\":[\"https:\/\/abaa.mx\/tienda\/termometro-infrarrojo-ir-fluke-62-max\/\"]}]},{\"@type\":\"ImageObject\",\"inLanguage\":\"es\",\"@id\":\"https:\/\/abaa.mx\/tienda\/termometro-infrarrojo-ir-fluke-62-max\/#primaryimage\",\"url\":\"https:\/\/abaa.mx\/tienda\/wp-content\/uploads\/2023\/09\/62-MAX-1.jpg\",\"contentUrl\":\"https:\/\/abaa.mx\/tienda\/wp-content\/uploads\/2023\/09\/62-MAX-1.jpg\",\"width\":270,\"height\":500,\"caption\":\"62 MAX\"},{\"@type\":\"BreadcrumbList\",\"@id\":\"https:\/\/abaa.mx\/tienda\/termometro-infrarrojo-ir-fluke-62-max\/#breadcrumb\",\"itemListElement\":[{\"@type\":\"ListItem\",\"position\":1,\"name\":\"Inicio\",\"item\":\"https:\/\/abaa.mx\/tienda\/\"},{\"@type\":\"ListItem\",\"position\":2,\"name\":\"Tienda\",\"item\":\"https:\/\/abaa.mx\/tienda\/\"},{\"@type\":\"ListItem\",\"position\":3,\"name\":\"term\u00f3metro infrarrojo (ir) fluke 62 max\"}]},{\"@type\":\"WebSite\",\"@id\":\"https:\/\/abaa.mx\/tienda\/#website\",\"url\":\"https:\/\/abaa.mx\/tienda\/\",\"name\":\"Abaa tienda online\",\"description\":\"Instrumentos de medici\u00f3n\",\"publisher\":{\"@id\":\"https:\/\/abaa.mx\/tienda\/#organization\"},\"potentialAction\":[{\"@type\":\"SearchAction\",\"target\":{\"@type\":\"EntryPoint\",\"urlTemplate\":\"https:\/\/abaa.mx\/tienda\/?s={search_term_string}\"},\"query-input\":{\"@type\":\"PropertyValueSpecification\",\"valueRequired\":true,\"valueName\":\"search_term_string\"}}],\"inLanguage\":\"es\"},{\"@type\":\"Organization\",\"@id\":\"https:\/\/abaa.mx\/tienda\/#organization\",\"name\":\"Abaa tienda online\",\"url\":\"https:\/\/abaa.mx\/tienda\/\",\"logo\":{\"@type\":\"ImageObject\",\"inLanguage\":\"es\",\"@id\":\"https:\/\/abaa.mx\/tienda\/#\/schema\/logo\/image\/\",\"url\":\"https:\/\/abaa.mx\/tienda\/wp-content\/uploads\/2024\/01\/abaa-metrologia-tienda.png\",\"contentUrl\":\"https:\/\/abaa.mx\/tienda\/wp-content\/uploads\/2024\/01\/abaa-metrologia-tienda.png\",\"width\":300,\"height\":141,\"caption\":\"Abaa tienda online\"},\"image\":{\"@id\":\"https:\/\/abaa.mx\/tienda\/#\/schema\/logo\/image\/\"}}]}<\/script>\n<!-- \/ Yoast SEO plugin. -->","yoast_head_json":{"title":"term\u00f3metro infrarrojo (ir) fluke 62 max - Abaa tienda online","robots":{"index":"index","follow":"follow","max-snippet":"max-snippet:-1","max-image-preview":"max-image-preview:large","max-video-preview":"max-video-preview:-1"},"canonical":"https:\/\/abaa.mx\/tienda\/termometro-infrarrojo-ir-fluke-62-max\/","og_locale":"es_MX","og_type":"article","og_title":"term\u00f3metro infrarrojo (ir) fluke 62 max - Abaa tienda online","og_description":"Funciones   Proporciona una relaci\u00f3n distancia a punto de 10:1  Ofrece una sola orientaci\u00f3n l\u00e1ser para mediciones precisas y repetibles  Clasificaci\u00f3n IP54 contra el polvo y la humedad  Alarmas altas y bajas para la detecci\u00f3n r\u00e1pida de temperaturas fuera de los l\u00edmites  Alimentado por una sola bater\u00eda AA est\u00e1ndar  Soporta una ca\u00edda de 9,8' (3 m)  Factor de forma peque\u00f1o y liviano para sujetar c\u00f3modamente a su cintur\u00f3n de herramientas o lazo de cintur\u00f3n, o caber f\u00e1cilmente en su caja de herramientas  Una gran pantalla retroiluminada para facilitar la lectura de los datos, incluso en \u00e1reas oscuras  Muestra Min\/Max\/Avg\/Dif: la temperatura m\u00ednima, m\u00e1xima o media, o la diferencia entre dos mediciones","og_url":"https:\/\/abaa.mx\/tienda\/termometro-infrarrojo-ir-fluke-62-max\/","og_site_name":"Abaa tienda online","article_modified_time":"2023-09-20T17:09:16+00:00","og_image":[{"width":270,"height":500,"url":"https:\/\/abaa.mx\/tienda\/wp-content\/uploads\/2023\/09\/62-MAX-1.jpg","type":"image\/jpeg"}],"twitter_card":"summary_large_image","twitter_misc":{"Tiempo de lectura":"2 minutos"},"schema":{"@context":"https:\/\/schema.org","@graph":[{"@type":"WebPage","@id":"https:\/\/abaa.mx\/tienda\/termometro-infrarrojo-ir-fluke-62-max\/","url":"https:\/\/abaa.mx\/tienda\/termometro-infrarrojo-ir-fluke-62-max\/","name":"term\u00f3metro infrarrojo (ir) fluke 62 max - Abaa tienda online","isPartOf":{"@id":"https:\/\/abaa.mx\/tienda\/#website"},"primaryImageOfPage":{"@id":"https:\/\/abaa.mx\/tienda\/termometro-infrarrojo-ir-fluke-62-max\/#primaryimage"},"image":{"@id":"https:\/\/abaa.mx\/tienda\/termometro-infrarrojo-ir-fluke-62-max\/#primaryimage"},"thumbnailUrl":"https:\/\/abaa.mx\/tienda\/wp-content\/uploads\/2023\/09\/62-MAX-1.jpg","datePublished":"2023-09-20T17:09:15+00:00","dateModified":"2023-09-20T17:09:16+00:00","breadcrumb":{"@id":"https:\/\/abaa.mx\/tienda\/termometro-infrarrojo-ir-fluke-62-max\/#breadcrumb"},"inLanguage":"es","potentialAction":[{"@type":"ReadAction","target":["https:\/\/abaa.mx\/tienda\/termometro-infrarrojo-ir-fluke-62-max\/"]}]},{"@type":"ImageObject","inLanguage":"es","@id":"https:\/\/abaa.mx\/tienda\/termometro-infrarrojo-ir-fluke-62-max\/#primaryimage","url":"https:\/\/abaa.mx\/tienda\/wp-content\/uploads\/2023\/09\/62-MAX-1.jpg","contentUrl":"https:\/\/abaa.mx\/tienda\/wp-content\/uploads\/2023\/09\/62-MAX-1.jpg","width":270,"height":500,"caption":"62 MAX"},{"@type":"BreadcrumbList","@id":"https:\/\/abaa.mx\/tienda\/termometro-infrarrojo-ir-fluke-62-max\/#breadcrumb","itemListElement":[{"@type":"ListItem","position":1,"name":"Inicio","item":"https:\/\/abaa.mx\/tienda\/"},{"@type":"ListItem","position":2,"name":"Tienda","item":"https:\/\/abaa.mx\/tienda\/"},{"@type":"ListItem","position":3,"name":"term\u00f3metro infrarrojo (ir) fluke 62 max"}]},{"@type":"WebSite","@id":"https:\/\/abaa.mx\/tienda\/#website","url":"https:\/\/abaa.mx\/tienda\/","name":"Abaa tienda online","description":"Instrumentos de medici\u00f3n","publisher":{"@id":"https:\/\/abaa.mx\/tienda\/#organization"},"potentialAction":[{"@type":"SearchAction","target":{"@type":"EntryPoint","urlTemplate":"https:\/\/abaa.mx\/tienda\/?s={search_term_string}"},"query-input":{"@type":"PropertyValueSpecification","valueRequired":true,"valueName":"search_term_string"}}],"inLanguage":"es"},{"@type":"Organization","@id":"https:\/\/abaa.mx\/tienda\/#organization","name":"Abaa tienda online","url":"https:\/\/abaa.mx\/tienda\/","logo":{"@type":"ImageObject","inLanguage":"es","@id":"https:\/\/abaa.mx\/tienda\/#\/schema\/logo\/image\/","url":"https:\/\/abaa.mx\/tienda\/wp-content\/uploads\/2024\/01\/abaa-metrologia-tienda.png","contentUrl":"https:\/\/abaa.mx\/tienda\/wp-content\/uploads\/2024\/01\/abaa-metrologia-tienda.png","width":300,"height":141,"caption":"Abaa tienda online"},"image":{"@id":"https:\/\/abaa.mx\/tienda\/#\/schema\/logo\/image\/"}}]}},"_links":{"self":[{"href":"https:\/\/abaa.mx\/tienda\/wp-json\/wp\/v2\/product\/2247","targetHints":{"allow":["GET"]}}],"collection":[{"href":"https:\/\/abaa.mx\/tienda\/wp-json\/wp\/v2\/product"}],"about":[{"href":"https:\/\/abaa.mx\/tienda\/wp-json\/wp\/v2\/types\/product"}],"replies":[{"embeddable":true,"href":"https:\/\/abaa.mx\/tienda\/wp-json\/wp\/v2\/comments?post=2247"}],"wp:featuredmedia":[{"embeddable":true,"href":"https:\/\/abaa.mx\/tienda\/wp-json\/wp\/v2\/media\/2254"}],"wp:attachment":[{"href":"https:\/\/abaa.mx\/tienda\/wp-json\/wp\/v2\/media?parent=2247"}],"wp:term":[{"taxonomy":"product_brand","embeddable":true,"href":"https:\/\/abaa.mx\/tienda\/wp-json\/wp\/v2\/product_brand?post=2247"},{"taxonomy":"product_cat","embeddable":true,"href":"https:\/\/abaa.mx\/tienda\/wp-json\/wp\/v2\/product_cat?post=2247"},{"taxonomy":"product_tag","embeddable":true,"href":"https:\/\/abaa.mx\/tienda\/wp-json\/wp\/v2\/product_tag?post=2247"}],"curies":[{"name":"wp","href":"https:\/\/api.w.org\/{rel}","templated":true}]}}