{"id":2242,"date":"2023-09-20T16:56:53","date_gmt":"2023-09-20T16:56:53","guid":{"rendered":"https:\/\/abaa.mx\/tienda\/?post_type=product&#038;p=2242"},"modified":"2023-09-20T16:56:54","modified_gmt":"2023-09-20T16:56:54","slug":"multimetro-de-registro-de-datos-fluke-287-true-rms-electronics-con-trendcapture","status":"publish","type":"product","link":"https:\/\/abaa.mx\/tienda\/multimetro-de-registro-de-datos-fluke-287-true-rms-electronics-con-trendcapture\/","title":{"rendered":"Mult\u00edmetro de registro de datos fluke 287 true rms electronics con trendcapture"},"content":{"rendered":"<h4>Fluke 287 ofertas<\/h4>\n<p>&nbsp;<\/p>\n<h4><strong>Funciones<\/strong><\/h4>\n<ul>\n<li>TrendCapture muestra gr\u00e1ficamente r\u00e1pidamente la sesi\u00f3n de datos registrados para determinar r\u00e1pidamente si pueden haberse producido anomal\u00edas<\/li>\n<li>Zoom en tendencia proporciona una capacidad sin precedentes para ver y analizar los datos de TrendCapture; Acercar hasta 14 veces<\/li>\n<li>El filtro de CA seleccionable (modo de suavizado) ayuda a mostrar una lectura m\u00e1s estable cuando la se\u00f1al de entrada cambia r\u00e1pidamente o es ruidosa<\/li>\n<li>Umbral de grabaci\u00f3n ajustable y retenci\u00f3n autom\u00e1tica, especifique un cambio porcentual en las lecturas que comienza un Nuevo evento<\/li>\n<li>Gran pantalla VGA de 50,000 unidades, &lt;&gt;\/&lt;&gt; con retroiluminaci\u00f3n blanca<\/li>\n<li>Se pueden mostrar simult\u00e1neamente varios conjuntos de informaci\u00f3n de medici\u00f3n al mismo tiempo<\/li>\n<li>Funci\u00f3n de registro con memoria expandida para el monitoreo desatendido de se\u00f1ales a lo largo del tiempo<\/li>\n<li>Utilizando TrendCapture integrado, los usuarios pueden revisar gr\u00e1ficamente las lecturas registradas sin necesidad de que un PC almacene hasta 15,000 eventos grabados<\/li>\n<li>Pantallas de ayuda integradas para funciones de medici\u00f3n<\/li>\n<li>Las mediciones guardadas le permiten nombrar y recordar las mediciones realizadas en el campo<\/li>\n<li>Interfaz multiling\u00fce<\/li>\n<li>M\u00faltiples sesiones de registro posibles sin descarga<\/li>\n<li>0,025% de precisi\u00f3n b\u00e1sica de CC<\/li>\n<li>Ancho de banda de CA de 100 kHz<\/li>\n<li>Reloj en tiempo real para el sellado autom\u00e1tico de las lecturas guardadas<\/li>\n<li>Voltaje y corriente de CA RMS reales para mediciones precisas en se\u00f1ales complejas o cargas no lineales<\/li>\n<li>Ancho de banda de CA especificado a 100 kHz<\/li>\n<li>Mide hasta 10 A (20 A durante 30 segundos)<\/li>\n<li>Rango de capacitancia de 100 mF<\/li>\n<li>Funci\u00f3n de temperatura<\/li>\n<li>Modo relativo para eliminar la resistencia del cable de prueba de las mediciones de bajos ohmios o capacitancia<\/li>\n<li>Captura de picos para registrar transitorios tan r\u00e1pidos como 250<\/li>\n<\/ul>\n<h4>Especificaciones de Fluke 287<\/h4>\n<table class=\"table table-striped\">\n<tbody>\n<tr>\n<td colspan=\"2\"><strong>Voltios DC<\/strong><\/td>\n<\/tr>\n<tr>\n<td>Rango\/Resoluci\u00f3n<\/td>\n<td>50.000 mV, 500.00 mV, 5.0000 V, 50.000 V, 500.00 V, 1000.0 V<\/td>\n<\/tr>\n<tr>\n<td>Precisi\u00f3n b\u00e1sica<\/td>\n<td>0.025%<\/td>\n<\/tr>\n<tr>\n<td colspan=\"2\"><strong>Voltios de CA<\/strong><\/td>\n<\/tr>\n<tr>\n<td>Rango\/Resoluci\u00f3n<\/td>\n<td>50.000 mV, 500.00 mV, 5.0000 V, 50.000 V, 500.00 V, 1000.0 V<\/td>\n<\/tr>\n<tr>\n<td>Precisi\u00f3n b\u00e1sica<\/td>\n<td>0,4% (RMS verdadero)<\/td>\n<\/tr>\n<tr>\n<td colspan=\"2\"><strong>Corriente continua<\/strong><\/td>\n<\/tr>\n<tr>\n<td>Rango\/Resoluci\u00f3n<\/td>\n<td>500,00 \u03bcA, 5000,0 \u03bcA, 50.000 mA, 400,00 mA, 5,0000 A, 10.000 A<\/td>\n<\/tr>\n<tr>\n<td>Precisi\u00f3n b\u00e1sica<\/td>\n<td>0.05%<\/td>\n<\/tr>\n<tr>\n<td colspan=\"2\"><strong>Corriente alterna<\/strong><\/td>\n<\/tr>\n<tr>\n<td>Rango\/Resoluci\u00f3n<\/td>\n<td>500,00 \u03bcA, 5000,0 \u03bcA, 50.000 mA, 400,00 mA, 5,0000 A, 10.000 A<\/td>\n<\/tr>\n<tr>\n<td>Precisi\u00f3n b\u00e1sica<\/td>\n<td>0,6% (RMS verdadero)<\/td>\n<\/tr>\n<tr>\n<td colspan=\"2\"><strong>Temperatura (excluyendo sonda)<\/strong><\/td>\n<\/tr>\n<tr>\n<td>Rango\/Resoluci\u00f3n<\/td>\n<td>-328 a 2462\u00b0F (-200 a 1350\u00b0C)<\/td>\n<\/tr>\n<tr>\n<td>Precisi\u00f3n b\u00e1sica<\/td>\n<td>1.0%<\/td>\n<\/tr>\n<tr>\n<td colspan=\"2\"><strong>Resistencia<\/strong><\/td>\n<\/tr>\n<tr>\n<td>Rango\/Resoluci\u00f3n<\/td>\n<td>500,00 \u03a9, 5,0000 k\u03a9, 50.000 k\u03a9, 500,00 k\u03a9, 5,0000 M\u03a9, 50,00 M\u03a9, 500,0 M\u03a9<\/td>\n<\/tr>\n<tr>\n<td>Precisi\u00f3n b\u00e1sica<\/td>\n<td>0.05%<\/td>\n<\/tr>\n<tr>\n<td colspan=\"2\"><strong>Capacitancia<\/strong><\/td>\n<\/tr>\n<tr>\n<td>Rango\/Resoluci\u00f3n<\/td>\n<td>1.000 n, 10.00 nF, 100.0 nF, 1.000 \u03bcF, 10.00 \u03bcF, 100.0 \u03bcF, 1000 \u03bcF, 10.00 mF, 100 mF<\/td>\n<\/tr>\n<tr>\n<td>Precisi\u00f3n b\u00e1sica<\/td>\n<td>1.0%<\/td>\n<\/tr>\n<tr>\n<td colspan=\"2\"><strong>Frecuencia<\/strong><\/td>\n<\/tr>\n<tr>\n<td>Rango\/Resoluci\u00f3n<\/td>\n<td>99,999 Hz, 999,99 Hz, 9,9999 kHz, 99,999 kHz, 999,99 kHz<\/td>\n<\/tr>\n<tr>\n<td>Precisi\u00f3n b\u00e1sica<\/td>\n<td>0.005%<\/td>\n<\/tr>\n<tr>\n<td colspan=\"2\"><strong>Especificaciones generales<\/strong><\/td>\n<\/tr>\n<tr>\n<td>Voltaje m\u00e1ximo entre cualquier terminal y tierra<\/td>\n<td>1000 V<\/td>\n<\/tr>\n<tr>\n<td>Tipo de bater\u00eda<\/td>\n<td>6 pilas alcalinas AA, NEDA 15A IECLR6<\/td>\n<\/tr>\n<tr>\n<td>Duraci\u00f3n de la bater\u00eda<\/td>\n<td>100 horas como m\u00ednimo, 200 horas en modo de registro<\/td>\n<\/tr>\n<tr>\n<td>Temperatura de funcionamiento<\/td>\n<td>-4 a 131\u00b0F (-20 a 55\u00b0C)<\/td>\n<\/tr>\n<tr>\n<td>Temperatura de almacenamiento<\/td>\n<td>-40 a 140\u00b0F (-40 a 60\u00b0C)<\/td>\n<\/tr>\n<tr>\n<td>Humedad relativa<\/td>\n<td>0 a 90% a 32 a 98.6\u00b0F (0 a 37\u00b0C) 0 a 65% a 98.6 a 113\u00b0F (37 a 45\u00b0C) 0 a 45% a 113 a 131\u00b0F (45 a 55\u00b0C)<\/td>\n<\/tr>\n<tr>\n<td>Compatibilidad electromagn\u00e9tica<\/td>\n<td>EMC EN61326\u20131<\/td>\n<\/tr>\n<tr>\n<td>Vibraci\u00f3n<\/td>\n<td>Vibraci\u00f3n aleatoria seg\u00fan MIL-PRF-28800F Clase 2<\/td>\n<\/tr>\n<tr>\n<td>Shock<\/td>\n<td>1 metro de ca\u00edda seg\u00fan IEC\/EN 61010\u20131 3\u00aa edici\u00f3n<\/td>\n<\/tr>\n<tr>\n<td>M\u00faltiples pantallas en pantalla<\/td>\n<td>S\u00ed<\/td>\n<\/tr>\n<tr>\n<td>Ancho de banda de CA RMS verdadero<\/td>\n<td>100 kHz<\/td>\n<\/tr>\n<tr>\n<td>dBV\/dBm<\/td>\n<td>S\u00ed<\/td>\n<\/tr>\n<tr>\n<td>Resoluci\u00f3n DC mV<\/td>\n<td>1 \u03bcV<\/td>\n<\/tr>\n<tr>\n<td>Gama Megohm<\/td>\n<td>Hasta 500 M\u03a9<\/td>\n<\/tr>\n<tr>\n<td>Conductancia<\/td>\n<td>50,00 nS<\/td>\n<\/tr>\n<tr>\n<td>Beeper de continuidad<\/td>\n<td>S\u00ed<\/td>\n<\/tr>\n<tr>\n<td>Acceso a la bater\u00eda\/fusible<\/td>\n<td>S\u00ed\/S\u00ed<\/td>\n<\/tr>\n<tr>\n<td>Tiempo de caducidad del reloj<\/td>\n<td>S\u00ed<\/td>\n<\/tr>\n<tr>\n<td>Hora del d\u00eda Reloj<\/td>\n<td>S\u00ed<\/td>\n<\/tr>\n<tr>\n<td>Min-max-avg<\/td>\n<td>S\u00ed<\/td>\n<\/tr>\n<tr>\n<td>Pico<\/td>\n<td>250 \u03bcs<\/td>\n<\/tr>\n<tr>\n<td>Ciclo de trabajo<\/td>\n<td>0,01 a 99,99%<\/td>\n<\/tr>\n<tr>\n<td>Ancho de pulso<\/td>\n<td>0,025 ms, 0,25 ms, 2,5 ms, 1250,0 ms<\/td>\n<\/tr>\n<tr>\n<td>Sostener<\/td>\n<td>S\u00ed<\/td>\n<\/tr>\n<tr>\n<td>Interfaz \u00f3ptica aislada<\/td>\n<td>S\u00ed<\/td>\n<\/tr>\n<tr>\n<td>Retenci\u00f3n autom\u00e1tica\/t\u00e1ctil<\/td>\n<td>S\u00ed<\/td>\n<\/tr>\n<tr>\n<td>Memoria de lectura<\/td>\n<td>S\u00ed<\/td>\n<\/tr>\n<tr>\n<td>Iniciar sesi\u00f3n en PC<\/td>\n<td>S\u00ed<\/td>\n<\/tr>\n<tr>\n<td>Registro de intervalos\/eventos<\/td>\n<td>S\u00ed<\/td>\n<\/tr>\n<tr>\n<td>Registro de memoria<\/td>\n<td>Hasta 10.000 lecturas<\/td>\n<\/tr>\n<tr>\n<td>Dimensiones<\/td>\n<td>8,75 x 4,03 x 2,38&#8243; (22,2 x 10,2 x 6 cm)<\/td>\n<\/tr>\n<tr>\n<td>Peso<\/td>\n<td>1,9 libras (870,9 g)<\/td>\n<\/tr>\n<\/tbody>\n<\/table>\n","protected":false},"excerpt":{"rendered":"<p>Mida el voltaje y la corriente de CA \/ CC, la resistencia, la capacitancia, la frecuencia y la temperatura con este mult\u00edmetro de registro de datos electr\u00f3nicos. TrendCapture muestra r\u00e1pidamente de forma gr\u00e1fica las sesiones de datos registradas para determinar si se han producido anomal\u00edas. Adem\u00e1s, el zoom en la tendencia ofrece la capacidad de ver y analizar los datos de TrendCapture.<\/p>\n","protected":false},"featured_media":2249,"comment_status":"open","ping_status":"closed","template":"","meta":{"_joinchat":[]},"product_brand":[],"product_cat":[15],"product_tag":[],"class_list":{"0":"post-2242","1":"product","2":"type-product","3":"status-publish","4":"has-post-thumbnail","6":"product_cat-sin-categorizar","8":"first","9":"instock","10":"shipping-taxable","11":"product-type-simple"},"yoast_head":"<!-- This site is optimized with the Yoast SEO plugin v26.4 - https:\/\/yoast.com\/wordpress\/plugins\/seo\/ -->\n<title>Mult\u00edmetro de registro de datos fluke 287 true rms electronics con trendcapture - Abaa tienda online<\/title>\n<meta name=\"robots\" content=\"index, follow, max-snippet:-1, max-image-preview:large, max-video-preview:-1\" \/>\n<link rel=\"canonical\" href=\"https:\/\/abaa.mx\/tienda\/multimetro-de-registro-de-datos-fluke-287-true-rms-electronics-con-trendcapture\/\" \/>\n<meta property=\"og:locale\" content=\"es_MX\" \/>\n<meta property=\"og:type\" content=\"article\" \/>\n<meta property=\"og:title\" content=\"Mult\u00edmetro de registro de datos fluke 287 true rms electronics con trendcapture - Abaa tienda online\" \/>\n<meta property=\"og:description\" content=\"Mida el voltaje y la corriente de CA \/ CC, la resistencia, la capacitancia, la frecuencia y la temperatura con este mult\u00edmetro de registro de datos electr\u00f3nicos. TrendCapture muestra r\u00e1pidamente de forma gr\u00e1fica las sesiones de datos registradas para determinar si se han producido anomal\u00edas. Adem\u00e1s, el zoom en la tendencia ofrece la capacidad de ver y analizar los datos de TrendCapture.\" \/>\n<meta property=\"og:url\" content=\"https:\/\/abaa.mx\/tienda\/multimetro-de-registro-de-datos-fluke-287-true-rms-electronics-con-trendcapture\/\" \/>\n<meta property=\"og:site_name\" content=\"Abaa tienda online\" \/>\n<meta property=\"article:modified_time\" content=\"2023-09-20T16:56:54+00:00\" \/>\n<meta property=\"og:image\" content=\"https:\/\/abaa.mx\/tienda\/wp-content\/uploads\/2023\/09\/287.jpg\" \/>\n\t<meta property=\"og:image:width\" content=\"270\" \/>\n\t<meta property=\"og:image:height\" content=\"450\" \/>\n\t<meta property=\"og:image:type\" content=\"image\/jpeg\" \/>\n<meta name=\"twitter:card\" content=\"summary_large_image\" \/>\n<meta name=\"twitter:label1\" content=\"Tiempo de lectura\" \/>\n\t<meta name=\"twitter:data1\" content=\"3 minutos\" \/>\n<script type=\"application\/ld+json\" class=\"yoast-schema-graph\">{\"@context\":\"https:\/\/schema.org\",\"@graph\":[{\"@type\":\"WebPage\",\"@id\":\"https:\/\/abaa.mx\/tienda\/multimetro-de-registro-de-datos-fluke-287-true-rms-electronics-con-trendcapture\/\",\"url\":\"https:\/\/abaa.mx\/tienda\/multimetro-de-registro-de-datos-fluke-287-true-rms-electronics-con-trendcapture\/\",\"name\":\"Mult\u00edmetro de registro de datos fluke 287 true rms electronics con trendcapture - Abaa tienda online\",\"isPartOf\":{\"@id\":\"https:\/\/abaa.mx\/tienda\/#website\"},\"primaryImageOfPage\":{\"@id\":\"https:\/\/abaa.mx\/tienda\/multimetro-de-registro-de-datos-fluke-287-true-rms-electronics-con-trendcapture\/#primaryimage\"},\"image\":{\"@id\":\"https:\/\/abaa.mx\/tienda\/multimetro-de-registro-de-datos-fluke-287-true-rms-electronics-con-trendcapture\/#primaryimage\"},\"thumbnailUrl\":\"https:\/\/abaa.mx\/tienda\/wp-content\/uploads\/2023\/09\/287.jpg\",\"datePublished\":\"2023-09-20T16:56:53+00:00\",\"dateModified\":\"2023-09-20T16:56:54+00:00\",\"breadcrumb\":{\"@id\":\"https:\/\/abaa.mx\/tienda\/multimetro-de-registro-de-datos-fluke-287-true-rms-electronics-con-trendcapture\/#breadcrumb\"},\"inLanguage\":\"es\",\"potentialAction\":[{\"@type\":\"ReadAction\",\"target\":[\"https:\/\/abaa.mx\/tienda\/multimetro-de-registro-de-datos-fluke-287-true-rms-electronics-con-trendcapture\/\"]}]},{\"@type\":\"ImageObject\",\"inLanguage\":\"es\",\"@id\":\"https:\/\/abaa.mx\/tienda\/multimetro-de-registro-de-datos-fluke-287-true-rms-electronics-con-trendcapture\/#primaryimage\",\"url\":\"https:\/\/abaa.mx\/tienda\/wp-content\/uploads\/2023\/09\/287.jpg\",\"contentUrl\":\"https:\/\/abaa.mx\/tienda\/wp-content\/uploads\/2023\/09\/287.jpg\",\"width\":270,\"height\":450,\"caption\":\"multimetro-de-registro-de-datos-fluke-287-true-rms-electronics-con-trendcapture\"},{\"@type\":\"BreadcrumbList\",\"@id\":\"https:\/\/abaa.mx\/tienda\/multimetro-de-registro-de-datos-fluke-287-true-rms-electronics-con-trendcapture\/#breadcrumb\",\"itemListElement\":[{\"@type\":\"ListItem\",\"position\":1,\"name\":\"Inicio\",\"item\":\"https:\/\/abaa.mx\/tienda\/\"},{\"@type\":\"ListItem\",\"position\":2,\"name\":\"Tienda\",\"item\":\"https:\/\/abaa.mx\/tienda\/\"},{\"@type\":\"ListItem\",\"position\":3,\"name\":\"Mult\u00edmetro de registro de datos fluke 287 true rms electronics con trendcapture\"}]},{\"@type\":\"WebSite\",\"@id\":\"https:\/\/abaa.mx\/tienda\/#website\",\"url\":\"https:\/\/abaa.mx\/tienda\/\",\"name\":\"Abaa tienda online\",\"description\":\"Instrumentos de medici\u00f3n\",\"publisher\":{\"@id\":\"https:\/\/abaa.mx\/tienda\/#organization\"},\"potentialAction\":[{\"@type\":\"SearchAction\",\"target\":{\"@type\":\"EntryPoint\",\"urlTemplate\":\"https:\/\/abaa.mx\/tienda\/?s={search_term_string}\"},\"query-input\":{\"@type\":\"PropertyValueSpecification\",\"valueRequired\":true,\"valueName\":\"search_term_string\"}}],\"inLanguage\":\"es\"},{\"@type\":\"Organization\",\"@id\":\"https:\/\/abaa.mx\/tienda\/#organization\",\"name\":\"Abaa tienda online\",\"url\":\"https:\/\/abaa.mx\/tienda\/\",\"logo\":{\"@type\":\"ImageObject\",\"inLanguage\":\"es\",\"@id\":\"https:\/\/abaa.mx\/tienda\/#\/schema\/logo\/image\/\",\"url\":\"https:\/\/abaa.mx\/tienda\/wp-content\/uploads\/2024\/01\/abaa-metrologia-tienda.png\",\"contentUrl\":\"https:\/\/abaa.mx\/tienda\/wp-content\/uploads\/2024\/01\/abaa-metrologia-tienda.png\",\"width\":300,\"height\":141,\"caption\":\"Abaa tienda online\"},\"image\":{\"@id\":\"https:\/\/abaa.mx\/tienda\/#\/schema\/logo\/image\/\"}}]}<\/script>\n<!-- \/ Yoast SEO plugin. -->","yoast_head_json":{"title":"Mult\u00edmetro de registro de datos fluke 287 true rms electronics con trendcapture - Abaa tienda online","robots":{"index":"index","follow":"follow","max-snippet":"max-snippet:-1","max-image-preview":"max-image-preview:large","max-video-preview":"max-video-preview:-1"},"canonical":"https:\/\/abaa.mx\/tienda\/multimetro-de-registro-de-datos-fluke-287-true-rms-electronics-con-trendcapture\/","og_locale":"es_MX","og_type":"article","og_title":"Mult\u00edmetro de registro de datos fluke 287 true rms electronics con trendcapture - Abaa tienda online","og_description":"Mida el voltaje y la corriente de CA \/ CC, la resistencia, la capacitancia, la frecuencia y la temperatura con este mult\u00edmetro de registro de datos electr\u00f3nicos. TrendCapture muestra r\u00e1pidamente de forma gr\u00e1fica las sesiones de datos registradas para determinar si se han producido anomal\u00edas. Adem\u00e1s, el zoom en la tendencia ofrece la capacidad de ver y analizar los datos de TrendCapture.","og_url":"https:\/\/abaa.mx\/tienda\/multimetro-de-registro-de-datos-fluke-287-true-rms-electronics-con-trendcapture\/","og_site_name":"Abaa tienda online","article_modified_time":"2023-09-20T16:56:54+00:00","og_image":[{"width":270,"height":450,"url":"https:\/\/abaa.mx\/tienda\/wp-content\/uploads\/2023\/09\/287.jpg","type":"image\/jpeg"}],"twitter_card":"summary_large_image","twitter_misc":{"Tiempo de lectura":"3 minutos"},"schema":{"@context":"https:\/\/schema.org","@graph":[{"@type":"WebPage","@id":"https:\/\/abaa.mx\/tienda\/multimetro-de-registro-de-datos-fluke-287-true-rms-electronics-con-trendcapture\/","url":"https:\/\/abaa.mx\/tienda\/multimetro-de-registro-de-datos-fluke-287-true-rms-electronics-con-trendcapture\/","name":"Mult\u00edmetro de registro de datos fluke 287 true rms electronics con trendcapture - Abaa tienda online","isPartOf":{"@id":"https:\/\/abaa.mx\/tienda\/#website"},"primaryImageOfPage":{"@id":"https:\/\/abaa.mx\/tienda\/multimetro-de-registro-de-datos-fluke-287-true-rms-electronics-con-trendcapture\/#primaryimage"},"image":{"@id":"https:\/\/abaa.mx\/tienda\/multimetro-de-registro-de-datos-fluke-287-true-rms-electronics-con-trendcapture\/#primaryimage"},"thumbnailUrl":"https:\/\/abaa.mx\/tienda\/wp-content\/uploads\/2023\/09\/287.jpg","datePublished":"2023-09-20T16:56:53+00:00","dateModified":"2023-09-20T16:56:54+00:00","breadcrumb":{"@id":"https:\/\/abaa.mx\/tienda\/multimetro-de-registro-de-datos-fluke-287-true-rms-electronics-con-trendcapture\/#breadcrumb"},"inLanguage":"es","potentialAction":[{"@type":"ReadAction","target":["https:\/\/abaa.mx\/tienda\/multimetro-de-registro-de-datos-fluke-287-true-rms-electronics-con-trendcapture\/"]}]},{"@type":"ImageObject","inLanguage":"es","@id":"https:\/\/abaa.mx\/tienda\/multimetro-de-registro-de-datos-fluke-287-true-rms-electronics-con-trendcapture\/#primaryimage","url":"https:\/\/abaa.mx\/tienda\/wp-content\/uploads\/2023\/09\/287.jpg","contentUrl":"https:\/\/abaa.mx\/tienda\/wp-content\/uploads\/2023\/09\/287.jpg","width":270,"height":450,"caption":"multimetro-de-registro-de-datos-fluke-287-true-rms-electronics-con-trendcapture"},{"@type":"BreadcrumbList","@id":"https:\/\/abaa.mx\/tienda\/multimetro-de-registro-de-datos-fluke-287-true-rms-electronics-con-trendcapture\/#breadcrumb","itemListElement":[{"@type":"ListItem","position":1,"name":"Inicio","item":"https:\/\/abaa.mx\/tienda\/"},{"@type":"ListItem","position":2,"name":"Tienda","item":"https:\/\/abaa.mx\/tienda\/"},{"@type":"ListItem","position":3,"name":"Mult\u00edmetro de registro de datos fluke 287 true rms electronics con trendcapture"}]},{"@type":"WebSite","@id":"https:\/\/abaa.mx\/tienda\/#website","url":"https:\/\/abaa.mx\/tienda\/","name":"Abaa tienda online","description":"Instrumentos de medici\u00f3n","publisher":{"@id":"https:\/\/abaa.mx\/tienda\/#organization"},"potentialAction":[{"@type":"SearchAction","target":{"@type":"EntryPoint","urlTemplate":"https:\/\/abaa.mx\/tienda\/?s={search_term_string}"},"query-input":{"@type":"PropertyValueSpecification","valueRequired":true,"valueName":"search_term_string"}}],"inLanguage":"es"},{"@type":"Organization","@id":"https:\/\/abaa.mx\/tienda\/#organization","name":"Abaa tienda online","url":"https:\/\/abaa.mx\/tienda\/","logo":{"@type":"ImageObject","inLanguage":"es","@id":"https:\/\/abaa.mx\/tienda\/#\/schema\/logo\/image\/","url":"https:\/\/abaa.mx\/tienda\/wp-content\/uploads\/2024\/01\/abaa-metrologia-tienda.png","contentUrl":"https:\/\/abaa.mx\/tienda\/wp-content\/uploads\/2024\/01\/abaa-metrologia-tienda.png","width":300,"height":141,"caption":"Abaa tienda online"},"image":{"@id":"https:\/\/abaa.mx\/tienda\/#\/schema\/logo\/image\/"}}]}},"_links":{"self":[{"href":"https:\/\/abaa.mx\/tienda\/wp-json\/wp\/v2\/product\/2242","targetHints":{"allow":["GET"]}}],"collection":[{"href":"https:\/\/abaa.mx\/tienda\/wp-json\/wp\/v2\/product"}],"about":[{"href":"https:\/\/abaa.mx\/tienda\/wp-json\/wp\/v2\/types\/product"}],"replies":[{"embeddable":true,"href":"https:\/\/abaa.mx\/tienda\/wp-json\/wp\/v2\/comments?post=2242"}],"wp:featuredmedia":[{"embeddable":true,"href":"https:\/\/abaa.mx\/tienda\/wp-json\/wp\/v2\/media\/2249"}],"wp:attachment":[{"href":"https:\/\/abaa.mx\/tienda\/wp-json\/wp\/v2\/media?parent=2242"}],"wp:term":[{"taxonomy":"product_brand","embeddable":true,"href":"https:\/\/abaa.mx\/tienda\/wp-json\/wp\/v2\/product_brand?post=2242"},{"taxonomy":"product_cat","embeddable":true,"href":"https:\/\/abaa.mx\/tienda\/wp-json\/wp\/v2\/product_cat?post=2242"},{"taxonomy":"product_tag","embeddable":true,"href":"https:\/\/abaa.mx\/tienda\/wp-json\/wp\/v2\/product_tag?post=2242"}],"curies":[{"name":"wp","href":"https:\/\/api.w.org\/{rel}","templated":true}]}}