{"id":2234,"date":"2023-09-20T16:33:13","date_gmt":"2023-09-20T16:33:13","guid":{"rendered":"https:\/\/abaa.mx\/tienda\/?post_type=product&#038;p=2234"},"modified":"2023-09-20T16:33:13","modified_gmt":"2023-09-20T16:33:13","slug":"multimetro-fluke-113-true-rms-utility-con-vcheck","status":"publish","type":"product","link":"https:\/\/abaa.mx\/tienda\/multimetro-fluke-113-true-rms-utility-con-vcheck\/","title":{"rendered":"Mult\u00edmetro Fluke 113 True RMS Utility con VCHECK"},"content":{"rendered":"<h4>Fluke 113 ofertas<\/h4>\n<h4><strong>Funciones<\/strong><\/h4>\n<ul>\n<li>Funci\u00f3n de medici\u00f3n de baja impedancia VCHEK\u2122 LoZ para probar simult\u00e1neamente el voltaje o la continuidad<\/li>\n<li>True RMS para mediciones precisas de CA en cargas no lineales<\/li>\n<li>Una gran pantalla retroiluminada permite una f\u00e1cil visibilidad en \u00e1reas con poca luz<\/li>\n<li>Registre las fluctuaciones de la se\u00f1al mediante la funci\u00f3n M\u00edn\/M\u00e1x.<\/li>\n<li>Prueba de diodos para probar germanio, silicio y diodos de potencia de uso general<\/li>\n<li>Funda integral con soportes de sonda para un f\u00e1cil almacenamiento<\/li>\n<li>Rango autom\u00e1tico y manual para mayor funcionalidad de usuario<\/li>\n<li>Cumple con las normas de la categor\u00eda de medici\u00f3n CAT IV 600 V y Categor\u00eda IV 300 V para un mayor nivel de seguridad<\/li>\n<li>El colgador magn\u00e9tico TPAK opcional permite al usuario flexibilidad manos libres (se vende por separado)<\/li>\n<\/ul>\n<h4 style=\"text-align: center;\">Especificaciones de Fluke 113<\/h4>\n<table class=\"table table-striped\">\n<tbody>\n<tr>\n<td colspan=\"2\"><strong>VCHEK<\/strong><\/td>\n<\/tr>\n<tr>\n<td>Gama<\/td>\n<td>6, 60, 600 V<\/td>\n<\/tr>\n<tr>\n<td>Resoluci\u00f3n<\/td>\n<td>0,001, 0,01, 0,1 V<\/td>\n<\/tr>\n<tr>\n<td>Exactitud<\/td>\n<td>CC, 45 a 500 Hz: 2,0% + 3<br \/>\n500 Hz a 1 kHz: 4,0% + 3<\/td>\n<\/tr>\n<tr>\n<td colspan=\"2\"><strong>Prueba de diodo<\/strong><\/td>\n<\/tr>\n<tr>\n<td>Gama<\/td>\n<td>2 V<\/td>\n<\/tr>\n<tr>\n<td>Resoluci\u00f3n<\/td>\n<td>0,001 V<\/td>\n<\/tr>\n<tr>\n<td>Exactitud<\/td>\n<td>2.0% + 3<\/td>\n<\/tr>\n<tr>\n<td colspan=\"2\"><strong>Continuidad<\/strong><\/td>\n<\/tr>\n<tr>\n<td>Exactitud<\/td>\n<td>Beeper en &lt;20 \u03a9, apagado &gt;250 \u03a9 detecta aperturas o cortocircuitos de 500 \u03bcs o m\u00e1s<\/td>\n<\/tr>\n<tr>\n<td colspan=\"2\"><strong>\u03a9<\/strong><\/td>\n<\/tr>\n<tr>\n<td>Gama<\/td>\n<td>600 \u03a9, 6, 60 k\u03a9<\/td>\n<\/tr>\n<tr>\n<td>Resoluci\u00f3n<\/td>\n<td>0,1 \u03a9, 0,001, 0,01 k\u03a9<\/td>\n<\/tr>\n<tr>\n<td>Exactitud<\/td>\n<td>0,9% + 2 0,9% + 1<\/p>\n<p>0,9% + 1<\/td>\n<\/tr>\n<tr>\n<td colspan=\"2\"><strong>Capacitancia<\/strong><\/td>\n<\/tr>\n<tr>\n<td>Gama<\/td>\n<td>1000 nF, 10, 100, 9999 \u03bcF<\/td>\n<\/tr>\n<tr>\n<td>Resoluci\u00f3n<\/td>\n<td>1 nF, 0.01 \u03bcF, 0.1 \u03bcF, 1\u03bcF<\/td>\n<\/tr>\n<tr>\n<td>Exactitud<\/td>\n<td>1,9% + 2 100 a 1000 \u03bcF: 1,9% + 2<\/p>\n<p>1000 \u03bcF: 5% + 20<\/td>\n<\/tr>\n<tr>\n<td colspan=\"2\"><strong>Especificaciones generales<\/strong><\/td>\n<\/tr>\n<tr>\n<td>Voltaje m\u00e1ximo entre cualquier terminal y tierra<\/td>\n<td>600 V<\/td>\n<\/tr>\n<tr>\n<td>Monitor<\/td>\n<td>3\/6000 d\u00edgitos, 4 recuentos, actualizaciones &lt;&gt;\/seg<\/td>\n<\/tr>\n<tr>\n<td>Temperatura de funcionamiento<\/td>\n<td>14 a 122\u00b0F (-10 a 50\u00b0C)<\/td>\n<\/tr>\n<tr>\n<td>Temperatura de almacenamiento<\/td>\n<td>-22 a 140\u00b0F (-40 a 60\u00b0C)<\/td>\n<\/tr>\n<tr>\n<td>Coeficiente de temperatura<\/td>\n<td>0,1 x (precisi\u00f3n especificada)\/\u00b0C (&lt;18 o &gt;28 \u00b0C)<\/td>\n<\/tr>\n<tr>\n<td>Altitud de funcionamiento<\/td>\n<td>6561,7&#8242; (2000 m)<\/td>\n<\/tr>\n<tr>\n<td>Altitud de almacenamiento<\/td>\n<td>32808,4&#8242; (10.000 m)<\/td>\n<\/tr>\n<tr>\n<td>Humedad relativa<\/td>\n<td>95% a 86\u00b0F (30\u00b0C) 75% a 104\u00b0F (40\u00b0C) 45% a 122\u00b0F (50\u00b0C)<\/td>\n<\/tr>\n<tr>\n<td>Tipo de bater\u00eda<\/td>\n<td>9 V alcalino, ANSI 1604A\/IEC 6F22<\/td>\n<\/tr>\n<tr>\n<td>Duraci\u00f3n de la bater\u00eda<\/td>\n<td>Alcalino: 300 horas t\u00edpicas, sin luz de fondo<\/td>\n<\/tr>\n<tr>\n<td>Shock<\/td>\n<td>Ca\u00edda de 3,3&#8242; (1 m) seg\u00fan IEC 61010\u20131\u20132001<\/td>\n<\/tr>\n<tr>\n<td>Vibraci\u00f3n<\/td>\n<td>Seg\u00fan MIL-PRF-28800 para instrumentos de clase 2<\/td>\n<\/tr>\n<tr>\n<td>Dimensiones<\/td>\n<td>6,58 x 33,5 x 1,81&#8243; (167,1 x 85,1 x 46 mm)<\/td>\n<\/tr>\n<tr>\n<td>Peso<\/td>\n<td>13,0 onzas (404 g)<\/td>\n<\/tr>\n<tr>\n<td>Seguridad<\/td>\n<td>Cumple con ANSI \/ ISA 82.02.01 (61010\u20131) 2004, CAN \/ CSA-C22.2 No 61010-1-04, UL 61010\u20131 (2004) e IEC \/ EN 61010\u20131 2nd Edition para medici\u00f3n Categor\u00eda IV, 600 V, Grado de contaminaci\u00f3n 2, EMC EN61326\u20131<\/td>\n<\/tr>\n<tr>\n<td>Reglamento EMI<\/td>\n<td>Cumple con FCC Parte 15, Clase B<\/td>\n<\/tr>\n<\/tbody>\n<\/table>\n","protected":false},"excerpt":{"rendered":"<p>Un medidor de utilidad True RMS f\u00e1cil de usar, que permite a los usuarios realizar r\u00e1pida y f\u00e1cilmente el conjunto b\u00e1sico del medidor y volver a conectar las pruebas y posee las caracter\u00edsticas que necesita para reparar la mayor\u00eda de los problemas el\u00e9ctricos. Adem\u00e1s, cuenta con la funci\u00f3n de medici\u00f3n de baja impedancia VCHEK LoZ, que permite a los usuarios probar simult\u00e1neamente el voltaje o la continuidad.<\/p>\n","protected":false},"featured_media":2238,"comment_status":"open","ping_status":"closed","template":"","meta":{"_joinchat":[]},"product_brand":[],"product_cat":[15],"product_tag":[],"class_list":{"0":"post-2234","1":"product","2":"type-product","3":"status-publish","4":"has-post-thumbnail","6":"product_cat-sin-categorizar","8":"first","9":"instock","10":"shipping-taxable","11":"product-type-simple"},"yoast_head":"<!-- This site is optimized with the Yoast SEO plugin v26.4 - https:\/\/yoast.com\/wordpress\/plugins\/seo\/ -->\n<title>Mult\u00edmetro Fluke 113 True RMS Utility con VCHECK - Abaa tienda online<\/title>\n<meta name=\"robots\" content=\"index, follow, max-snippet:-1, max-image-preview:large, max-video-preview:-1\" \/>\n<link rel=\"canonical\" href=\"https:\/\/abaa.mx\/tienda\/multimetro-fluke-113-true-rms-utility-con-vcheck\/\" \/>\n<meta property=\"og:locale\" content=\"es_MX\" \/>\n<meta property=\"og:type\" content=\"article\" \/>\n<meta property=\"og:title\" content=\"Mult\u00edmetro Fluke 113 True RMS Utility con VCHECK - Abaa tienda online\" \/>\n<meta property=\"og:description\" content=\"Un medidor de utilidad True RMS f\u00e1cil de usar, que permite a los usuarios realizar r\u00e1pida y f\u00e1cilmente el conjunto b\u00e1sico del medidor y volver a conectar las pruebas y posee las caracter\u00edsticas que necesita para reparar la mayor\u00eda de los problemas el\u00e9ctricos. Adem\u00e1s, cuenta con la funci\u00f3n de medici\u00f3n de baja impedancia VCHEK LoZ, que permite a los usuarios probar simult\u00e1neamente el voltaje o la continuidad.\" \/>\n<meta property=\"og:url\" content=\"https:\/\/abaa.mx\/tienda\/multimetro-fluke-113-true-rms-utility-con-vcheck\/\" \/>\n<meta property=\"og:site_name\" content=\"Abaa tienda online\" \/>\n<meta property=\"og:image\" content=\"https:\/\/abaa.mx\/tienda\/wp-content\/uploads\/2023\/09\/113.jpg\" \/>\n\t<meta property=\"og:image:width\" content=\"270\" \/>\n\t<meta property=\"og:image:height\" content=\"450\" \/>\n\t<meta property=\"og:image:type\" content=\"image\/jpeg\" \/>\n<meta name=\"twitter:card\" content=\"summary_large_image\" \/>\n<meta name=\"twitter:label1\" content=\"Tiempo de lectura\" \/>\n\t<meta name=\"twitter:data1\" content=\"2 minutos\" \/>\n<script type=\"application\/ld+json\" class=\"yoast-schema-graph\">{\"@context\":\"https:\/\/schema.org\",\"@graph\":[{\"@type\":\"WebPage\",\"@id\":\"https:\/\/abaa.mx\/tienda\/multimetro-fluke-113-true-rms-utility-con-vcheck\/\",\"url\":\"https:\/\/abaa.mx\/tienda\/multimetro-fluke-113-true-rms-utility-con-vcheck\/\",\"name\":\"Mult\u00edmetro Fluke 113 True RMS Utility con VCHECK - Abaa tienda online\",\"isPartOf\":{\"@id\":\"https:\/\/abaa.mx\/tienda\/#website\"},\"primaryImageOfPage\":{\"@id\":\"https:\/\/abaa.mx\/tienda\/multimetro-fluke-113-true-rms-utility-con-vcheck\/#primaryimage\"},\"image\":{\"@id\":\"https:\/\/abaa.mx\/tienda\/multimetro-fluke-113-true-rms-utility-con-vcheck\/#primaryimage\"},\"thumbnailUrl\":\"https:\/\/abaa.mx\/tienda\/wp-content\/uploads\/2023\/09\/113.jpg\",\"datePublished\":\"2023-09-20T16:33:13+00:00\",\"breadcrumb\":{\"@id\":\"https:\/\/abaa.mx\/tienda\/multimetro-fluke-113-true-rms-utility-con-vcheck\/#breadcrumb\"},\"inLanguage\":\"es\",\"potentialAction\":[{\"@type\":\"ReadAction\",\"target\":[\"https:\/\/abaa.mx\/tienda\/multimetro-fluke-113-true-rms-utility-con-vcheck\/\"]}]},{\"@type\":\"ImageObject\",\"inLanguage\":\"es\",\"@id\":\"https:\/\/abaa.mx\/tienda\/multimetro-fluke-113-true-rms-utility-con-vcheck\/#primaryimage\",\"url\":\"https:\/\/abaa.mx\/tienda\/wp-content\/uploads\/2023\/09\/113.jpg\",\"contentUrl\":\"https:\/\/abaa.mx\/tienda\/wp-content\/uploads\/2023\/09\/113.jpg\",\"width\":270,\"height\":450,\"caption\":\"multimetro-fluke-113-true-rms-utility-con-vcheck\"},{\"@type\":\"BreadcrumbList\",\"@id\":\"https:\/\/abaa.mx\/tienda\/multimetro-fluke-113-true-rms-utility-con-vcheck\/#breadcrumb\",\"itemListElement\":[{\"@type\":\"ListItem\",\"position\":1,\"name\":\"Inicio\",\"item\":\"https:\/\/abaa.mx\/tienda\/\"},{\"@type\":\"ListItem\",\"position\":2,\"name\":\"Tienda\",\"item\":\"https:\/\/abaa.mx\/tienda\/\"},{\"@type\":\"ListItem\",\"position\":3,\"name\":\"Mult\u00edmetro Fluke 113 True RMS Utility con VCHECK\"}]},{\"@type\":\"WebSite\",\"@id\":\"https:\/\/abaa.mx\/tienda\/#website\",\"url\":\"https:\/\/abaa.mx\/tienda\/\",\"name\":\"Abaa tienda online\",\"description\":\"Instrumentos de medici\u00f3n\",\"publisher\":{\"@id\":\"https:\/\/abaa.mx\/tienda\/#organization\"},\"potentialAction\":[{\"@type\":\"SearchAction\",\"target\":{\"@type\":\"EntryPoint\",\"urlTemplate\":\"https:\/\/abaa.mx\/tienda\/?s={search_term_string}\"},\"query-input\":{\"@type\":\"PropertyValueSpecification\",\"valueRequired\":true,\"valueName\":\"search_term_string\"}}],\"inLanguage\":\"es\"},{\"@type\":\"Organization\",\"@id\":\"https:\/\/abaa.mx\/tienda\/#organization\",\"name\":\"Abaa tienda online\",\"url\":\"https:\/\/abaa.mx\/tienda\/\",\"logo\":{\"@type\":\"ImageObject\",\"inLanguage\":\"es\",\"@id\":\"https:\/\/abaa.mx\/tienda\/#\/schema\/logo\/image\/\",\"url\":\"https:\/\/abaa.mx\/tienda\/wp-content\/uploads\/2024\/01\/abaa-metrologia-tienda.png\",\"contentUrl\":\"https:\/\/abaa.mx\/tienda\/wp-content\/uploads\/2024\/01\/abaa-metrologia-tienda.png\",\"width\":300,\"height\":141,\"caption\":\"Abaa tienda online\"},\"image\":{\"@id\":\"https:\/\/abaa.mx\/tienda\/#\/schema\/logo\/image\/\"}}]}<\/script>\n<!-- \/ Yoast SEO plugin. -->","yoast_head_json":{"title":"Mult\u00edmetro Fluke 113 True RMS Utility con VCHECK - Abaa tienda online","robots":{"index":"index","follow":"follow","max-snippet":"max-snippet:-1","max-image-preview":"max-image-preview:large","max-video-preview":"max-video-preview:-1"},"canonical":"https:\/\/abaa.mx\/tienda\/multimetro-fluke-113-true-rms-utility-con-vcheck\/","og_locale":"es_MX","og_type":"article","og_title":"Mult\u00edmetro Fluke 113 True RMS Utility con VCHECK - Abaa tienda online","og_description":"Un medidor de utilidad True RMS f\u00e1cil de usar, que permite a los usuarios realizar r\u00e1pida y f\u00e1cilmente el conjunto b\u00e1sico del medidor y volver a conectar las pruebas y posee las caracter\u00edsticas que necesita para reparar la mayor\u00eda de los problemas el\u00e9ctricos. Adem\u00e1s, cuenta con la funci\u00f3n de medici\u00f3n de baja impedancia VCHEK LoZ, que permite a los usuarios probar simult\u00e1neamente el voltaje o la continuidad.","og_url":"https:\/\/abaa.mx\/tienda\/multimetro-fluke-113-true-rms-utility-con-vcheck\/","og_site_name":"Abaa tienda online","og_image":[{"width":270,"height":450,"url":"https:\/\/abaa.mx\/tienda\/wp-content\/uploads\/2023\/09\/113.jpg","type":"image\/jpeg"}],"twitter_card":"summary_large_image","twitter_misc":{"Tiempo de lectura":"2 minutos"},"schema":{"@context":"https:\/\/schema.org","@graph":[{"@type":"WebPage","@id":"https:\/\/abaa.mx\/tienda\/multimetro-fluke-113-true-rms-utility-con-vcheck\/","url":"https:\/\/abaa.mx\/tienda\/multimetro-fluke-113-true-rms-utility-con-vcheck\/","name":"Mult\u00edmetro Fluke 113 True RMS Utility con VCHECK - Abaa tienda online","isPartOf":{"@id":"https:\/\/abaa.mx\/tienda\/#website"},"primaryImageOfPage":{"@id":"https:\/\/abaa.mx\/tienda\/multimetro-fluke-113-true-rms-utility-con-vcheck\/#primaryimage"},"image":{"@id":"https:\/\/abaa.mx\/tienda\/multimetro-fluke-113-true-rms-utility-con-vcheck\/#primaryimage"},"thumbnailUrl":"https:\/\/abaa.mx\/tienda\/wp-content\/uploads\/2023\/09\/113.jpg","datePublished":"2023-09-20T16:33:13+00:00","breadcrumb":{"@id":"https:\/\/abaa.mx\/tienda\/multimetro-fluke-113-true-rms-utility-con-vcheck\/#breadcrumb"},"inLanguage":"es","potentialAction":[{"@type":"ReadAction","target":["https:\/\/abaa.mx\/tienda\/multimetro-fluke-113-true-rms-utility-con-vcheck\/"]}]},{"@type":"ImageObject","inLanguage":"es","@id":"https:\/\/abaa.mx\/tienda\/multimetro-fluke-113-true-rms-utility-con-vcheck\/#primaryimage","url":"https:\/\/abaa.mx\/tienda\/wp-content\/uploads\/2023\/09\/113.jpg","contentUrl":"https:\/\/abaa.mx\/tienda\/wp-content\/uploads\/2023\/09\/113.jpg","width":270,"height":450,"caption":"multimetro-fluke-113-true-rms-utility-con-vcheck"},{"@type":"BreadcrumbList","@id":"https:\/\/abaa.mx\/tienda\/multimetro-fluke-113-true-rms-utility-con-vcheck\/#breadcrumb","itemListElement":[{"@type":"ListItem","position":1,"name":"Inicio","item":"https:\/\/abaa.mx\/tienda\/"},{"@type":"ListItem","position":2,"name":"Tienda","item":"https:\/\/abaa.mx\/tienda\/"},{"@type":"ListItem","position":3,"name":"Mult\u00edmetro Fluke 113 True RMS Utility con VCHECK"}]},{"@type":"WebSite","@id":"https:\/\/abaa.mx\/tienda\/#website","url":"https:\/\/abaa.mx\/tienda\/","name":"Abaa tienda online","description":"Instrumentos de medici\u00f3n","publisher":{"@id":"https:\/\/abaa.mx\/tienda\/#organization"},"potentialAction":[{"@type":"SearchAction","target":{"@type":"EntryPoint","urlTemplate":"https:\/\/abaa.mx\/tienda\/?s={search_term_string}"},"query-input":{"@type":"PropertyValueSpecification","valueRequired":true,"valueName":"search_term_string"}}],"inLanguage":"es"},{"@type":"Organization","@id":"https:\/\/abaa.mx\/tienda\/#organization","name":"Abaa tienda online","url":"https:\/\/abaa.mx\/tienda\/","logo":{"@type":"ImageObject","inLanguage":"es","@id":"https:\/\/abaa.mx\/tienda\/#\/schema\/logo\/image\/","url":"https:\/\/abaa.mx\/tienda\/wp-content\/uploads\/2024\/01\/abaa-metrologia-tienda.png","contentUrl":"https:\/\/abaa.mx\/tienda\/wp-content\/uploads\/2024\/01\/abaa-metrologia-tienda.png","width":300,"height":141,"caption":"Abaa tienda online"},"image":{"@id":"https:\/\/abaa.mx\/tienda\/#\/schema\/logo\/image\/"}}]}},"_links":{"self":[{"href":"https:\/\/abaa.mx\/tienda\/wp-json\/wp\/v2\/product\/2234","targetHints":{"allow":["GET"]}}],"collection":[{"href":"https:\/\/abaa.mx\/tienda\/wp-json\/wp\/v2\/product"}],"about":[{"href":"https:\/\/abaa.mx\/tienda\/wp-json\/wp\/v2\/types\/product"}],"replies":[{"embeddable":true,"href":"https:\/\/abaa.mx\/tienda\/wp-json\/wp\/v2\/comments?post=2234"}],"wp:featuredmedia":[{"embeddable":true,"href":"https:\/\/abaa.mx\/tienda\/wp-json\/wp\/v2\/media\/2238"}],"wp:attachment":[{"href":"https:\/\/abaa.mx\/tienda\/wp-json\/wp\/v2\/media?parent=2234"}],"wp:term":[{"taxonomy":"product_brand","embeddable":true,"href":"https:\/\/abaa.mx\/tienda\/wp-json\/wp\/v2\/product_brand?post=2234"},{"taxonomy":"product_cat","embeddable":true,"href":"https:\/\/abaa.mx\/tienda\/wp-json\/wp\/v2\/product_cat?post=2234"},{"taxonomy":"product_tag","embeddable":true,"href":"https:\/\/abaa.mx\/tienda\/wp-json\/wp\/v2\/product_tag?post=2234"}],"curies":[{"name":"wp","href":"https:\/\/api.w.org\/{rel}","templated":true}]}}