{"id":2232,"date":"2023-09-20T16:32:59","date_gmt":"2023-09-20T16:32:59","guid":{"rendered":"https:\/\/abaa.mx\/tienda\/?post_type=product&#038;p=2232"},"modified":"2023-09-20T16:32:59","modified_gmt":"2023-09-20T16:32:59","slug":"multimetro-de-pantalla-remota-fluke-233-nist-con-pantalla-desmontable","status":"publish","type":"product","link":"https:\/\/abaa.mx\/tienda\/multimetro-de-pantalla-remota-fluke-233-nist-con-pantalla-desmontable\/","title":{"rendered":"Mult\u00edmetro de pantalla remota Fluke 233-NIST con pantalla desmontable."},"content":{"rendered":"<h4>Ofertas de Fluke 233-NIST<\/h4>\n<p><strong>El mult\u00edmetro digital de pantalla remota True RMS le brinda la m\u00e1xima flexibilidad en situaciones de medici\u00f3n dif\u00edciles<\/strong><\/p>\n<p>La pantalla extra\u00edble ofrece a los usuarios la capacidad de tomar medidas en \u00e1reas de dif\u00edcil acceso o acceso restringido. Tambi\u00e9n permite a los usuarios estar en dos lugares a la vez y disminuye el riesgo de arco el\u00e9ctrico al separar a los usuarios de situaciones de medici\u00f3n peligrosas. Simplemente conecte el mult\u00edmetro al punto de prueba y luego coloque la pantalla en un lugar de hasta 33 pies (10 m) de distancia de donde pueda verlo. Este mult\u00edmetro de pantalla remota es ideal para aplicaciones donde el punto de medici\u00f3n est\u00e1 desconectado de los controles o donde los usuarios no pueden permanecer cerca del medidor durante las mediciones debido a peligros, maquinaria en movimiento o en salas limpias. Adem\u00e1s, cuenta con voltaje y corriente de CA True RMS para mediciones precisas en se\u00f1ales no lineales.<\/p>\n<p>Este producto incluye un certificado trazable con datos completos e incertidumbres.<\/p>\n<h4><strong>Funciones<\/strong><\/h4>\n<ul>\n<li>Voltaje y corriente de CA true-rms para mediciones precisas en se\u00f1ales no lineales<\/li>\n<li>Mide hasta 1000 V CA y CC<\/li>\n<li>Mide hasta 10 A (20 A durante 30 segundos)<\/li>\n<li>Rango de capacitancia de 10,000 \u03bcF<\/li>\n<li>Frecuencia hasta 50 kHz<\/li>\n<li>El term\u00f3metro incorporado le permite tomar lecturas de temperatura convenientemente sin tener que llevar un instrumento separado<\/li>\n<li>Prueba de resistencia, continuidad y diodos<\/li>\n<li>La tecnolog\u00eda inal\u00e1mbrica de baja potencia permite que la pantalla se lleve hasta 33&#8242; (10 m) de distancia del punto de medici\u00f3n para mayor flexibilidad<\/li>\n<li>Sin interferencias con las mediciones<\/li>\n<li>La pantalla magn\u00e9tica extra\u00edble se puede montar convenientemente donde se vea f\u00e1cilmente<\/li>\n<li>Realice mediciones sin sostener el medidor para mejorar el enfoque visual en las sondas y aumentar las mediciones el\u00e9ctricas seguras<\/li>\n<li>Util\u00edcelo como mult\u00edmetro convencional cuando la pantalla est\u00e9 conectada<\/li>\n<li>El transmisor de radio se apaga autom\u00e1ticamente cuando la pantalla est\u00e1 conectada al medidor<\/li>\n<li>El apagado autom\u00e1tico maximiza la duraci\u00f3n de la bater\u00eda<\/li>\n<li>Grabaci\u00f3n m\u00ednima\/m\u00e1xica y media para capturar variaciones autom\u00e1ticamente<\/li>\n<li>Pantalla f\u00e1cil de leer con d\u00edgitos grandes y luz de fondo brillante<\/li>\n<li>Duraci\u00f3n de la bater\u00eda de aproximadamente 400 horas<\/li>\n<\/ul>\n<h4>Especificaciones de Fluke 233-NIST<\/h4>\n<table class=\"table table-striped\">\n<tbody>\n<tr>\n<td colspan=\"2\"><strong>Especificaciones de precisi\u00f3n<\/strong><\/td>\n<\/tr>\n<tr>\n<td>Voltaje de CC<\/td>\n<td>Rango: 0.1 mV a 1000 V<br \/>\nPrecisi\u00f3n: 0.25% + 2<\/td>\n<\/tr>\n<tr>\n<td>Voltaje de CA<\/td>\n<td>Rango: 0.1 mV a 1000 V<br \/>\nPrecisi\u00f3n: 1.0% + 3<\/td>\n<\/tr>\n<tr>\n<td>Corriente continua<\/td>\n<td>Rango: 0.1 mA a 10 A<br \/>\nPrecisi\u00f3n: 1.0% + 3<\/td>\n<\/tr>\n<tr>\n<td>Corriente alterna<\/td>\n<td>Rango: 0.1 mA a 10 A<br \/>\nPrecisi\u00f3n: 1.5% + 3<\/td>\n<\/tr>\n<tr>\n<td>Resistencia<\/td>\n<td>Rango: 0.1 \u03a9 a 40 M\u03a9<\/td>\n<\/tr>\n<tr>\n<td>Cuenta<\/td>\n<td>6000<\/td>\n<\/tr>\n<tr>\n<td>Capacitancia<\/td>\n<td>1000 nF a 9999 \u03bcF<\/td>\n<\/tr>\n<tr>\n<td>Frecuencia<\/td>\n<td>De 0,1 Hz a 50,00 kHz<\/td>\n<\/tr>\n<tr>\n<td>Temperatura<\/td>\n<td>-40 a 752\u00b0F (-40 a 400\u00b0C)<\/td>\n<\/tr>\n<tr>\n<td colspan=\"2\"><strong>Especificaciones generales<\/strong><\/td>\n<\/tr>\n<tr>\n<td>AC True RMS<\/td>\n<td>S\u00ed<\/td>\n<\/tr>\n<tr>\n<td>Rango<\/td>\n<td>Autom\u00e1tico\/Manual<\/td>\n<\/tr>\n<tr>\n<td>Luz de fondo<\/td>\n<td>S\u00ed<\/td>\n<\/tr>\n<tr>\n<td>M\u00edn.\/M\u00e1x.\/Promedio<\/td>\n<td>S\u00ed<\/td>\n<\/tr>\n<tr>\n<td>Pantalla extra\u00edble<\/td>\n<td>S\u00ed<\/td>\n<\/tr>\n<tr>\n<td>Protecci\u00f3n externa<\/td>\n<td>Sobremoldeo de caucho<\/td>\n<\/tr>\n<tr>\n<td>Poder<\/td>\n<td>3 x pilas alcalinas AA para el cuerpo<br \/>\nprincipal 2 pilas alcalinas AA para pantalla<\/td>\n<\/tr>\n<tr>\n<td>Duraci\u00f3n de la bater\u00eda<\/td>\n<td>400 horas<\/td>\n<\/tr>\n<tr>\n<td>Frecuencia inal\u00e1mbrica<\/td>\n<td>Rango de 2,4 GHz en banda ISM de 32,8&#8242; (10 m)<\/td>\n<\/tr>\n<tr>\n<td>Clasificaci\u00f3n de seguridad<\/td>\n<td>CAT IV 600 V, CAT III 1000 V<\/td>\n<\/tr>\n<tr>\n<td>Dimensiones<\/td>\n<td>2,08 x 2,08 x 7,6&#8243; (5,3 x 5,3 x 19,3 cm)<\/td>\n<\/tr>\n<tr>\n<td>Peso<\/td>\n<td>1,3 libras (604 g)<\/td>\n<\/tr>\n<\/tbody>\n<\/table>\n","protected":false},"excerpt":{"rendered":"<p>Viene con una pantalla extra\u00edble que permite a los usuarios estar en dos lugares a la vez y reducir el riesgo de arco el\u00e9ctrico al separarse de situaciones de medici\u00f3n peligrosas.<\/p>\n","protected":false},"featured_media":2239,"comment_status":"open","ping_status":"closed","template":"","meta":{"_joinchat":[]},"product_brand":[],"product_cat":[15],"product_tag":[],"class_list":{"0":"post-2232","1":"product","2":"type-product","3":"status-publish","4":"has-post-thumbnail","6":"product_cat-sin-categorizar","8":"first","9":"instock","10":"shipping-taxable","11":"product-type-simple"},"yoast_head":"<!-- This site is optimized with the Yoast SEO plugin v26.4 - https:\/\/yoast.com\/wordpress\/plugins\/seo\/ -->\n<title>Mult\u00edmetro de pantalla remota Fluke 233-NIST con pantalla desmontable. - Abaa tienda online<\/title>\n<meta name=\"robots\" content=\"index, follow, max-snippet:-1, max-image-preview:large, max-video-preview:-1\" \/>\n<link rel=\"canonical\" href=\"https:\/\/abaa.mx\/tienda\/multimetro-de-pantalla-remota-fluke-233-nist-con-pantalla-desmontable\/\" \/>\n<meta property=\"og:locale\" content=\"es_MX\" \/>\n<meta property=\"og:type\" content=\"article\" \/>\n<meta property=\"og:title\" content=\"Mult\u00edmetro de pantalla remota Fluke 233-NIST con pantalla desmontable. - Abaa tienda online\" \/>\n<meta property=\"og:description\" content=\"Viene con una pantalla extra\u00edble que permite a los usuarios estar en dos lugares a la vez y reducir el riesgo de arco el\u00e9ctrico al separarse de situaciones de medici\u00f3n peligrosas.\" \/>\n<meta property=\"og:url\" content=\"https:\/\/abaa.mx\/tienda\/multimetro-de-pantalla-remota-fluke-233-nist-con-pantalla-desmontable\/\" \/>\n<meta property=\"og:site_name\" content=\"Abaa tienda online\" \/>\n<meta property=\"og:image\" content=\"https:\/\/abaa.mx\/tienda\/wp-content\/uploads\/2023\/09\/233-NIST-1.jpg\" \/>\n\t<meta property=\"og:image:width\" content=\"474\" \/>\n\t<meta property=\"og:image:height\" content=\"474\" \/>\n\t<meta property=\"og:image:type\" content=\"image\/jpeg\" \/>\n<meta name=\"twitter:card\" content=\"summary_large_image\" \/>\n<meta name=\"twitter:label1\" content=\"Tiempo de lectura\" \/>\n\t<meta name=\"twitter:data1\" content=\"3 minutos\" \/>\n<script type=\"application\/ld+json\" class=\"yoast-schema-graph\">{\"@context\":\"https:\/\/schema.org\",\"@graph\":[{\"@type\":\"WebPage\",\"@id\":\"https:\/\/abaa.mx\/tienda\/multimetro-de-pantalla-remota-fluke-233-nist-con-pantalla-desmontable\/\",\"url\":\"https:\/\/abaa.mx\/tienda\/multimetro-de-pantalla-remota-fluke-233-nist-con-pantalla-desmontable\/\",\"name\":\"Mult\u00edmetro de pantalla remota Fluke 233-NIST con pantalla desmontable. - Abaa tienda online\",\"isPartOf\":{\"@id\":\"https:\/\/abaa.mx\/tienda\/#website\"},\"primaryImageOfPage\":{\"@id\":\"https:\/\/abaa.mx\/tienda\/multimetro-de-pantalla-remota-fluke-233-nist-con-pantalla-desmontable\/#primaryimage\"},\"image\":{\"@id\":\"https:\/\/abaa.mx\/tienda\/multimetro-de-pantalla-remota-fluke-233-nist-con-pantalla-desmontable\/#primaryimage\"},\"thumbnailUrl\":\"https:\/\/abaa.mx\/tienda\/wp-content\/uploads\/2023\/09\/233-NIST-1.jpg\",\"datePublished\":\"2023-09-20T16:32:59+00:00\",\"breadcrumb\":{\"@id\":\"https:\/\/abaa.mx\/tienda\/multimetro-de-pantalla-remota-fluke-233-nist-con-pantalla-desmontable\/#breadcrumb\"},\"inLanguage\":\"es\",\"potentialAction\":[{\"@type\":\"ReadAction\",\"target\":[\"https:\/\/abaa.mx\/tienda\/multimetro-de-pantalla-remota-fluke-233-nist-con-pantalla-desmontable\/\"]}]},{\"@type\":\"ImageObject\",\"inLanguage\":\"es\",\"@id\":\"https:\/\/abaa.mx\/tienda\/multimetro-de-pantalla-remota-fluke-233-nist-con-pantalla-desmontable\/#primaryimage\",\"url\":\"https:\/\/abaa.mx\/tienda\/wp-content\/uploads\/2023\/09\/233-NIST-1.jpg\",\"contentUrl\":\"https:\/\/abaa.mx\/tienda\/wp-content\/uploads\/2023\/09\/233-NIST-1.jpg\",\"width\":474,\"height\":474,\"caption\":\"multimetro-de-pantalla-remota-fluke-233-nist-con-pantalla-desmontable\"},{\"@type\":\"BreadcrumbList\",\"@id\":\"https:\/\/abaa.mx\/tienda\/multimetro-de-pantalla-remota-fluke-233-nist-con-pantalla-desmontable\/#breadcrumb\",\"itemListElement\":[{\"@type\":\"ListItem\",\"position\":1,\"name\":\"Inicio\",\"item\":\"https:\/\/abaa.mx\/tienda\/\"},{\"@type\":\"ListItem\",\"position\":2,\"name\":\"Tienda\",\"item\":\"https:\/\/abaa.mx\/tienda\/\"},{\"@type\":\"ListItem\",\"position\":3,\"name\":\"Mult\u00edmetro de pantalla remota Fluke 233-NIST con pantalla desmontable.\"}]},{\"@type\":\"WebSite\",\"@id\":\"https:\/\/abaa.mx\/tienda\/#website\",\"url\":\"https:\/\/abaa.mx\/tienda\/\",\"name\":\"Abaa tienda online\",\"description\":\"Instrumentos de medici\u00f3n\",\"publisher\":{\"@id\":\"https:\/\/abaa.mx\/tienda\/#organization\"},\"potentialAction\":[{\"@type\":\"SearchAction\",\"target\":{\"@type\":\"EntryPoint\",\"urlTemplate\":\"https:\/\/abaa.mx\/tienda\/?s={search_term_string}\"},\"query-input\":{\"@type\":\"PropertyValueSpecification\",\"valueRequired\":true,\"valueName\":\"search_term_string\"}}],\"inLanguage\":\"es\"},{\"@type\":\"Organization\",\"@id\":\"https:\/\/abaa.mx\/tienda\/#organization\",\"name\":\"Abaa tienda online\",\"url\":\"https:\/\/abaa.mx\/tienda\/\",\"logo\":{\"@type\":\"ImageObject\",\"inLanguage\":\"es\",\"@id\":\"https:\/\/abaa.mx\/tienda\/#\/schema\/logo\/image\/\",\"url\":\"https:\/\/abaa.mx\/tienda\/wp-content\/uploads\/2024\/01\/abaa-metrologia-tienda.png\",\"contentUrl\":\"https:\/\/abaa.mx\/tienda\/wp-content\/uploads\/2024\/01\/abaa-metrologia-tienda.png\",\"width\":300,\"height\":141,\"caption\":\"Abaa tienda online\"},\"image\":{\"@id\":\"https:\/\/abaa.mx\/tienda\/#\/schema\/logo\/image\/\"}}]}<\/script>\n<!-- \/ Yoast SEO plugin. -->","yoast_head_json":{"title":"Mult\u00edmetro de pantalla remota Fluke 233-NIST con pantalla desmontable. - Abaa tienda online","robots":{"index":"index","follow":"follow","max-snippet":"max-snippet:-1","max-image-preview":"max-image-preview:large","max-video-preview":"max-video-preview:-1"},"canonical":"https:\/\/abaa.mx\/tienda\/multimetro-de-pantalla-remota-fluke-233-nist-con-pantalla-desmontable\/","og_locale":"es_MX","og_type":"article","og_title":"Mult\u00edmetro de pantalla remota Fluke 233-NIST con pantalla desmontable. - Abaa tienda online","og_description":"Viene con una pantalla extra\u00edble que permite a los usuarios estar en dos lugares a la vez y reducir el riesgo de arco el\u00e9ctrico al separarse de situaciones de medici\u00f3n peligrosas.","og_url":"https:\/\/abaa.mx\/tienda\/multimetro-de-pantalla-remota-fluke-233-nist-con-pantalla-desmontable\/","og_site_name":"Abaa tienda online","og_image":[{"width":474,"height":474,"url":"https:\/\/abaa.mx\/tienda\/wp-content\/uploads\/2023\/09\/233-NIST-1.jpg","type":"image\/jpeg"}],"twitter_card":"summary_large_image","twitter_misc":{"Tiempo de lectura":"3 minutos"},"schema":{"@context":"https:\/\/schema.org","@graph":[{"@type":"WebPage","@id":"https:\/\/abaa.mx\/tienda\/multimetro-de-pantalla-remota-fluke-233-nist-con-pantalla-desmontable\/","url":"https:\/\/abaa.mx\/tienda\/multimetro-de-pantalla-remota-fluke-233-nist-con-pantalla-desmontable\/","name":"Mult\u00edmetro de pantalla remota Fluke 233-NIST con pantalla desmontable. - Abaa tienda online","isPartOf":{"@id":"https:\/\/abaa.mx\/tienda\/#website"},"primaryImageOfPage":{"@id":"https:\/\/abaa.mx\/tienda\/multimetro-de-pantalla-remota-fluke-233-nist-con-pantalla-desmontable\/#primaryimage"},"image":{"@id":"https:\/\/abaa.mx\/tienda\/multimetro-de-pantalla-remota-fluke-233-nist-con-pantalla-desmontable\/#primaryimage"},"thumbnailUrl":"https:\/\/abaa.mx\/tienda\/wp-content\/uploads\/2023\/09\/233-NIST-1.jpg","datePublished":"2023-09-20T16:32:59+00:00","breadcrumb":{"@id":"https:\/\/abaa.mx\/tienda\/multimetro-de-pantalla-remota-fluke-233-nist-con-pantalla-desmontable\/#breadcrumb"},"inLanguage":"es","potentialAction":[{"@type":"ReadAction","target":["https:\/\/abaa.mx\/tienda\/multimetro-de-pantalla-remota-fluke-233-nist-con-pantalla-desmontable\/"]}]},{"@type":"ImageObject","inLanguage":"es","@id":"https:\/\/abaa.mx\/tienda\/multimetro-de-pantalla-remota-fluke-233-nist-con-pantalla-desmontable\/#primaryimage","url":"https:\/\/abaa.mx\/tienda\/wp-content\/uploads\/2023\/09\/233-NIST-1.jpg","contentUrl":"https:\/\/abaa.mx\/tienda\/wp-content\/uploads\/2023\/09\/233-NIST-1.jpg","width":474,"height":474,"caption":"multimetro-de-pantalla-remota-fluke-233-nist-con-pantalla-desmontable"},{"@type":"BreadcrumbList","@id":"https:\/\/abaa.mx\/tienda\/multimetro-de-pantalla-remota-fluke-233-nist-con-pantalla-desmontable\/#breadcrumb","itemListElement":[{"@type":"ListItem","position":1,"name":"Inicio","item":"https:\/\/abaa.mx\/tienda\/"},{"@type":"ListItem","position":2,"name":"Tienda","item":"https:\/\/abaa.mx\/tienda\/"},{"@type":"ListItem","position":3,"name":"Mult\u00edmetro de pantalla remota Fluke 233-NIST con pantalla desmontable."}]},{"@type":"WebSite","@id":"https:\/\/abaa.mx\/tienda\/#website","url":"https:\/\/abaa.mx\/tienda\/","name":"Abaa tienda online","description":"Instrumentos de medici\u00f3n","publisher":{"@id":"https:\/\/abaa.mx\/tienda\/#organization"},"potentialAction":[{"@type":"SearchAction","target":{"@type":"EntryPoint","urlTemplate":"https:\/\/abaa.mx\/tienda\/?s={search_term_string}"},"query-input":{"@type":"PropertyValueSpecification","valueRequired":true,"valueName":"search_term_string"}}],"inLanguage":"es"},{"@type":"Organization","@id":"https:\/\/abaa.mx\/tienda\/#organization","name":"Abaa tienda online","url":"https:\/\/abaa.mx\/tienda\/","logo":{"@type":"ImageObject","inLanguage":"es","@id":"https:\/\/abaa.mx\/tienda\/#\/schema\/logo\/image\/","url":"https:\/\/abaa.mx\/tienda\/wp-content\/uploads\/2024\/01\/abaa-metrologia-tienda.png","contentUrl":"https:\/\/abaa.mx\/tienda\/wp-content\/uploads\/2024\/01\/abaa-metrologia-tienda.png","width":300,"height":141,"caption":"Abaa tienda online"},"image":{"@id":"https:\/\/abaa.mx\/tienda\/#\/schema\/logo\/image\/"}}]}},"_links":{"self":[{"href":"https:\/\/abaa.mx\/tienda\/wp-json\/wp\/v2\/product\/2232","targetHints":{"allow":["GET"]}}],"collection":[{"href":"https:\/\/abaa.mx\/tienda\/wp-json\/wp\/v2\/product"}],"about":[{"href":"https:\/\/abaa.mx\/tienda\/wp-json\/wp\/v2\/types\/product"}],"replies":[{"embeddable":true,"href":"https:\/\/abaa.mx\/tienda\/wp-json\/wp\/v2\/comments?post=2232"}],"wp:featuredmedia":[{"embeddable":true,"href":"https:\/\/abaa.mx\/tienda\/wp-json\/wp\/v2\/media\/2239"}],"wp:attachment":[{"href":"https:\/\/abaa.mx\/tienda\/wp-json\/wp\/v2\/media?parent=2232"}],"wp:term":[{"taxonomy":"product_brand","embeddable":true,"href":"https:\/\/abaa.mx\/tienda\/wp-json\/wp\/v2\/product_brand?post=2232"},{"taxonomy":"product_cat","embeddable":true,"href":"https:\/\/abaa.mx\/tienda\/wp-json\/wp\/v2\/product_cat?post=2232"},{"taxonomy":"product_tag","embeddable":true,"href":"https:\/\/abaa.mx\/tienda\/wp-json\/wp\/v2\/product_tag?post=2232"}],"curies":[{"name":"wp","href":"https:\/\/api.w.org\/{rel}","templated":true}]}}