{"id":2220,"date":"2023-09-20T16:07:35","date_gmt":"2023-09-20T16:07:35","guid":{"rendered":"https:\/\/abaa.mx\/tienda\/?post_type=product&#038;p=2220"},"modified":"2023-09-20T16:07:35","modified_gmt":"2023-09-20T16:07:35","slug":"multimetro-electrico-fluke-114-true-rms-con-autovolt-600-v","status":"publish","type":"product","link":"https:\/\/abaa.mx\/tienda\/multimetro-electrico-fluke-114-true-rms-con-autovolt-600-v\/","title":{"rendered":"Mult\u00edmetro el\u00e9ctrico Fluke 114 True RMS con AutoVolt, 600 V"},"content":{"rendered":"<h4>Fluke 114 Ofertas<\/h4>\n<h4><strong>Funciones<\/strong><\/h4>\n<ul>\n<li>AutoVolt selecci\u00f3n autom\u00e1tica de voltaje CA\/CC<\/li>\n<li>Baja impedancia de entrada para ayudar a prevenir lecturas falsas debido al voltaje fantasma<\/li>\n<li>Gran retroiluminaci\u00f3n LED blanca para trabajar en \u00e1reas poco iluminadas<\/li>\n<li>Mide resistencia, continuidad, frecuencia y capacitancia<\/li>\n<li>M\u00edn.\/M\u00e1x.\/Promedio con tiempo transcurrido para registrar las fluctuaciones de la se\u00f1al<\/li>\n<li>Dise\u00f1o ergon\u00f3mico compacto para el manejo con una sola mano<\/li>\n<li>Alcance manual y autom\u00e1tico<\/li>\n<li>Tasas de seguridad CAT III 600 V<\/li>\n<\/ul>\n<h4><strong>Aplicaciones<\/strong><\/h4>\n<ul>\n<li>Pruebas de ir\/no ir<\/li>\n<\/ul>\n<h4>Especificaciones de Fluke 114<\/h4>\n<table class=\"table table-striped\">\n<tbody>\n<tr>\n<td colspan=\"2\"><strong>Especificaciones de precisi\u00f3n<\/strong><\/td>\n<\/tr>\n<tr>\n<td>Milivoltios DC<\/td>\n<td>Rango\/resoluci\u00f3n: 600.0\/0.1 mV<br \/>\nPrecisi\u00f3n: \u00b1([% de lectura] + [recuentos]): 0.5% + 2<\/td>\n<\/tr>\n<tr>\n<td>Voltios DC<\/td>\n<td>Rango\/resoluci\u00f3n: 6.000 V\/0.001, 60.00 V\/0.01, 600.00\/0.1 V<br \/>\nPrecisi\u00f3n: \u00b1([% de lectura] + [recuentos]): 0.5% + 2<\/td>\n<\/tr>\n<tr>\n<td>Voltios autom\u00e1ticos<\/td>\n<td>Rango\/resoluci\u00f3n: 600.0\/0.1 V<br \/>\nPrecisi\u00f3n: 2.0% + 3 (CC, 45 a 500 Hz), 4.0% + 3 (500 Hz a 1 kHz)<\/td>\n<\/tr>\n<tr>\n<td>Milivoltios de CA True RMS<\/td>\n<td>Rango\/resoluci\u00f3n: 600.0\/0.1 mV<br \/>\nPrecisi\u00f3n: 1.0% + 3 (CC, 45 a 500 Hz), 2.0% + 3 (500 Hz a 1 kHz)<\/td>\n<\/tr>\n<tr>\n<td>AC Volts True RMS<\/td>\n<td>Rango\/resoluci\u00f3n: 6.000 V\/0.001, 60.00 V\/0.01, 600.0\/0.1 V<br \/>\nPrecisi\u00f3n: 1.0% + 3 (CC, 45 a 500 Hz), 2.0% + 3 (500 Hz a 1 kHz)<\/td>\n<\/tr>\n<tr>\n<td>Continuidad<\/td>\n<td>Rango\/resoluci\u00f3n: 600\/1 \u03a9 Precisi\u00f3n: Beeper en &lt;20 \u03a9, apagado &gt;250 \u03a9<br \/>\ndetecta aperturas o cortocircuitos de 500 \u03bcs o m\u00e1s.<\/td>\n<\/tr>\n<tr>\n<td>Ohmios<\/td>\n<td>Rango\/resoluci\u00f3n: 600.0\/0.1 \u03a9, 6.000\/0.001 k\u03a9, 60.00\/0.01 k\u03a9, 600.0\/0.1 k\u03a9, 6.000\/0.001 M\u03a9 Precisi\u00f3n: 0.9% + 1<br \/>\nRango\/resoluci\u00f3n: 40.00\/0.01 M\u03a9<\/p>\n<p>Precisi\u00f3n: 5% + 2<\/td>\n<\/tr>\n<tr>\n<td colspan=\"2\"><strong>Especificaciones generales<\/strong><\/td>\n<\/tr>\n<tr>\n<td>Voltaje m\u00e1ximo entre cualquier terminal y tierra<\/td>\n<td>600 V<\/td>\n<\/tr>\n<tr>\n<td>Protecci\u00f3n contra sobretensiones<\/td>\n<td>6 kV pico seg\u00fan IEC 61010-1 600 VCAT III, grado de contaminaci\u00f3n 2<\/td>\n<\/tr>\n<tr>\n<td>Monitor<\/td>\n<td>Digital: 6000 cuentas, actualizaciones 4 por segundo<\/td>\n<\/tr>\n<tr>\n<td>Gr\u00e1fico de barras<\/td>\n<td>33 segmentos, actualizaciones 32 por segundo<\/td>\n<\/tr>\n<tr>\n<td>Temperatura de funcionamiento<\/td>\n<td>14 a 122\u00b0F (-10 a 50\u00b0C)<\/td>\n<\/tr>\n<tr>\n<td>Temperatura de almacenamiento<\/td>\n<td>-40 a 140\u00b0F (-40 a 60\u00b0C)<\/td>\n<\/tr>\n<tr>\n<td>Tipo de bater\u00eda<\/td>\n<td>9 V alcalino, NEDA 1604A\/IEC 6LR61<\/td>\n<\/tr>\n<tr>\n<td>Duraci\u00f3n de la bater\u00eda<\/td>\n<td>400 horas t\u00edpicas, sin luz de fondo<\/td>\n<\/tr>\n<tr>\n<td>Dimensiones<\/td>\n<td>6,57 x 3,31 x 1,82&#8243; (167 x 84 x 46 mm)<\/td>\n<\/tr>\n<tr>\n<td>Peso<\/td>\n<td>1,2 libras (550 g)<\/td>\n<\/tr>\n<\/tbody>\n<\/table>\n","protected":false},"excerpt":{"rendered":"<p>Mida la resistencia, la continuidad, la frecuencia y la capacitancia con este mult\u00edmetro el\u00e9ctrico compacto y ergon\u00f3mico True RMS.<\/p>\n","protected":false},"featured_media":2226,"comment_status":"open","ping_status":"closed","template":"","meta":{"_joinchat":[]},"product_brand":[],"product_cat":[15],"product_tag":[],"class_list":{"0":"post-2220","1":"product","2":"type-product","3":"status-publish","4":"has-post-thumbnail","6":"product_cat-sin-categorizar","8":"first","9":"instock","10":"shipping-taxable","11":"product-type-simple"},"yoast_head":"<!-- This site is optimized with the Yoast SEO plugin v26.4 - https:\/\/yoast.com\/wordpress\/plugins\/seo\/ -->\n<title>Mult\u00edmetro el\u00e9ctrico Fluke 114 True RMS con AutoVolt, 600 V - Abaa tienda online<\/title>\n<meta name=\"robots\" content=\"index, follow, max-snippet:-1, max-image-preview:large, max-video-preview:-1\" \/>\n<link rel=\"canonical\" href=\"https:\/\/abaa.mx\/tienda\/multimetro-electrico-fluke-114-true-rms-con-autovolt-600-v\/\" \/>\n<meta property=\"og:locale\" content=\"es_MX\" \/>\n<meta property=\"og:type\" content=\"article\" \/>\n<meta property=\"og:title\" content=\"Mult\u00edmetro el\u00e9ctrico Fluke 114 True RMS con AutoVolt, 600 V - Abaa tienda online\" \/>\n<meta property=\"og:description\" content=\"Mida la resistencia, la continuidad, la frecuencia y la capacitancia con este mult\u00edmetro el\u00e9ctrico compacto y ergon\u00f3mico True RMS.\" \/>\n<meta property=\"og:url\" content=\"https:\/\/abaa.mx\/tienda\/multimetro-electrico-fluke-114-true-rms-con-autovolt-600-v\/\" \/>\n<meta property=\"og:site_name\" content=\"Abaa tienda online\" \/>\n<meta property=\"og:image\" content=\"https:\/\/abaa.mx\/tienda\/wp-content\/uploads\/2023\/09\/114.jpg\" \/>\n\t<meta property=\"og:image:width\" content=\"270\" \/>\n\t<meta property=\"og:image:height\" content=\"450\" \/>\n\t<meta property=\"og:image:type\" content=\"image\/jpeg\" \/>\n<meta name=\"twitter:card\" content=\"summary_large_image\" \/>\n<meta name=\"twitter:label1\" content=\"Tiempo de lectura\" \/>\n\t<meta name=\"twitter:data1\" content=\"2 minutos\" \/>\n<script type=\"application\/ld+json\" class=\"yoast-schema-graph\">{\"@context\":\"https:\/\/schema.org\",\"@graph\":[{\"@type\":\"WebPage\",\"@id\":\"https:\/\/abaa.mx\/tienda\/multimetro-electrico-fluke-114-true-rms-con-autovolt-600-v\/\",\"url\":\"https:\/\/abaa.mx\/tienda\/multimetro-electrico-fluke-114-true-rms-con-autovolt-600-v\/\",\"name\":\"Mult\u00edmetro el\u00e9ctrico Fluke 114 True RMS con AutoVolt, 600 V - Abaa tienda online\",\"isPartOf\":{\"@id\":\"https:\/\/abaa.mx\/tienda\/#website\"},\"primaryImageOfPage\":{\"@id\":\"https:\/\/abaa.mx\/tienda\/multimetro-electrico-fluke-114-true-rms-con-autovolt-600-v\/#primaryimage\"},\"image\":{\"@id\":\"https:\/\/abaa.mx\/tienda\/multimetro-electrico-fluke-114-true-rms-con-autovolt-600-v\/#primaryimage\"},\"thumbnailUrl\":\"https:\/\/abaa.mx\/tienda\/wp-content\/uploads\/2023\/09\/114.jpg\",\"datePublished\":\"2023-09-20T16:07:35+00:00\",\"breadcrumb\":{\"@id\":\"https:\/\/abaa.mx\/tienda\/multimetro-electrico-fluke-114-true-rms-con-autovolt-600-v\/#breadcrumb\"},\"inLanguage\":\"es\",\"potentialAction\":[{\"@type\":\"ReadAction\",\"target\":[\"https:\/\/abaa.mx\/tienda\/multimetro-electrico-fluke-114-true-rms-con-autovolt-600-v\/\"]}]},{\"@type\":\"ImageObject\",\"inLanguage\":\"es\",\"@id\":\"https:\/\/abaa.mx\/tienda\/multimetro-electrico-fluke-114-true-rms-con-autovolt-600-v\/#primaryimage\",\"url\":\"https:\/\/abaa.mx\/tienda\/wp-content\/uploads\/2023\/09\/114.jpg\",\"contentUrl\":\"https:\/\/abaa.mx\/tienda\/wp-content\/uploads\/2023\/09\/114.jpg\",\"width\":270,\"height\":450,\"caption\":\"multimetro-electrico-fluke-114-true-rms-con-autovolt-600-v\"},{\"@type\":\"BreadcrumbList\",\"@id\":\"https:\/\/abaa.mx\/tienda\/multimetro-electrico-fluke-114-true-rms-con-autovolt-600-v\/#breadcrumb\",\"itemListElement\":[{\"@type\":\"ListItem\",\"position\":1,\"name\":\"Inicio\",\"item\":\"https:\/\/abaa.mx\/tienda\/\"},{\"@type\":\"ListItem\",\"position\":2,\"name\":\"Tienda\",\"item\":\"https:\/\/abaa.mx\/tienda\/\"},{\"@type\":\"ListItem\",\"position\":3,\"name\":\"Mult\u00edmetro el\u00e9ctrico Fluke 114 True RMS con AutoVolt, 600 V\"}]},{\"@type\":\"WebSite\",\"@id\":\"https:\/\/abaa.mx\/tienda\/#website\",\"url\":\"https:\/\/abaa.mx\/tienda\/\",\"name\":\"Abaa tienda online\",\"description\":\"Instrumentos de medici\u00f3n\",\"publisher\":{\"@id\":\"https:\/\/abaa.mx\/tienda\/#organization\"},\"potentialAction\":[{\"@type\":\"SearchAction\",\"target\":{\"@type\":\"EntryPoint\",\"urlTemplate\":\"https:\/\/abaa.mx\/tienda\/?s={search_term_string}\"},\"query-input\":{\"@type\":\"PropertyValueSpecification\",\"valueRequired\":true,\"valueName\":\"search_term_string\"}}],\"inLanguage\":\"es\"},{\"@type\":\"Organization\",\"@id\":\"https:\/\/abaa.mx\/tienda\/#organization\",\"name\":\"Abaa tienda online\",\"url\":\"https:\/\/abaa.mx\/tienda\/\",\"logo\":{\"@type\":\"ImageObject\",\"inLanguage\":\"es\",\"@id\":\"https:\/\/abaa.mx\/tienda\/#\/schema\/logo\/image\/\",\"url\":\"https:\/\/abaa.mx\/tienda\/wp-content\/uploads\/2024\/01\/abaa-metrologia-tienda.png\",\"contentUrl\":\"https:\/\/abaa.mx\/tienda\/wp-content\/uploads\/2024\/01\/abaa-metrologia-tienda.png\",\"width\":300,\"height\":141,\"caption\":\"Abaa tienda online\"},\"image\":{\"@id\":\"https:\/\/abaa.mx\/tienda\/#\/schema\/logo\/image\/\"}}]}<\/script>\n<!-- \/ Yoast SEO plugin. -->","yoast_head_json":{"title":"Mult\u00edmetro el\u00e9ctrico Fluke 114 True RMS con AutoVolt, 600 V - Abaa tienda online","robots":{"index":"index","follow":"follow","max-snippet":"max-snippet:-1","max-image-preview":"max-image-preview:large","max-video-preview":"max-video-preview:-1"},"canonical":"https:\/\/abaa.mx\/tienda\/multimetro-electrico-fluke-114-true-rms-con-autovolt-600-v\/","og_locale":"es_MX","og_type":"article","og_title":"Mult\u00edmetro el\u00e9ctrico Fluke 114 True RMS con AutoVolt, 600 V - Abaa tienda online","og_description":"Mida la resistencia, la continuidad, la frecuencia y la capacitancia con este mult\u00edmetro el\u00e9ctrico compacto y ergon\u00f3mico True RMS.","og_url":"https:\/\/abaa.mx\/tienda\/multimetro-electrico-fluke-114-true-rms-con-autovolt-600-v\/","og_site_name":"Abaa tienda online","og_image":[{"width":270,"height":450,"url":"https:\/\/abaa.mx\/tienda\/wp-content\/uploads\/2023\/09\/114.jpg","type":"image\/jpeg"}],"twitter_card":"summary_large_image","twitter_misc":{"Tiempo de lectura":"2 minutos"},"schema":{"@context":"https:\/\/schema.org","@graph":[{"@type":"WebPage","@id":"https:\/\/abaa.mx\/tienda\/multimetro-electrico-fluke-114-true-rms-con-autovolt-600-v\/","url":"https:\/\/abaa.mx\/tienda\/multimetro-electrico-fluke-114-true-rms-con-autovolt-600-v\/","name":"Mult\u00edmetro el\u00e9ctrico Fluke 114 True RMS con AutoVolt, 600 V - Abaa tienda online","isPartOf":{"@id":"https:\/\/abaa.mx\/tienda\/#website"},"primaryImageOfPage":{"@id":"https:\/\/abaa.mx\/tienda\/multimetro-electrico-fluke-114-true-rms-con-autovolt-600-v\/#primaryimage"},"image":{"@id":"https:\/\/abaa.mx\/tienda\/multimetro-electrico-fluke-114-true-rms-con-autovolt-600-v\/#primaryimage"},"thumbnailUrl":"https:\/\/abaa.mx\/tienda\/wp-content\/uploads\/2023\/09\/114.jpg","datePublished":"2023-09-20T16:07:35+00:00","breadcrumb":{"@id":"https:\/\/abaa.mx\/tienda\/multimetro-electrico-fluke-114-true-rms-con-autovolt-600-v\/#breadcrumb"},"inLanguage":"es","potentialAction":[{"@type":"ReadAction","target":["https:\/\/abaa.mx\/tienda\/multimetro-electrico-fluke-114-true-rms-con-autovolt-600-v\/"]}]},{"@type":"ImageObject","inLanguage":"es","@id":"https:\/\/abaa.mx\/tienda\/multimetro-electrico-fluke-114-true-rms-con-autovolt-600-v\/#primaryimage","url":"https:\/\/abaa.mx\/tienda\/wp-content\/uploads\/2023\/09\/114.jpg","contentUrl":"https:\/\/abaa.mx\/tienda\/wp-content\/uploads\/2023\/09\/114.jpg","width":270,"height":450,"caption":"multimetro-electrico-fluke-114-true-rms-con-autovolt-600-v"},{"@type":"BreadcrumbList","@id":"https:\/\/abaa.mx\/tienda\/multimetro-electrico-fluke-114-true-rms-con-autovolt-600-v\/#breadcrumb","itemListElement":[{"@type":"ListItem","position":1,"name":"Inicio","item":"https:\/\/abaa.mx\/tienda\/"},{"@type":"ListItem","position":2,"name":"Tienda","item":"https:\/\/abaa.mx\/tienda\/"},{"@type":"ListItem","position":3,"name":"Mult\u00edmetro el\u00e9ctrico Fluke 114 True RMS con AutoVolt, 600 V"}]},{"@type":"WebSite","@id":"https:\/\/abaa.mx\/tienda\/#website","url":"https:\/\/abaa.mx\/tienda\/","name":"Abaa tienda online","description":"Instrumentos de medici\u00f3n","publisher":{"@id":"https:\/\/abaa.mx\/tienda\/#organization"},"potentialAction":[{"@type":"SearchAction","target":{"@type":"EntryPoint","urlTemplate":"https:\/\/abaa.mx\/tienda\/?s={search_term_string}"},"query-input":{"@type":"PropertyValueSpecification","valueRequired":true,"valueName":"search_term_string"}}],"inLanguage":"es"},{"@type":"Organization","@id":"https:\/\/abaa.mx\/tienda\/#organization","name":"Abaa tienda online","url":"https:\/\/abaa.mx\/tienda\/","logo":{"@type":"ImageObject","inLanguage":"es","@id":"https:\/\/abaa.mx\/tienda\/#\/schema\/logo\/image\/","url":"https:\/\/abaa.mx\/tienda\/wp-content\/uploads\/2024\/01\/abaa-metrologia-tienda.png","contentUrl":"https:\/\/abaa.mx\/tienda\/wp-content\/uploads\/2024\/01\/abaa-metrologia-tienda.png","width":300,"height":141,"caption":"Abaa tienda online"},"image":{"@id":"https:\/\/abaa.mx\/tienda\/#\/schema\/logo\/image\/"}}]}},"_links":{"self":[{"href":"https:\/\/abaa.mx\/tienda\/wp-json\/wp\/v2\/product\/2220","targetHints":{"allow":["GET"]}}],"collection":[{"href":"https:\/\/abaa.mx\/tienda\/wp-json\/wp\/v2\/product"}],"about":[{"href":"https:\/\/abaa.mx\/tienda\/wp-json\/wp\/v2\/types\/product"}],"replies":[{"embeddable":true,"href":"https:\/\/abaa.mx\/tienda\/wp-json\/wp\/v2\/comments?post=2220"}],"wp:featuredmedia":[{"embeddable":true,"href":"https:\/\/abaa.mx\/tienda\/wp-json\/wp\/v2\/media\/2226"}],"wp:attachment":[{"href":"https:\/\/abaa.mx\/tienda\/wp-json\/wp\/v2\/media?parent=2220"}],"wp:term":[{"taxonomy":"product_brand","embeddable":true,"href":"https:\/\/abaa.mx\/tienda\/wp-json\/wp\/v2\/product_brand?post=2220"},{"taxonomy":"product_cat","embeddable":true,"href":"https:\/\/abaa.mx\/tienda\/wp-json\/wp\/v2\/product_cat?post=2220"},{"taxonomy":"product_tag","embeddable":true,"href":"https:\/\/abaa.mx\/tienda\/wp-json\/wp\/v2\/product_tag?post=2220"}],"curies":[{"name":"wp","href":"https:\/\/api.w.org\/{rel}","templated":true}]}}