{"id":2210,"date":"2023-09-20T16:09:52","date_gmt":"2023-09-20T16:09:52","guid":{"rendered":"https:\/\/abaa.mx\/tienda\/?post_type=product&#038;p=2210"},"modified":"2023-09-20T16:09:53","modified_gmt":"2023-09-20T16:09:53","slug":"pinzas-amperimetricas-inalambricas-true-rms-de-la-serie-fluke-ib376k-376-fc-y-kit-de-inicio-de-herramientas-manuales-aisladas-1000-v","status":"publish","type":"product","link":"https:\/\/abaa.mx\/tienda\/pinzas-amperimetricas-inalambricas-true-rms-de-la-serie-fluke-ib376k-376-fc-y-kit-de-inicio-de-herramientas-manuales-aisladas-1000-v\/","title":{"rendered":"pinzas amperim\u00e9tricas inal\u00e1mbricas true rms de la serie fluke ib376k 376 fc y kit de inicio de herramientas manuales aisladas, 1000 v"},"content":{"rendered":"<p><strong>Funciones<\/strong><\/p>\n<ul>\n<li>Conecte su medidor a su smartphone con la aplicaci\u00f3n Fluke Connect Measurements para aumentar la resoluci\u00f3n de problemas Potencia de su abrazadera<\/li>\n<li>Lea las mediciones en su tel\u00e9fono a una distancia segura, usando menos EPP mientras su medidor asume todos los riesgos<\/li>\n<li>Grabe los resultados directamente en su tel\u00e9fono y en Fluke Cloud<\/li>\n<li>Capture fallos intermitentes mientras realiza otras tareas utilizando las capacidades de registro de Fluke 376 FC y 375 FC<\/li>\n<li>Cree y comparta informes desde el campo por correo electr\u00f3nico, o converse en tiempo real con videollamadas de ShareLive<\/li>\n<li>La sonda de corriente flexible iFlex ampl\u00eda el rango de medici\u00f3n a 2500 A AC; Proporciona acceso a conductores grandes en espacios reducidos<\/li>\n<li>La correa colgante magn\u00e9tica TPAK (incluida con 376 FC; compatible con 375 FC y 374 FC) le permite colgar c\u00f3modamente el medidor mientras usa las sondas<\/li>\n<li>Filtro de paso bajo VFD integrado (Fluke 376 FC y 375 FC) para mediciones precisas del accionamiento del motor<\/li>\n<li>Tecnolog\u00eda patentada de medici\u00f3n en la carrera para filtrar el ruido y capturar la corriente de arranque del motor exactamente como lo ve la protecci\u00f3n del circuito<\/li>\n<li>CAT IV 600 V, CAT III 1000 V<\/li>\n<\/ul>\n<p>La sonda de corriente flexible iFlex permite conexiones f\u00e1ciles a cables en espacios reducidos. Adem\u00e1s, las tres abrazaderas ahora forman parte de la familia de herramientas de prueba inal\u00e1mbricas Fluke Connect. Ahora puedes:<\/p>\n<ul>\n<li>Mediciones de registro y tendencias para identificar fallas intermitentes<\/li>\n<li>Transmita los resultados de forma inal\u00e1mbrica a trav\u00e9s de la aplicaci\u00f3n Fluke Connect Measurements<\/li>\n<li>Crear y enviar informes directamente desde el campo<\/li>\n<li>Capture mediciones fuera de la zona de arco el\u00e9ctrico con conectividad Bluetooth a sus dispositivos Apple o Android<\/li>\n<\/ul>\n<p><strong>Capacidad de medici\u00f3n<\/strong><\/p>\n<ul>\n<li>Medici\u00f3n de corriente de CA y CC de 1000 A (376 FC); 600 A CA y CC (375 FC y 364 FC)<\/li>\n<li>Medici\u00f3n de corriente alterna de 2500 A con sonda de corriente flexible iFlex<\/li>\n<li>Medici\u00f3n de voltaje de 1000 V CA y CC<\/li>\n<li>Voltaje y corriente true-rms para mediciones precisas en se\u00f1ales no lineales<\/li>\n<li>Medici\u00f3n de frecuencia a 500 Hz con mand\u00edbula corporal e iFlex (376 FC y 375 FC)<\/li>\n<li>Medici\u00f3n de resistencia a 60 k\u03a9 (376 FC y 375 FC) o 6000 \u03a9 (374 FC), con detecci\u00f3n de continuidad<\/li>\n<li>Grabaci\u00f3n m\u00ednima, m\u00e1x., media y r\u00e1pida para capturar variaciones autom\u00e1ticamente<\/li>\n<li>Rango de medici\u00f3n de 500 mV CC para interactuar con otros accesorios (376 FC y 375 FC)<\/li>\n<li>Medici\u00f3n de capacitancia de 1000 \u03bcF<\/li>\n<\/ul>\n<h4>Especificaciones de Fluke IB376K<\/h4>\n<table class=\"table table-striped\">\n<tbody>\n<tr>\n<td>Tensi\u00f3n m\u00e1xima entre cualquier terminal y tierra<\/td>\n<td>1000 V<\/td>\n<\/tr>\n<tr>\n<td>Tipo de bater\u00eda<\/td>\n<td>2 pilas alcalinas AA, NEDA 15A, IEC LR6<\/td>\n<\/tr>\n<tr>\n<td>Temperatura<\/td>\n<td>En funcionamiento: 14 a + 122 \u00b0F (-10 a +50 \u00b0C Almacenamiento: -40 a 140 \u00b0F (-40 a 60 \u00b0C<br \/>\n)<\/td>\n<\/tr>\n<tr>\n<td>Humedad de funcionamiento<\/td>\n<td>Sin condensaci\u00f3n (&lt; 10 \u00b0C (50 \u00b0F)), \u226490 % HR (a 10 \u00b0C a 30 \u00b0C (50 \u00b0F a 86 \u00b0F)), \u226475 % HR (a 30 \u00b0C a 40 \u00b0C (86 \u00b0F a 104 \u00b0F)),<\/p>\n<p>\u226445 % HR (a 40 \u00b0C a 50 \u00b0C (104 \u00b0F a 122 \u00b0F))<\/td>\n<\/tr>\n<tr>\n<td>Altitud<\/td>\n<td>En funcionamiento: 3.000 m (9.842 pies) Almacenamiento: 12.000 m (39.370 pies)<\/td>\n<\/tr>\n<tr>\n<td>Dimensiones<\/td>\n<td>9,8 x 3,3 x 1,7&#8243; (24,9 x 8,5 x 4,5 cm)<\/td>\n<\/tr>\n<tr>\n<td>Peso<\/td>\n<td>395 g (13,9 onzas)<\/td>\n<\/tr>\n<tr>\n<td>Abertura de la mand\u00edbula<\/td>\n<td>1 mm (3,34&#8243;)<\/td>\n<\/tr>\n<tr>\n<td>Di\u00e1metro flexible de la sonda de corriente<\/td>\n<td>0,29 mm (7,5&#8243;)<\/td>\n<\/tr>\n<tr>\n<td>Longitud flexible del cable de la sonda de corriente (cabezal al conector electr\u00f3nico)<\/td>\n<td>70,8 m (1,8&#8243;)<\/td>\n<\/tr>\n<tr>\n<td>Seguridad<\/td>\n<td>IEC 61010-1, grado de contaminaci\u00f3n 2 IEC 61010-2-032: CAT III 1000 V \/ CAT IV 600 V<br \/>\nIEC 61010-2-033: CAT III 1000 V \/ CAT IV 600 V<\/td>\n<\/tr>\n<tr>\n<td>Clasificaci\u00f3n IP<\/td>\n<td>IEC 60529: IP30, no operativo<\/td>\n<\/tr>\n<tr>\n<td>Certificaci\u00f3n de radiofrecuencia<\/td>\n<td>ID de la FCC:T68-FBLE IC:6627A-FBLE<\/td>\n<\/tr>\n<\/tbody>\n<\/table>\n","protected":false},"excerpt":{"rendered":"<p><strong>Funciones<\/strong><\/p>\n<ul>\n<li>Conecte su medidor a su smartphone con la aplicaci\u00f3n Fluke Connect Measurements para aumentar la resoluci\u00f3n de problemas Potencia de su abrazadera<\/li>\n<li>Lea las mediciones en su tel\u00e9fono a una distancia segura, usando menos EPP mientras su medidor asume todos los riesgos<\/li>\n<li>Grabe los resultados directamente en su tel\u00e9fono y en Fluke Cloud<\/li>\n<li>Capture fallos intermitentes mientras realiza otras tareas utilizando las capacidades de registro de Fluke 376 FC y 375 FC<\/li>\n<li>Cree y comparta informes desde el campo por correo electr\u00f3nico, o converse en tiempo real con videollamadas de ShareLive<\/li>\n<li>La sonda de corriente flexible iFlex ampl\u00eda el rango de medici\u00f3n a 2500 A AC; Proporciona acceso a conductores grandes en espacios reducidos<\/li>\n<li>La correa colgante magn\u00e9tica TPAK (incluida con 376 FC; compatible con 375 FC y 374 FC) le permite colgar c\u00f3modamente el medidor mientras usa las sondas<\/li>\n<li>Filtro de paso bajo VFD integrado (Fluke 376 FC y 375 FC) para mediciones precisas del accionamiento del motor<\/li>\n<li>Tecnolog\u00eda patentada de medici\u00f3n en la carrera para filtrar el ruido y capturar la corriente de arranque del motor exactamente como lo ve la protecci\u00f3n del circuito<\/li>\n<li>CAT IV 600 V, CAT III 1000 V<\/li>\n<\/ul>\n","protected":false},"featured_media":2230,"comment_status":"open","ping_status":"closed","template":"","meta":{"_joinchat":[]},"product_brand":[],"product_cat":[15],"product_tag":[],"class_list":{"0":"post-2210","1":"product","2":"type-product","3":"status-publish","4":"has-post-thumbnail","6":"product_cat-sin-categorizar","8":"first","9":"instock","10":"shipping-taxable","11":"product-type-simple"},"yoast_head":"<!-- This site is optimized with the Yoast SEO plugin v26.4 - https:\/\/yoast.com\/wordpress\/plugins\/seo\/ -->\n<title>pinzas amperim\u00e9tricas inal\u00e1mbricas true rms de la serie fluke ib376k 376 fc y kit de inicio de herramientas manuales aisladas, 1000 v - Abaa tienda online<\/title>\n<meta name=\"robots\" content=\"index, follow, max-snippet:-1, max-image-preview:large, max-video-preview:-1\" \/>\n<link rel=\"canonical\" href=\"https:\/\/abaa.mx\/tienda\/pinzas-amperimetricas-inalambricas-true-rms-de-la-serie-fluke-ib376k-376-fc-y-kit-de-inicio-de-herramientas-manuales-aisladas-1000-v\/\" \/>\n<meta property=\"og:locale\" content=\"es_MX\" \/>\n<meta property=\"og:type\" content=\"article\" \/>\n<meta property=\"og:title\" content=\"pinzas amperim\u00e9tricas inal\u00e1mbricas true rms de la serie fluke ib376k 376 fc y kit de inicio de herramientas manuales aisladas, 1000 v - Abaa tienda online\" \/>\n<meta property=\"og:description\" content=\"Funciones   Conecte su medidor a su smartphone con la aplicaci\u00f3n Fluke Connect Measurements para aumentar la resoluci\u00f3n de problemas Potencia de su abrazadera  Lea las mediciones en su tel\u00e9fono a una distancia segura, usando menos EPP mientras su medidor asume todos los riesgos  Grabe los resultados directamente en su tel\u00e9fono y en Fluke Cloud  Capture fallos intermitentes mientras realiza otras tareas utilizando las capacidades de registro de Fluke 376 FC y 375 FC  Cree y comparta informes desde el campo por correo electr\u00f3nico, o converse en tiempo real con videollamadas de ShareLive  La sonda de corriente flexible iFlex ampl\u00eda el rango de medici\u00f3n a 2500 A AC; Proporciona acceso a conductores grandes en espacios reducidos  La correa colgante magn\u00e9tica TPAK (incluida con 376 FC; compatible con 375 FC y 374 FC) le permite colgar c\u00f3modamente el medidor mientras usa las sondas  Filtro de paso bajo VFD integrado (Fluke 376 FC y 375 FC) para mediciones precisas del accionamiento del motor  Tecnolog\u00eda patentada de medici\u00f3n en la carrera para filtrar el ruido y capturar la corriente de arranque del motor exactamente como lo ve la protecci\u00f3n del circuito  CAT IV 600 V, CAT III 1000 V\" \/>\n<meta property=\"og:url\" content=\"https:\/\/abaa.mx\/tienda\/pinzas-amperimetricas-inalambricas-true-rms-de-la-serie-fluke-ib376k-376-fc-y-kit-de-inicio-de-herramientas-manuales-aisladas-1000-v\/\" \/>\n<meta property=\"og:site_name\" content=\"Abaa tienda online\" \/>\n<meta property=\"article:modified_time\" content=\"2023-09-20T16:09:53+00:00\" \/>\n<meta property=\"og:image\" content=\"https:\/\/abaa.mx\/tienda\/wp-content\/uploads\/2023\/09\/IB376K.jpg\" \/>\n\t<meta property=\"og:image:width\" content=\"270\" \/>\n\t<meta property=\"og:image:height\" content=\"219\" \/>\n\t<meta property=\"og:image:type\" content=\"image\/jpeg\" \/>\n<meta name=\"twitter:card\" content=\"summary_large_image\" \/>\n<meta name=\"twitter:label1\" content=\"Tiempo de lectura\" \/>\n\t<meta name=\"twitter:data1\" content=\"3 minutos\" \/>\n<script type=\"application\/ld+json\" class=\"yoast-schema-graph\">{\"@context\":\"https:\/\/schema.org\",\"@graph\":[{\"@type\":\"WebPage\",\"@id\":\"https:\/\/abaa.mx\/tienda\/pinzas-amperimetricas-inalambricas-true-rms-de-la-serie-fluke-ib376k-376-fc-y-kit-de-inicio-de-herramientas-manuales-aisladas-1000-v\/\",\"url\":\"https:\/\/abaa.mx\/tienda\/pinzas-amperimetricas-inalambricas-true-rms-de-la-serie-fluke-ib376k-376-fc-y-kit-de-inicio-de-herramientas-manuales-aisladas-1000-v\/\",\"name\":\"pinzas amperim\u00e9tricas inal\u00e1mbricas true rms de la serie fluke ib376k 376 fc y kit de inicio de herramientas manuales aisladas, 1000 v - Abaa tienda online\",\"isPartOf\":{\"@id\":\"https:\/\/abaa.mx\/tienda\/#website\"},\"primaryImageOfPage\":{\"@id\":\"https:\/\/abaa.mx\/tienda\/pinzas-amperimetricas-inalambricas-true-rms-de-la-serie-fluke-ib376k-376-fc-y-kit-de-inicio-de-herramientas-manuales-aisladas-1000-v\/#primaryimage\"},\"image\":{\"@id\":\"https:\/\/abaa.mx\/tienda\/pinzas-amperimetricas-inalambricas-true-rms-de-la-serie-fluke-ib376k-376-fc-y-kit-de-inicio-de-herramientas-manuales-aisladas-1000-v\/#primaryimage\"},\"thumbnailUrl\":\"https:\/\/abaa.mx\/tienda\/wp-content\/uploads\/2023\/09\/IB376K.jpg\",\"datePublished\":\"2023-09-20T16:09:52+00:00\",\"dateModified\":\"2023-09-20T16:09:53+00:00\",\"breadcrumb\":{\"@id\":\"https:\/\/abaa.mx\/tienda\/pinzas-amperimetricas-inalambricas-true-rms-de-la-serie-fluke-ib376k-376-fc-y-kit-de-inicio-de-herramientas-manuales-aisladas-1000-v\/#breadcrumb\"},\"inLanguage\":\"es\",\"potentialAction\":[{\"@type\":\"ReadAction\",\"target\":[\"https:\/\/abaa.mx\/tienda\/pinzas-amperimetricas-inalambricas-true-rms-de-la-serie-fluke-ib376k-376-fc-y-kit-de-inicio-de-herramientas-manuales-aisladas-1000-v\/\"]}]},{\"@type\":\"ImageObject\",\"inLanguage\":\"es\",\"@id\":\"https:\/\/abaa.mx\/tienda\/pinzas-amperimetricas-inalambricas-true-rms-de-la-serie-fluke-ib376k-376-fc-y-kit-de-inicio-de-herramientas-manuales-aisladas-1000-v\/#primaryimage\",\"url\":\"https:\/\/abaa.mx\/tienda\/wp-content\/uploads\/2023\/09\/IB376K.jpg\",\"contentUrl\":\"https:\/\/abaa.mx\/tienda\/wp-content\/uploads\/2023\/09\/IB376K.jpg\",\"width\":270,\"height\":219,\"caption\":\"IB376K\"},{\"@type\":\"BreadcrumbList\",\"@id\":\"https:\/\/abaa.mx\/tienda\/pinzas-amperimetricas-inalambricas-true-rms-de-la-serie-fluke-ib376k-376-fc-y-kit-de-inicio-de-herramientas-manuales-aisladas-1000-v\/#breadcrumb\",\"itemListElement\":[{\"@type\":\"ListItem\",\"position\":1,\"name\":\"Inicio\",\"item\":\"https:\/\/abaa.mx\/tienda\/\"},{\"@type\":\"ListItem\",\"position\":2,\"name\":\"Tienda\",\"item\":\"https:\/\/abaa.mx\/tienda\/\"},{\"@type\":\"ListItem\",\"position\":3,\"name\":\"pinzas amperim\u00e9tricas inal\u00e1mbricas true rms de la serie fluke ib376k 376 fc y kit de inicio de herramientas manuales aisladas, 1000 v\"}]},{\"@type\":\"WebSite\",\"@id\":\"https:\/\/abaa.mx\/tienda\/#website\",\"url\":\"https:\/\/abaa.mx\/tienda\/\",\"name\":\"Abaa tienda online\",\"description\":\"Instrumentos de medici\u00f3n\",\"publisher\":{\"@id\":\"https:\/\/abaa.mx\/tienda\/#organization\"},\"potentialAction\":[{\"@type\":\"SearchAction\",\"target\":{\"@type\":\"EntryPoint\",\"urlTemplate\":\"https:\/\/abaa.mx\/tienda\/?s={search_term_string}\"},\"query-input\":{\"@type\":\"PropertyValueSpecification\",\"valueRequired\":true,\"valueName\":\"search_term_string\"}}],\"inLanguage\":\"es\"},{\"@type\":\"Organization\",\"@id\":\"https:\/\/abaa.mx\/tienda\/#organization\",\"name\":\"Abaa tienda online\",\"url\":\"https:\/\/abaa.mx\/tienda\/\",\"logo\":{\"@type\":\"ImageObject\",\"inLanguage\":\"es\",\"@id\":\"https:\/\/abaa.mx\/tienda\/#\/schema\/logo\/image\/\",\"url\":\"https:\/\/abaa.mx\/tienda\/wp-content\/uploads\/2024\/01\/abaa-metrologia-tienda.png\",\"contentUrl\":\"https:\/\/abaa.mx\/tienda\/wp-content\/uploads\/2024\/01\/abaa-metrologia-tienda.png\",\"width\":300,\"height\":141,\"caption\":\"Abaa tienda online\"},\"image\":{\"@id\":\"https:\/\/abaa.mx\/tienda\/#\/schema\/logo\/image\/\"}}]}<\/script>\n<!-- \/ Yoast SEO plugin. -->","yoast_head_json":{"title":"pinzas amperim\u00e9tricas inal\u00e1mbricas true rms de la serie fluke ib376k 376 fc y kit de inicio de herramientas manuales aisladas, 1000 v - Abaa tienda online","robots":{"index":"index","follow":"follow","max-snippet":"max-snippet:-1","max-image-preview":"max-image-preview:large","max-video-preview":"max-video-preview:-1"},"canonical":"https:\/\/abaa.mx\/tienda\/pinzas-amperimetricas-inalambricas-true-rms-de-la-serie-fluke-ib376k-376-fc-y-kit-de-inicio-de-herramientas-manuales-aisladas-1000-v\/","og_locale":"es_MX","og_type":"article","og_title":"pinzas amperim\u00e9tricas inal\u00e1mbricas true rms de la serie fluke ib376k 376 fc y kit de inicio de herramientas manuales aisladas, 1000 v - Abaa tienda online","og_description":"Funciones   Conecte su medidor a su smartphone con la aplicaci\u00f3n Fluke Connect Measurements para aumentar la resoluci\u00f3n de problemas Potencia de su abrazadera  Lea las mediciones en su tel\u00e9fono a una distancia segura, usando menos EPP mientras su medidor asume todos los riesgos  Grabe los resultados directamente en su tel\u00e9fono y en Fluke Cloud  Capture fallos intermitentes mientras realiza otras tareas utilizando las capacidades de registro de Fluke 376 FC y 375 FC  Cree y comparta informes desde el campo por correo electr\u00f3nico, o converse en tiempo real con videollamadas de ShareLive  La sonda de corriente flexible iFlex ampl\u00eda el rango de medici\u00f3n a 2500 A AC; Proporciona acceso a conductores grandes en espacios reducidos  La correa colgante magn\u00e9tica TPAK (incluida con 376 FC; compatible con 375 FC y 374 FC) le permite colgar c\u00f3modamente el medidor mientras usa las sondas  Filtro de paso bajo VFD integrado (Fluke 376 FC y 375 FC) para mediciones precisas del accionamiento del motor  Tecnolog\u00eda patentada de medici\u00f3n en la carrera para filtrar el ruido y capturar la corriente de arranque del motor exactamente como lo ve la protecci\u00f3n del circuito  CAT IV 600 V, CAT III 1000 V","og_url":"https:\/\/abaa.mx\/tienda\/pinzas-amperimetricas-inalambricas-true-rms-de-la-serie-fluke-ib376k-376-fc-y-kit-de-inicio-de-herramientas-manuales-aisladas-1000-v\/","og_site_name":"Abaa tienda online","article_modified_time":"2023-09-20T16:09:53+00:00","og_image":[{"width":270,"height":219,"url":"https:\/\/abaa.mx\/tienda\/wp-content\/uploads\/2023\/09\/IB376K.jpg","type":"image\/jpeg"}],"twitter_card":"summary_large_image","twitter_misc":{"Tiempo de lectura":"3 minutos"},"schema":{"@context":"https:\/\/schema.org","@graph":[{"@type":"WebPage","@id":"https:\/\/abaa.mx\/tienda\/pinzas-amperimetricas-inalambricas-true-rms-de-la-serie-fluke-ib376k-376-fc-y-kit-de-inicio-de-herramientas-manuales-aisladas-1000-v\/","url":"https:\/\/abaa.mx\/tienda\/pinzas-amperimetricas-inalambricas-true-rms-de-la-serie-fluke-ib376k-376-fc-y-kit-de-inicio-de-herramientas-manuales-aisladas-1000-v\/","name":"pinzas amperim\u00e9tricas inal\u00e1mbricas true rms de la serie fluke ib376k 376 fc y kit de inicio de herramientas manuales aisladas, 1000 v - Abaa tienda online","isPartOf":{"@id":"https:\/\/abaa.mx\/tienda\/#website"},"primaryImageOfPage":{"@id":"https:\/\/abaa.mx\/tienda\/pinzas-amperimetricas-inalambricas-true-rms-de-la-serie-fluke-ib376k-376-fc-y-kit-de-inicio-de-herramientas-manuales-aisladas-1000-v\/#primaryimage"},"image":{"@id":"https:\/\/abaa.mx\/tienda\/pinzas-amperimetricas-inalambricas-true-rms-de-la-serie-fluke-ib376k-376-fc-y-kit-de-inicio-de-herramientas-manuales-aisladas-1000-v\/#primaryimage"},"thumbnailUrl":"https:\/\/abaa.mx\/tienda\/wp-content\/uploads\/2023\/09\/IB376K.jpg","datePublished":"2023-09-20T16:09:52+00:00","dateModified":"2023-09-20T16:09:53+00:00","breadcrumb":{"@id":"https:\/\/abaa.mx\/tienda\/pinzas-amperimetricas-inalambricas-true-rms-de-la-serie-fluke-ib376k-376-fc-y-kit-de-inicio-de-herramientas-manuales-aisladas-1000-v\/#breadcrumb"},"inLanguage":"es","potentialAction":[{"@type":"ReadAction","target":["https:\/\/abaa.mx\/tienda\/pinzas-amperimetricas-inalambricas-true-rms-de-la-serie-fluke-ib376k-376-fc-y-kit-de-inicio-de-herramientas-manuales-aisladas-1000-v\/"]}]},{"@type":"ImageObject","inLanguage":"es","@id":"https:\/\/abaa.mx\/tienda\/pinzas-amperimetricas-inalambricas-true-rms-de-la-serie-fluke-ib376k-376-fc-y-kit-de-inicio-de-herramientas-manuales-aisladas-1000-v\/#primaryimage","url":"https:\/\/abaa.mx\/tienda\/wp-content\/uploads\/2023\/09\/IB376K.jpg","contentUrl":"https:\/\/abaa.mx\/tienda\/wp-content\/uploads\/2023\/09\/IB376K.jpg","width":270,"height":219,"caption":"IB376K"},{"@type":"BreadcrumbList","@id":"https:\/\/abaa.mx\/tienda\/pinzas-amperimetricas-inalambricas-true-rms-de-la-serie-fluke-ib376k-376-fc-y-kit-de-inicio-de-herramientas-manuales-aisladas-1000-v\/#breadcrumb","itemListElement":[{"@type":"ListItem","position":1,"name":"Inicio","item":"https:\/\/abaa.mx\/tienda\/"},{"@type":"ListItem","position":2,"name":"Tienda","item":"https:\/\/abaa.mx\/tienda\/"},{"@type":"ListItem","position":3,"name":"pinzas amperim\u00e9tricas inal\u00e1mbricas true rms de la serie fluke ib376k 376 fc y kit de inicio de herramientas manuales aisladas, 1000 v"}]},{"@type":"WebSite","@id":"https:\/\/abaa.mx\/tienda\/#website","url":"https:\/\/abaa.mx\/tienda\/","name":"Abaa tienda online","description":"Instrumentos de medici\u00f3n","publisher":{"@id":"https:\/\/abaa.mx\/tienda\/#organization"},"potentialAction":[{"@type":"SearchAction","target":{"@type":"EntryPoint","urlTemplate":"https:\/\/abaa.mx\/tienda\/?s={search_term_string}"},"query-input":{"@type":"PropertyValueSpecification","valueRequired":true,"valueName":"search_term_string"}}],"inLanguage":"es"},{"@type":"Organization","@id":"https:\/\/abaa.mx\/tienda\/#organization","name":"Abaa tienda online","url":"https:\/\/abaa.mx\/tienda\/","logo":{"@type":"ImageObject","inLanguage":"es","@id":"https:\/\/abaa.mx\/tienda\/#\/schema\/logo\/image\/","url":"https:\/\/abaa.mx\/tienda\/wp-content\/uploads\/2024\/01\/abaa-metrologia-tienda.png","contentUrl":"https:\/\/abaa.mx\/tienda\/wp-content\/uploads\/2024\/01\/abaa-metrologia-tienda.png","width":300,"height":141,"caption":"Abaa tienda online"},"image":{"@id":"https:\/\/abaa.mx\/tienda\/#\/schema\/logo\/image\/"}}]}},"_links":{"self":[{"href":"https:\/\/abaa.mx\/tienda\/wp-json\/wp\/v2\/product\/2210","targetHints":{"allow":["GET"]}}],"collection":[{"href":"https:\/\/abaa.mx\/tienda\/wp-json\/wp\/v2\/product"}],"about":[{"href":"https:\/\/abaa.mx\/tienda\/wp-json\/wp\/v2\/types\/product"}],"replies":[{"embeddable":true,"href":"https:\/\/abaa.mx\/tienda\/wp-json\/wp\/v2\/comments?post=2210"}],"wp:featuredmedia":[{"embeddable":true,"href":"https:\/\/abaa.mx\/tienda\/wp-json\/wp\/v2\/media\/2230"}],"wp:attachment":[{"href":"https:\/\/abaa.mx\/tienda\/wp-json\/wp\/v2\/media?parent=2210"}],"wp:term":[{"taxonomy":"product_brand","embeddable":true,"href":"https:\/\/abaa.mx\/tienda\/wp-json\/wp\/v2\/product_brand?post=2210"},{"taxonomy":"product_cat","embeddable":true,"href":"https:\/\/abaa.mx\/tienda\/wp-json\/wp\/v2\/product_cat?post=2210"},{"taxonomy":"product_tag","embeddable":true,"href":"https:\/\/abaa.mx\/tienda\/wp-json\/wp\/v2\/product_tag?post=2210"}],"curies":[{"name":"wp","href":"https:\/\/api.w.org\/{rel}","templated":true}]}}