{"id":2209,"date":"2023-09-20T15:57:40","date_gmt":"2023-09-20T15:57:40","guid":{"rendered":"https:\/\/abaa.mx\/tienda\/?post_type=product&#038;p=2209"},"modified":"2023-09-20T15:57:40","modified_gmt":"2023-09-20T15:57:40","slug":"fluke-a3000-fc-kit","status":"publish","type":"product","link":"https:\/\/abaa.mx\/tienda\/fluke-a3000-fc-kit\/","title":{"rendered":"fluke a3000 fc kit"},"content":{"rendered":"<p><strong>Funciones<\/strong><\/p>\n<ul>\n<li>Comun\u00edcate con tus dispositivos iOS (4s y posteriores) y Android\u2122 (4.3 y versiones posteriores) con la nueva aplicaci\u00f3n m\u00f3vil Fluke Connect<\/li>\n<li>Ahorre dinero y tiempo tomando m\u00faltiples mediciones simult\u00e1neamente<\/li>\n<li>Evite posiciones de medici\u00f3n inc\u00f3modas o inc\u00f3modas. Configure la medici\u00f3n una vez, retroceda y l\u00e9ala tantas veces como desee, cuando lo desee<\/li>\n<li>Vea hasta 6 lecturas en directo a la vez en la aplicaci\u00f3n m\u00f3vil Fluke Connect o en un PC para comprender completamente la situaci\u00f3n<\/li>\n<li>Vea f\u00e1cilmente pantallas retroiluminadas en entornos de trabajo oscuros o con poca luz<\/li>\n<li>Elija el rango autom\u00e1tico o manual<\/li>\n<li>Est\u00e9 en varios lugares a la vez, reduciendo el riesgo de arco el\u00e9ctrico al separarse de situaciones de medici\u00f3n peligrosas<\/li>\n<\/ul>\n<p><strong>Caracter\u00edsticas del A3000-FC<\/strong><\/p>\n<ul>\n<li>Pinza amperim\u00e9trica de CA True-RMS<\/li>\n<li>Mide hasta 400 A CA<\/li>\n<li>Util\u00edcelo como medidor independiente o como parte del sistema<\/li>\n<li>Funci\u00f3n de registro para grabar y guardar hasta 65.000 lecturas<\/li>\n<li>Funci\u00f3n de irrupci\u00f3n<\/li>\n<li>Modelos compatibles: Fluke 3000 FC DMM, c\u00e1mara infrarroja Fluke Ti200\/300\/400, PC a trav\u00e9s del adaptador FC pc3000 opcional, aplicaci\u00f3n m\u00f3vil Fluke Connect<br \/>\n<h4>Especificaciones del Fluke A3000-FC<\/h4>\n<h4>a3000 FC Especificaciones<\/h4>\n<table class=\"table table-striped\">\n<tbody>\n<tr>\n<th>Gama<\/th>\n<td>0,5 A a 400,0 A<\/td>\n<\/tr>\n<tr>\n<th>Resoluci\u00f3n<\/th>\n<td>0,1 A<\/td>\n<\/tr>\n<tr>\n<th>Exactitud<\/th>\n<td>400,0 A: 2 % \u00b1 5 d\u00edgitos (10 Hz a 100 Hz), 2,5 % \u00b1 5 d\u00edgitos (100 Hz a 500 Hz)<\/td>\n<\/tr>\n<tr>\n<th>Avalancha<\/th>\n<td>Lectura m\u00e1xima mostrada: 999.9A<\/td>\n<\/tr>\n<tr>\n<th>Factor de cresta (50 Hz\/60 Hz)<\/th>\n<td>3 a 500 A, 2,5 a 600 A, 1,42 a 1000 A, a\u00f1adir 2 % para C.F. &gt; 2<\/td>\n<\/tr>\n<tr>\n<th>LCD con retroiluminaci\u00f3n<\/th>\n<td>3\/&lt;&gt; d\u00edgitos<\/td>\n<\/tr>\n<tr>\n<th>Ritmo\/intervalo de registro<\/th>\n<td>1 segundo m\u00ednimo\/ajustable por PC<\/td>\n<\/tr>\n<tr>\n<th>Tipo de bater\u00eda<\/th>\n<td>2 AA, NEDA 15 A, IEC LR6\/td&gt;<\/td>\n<\/tr>\n<tr>\n<th>Duraci\u00f3n de la bater\u00eda<\/th>\n<td>400 horas<\/td>\n<\/tr>\n<tr>\n<th>Memoria<\/th>\n<td>Registre hasta 65.000 lecturas<\/td>\n<\/tr>\n<tr>\n<th>Comunicaciones RF<\/th>\n<td>Banda ISM de 2,4 GHZ<\/td>\n<\/tr>\n<tr>\n<th>Rango de comunicaci\u00f3n RF<\/th>\n<td>Al aire libre, sin obst\u00e1culos: Hasta 20 m Obstruido, pared de chapa: Hasta 6,5 m Pared obstruida, de hormig\u00f3n o cerramiento el\u00e9ctrico de acero: Hasta 3,5 m<\/td>\n<\/tr>\n<tr>\n<th>Temperatura de funcionamiento<\/th>\n<td>De -10 \u00b0C a +50 \u00b0C<\/td>\n<\/tr>\n<tr>\n<th>Temperatura de almacenamiento<\/th>\n<td>De -40 \u00b0C a +60 \u00b0C<\/td>\n<\/tr>\n<tr>\n<th>Coeficiente de temperatura<\/th>\n<td>A\u00f1adir 0,1 x (precisi\u00f3n especificada)\/\u00b0C (&lt; 18 \u00b0C o &gt; 28 \u00b0C)<\/td>\n<\/tr>\n<tr>\n<th>Humedad de funcionamiento<\/th>\n<td>90 % a 35 \u00b0C, 75 % a 40 \u00b0C, 45 % a 50 \u00b0C<\/td>\n<\/tr>\n<tr>\n<th>Altitud<\/th>\n<td>En funcionamiento: 2.000 m Dest\u00fce: 12.000 m<\/td>\n<\/tr>\n<tr>\n<th>EMC<\/th>\n<td>EN 61326-1:2006<\/td>\n<\/tr>\n<tr>\n<th>Cumplimiento de la seguridad<\/th>\n<td>IEC 61010-1, 600 V CAT III, 3\u00aa edici\u00f3n Grado de contaminaci\u00f3n 2<\/td>\n<\/tr>\n<tr>\n<th>Clasificaci\u00f3n de seguridad<\/th>\n<td>CAT III 600 V<\/td>\n<\/tr>\n<tr>\n<th>Certificaciones<\/th>\n<td>CSA, CE, FCC: T68-FBLE IC: 6627A-FBLE<\/td>\n<\/tr>\n<tr>\n<th>Clasificaci\u00f3n de protecci\u00f3n de ingreso (IP)<\/th>\n<td>IP30<\/td>\n<\/tr>\n<tr>\n<th>Grado de contaminaci\u00f3n<\/th>\n<td>2<\/td>\n<\/tr>\n<tr>\n<th>Abertura de la mand\u00edbula<\/th>\n<td>34 mm (1,33 pulg.)<\/td>\n<\/tr>\n<tr>\n<th>Tama\u00f1o (HxWxD)<\/th>\n<td>20,3 cm x 7,49 cm x 3,55 cm (8 pulgadas x 2,95 en en x 1,4 en pulg)<\/td>\n<\/tr>\n<tr>\n<th>Peso<\/th>\n<td>.22 kg (8 oz)<\/td>\n<\/tr>\n<\/tbody>\n<\/table>\n<h4>Especificaciones de Fluke 3000FC<\/h4>\n<p><em>Para todas las especificaciones: la precisi\u00f3n se especifica durante un a\u00f1o despu\u00e9s de la calibraci\u00f3n, a temperaturas de funcionamiento de 18 \u00b0C a 28 \u00b0C, con una humedad relativa del 0 % al 90 %. Las especificaciones de precisi\u00f3n adoptan la forma de \u00b1 ([ % de lectura ] + [ N\u00famero de d\u00edgitos menos significativos ]).<\/em><\/p>\n<h4>Voltaje de CA<\/h4>\n<table class=\"table table-striped\">\n<tbody>\n<tr>\n<th><\/th>\n<th><\/th>\n<th colspan=\"2\"><span>Exactitud\u00a0<\/span><sup>2,<\/sup><sup>3,<\/sup><sup>4<\/sup><\/th>\n<\/tr>\n<tr>\n<th><span>Gama<\/span><sup>1<\/sup><\/th>\n<th>Resoluci\u00f3n<\/th>\n<th>De 45 Hz a 500 Hz<\/th>\n<th>De 500 Hz a 1 kHz<\/th>\n<\/tr>\n<tr>\n<td>600,0 mV<\/td>\n<td>0,1 mV<\/td>\n<td rowspan=\"5\">1.0 % + 3<\/td>\n<td rowspan=\"5\">2.0 % + 3<\/td>\n<\/tr>\n<tr>\n<td>6,000 V<\/td>\n<td>0,001 V<\/td>\n<\/tr>\n<tr>\n<td>60,00 V<\/td>\n<td>0,01 V<\/td>\n<\/tr>\n<tr>\n<td>600,0 V<\/td>\n<td>0,1 V<\/td>\n<\/tr>\n<tr>\n<td>1000 &lt;&gt;<\/td>\n<td>1 &lt;&gt;<\/td>\n<\/tr>\n<\/tbody>\n<\/table>\n<p><sup>1<\/sup><span>\u00a0Todos los rangos de voltaje de CA se especifican desde el 1 % del rango hasta el 100 % del rango.<\/span><br \/>\n<sup>2<\/sup><span>\u00a0Factor de cresta de &lt; 3 a escala completa hasta 500 V, disminuyendo linealmente a factor de cresta &lt; 1.5 a 1000 V.<\/span><br \/>\n<sup>3<\/sup><span>\u00a0Para formas de onda no sinusoidales, a\u00f1adir \u00b1 (2 % de la lectura + 2 % de escala completa) t\u00edpica, para el factor de cresta hasta 3.<\/span><br \/>\n<sup>4<\/sup><span>\u00a0No exceda los 107 V-Hz.<\/span><\/p>\n<h4>Voltaje de CC, continuidad, resistencia, prueba de diodos y capacitancia<\/h4>\n<table class=\"table table-striped\">\n<tbody>\n<tr>\n<th>Funci\u00f3n<\/th>\n<th>Gama<\/th>\n<th>Resoluci\u00f3n<\/th>\n<th>Exactitud<\/th>\n<\/tr>\n<tr>\n<td>Mv<\/td>\n<td>600,0 mV<\/td>\n<td>0,1 mV<\/td>\n<td>0.09 % + 2<\/td>\n<\/tr>\n<tr>\n<td rowspan=\"4\">V<\/td>\n<td>6,000 V<\/td>\n<td>0,001 V<\/td>\n<td rowspan=\"3\">0.09 % + 2<\/td>\n<\/tr>\n<tr>\n<td>60,00 V<\/td>\n<td>0,01 V<\/td>\n<\/tr>\n<tr>\n<td>600,0 V<\/td>\n<td>0,1 V<\/td>\n<\/tr>\n<tr>\n<td>1000 &lt;&gt;<\/td>\n<td>1 &lt;&gt;<\/td>\n<td>0.15 % + 2<\/td>\n<\/tr>\n<tr>\n<td>\u03a9<\/td>\n<td>600 \u03a9<\/td>\n<td>1 \u03a9<\/td>\n<td>El medidor emite pitidos a &lt; 25 \u03a9, el beeper detecta aperturas o cortocircuitos de 250 \u03bcs o m\u00e1s.<\/td>\n<\/tr>\n<tr>\n<td rowspan=\"6\">\u03a9<\/td>\n<td>600.0 \u03a9<\/td>\n<td>0.1 \u03a9<\/td>\n<td>0.5 % + 2<\/td>\n<\/tr>\n<tr>\n<td>6,000 k\u03a9<\/td>\n<td>0,001 k\u03a9<\/td>\n<td rowspan=\"4\">0.5% + 1<\/td>\n<\/tr>\n<tr>\n<td>60,00 k\u03a9<\/td>\n<td>0,01 k\u03a9<\/td>\n<\/tr>\n<tr>\n<td>60,00 k\u03a9<\/td>\n<td>0,1 k\u03a9<\/td>\n<\/tr>\n<tr>\n<td>600,0 k\u03a9<\/td>\n<td>0,001 M\u03a9<\/td>\n<\/tr>\n<tr>\n<td>50,00 M\u03a9<\/td>\n<td>0,01 M\u03a9<\/td>\n<td>1.5 % + 3<\/td>\n<\/tr>\n<tr>\n<td>Prueba de diodo<\/td>\n<td>2,000 V<\/td>\n<td>0,001 V<\/td>\n<td>1 % + 2<\/td>\n<\/tr>\n<tr>\n<td rowspan=\"4\">\u03bcF<\/td>\n<td>1000 nF<\/td>\n<td>1 nF<\/td>\n<td rowspan=\"3\">1.2 % + 2<\/td>\n<\/tr>\n<tr>\n<td>10.00 \u03bcF<\/td>\n<td>0.01 \u03bcF<\/td>\n<\/tr>\n<tr>\n<td>100.0 \u03bcF<\/td>\n<td>0.1 \u03bcF<\/td>\n<\/tr>\n<tr>\n<td><span>9999 \u03bcF<\/span><sup>1<\/sup><\/td>\n<td>1 \u03bcF<\/td>\n<td>10 % t\u00edpico<\/td>\n<\/tr>\n<\/tbody>\n<\/table>\n<p><sup>1<\/sup><span>\u00a0En el rango de 9999 \u03bcF para mediciones de hasta 1000 \u03bcF, la precisi\u00f3n de medici\u00f3n es 1.2% + 2.<\/span><\/p>\n<h4>Corriente alterna y continua<\/h4>\n<table class=\"table table-striped\">\n<tbody>\n<tr>\n<th>Funci\u00f3n<\/th>\n<th><span>Gama<\/span><sup>1<\/sup><\/th>\n<th>Resoluci\u00f3n<\/th>\n<th>Exactitud<\/th>\n<\/tr>\n<tr>\n<td rowspan=\"2\">mA CA (45 Hz a 1 kHZ)<\/td>\n<td>60,00 mA<\/td>\n<td>0,01 mA<\/td>\n<td rowspan=\"2\">1.5 % + 3<\/td>\n<\/tr>\n<tr>\n<td><span>400,0 mA<\/span><sup>3<\/sup><\/td>\n<td>0,1 mA<\/td>\n<\/tr>\n<tr>\n<td rowspan=\"2\"><span>mA DC<\/span><sup>2<\/sup><\/td>\n<td>60,00 mA<\/td>\n<td>0,01 mA<\/td>\n<td rowspan=\"2\">0.5 % + 3<\/td>\n<\/tr>\n<tr>\n<td><span>400,0 mA<\/span><sup>3<\/sup><\/td>\n<td>0,1 mA<\/td>\n<\/tr>\n<\/tbody>\n<\/table>\n<p><sup>1<\/sup><span>\u00a0Todos los rangos de corriente alterna se especifican desde el 5 % del intervalo hasta el 100 % del intervalo.<\/span><br \/>\n<sup>2<\/sup><span>\u00a0Tensi\u00f3n de carga de entrada (t\u00edpica): 400 mA entrada 2 mV\/mA.<\/span><br \/>\n<sup>3<\/sup><span>\u00a0Precisi\u00f3n de 400,0 mA especificada hasta 600 mA de sobrecarga.<\/span><\/p>\n<h4>Frecuencia<\/h4>\n<table class=\"table table-striped\">\n<tbody>\n<tr>\n<th>Gama<\/th>\n<th>Resoluci\u00f3n<\/th>\n<th><span>Exactitud\u00a0<\/span><sup>[1]<\/sup><\/th>\n<\/tr>\n<tr>\n<td>99,99 Hz<\/td>\n<td>0,01 Hz<\/td>\n<td rowspan=\"4\">0.1 % + 1<\/td>\n<\/tr>\n<tr>\n<td>999,9 Hz<\/td>\n<td>0,1 Hz<\/td>\n<\/tr>\n<tr>\n<td>9,999 kHz<\/td>\n<td>0,001 kHz<\/td>\n<\/tr>\n<tr>\n<td>99,99 kHz<\/td>\n<td>0,01 kHz<\/td>\n<\/tr>\n<\/tbody>\n<\/table>\n<p><sup>1<\/sup><span>\u00a0La frecuencia se especifica hasta 99,99 kHz en voltios y hasta 10 kHz en amperios.<\/span><\/p>\n<h4>Grabaci\u00f3n MIN\/MAX<\/h4>\n<table class=\"table table-striped\">\n<tbody>\n<tr>\n<th>Funci\u00f3n<\/th>\n<th>Exactitud<\/th>\n<\/tr>\n<tr>\n<td>Funciones de CC<\/td>\n<td>La precisi\u00f3n especificada de la funci\u00f3n de medici\u00f3n \u00b1 12 recuentos para cambios &gt; 350 ms de duraci\u00f3n.<\/td>\n<\/tr>\n<tr>\n<td>Funciones de CA<\/td>\n<td>La precisi\u00f3n especificada de la funci\u00f3n de medici\u00f3n \u00b1 40 recuentos para cambios &gt; 900 ms de duraci\u00f3n.<\/td>\n<\/tr>\n<\/tbody>\n<\/table>\n<h4>Especificaciones generales (no compatible con las herramientas de prueba CNX de Fluke)<\/h4>\n<table class=\"table table-striped\">\n<tbody>\n<tr>\n<th>Tensi\u00f3n m\u00e1xima entre cualquier terminal y tierra<\/th>\n<td>1000 V CC o CA rms<\/td>\n<\/tr>\n<tr>\n<th>\u03a9 protecci\u00f3n del fusible de las entradas A<\/th>\n<td>0,44 A (44\/100 A, 440 mA), fusible FAST de 1000 V, solo pieza especificada por Fluke<\/td>\n<\/tr>\n<tr>\n<th>Pantalla (LCD)<\/th>\n<td>Tasa de actualizaci\u00f3n: 4\/seg<br \/>\nVotls, amperios, ohmios: 6000 cuentas Frecuencia: 10.000 cuentas Capacitancia: 1.000 cuentas<\/td>\n<\/tr>\n<tr>\n<th>Tipo de bater\u00eda<\/th>\n<td>Tres pilas alcalinas AA, NEDA 15A IEC LR6<\/td>\n<\/tr>\n<tr>\n<th>Duraci\u00f3n de la bater\u00eda<\/th>\n<td>250 horas m\u00ednimo<\/td>\n<\/tr>\n<tr>\n<th>Comunicaciones RF<\/th>\n<td>Banda ISM de 2,4 GHZ<\/td>\n<\/tr>\n<tr>\n<th>Rango de comunicaci\u00f3n RF<\/th>\n<td>Al aire libre, sin obstrucciones: Hasta 20 m Obstruido, pared de chapa: Hasta 6,5 m Muro de hormig\u00f3n obstruido o cerramiento el\u00e9ctrico de acero: Hasta 3,5 m<\/td>\n<\/tr>\n<tr>\n<th>Temperatura<\/th>\n<td>En funcionamiento: -10 \u00b0C a 50 \u00b0C Almacenamiento: -40 \u00b0C a 60 \u00b0C<\/td>\n<\/tr>\n<tr>\n<th>Coeficiente de temperatura<\/th>\n<td>0,1 X (precisi\u00f3n especificada) \/\u00b0C (&lt;18 \u00b0C o &gt;28 \u00b0C)<\/td>\n<\/tr>\n<tr>\n<th>Humedad relativa<\/th>\n<td>0 % a 90 % (0 \u00b0C a 35 \u00b0C), 0 % a 75 % (35 \u00b0C a 40 \u00b0C), 0 % a 45 % (40 \u00b0C a 50 \u00b0C)<\/td>\n<\/tr>\n<tr>\n<th>Altitud<\/th>\n<td>En funcionamiento: 2.000 m Dest\u00fce: 12.000 m<\/td>\n<\/tr>\n<tr>\n<th>Compatibilidad electromagn\u00e9tica EMI, RFI, EMC, RF<\/th>\n<td>EN 61326-1:2006, EN 61326-2-2:2006. ETSI EN 300 328 V1.7.1:2006, ETSI EN 300 489 V1.8.1:2008, FCC Parte 15 Subparte C Secciones 15.207, 15.209, 15.249, FCCID : FCC: T68-FDMMBLE IC: 6627A-FDMMBLE<\/td>\n<\/tr>\n<tr>\n<th>Cumplimiento de la seguridad<\/th>\n<td>ANSI\/ISA 61010-1 \/ (82.02.01): 3\u00aa edici\u00f3n CAN\/CSA-C22.2 No 61010-1-12: 3\u00aa edici\u00f3n UL 61010-1: 3\u00aa edici\u00f3n IEC\/EN 61010-1:2010<\/td>\n<\/tr>\n<tr>\n<th>Certificaciones<\/th>\n<td>CSA, FCC, CE<\/td>\n<\/tr>\n<tr>\n<th>Clasificaci\u00f3n de protecci\u00f3n de ingreso (IP)<\/th>\n<td>IP54<\/td>\n<\/tr>\n<tr>\n<th>Grado de contaminaci\u00f3n<\/th>\n<td>2<\/td>\n<\/tr>\n<tr>\n<th>Tama\u00f1o (H x W x L)<\/th>\n<td>4,75 cm x 9,3 cm x 20,7 cm (1,87 en en x 3,68 en en x 8,14 en )<\/td>\n<\/tr>\n<tr>\n<th>Peso<\/th>\n<td>340 g (12 oz)<\/td>\n<\/tr>\n<\/tbody>\n<\/table>\n<\/li>\n<\/ul>\n","protected":false},"excerpt":{"rendered":"<p><strong>Funciones<\/strong><\/p>\n<ul>\n<li>Comun\u00edcate con tus dispositivos iOS (4s y posteriores) y Android\u2122 (4.3 y versiones posteriores) con la nueva aplicaci\u00f3n m\u00f3vil Fluke Connect<\/li>\n<li>Ahorre dinero y tiempo tomando m\u00faltiples mediciones simult\u00e1neamente<\/li>\n<li>Evite posiciones de medici\u00f3n inc\u00f3modas o inc\u00f3modas. Configure la medici\u00f3n una vez, retroceda y l\u00e9ala tantas veces como desee, cuando lo desee<\/li>\n<li>Vea hasta 6 lecturas en directo a la vez en la aplicaci\u00f3n m\u00f3vil Fluke Connect o en un PC para comprender completamente la situaci\u00f3n<\/li>\n<li>Vea f\u00e1cilmente pantallas retroiluminadas en entornos de trabajo oscuros o con poca luz<\/li>\n<li>Elija el rango autom\u00e1tico o manual<\/li>\n<li>Est\u00e9 en varios lugares a la vez, reduciendo el riesgo de arco el\u00e9ctrico al separarse de situaciones de medici\u00f3n peligrosas<\/li>\n<\/ul>\n","protected":false},"featured_media":2222,"comment_status":"open","ping_status":"closed","template":"","meta":{"_joinchat":[]},"product_brand":[],"product_cat":[15],"product_tag":[],"class_list":{"0":"post-2209","1":"product","2":"type-product","3":"status-publish","4":"has-post-thumbnail","6":"product_cat-sin-categorizar","8":"first","9":"instock","10":"shipping-taxable","11":"product-type-simple"},"yoast_head":"<!-- This site is optimized with the Yoast SEO plugin v26.4 - https:\/\/yoast.com\/wordpress\/plugins\/seo\/ -->\n<title>fluke a3000 fc kit - Abaa tienda online<\/title>\n<meta name=\"robots\" content=\"index, follow, max-snippet:-1, max-image-preview:large, max-video-preview:-1\" \/>\n<link rel=\"canonical\" href=\"https:\/\/abaa.mx\/tienda\/fluke-a3000-fc-kit\/\" \/>\n<meta property=\"og:locale\" content=\"es_MX\" \/>\n<meta property=\"og:type\" content=\"article\" \/>\n<meta property=\"og:title\" content=\"fluke a3000 fc kit - Abaa tienda online\" \/>\n<meta property=\"og:description\" content=\"Funciones   Comun\u00edcate con tus dispositivos iOS (4s y posteriores) y Android\u2122 (4.3 y versiones posteriores) con la nueva aplicaci\u00f3n m\u00f3vil Fluke Connect  Ahorre dinero y tiempo tomando m\u00faltiples mediciones simult\u00e1neamente  Evite posiciones de medici\u00f3n inc\u00f3modas o inc\u00f3modas. Configure la medici\u00f3n una vez, retroceda y l\u00e9ala tantas veces como desee, cuando lo desee  Vea hasta 6 lecturas en directo a la vez en la aplicaci\u00f3n m\u00f3vil Fluke Connect o en un PC para comprender completamente la situaci\u00f3n  Vea f\u00e1cilmente pantallas retroiluminadas en entornos de trabajo oscuros o con poca luz  Elija el rango autom\u00e1tico o manual  Est\u00e9 en varios lugares a la vez, reduciendo el riesgo de arco el\u00e9ctrico al separarse de situaciones de medici\u00f3n peligrosas\" \/>\n<meta property=\"og:url\" content=\"https:\/\/abaa.mx\/tienda\/fluke-a3000-fc-kit\/\" \/>\n<meta property=\"og:site_name\" content=\"Abaa tienda online\" \/>\n<meta property=\"og:image\" content=\"https:\/\/abaa.mx\/tienda\/wp-content\/uploads\/2023\/09\/fluke-a3000-fc-kit.jpg\" \/>\n\t<meta property=\"og:image:width\" content=\"1000\" \/>\n\t<meta property=\"og:image:height\" content=\"1000\" \/>\n\t<meta property=\"og:image:type\" content=\"image\/jpeg\" \/>\n<meta name=\"twitter:card\" content=\"summary_large_image\" \/>\n<meta name=\"twitter:label1\" content=\"Tiempo de lectura\" \/>\n\t<meta name=\"twitter:data1\" content=\"6 minutos\" \/>\n<script type=\"application\/ld+json\" class=\"yoast-schema-graph\">{\"@context\":\"https:\/\/schema.org\",\"@graph\":[{\"@type\":\"WebPage\",\"@id\":\"https:\/\/abaa.mx\/tienda\/fluke-a3000-fc-kit\/\",\"url\":\"https:\/\/abaa.mx\/tienda\/fluke-a3000-fc-kit\/\",\"name\":\"fluke a3000 fc kit - Abaa tienda online\",\"isPartOf\":{\"@id\":\"https:\/\/abaa.mx\/tienda\/#website\"},\"primaryImageOfPage\":{\"@id\":\"https:\/\/abaa.mx\/tienda\/fluke-a3000-fc-kit\/#primaryimage\"},\"image\":{\"@id\":\"https:\/\/abaa.mx\/tienda\/fluke-a3000-fc-kit\/#primaryimage\"},\"thumbnailUrl\":\"https:\/\/abaa.mx\/tienda\/wp-content\/uploads\/2023\/09\/fluke-a3000-fc-kit.jpg\",\"datePublished\":\"2023-09-20T15:57:40+00:00\",\"breadcrumb\":{\"@id\":\"https:\/\/abaa.mx\/tienda\/fluke-a3000-fc-kit\/#breadcrumb\"},\"inLanguage\":\"es\",\"potentialAction\":[{\"@type\":\"ReadAction\",\"target\":[\"https:\/\/abaa.mx\/tienda\/fluke-a3000-fc-kit\/\"]}]},{\"@type\":\"ImageObject\",\"inLanguage\":\"es\",\"@id\":\"https:\/\/abaa.mx\/tienda\/fluke-a3000-fc-kit\/#primaryimage\",\"url\":\"https:\/\/abaa.mx\/tienda\/wp-content\/uploads\/2023\/09\/fluke-a3000-fc-kit.jpg\",\"contentUrl\":\"https:\/\/abaa.mx\/tienda\/wp-content\/uploads\/2023\/09\/fluke-a3000-fc-kit.jpg\",\"width\":1000,\"height\":1000,\"caption\":\"fluke a3000 fc kit\"},{\"@type\":\"BreadcrumbList\",\"@id\":\"https:\/\/abaa.mx\/tienda\/fluke-a3000-fc-kit\/#breadcrumb\",\"itemListElement\":[{\"@type\":\"ListItem\",\"position\":1,\"name\":\"Inicio\",\"item\":\"https:\/\/abaa.mx\/tienda\/\"},{\"@type\":\"ListItem\",\"position\":2,\"name\":\"Tienda\",\"item\":\"https:\/\/abaa.mx\/tienda\/\"},{\"@type\":\"ListItem\",\"position\":3,\"name\":\"fluke a3000 fc kit\"}]},{\"@type\":\"WebSite\",\"@id\":\"https:\/\/abaa.mx\/tienda\/#website\",\"url\":\"https:\/\/abaa.mx\/tienda\/\",\"name\":\"Abaa tienda online\",\"description\":\"Instrumentos de medici\u00f3n\",\"publisher\":{\"@id\":\"https:\/\/abaa.mx\/tienda\/#organization\"},\"potentialAction\":[{\"@type\":\"SearchAction\",\"target\":{\"@type\":\"EntryPoint\",\"urlTemplate\":\"https:\/\/abaa.mx\/tienda\/?s={search_term_string}\"},\"query-input\":{\"@type\":\"PropertyValueSpecification\",\"valueRequired\":true,\"valueName\":\"search_term_string\"}}],\"inLanguage\":\"es\"},{\"@type\":\"Organization\",\"@id\":\"https:\/\/abaa.mx\/tienda\/#organization\",\"name\":\"Abaa tienda online\",\"url\":\"https:\/\/abaa.mx\/tienda\/\",\"logo\":{\"@type\":\"ImageObject\",\"inLanguage\":\"es\",\"@id\":\"https:\/\/abaa.mx\/tienda\/#\/schema\/logo\/image\/\",\"url\":\"https:\/\/abaa.mx\/tienda\/wp-content\/uploads\/2024\/01\/abaa-metrologia-tienda.png\",\"contentUrl\":\"https:\/\/abaa.mx\/tienda\/wp-content\/uploads\/2024\/01\/abaa-metrologia-tienda.png\",\"width\":300,\"height\":141,\"caption\":\"Abaa tienda online\"},\"image\":{\"@id\":\"https:\/\/abaa.mx\/tienda\/#\/schema\/logo\/image\/\"}}]}<\/script>\n<!-- \/ Yoast SEO plugin. -->","yoast_head_json":{"title":"fluke a3000 fc kit - Abaa tienda online","robots":{"index":"index","follow":"follow","max-snippet":"max-snippet:-1","max-image-preview":"max-image-preview:large","max-video-preview":"max-video-preview:-1"},"canonical":"https:\/\/abaa.mx\/tienda\/fluke-a3000-fc-kit\/","og_locale":"es_MX","og_type":"article","og_title":"fluke a3000 fc kit - Abaa tienda online","og_description":"Funciones   Comun\u00edcate con tus dispositivos iOS (4s y posteriores) y Android\u2122 (4.3 y versiones posteriores) con la nueva aplicaci\u00f3n m\u00f3vil Fluke Connect  Ahorre dinero y tiempo tomando m\u00faltiples mediciones simult\u00e1neamente  Evite posiciones de medici\u00f3n inc\u00f3modas o inc\u00f3modas. Configure la medici\u00f3n una vez, retroceda y l\u00e9ala tantas veces como desee, cuando lo desee  Vea hasta 6 lecturas en directo a la vez en la aplicaci\u00f3n m\u00f3vil Fluke Connect o en un PC para comprender completamente la situaci\u00f3n  Vea f\u00e1cilmente pantallas retroiluminadas en entornos de trabajo oscuros o con poca luz  Elija el rango autom\u00e1tico o manual  Est\u00e9 en varios lugares a la vez, reduciendo el riesgo de arco el\u00e9ctrico al separarse de situaciones de medici\u00f3n peligrosas","og_url":"https:\/\/abaa.mx\/tienda\/fluke-a3000-fc-kit\/","og_site_name":"Abaa tienda online","og_image":[{"width":1000,"height":1000,"url":"https:\/\/abaa.mx\/tienda\/wp-content\/uploads\/2023\/09\/fluke-a3000-fc-kit.jpg","type":"image\/jpeg"}],"twitter_card":"summary_large_image","twitter_misc":{"Tiempo de lectura":"6 minutos"},"schema":{"@context":"https:\/\/schema.org","@graph":[{"@type":"WebPage","@id":"https:\/\/abaa.mx\/tienda\/fluke-a3000-fc-kit\/","url":"https:\/\/abaa.mx\/tienda\/fluke-a3000-fc-kit\/","name":"fluke a3000 fc kit - Abaa tienda online","isPartOf":{"@id":"https:\/\/abaa.mx\/tienda\/#website"},"primaryImageOfPage":{"@id":"https:\/\/abaa.mx\/tienda\/fluke-a3000-fc-kit\/#primaryimage"},"image":{"@id":"https:\/\/abaa.mx\/tienda\/fluke-a3000-fc-kit\/#primaryimage"},"thumbnailUrl":"https:\/\/abaa.mx\/tienda\/wp-content\/uploads\/2023\/09\/fluke-a3000-fc-kit.jpg","datePublished":"2023-09-20T15:57:40+00:00","breadcrumb":{"@id":"https:\/\/abaa.mx\/tienda\/fluke-a3000-fc-kit\/#breadcrumb"},"inLanguage":"es","potentialAction":[{"@type":"ReadAction","target":["https:\/\/abaa.mx\/tienda\/fluke-a3000-fc-kit\/"]}]},{"@type":"ImageObject","inLanguage":"es","@id":"https:\/\/abaa.mx\/tienda\/fluke-a3000-fc-kit\/#primaryimage","url":"https:\/\/abaa.mx\/tienda\/wp-content\/uploads\/2023\/09\/fluke-a3000-fc-kit.jpg","contentUrl":"https:\/\/abaa.mx\/tienda\/wp-content\/uploads\/2023\/09\/fluke-a3000-fc-kit.jpg","width":1000,"height":1000,"caption":"fluke a3000 fc kit"},{"@type":"BreadcrumbList","@id":"https:\/\/abaa.mx\/tienda\/fluke-a3000-fc-kit\/#breadcrumb","itemListElement":[{"@type":"ListItem","position":1,"name":"Inicio","item":"https:\/\/abaa.mx\/tienda\/"},{"@type":"ListItem","position":2,"name":"Tienda","item":"https:\/\/abaa.mx\/tienda\/"},{"@type":"ListItem","position":3,"name":"fluke a3000 fc kit"}]},{"@type":"WebSite","@id":"https:\/\/abaa.mx\/tienda\/#website","url":"https:\/\/abaa.mx\/tienda\/","name":"Abaa tienda online","description":"Instrumentos de medici\u00f3n","publisher":{"@id":"https:\/\/abaa.mx\/tienda\/#organization"},"potentialAction":[{"@type":"SearchAction","target":{"@type":"EntryPoint","urlTemplate":"https:\/\/abaa.mx\/tienda\/?s={search_term_string}"},"query-input":{"@type":"PropertyValueSpecification","valueRequired":true,"valueName":"search_term_string"}}],"inLanguage":"es"},{"@type":"Organization","@id":"https:\/\/abaa.mx\/tienda\/#organization","name":"Abaa tienda online","url":"https:\/\/abaa.mx\/tienda\/","logo":{"@type":"ImageObject","inLanguage":"es","@id":"https:\/\/abaa.mx\/tienda\/#\/schema\/logo\/image\/","url":"https:\/\/abaa.mx\/tienda\/wp-content\/uploads\/2024\/01\/abaa-metrologia-tienda.png","contentUrl":"https:\/\/abaa.mx\/tienda\/wp-content\/uploads\/2024\/01\/abaa-metrologia-tienda.png","width":300,"height":141,"caption":"Abaa tienda online"},"image":{"@id":"https:\/\/abaa.mx\/tienda\/#\/schema\/logo\/image\/"}}]}},"_links":{"self":[{"href":"https:\/\/abaa.mx\/tienda\/wp-json\/wp\/v2\/product\/2209","targetHints":{"allow":["GET"]}}],"collection":[{"href":"https:\/\/abaa.mx\/tienda\/wp-json\/wp\/v2\/product"}],"about":[{"href":"https:\/\/abaa.mx\/tienda\/wp-json\/wp\/v2\/types\/product"}],"replies":[{"embeddable":true,"href":"https:\/\/abaa.mx\/tienda\/wp-json\/wp\/v2\/comments?post=2209"}],"wp:featuredmedia":[{"embeddable":true,"href":"https:\/\/abaa.mx\/tienda\/wp-json\/wp\/v2\/media\/2222"}],"wp:attachment":[{"href":"https:\/\/abaa.mx\/tienda\/wp-json\/wp\/v2\/media?parent=2209"}],"wp:term":[{"taxonomy":"product_brand","embeddable":true,"href":"https:\/\/abaa.mx\/tienda\/wp-json\/wp\/v2\/product_brand?post=2209"},{"taxonomy":"product_cat","embeddable":true,"href":"https:\/\/abaa.mx\/tienda\/wp-json\/wp\/v2\/product_cat?post=2209"},{"taxonomy":"product_tag","embeddable":true,"href":"https:\/\/abaa.mx\/tienda\/wp-json\/wp\/v2\/product_tag?post=2209"}],"curies":[{"name":"wp","href":"https:\/\/api.w.org\/{rel}","templated":true}]}}