{"id":2208,"date":"2023-09-20T15:55:08","date_gmt":"2023-09-20T15:55:08","guid":{"rendered":"https:\/\/abaa.mx\/tienda\/?post_type=product&#038;p=2208"},"modified":"2023-09-20T15:55:09","modified_gmt":"2023-09-20T15:55:09","slug":"multimetro-digital-fluke-115-nist-true-rms","status":"publish","type":"product","link":"https:\/\/abaa.mx\/tienda\/multimetro-digital-fluke-115-nist-true-rms\/","title":{"rendered":"Mult\u00edmetro digital fluke 115-nist true rms"},"content":{"rendered":"<h4>Ofertas de Fluke 115-NIST<\/h4>\n<p><strong>La herramienta compacta de soluci\u00f3n de problemas de uso general para t\u00e9cnicos de servicio de campo<\/strong><\/p>\n<p>Ideal para requisitos de pruebas el\u00e9ctricas y electr\u00f3nicas de uso general, este mult\u00edmetro digital True RMS tambi\u00e9n proporciona una operaci\u00f3n simple con una sola mano y un dise\u00f1o compacto para los t\u00e9cnicos de servicio de campo. Esta herramienta mide el voltaje True RMS, as\u00ed como las corrientes con 6000 conteo, resistencia, continuidad, frecuencia y capacitancia para verificaciones r\u00e1pidas. Adem\u00e1s, este mult\u00edmetro digital se prueba de forma independiente para un uso seguro en entornos CAT III 600V.<\/p>\n<p>Este producto incluye un certificado trazable con datos completos e incertidumbres.<\/p>\n<h4><strong>Funciones<\/strong><\/h4>\n<ul>\n<li>Mide la resistencia, continuidad, frecuencia, capacitancia y prueba de diodos<\/li>\n<li>Mide 10 A (sobrecarga de 20 A durante 30 segundos)<\/li>\n<li>Gran retroiluminaci\u00f3n LED blanca para trabajar en \u00e1reas poco iluminadas<\/li>\n<li>Dise\u00f1o ergon\u00f3mico compacto para el manejo con una sola mano<\/li>\n<li>Compatible con colgador magn\u00e9tico opcional (ToolPak)<\/li>\n<li>True RMS para mediciones precisas en cargas no lineales<\/li>\n<li>M\u00edn.\/m\u00e1x.\/promedio con tiempo transcurrido para registrar las fluctuaciones de la se\u00f1al<\/li>\n<li>CAT III 600 V con clasificaci\u00f3n de seguridad<\/li>\n<li>Mide voltaje de CA y CC a 600 V<\/li>\n<\/ul>\n<h4><strong>Aplicaciones<\/strong><\/h4>\n<ul>\n<li>Pruebas el\u00e9ctricas y electr\u00f3nicas<\/li>\n<li>Verificaci\u00f3n r\u00e1pida y servicio de campo<\/li>\n<\/ul>\n<h4>Especificaciones de Fluke 115-NIST<\/h4>\n<table class=\"table table-striped\">\n<tbody>\n<tr>\n<td colspan=\"2\"><strong>Milivoltios DC<\/strong><\/td>\n<\/tr>\n<tr>\n<td>Gama<\/td>\n<td>600 mV<\/td>\n<\/tr>\n<tr>\n<td>Resoluci\u00f3n<\/td>\n<td>0,1 mV<\/td>\n<\/tr>\n<tr>\n<td>Exactitud<\/td>\n<td>0.5% + 2<\/td>\n<\/tr>\n<tr>\n<td colspan=\"2\"><strong>Voltios DC<\/strong><\/td>\n<\/tr>\n<tr>\n<td>Gama<\/td>\n<td>6 V 60 V 600 V<\/td>\n<\/tr>\n<tr>\n<td>Resoluci\u00f3n<\/td>\n<td>0,001 V 0,01 V 0,1 V<\/td>\n<\/tr>\n<tr>\n<td>Exactitud<\/td>\n<td>0.5% + 2<\/td>\n<\/tr>\n<tr>\n<td colspan=\"2\"><strong>Voltios autom\u00e1ticos<\/strong><\/td>\n<\/tr>\n<tr>\n<td>Gama<\/td>\n<td>600 V<\/td>\n<\/tr>\n<tr>\n<td>Resoluci\u00f3n<\/td>\n<td>0,1 V<\/td>\n<\/tr>\n<tr>\n<td>Exactitud<\/td>\n<td>2,0% + 3 (45 a 500 Hz) 4,0% + 3 (500 Hz a 1 kHz)<\/td>\n<\/tr>\n<tr>\n<td colspan=\"2\"><strong>Milivoltios de CA1 RMS verdadero<\/strong><\/td>\n<\/tr>\n<tr>\n<td>Gama<\/td>\n<td>600 mV<\/td>\n<\/tr>\n<tr>\n<td>Resoluci\u00f3n<\/td>\n<td>0,1 mV<\/td>\n<\/tr>\n<tr>\n<td>Exactitud<\/td>\n<td>1,0% + 3 (45 a 500 Hz) 2,0% + 3 (500 Hz a 1 kHz)<\/td>\n<\/tr>\n<tr>\n<td colspan=\"2\"><strong><span>Voltios de CA<\/span><sup>1<\/sup><span>\u00a0RMS verdadero<\/span><\/strong><\/td>\n<\/tr>\n<tr>\n<td>Gama<\/td>\n<td>6 V 60 V 600 V<\/td>\n<\/tr>\n<tr>\n<td>Resoluci\u00f3n<\/td>\n<td>0,001 V 0,01 V 0,1 V<\/td>\n<\/tr>\n<tr>\n<td>Exactitud<\/td>\n<td>1,0% + 3 (45 a 500 Hz) 2,0% + 3 (500 Hz a 1 kHz)<\/td>\n<\/tr>\n<tr>\n<td colspan=\"2\"><strong>Continuidad<\/strong><\/td>\n<\/tr>\n<tr>\n<td>Gama<\/td>\n<td>600 \u03a9<\/td>\n<\/tr>\n<tr>\n<td>Resoluci\u00f3n<\/td>\n<td>1 \u03a9<\/td>\n<\/tr>\n<tr>\n<td>Exactitud<\/td>\n<td>Beeper en &lt;20 de descuento&gt; 250; Detecta aperturas o cortocircuitos de 500 \u03bcs o m\u00e1s<\/td>\n<\/tr>\n<tr>\n<td colspan=\"2\"><strong>Ohmios<\/strong><\/td>\n<\/tr>\n<tr>\n<td>Gama<\/td>\n<td>600 \u03a9<br \/>\n6 k\u03a9 60 k\u03a9<\/p>\n<p>600 k\u03a9<br \/>\n6 M\u03a9<br \/>\n40 M\u03a9<\/td>\n<\/tr>\n<tr>\n<td>Resoluci\u00f3n<\/td>\n<td>0,1 \u03a9<br \/>\n0,001 k\u03a9 0,01 k\u03a9 0,001 M\u03a9<\/p>\n<p>0,01 M\u03a9<\/td>\n<\/tr>\n<tr>\n<td>Exactitud<\/td>\n<td>0.9% + 2<br \/>\n0.9% + 1<br \/>\n5% + 2<\/td>\n<\/tr>\n<tr>\n<td colspan=\"2\"><strong>Prueba de diodo<\/strong><\/td>\n<\/tr>\n<tr>\n<td>Gama<\/td>\n<td>2 V<\/td>\n<\/tr>\n<tr>\n<td>Resoluci\u00f3n<\/td>\n<td>0,001 V<\/td>\n<\/tr>\n<tr>\n<td>Exactitud<\/td>\n<td>0.9% + 2<\/td>\n<\/tr>\n<tr>\n<td colspan=\"2\"><strong>Capacitancia<\/strong><\/td>\n<\/tr>\n<tr>\n<td>Gama<\/td>\n<td>1000 nF 10 \u03bcF 100 \u03bcF 9999 \u03bcF 100 a 1000 \u03bcF &gt;1000 \u03bcF<\/td>\n<\/tr>\n<tr>\n<td>Resoluci\u00f3n<\/td>\n<td>1 nF 0.01 \u03bcF 0.1 \u03bcF 1 \u03bcF<\/td>\n<\/tr>\n<tr>\n<td>Exactitud<\/td>\n<td>1.9% + 2<br \/>\n1.9% + 2<br \/>\n5% + 20<\/td>\n<\/tr>\n<tr>\n<td colspan=\"2\"><strong>Capacitancia Lo-Z<\/strong><\/td>\n<\/tr>\n<tr>\n<td>Gama<\/td>\n<td>1 nF a 500 \u03bcF<\/td>\n<\/tr>\n<tr>\n<td>Exactitud<\/td>\n<td>10% + 2 t\u00edpicos<\/td>\n<\/tr>\n<tr>\n<td colspan=\"2\"><strong>Amplificadores de CA True RMS (45 a 500 Hz)<\/strong><\/td>\n<\/tr>\n<tr>\n<td>Gama<\/td>\n<td>6 A 10 A 20 A<\/p>\n<p>sobrecarga durante 30 segundos m\u00e1x.<\/td>\n<\/tr>\n<tr>\n<td>Resoluci\u00f3n<\/td>\n<td>0,001 A 0,01 A<\/td>\n<\/tr>\n<tr>\n<td>Exactitud<\/td>\n<td>1.5% + 3<\/td>\n<\/tr>\n<tr>\n<td colspan=\"2\"><strong>Amplificadores DC<\/strong><\/td>\n<\/tr>\n<tr>\n<td>Gama<\/td>\n<td>6 A 10 A 20 A<\/p>\n<p>sobrecarga durante 30 segundos m\u00e1x.<\/td>\n<\/tr>\n<tr>\n<td>Resoluci\u00f3n<\/td>\n<td>0,001 A 0,01 A<\/td>\n<\/tr>\n<tr>\n<td>Exactitud<\/td>\n<td>1.0% + 3<\/td>\n<\/tr>\n<tr>\n<td colspan=\"2\"><strong><span>Hz (entrada V o A)<\/span><sup>2<\/sup><\/strong><\/td>\n<\/tr>\n<tr>\n<td>Gama<\/td>\n<td>99,99 Hz 999,9 Hz 9,999 kHz<\/p>\n<p>50,00 kHz<\/td>\n<\/tr>\n<tr>\n<td>Resoluci\u00f3n<\/td>\n<td>0,01 Hz 0,1 Hz 0,001 kHz<\/p>\n<p>0,01 kHz<\/td>\n<\/tr>\n<tr>\n<td>Exactitud<\/td>\n<td>0.1% + 2<\/td>\n<\/tr>\n<\/tbody>\n<\/table>\n","protected":false},"excerpt":{"rendered":"<p>Ideal para aplicaciones de pruebas el\u00e9ctricas y electr\u00f3nicas, este medidor True RMS tambi\u00e9n viene equipado con una operaci\u00f3n simple con una sola mano y un dise\u00f1o compacto. Este producto incluye un certificado trazable con datos completos e incertidumbres.<\/p>\n","protected":false},"featured_media":2216,"comment_status":"open","ping_status":"closed","template":"","meta":{"_joinchat":[]},"product_brand":[],"product_cat":[15],"product_tag":[],"class_list":{"0":"post-2208","1":"product","2":"type-product","3":"status-publish","4":"has-post-thumbnail","6":"product_cat-sin-categorizar","8":"first","9":"instock","10":"shipping-taxable","11":"product-type-simple"},"yoast_head":"<!-- This site is optimized with the Yoast SEO plugin v26.4 - https:\/\/yoast.com\/wordpress\/plugins\/seo\/ -->\n<title>Mult\u00edmetro digital fluke 115-nist true rms - Abaa tienda online<\/title>\n<meta name=\"robots\" content=\"index, follow, max-snippet:-1, max-image-preview:large, max-video-preview:-1\" \/>\n<link rel=\"canonical\" href=\"https:\/\/abaa.mx\/tienda\/multimetro-digital-fluke-115-nist-true-rms\/\" \/>\n<meta property=\"og:locale\" content=\"es_MX\" \/>\n<meta property=\"og:type\" content=\"article\" \/>\n<meta property=\"og:title\" content=\"Mult\u00edmetro digital fluke 115-nist true rms - Abaa tienda online\" \/>\n<meta property=\"og:description\" content=\"Ideal para aplicaciones de pruebas el\u00e9ctricas y electr\u00f3nicas, este medidor True RMS tambi\u00e9n viene equipado con una operaci\u00f3n simple con una sola mano y un dise\u00f1o compacto. Este producto incluye un certificado trazable con datos completos e incertidumbres.\" \/>\n<meta property=\"og:url\" content=\"https:\/\/abaa.mx\/tienda\/multimetro-digital-fluke-115-nist-true-rms\/\" \/>\n<meta property=\"og:site_name\" content=\"Abaa tienda online\" \/>\n<meta property=\"article:modified_time\" content=\"2023-09-20T15:55:09+00:00\" \/>\n<meta property=\"og:image\" content=\"https:\/\/abaa.mx\/tienda\/wp-content\/uploads\/2023\/09\/115-NIST.jpg\" \/>\n\t<meta property=\"og:image:width\" content=\"600\" \/>\n\t<meta property=\"og:image:height\" content=\"600\" \/>\n\t<meta property=\"og:image:type\" content=\"image\/jpeg\" \/>\n<meta name=\"twitter:card\" content=\"summary_large_image\" \/>\n<meta name=\"twitter:label1\" content=\"Tiempo de lectura\" \/>\n\t<meta name=\"twitter:data1\" content=\"3 minutos\" \/>\n<script type=\"application\/ld+json\" class=\"yoast-schema-graph\">{\"@context\":\"https:\/\/schema.org\",\"@graph\":[{\"@type\":\"WebPage\",\"@id\":\"https:\/\/abaa.mx\/tienda\/multimetro-digital-fluke-115-nist-true-rms\/\",\"url\":\"https:\/\/abaa.mx\/tienda\/multimetro-digital-fluke-115-nist-true-rms\/\",\"name\":\"Mult\u00edmetro digital fluke 115-nist true rms - Abaa tienda online\",\"isPartOf\":{\"@id\":\"https:\/\/abaa.mx\/tienda\/#website\"},\"primaryImageOfPage\":{\"@id\":\"https:\/\/abaa.mx\/tienda\/multimetro-digital-fluke-115-nist-true-rms\/#primaryimage\"},\"image\":{\"@id\":\"https:\/\/abaa.mx\/tienda\/multimetro-digital-fluke-115-nist-true-rms\/#primaryimage\"},\"thumbnailUrl\":\"https:\/\/abaa.mx\/tienda\/wp-content\/uploads\/2023\/09\/115-NIST.jpg\",\"datePublished\":\"2023-09-20T15:55:08+00:00\",\"dateModified\":\"2023-09-20T15:55:09+00:00\",\"breadcrumb\":{\"@id\":\"https:\/\/abaa.mx\/tienda\/multimetro-digital-fluke-115-nist-true-rms\/#breadcrumb\"},\"inLanguage\":\"es\",\"potentialAction\":[{\"@type\":\"ReadAction\",\"target\":[\"https:\/\/abaa.mx\/tienda\/multimetro-digital-fluke-115-nist-true-rms\/\"]}]},{\"@type\":\"ImageObject\",\"inLanguage\":\"es\",\"@id\":\"https:\/\/abaa.mx\/tienda\/multimetro-digital-fluke-115-nist-true-rms\/#primaryimage\",\"url\":\"https:\/\/abaa.mx\/tienda\/wp-content\/uploads\/2023\/09\/115-NIST.jpg\",\"contentUrl\":\"https:\/\/abaa.mx\/tienda\/wp-content\/uploads\/2023\/09\/115-NIST.jpg\",\"width\":600,\"height\":600,\"caption\":\"multimetro-digital-fluke-115-nist-true-rms\"},{\"@type\":\"BreadcrumbList\",\"@id\":\"https:\/\/abaa.mx\/tienda\/multimetro-digital-fluke-115-nist-true-rms\/#breadcrumb\",\"itemListElement\":[{\"@type\":\"ListItem\",\"position\":1,\"name\":\"Inicio\",\"item\":\"https:\/\/abaa.mx\/tienda\/\"},{\"@type\":\"ListItem\",\"position\":2,\"name\":\"Tienda\",\"item\":\"https:\/\/abaa.mx\/tienda\/\"},{\"@type\":\"ListItem\",\"position\":3,\"name\":\"Mult\u00edmetro digital fluke 115-nist true rms\"}]},{\"@type\":\"WebSite\",\"@id\":\"https:\/\/abaa.mx\/tienda\/#website\",\"url\":\"https:\/\/abaa.mx\/tienda\/\",\"name\":\"Abaa tienda online\",\"description\":\"Instrumentos de medici\u00f3n\",\"publisher\":{\"@id\":\"https:\/\/abaa.mx\/tienda\/#organization\"},\"potentialAction\":[{\"@type\":\"SearchAction\",\"target\":{\"@type\":\"EntryPoint\",\"urlTemplate\":\"https:\/\/abaa.mx\/tienda\/?s={search_term_string}\"},\"query-input\":{\"@type\":\"PropertyValueSpecification\",\"valueRequired\":true,\"valueName\":\"search_term_string\"}}],\"inLanguage\":\"es\"},{\"@type\":\"Organization\",\"@id\":\"https:\/\/abaa.mx\/tienda\/#organization\",\"name\":\"Abaa tienda online\",\"url\":\"https:\/\/abaa.mx\/tienda\/\",\"logo\":{\"@type\":\"ImageObject\",\"inLanguage\":\"es\",\"@id\":\"https:\/\/abaa.mx\/tienda\/#\/schema\/logo\/image\/\",\"url\":\"https:\/\/abaa.mx\/tienda\/wp-content\/uploads\/2024\/01\/abaa-metrologia-tienda.png\",\"contentUrl\":\"https:\/\/abaa.mx\/tienda\/wp-content\/uploads\/2024\/01\/abaa-metrologia-tienda.png\",\"width\":300,\"height\":141,\"caption\":\"Abaa tienda online\"},\"image\":{\"@id\":\"https:\/\/abaa.mx\/tienda\/#\/schema\/logo\/image\/\"}}]}<\/script>\n<!-- \/ Yoast SEO plugin. -->","yoast_head_json":{"title":"Mult\u00edmetro digital fluke 115-nist true rms - Abaa tienda online","robots":{"index":"index","follow":"follow","max-snippet":"max-snippet:-1","max-image-preview":"max-image-preview:large","max-video-preview":"max-video-preview:-1"},"canonical":"https:\/\/abaa.mx\/tienda\/multimetro-digital-fluke-115-nist-true-rms\/","og_locale":"es_MX","og_type":"article","og_title":"Mult\u00edmetro digital fluke 115-nist true rms - Abaa tienda online","og_description":"Ideal para aplicaciones de pruebas el\u00e9ctricas y electr\u00f3nicas, este medidor True RMS tambi\u00e9n viene equipado con una operaci\u00f3n simple con una sola mano y un dise\u00f1o compacto. Este producto incluye un certificado trazable con datos completos e incertidumbres.","og_url":"https:\/\/abaa.mx\/tienda\/multimetro-digital-fluke-115-nist-true-rms\/","og_site_name":"Abaa tienda online","article_modified_time":"2023-09-20T15:55:09+00:00","og_image":[{"width":600,"height":600,"url":"https:\/\/abaa.mx\/tienda\/wp-content\/uploads\/2023\/09\/115-NIST.jpg","type":"image\/jpeg"}],"twitter_card":"summary_large_image","twitter_misc":{"Tiempo de lectura":"3 minutos"},"schema":{"@context":"https:\/\/schema.org","@graph":[{"@type":"WebPage","@id":"https:\/\/abaa.mx\/tienda\/multimetro-digital-fluke-115-nist-true-rms\/","url":"https:\/\/abaa.mx\/tienda\/multimetro-digital-fluke-115-nist-true-rms\/","name":"Mult\u00edmetro digital fluke 115-nist true rms - Abaa tienda online","isPartOf":{"@id":"https:\/\/abaa.mx\/tienda\/#website"},"primaryImageOfPage":{"@id":"https:\/\/abaa.mx\/tienda\/multimetro-digital-fluke-115-nist-true-rms\/#primaryimage"},"image":{"@id":"https:\/\/abaa.mx\/tienda\/multimetro-digital-fluke-115-nist-true-rms\/#primaryimage"},"thumbnailUrl":"https:\/\/abaa.mx\/tienda\/wp-content\/uploads\/2023\/09\/115-NIST.jpg","datePublished":"2023-09-20T15:55:08+00:00","dateModified":"2023-09-20T15:55:09+00:00","breadcrumb":{"@id":"https:\/\/abaa.mx\/tienda\/multimetro-digital-fluke-115-nist-true-rms\/#breadcrumb"},"inLanguage":"es","potentialAction":[{"@type":"ReadAction","target":["https:\/\/abaa.mx\/tienda\/multimetro-digital-fluke-115-nist-true-rms\/"]}]},{"@type":"ImageObject","inLanguage":"es","@id":"https:\/\/abaa.mx\/tienda\/multimetro-digital-fluke-115-nist-true-rms\/#primaryimage","url":"https:\/\/abaa.mx\/tienda\/wp-content\/uploads\/2023\/09\/115-NIST.jpg","contentUrl":"https:\/\/abaa.mx\/tienda\/wp-content\/uploads\/2023\/09\/115-NIST.jpg","width":600,"height":600,"caption":"multimetro-digital-fluke-115-nist-true-rms"},{"@type":"BreadcrumbList","@id":"https:\/\/abaa.mx\/tienda\/multimetro-digital-fluke-115-nist-true-rms\/#breadcrumb","itemListElement":[{"@type":"ListItem","position":1,"name":"Inicio","item":"https:\/\/abaa.mx\/tienda\/"},{"@type":"ListItem","position":2,"name":"Tienda","item":"https:\/\/abaa.mx\/tienda\/"},{"@type":"ListItem","position":3,"name":"Mult\u00edmetro digital fluke 115-nist true rms"}]},{"@type":"WebSite","@id":"https:\/\/abaa.mx\/tienda\/#website","url":"https:\/\/abaa.mx\/tienda\/","name":"Abaa tienda online","description":"Instrumentos de medici\u00f3n","publisher":{"@id":"https:\/\/abaa.mx\/tienda\/#organization"},"potentialAction":[{"@type":"SearchAction","target":{"@type":"EntryPoint","urlTemplate":"https:\/\/abaa.mx\/tienda\/?s={search_term_string}"},"query-input":{"@type":"PropertyValueSpecification","valueRequired":true,"valueName":"search_term_string"}}],"inLanguage":"es"},{"@type":"Organization","@id":"https:\/\/abaa.mx\/tienda\/#organization","name":"Abaa tienda online","url":"https:\/\/abaa.mx\/tienda\/","logo":{"@type":"ImageObject","inLanguage":"es","@id":"https:\/\/abaa.mx\/tienda\/#\/schema\/logo\/image\/","url":"https:\/\/abaa.mx\/tienda\/wp-content\/uploads\/2024\/01\/abaa-metrologia-tienda.png","contentUrl":"https:\/\/abaa.mx\/tienda\/wp-content\/uploads\/2024\/01\/abaa-metrologia-tienda.png","width":300,"height":141,"caption":"Abaa tienda online"},"image":{"@id":"https:\/\/abaa.mx\/tienda\/#\/schema\/logo\/image\/"}}]}},"_links":{"self":[{"href":"https:\/\/abaa.mx\/tienda\/wp-json\/wp\/v2\/product\/2208","targetHints":{"allow":["GET"]}}],"collection":[{"href":"https:\/\/abaa.mx\/tienda\/wp-json\/wp\/v2\/product"}],"about":[{"href":"https:\/\/abaa.mx\/tienda\/wp-json\/wp\/v2\/types\/product"}],"replies":[{"embeddable":true,"href":"https:\/\/abaa.mx\/tienda\/wp-json\/wp\/v2\/comments?post=2208"}],"wp:featuredmedia":[{"embeddable":true,"href":"https:\/\/abaa.mx\/tienda\/wp-json\/wp\/v2\/media\/2216"}],"wp:attachment":[{"href":"https:\/\/abaa.mx\/tienda\/wp-json\/wp\/v2\/media?parent=2208"}],"wp:term":[{"taxonomy":"product_brand","embeddable":true,"href":"https:\/\/abaa.mx\/tienda\/wp-json\/wp\/v2\/product_brand?post=2208"},{"taxonomy":"product_cat","embeddable":true,"href":"https:\/\/abaa.mx\/tienda\/wp-json\/wp\/v2\/product_cat?post=2208"},{"taxonomy":"product_tag","embeddable":true,"href":"https:\/\/abaa.mx\/tienda\/wp-json\/wp\/v2\/product_tag?post=2208"}],"curies":[{"name":"wp","href":"https:\/\/api.w.org\/{rel}","templated":true}]}}