{"id":2205,"date":"2023-09-20T15:54:57","date_gmt":"2023-09-20T15:54:57","guid":{"rendered":"https:\/\/abaa.mx\/tienda\/?post_type=product&#038;p=2205"},"modified":"2023-11-28T17:56:54","modified_gmt":"2023-11-28T17:56:54","slug":"kit-combinado-para-electricista-industrial-fluke-87v-max-e2-1000-v-10-a-2","status":"publish","type":"product","link":"https:\/\/abaa.mx\/tienda\/kit-combinado-para-electricista-industrial-fluke-87v-max-e2-1000-v-10-a-2\/","title":{"rendered":"Kit combinado para electricista industrial fluke 87v-max-e2, 1000 v, 10 a"},"content":{"rendered":"<h4><\/h4>\n<p>Solucione la mayor\u00eda de los problemas el\u00e9ctricos con este kit combinado de electricista industrial capaz de funcionar en temperaturas de -40 a 131 \u00b0F (-40 a 55 \u00b0C). Adem\u00e1s, este kit cuenta con sondas de prueba de metal expuestas de 0,11&#8243; (3 mm) totalmente aisladas para entornos de alta energ\u00eda y una correa magn\u00e9tica para fijar el medidor a cualquier superficie ferrosa.<\/p>\n<p>&nbsp;<\/p>\n<p><strong>Funciones:<\/strong><\/p>\n<ul>\n<li>Voltaje y corriente de CA true-rms para mediciones precisas en se\u00f1ales no lineales.<\/li>\n<li>Mide hasta 1000 V CA y CC.<\/li>\n<li>Mide hasta 10 A (20 A durante 30 segundos).<\/li>\n<li>Frecuencia hasta 200 kHz.<\/li>\n<li>La funci\u00f3n templada incorporada le permite tomar lecturas de temperatura sin tener que llevar un instrumento separado utilizando el termopar suministrado.<\/li>\n<li>Grabaci\u00f3n m\u00ednima\/m\u00e1xima\/media, m\u00e1s 250 \u03bcs pico m\u00ednimo a m\u00e1ximo para capturar variaciones autom\u00e1ticamente.<\/li>\n<li>Funci\u00f3n \u00fanica para mediciones precisas de voltaje y frecuencia en variadores de frecuencia (VFD) y otros equipos el\u00e9ctricamente ruidosos.<\/li>\n<li>Grandes d\u00edgitos de pantalla, retroiluminaci\u00f3n blanca brillante de 2 niveles y botones de teclado retroiluminados para una mayor visibilidad.<\/li>\n<li>Modo de visualizaci\u00f3n de alta resoluci\u00f3n de 19,999 cuentas.<\/li>\n<li>Bater\u00eda de larga duraci\u00f3n (800 horas).<\/li>\n<li>Clasificaci\u00f3n IP67; Totalmente impermeable y a prueba de polvo, para trabajar de forma fiable en todos los lugares en los que necesite trabajar.<\/li>\n<li>Funciona mientras t\u00fa lo hagas; Proporciona el doble de duraci\u00f3n de la bater\u00eda del modelo original.<\/li>\n<li>Soporta el calor y el fr\u00edo; El medidor tiene un rango de temperatura de funcionamiento extendido de -40 (hasta 20 minutos) a 131 \u00b0F [-40 (hasta 20 minutos) a 55 \u00b0C].<\/li>\n<li>Sondas de prueba de metal expuestas de 0,11&#8243; (3 mm) totalmente aisladas para electricistas que trabajan en entornos de alta energ\u00eda.<\/li>\n<li>La correa magn\u00e9tica para colgar le permite fijar el medidor a cualquier superficie ferrosa, como gabinetes y tuber\u00edas de hierro.<\/li>\n<\/ul>\n<p>&nbsp;<\/p>\n<p><strong>Soporta ca\u00eddas de hasta 13&#8242; (4 metros):<\/strong><\/p>\n<p>Mult\u00edmetro digital resistente. La unidad est\u00e1 construida con una caja de resistencia industrial y una funda extra\u00edble. La funda funciona como un soporte de sonda de prueba para la operaci\u00f3n con una sola mano.<\/p>\n<p>&nbsp;<\/p>\n<p><strong>Aplicaciones:<\/strong><\/p>\n<ul>\n<li>Inversores solares.<\/li>\n<li>Cajas combinadas.<\/li>\n<li>Sistemas de almacenamiento de bater\u00edas.<\/li>\n<\/ul>\n<p>&nbsp;<\/p>\n<h4>Especificaciones del kit Fluke 87V-MAX\/E2<\/h4>\n<table class=\"table table-striped\">\n<tbody>\n<tr>\n<td>Voltaje<\/td>\n<td>DC: Resoluci\u00f3n m\u00e1xima: 0.1 mV a 1000 V Precisi\u00f3n: 0.05% + 1<br \/>\nAC: Resoluci\u00f3n m\u00e1xima: 0.1<br \/>\nmV a 1000 VPrecisi\u00f3n:<\/p>\n<p>0.7% + 4<\/td>\n<\/tr>\n<tr>\n<td>Actual<\/td>\n<td>DC: Resoluci\u00f3n m\u00e1xima: 0.1 \u03bcA a 10 A<br \/>\nPrecisi\u00f3n: 0.2% + 2<br \/>\nAC: Resoluci\u00f3n m\u00e1xima: 0.1 \u03bcA a 10 A<br \/>\nPrecisi\u00f3n:1% + 2<\/td>\n<\/tr>\n<tr>\n<td>Resistencia<\/td>\n<td>Resoluci\u00f3n m\u00e1xima: 0,1 \u03a9 a 50 M\u03a9<\/td>\n<\/tr>\n<tr>\n<td>Capacitancia<\/td>\n<td>0.01 nF a 9999 \u03bcF<\/td>\n<\/tr>\n<tr>\n<td>Frecuencia<\/td>\n<td>De 0,5 Hz a 199,99 kHz<\/td>\n<\/tr>\n<tr>\n<td>Temperatura<\/td>\n<td>-328 a 1994\u00b0F (-200 a 1090\u00b0C)<\/td>\n<\/tr>\n<tr>\n<td>Filtro de paso bajo (medici\u00f3n en VFD)<\/td>\n<td>S\u00ed<\/td>\n<\/tr>\n<tr>\n<td>Captura de transitorios m\u00e1ximos<\/td>\n<td>250 \u03bcs<\/td>\n<\/tr>\n<tr>\n<td>M\u00ednimo\/M\u00e1ximo\/Promedio<\/td>\n<td>S\u00ed<\/td>\n<\/tr>\n<tr>\n<td>Retenci\u00f3n de lectura<\/td>\n<td>S\u00ed<\/td>\n<\/tr>\n<tr>\n<td>Lecturas relativas (cero)<\/td>\n<td>S\u00ed<\/td>\n<\/tr>\n<tr>\n<td>Clasificaci\u00f3n de seguridad<\/td>\n<td>CAT IV 600 V\/CAT III 1000 V<\/td>\n<\/tr>\n<tr>\n<td>Monitor<\/td>\n<td>Gr\u00e1fico de barras\/retroiluminaci\u00f3n<\/td>\n<\/tr>\n<tr>\n<td>Prueba de ca\u00edda<\/td>\n<td>Prueba de ca\u00edda de 13&#8242; (4 m)<\/td>\n<\/tr>\n<tr>\n<td>A prueba de polvo \/ impermeable<\/td>\n<td>S\u00ed, clasificaci\u00f3n IP 67<\/td>\n<\/tr>\n<tr>\n<td>Poder<\/td>\n<td>Tipo: Tres pilas<br \/>\nAA Duraci\u00f3n: 800 horas<\/td>\n<\/tr>\n<tr>\n<td>Dimensiones<\/td>\n<td>2,4 x 4,3 x 8,5&#8243; (6 x 10,1 x 21,5 cm)<\/td>\n<\/tr>\n<tr>\n<td>Peso<\/td>\n<td>1,54 libras (698,5 g)<\/td>\n<\/tr>\n<\/tbody>\n<\/table>\n","protected":false},"excerpt":{"rendered":"<p>Impermeable y a prueba de polvo, este kit combinado de electricista industrial cuenta con hasta 8000 horas de duraci\u00f3n de la bater\u00eda, puede soportar ca\u00eddas de hasta 13 pies (4 m) y tiene clasificaci\u00f3n IP67. Adem\u00e1s, este kit incluye cables de prueba, pinzas de cocodrilo, sondas de prueba, un kit de suspensi\u00f3n de medidores, una sonda de temperatura, un estuche de transporte y tres bater\u00edas AA.<\/p>\n","protected":false},"featured_media":2213,"comment_status":"open","ping_status":"closed","template":"","meta":{"_joinchat":[]},"product_brand":[],"product_cat":[15],"product_tag":[],"class_list":{"0":"post-2205","1":"product","2":"type-product","3":"status-publish","4":"has-post-thumbnail","6":"product_cat-sin-categorizar","8":"first","9":"instock","10":"shipping-taxable","11":"product-type-simple"},"yoast_head":"<!-- This site is optimized with the Yoast SEO plugin v26.4 - https:\/\/yoast.com\/wordpress\/plugins\/seo\/ -->\n<title>Kit combinado para electricista industrial fluke 87v-max-e2, 1000 v, 10 a - Abaa tienda online<\/title>\n<meta name=\"robots\" content=\"index, follow, max-snippet:-1, max-image-preview:large, max-video-preview:-1\" \/>\n<link rel=\"canonical\" href=\"https:\/\/abaa.mx\/tienda\/kit-combinado-para-electricista-industrial-fluke-87v-max-e2-1000-v-10-a-2\/\" \/>\n<meta property=\"og:locale\" content=\"es_MX\" \/>\n<meta property=\"og:type\" content=\"article\" \/>\n<meta property=\"og:title\" content=\"Kit combinado para electricista industrial fluke 87v-max-e2, 1000 v, 10 a - Abaa tienda online\" \/>\n<meta property=\"og:description\" content=\"Impermeable y a prueba de polvo, este kit combinado de electricista industrial cuenta con hasta 8000 horas de duraci\u00f3n de la bater\u00eda, puede soportar ca\u00eddas de hasta 13 pies (4 m) y tiene clasificaci\u00f3n IP67. Adem\u00e1s, este kit incluye cables de prueba, pinzas de cocodrilo, sondas de prueba, un kit de suspensi\u00f3n de medidores, una sonda de temperatura, un estuche de transporte y tres bater\u00edas AA.\" \/>\n<meta property=\"og:url\" content=\"https:\/\/abaa.mx\/tienda\/kit-combinado-para-electricista-industrial-fluke-87v-max-e2-1000-v-10-a-2\/\" \/>\n<meta property=\"og:site_name\" content=\"Abaa tienda online\" \/>\n<meta property=\"article:modified_time\" content=\"2023-11-28T17:56:54+00:00\" \/>\n<meta property=\"og:image\" content=\"https:\/\/abaa.mx\/tienda\/wp-content\/uploads\/2023\/09\/87V-MAX-E2-KIT.jpg\" \/>\n\t<meta property=\"og:image:width\" content=\"1319\" \/>\n\t<meta property=\"og:image:height\" content=\"787\" \/>\n\t<meta property=\"og:image:type\" content=\"image\/jpeg\" \/>\n<meta name=\"twitter:card\" content=\"summary_large_image\" \/>\n<meta name=\"twitter:label1\" content=\"Tiempo de lectura\" \/>\n\t<meta name=\"twitter:data1\" content=\"3 minutos\" \/>\n<script type=\"application\/ld+json\" class=\"yoast-schema-graph\">{\"@context\":\"https:\/\/schema.org\",\"@graph\":[{\"@type\":\"WebPage\",\"@id\":\"https:\/\/abaa.mx\/tienda\/kit-combinado-para-electricista-industrial-fluke-87v-max-e2-1000-v-10-a-2\/\",\"url\":\"https:\/\/abaa.mx\/tienda\/kit-combinado-para-electricista-industrial-fluke-87v-max-e2-1000-v-10-a-2\/\",\"name\":\"Kit combinado para electricista industrial fluke 87v-max-e2, 1000 v, 10 a - Abaa tienda online\",\"isPartOf\":{\"@id\":\"https:\/\/abaa.mx\/tienda\/#website\"},\"primaryImageOfPage\":{\"@id\":\"https:\/\/abaa.mx\/tienda\/kit-combinado-para-electricista-industrial-fluke-87v-max-e2-1000-v-10-a-2\/#primaryimage\"},\"image\":{\"@id\":\"https:\/\/abaa.mx\/tienda\/kit-combinado-para-electricista-industrial-fluke-87v-max-e2-1000-v-10-a-2\/#primaryimage\"},\"thumbnailUrl\":\"https:\/\/abaa.mx\/tienda\/wp-content\/uploads\/2023\/09\/87V-MAX-E2-KIT.jpg\",\"datePublished\":\"2023-09-20T15:54:57+00:00\",\"dateModified\":\"2023-11-28T17:56:54+00:00\",\"breadcrumb\":{\"@id\":\"https:\/\/abaa.mx\/tienda\/kit-combinado-para-electricista-industrial-fluke-87v-max-e2-1000-v-10-a-2\/#breadcrumb\"},\"inLanguage\":\"es\",\"potentialAction\":[{\"@type\":\"ReadAction\",\"target\":[\"https:\/\/abaa.mx\/tienda\/kit-combinado-para-electricista-industrial-fluke-87v-max-e2-1000-v-10-a-2\/\"]}]},{\"@type\":\"ImageObject\",\"inLanguage\":\"es\",\"@id\":\"https:\/\/abaa.mx\/tienda\/kit-combinado-para-electricista-industrial-fluke-87v-max-e2-1000-v-10-a-2\/#primaryimage\",\"url\":\"https:\/\/abaa.mx\/tienda\/wp-content\/uploads\/2023\/09\/87V-MAX-E2-KIT.jpg\",\"contentUrl\":\"https:\/\/abaa.mx\/tienda\/wp-content\/uploads\/2023\/09\/87V-MAX-E2-KIT.jpg\",\"width\":1319,\"height\":787,\"caption\":\"fluke-87v-max-e2-1000-v-10-a-2\"},{\"@type\":\"BreadcrumbList\",\"@id\":\"https:\/\/abaa.mx\/tienda\/kit-combinado-para-electricista-industrial-fluke-87v-max-e2-1000-v-10-a-2\/#breadcrumb\",\"itemListElement\":[{\"@type\":\"ListItem\",\"position\":1,\"name\":\"Inicio\",\"item\":\"https:\/\/abaa.mx\/tienda\/\"},{\"@type\":\"ListItem\",\"position\":2,\"name\":\"Tienda\",\"item\":\"https:\/\/abaa.mx\/tienda\/\"},{\"@type\":\"ListItem\",\"position\":3,\"name\":\"Kit combinado para electricista industrial fluke 87v-max-e2, 1000 v, 10 a\"}]},{\"@type\":\"WebSite\",\"@id\":\"https:\/\/abaa.mx\/tienda\/#website\",\"url\":\"https:\/\/abaa.mx\/tienda\/\",\"name\":\"Abaa tienda online\",\"description\":\"Instrumentos de medici\u00f3n\",\"publisher\":{\"@id\":\"https:\/\/abaa.mx\/tienda\/#organization\"},\"potentialAction\":[{\"@type\":\"SearchAction\",\"target\":{\"@type\":\"EntryPoint\",\"urlTemplate\":\"https:\/\/abaa.mx\/tienda\/?s={search_term_string}\"},\"query-input\":{\"@type\":\"PropertyValueSpecification\",\"valueRequired\":true,\"valueName\":\"search_term_string\"}}],\"inLanguage\":\"es\"},{\"@type\":\"Organization\",\"@id\":\"https:\/\/abaa.mx\/tienda\/#organization\",\"name\":\"Abaa tienda online\",\"url\":\"https:\/\/abaa.mx\/tienda\/\",\"logo\":{\"@type\":\"ImageObject\",\"inLanguage\":\"es\",\"@id\":\"https:\/\/abaa.mx\/tienda\/#\/schema\/logo\/image\/\",\"url\":\"https:\/\/abaa.mx\/tienda\/wp-content\/uploads\/2024\/01\/abaa-metrologia-tienda.png\",\"contentUrl\":\"https:\/\/abaa.mx\/tienda\/wp-content\/uploads\/2024\/01\/abaa-metrologia-tienda.png\",\"width\":300,\"height\":141,\"caption\":\"Abaa tienda online\"},\"image\":{\"@id\":\"https:\/\/abaa.mx\/tienda\/#\/schema\/logo\/image\/\"}}]}<\/script>\n<!-- \/ Yoast SEO plugin. -->","yoast_head_json":{"title":"Kit combinado para electricista industrial fluke 87v-max-e2, 1000 v, 10 a - Abaa tienda online","robots":{"index":"index","follow":"follow","max-snippet":"max-snippet:-1","max-image-preview":"max-image-preview:large","max-video-preview":"max-video-preview:-1"},"canonical":"https:\/\/abaa.mx\/tienda\/kit-combinado-para-electricista-industrial-fluke-87v-max-e2-1000-v-10-a-2\/","og_locale":"es_MX","og_type":"article","og_title":"Kit combinado para electricista industrial fluke 87v-max-e2, 1000 v, 10 a - Abaa tienda online","og_description":"Impermeable y a prueba de polvo, este kit combinado de electricista industrial cuenta con hasta 8000 horas de duraci\u00f3n de la bater\u00eda, puede soportar ca\u00eddas de hasta 13 pies (4 m) y tiene clasificaci\u00f3n IP67. Adem\u00e1s, este kit incluye cables de prueba, pinzas de cocodrilo, sondas de prueba, un kit de suspensi\u00f3n de medidores, una sonda de temperatura, un estuche de transporte y tres bater\u00edas AA.","og_url":"https:\/\/abaa.mx\/tienda\/kit-combinado-para-electricista-industrial-fluke-87v-max-e2-1000-v-10-a-2\/","og_site_name":"Abaa tienda online","article_modified_time":"2023-11-28T17:56:54+00:00","og_image":[{"width":1319,"height":787,"url":"https:\/\/abaa.mx\/tienda\/wp-content\/uploads\/2023\/09\/87V-MAX-E2-KIT.jpg","type":"image\/jpeg"}],"twitter_card":"summary_large_image","twitter_misc":{"Tiempo de lectura":"3 minutos"},"schema":{"@context":"https:\/\/schema.org","@graph":[{"@type":"WebPage","@id":"https:\/\/abaa.mx\/tienda\/kit-combinado-para-electricista-industrial-fluke-87v-max-e2-1000-v-10-a-2\/","url":"https:\/\/abaa.mx\/tienda\/kit-combinado-para-electricista-industrial-fluke-87v-max-e2-1000-v-10-a-2\/","name":"Kit combinado para electricista industrial fluke 87v-max-e2, 1000 v, 10 a - Abaa tienda online","isPartOf":{"@id":"https:\/\/abaa.mx\/tienda\/#website"},"primaryImageOfPage":{"@id":"https:\/\/abaa.mx\/tienda\/kit-combinado-para-electricista-industrial-fluke-87v-max-e2-1000-v-10-a-2\/#primaryimage"},"image":{"@id":"https:\/\/abaa.mx\/tienda\/kit-combinado-para-electricista-industrial-fluke-87v-max-e2-1000-v-10-a-2\/#primaryimage"},"thumbnailUrl":"https:\/\/abaa.mx\/tienda\/wp-content\/uploads\/2023\/09\/87V-MAX-E2-KIT.jpg","datePublished":"2023-09-20T15:54:57+00:00","dateModified":"2023-11-28T17:56:54+00:00","breadcrumb":{"@id":"https:\/\/abaa.mx\/tienda\/kit-combinado-para-electricista-industrial-fluke-87v-max-e2-1000-v-10-a-2\/#breadcrumb"},"inLanguage":"es","potentialAction":[{"@type":"ReadAction","target":["https:\/\/abaa.mx\/tienda\/kit-combinado-para-electricista-industrial-fluke-87v-max-e2-1000-v-10-a-2\/"]}]},{"@type":"ImageObject","inLanguage":"es","@id":"https:\/\/abaa.mx\/tienda\/kit-combinado-para-electricista-industrial-fluke-87v-max-e2-1000-v-10-a-2\/#primaryimage","url":"https:\/\/abaa.mx\/tienda\/wp-content\/uploads\/2023\/09\/87V-MAX-E2-KIT.jpg","contentUrl":"https:\/\/abaa.mx\/tienda\/wp-content\/uploads\/2023\/09\/87V-MAX-E2-KIT.jpg","width":1319,"height":787,"caption":"fluke-87v-max-e2-1000-v-10-a-2"},{"@type":"BreadcrumbList","@id":"https:\/\/abaa.mx\/tienda\/kit-combinado-para-electricista-industrial-fluke-87v-max-e2-1000-v-10-a-2\/#breadcrumb","itemListElement":[{"@type":"ListItem","position":1,"name":"Inicio","item":"https:\/\/abaa.mx\/tienda\/"},{"@type":"ListItem","position":2,"name":"Tienda","item":"https:\/\/abaa.mx\/tienda\/"},{"@type":"ListItem","position":3,"name":"Kit combinado para electricista industrial fluke 87v-max-e2, 1000 v, 10 a"}]},{"@type":"WebSite","@id":"https:\/\/abaa.mx\/tienda\/#website","url":"https:\/\/abaa.mx\/tienda\/","name":"Abaa tienda online","description":"Instrumentos de medici\u00f3n","publisher":{"@id":"https:\/\/abaa.mx\/tienda\/#organization"},"potentialAction":[{"@type":"SearchAction","target":{"@type":"EntryPoint","urlTemplate":"https:\/\/abaa.mx\/tienda\/?s={search_term_string}"},"query-input":{"@type":"PropertyValueSpecification","valueRequired":true,"valueName":"search_term_string"}}],"inLanguage":"es"},{"@type":"Organization","@id":"https:\/\/abaa.mx\/tienda\/#organization","name":"Abaa tienda online","url":"https:\/\/abaa.mx\/tienda\/","logo":{"@type":"ImageObject","inLanguage":"es","@id":"https:\/\/abaa.mx\/tienda\/#\/schema\/logo\/image\/","url":"https:\/\/abaa.mx\/tienda\/wp-content\/uploads\/2024\/01\/abaa-metrologia-tienda.png","contentUrl":"https:\/\/abaa.mx\/tienda\/wp-content\/uploads\/2024\/01\/abaa-metrologia-tienda.png","width":300,"height":141,"caption":"Abaa tienda online"},"image":{"@id":"https:\/\/abaa.mx\/tienda\/#\/schema\/logo\/image\/"}}]}},"_links":{"self":[{"href":"https:\/\/abaa.mx\/tienda\/wp-json\/wp\/v2\/product\/2205","targetHints":{"allow":["GET"]}}],"collection":[{"href":"https:\/\/abaa.mx\/tienda\/wp-json\/wp\/v2\/product"}],"about":[{"href":"https:\/\/abaa.mx\/tienda\/wp-json\/wp\/v2\/types\/product"}],"replies":[{"embeddable":true,"href":"https:\/\/abaa.mx\/tienda\/wp-json\/wp\/v2\/comments?post=2205"}],"wp:featuredmedia":[{"embeddable":true,"href":"https:\/\/abaa.mx\/tienda\/wp-json\/wp\/v2\/media\/2213"}],"wp:attachment":[{"href":"https:\/\/abaa.mx\/tienda\/wp-json\/wp\/v2\/media?parent=2205"}],"wp:term":[{"taxonomy":"product_brand","embeddable":true,"href":"https:\/\/abaa.mx\/tienda\/wp-json\/wp\/v2\/product_brand?post=2205"},{"taxonomy":"product_cat","embeddable":true,"href":"https:\/\/abaa.mx\/tienda\/wp-json\/wp\/v2\/product_cat?post=2205"},{"taxonomy":"product_tag","embeddable":true,"href":"https:\/\/abaa.mx\/tienda\/wp-json\/wp\/v2\/product_tag?post=2205"}],"curies":[{"name":"wp","href":"https:\/\/api.w.org\/{rel}","templated":true}]}}