{"id":2201,"date":"2023-09-20T15:34:43","date_gmt":"2023-09-20T15:34:43","guid":{"rendered":"https:\/\/abaa.mx\/tienda\/?post_type=product&#038;p=2201"},"modified":"2023-09-20T15:34:43","modified_gmt":"2023-09-20T15:34:43","slug":"multimetro-industrial-fluke-77-4-cal-con-certificado-de-calibracion-1-000-v","status":"publish","type":"product","link":"https:\/\/abaa.mx\/tienda\/multimetro-industrial-fluke-77-4-cal-con-certificado-de-calibracion-1-000-v\/","title":{"rendered":"Mult\u00edmetro industrial fluke 77-4 cal con certificado de calibraci\u00f3n, 1.000 v"},"content":{"rendered":"<h4>Ofertas de Fluke 77-4 CAL<\/h4>\n<p>El mult\u00edmetro industrial Fluke 77-4 CAL con certificado de calibraci\u00f3n proporciona mediciones precisas de un sistema el\u00e9ctrico. El medidor permite al usuario determinar de forma segura las especificaciones del circuito durante el funcionamiento con agarres y cables aislados. La pantalla integrada proporciona un f\u00e1cil acceso a los resultados para el an\u00e1lisis y la determinaci\u00f3n de d\u00f3nde podr\u00edan estar los problemas en el circuito.<\/p>\n<h4><strong>Funciones<\/strong><\/h4>\n<ul>\n<li>Mide la mayor\u00eda de las propiedades el\u00e9ctricas de un sistema<\/li>\n<li>Gran pantalla retroiluminada para leer los resultados<\/li>\n<li>Cumple con las restricciones de seguridad est\u00e1ndar<\/li>\n<\/ul>\n<h4>Especificaciones de Fluke 77-4 CAL<\/h4>\n<table class=\"table table-striped\">\n<tbody>\n<tr>\n<td>Normas de seguridad<\/td>\n<td>Cat III a 1.000 V, Cat IV a 600 V<\/td>\n<\/tr>\n<tr>\n<td>Voltaje<\/td>\n<td>1.000 V<\/td>\n<\/tr>\n<\/tbody>\n<\/table>\n","protected":false},"excerpt":{"rendered":"<p class=\"short-description mhide ipad-view-setting\">El mult\u00edmetro determina cualquier problema en un sistema el\u00e9ctrico.<\/p>\n<p class=\"short-description mhide ipad-view-setting\">Mide con seguridad las propiedades del circuito.<\/p>\n<p class=\"comment-tag-product\">\n<div class=\"row-fluid\">\n<div class=\"span12 mobile-pricing-box-padding\">\n<form id=\"174992\" accept-charset=\"utf-8\" action=\"https:\/\/www.globaltestsupply.com\/shop\/add\" method=\"post\" name=\"addTocartFunction\">\n<div><\/div>\n<\/form>\n<\/div>\n<\/div>\n","protected":false},"featured_media":2204,"comment_status":"open","ping_status":"closed","template":"","meta":{"_joinchat":[]},"product_brand":[],"product_cat":[15],"product_tag":[],"class_list":{"0":"post-2201","1":"product","2":"type-product","3":"status-publish","4":"has-post-thumbnail","6":"product_cat-sin-categorizar","8":"first","9":"instock","10":"shipping-taxable","11":"product-type-simple"},"yoast_head":"<!-- This site is optimized with the Yoast SEO plugin v26.4 - https:\/\/yoast.com\/wordpress\/plugins\/seo\/ -->\n<title>Mult\u00edmetro industrial fluke 77-4 cal con certificado de calibraci\u00f3n, 1.000 v - Abaa tienda online<\/title>\n<meta name=\"robots\" content=\"index, follow, max-snippet:-1, max-image-preview:large, max-video-preview:-1\" \/>\n<link rel=\"canonical\" href=\"https:\/\/abaa.mx\/tienda\/multimetro-industrial-fluke-77-4-cal-con-certificado-de-calibracion-1-000-v\/\" \/>\n<meta property=\"og:locale\" content=\"es_MX\" \/>\n<meta property=\"og:type\" content=\"article\" \/>\n<meta property=\"og:title\" content=\"Mult\u00edmetro industrial fluke 77-4 cal con certificado de calibraci\u00f3n, 1.000 v - Abaa tienda online\" \/>\n<meta property=\"og:description\" content=\"El mult\u00edmetro determina cualquier problema en un sistema el\u00e9ctrico. Mide con seguridad las propiedades del circuito.\" \/>\n<meta property=\"og:url\" content=\"https:\/\/abaa.mx\/tienda\/multimetro-industrial-fluke-77-4-cal-con-certificado-de-calibracion-1-000-v\/\" \/>\n<meta property=\"og:site_name\" content=\"Abaa tienda online\" \/>\n<meta property=\"og:image\" content=\"https:\/\/abaa.mx\/tienda\/wp-content\/uploads\/2023\/09\/77-4-CAL.jpg\" \/>\n\t<meta property=\"og:image:width\" content=\"270\" \/>\n\t<meta property=\"og:image:height\" content=\"500\" \/>\n\t<meta property=\"og:image:type\" content=\"image\/jpeg\" \/>\n<meta name=\"twitter:card\" content=\"summary_large_image\" \/>\n<meta name=\"twitter:label1\" content=\"Tiempo de lectura\" \/>\n\t<meta name=\"twitter:data1\" content=\"1 minuto\" \/>\n<script type=\"application\/ld+json\" class=\"yoast-schema-graph\">{\"@context\":\"https:\/\/schema.org\",\"@graph\":[{\"@type\":\"WebPage\",\"@id\":\"https:\/\/abaa.mx\/tienda\/multimetro-industrial-fluke-77-4-cal-con-certificado-de-calibracion-1-000-v\/\",\"url\":\"https:\/\/abaa.mx\/tienda\/multimetro-industrial-fluke-77-4-cal-con-certificado-de-calibracion-1-000-v\/\",\"name\":\"Mult\u00edmetro industrial fluke 77-4 cal con certificado de calibraci\u00f3n, 1.000 v - Abaa tienda online\",\"isPartOf\":{\"@id\":\"https:\/\/abaa.mx\/tienda\/#website\"},\"primaryImageOfPage\":{\"@id\":\"https:\/\/abaa.mx\/tienda\/multimetro-industrial-fluke-77-4-cal-con-certificado-de-calibracion-1-000-v\/#primaryimage\"},\"image\":{\"@id\":\"https:\/\/abaa.mx\/tienda\/multimetro-industrial-fluke-77-4-cal-con-certificado-de-calibracion-1-000-v\/#primaryimage\"},\"thumbnailUrl\":\"https:\/\/abaa.mx\/tienda\/wp-content\/uploads\/2023\/09\/77-4-CAL.jpg\",\"datePublished\":\"2023-09-20T15:34:43+00:00\",\"breadcrumb\":{\"@id\":\"https:\/\/abaa.mx\/tienda\/multimetro-industrial-fluke-77-4-cal-con-certificado-de-calibracion-1-000-v\/#breadcrumb\"},\"inLanguage\":\"es\",\"potentialAction\":[{\"@type\":\"ReadAction\",\"target\":[\"https:\/\/abaa.mx\/tienda\/multimetro-industrial-fluke-77-4-cal-con-certificado-de-calibracion-1-000-v\/\"]}]},{\"@type\":\"ImageObject\",\"inLanguage\":\"es\",\"@id\":\"https:\/\/abaa.mx\/tienda\/multimetro-industrial-fluke-77-4-cal-con-certificado-de-calibracion-1-000-v\/#primaryimage\",\"url\":\"https:\/\/abaa.mx\/tienda\/wp-content\/uploads\/2023\/09\/77-4-CAL.jpg\",\"contentUrl\":\"https:\/\/abaa.mx\/tienda\/wp-content\/uploads\/2023\/09\/77-4-CAL.jpg\",\"width\":270,\"height\":500,\"caption\":\"multimetro-industrial-fluke-77-4-cal-con-certificado-de-calibracion-1-000-v\"},{\"@type\":\"BreadcrumbList\",\"@id\":\"https:\/\/abaa.mx\/tienda\/multimetro-industrial-fluke-77-4-cal-con-certificado-de-calibracion-1-000-v\/#breadcrumb\",\"itemListElement\":[{\"@type\":\"ListItem\",\"position\":1,\"name\":\"Inicio\",\"item\":\"https:\/\/abaa.mx\/tienda\/\"},{\"@type\":\"ListItem\",\"position\":2,\"name\":\"Tienda\",\"item\":\"https:\/\/abaa.mx\/tienda\/\"},{\"@type\":\"ListItem\",\"position\":3,\"name\":\"Mult\u00edmetro industrial fluke 77-4 cal con certificado de calibraci\u00f3n, 1.000 v\"}]},{\"@type\":\"WebSite\",\"@id\":\"https:\/\/abaa.mx\/tienda\/#website\",\"url\":\"https:\/\/abaa.mx\/tienda\/\",\"name\":\"Abaa tienda online\",\"description\":\"Instrumentos de medici\u00f3n\",\"publisher\":{\"@id\":\"https:\/\/abaa.mx\/tienda\/#organization\"},\"potentialAction\":[{\"@type\":\"SearchAction\",\"target\":{\"@type\":\"EntryPoint\",\"urlTemplate\":\"https:\/\/abaa.mx\/tienda\/?s={search_term_string}\"},\"query-input\":{\"@type\":\"PropertyValueSpecification\",\"valueRequired\":true,\"valueName\":\"search_term_string\"}}],\"inLanguage\":\"es\"},{\"@type\":\"Organization\",\"@id\":\"https:\/\/abaa.mx\/tienda\/#organization\",\"name\":\"Abaa tienda online\",\"url\":\"https:\/\/abaa.mx\/tienda\/\",\"logo\":{\"@type\":\"ImageObject\",\"inLanguage\":\"es\",\"@id\":\"https:\/\/abaa.mx\/tienda\/#\/schema\/logo\/image\/\",\"url\":\"https:\/\/abaa.mx\/tienda\/wp-content\/uploads\/2024\/01\/abaa-metrologia-tienda.png\",\"contentUrl\":\"https:\/\/abaa.mx\/tienda\/wp-content\/uploads\/2024\/01\/abaa-metrologia-tienda.png\",\"width\":300,\"height\":141,\"caption\":\"Abaa tienda online\"},\"image\":{\"@id\":\"https:\/\/abaa.mx\/tienda\/#\/schema\/logo\/image\/\"}}]}<\/script>\n<!-- \/ Yoast SEO plugin. -->","yoast_head_json":{"title":"Mult\u00edmetro industrial fluke 77-4 cal con certificado de calibraci\u00f3n, 1.000 v - Abaa tienda online","robots":{"index":"index","follow":"follow","max-snippet":"max-snippet:-1","max-image-preview":"max-image-preview:large","max-video-preview":"max-video-preview:-1"},"canonical":"https:\/\/abaa.mx\/tienda\/multimetro-industrial-fluke-77-4-cal-con-certificado-de-calibracion-1-000-v\/","og_locale":"es_MX","og_type":"article","og_title":"Mult\u00edmetro industrial fluke 77-4 cal con certificado de calibraci\u00f3n, 1.000 v - Abaa tienda online","og_description":"El mult\u00edmetro determina cualquier problema en un sistema el\u00e9ctrico. Mide con seguridad las propiedades del circuito.","og_url":"https:\/\/abaa.mx\/tienda\/multimetro-industrial-fluke-77-4-cal-con-certificado-de-calibracion-1-000-v\/","og_site_name":"Abaa tienda online","og_image":[{"width":270,"height":500,"url":"https:\/\/abaa.mx\/tienda\/wp-content\/uploads\/2023\/09\/77-4-CAL.jpg","type":"image\/jpeg"}],"twitter_card":"summary_large_image","twitter_misc":{"Tiempo de lectura":"1 minuto"},"schema":{"@context":"https:\/\/schema.org","@graph":[{"@type":"WebPage","@id":"https:\/\/abaa.mx\/tienda\/multimetro-industrial-fluke-77-4-cal-con-certificado-de-calibracion-1-000-v\/","url":"https:\/\/abaa.mx\/tienda\/multimetro-industrial-fluke-77-4-cal-con-certificado-de-calibracion-1-000-v\/","name":"Mult\u00edmetro industrial fluke 77-4 cal con certificado de calibraci\u00f3n, 1.000 v - Abaa tienda online","isPartOf":{"@id":"https:\/\/abaa.mx\/tienda\/#website"},"primaryImageOfPage":{"@id":"https:\/\/abaa.mx\/tienda\/multimetro-industrial-fluke-77-4-cal-con-certificado-de-calibracion-1-000-v\/#primaryimage"},"image":{"@id":"https:\/\/abaa.mx\/tienda\/multimetro-industrial-fluke-77-4-cal-con-certificado-de-calibracion-1-000-v\/#primaryimage"},"thumbnailUrl":"https:\/\/abaa.mx\/tienda\/wp-content\/uploads\/2023\/09\/77-4-CAL.jpg","datePublished":"2023-09-20T15:34:43+00:00","breadcrumb":{"@id":"https:\/\/abaa.mx\/tienda\/multimetro-industrial-fluke-77-4-cal-con-certificado-de-calibracion-1-000-v\/#breadcrumb"},"inLanguage":"es","potentialAction":[{"@type":"ReadAction","target":["https:\/\/abaa.mx\/tienda\/multimetro-industrial-fluke-77-4-cal-con-certificado-de-calibracion-1-000-v\/"]}]},{"@type":"ImageObject","inLanguage":"es","@id":"https:\/\/abaa.mx\/tienda\/multimetro-industrial-fluke-77-4-cal-con-certificado-de-calibracion-1-000-v\/#primaryimage","url":"https:\/\/abaa.mx\/tienda\/wp-content\/uploads\/2023\/09\/77-4-CAL.jpg","contentUrl":"https:\/\/abaa.mx\/tienda\/wp-content\/uploads\/2023\/09\/77-4-CAL.jpg","width":270,"height":500,"caption":"multimetro-industrial-fluke-77-4-cal-con-certificado-de-calibracion-1-000-v"},{"@type":"BreadcrumbList","@id":"https:\/\/abaa.mx\/tienda\/multimetro-industrial-fluke-77-4-cal-con-certificado-de-calibracion-1-000-v\/#breadcrumb","itemListElement":[{"@type":"ListItem","position":1,"name":"Inicio","item":"https:\/\/abaa.mx\/tienda\/"},{"@type":"ListItem","position":2,"name":"Tienda","item":"https:\/\/abaa.mx\/tienda\/"},{"@type":"ListItem","position":3,"name":"Mult\u00edmetro industrial fluke 77-4 cal con certificado de calibraci\u00f3n, 1.000 v"}]},{"@type":"WebSite","@id":"https:\/\/abaa.mx\/tienda\/#website","url":"https:\/\/abaa.mx\/tienda\/","name":"Abaa tienda online","description":"Instrumentos de medici\u00f3n","publisher":{"@id":"https:\/\/abaa.mx\/tienda\/#organization"},"potentialAction":[{"@type":"SearchAction","target":{"@type":"EntryPoint","urlTemplate":"https:\/\/abaa.mx\/tienda\/?s={search_term_string}"},"query-input":{"@type":"PropertyValueSpecification","valueRequired":true,"valueName":"search_term_string"}}],"inLanguage":"es"},{"@type":"Organization","@id":"https:\/\/abaa.mx\/tienda\/#organization","name":"Abaa tienda online","url":"https:\/\/abaa.mx\/tienda\/","logo":{"@type":"ImageObject","inLanguage":"es","@id":"https:\/\/abaa.mx\/tienda\/#\/schema\/logo\/image\/","url":"https:\/\/abaa.mx\/tienda\/wp-content\/uploads\/2024\/01\/abaa-metrologia-tienda.png","contentUrl":"https:\/\/abaa.mx\/tienda\/wp-content\/uploads\/2024\/01\/abaa-metrologia-tienda.png","width":300,"height":141,"caption":"Abaa tienda online"},"image":{"@id":"https:\/\/abaa.mx\/tienda\/#\/schema\/logo\/image\/"}}]}},"_links":{"self":[{"href":"https:\/\/abaa.mx\/tienda\/wp-json\/wp\/v2\/product\/2201","targetHints":{"allow":["GET"]}}],"collection":[{"href":"https:\/\/abaa.mx\/tienda\/wp-json\/wp\/v2\/product"}],"about":[{"href":"https:\/\/abaa.mx\/tienda\/wp-json\/wp\/v2\/types\/product"}],"replies":[{"embeddable":true,"href":"https:\/\/abaa.mx\/tienda\/wp-json\/wp\/v2\/comments?post=2201"}],"wp:featuredmedia":[{"embeddable":true,"href":"https:\/\/abaa.mx\/tienda\/wp-json\/wp\/v2\/media\/2204"}],"wp:attachment":[{"href":"https:\/\/abaa.mx\/tienda\/wp-json\/wp\/v2\/media?parent=2201"}],"wp:term":[{"taxonomy":"product_brand","embeddable":true,"href":"https:\/\/abaa.mx\/tienda\/wp-json\/wp\/v2\/product_brand?post=2201"},{"taxonomy":"product_cat","embeddable":true,"href":"https:\/\/abaa.mx\/tienda\/wp-json\/wp\/v2\/product_cat?post=2201"},{"taxonomy":"product_tag","embeddable":true,"href":"https:\/\/abaa.mx\/tienda\/wp-json\/wp\/v2\/product_tag?post=2201"}],"curies":[{"name":"wp","href":"https:\/\/api.w.org\/{rel}","templated":true}]}}