{"id":2200,"date":"2023-09-20T15:34:41","date_gmt":"2023-09-20T15:34:41","guid":{"rendered":"https:\/\/abaa.mx\/tienda\/?post_type=product&#038;p=2200"},"modified":"2023-12-04T20:09:59","modified_gmt":"2023-12-04T20:09:59","slug":"kit-combinado-para-electricista-industrial-fluke-87v-max-e2-1000-v-10-a","status":"publish","type":"product","link":"https:\/\/abaa.mx\/tienda\/kit-combinado-para-electricista-industrial-fluke-87v-max-e2-1000-v-10-a\/","title":{"rendered":"Detector de Gas, BW Icon+ %LEL(IR), O2, H2S, CO, Amarillo, Honeywell- BWICON."},"content":{"rendered":"<p>Detector de Gas, BW Icon+ %LEL(IR), O2, H2S, CO, Amarillo, Honeywell- BWICON.<\/p>\n","protected":false},"excerpt":{"rendered":"<p><b>Caracter\u00edsticas y ventajas<\/b>\u00a0<b>Confiable:<\/b><\/p>\n<ul>\n<li>Incluye BlueTooth para una f\u00e1cil descarga de datos y r\u00e1pida creaci\u00f3n de informes a trav\u00e9s de la app Safety Suite Device Configurator.<\/li>\n<li>Operaci\u00f3n con un solo bot\u00f3n (One-button operation).<\/li>\n<li>2 meses de duraci\u00f3n de la bater\u00eda con una carga de 4.5 horas, y hasta 4 meses<\/li>\n<li>si apaga el detector al final de cada turno. Sin carga de bater\u00eda diaria, sin tiempos de inactividad inesperados.<\/li>\n<li>F\u00e1cil de usar.<\/li>\n<li>F\u00e1cil de gestionar.<\/li>\n<li>Compatible con TouchConnect usando Bluetooth\u00ae para configuraci\u00f3n wireless.<\/li>\n<li>No requiere servicio t\u00e9cnico. Encender y utilizar hasta por 5 anos.<\/li>\n<li>Peque\u00f1o, ligero, y simple de llevar.<\/li>\n<li>Compatible con el sistema de gesti\u00f3n autom\u00e1tico de detectores IntelliDoX y Honeywell Safety Suite.<\/li>\n<li>El sistema de led-luz verde IntelliFlash indica el correcto funcionamiento y cumplimiento definido en su configuraci\u00f3n; el led-luz \u00e1mbar indica la necesidad de mantenimiento.<\/li>\n<\/ul>\n","protected":false},"featured_media":9617,"comment_status":"open","ping_status":"closed","template":"","meta":{"_joinchat":[]},"product_brand":[],"product_cat":[15],"product_tag":[],"class_list":{"0":"post-2200","1":"product","2":"type-product","3":"status-publish","4":"has-post-thumbnail","6":"product_cat-sin-categorizar","8":"first","9":"instock","10":"shipping-taxable","11":"product-type-simple"},"yoast_head":"<!-- This site is optimized with the Yoast SEO plugin v26.4 - https:\/\/yoast.com\/wordpress\/plugins\/seo\/ -->\n<title>Detector de Gas, BW Icon+ %LEL(IR), O2, H2S, CO, Amarillo, Honeywell- BWICON. - Abaa tienda online<\/title>\n<meta name=\"robots\" content=\"index, follow, max-snippet:-1, max-image-preview:large, max-video-preview:-1\" \/>\n<link rel=\"canonical\" href=\"https:\/\/abaa.mx\/tienda\/kit-combinado-para-electricista-industrial-fluke-87v-max-e2-1000-v-10-a\/\" \/>\n<meta property=\"og:locale\" content=\"es_MX\" \/>\n<meta property=\"og:type\" content=\"article\" \/>\n<meta property=\"og:title\" content=\"Detector de Gas, BW Icon+ %LEL(IR), O2, H2S, CO, Amarillo, Honeywell- BWICON. - Abaa tienda online\" \/>\n<meta property=\"og:description\" content=\"Caracter\u00edsticas y ventajas\u00a0Confiable:   Incluye BlueTooth para una f\u00e1cil descarga de datos y r\u00e1pida creaci\u00f3n de informes a trav\u00e9s de la app Safety Suite Device Configurator.  Operaci\u00f3n con un solo bot\u00f3n (One-button operation).  2 meses de duraci\u00f3n de la bater\u00eda con una carga de 4.5 horas, y hasta 4 meses  si apaga el detector al final de cada turno. Sin carga de bater\u00eda diaria, sin tiempos de inactividad inesperados.  F\u00e1cil de usar.  F\u00e1cil de gestionar.  Compatible con TouchConnect usando Bluetooth\u00ae para configuraci\u00f3n wireless.  No requiere servicio t\u00e9cnico. Encender y utilizar hasta por 5 anos.  Peque\u00f1o, ligero, y simple de llevar.  Compatible con el sistema de gesti\u00f3n autom\u00e1tico de detectores IntelliDoX y Honeywell Safety Suite.  El sistema de led-luz verde IntelliFlash indica el correcto funcionamiento y cumplimiento definido en su configuraci\u00f3n; el led-luz \u00e1mbar indica la necesidad de mantenimiento.\" \/>\n<meta property=\"og:url\" content=\"https:\/\/abaa.mx\/tienda\/kit-combinado-para-electricista-industrial-fluke-87v-max-e2-1000-v-10-a\/\" \/>\n<meta property=\"og:site_name\" content=\"Abaa tienda online\" \/>\n<meta property=\"article:modified_time\" content=\"2023-12-04T20:09:59+00:00\" \/>\n<meta property=\"og:image\" content=\"https:\/\/abaa.mx\/tienda\/wp-content\/uploads\/2023\/09\/HONEYWELL-BW-BWICON.jpg\" \/>\n\t<meta property=\"og:image:width\" content=\"325\" \/>\n\t<meta property=\"og:image:height\" content=\"438\" \/>\n\t<meta property=\"og:image:type\" content=\"image\/jpeg\" \/>\n<meta name=\"twitter:card\" content=\"summary_large_image\" \/>\n<meta name=\"twitter:label1\" content=\"Tiempo de lectura\" \/>\n\t<meta name=\"twitter:data1\" content=\"1 minuto\" \/>\n<script type=\"application\/ld+json\" class=\"yoast-schema-graph\">{\"@context\":\"https:\/\/schema.org\",\"@graph\":[{\"@type\":\"WebPage\",\"@id\":\"https:\/\/abaa.mx\/tienda\/kit-combinado-para-electricista-industrial-fluke-87v-max-e2-1000-v-10-a\/\",\"url\":\"https:\/\/abaa.mx\/tienda\/kit-combinado-para-electricista-industrial-fluke-87v-max-e2-1000-v-10-a\/\",\"name\":\"Detector de Gas, BW Icon+ %LEL(IR), O2, H2S, CO, Amarillo, Honeywell- BWICON. - Abaa tienda online\",\"isPartOf\":{\"@id\":\"https:\/\/abaa.mx\/tienda\/#website\"},\"primaryImageOfPage\":{\"@id\":\"https:\/\/abaa.mx\/tienda\/kit-combinado-para-electricista-industrial-fluke-87v-max-e2-1000-v-10-a\/#primaryimage\"},\"image\":{\"@id\":\"https:\/\/abaa.mx\/tienda\/kit-combinado-para-electricista-industrial-fluke-87v-max-e2-1000-v-10-a\/#primaryimage\"},\"thumbnailUrl\":\"https:\/\/abaa.mx\/tienda\/wp-content\/uploads\/2023\/09\/HONEYWELL-BW-BWICON.jpg\",\"datePublished\":\"2023-09-20T15:34:41+00:00\",\"dateModified\":\"2023-12-04T20:09:59+00:00\",\"breadcrumb\":{\"@id\":\"https:\/\/abaa.mx\/tienda\/kit-combinado-para-electricista-industrial-fluke-87v-max-e2-1000-v-10-a\/#breadcrumb\"},\"inLanguage\":\"es\",\"potentialAction\":[{\"@type\":\"ReadAction\",\"target\":[\"https:\/\/abaa.mx\/tienda\/kit-combinado-para-electricista-industrial-fluke-87v-max-e2-1000-v-10-a\/\"]}]},{\"@type\":\"ImageObject\",\"inLanguage\":\"es\",\"@id\":\"https:\/\/abaa.mx\/tienda\/kit-combinado-para-electricista-industrial-fluke-87v-max-e2-1000-v-10-a\/#primaryimage\",\"url\":\"https:\/\/abaa.mx\/tienda\/wp-content\/uploads\/2023\/09\/HONEYWELL-BW-BWICON.jpg\",\"contentUrl\":\"https:\/\/abaa.mx\/tienda\/wp-content\/uploads\/2023\/09\/HONEYWELL-BW-BWICON.jpg\",\"width\":325,\"height\":438,\"caption\":\"HONEYWELL BW- BWICON\"},{\"@type\":\"BreadcrumbList\",\"@id\":\"https:\/\/abaa.mx\/tienda\/kit-combinado-para-electricista-industrial-fluke-87v-max-e2-1000-v-10-a\/#breadcrumb\",\"itemListElement\":[{\"@type\":\"ListItem\",\"position\":1,\"name\":\"Inicio\",\"item\":\"https:\/\/abaa.mx\/tienda\/\"},{\"@type\":\"ListItem\",\"position\":2,\"name\":\"Tienda\",\"item\":\"https:\/\/abaa.mx\/tienda\/\"},{\"@type\":\"ListItem\",\"position\":3,\"name\":\"Detector de Gas, BW Icon+ %LEL(IR), O2, H2S, CO, Amarillo, Honeywell- BWICON.\"}]},{\"@type\":\"WebSite\",\"@id\":\"https:\/\/abaa.mx\/tienda\/#website\",\"url\":\"https:\/\/abaa.mx\/tienda\/\",\"name\":\"Abaa tienda online\",\"description\":\"Instrumentos de medici\u00f3n\",\"publisher\":{\"@id\":\"https:\/\/abaa.mx\/tienda\/#organization\"},\"potentialAction\":[{\"@type\":\"SearchAction\",\"target\":{\"@type\":\"EntryPoint\",\"urlTemplate\":\"https:\/\/abaa.mx\/tienda\/?s={search_term_string}\"},\"query-input\":{\"@type\":\"PropertyValueSpecification\",\"valueRequired\":true,\"valueName\":\"search_term_string\"}}],\"inLanguage\":\"es\"},{\"@type\":\"Organization\",\"@id\":\"https:\/\/abaa.mx\/tienda\/#organization\",\"name\":\"Abaa tienda online\",\"url\":\"https:\/\/abaa.mx\/tienda\/\",\"logo\":{\"@type\":\"ImageObject\",\"inLanguage\":\"es\",\"@id\":\"https:\/\/abaa.mx\/tienda\/#\/schema\/logo\/image\/\",\"url\":\"https:\/\/abaa.mx\/tienda\/wp-content\/uploads\/2024\/01\/abaa-metrologia-tienda.png\",\"contentUrl\":\"https:\/\/abaa.mx\/tienda\/wp-content\/uploads\/2024\/01\/abaa-metrologia-tienda.png\",\"width\":300,\"height\":141,\"caption\":\"Abaa tienda online\"},\"image\":{\"@id\":\"https:\/\/abaa.mx\/tienda\/#\/schema\/logo\/image\/\"}}]}<\/script>\n<!-- \/ Yoast SEO plugin. -->","yoast_head_json":{"title":"Detector de Gas, BW Icon+ %LEL(IR), O2, H2S, CO, Amarillo, Honeywell- BWICON. - Abaa tienda online","robots":{"index":"index","follow":"follow","max-snippet":"max-snippet:-1","max-image-preview":"max-image-preview:large","max-video-preview":"max-video-preview:-1"},"canonical":"https:\/\/abaa.mx\/tienda\/kit-combinado-para-electricista-industrial-fluke-87v-max-e2-1000-v-10-a\/","og_locale":"es_MX","og_type":"article","og_title":"Detector de Gas, BW Icon+ %LEL(IR), O2, H2S, CO, Amarillo, Honeywell- BWICON. - Abaa tienda online","og_description":"Caracter\u00edsticas y ventajas\u00a0Confiable:   Incluye BlueTooth para una f\u00e1cil descarga de datos y r\u00e1pida creaci\u00f3n de informes a trav\u00e9s de la app Safety Suite Device Configurator.  Operaci\u00f3n con un solo bot\u00f3n (One-button operation).  2 meses de duraci\u00f3n de la bater\u00eda con una carga de 4.5 horas, y hasta 4 meses  si apaga el detector al final de cada turno. Sin carga de bater\u00eda diaria, sin tiempos de inactividad inesperados.  F\u00e1cil de usar.  F\u00e1cil de gestionar.  Compatible con TouchConnect usando Bluetooth\u00ae para configuraci\u00f3n wireless.  No requiere servicio t\u00e9cnico. Encender y utilizar hasta por 5 anos.  Peque\u00f1o, ligero, y simple de llevar.  Compatible con el sistema de gesti\u00f3n autom\u00e1tico de detectores IntelliDoX y Honeywell Safety Suite.  El sistema de led-luz verde IntelliFlash indica el correcto funcionamiento y cumplimiento definido en su configuraci\u00f3n; el led-luz \u00e1mbar indica la necesidad de mantenimiento.","og_url":"https:\/\/abaa.mx\/tienda\/kit-combinado-para-electricista-industrial-fluke-87v-max-e2-1000-v-10-a\/","og_site_name":"Abaa tienda online","article_modified_time":"2023-12-04T20:09:59+00:00","og_image":[{"width":325,"height":438,"url":"https:\/\/abaa.mx\/tienda\/wp-content\/uploads\/2023\/09\/HONEYWELL-BW-BWICON.jpg","type":"image\/jpeg"}],"twitter_card":"summary_large_image","twitter_misc":{"Tiempo de lectura":"1 minuto"},"schema":{"@context":"https:\/\/schema.org","@graph":[{"@type":"WebPage","@id":"https:\/\/abaa.mx\/tienda\/kit-combinado-para-electricista-industrial-fluke-87v-max-e2-1000-v-10-a\/","url":"https:\/\/abaa.mx\/tienda\/kit-combinado-para-electricista-industrial-fluke-87v-max-e2-1000-v-10-a\/","name":"Detector de Gas, BW Icon+ %LEL(IR), O2, H2S, CO, Amarillo, Honeywell- BWICON. - Abaa tienda online","isPartOf":{"@id":"https:\/\/abaa.mx\/tienda\/#website"},"primaryImageOfPage":{"@id":"https:\/\/abaa.mx\/tienda\/kit-combinado-para-electricista-industrial-fluke-87v-max-e2-1000-v-10-a\/#primaryimage"},"image":{"@id":"https:\/\/abaa.mx\/tienda\/kit-combinado-para-electricista-industrial-fluke-87v-max-e2-1000-v-10-a\/#primaryimage"},"thumbnailUrl":"https:\/\/abaa.mx\/tienda\/wp-content\/uploads\/2023\/09\/HONEYWELL-BW-BWICON.jpg","datePublished":"2023-09-20T15:34:41+00:00","dateModified":"2023-12-04T20:09:59+00:00","breadcrumb":{"@id":"https:\/\/abaa.mx\/tienda\/kit-combinado-para-electricista-industrial-fluke-87v-max-e2-1000-v-10-a\/#breadcrumb"},"inLanguage":"es","potentialAction":[{"@type":"ReadAction","target":["https:\/\/abaa.mx\/tienda\/kit-combinado-para-electricista-industrial-fluke-87v-max-e2-1000-v-10-a\/"]}]},{"@type":"ImageObject","inLanguage":"es","@id":"https:\/\/abaa.mx\/tienda\/kit-combinado-para-electricista-industrial-fluke-87v-max-e2-1000-v-10-a\/#primaryimage","url":"https:\/\/abaa.mx\/tienda\/wp-content\/uploads\/2023\/09\/HONEYWELL-BW-BWICON.jpg","contentUrl":"https:\/\/abaa.mx\/tienda\/wp-content\/uploads\/2023\/09\/HONEYWELL-BW-BWICON.jpg","width":325,"height":438,"caption":"HONEYWELL BW- BWICON"},{"@type":"BreadcrumbList","@id":"https:\/\/abaa.mx\/tienda\/kit-combinado-para-electricista-industrial-fluke-87v-max-e2-1000-v-10-a\/#breadcrumb","itemListElement":[{"@type":"ListItem","position":1,"name":"Inicio","item":"https:\/\/abaa.mx\/tienda\/"},{"@type":"ListItem","position":2,"name":"Tienda","item":"https:\/\/abaa.mx\/tienda\/"},{"@type":"ListItem","position":3,"name":"Detector de Gas, BW Icon+ %LEL(IR), O2, H2S, CO, Amarillo, Honeywell- BWICON."}]},{"@type":"WebSite","@id":"https:\/\/abaa.mx\/tienda\/#website","url":"https:\/\/abaa.mx\/tienda\/","name":"Abaa tienda online","description":"Instrumentos de medici\u00f3n","publisher":{"@id":"https:\/\/abaa.mx\/tienda\/#organization"},"potentialAction":[{"@type":"SearchAction","target":{"@type":"EntryPoint","urlTemplate":"https:\/\/abaa.mx\/tienda\/?s={search_term_string}"},"query-input":{"@type":"PropertyValueSpecification","valueRequired":true,"valueName":"search_term_string"}}],"inLanguage":"es"},{"@type":"Organization","@id":"https:\/\/abaa.mx\/tienda\/#organization","name":"Abaa tienda online","url":"https:\/\/abaa.mx\/tienda\/","logo":{"@type":"ImageObject","inLanguage":"es","@id":"https:\/\/abaa.mx\/tienda\/#\/schema\/logo\/image\/","url":"https:\/\/abaa.mx\/tienda\/wp-content\/uploads\/2024\/01\/abaa-metrologia-tienda.png","contentUrl":"https:\/\/abaa.mx\/tienda\/wp-content\/uploads\/2024\/01\/abaa-metrologia-tienda.png","width":300,"height":141,"caption":"Abaa tienda online"},"image":{"@id":"https:\/\/abaa.mx\/tienda\/#\/schema\/logo\/image\/"}}]}},"_links":{"self":[{"href":"https:\/\/abaa.mx\/tienda\/wp-json\/wp\/v2\/product\/2200","targetHints":{"allow":["GET"]}}],"collection":[{"href":"https:\/\/abaa.mx\/tienda\/wp-json\/wp\/v2\/product"}],"about":[{"href":"https:\/\/abaa.mx\/tienda\/wp-json\/wp\/v2\/types\/product"}],"replies":[{"embeddable":true,"href":"https:\/\/abaa.mx\/tienda\/wp-json\/wp\/v2\/comments?post=2200"}],"wp:featuredmedia":[{"embeddable":true,"href":"https:\/\/abaa.mx\/tienda\/wp-json\/wp\/v2\/media\/9617"}],"wp:attachment":[{"href":"https:\/\/abaa.mx\/tienda\/wp-json\/wp\/v2\/media?parent=2200"}],"wp:term":[{"taxonomy":"product_brand","embeddable":true,"href":"https:\/\/abaa.mx\/tienda\/wp-json\/wp\/v2\/product_brand?post=2200"},{"taxonomy":"product_cat","embeddable":true,"href":"https:\/\/abaa.mx\/tienda\/wp-json\/wp\/v2\/product_cat?post=2200"},{"taxonomy":"product_tag","embeddable":true,"href":"https:\/\/abaa.mx\/tienda\/wp-json\/wp\/v2\/product_tag?post=2200"}],"curies":[{"name":"wp","href":"https:\/\/api.w.org\/{rel}","templated":true}]}}