{"id":2189,"date":"2023-09-20T15:54:35","date_gmt":"2023-09-20T15:54:35","guid":{"rendered":"https:\/\/abaa.mx\/tienda\/?post_type=product&#038;p=2189"},"modified":"2023-09-20T15:54:35","modified_gmt":"2023-09-20T15:54:35","slug":"modulo-de-abrazadera-de-corriente-alterna-inalambrico-fluke-a3000-fc","status":"publish","type":"product","link":"https:\/\/abaa.mx\/tienda\/modulo-de-abrazadera-de-corriente-alterna-inalambrico-fluke-a3000-fc\/","title":{"rendered":"m\u00f3dulo de abrazadera de corriente alterna inal\u00e1mbrico fluke a3000 fc"},"content":{"rendered":"<p><strong>Funciones<\/strong><\/p>\n<ul>\n<li>Pinza amperim\u00e9trica de CA True-RMS<\/li>\n<li>Mide hasta 400 A CA<\/li>\n<li>Util\u00edcelo como medidor independiente o como parte del sistema<\/li>\n<li>Funci\u00f3n de registro para grabar y guardar hasta 65.000 lecturas<\/li>\n<li>Funci\u00f3n de irrupci\u00f3n<\/li>\n<li>Modelos compatibles: Fluke 3000 FC DMM, c\u00e1mara infrarroja Fluke Ti200\/300\/400, PC a trav\u00e9s del adaptador FC pc3000 opcional, aplicaci\u00f3n m\u00f3vil Fluke Connect<\/li>\n<\/ul>\n<h4>Especificaciones del Fluke A3000-FC<\/h4>\n<table class=\"table table-striped\">\n<tbody>\n<tr>\n<th>Gama<\/th>\n<td>0,5 A a 400,0 A<\/td>\n<\/tr>\n<tr>\n<th>Resoluci\u00f3n<\/th>\n<td>0,1 A<\/td>\n<\/tr>\n<tr>\n<th>Exactitud<\/th>\n<td>400,0 A: 2 % \u00b1 5 d\u00edgitos (10 Hz a 100 Hz), 2,5 % \u00b1 5 d\u00edgitos (100 Hz a 500 Hz)<\/td>\n<\/tr>\n<tr>\n<th>Avalancha<\/th>\n<td>Lectura m\u00e1xima mostrada: 999.9A<\/td>\n<\/tr>\n<tr>\n<th>Factor de cresta (50 Hz\/60 Hz)<\/th>\n<td>3 a 500 A, 2,5 a 600 A, 1,42 a 1000 A, a\u00f1adir 2 % para C.F. &gt; 2<\/td>\n<\/tr>\n<tr>\n<th>LCD con retroiluminaci\u00f3n<\/th>\n<td>3\/&lt;&gt; d\u00edgitos<\/td>\n<\/tr>\n<tr>\n<th>Ritmo\/intervalo de registro<\/th>\n<td>1 segundo m\u00ednimo\/ajustable por PC<\/td>\n<\/tr>\n<tr>\n<th>Tipo de bater\u00eda<\/th>\n<td>2 AA, NEDA 15 A, IEC LR6\/td&gt;<\/td>\n<\/tr>\n<tr>\n<th>Duraci\u00f3n de la bater\u00eda<\/th>\n<td>400 horas<\/td>\n<\/tr>\n<tr>\n<th>Memoria<\/th>\n<td>Registre hasta 65.000 lecturas<\/td>\n<\/tr>\n<tr>\n<th>Comunicaciones RF<\/th>\n<td>Banda ISM de 2,4 GHZ<\/td>\n<\/tr>\n<tr>\n<th>Rango de comunicaci\u00f3n RF<\/th>\n<td>Al aire libre, sin obst\u00e1culos: Hasta 20 m Obstruido, pared de chapa: Hasta 6,5 m Pared obstruida, de hormig\u00f3n o cerramiento el\u00e9ctrico de acero: Hasta 3,5 m<\/td>\n<\/tr>\n<tr>\n<th>Temperatura de funcionamiento<\/th>\n<td>De -10 \u00b0C a +50 \u00b0C<\/td>\n<\/tr>\n<tr>\n<th>Temperatura de almacenamiento<\/th>\n<td>De -40 \u00b0C a +60 \u00b0C<\/td>\n<\/tr>\n<tr>\n<th>Coeficiente de temperatura<\/th>\n<td>A\u00f1adir 0,1 x (precisi\u00f3n especificada)\/\u00b0C (&lt; 18 \u00b0C o &gt; 28 \u00b0C)<\/td>\n<\/tr>\n<tr>\n<th>Humedad de funcionamiento<\/th>\n<td>90 % a 35 \u00b0C, 75 % a 40 \u00b0C, 45 % a 50 \u00b0C<\/td>\n<\/tr>\n<tr>\n<th>Altitud<\/th>\n<td>En funcionamiento: 2.000 m Dest\u00fce: 12.000 m<\/td>\n<\/tr>\n<tr>\n<th>EMC<\/th>\n<td>EN 61326-1:2006<\/td>\n<\/tr>\n<tr>\n<th>Cumplimiento de la seguridad<\/th>\n<td>IEC 61010-1, 600 V CAT III, 3\u00aa edici\u00f3n Grado de contaminaci\u00f3n 2<\/td>\n<\/tr>\n<tr>\n<th>Clasificaci\u00f3n de seguridad<\/th>\n<td>CAT III 600 V<\/td>\n<\/tr>\n<tr>\n<th>Certificaciones<\/th>\n<td>CSA, CE, FCC: T68-FBLE IC: 6627A-FBLE<\/td>\n<\/tr>\n<tr>\n<th>Clasificaci\u00f3n de protecci\u00f3n de ingreso (IP)<\/th>\n<td>IP30<\/td>\n<\/tr>\n<tr>\n<th>Grado de contaminaci\u00f3n<\/th>\n<td>2<\/td>\n<\/tr>\n<tr>\n<th>Abertura de la mand\u00edbula<\/th>\n<td>34 mm (1,33 pulg.)<\/td>\n<\/tr>\n<tr>\n<th>Tama\u00f1o (HxWxD)<\/th>\n<td>20,3 cm x 7,49 cm x 3,55 cm (8 pulgadas x 2,95 en en x 1,4 en pulg)<\/td>\n<\/tr>\n<tr>\n<th>Peso<\/th>\n<td>.22 kg (8 oz)<\/td>\n<\/tr>\n<\/tbody>\n<\/table>\n","protected":false},"excerpt":{"rendered":"<p><strong>Funciones<\/strong><\/p>\n<ul>\n<li>Pinza amperim\u00e9trica de CA True-RMS<\/li>\n<li>Mide hasta 400 A CA<\/li>\n<li>Util\u00edcelo como medidor independiente o como parte del sistema<\/li>\n<li>Funci\u00f3n de registro para grabar y guardar hasta 65.000 lecturas<\/li>\n<li>Funci\u00f3n de irrupci\u00f3n<\/li>\n<li>Modelos compatibles: Fluke 3000 FC DMM, c\u00e1mara infrarroja Fluke Ti200\/300\/400, PC a trav\u00e9s del adaptador FC pc3000 opcional, aplicaci\u00f3n m\u00f3vil Fluke Connect<\/li>\n<\/ul>\n","protected":false},"featured_media":2217,"comment_status":"open","ping_status":"closed","template":"","meta":{"_joinchat":[]},"product_brand":[],"product_cat":[15],"product_tag":[],"class_list":{"0":"post-2189","1":"product","2":"type-product","3":"status-publish","4":"has-post-thumbnail","6":"product_cat-sin-categorizar","8":"first","9":"instock","10":"shipping-taxable","11":"product-type-simple"},"yoast_head":"<!-- This site is optimized with the Yoast SEO plugin v26.4 - https:\/\/yoast.com\/wordpress\/plugins\/seo\/ -->\n<title>m\u00f3dulo de abrazadera de corriente alterna inal\u00e1mbrico fluke a3000 fc - Abaa tienda online<\/title>\n<meta name=\"robots\" content=\"index, follow, max-snippet:-1, max-image-preview:large, max-video-preview:-1\" \/>\n<link rel=\"canonical\" href=\"https:\/\/abaa.mx\/tienda\/modulo-de-abrazadera-de-corriente-alterna-inalambrico-fluke-a3000-fc\/\" \/>\n<meta property=\"og:locale\" content=\"es_MX\" \/>\n<meta property=\"og:type\" content=\"article\" \/>\n<meta property=\"og:title\" content=\"m\u00f3dulo de abrazadera de corriente alterna inal\u00e1mbrico fluke a3000 fc - Abaa tienda online\" \/>\n<meta property=\"og:description\" content=\"Funciones   Pinza amperim\u00e9trica de CA True-RMS  Mide hasta 400 A CA  Util\u00edcelo como medidor independiente o como parte del sistema  Funci\u00f3n de registro para grabar y guardar hasta 65.000 lecturas  Funci\u00f3n de irrupci\u00f3n  Modelos compatibles: Fluke 3000 FC DMM, c\u00e1mara infrarroja Fluke Ti200\/300\/400, PC a trav\u00e9s del adaptador FC pc3000 opcional, aplicaci\u00f3n m\u00f3vil Fluke Connect\" \/>\n<meta property=\"og:url\" content=\"https:\/\/abaa.mx\/tienda\/modulo-de-abrazadera-de-corriente-alterna-inalambrico-fluke-a3000-fc\/\" \/>\n<meta property=\"og:site_name\" content=\"Abaa tienda online\" \/>\n<meta property=\"og:image\" content=\"https:\/\/abaa.mx\/tienda\/wp-content\/uploads\/2023\/09\/A3000FC.jpg\" \/>\n\t<meta property=\"og:image:width\" content=\"270\" \/>\n\t<meta property=\"og:image:height\" content=\"500\" \/>\n\t<meta property=\"og:image:type\" content=\"image\/jpeg\" \/>\n<meta name=\"twitter:card\" content=\"summary_large_image\" \/>\n<meta name=\"twitter:label1\" content=\"Tiempo de lectura\" \/>\n\t<meta name=\"twitter:data1\" content=\"2 minutos\" \/>\n<script type=\"application\/ld+json\" class=\"yoast-schema-graph\">{\"@context\":\"https:\/\/schema.org\",\"@graph\":[{\"@type\":\"WebPage\",\"@id\":\"https:\/\/abaa.mx\/tienda\/modulo-de-abrazadera-de-corriente-alterna-inalambrico-fluke-a3000-fc\/\",\"url\":\"https:\/\/abaa.mx\/tienda\/modulo-de-abrazadera-de-corriente-alterna-inalambrico-fluke-a3000-fc\/\",\"name\":\"m\u00f3dulo de abrazadera de corriente alterna inal\u00e1mbrico fluke a3000 fc - Abaa tienda online\",\"isPartOf\":{\"@id\":\"https:\/\/abaa.mx\/tienda\/#website\"},\"primaryImageOfPage\":{\"@id\":\"https:\/\/abaa.mx\/tienda\/modulo-de-abrazadera-de-corriente-alterna-inalambrico-fluke-a3000-fc\/#primaryimage\"},\"image\":{\"@id\":\"https:\/\/abaa.mx\/tienda\/modulo-de-abrazadera-de-corriente-alterna-inalambrico-fluke-a3000-fc\/#primaryimage\"},\"thumbnailUrl\":\"https:\/\/abaa.mx\/tienda\/wp-content\/uploads\/2023\/09\/A3000FC.jpg\",\"datePublished\":\"2023-09-20T15:54:35+00:00\",\"breadcrumb\":{\"@id\":\"https:\/\/abaa.mx\/tienda\/modulo-de-abrazadera-de-corriente-alterna-inalambrico-fluke-a3000-fc\/#breadcrumb\"},\"inLanguage\":\"es\",\"potentialAction\":[{\"@type\":\"ReadAction\",\"target\":[\"https:\/\/abaa.mx\/tienda\/modulo-de-abrazadera-de-corriente-alterna-inalambrico-fluke-a3000-fc\/\"]}]},{\"@type\":\"ImageObject\",\"inLanguage\":\"es\",\"@id\":\"https:\/\/abaa.mx\/tienda\/modulo-de-abrazadera-de-corriente-alterna-inalambrico-fluke-a3000-fc\/#primaryimage\",\"url\":\"https:\/\/abaa.mx\/tienda\/wp-content\/uploads\/2023\/09\/A3000FC.jpg\",\"contentUrl\":\"https:\/\/abaa.mx\/tienda\/wp-content\/uploads\/2023\/09\/A3000FC.jpg\",\"width\":270,\"height\":500,\"caption\":\"A3000FC\"},{\"@type\":\"BreadcrumbList\",\"@id\":\"https:\/\/abaa.mx\/tienda\/modulo-de-abrazadera-de-corriente-alterna-inalambrico-fluke-a3000-fc\/#breadcrumb\",\"itemListElement\":[{\"@type\":\"ListItem\",\"position\":1,\"name\":\"Inicio\",\"item\":\"https:\/\/abaa.mx\/tienda\/\"},{\"@type\":\"ListItem\",\"position\":2,\"name\":\"Tienda\",\"item\":\"https:\/\/abaa.mx\/tienda\/\"},{\"@type\":\"ListItem\",\"position\":3,\"name\":\"m\u00f3dulo de abrazadera de corriente alterna inal\u00e1mbrico fluke a3000 fc\"}]},{\"@type\":\"WebSite\",\"@id\":\"https:\/\/abaa.mx\/tienda\/#website\",\"url\":\"https:\/\/abaa.mx\/tienda\/\",\"name\":\"Abaa tienda online\",\"description\":\"Instrumentos de medici\u00f3n\",\"publisher\":{\"@id\":\"https:\/\/abaa.mx\/tienda\/#organization\"},\"potentialAction\":[{\"@type\":\"SearchAction\",\"target\":{\"@type\":\"EntryPoint\",\"urlTemplate\":\"https:\/\/abaa.mx\/tienda\/?s={search_term_string}\"},\"query-input\":{\"@type\":\"PropertyValueSpecification\",\"valueRequired\":true,\"valueName\":\"search_term_string\"}}],\"inLanguage\":\"es\"},{\"@type\":\"Organization\",\"@id\":\"https:\/\/abaa.mx\/tienda\/#organization\",\"name\":\"Abaa tienda online\",\"url\":\"https:\/\/abaa.mx\/tienda\/\",\"logo\":{\"@type\":\"ImageObject\",\"inLanguage\":\"es\",\"@id\":\"https:\/\/abaa.mx\/tienda\/#\/schema\/logo\/image\/\",\"url\":\"https:\/\/abaa.mx\/tienda\/wp-content\/uploads\/2024\/01\/abaa-metrologia-tienda.png\",\"contentUrl\":\"https:\/\/abaa.mx\/tienda\/wp-content\/uploads\/2024\/01\/abaa-metrologia-tienda.png\",\"width\":300,\"height\":141,\"caption\":\"Abaa tienda online\"},\"image\":{\"@id\":\"https:\/\/abaa.mx\/tienda\/#\/schema\/logo\/image\/\"}}]}<\/script>\n<!-- \/ Yoast SEO plugin. -->","yoast_head_json":{"title":"m\u00f3dulo de abrazadera de corriente alterna inal\u00e1mbrico fluke a3000 fc - Abaa tienda online","robots":{"index":"index","follow":"follow","max-snippet":"max-snippet:-1","max-image-preview":"max-image-preview:large","max-video-preview":"max-video-preview:-1"},"canonical":"https:\/\/abaa.mx\/tienda\/modulo-de-abrazadera-de-corriente-alterna-inalambrico-fluke-a3000-fc\/","og_locale":"es_MX","og_type":"article","og_title":"m\u00f3dulo de abrazadera de corriente alterna inal\u00e1mbrico fluke a3000 fc - Abaa tienda online","og_description":"Funciones   Pinza amperim\u00e9trica de CA True-RMS  Mide hasta 400 A CA  Util\u00edcelo como medidor independiente o como parte del sistema  Funci\u00f3n de registro para grabar y guardar hasta 65.000 lecturas  Funci\u00f3n de irrupci\u00f3n  Modelos compatibles: Fluke 3000 FC DMM, c\u00e1mara infrarroja Fluke Ti200\/300\/400, PC a trav\u00e9s del adaptador FC pc3000 opcional, aplicaci\u00f3n m\u00f3vil Fluke Connect","og_url":"https:\/\/abaa.mx\/tienda\/modulo-de-abrazadera-de-corriente-alterna-inalambrico-fluke-a3000-fc\/","og_site_name":"Abaa tienda online","og_image":[{"width":270,"height":500,"url":"https:\/\/abaa.mx\/tienda\/wp-content\/uploads\/2023\/09\/A3000FC.jpg","type":"image\/jpeg"}],"twitter_card":"summary_large_image","twitter_misc":{"Tiempo de lectura":"2 minutos"},"schema":{"@context":"https:\/\/schema.org","@graph":[{"@type":"WebPage","@id":"https:\/\/abaa.mx\/tienda\/modulo-de-abrazadera-de-corriente-alterna-inalambrico-fluke-a3000-fc\/","url":"https:\/\/abaa.mx\/tienda\/modulo-de-abrazadera-de-corriente-alterna-inalambrico-fluke-a3000-fc\/","name":"m\u00f3dulo de abrazadera de corriente alterna inal\u00e1mbrico fluke a3000 fc - Abaa tienda online","isPartOf":{"@id":"https:\/\/abaa.mx\/tienda\/#website"},"primaryImageOfPage":{"@id":"https:\/\/abaa.mx\/tienda\/modulo-de-abrazadera-de-corriente-alterna-inalambrico-fluke-a3000-fc\/#primaryimage"},"image":{"@id":"https:\/\/abaa.mx\/tienda\/modulo-de-abrazadera-de-corriente-alterna-inalambrico-fluke-a3000-fc\/#primaryimage"},"thumbnailUrl":"https:\/\/abaa.mx\/tienda\/wp-content\/uploads\/2023\/09\/A3000FC.jpg","datePublished":"2023-09-20T15:54:35+00:00","breadcrumb":{"@id":"https:\/\/abaa.mx\/tienda\/modulo-de-abrazadera-de-corriente-alterna-inalambrico-fluke-a3000-fc\/#breadcrumb"},"inLanguage":"es","potentialAction":[{"@type":"ReadAction","target":["https:\/\/abaa.mx\/tienda\/modulo-de-abrazadera-de-corriente-alterna-inalambrico-fluke-a3000-fc\/"]}]},{"@type":"ImageObject","inLanguage":"es","@id":"https:\/\/abaa.mx\/tienda\/modulo-de-abrazadera-de-corriente-alterna-inalambrico-fluke-a3000-fc\/#primaryimage","url":"https:\/\/abaa.mx\/tienda\/wp-content\/uploads\/2023\/09\/A3000FC.jpg","contentUrl":"https:\/\/abaa.mx\/tienda\/wp-content\/uploads\/2023\/09\/A3000FC.jpg","width":270,"height":500,"caption":"A3000FC"},{"@type":"BreadcrumbList","@id":"https:\/\/abaa.mx\/tienda\/modulo-de-abrazadera-de-corriente-alterna-inalambrico-fluke-a3000-fc\/#breadcrumb","itemListElement":[{"@type":"ListItem","position":1,"name":"Inicio","item":"https:\/\/abaa.mx\/tienda\/"},{"@type":"ListItem","position":2,"name":"Tienda","item":"https:\/\/abaa.mx\/tienda\/"},{"@type":"ListItem","position":3,"name":"m\u00f3dulo de abrazadera de corriente alterna inal\u00e1mbrico fluke a3000 fc"}]},{"@type":"WebSite","@id":"https:\/\/abaa.mx\/tienda\/#website","url":"https:\/\/abaa.mx\/tienda\/","name":"Abaa tienda online","description":"Instrumentos de medici\u00f3n","publisher":{"@id":"https:\/\/abaa.mx\/tienda\/#organization"},"potentialAction":[{"@type":"SearchAction","target":{"@type":"EntryPoint","urlTemplate":"https:\/\/abaa.mx\/tienda\/?s={search_term_string}"},"query-input":{"@type":"PropertyValueSpecification","valueRequired":true,"valueName":"search_term_string"}}],"inLanguage":"es"},{"@type":"Organization","@id":"https:\/\/abaa.mx\/tienda\/#organization","name":"Abaa tienda online","url":"https:\/\/abaa.mx\/tienda\/","logo":{"@type":"ImageObject","inLanguage":"es","@id":"https:\/\/abaa.mx\/tienda\/#\/schema\/logo\/image\/","url":"https:\/\/abaa.mx\/tienda\/wp-content\/uploads\/2024\/01\/abaa-metrologia-tienda.png","contentUrl":"https:\/\/abaa.mx\/tienda\/wp-content\/uploads\/2024\/01\/abaa-metrologia-tienda.png","width":300,"height":141,"caption":"Abaa tienda online"},"image":{"@id":"https:\/\/abaa.mx\/tienda\/#\/schema\/logo\/image\/"}}]}},"_links":{"self":[{"href":"https:\/\/abaa.mx\/tienda\/wp-json\/wp\/v2\/product\/2189","targetHints":{"allow":["GET"]}}],"collection":[{"href":"https:\/\/abaa.mx\/tienda\/wp-json\/wp\/v2\/product"}],"about":[{"href":"https:\/\/abaa.mx\/tienda\/wp-json\/wp\/v2\/types\/product"}],"replies":[{"embeddable":true,"href":"https:\/\/abaa.mx\/tienda\/wp-json\/wp\/v2\/comments?post=2189"}],"wp:featuredmedia":[{"embeddable":true,"href":"https:\/\/abaa.mx\/tienda\/wp-json\/wp\/v2\/media\/2217"}],"wp:attachment":[{"href":"https:\/\/abaa.mx\/tienda\/wp-json\/wp\/v2\/media?parent=2189"}],"wp:term":[{"taxonomy":"product_brand","embeddable":true,"href":"https:\/\/abaa.mx\/tienda\/wp-json\/wp\/v2\/product_brand?post=2189"},{"taxonomy":"product_cat","embeddable":true,"href":"https:\/\/abaa.mx\/tienda\/wp-json\/wp\/v2\/product_cat?post=2189"},{"taxonomy":"product_tag","embeddable":true,"href":"https:\/\/abaa.mx\/tienda\/wp-json\/wp\/v2\/product_tag?post=2189"}],"curies":[{"name":"wp","href":"https:\/\/api.w.org\/{rel}","templated":true}]}}