{"id":2183,"date":"2023-09-20T15:16:12","date_gmt":"2023-09-20T15:16:12","guid":{"rendered":"https:\/\/abaa.mx\/tienda\/?post_type=product&#038;p=2183"},"modified":"2023-09-20T15:16:12","modified_gmt":"2023-09-20T15:16:12","slug":"multimetro-digital-del-tamano-de-la-palma-de-la-mano-fluke-107-esp-cat-iii-600-v","status":"publish","type":"product","link":"https:\/\/abaa.mx\/tienda\/multimetro-digital-del-tamano-de-la-palma-de-la-mano-fluke-107-esp-cat-iii-600-v\/","title":{"rendered":"Mult\u00edmetro digital del tama\u00f1o de la palma de la mano fluke 107 esp, cat iii, 600 v"},"content":{"rendered":"<h4>Ofertas de Fluke 107 ESP<\/h4>\n<h5><strong>Funciones<\/strong><\/h5>\n<ul>\n<li>Habilitado con funciones de medici\u00f3n de corriente y voltaje, en un tama\u00f1o compacto<\/li>\n<li>Mide la resistencia y la continuidad para comprobar si hay cables rotos<\/li>\n<li>Retenci\u00f3n de datos y pantalla retroiluminada para que trabaje de forma segura y r\u00e1pida<\/li>\n<li>Ergon\u00f3mico y resistente<\/li>\n<li>Agarre c\u00f3modo, solo pesa 200 g y f\u00e1cil de transportar<\/li>\n<li>Carcasa resistente y prueba de ca\u00edda de 3 m (3,1 pies)<\/li>\n<li>Prueba de rango autom\u00e1tico de par\u00e1metros completos, que es conveniente y r\u00e1pida de probar; Al mismo tiempo, reduce el n\u00famero de rotaciones de la placa de onda y prolonga la vida \u00fatil del instrumento.<\/li>\n<li>Pantalla grande de 6000 palabras con retroiluminaci\u00f3n LCD<\/li>\n<li>Alimentado por bater\u00eda, modo autom\u00e1tico de ahorro de energ\u00eda<\/li>\n<li>La funci\u00f3n de retenci\u00f3n de datos facilita la lectura de los resultados de medici\u00f3n<\/li>\n<li>Cumple con la norma de seguridad de protecci\u00f3n contra sobretensiones IEC61010-1 CATIII 600V<\/li>\n<\/ul>\n<h4><strong>Funciones de prueba completas<\/strong><\/h4>\n<ul>\n<li>Medici\u00f3n de voltaje de CA y CC<\/li>\n<li>Medici\u00f3n de corriente alterna y continua<\/li>\n<li>Medici\u00f3n de resistencia<\/li>\n<li>Medici\u00f3n de capacitancia<\/li>\n<li>Medici\u00f3n de diodos<\/li>\n<li>Prueba de frecuencia y ciclo de trabajo y otras funciones para cumplir con las aplicaciones b\u00e1sicas de mantenimiento el\u00e9ctrico, medici\u00f3n el\u00e9ctrica y medici\u00f3n electr\u00f3nica<\/li>\n<\/ul>\n<h4><strong>Aplicaciones<\/strong><\/h4>\n<ul>\n<li>Mantenimiento el\u00e9ctrico b\u00e1sico<\/li>\n<li>Medici\u00f3n el\u00e9ctrica<\/li>\n<li>Medici\u00f3n electr\u00f3nica<\/li>\n<\/ul>\n<h4>Especificaciones de Fluke 107 ESP<\/h4>\n<table class=\"table table-striped\">\n<tbody>\n<tr>\n<td colspan=\"2\"><strong>Especificaciones el\u00e9ctricas<\/strong><\/td>\n<\/tr>\n<tr>\n<td>Voltios de CA (40 a 500 Hz)<\/td>\n<td>Rango: 6, 60, 600 V Resoluci\u00f3n: 0.001, 0.01, 0.1 V<\/p>\n<p>Precisi\u00f3n: 1.0% + 3<\/td>\n<\/tr>\n<tr>\n<td>Voltios DC<\/td>\n<td>Rango: 6, 60, 600 V Resoluci\u00f3n: 0.001, 0.01, 0.1 V<\/p>\n<p>Precisi\u00f3n: 0.5% + 3<\/td>\n<\/tr>\n<tr>\n<td>Milivoltios de CA<\/td>\n<td>Rango: 600 mV Resoluci\u00f3n: 0.1 mV<\/p>\n<p>Precisi\u00f3n: 3.0% + 3<\/td>\n<\/tr>\n<tr>\n<td>Prueba de diodo<\/td>\n<td>Rango: 2 V Resoluci\u00f3n: 0.001 V<\/p>\n<p>Precisi\u00f3n: 10%<\/td>\n<\/tr>\n<tr>\n<td>Resistencia (Ohmios)<\/td>\n<td>Rango: 400 \u03a9, 4, 40, 400 k\u03a9, 4, 40 M\u03a9 Resoluci\u00f3n: 0.1 \u03a9, 0.001, 0.01, 0.1 k\u03a9, 0.001, 0.01 M\u03a9<\/p>\n<p>Precisi\u00f3n: 0.5% + 3, 0.5% + 3, 0.5% + 3, 0.5% + 3, 0.5% + 3, 1.5% + 3, &lt;&gt;.&lt;&gt;% + &lt;&gt;<\/td>\n<\/tr>\n<tr>\n<td>Capacitancia<\/td>\n<td>Rango: 50, 500 nF, 5, 50, 500, 1000 \u03bcF Resoluci\u00f3n: 0.01, 0.1 nF, 0.001, 0.01, 0.1, 1\u03bcF<\/p>\n<p>Precisi\u00f3n: 2% + 5, 2% + 5, 5% + 5, 5% + 5, 5% + 5, 5% + 5<\/td>\n<\/tr>\n<tr>\n<td>Frecuencia (10 Hz a 100 kHz)<\/td>\n<td>Rango: 50, 500 Hz, 5, 50, 100 kHz Resoluci\u00f3n: 0.01, 0.1 Hz, 0.001, 0.01, 0.1 kHz<\/p>\n<p>Precisi\u00f3n: 0.1% + 3<\/td>\n<\/tr>\n<tr>\n<td>Ciclo de trabajo<\/td>\n<td>Rango: 0.1 a 99.9% Resoluci\u00f3n: 0.1% Precisi\u00f3n: 1%<\/p>\n<p>t\u00edpica<\/td>\n<\/tr>\n<tr>\n<td>Corriente alterna (40 a 200 Hz)<\/td>\n<td>Rango: 4, 10 A Resoluci\u00f3n: 0.001, 0.01 A<\/p>\n<p>Precisi\u00f3n: 1.5% + 3<\/td>\n<\/tr>\n<tr>\n<td>Corriente continua (40 a 200 Hz)<\/td>\n<td>Rango: 4, 10 A Resoluci\u00f3n: 0.001, 0.01 A<\/p>\n<p>Precisi\u00f3n: 1.5% + 3<\/td>\n<\/tr>\n<tr>\n<td>Luz de fondo<\/td>\n<td>Precisi\u00f3n: S\u00ed<\/td>\n<\/tr>\n<tr>\n<td>Voltios de CA<\/td>\n<td>Protecci\u00f3n contra sobrecarga: 600 V<br \/>\nImpedancia de entrada (nominal): &gt;10 M\u03a9, &lt;100 pF<br \/>\nRelaci\u00f3n de rechazo de modo com\u00fan: &gt;60 dB en CC, 50 o 60 Hz<\/td>\n<\/tr>\n<tr>\n<td>Milivoltios de CA<\/td>\n<td>Protecci\u00f3n contra sobrecarga: 600 mV<br \/>\nImpedancia de entrada (nominal): &gt;1 M, &lt;100 pF<br \/>\nRelaci\u00f3n de rechazo de modo com\u00fan: &gt;80 dB a 50 o 60 Hz<\/td>\n<\/tr>\n<tr>\n<td>Voltios DC<\/td>\n<td>Protecci\u00f3n contra sobrecarga: 600 V<br \/>\nImpedancia de entrada (nominal): &gt;10 M\u03a9, &lt;100 pF Relaci\u00f3n de rechazo de modo com\u00fan: &gt;100 dB<br \/>\nen CC, 50 o 60 Hz Relaci\u00f3n de rechazo de modo normal: &gt;45 dB a 50 o 60 Hz<\/td>\n<\/tr>\n<tr>\n<td colspan=\"2\"><strong>Especificaciones generales<\/strong><\/td>\n<\/tr>\n<tr>\n<td>Voltaje m\u00e1ximo entre cualquier terminal y tierra<\/td>\n<td>600 V<\/td>\n<\/tr>\n<tr>\n<td>Pantalla (LCD)<\/td>\n<td>6000 recuentos, actualizaciones 3\/seg<\/td>\n<\/tr>\n<tr>\n<td>Tipo de bater\u00eda<\/td>\n<td>2 pilas AAA, NEDA 24A, IEC LR03<\/td>\n<\/tr>\n<tr>\n<td>Duraci\u00f3n de la bater\u00eda<\/td>\n<td>200 horas m\u00ednimo<\/td>\n<\/tr>\n<tr>\n<td>Temperatura<\/td>\n<td>En funcionamiento: de 32 a 104 \u00b0C (de 0 a 40 \u00b0F) Almacenamiento: -22 a 140 \u00b0C (-30 a 60 \u00b0F)<\/td>\n<\/tr>\n<tr>\n<td>Humedad de funcionamiento: Sin condensaci\u00f3n cuando &lt;50 \u00b0F (&lt;10 \u00b0C)<\/td>\n<td>\u226490% a 50 a 86 \u00b0F (10 a 30 \u00b0C) \u226475 % a 50 a 104 \u00b0F (30 a 40 \u00b0C)<\/td>\n<\/tr>\n<tr>\n<td>Humedad de funcionamiento, rango de 40 M\u03a9<\/td>\n<td>\u226480% a 50 a 86 \u00b0F (10 a 30 \u00b0C) \u226470 % a 50 a 104 \u00b0F (30 a 40 \u00b0C)<\/td>\n<\/tr>\n<tr>\n<td>Altitud<\/td>\n<td>En funcionamiento: 6561,7&#8242; (2000 m) Almacenamiento: 39.370,1&#8242; (12.000 m)<\/td>\n<\/tr>\n<tr>\n<td>Coeficiente de temperatura<\/td>\n<td>0,1 X (precisi\u00f3n especificada)\/\u00b0C (&lt;18 o &gt;28 \u00b0C)<\/td>\n<\/tr>\n<tr>\n<td>Protecci\u00f3n de fusibles para entradas de corriente<\/td>\n<td>Fusible r\u00e1pido de 11 A, 1000 V<\/td>\n<\/tr>\n<tr>\n<td>Dimensiones<\/td>\n<td>5,6 x 2,7 x 1,1&#8243; (142 x 69 x 28 mm)<\/td>\n<\/tr>\n<tr>\n<td>Peso<\/td>\n<td>0,44 lb (200 g)<\/td>\n<\/tr>\n<tr>\n<td>Clasificaci\u00f3n IP<\/td>\n<td>IEC 60529: IP40<\/td>\n<\/tr>\n<tr>\n<td>Seguridad<\/td>\n<td>IEC 61010-1: 600 V CAT III, Grado de contaminaci\u00f3n 2<\/td>\n<\/tr>\n<tr>\n<td>Entorno electromagn\u00e9tico<\/td>\n<td>IEC 61326-1: port\u00e1til<\/td>\n<\/tr>\n<\/tbody>\n<\/table>\n","protected":false},"excerpt":{"rendered":"<p>Viene en un dise\u00f1o compacto, robusto, ergon\u00f3mico y es f\u00e1cil de usar. Este mult\u00edmetro digital del tama\u00f1o de la palma de la mano es ideal para la resoluci\u00f3n de problemas y es lo suficientemente peque\u00f1o como para caber en el bolsillo de una camisa o en una bolsa de trabajo.<\/p>\n","protected":false},"featured_media":2194,"comment_status":"open","ping_status":"closed","template":"","meta":{"_joinchat":[]},"product_brand":[],"product_cat":[15],"product_tag":[],"class_list":{"0":"post-2183","1":"product","2":"type-product","3":"status-publish","4":"has-post-thumbnail","6":"product_cat-sin-categorizar","8":"first","9":"instock","10":"shipping-taxable","11":"product-type-simple"},"yoast_head":"<!-- This site is optimized with the Yoast SEO plugin v26.4 - https:\/\/yoast.com\/wordpress\/plugins\/seo\/ -->\n<title>Mult\u00edmetro digital del tama\u00f1o de la palma de la mano fluke 107 esp, cat iii, 600 v - Abaa tienda online<\/title>\n<meta name=\"robots\" content=\"index, follow, max-snippet:-1, max-image-preview:large, max-video-preview:-1\" \/>\n<link rel=\"canonical\" href=\"https:\/\/abaa.mx\/tienda\/multimetro-digital-del-tamano-de-la-palma-de-la-mano-fluke-107-esp-cat-iii-600-v\/\" \/>\n<meta property=\"og:locale\" content=\"es_MX\" \/>\n<meta property=\"og:type\" content=\"article\" \/>\n<meta property=\"og:title\" content=\"Mult\u00edmetro digital del tama\u00f1o de la palma de la mano fluke 107 esp, cat iii, 600 v - Abaa tienda online\" \/>\n<meta property=\"og:description\" content=\"Viene en un dise\u00f1o compacto, robusto, ergon\u00f3mico y es f\u00e1cil de usar. Este mult\u00edmetro digital del tama\u00f1o de la palma de la mano es ideal para la resoluci\u00f3n de problemas y es lo suficientemente peque\u00f1o como para caber en el bolsillo de una camisa o en una bolsa de trabajo.\" \/>\n<meta property=\"og:url\" content=\"https:\/\/abaa.mx\/tienda\/multimetro-digital-del-tamano-de-la-palma-de-la-mano-fluke-107-esp-cat-iii-600-v\/\" \/>\n<meta property=\"og:site_name\" content=\"Abaa tienda online\" \/>\n<meta property=\"og:image\" content=\"https:\/\/abaa.mx\/tienda\/wp-content\/uploads\/2023\/09\/107-ESP.jpg\" \/>\n\t<meta property=\"og:image:width\" content=\"550\" \/>\n\t<meta property=\"og:image:height\" content=\"550\" \/>\n\t<meta property=\"og:image:type\" content=\"image\/jpeg\" \/>\n<meta name=\"twitter:card\" content=\"summary_large_image\" \/>\n<meta name=\"twitter:label1\" content=\"Tiempo de lectura\" \/>\n\t<meta name=\"twitter:data1\" content=\"4 minutos\" \/>\n<script type=\"application\/ld+json\" class=\"yoast-schema-graph\">{\"@context\":\"https:\/\/schema.org\",\"@graph\":[{\"@type\":\"WebPage\",\"@id\":\"https:\/\/abaa.mx\/tienda\/multimetro-digital-del-tamano-de-la-palma-de-la-mano-fluke-107-esp-cat-iii-600-v\/\",\"url\":\"https:\/\/abaa.mx\/tienda\/multimetro-digital-del-tamano-de-la-palma-de-la-mano-fluke-107-esp-cat-iii-600-v\/\",\"name\":\"Mult\u00edmetro digital del tama\u00f1o de la palma de la mano fluke 107 esp, cat iii, 600 v - Abaa tienda online\",\"isPartOf\":{\"@id\":\"https:\/\/abaa.mx\/tienda\/#website\"},\"primaryImageOfPage\":{\"@id\":\"https:\/\/abaa.mx\/tienda\/multimetro-digital-del-tamano-de-la-palma-de-la-mano-fluke-107-esp-cat-iii-600-v\/#primaryimage\"},\"image\":{\"@id\":\"https:\/\/abaa.mx\/tienda\/multimetro-digital-del-tamano-de-la-palma-de-la-mano-fluke-107-esp-cat-iii-600-v\/#primaryimage\"},\"thumbnailUrl\":\"https:\/\/abaa.mx\/tienda\/wp-content\/uploads\/2023\/09\/107-ESP.jpg\",\"datePublished\":\"2023-09-20T15:16:12+00:00\",\"breadcrumb\":{\"@id\":\"https:\/\/abaa.mx\/tienda\/multimetro-digital-del-tamano-de-la-palma-de-la-mano-fluke-107-esp-cat-iii-600-v\/#breadcrumb\"},\"inLanguage\":\"es\",\"potentialAction\":[{\"@type\":\"ReadAction\",\"target\":[\"https:\/\/abaa.mx\/tienda\/multimetro-digital-del-tamano-de-la-palma-de-la-mano-fluke-107-esp-cat-iii-600-v\/\"]}]},{\"@type\":\"ImageObject\",\"inLanguage\":\"es\",\"@id\":\"https:\/\/abaa.mx\/tienda\/multimetro-digital-del-tamano-de-la-palma-de-la-mano-fluke-107-esp-cat-iii-600-v\/#primaryimage\",\"url\":\"https:\/\/abaa.mx\/tienda\/wp-content\/uploads\/2023\/09\/107-ESP.jpg\",\"contentUrl\":\"https:\/\/abaa.mx\/tienda\/wp-content\/uploads\/2023\/09\/107-ESP.jpg\",\"width\":550,\"height\":550,\"caption\":\"multimetro-digital-del-tamano-de-la-palma-de-la-mano-fluke-107-esp-cat-iii-600-v\"},{\"@type\":\"BreadcrumbList\",\"@id\":\"https:\/\/abaa.mx\/tienda\/multimetro-digital-del-tamano-de-la-palma-de-la-mano-fluke-107-esp-cat-iii-600-v\/#breadcrumb\",\"itemListElement\":[{\"@type\":\"ListItem\",\"position\":1,\"name\":\"Inicio\",\"item\":\"https:\/\/abaa.mx\/tienda\/\"},{\"@type\":\"ListItem\",\"position\":2,\"name\":\"Tienda\",\"item\":\"https:\/\/abaa.mx\/tienda\/\"},{\"@type\":\"ListItem\",\"position\":3,\"name\":\"Mult\u00edmetro digital del tama\u00f1o de la palma de la mano fluke 107 esp, cat iii, 600 v\"}]},{\"@type\":\"WebSite\",\"@id\":\"https:\/\/abaa.mx\/tienda\/#website\",\"url\":\"https:\/\/abaa.mx\/tienda\/\",\"name\":\"Abaa tienda online\",\"description\":\"Instrumentos de medici\u00f3n\",\"publisher\":{\"@id\":\"https:\/\/abaa.mx\/tienda\/#organization\"},\"potentialAction\":[{\"@type\":\"SearchAction\",\"target\":{\"@type\":\"EntryPoint\",\"urlTemplate\":\"https:\/\/abaa.mx\/tienda\/?s={search_term_string}\"},\"query-input\":{\"@type\":\"PropertyValueSpecification\",\"valueRequired\":true,\"valueName\":\"search_term_string\"}}],\"inLanguage\":\"es\"},{\"@type\":\"Organization\",\"@id\":\"https:\/\/abaa.mx\/tienda\/#organization\",\"name\":\"Abaa tienda online\",\"url\":\"https:\/\/abaa.mx\/tienda\/\",\"logo\":{\"@type\":\"ImageObject\",\"inLanguage\":\"es\",\"@id\":\"https:\/\/abaa.mx\/tienda\/#\/schema\/logo\/image\/\",\"url\":\"https:\/\/abaa.mx\/tienda\/wp-content\/uploads\/2024\/01\/abaa-metrologia-tienda.png\",\"contentUrl\":\"https:\/\/abaa.mx\/tienda\/wp-content\/uploads\/2024\/01\/abaa-metrologia-tienda.png\",\"width\":300,\"height\":141,\"caption\":\"Abaa tienda online\"},\"image\":{\"@id\":\"https:\/\/abaa.mx\/tienda\/#\/schema\/logo\/image\/\"}}]}<\/script>\n<!-- \/ Yoast SEO plugin. -->","yoast_head_json":{"title":"Mult\u00edmetro digital del tama\u00f1o de la palma de la mano fluke 107 esp, cat iii, 600 v - Abaa tienda online","robots":{"index":"index","follow":"follow","max-snippet":"max-snippet:-1","max-image-preview":"max-image-preview:large","max-video-preview":"max-video-preview:-1"},"canonical":"https:\/\/abaa.mx\/tienda\/multimetro-digital-del-tamano-de-la-palma-de-la-mano-fluke-107-esp-cat-iii-600-v\/","og_locale":"es_MX","og_type":"article","og_title":"Mult\u00edmetro digital del tama\u00f1o de la palma de la mano fluke 107 esp, cat iii, 600 v - Abaa tienda online","og_description":"Viene en un dise\u00f1o compacto, robusto, ergon\u00f3mico y es f\u00e1cil de usar. Este mult\u00edmetro digital del tama\u00f1o de la palma de la mano es ideal para la resoluci\u00f3n de problemas y es lo suficientemente peque\u00f1o como para caber en el bolsillo de una camisa o en una bolsa de trabajo.","og_url":"https:\/\/abaa.mx\/tienda\/multimetro-digital-del-tamano-de-la-palma-de-la-mano-fluke-107-esp-cat-iii-600-v\/","og_site_name":"Abaa tienda online","og_image":[{"width":550,"height":550,"url":"https:\/\/abaa.mx\/tienda\/wp-content\/uploads\/2023\/09\/107-ESP.jpg","type":"image\/jpeg"}],"twitter_card":"summary_large_image","twitter_misc":{"Tiempo de lectura":"4 minutos"},"schema":{"@context":"https:\/\/schema.org","@graph":[{"@type":"WebPage","@id":"https:\/\/abaa.mx\/tienda\/multimetro-digital-del-tamano-de-la-palma-de-la-mano-fluke-107-esp-cat-iii-600-v\/","url":"https:\/\/abaa.mx\/tienda\/multimetro-digital-del-tamano-de-la-palma-de-la-mano-fluke-107-esp-cat-iii-600-v\/","name":"Mult\u00edmetro digital del tama\u00f1o de la palma de la mano fluke 107 esp, cat iii, 600 v - Abaa tienda online","isPartOf":{"@id":"https:\/\/abaa.mx\/tienda\/#website"},"primaryImageOfPage":{"@id":"https:\/\/abaa.mx\/tienda\/multimetro-digital-del-tamano-de-la-palma-de-la-mano-fluke-107-esp-cat-iii-600-v\/#primaryimage"},"image":{"@id":"https:\/\/abaa.mx\/tienda\/multimetro-digital-del-tamano-de-la-palma-de-la-mano-fluke-107-esp-cat-iii-600-v\/#primaryimage"},"thumbnailUrl":"https:\/\/abaa.mx\/tienda\/wp-content\/uploads\/2023\/09\/107-ESP.jpg","datePublished":"2023-09-20T15:16:12+00:00","breadcrumb":{"@id":"https:\/\/abaa.mx\/tienda\/multimetro-digital-del-tamano-de-la-palma-de-la-mano-fluke-107-esp-cat-iii-600-v\/#breadcrumb"},"inLanguage":"es","potentialAction":[{"@type":"ReadAction","target":["https:\/\/abaa.mx\/tienda\/multimetro-digital-del-tamano-de-la-palma-de-la-mano-fluke-107-esp-cat-iii-600-v\/"]}]},{"@type":"ImageObject","inLanguage":"es","@id":"https:\/\/abaa.mx\/tienda\/multimetro-digital-del-tamano-de-la-palma-de-la-mano-fluke-107-esp-cat-iii-600-v\/#primaryimage","url":"https:\/\/abaa.mx\/tienda\/wp-content\/uploads\/2023\/09\/107-ESP.jpg","contentUrl":"https:\/\/abaa.mx\/tienda\/wp-content\/uploads\/2023\/09\/107-ESP.jpg","width":550,"height":550,"caption":"multimetro-digital-del-tamano-de-la-palma-de-la-mano-fluke-107-esp-cat-iii-600-v"},{"@type":"BreadcrumbList","@id":"https:\/\/abaa.mx\/tienda\/multimetro-digital-del-tamano-de-la-palma-de-la-mano-fluke-107-esp-cat-iii-600-v\/#breadcrumb","itemListElement":[{"@type":"ListItem","position":1,"name":"Inicio","item":"https:\/\/abaa.mx\/tienda\/"},{"@type":"ListItem","position":2,"name":"Tienda","item":"https:\/\/abaa.mx\/tienda\/"},{"@type":"ListItem","position":3,"name":"Mult\u00edmetro digital del tama\u00f1o de la palma de la mano fluke 107 esp, cat iii, 600 v"}]},{"@type":"WebSite","@id":"https:\/\/abaa.mx\/tienda\/#website","url":"https:\/\/abaa.mx\/tienda\/","name":"Abaa tienda online","description":"Instrumentos de medici\u00f3n","publisher":{"@id":"https:\/\/abaa.mx\/tienda\/#organization"},"potentialAction":[{"@type":"SearchAction","target":{"@type":"EntryPoint","urlTemplate":"https:\/\/abaa.mx\/tienda\/?s={search_term_string}"},"query-input":{"@type":"PropertyValueSpecification","valueRequired":true,"valueName":"search_term_string"}}],"inLanguage":"es"},{"@type":"Organization","@id":"https:\/\/abaa.mx\/tienda\/#organization","name":"Abaa tienda online","url":"https:\/\/abaa.mx\/tienda\/","logo":{"@type":"ImageObject","inLanguage":"es","@id":"https:\/\/abaa.mx\/tienda\/#\/schema\/logo\/image\/","url":"https:\/\/abaa.mx\/tienda\/wp-content\/uploads\/2024\/01\/abaa-metrologia-tienda.png","contentUrl":"https:\/\/abaa.mx\/tienda\/wp-content\/uploads\/2024\/01\/abaa-metrologia-tienda.png","width":300,"height":141,"caption":"Abaa tienda online"},"image":{"@id":"https:\/\/abaa.mx\/tienda\/#\/schema\/logo\/image\/"}}]}},"_links":{"self":[{"href":"https:\/\/abaa.mx\/tienda\/wp-json\/wp\/v2\/product\/2183","targetHints":{"allow":["GET"]}}],"collection":[{"href":"https:\/\/abaa.mx\/tienda\/wp-json\/wp\/v2\/product"}],"about":[{"href":"https:\/\/abaa.mx\/tienda\/wp-json\/wp\/v2\/types\/product"}],"replies":[{"embeddable":true,"href":"https:\/\/abaa.mx\/tienda\/wp-json\/wp\/v2\/comments?post=2183"}],"wp:featuredmedia":[{"embeddable":true,"href":"https:\/\/abaa.mx\/tienda\/wp-json\/wp\/v2\/media\/2194"}],"wp:attachment":[{"href":"https:\/\/abaa.mx\/tienda\/wp-json\/wp\/v2\/media?parent=2183"}],"wp:term":[{"taxonomy":"product_brand","embeddable":true,"href":"https:\/\/abaa.mx\/tienda\/wp-json\/wp\/v2\/product_brand?post=2183"},{"taxonomy":"product_cat","embeddable":true,"href":"https:\/\/abaa.mx\/tienda\/wp-json\/wp\/v2\/product_cat?post=2183"},{"taxonomy":"product_tag","embeddable":true,"href":"https:\/\/abaa.mx\/tienda\/wp-json\/wp\/v2\/product_tag?post=2183"}],"curies":[{"name":"wp","href":"https:\/\/api.w.org\/{rel}","templated":true}]}}