{"id":2178,"date":"2023-09-20T15:21:14","date_gmt":"2023-09-20T15:21:14","guid":{"rendered":"https:\/\/abaa.mx\/tienda\/?post_type=product&#038;p=2178"},"modified":"2023-09-20T15:21:15","modified_gmt":"2023-09-20T15:21:15","slug":"pinza-amperimetrica-de-proceso-fluke-772-miliamperios-pantalla-retroiluminada-doble","status":"publish","type":"product","link":"https:\/\/abaa.mx\/tienda\/pinza-amperimetrica-de-proceso-fluke-772-miliamperios-pantalla-retroiluminada-doble\/","title":{"rendered":"pinza amperim\u00e9trica de proceso fluke 772 miliamperios, pantalla retroiluminada doble"},"content":{"rendered":"<p><strong>Funciones<\/strong><\/p>\n<ul>\n<li>Se\u00f1ales de fuente de 4 a 20 mA para probar E\/S o E\/P del sistema de control<\/li>\n<li>rampa lineal de salida mA o salida escalonada del 25%<\/li>\n<li>Cambie autom\u00e1ticamente la salida de 4 a 20 mA para pruebas remotas<\/li>\n<li>El mejor de su clase 0,2 % de precisi\u00f3n<\/li>\n<li>Resoluci\u00f3n y sensibilidad de 0,01 mA<\/li>\n<li>Mida se\u00f1ales de 4 a 20 mA sin &#8220;romper el bucle&#8221;<\/li>\n<li>Medir se\u00f1ales mA para PLC y E\/S anal\u00f3gicas del sistema de control<\/li>\n<li>Pantalla retroiluminada dual con medici\u00f3n de mA y porcentaje de 4 a 20 mA de envergadura<\/li>\n<li>El foco de medici\u00f3n ilumina cables dif\u00edciles de ver en recintos oscuros<\/li>\n<li>Pinza desmontable con cable de extensi\u00f3n para mediciones en lugares estrechos<\/li>\n<li>Mida se\u00f1ales de 10 a 50 mA en sistemas de control m\u00e1s antiguos utilizando el rango de 99,9 mA<\/li>\n<li>Las funciones de ahorro de energ\u00eda, apagado autom\u00e1tico y tiempo de espera de retroiluminaci\u00f3n prolongan la duraci\u00f3n de la bater\u00eda<\/li>\n<li>La funci\u00f3n de retenci\u00f3n captura y muestra las mediciones cambiantes mA medida, mand\u00edbula mA medida, en circuito Fuente mA de potencia de bucle<\/li>\n<\/ul>\n<p><strong>Aplicaciones<\/strong><\/p>\n<ul>\n<li>Petroqu\u00edmica<\/li>\n<li>Petr\u00f3leo y Gas<\/li>\n<li>Alimentos y bebidas<\/li>\n<li>Farmac\u00e9utico<\/li>\n<\/ul>\n<h4>Especificaciones de Fluke 772<\/h4>\n<table class=\"table table-striped\">\n<tbody>\n<tr>\n<td>Di\u00e1metro del conductor medible<\/td>\n<td>0.177&#8243; o 4.5mm m\u00e1x.<\/td>\n<\/tr>\n<tr>\n<td colspan=\"2\"><strong>Medici\u00f3n mA (medida por abrazadera)<\/strong><\/td>\n<\/tr>\n<tr>\n<td>Resoluci\u00f3n y alcance<\/td>\n<td>0 a 20.99mA<\/td>\n<\/tr>\n<tr>\n<td>Exactitud<\/td>\n<td>0.2% + 2 cuentas<\/td>\n<\/tr>\n<tr>\n<td>Resoluci\u00f3n y alcance<\/td>\n<td>21,0 a 100,0 mA<\/td>\n<\/tr>\n<tr>\n<td>Exactitud<\/td>\n<td>1% + 5 cuentas<\/td>\n<\/tr>\n<tr>\n<td colspan=\"2\"><strong>Medici\u00f3n mA (medida en serie con conectores de prueba)<\/strong><\/td>\n<\/tr>\n<tr>\n<td>Resoluci\u00f3n y alcance<\/td>\n<td>0 a 24.00mA<\/td>\n<\/tr>\n<tr>\n<td>Exactitud<\/td>\n<td>0.2% + 2 cuentas<\/td>\n<\/tr>\n<tr>\n<td colspan=\"2\"><strong>Fuente mA (unidad mA m\u00e1xima: 24 mA en 1.000 ohmios)<\/strong><\/td>\n<\/tr>\n<tr>\n<td>Resoluci\u00f3n y alcance<\/td>\n<td>0 a 24.00mA<\/td>\n<\/tr>\n<tr>\n<td>Exactitud<\/td>\n<td>0.2% + 2 cuentas<\/td>\n<\/tr>\n<tr>\n<td colspan=\"2\"><strong>mA Simulate (Tensi\u00f3n m\u00e1xima 50V DC)<\/strong><\/td>\n<\/tr>\n<tr>\n<td>Resoluci\u00f3n y alcance<\/td>\n<td>0 a 24.00mA<\/td>\n<\/tr>\n<tr>\n<td>Exactitud<\/td>\n<td>0.2% + 2 cuentas<\/td>\n<\/tr>\n<\/tbody>\n<\/table>\n","protected":false},"excerpt":{"rendered":"<p><strong>Funciones<\/strong><\/p>\n<ul>\n<li>Se\u00f1ales de fuente de 4 a 20 mA para probar E\/S o E\/P del sistema de control<\/li>\n<li>rampa lineal de salida mA o salida escalonada del 25%<\/li>\n<li>Cambie autom\u00e1ticamente la salida de 4 a 20 mA para pruebas remotas<\/li>\n<li>El mejor de su clase 0,2 % de precisi\u00f3n<\/li>\n<li>Resoluci\u00f3n y sensibilidad de 0,01 mA<\/li>\n<li>Mida se\u00f1ales de 4 a 20 mA sin &#8220;romper el bucle&#8221;<\/li>\n<li>Medir se\u00f1ales mA para PLC y E\/S anal\u00f3gicas del sistema de control<\/li>\n<li>Pantalla retroiluminada dual con medici\u00f3n de mA y porcentaje de 4 a 20 mA de envergadura<\/li>\n<li>El foco de medici\u00f3n ilumina cables dif\u00edciles de ver en recintos oscuros<\/li>\n<li>Pinza desmontable con cable de extensi\u00f3n para mediciones en lugares estrechos<\/li>\n<li>Mida se\u00f1ales de 10 a 50 mA en sistemas de control m\u00e1s antiguos utilizando el rango de 99,9 mA<\/li>\n<li>Las funciones de ahorro de energ\u00eda, apagado autom\u00e1tico y tiempo de espera de retroiluminaci\u00f3n prolongan la duraci\u00f3n de la bater\u00eda<\/li>\n<li>La funci\u00f3n de retenci\u00f3n captura y muestra las mediciones cambiantes mA medida, mand\u00edbula mA medida, en circuito Fuente mA de potencia de bucle<\/li>\n<\/ul>\n","protected":false},"featured_media":2202,"comment_status":"open","ping_status":"closed","template":"","meta":{"_joinchat":[]},"product_brand":[],"product_cat":[15],"product_tag":[],"class_list":{"0":"post-2178","1":"product","2":"type-product","3":"status-publish","4":"has-post-thumbnail","6":"product_cat-sin-categorizar","8":"first","9":"instock","10":"shipping-taxable","11":"product-type-simple"},"yoast_head":"<!-- This site is optimized with the Yoast SEO plugin v26.4 - https:\/\/yoast.com\/wordpress\/plugins\/seo\/ -->\n<title>pinza amperim\u00e9trica de proceso fluke 772 miliamperios, pantalla retroiluminada doble - Abaa tienda online<\/title>\n<meta name=\"robots\" content=\"index, follow, max-snippet:-1, max-image-preview:large, max-video-preview:-1\" \/>\n<link rel=\"canonical\" href=\"https:\/\/abaa.mx\/tienda\/pinza-amperimetrica-de-proceso-fluke-772-miliamperios-pantalla-retroiluminada-doble\/\" \/>\n<meta property=\"og:locale\" content=\"es_MX\" \/>\n<meta property=\"og:type\" content=\"article\" \/>\n<meta property=\"og:title\" content=\"pinza amperim\u00e9trica de proceso fluke 772 miliamperios, pantalla retroiluminada doble - Abaa tienda online\" \/>\n<meta property=\"og:description\" content=\"Funciones   Se\u00f1ales de fuente de 4 a 20 mA para probar E\/S o E\/P del sistema de control  rampa lineal de salida mA o salida escalonada del 25%  Cambie autom\u00e1ticamente la salida de 4 a 20 mA para pruebas remotas  El mejor de su clase 0,2 % de precisi\u00f3n  Resoluci\u00f3n y sensibilidad de 0,01 mA  Mida se\u00f1ales de 4 a 20 mA sin &quot;romper el bucle&quot;  Medir se\u00f1ales mA para PLC y E\/S anal\u00f3gicas del sistema de control  Pantalla retroiluminada dual con medici\u00f3n de mA y porcentaje de 4 a 20 mA de envergadura  El foco de medici\u00f3n ilumina cables dif\u00edciles de ver en recintos oscuros  Pinza desmontable con cable de extensi\u00f3n para mediciones en lugares estrechos  Mida se\u00f1ales de 10 a 50 mA en sistemas de control m\u00e1s antiguos utilizando el rango de 99,9 mA  Las funciones de ahorro de energ\u00eda, apagado autom\u00e1tico y tiempo de espera de retroiluminaci\u00f3n prolongan la duraci\u00f3n de la bater\u00eda  La funci\u00f3n de retenci\u00f3n captura y muestra las mediciones cambiantes mA medida, mand\u00edbula mA medida, en circuito Fuente mA de potencia de bucle\" \/>\n<meta property=\"og:url\" content=\"https:\/\/abaa.mx\/tienda\/pinza-amperimetrica-de-proceso-fluke-772-miliamperios-pantalla-retroiluminada-doble\/\" \/>\n<meta property=\"og:site_name\" content=\"Abaa tienda online\" \/>\n<meta property=\"article:modified_time\" content=\"2023-09-20T15:21:15+00:00\" \/>\n<meta property=\"og:image\" content=\"https:\/\/abaa.mx\/tienda\/wp-content\/uploads\/2023\/09\/772.jpg\" \/>\n\t<meta property=\"og:image:width\" content=\"270\" \/>\n\t<meta property=\"og:image:height\" content=\"450\" \/>\n\t<meta property=\"og:image:type\" content=\"image\/jpeg\" \/>\n<meta name=\"twitter:card\" content=\"summary_large_image\" \/>\n<meta name=\"twitter:label1\" content=\"Tiempo de lectura\" \/>\n\t<meta name=\"twitter:data1\" content=\"2 minutos\" \/>\n<script type=\"application\/ld+json\" class=\"yoast-schema-graph\">{\"@context\":\"https:\/\/schema.org\",\"@graph\":[{\"@type\":\"WebPage\",\"@id\":\"https:\/\/abaa.mx\/tienda\/pinza-amperimetrica-de-proceso-fluke-772-miliamperios-pantalla-retroiluminada-doble\/\",\"url\":\"https:\/\/abaa.mx\/tienda\/pinza-amperimetrica-de-proceso-fluke-772-miliamperios-pantalla-retroiluminada-doble\/\",\"name\":\"pinza amperim\u00e9trica de proceso fluke 772 miliamperios, pantalla retroiluminada doble - Abaa tienda online\",\"isPartOf\":{\"@id\":\"https:\/\/abaa.mx\/tienda\/#website\"},\"primaryImageOfPage\":{\"@id\":\"https:\/\/abaa.mx\/tienda\/pinza-amperimetrica-de-proceso-fluke-772-miliamperios-pantalla-retroiluminada-doble\/#primaryimage\"},\"image\":{\"@id\":\"https:\/\/abaa.mx\/tienda\/pinza-amperimetrica-de-proceso-fluke-772-miliamperios-pantalla-retroiluminada-doble\/#primaryimage\"},\"thumbnailUrl\":\"https:\/\/abaa.mx\/tienda\/wp-content\/uploads\/2023\/09\/772.jpg\",\"datePublished\":\"2023-09-20T15:21:14+00:00\",\"dateModified\":\"2023-09-20T15:21:15+00:00\",\"breadcrumb\":{\"@id\":\"https:\/\/abaa.mx\/tienda\/pinza-amperimetrica-de-proceso-fluke-772-miliamperios-pantalla-retroiluminada-doble\/#breadcrumb\"},\"inLanguage\":\"es\",\"potentialAction\":[{\"@type\":\"ReadAction\",\"target\":[\"https:\/\/abaa.mx\/tienda\/pinza-amperimetrica-de-proceso-fluke-772-miliamperios-pantalla-retroiluminada-doble\/\"]}]},{\"@type\":\"ImageObject\",\"inLanguage\":\"es\",\"@id\":\"https:\/\/abaa.mx\/tienda\/pinza-amperimetrica-de-proceso-fluke-772-miliamperios-pantalla-retroiluminada-doble\/#primaryimage\",\"url\":\"https:\/\/abaa.mx\/tienda\/wp-content\/uploads\/2023\/09\/772.jpg\",\"contentUrl\":\"https:\/\/abaa.mx\/tienda\/wp-content\/uploads\/2023\/09\/772.jpg\",\"width\":270,\"height\":450,\"caption\":\"772\"},{\"@type\":\"BreadcrumbList\",\"@id\":\"https:\/\/abaa.mx\/tienda\/pinza-amperimetrica-de-proceso-fluke-772-miliamperios-pantalla-retroiluminada-doble\/#breadcrumb\",\"itemListElement\":[{\"@type\":\"ListItem\",\"position\":1,\"name\":\"Inicio\",\"item\":\"https:\/\/abaa.mx\/tienda\/\"},{\"@type\":\"ListItem\",\"position\":2,\"name\":\"Tienda\",\"item\":\"https:\/\/abaa.mx\/tienda\/\"},{\"@type\":\"ListItem\",\"position\":3,\"name\":\"pinza amperim\u00e9trica de proceso fluke 772 miliamperios, pantalla retroiluminada doble\"}]},{\"@type\":\"WebSite\",\"@id\":\"https:\/\/abaa.mx\/tienda\/#website\",\"url\":\"https:\/\/abaa.mx\/tienda\/\",\"name\":\"Abaa tienda online\",\"description\":\"Instrumentos de medici\u00f3n\",\"publisher\":{\"@id\":\"https:\/\/abaa.mx\/tienda\/#organization\"},\"potentialAction\":[{\"@type\":\"SearchAction\",\"target\":{\"@type\":\"EntryPoint\",\"urlTemplate\":\"https:\/\/abaa.mx\/tienda\/?s={search_term_string}\"},\"query-input\":{\"@type\":\"PropertyValueSpecification\",\"valueRequired\":true,\"valueName\":\"search_term_string\"}}],\"inLanguage\":\"es\"},{\"@type\":\"Organization\",\"@id\":\"https:\/\/abaa.mx\/tienda\/#organization\",\"name\":\"Abaa tienda online\",\"url\":\"https:\/\/abaa.mx\/tienda\/\",\"logo\":{\"@type\":\"ImageObject\",\"inLanguage\":\"es\",\"@id\":\"https:\/\/abaa.mx\/tienda\/#\/schema\/logo\/image\/\",\"url\":\"https:\/\/abaa.mx\/tienda\/wp-content\/uploads\/2024\/01\/abaa-metrologia-tienda.png\",\"contentUrl\":\"https:\/\/abaa.mx\/tienda\/wp-content\/uploads\/2024\/01\/abaa-metrologia-tienda.png\",\"width\":300,\"height\":141,\"caption\":\"Abaa tienda online\"},\"image\":{\"@id\":\"https:\/\/abaa.mx\/tienda\/#\/schema\/logo\/image\/\"}}]}<\/script>\n<!-- \/ Yoast SEO plugin. -->","yoast_head_json":{"title":"pinza amperim\u00e9trica de proceso fluke 772 miliamperios, pantalla retroiluminada doble - Abaa tienda online","robots":{"index":"index","follow":"follow","max-snippet":"max-snippet:-1","max-image-preview":"max-image-preview:large","max-video-preview":"max-video-preview:-1"},"canonical":"https:\/\/abaa.mx\/tienda\/pinza-amperimetrica-de-proceso-fluke-772-miliamperios-pantalla-retroiluminada-doble\/","og_locale":"es_MX","og_type":"article","og_title":"pinza amperim\u00e9trica de proceso fluke 772 miliamperios, pantalla retroiluminada doble - Abaa tienda online","og_description":"Funciones   Se\u00f1ales de fuente de 4 a 20 mA para probar E\/S o E\/P del sistema de control  rampa lineal de salida mA o salida escalonada del 25%  Cambie autom\u00e1ticamente la salida de 4 a 20 mA para pruebas remotas  El mejor de su clase 0,2 % de precisi\u00f3n  Resoluci\u00f3n y sensibilidad de 0,01 mA  Mida se\u00f1ales de 4 a 20 mA sin \"romper el bucle\"  Medir se\u00f1ales mA para PLC y E\/S anal\u00f3gicas del sistema de control  Pantalla retroiluminada dual con medici\u00f3n de mA y porcentaje de 4 a 20 mA de envergadura  El foco de medici\u00f3n ilumina cables dif\u00edciles de ver en recintos oscuros  Pinza desmontable con cable de extensi\u00f3n para mediciones en lugares estrechos  Mida se\u00f1ales de 10 a 50 mA en sistemas de control m\u00e1s antiguos utilizando el rango de 99,9 mA  Las funciones de ahorro de energ\u00eda, apagado autom\u00e1tico y tiempo de espera de retroiluminaci\u00f3n prolongan la duraci\u00f3n de la bater\u00eda  La funci\u00f3n de retenci\u00f3n captura y muestra las mediciones cambiantes mA medida, mand\u00edbula mA medida, en circuito Fuente mA de potencia de bucle","og_url":"https:\/\/abaa.mx\/tienda\/pinza-amperimetrica-de-proceso-fluke-772-miliamperios-pantalla-retroiluminada-doble\/","og_site_name":"Abaa tienda online","article_modified_time":"2023-09-20T15:21:15+00:00","og_image":[{"width":270,"height":450,"url":"https:\/\/abaa.mx\/tienda\/wp-content\/uploads\/2023\/09\/772.jpg","type":"image\/jpeg"}],"twitter_card":"summary_large_image","twitter_misc":{"Tiempo de lectura":"2 minutos"},"schema":{"@context":"https:\/\/schema.org","@graph":[{"@type":"WebPage","@id":"https:\/\/abaa.mx\/tienda\/pinza-amperimetrica-de-proceso-fluke-772-miliamperios-pantalla-retroiluminada-doble\/","url":"https:\/\/abaa.mx\/tienda\/pinza-amperimetrica-de-proceso-fluke-772-miliamperios-pantalla-retroiluminada-doble\/","name":"pinza amperim\u00e9trica de proceso fluke 772 miliamperios, pantalla retroiluminada doble - Abaa tienda online","isPartOf":{"@id":"https:\/\/abaa.mx\/tienda\/#website"},"primaryImageOfPage":{"@id":"https:\/\/abaa.mx\/tienda\/pinza-amperimetrica-de-proceso-fluke-772-miliamperios-pantalla-retroiluminada-doble\/#primaryimage"},"image":{"@id":"https:\/\/abaa.mx\/tienda\/pinza-amperimetrica-de-proceso-fluke-772-miliamperios-pantalla-retroiluminada-doble\/#primaryimage"},"thumbnailUrl":"https:\/\/abaa.mx\/tienda\/wp-content\/uploads\/2023\/09\/772.jpg","datePublished":"2023-09-20T15:21:14+00:00","dateModified":"2023-09-20T15:21:15+00:00","breadcrumb":{"@id":"https:\/\/abaa.mx\/tienda\/pinza-amperimetrica-de-proceso-fluke-772-miliamperios-pantalla-retroiluminada-doble\/#breadcrumb"},"inLanguage":"es","potentialAction":[{"@type":"ReadAction","target":["https:\/\/abaa.mx\/tienda\/pinza-amperimetrica-de-proceso-fluke-772-miliamperios-pantalla-retroiluminada-doble\/"]}]},{"@type":"ImageObject","inLanguage":"es","@id":"https:\/\/abaa.mx\/tienda\/pinza-amperimetrica-de-proceso-fluke-772-miliamperios-pantalla-retroiluminada-doble\/#primaryimage","url":"https:\/\/abaa.mx\/tienda\/wp-content\/uploads\/2023\/09\/772.jpg","contentUrl":"https:\/\/abaa.mx\/tienda\/wp-content\/uploads\/2023\/09\/772.jpg","width":270,"height":450,"caption":"772"},{"@type":"BreadcrumbList","@id":"https:\/\/abaa.mx\/tienda\/pinza-amperimetrica-de-proceso-fluke-772-miliamperios-pantalla-retroiluminada-doble\/#breadcrumb","itemListElement":[{"@type":"ListItem","position":1,"name":"Inicio","item":"https:\/\/abaa.mx\/tienda\/"},{"@type":"ListItem","position":2,"name":"Tienda","item":"https:\/\/abaa.mx\/tienda\/"},{"@type":"ListItem","position":3,"name":"pinza amperim\u00e9trica de proceso fluke 772 miliamperios, pantalla retroiluminada doble"}]},{"@type":"WebSite","@id":"https:\/\/abaa.mx\/tienda\/#website","url":"https:\/\/abaa.mx\/tienda\/","name":"Abaa tienda online","description":"Instrumentos de medici\u00f3n","publisher":{"@id":"https:\/\/abaa.mx\/tienda\/#organization"},"potentialAction":[{"@type":"SearchAction","target":{"@type":"EntryPoint","urlTemplate":"https:\/\/abaa.mx\/tienda\/?s={search_term_string}"},"query-input":{"@type":"PropertyValueSpecification","valueRequired":true,"valueName":"search_term_string"}}],"inLanguage":"es"},{"@type":"Organization","@id":"https:\/\/abaa.mx\/tienda\/#organization","name":"Abaa tienda online","url":"https:\/\/abaa.mx\/tienda\/","logo":{"@type":"ImageObject","inLanguage":"es","@id":"https:\/\/abaa.mx\/tienda\/#\/schema\/logo\/image\/","url":"https:\/\/abaa.mx\/tienda\/wp-content\/uploads\/2024\/01\/abaa-metrologia-tienda.png","contentUrl":"https:\/\/abaa.mx\/tienda\/wp-content\/uploads\/2024\/01\/abaa-metrologia-tienda.png","width":300,"height":141,"caption":"Abaa tienda online"},"image":{"@id":"https:\/\/abaa.mx\/tienda\/#\/schema\/logo\/image\/"}}]}},"_links":{"self":[{"href":"https:\/\/abaa.mx\/tienda\/wp-json\/wp\/v2\/product\/2178","targetHints":{"allow":["GET"]}}],"collection":[{"href":"https:\/\/abaa.mx\/tienda\/wp-json\/wp\/v2\/product"}],"about":[{"href":"https:\/\/abaa.mx\/tienda\/wp-json\/wp\/v2\/types\/product"}],"replies":[{"embeddable":true,"href":"https:\/\/abaa.mx\/tienda\/wp-json\/wp\/v2\/comments?post=2178"}],"wp:featuredmedia":[{"embeddable":true,"href":"https:\/\/abaa.mx\/tienda\/wp-json\/wp\/v2\/media\/2202"}],"wp:attachment":[{"href":"https:\/\/abaa.mx\/tienda\/wp-json\/wp\/v2\/media?parent=2178"}],"wp:term":[{"taxonomy":"product_brand","embeddable":true,"href":"https:\/\/abaa.mx\/tienda\/wp-json\/wp\/v2\/product_brand?post=2178"},{"taxonomy":"product_cat","embeddable":true,"href":"https:\/\/abaa.mx\/tienda\/wp-json\/wp\/v2\/product_cat?post=2178"},{"taxonomy":"product_tag","embeddable":true,"href":"https:\/\/abaa.mx\/tienda\/wp-json\/wp\/v2\/product_tag?post=2178"}],"curies":[{"name":"wp","href":"https:\/\/api.w.org\/{rel}","templated":true}]}}