{"id":2172,"date":"2023-09-20T15:07:27","date_gmt":"2023-09-20T15:07:27","guid":{"rendered":"https:\/\/abaa.mx\/tienda\/?post_type=product&#038;p=2172"},"modified":"2023-09-20T15:07:28","modified_gmt":"2023-09-20T15:07:28","slug":"multimetro-de-registro-de-datos-industriales-fluke-289-nist-true-rms-incluye-certificado-trazable","status":"publish","type":"product","link":"https:\/\/abaa.mx\/tienda\/multimetro-de-registro-de-datos-industriales-fluke-289-nist-true-rms-incluye-certificado-trazable\/","title":{"rendered":"Mult\u00edmetro de registro de datos industriales fluke 289-nist true rms, incluye certificado trazable"},"content":{"rendered":"<h4>Ofertas de Fluke 289-NIST<\/h4>\n<p><strong>Este mult\u00edmetro de registro True RMS le ayuda a encontrar peque\u00f1os problemas antes de que se conviertan en grandes<\/strong><\/p>\n<p>Para su uso en la resoluci\u00f3n de problemas complejos en electr\u00f3nica, automatizaci\u00f3n de plantas, distribuci\u00f3n de energ\u00eda y equipos electromec\u00e1nicos, este mult\u00edmetro tambi\u00e9n cuenta con TrendCapture. Esto le da al usuario la capacidad de registrar datos y revisar gr\u00e1ficamente 10,000 eventos registrados y lecturas registradas. Adem\u00e1s, la tendencia de zoom proporciona un zoom de 14 veces para ver y analizar datos sin necesidad de una PC.<\/p>\n<p>Dado que este instrumento es compatible con Fluke Connect, los usuarios pueden configurarlo con el conector inal\u00e1mbrico ir3000 FC (se vende por separado) para comunicarse con sus dispositivos inteligentes iOS y Android a trav\u00e9s de la aplicaci\u00f3n m\u00f3vil Fluke Connect y supervisar las lecturas desde una ubicaci\u00f3n remota. Adem\u00e1s, los usuarios pueden compartir lecturas con su equipo en un instante en cualquier momento, desde cualquier lugar con la videollamada ShareLive. Puede ayudarlo a resolver problemas m\u00e1s r\u00e1pido y minimizar el tiempo de inactividad.<\/p>\n<p>Este producto incluye un certificado trazable con datos completos e incertidumbres.<\/p>\n<p><strong>Funciones<\/strong><\/p>\n<ul>\n<li>Comparta los resultados con su equipo mediante la videollamada ShareLive (requiere el conector inal\u00e1mbrico ir3000 FC [se vende por separado] y la aplicaci\u00f3n m\u00f3vil Fluke Connect)<\/li>\n<li>TrendCapture muestra gr\u00e1ficamente la sesi\u00f3n de datos registrados para determinar r\u00e1pidamente si se han producido anomal\u00edas<\/li>\n<li>Zoom en tendencia proporciona una capacidad sin precedentes para ver y analizar los datos de TrendCapture; Acercar hasta 14 veces<\/li>\n<li>El filtro de CA seleccionable (modo de suavizado) ayuda a mostrar una lectura m\u00e1s estable cuando la se\u00f1al de entrada cambia r\u00e1pidamente o es ruidosa<\/li>\n<li>Filtro de paso bajo para mediciones precisas de voltaje y frecuencia al mismo tiempo en accionamientos de motor de velocidad ajustable y otros equipos el\u00e9ctricamente ruidosos<\/li>\n<li>Voltios LoZ, funci\u00f3n de voltaje de baja impedancia para eliminar voltajes fantasma<\/li>\n<li>Umbrales de grabaci\u00f3n y retenci\u00f3n autom\u00e1tica ajustables, especifique un cambio porcentual en las lecturas que inicia un nuevo evento<\/li>\n<li>Gran pantalla matricial VGA de 50,000 unidades, &lt;&gt;\/&lt;&gt; con retroiluminaci\u00f3n blanca<\/li>\n<li>Funci\u00f3n de registro con memoria expandida para el monitoreo desatendido de se\u00f1ales a lo largo del tiempo<\/li>\n<li>Utilizando TrendCapture integrado, los usuarios pueden revisar gr\u00e1ficamente las lecturas registradas sin necesidad de un PC<\/li>\n<li>Almacene hasta 15.000 eventos grabados<\/li>\n<li>Guarde varias sesiones de registro antes de que sea necesaria la descarga de PC<\/li>\n<li>Dos terminales de rango de 50 \u03a9 con resoluci\u00f3n de 1 M\u03a9, corriente de fuente de 10 mA<\/li>\n<li>Pantallas de ayuda integradas para funciones de medici\u00f3n<\/li>\n<li>Reloj en tiempo real para el sellado autom\u00e1tico de las lecturas guardadas<\/li>\n<li>Modo relativo para eliminar la resistencia del cable de prueba de las mediciones de bajos ohmios o capacitancia<\/li>\n<li>Voltaje y corriente de CA RMS reales para mediciones precisas en se\u00f1ales no lineales<\/li>\n<li>Mide hasta 10 A (20 A durante 30 segundos)<\/li>\n<li>Rango de capacitancia de 100 mF<\/li>\n<li>Captura de picos para registrar transitorios tan r\u00e1pidos como 250 \u03bcs<\/li>\n<li>Funciona con formularios opcionales de FlukeView para permitirle documentar, almacenar y analizar lecturas individuales o una serie de mediciones, y luego convertirlas en documentos de aspecto profesional<\/li>\n<\/ul>\n<p><strong>Aplicaciones<\/strong><\/p>\n<ul>\n<li>Electr\u00f3nica<\/li>\n<li>Automatizaci\u00f3n de plantas<\/li>\n<li>Distribuci\u00f3n de energ\u00eda<\/li>\n<li>Equipos electromec\u00e1nicos<\/li>\n<\/ul>\n<h4>Especificaciones de Fluke 289-NIST<\/h4>\n<table class=\"table table-striped\">\n<tbody>\n<tr>\n<td colspan=\"2\"><strong>Voltios DC<\/strong><\/td>\n<\/tr>\n<tr>\n<td>Rango\/Resoluci\u00f3n<\/td>\n<td>50.000 a 500.00 mV<br \/>\n5.0000 a 50.000 V 500.00 a 1000.0 V<\/td>\n<\/tr>\n<tr>\n<td>Precisi\u00f3n b\u00e1sica<\/td>\n<td>0.025%<\/td>\n<\/tr>\n<tr>\n<td colspan=\"2\"><strong>Voltios de CA<\/strong><\/td>\n<\/tr>\n<tr>\n<td>Rango\/Resoluci\u00f3n<\/td>\n<td>50.000 a 500.00 mV<br \/>\n5.0000 a 50.000 V 500.00 a 1000.0 V<\/td>\n<\/tr>\n<tr>\n<td>Precisi\u00f3n b\u00e1sica<\/td>\n<td>0,4% (RMS verdadero)<\/td>\n<\/tr>\n<tr>\n<td colspan=\"2\"><strong>Corriente continua<\/strong><\/td>\n<\/tr>\n<tr>\n<td>Rango\/Resoluci\u00f3n<\/td>\n<td>500,00 a 5000,0 \u03bcA 50.000 a 400,00 mA 5,0000 a 10.000 A<\/td>\n<\/tr>\n<tr>\n<td>Precisi\u00f3n b\u00e1sica<\/td>\n<td>0.05%<\/td>\n<\/tr>\n<tr>\n<td colspan=\"2\"><strong>Corriente alterna<\/strong><\/td>\n<\/tr>\n<tr>\n<td>Rango\/Resoluci\u00f3n<\/td>\n<td>500,00 a 5000,0 \u03bcA 50.000 a 400,00 mA 5,0000 a 10.000 A<\/td>\n<\/tr>\n<tr>\n<td>Precisi\u00f3n b\u00e1sica<\/td>\n<td>0,6% (RMS verdadero)<\/td>\n<\/tr>\n<tr>\n<td colspan=\"2\"><strong>Temperatura (excluyendo sonda)<\/strong><\/td>\n<\/tr>\n<tr>\n<td>Rango\/Resoluci\u00f3n<\/td>\n<td>328 a 2462\u00b0F (-200 a 1350\u00b0C)<\/td>\n<\/tr>\n<tr>\n<td>Precisi\u00f3n b\u00e1sica<\/td>\n<td>1.0%<\/td>\n<\/tr>\n<tr>\n<td colspan=\"2\"><strong>Resistencia<\/strong><\/td>\n<\/tr>\n<tr>\n<td>Rango\/Resoluci\u00f3n<\/td>\n<td>50.000 a 500.00 \u03a9 5.0000 a 50.000 k\u03a9 500.00 k\u03a9 a<br \/>\n5.0000 M\u03a9 50.00 a<\/p>\n<p>500.0 M\u03a9<\/td>\n<\/tr>\n<tr>\n<td>Precisi\u00f3n b\u00e1sica<\/td>\n<td>0.05%<\/td>\n<\/tr>\n<tr>\n<td colspan=\"2\"><strong>Capacitancia<\/strong><\/td>\n<\/tr>\n<tr>\n<td>Rango\/Resoluci\u00f3n<\/td>\n<td>1.000 a 10.00 nF 100.0 nF a 1.000 \u03bcF 10.00 a 100.0 \u03bcF 1000 \u03bcF a 100 mF<\/td>\n<\/tr>\n<tr>\n<td>Precisi\u00f3n b\u00e1sica<\/td>\n<td>1.0%<\/td>\n<\/tr>\n<tr>\n<td colspan=\"2\"><strong>Frecuencia<\/strong><\/td>\n<\/tr>\n<tr>\n<td>Rango\/Resoluci\u00f3n<\/td>\n<td>99,999 a 999,99 Hz<br \/>\n9,9999 a 999,99 kHz<\/td>\n<\/tr>\n<tr>\n<td>Precisi\u00f3n b\u00e1sica<\/td>\n<td>0.005%<\/td>\n<\/tr>\n<tr>\n<td colspan=\"2\"><strong>Especificaciones generales<\/strong><\/td>\n<\/tr>\n<tr>\n<td>Voltaje m\u00e1ximo entre cualquier terminal y tierra<\/td>\n<td>1000 V<\/td>\n<\/tr>\n<tr>\n<td>Tipo de bater\u00eda<\/td>\n<td>6 pilas alcalinas AA, NEDA 15A IECLR6<\/td>\n<\/tr>\n<tr>\n<td>Duraci\u00f3n de la bater\u00eda<\/td>\n<td>100 horas como m\u00ednimo, 200 horas en modo de registro<\/td>\n<\/tr>\n<tr>\n<td>Temperatura de funcionamiento<\/td>\n<td>-4 a 131\u00b0F (-20 a 55\u00b0C)<\/td>\n<\/tr>\n<tr>\n<td>Temperatura de almacenamiento<\/td>\n<td>-40 a 140\u00b0F (-40 a 60\u00b0C)<\/td>\n<\/tr>\n<tr>\n<td>Humedad relativa<\/td>\n<td>0 a 90% (32 a 98.6\u00b0F [0 a 37\u00b0C]) 0 a 65% (98.6 a 113\u00b0F [37 a 45\u00b0C]) 0 a 45% (113 a 131\u00b0F [45 a 55\u00b0C])<\/td>\n<\/tr>\n<tr>\n<td>Compatibilidad electromagn\u00e9tica<\/td>\n<td>EMC EN61326\u20131<\/td>\n<\/tr>\n<tr>\n<td>Vibraci\u00f3n<\/td>\n<td>Vibraci\u00f3n aleatoria seg\u00fan MIL-PRF-28800F Clase 2<\/td>\n<\/tr>\n<tr>\n<td>Shock<\/td>\n<td>3,3 (1 m) de ca\u00edda seg\u00fan IEC\/EN 61010\u20131 3.\u00aa edici\u00f3n<\/td>\n<\/tr>\n<tr>\n<td>Dimensiones<\/td>\n<td>8,75 x 4,03 x 2,38&#8243; (222 x 102 x 60 mm)<\/td>\n<\/tr>\n<tr>\n<td>Peso<\/td>\n<td>1,92 libras (870,9 g)<\/td>\n<\/tr>\n<\/tbody>\n<\/table>\n","protected":false},"excerpt":{"rendered":"<p>Ideal para resolver problemas en electr\u00f3nica, automatizaci\u00f3n de plantas, distribuci\u00f3n de energ\u00eda y equipos electromec\u00e1nicos, este mult\u00edmetro tambi\u00e9n es compatible con la aplicaci\u00f3n Fluke Connect.<\/p>\n","protected":false},"featured_media":2179,"comment_status":"open","ping_status":"closed","template":"","meta":{"_joinchat":[]},"product_brand":[],"product_cat":[15],"product_tag":[],"class_list":{"0":"post-2172","1":"product","2":"type-product","3":"status-publish","4":"has-post-thumbnail","6":"product_cat-sin-categorizar","8":"first","9":"instock","10":"shipping-taxable","11":"product-type-simple"},"yoast_head":"<!-- This site is optimized with the Yoast SEO plugin v26.4 - https:\/\/yoast.com\/wordpress\/plugins\/seo\/ -->\n<title>Mult\u00edmetro de registro de datos industriales fluke 289-nist true rms, incluye certificado trazable - Abaa tienda online<\/title>\n<meta name=\"robots\" content=\"index, follow, max-snippet:-1, max-image-preview:large, max-video-preview:-1\" \/>\n<link rel=\"canonical\" href=\"https:\/\/abaa.mx\/tienda\/multimetro-de-registro-de-datos-industriales-fluke-289-nist-true-rms-incluye-certificado-trazable\/\" \/>\n<meta property=\"og:locale\" content=\"es_MX\" \/>\n<meta property=\"og:type\" content=\"article\" \/>\n<meta property=\"og:title\" content=\"Mult\u00edmetro de registro de datos industriales fluke 289-nist true rms, incluye certificado trazable - Abaa tienda online\" \/>\n<meta property=\"og:description\" content=\"Ideal para resolver problemas en electr\u00f3nica, automatizaci\u00f3n de plantas, distribuci\u00f3n de energ\u00eda y equipos electromec\u00e1nicos, este mult\u00edmetro tambi\u00e9n es compatible con la aplicaci\u00f3n Fluke Connect.\" \/>\n<meta property=\"og:url\" content=\"https:\/\/abaa.mx\/tienda\/multimetro-de-registro-de-datos-industriales-fluke-289-nist-true-rms-incluye-certificado-trazable\/\" \/>\n<meta property=\"og:site_name\" content=\"Abaa tienda online\" \/>\n<meta property=\"article:modified_time\" content=\"2023-09-20T15:07:28+00:00\" \/>\n<meta property=\"og:image\" content=\"https:\/\/abaa.mx\/tienda\/wp-content\/uploads\/2023\/09\/289-NIST.jpg\" \/>\n\t<meta property=\"og:image:width\" content=\"474\" \/>\n\t<meta property=\"og:image:height\" content=\"474\" \/>\n\t<meta property=\"og:image:type\" content=\"image\/jpeg\" \/>\n<meta name=\"twitter:card\" content=\"summary_large_image\" \/>\n<meta name=\"twitter:label1\" content=\"Tiempo de lectura\" \/>\n\t<meta name=\"twitter:data1\" content=\"4 minutos\" \/>\n<script type=\"application\/ld+json\" class=\"yoast-schema-graph\">{\"@context\":\"https:\/\/schema.org\",\"@graph\":[{\"@type\":\"WebPage\",\"@id\":\"https:\/\/abaa.mx\/tienda\/multimetro-de-registro-de-datos-industriales-fluke-289-nist-true-rms-incluye-certificado-trazable\/\",\"url\":\"https:\/\/abaa.mx\/tienda\/multimetro-de-registro-de-datos-industriales-fluke-289-nist-true-rms-incluye-certificado-trazable\/\",\"name\":\"Mult\u00edmetro de registro de datos industriales fluke 289-nist true rms, incluye certificado trazable - Abaa tienda online\",\"isPartOf\":{\"@id\":\"https:\/\/abaa.mx\/tienda\/#website\"},\"primaryImageOfPage\":{\"@id\":\"https:\/\/abaa.mx\/tienda\/multimetro-de-registro-de-datos-industriales-fluke-289-nist-true-rms-incluye-certificado-trazable\/#primaryimage\"},\"image\":{\"@id\":\"https:\/\/abaa.mx\/tienda\/multimetro-de-registro-de-datos-industriales-fluke-289-nist-true-rms-incluye-certificado-trazable\/#primaryimage\"},\"thumbnailUrl\":\"https:\/\/abaa.mx\/tienda\/wp-content\/uploads\/2023\/09\/289-NIST.jpg\",\"datePublished\":\"2023-09-20T15:07:27+00:00\",\"dateModified\":\"2023-09-20T15:07:28+00:00\",\"breadcrumb\":{\"@id\":\"https:\/\/abaa.mx\/tienda\/multimetro-de-registro-de-datos-industriales-fluke-289-nist-true-rms-incluye-certificado-trazable\/#breadcrumb\"},\"inLanguage\":\"es\",\"potentialAction\":[{\"@type\":\"ReadAction\",\"target\":[\"https:\/\/abaa.mx\/tienda\/multimetro-de-registro-de-datos-industriales-fluke-289-nist-true-rms-incluye-certificado-trazable\/\"]}]},{\"@type\":\"ImageObject\",\"inLanguage\":\"es\",\"@id\":\"https:\/\/abaa.mx\/tienda\/multimetro-de-registro-de-datos-industriales-fluke-289-nist-true-rms-incluye-certificado-trazable\/#primaryimage\",\"url\":\"https:\/\/abaa.mx\/tienda\/wp-content\/uploads\/2023\/09\/289-NIST.jpg\",\"contentUrl\":\"https:\/\/abaa.mx\/tienda\/wp-content\/uploads\/2023\/09\/289-NIST.jpg\",\"width\":474,\"height\":474,\"caption\":\"multimetro-de-registro-de-datos-industriales-fluke-289-nist-true-rms-incluye-certificado-trazable\"},{\"@type\":\"BreadcrumbList\",\"@id\":\"https:\/\/abaa.mx\/tienda\/multimetro-de-registro-de-datos-industriales-fluke-289-nist-true-rms-incluye-certificado-trazable\/#breadcrumb\",\"itemListElement\":[{\"@type\":\"ListItem\",\"position\":1,\"name\":\"Inicio\",\"item\":\"https:\/\/abaa.mx\/tienda\/\"},{\"@type\":\"ListItem\",\"position\":2,\"name\":\"Tienda\",\"item\":\"https:\/\/abaa.mx\/tienda\/\"},{\"@type\":\"ListItem\",\"position\":3,\"name\":\"Mult\u00edmetro de registro de datos industriales fluke 289-nist true rms, incluye certificado trazable\"}]},{\"@type\":\"WebSite\",\"@id\":\"https:\/\/abaa.mx\/tienda\/#website\",\"url\":\"https:\/\/abaa.mx\/tienda\/\",\"name\":\"Abaa tienda online\",\"description\":\"Instrumentos de medici\u00f3n\",\"publisher\":{\"@id\":\"https:\/\/abaa.mx\/tienda\/#organization\"},\"potentialAction\":[{\"@type\":\"SearchAction\",\"target\":{\"@type\":\"EntryPoint\",\"urlTemplate\":\"https:\/\/abaa.mx\/tienda\/?s={search_term_string}\"},\"query-input\":{\"@type\":\"PropertyValueSpecification\",\"valueRequired\":true,\"valueName\":\"search_term_string\"}}],\"inLanguage\":\"es\"},{\"@type\":\"Organization\",\"@id\":\"https:\/\/abaa.mx\/tienda\/#organization\",\"name\":\"Abaa tienda online\",\"url\":\"https:\/\/abaa.mx\/tienda\/\",\"logo\":{\"@type\":\"ImageObject\",\"inLanguage\":\"es\",\"@id\":\"https:\/\/abaa.mx\/tienda\/#\/schema\/logo\/image\/\",\"url\":\"https:\/\/abaa.mx\/tienda\/wp-content\/uploads\/2024\/01\/abaa-metrologia-tienda.png\",\"contentUrl\":\"https:\/\/abaa.mx\/tienda\/wp-content\/uploads\/2024\/01\/abaa-metrologia-tienda.png\",\"width\":300,\"height\":141,\"caption\":\"Abaa tienda online\"},\"image\":{\"@id\":\"https:\/\/abaa.mx\/tienda\/#\/schema\/logo\/image\/\"}}]}<\/script>\n<!-- \/ Yoast SEO plugin. -->","yoast_head_json":{"title":"Mult\u00edmetro de registro de datos industriales fluke 289-nist true rms, incluye certificado trazable - Abaa tienda online","robots":{"index":"index","follow":"follow","max-snippet":"max-snippet:-1","max-image-preview":"max-image-preview:large","max-video-preview":"max-video-preview:-1"},"canonical":"https:\/\/abaa.mx\/tienda\/multimetro-de-registro-de-datos-industriales-fluke-289-nist-true-rms-incluye-certificado-trazable\/","og_locale":"es_MX","og_type":"article","og_title":"Mult\u00edmetro de registro de datos industriales fluke 289-nist true rms, incluye certificado trazable - Abaa tienda online","og_description":"Ideal para resolver problemas en electr\u00f3nica, automatizaci\u00f3n de plantas, distribuci\u00f3n de energ\u00eda y equipos electromec\u00e1nicos, este mult\u00edmetro tambi\u00e9n es compatible con la aplicaci\u00f3n Fluke Connect.","og_url":"https:\/\/abaa.mx\/tienda\/multimetro-de-registro-de-datos-industriales-fluke-289-nist-true-rms-incluye-certificado-trazable\/","og_site_name":"Abaa tienda online","article_modified_time":"2023-09-20T15:07:28+00:00","og_image":[{"width":474,"height":474,"url":"https:\/\/abaa.mx\/tienda\/wp-content\/uploads\/2023\/09\/289-NIST.jpg","type":"image\/jpeg"}],"twitter_card":"summary_large_image","twitter_misc":{"Tiempo de lectura":"4 minutos"},"schema":{"@context":"https:\/\/schema.org","@graph":[{"@type":"WebPage","@id":"https:\/\/abaa.mx\/tienda\/multimetro-de-registro-de-datos-industriales-fluke-289-nist-true-rms-incluye-certificado-trazable\/","url":"https:\/\/abaa.mx\/tienda\/multimetro-de-registro-de-datos-industriales-fluke-289-nist-true-rms-incluye-certificado-trazable\/","name":"Mult\u00edmetro de registro de datos industriales fluke 289-nist true rms, incluye certificado trazable - Abaa tienda online","isPartOf":{"@id":"https:\/\/abaa.mx\/tienda\/#website"},"primaryImageOfPage":{"@id":"https:\/\/abaa.mx\/tienda\/multimetro-de-registro-de-datos-industriales-fluke-289-nist-true-rms-incluye-certificado-trazable\/#primaryimage"},"image":{"@id":"https:\/\/abaa.mx\/tienda\/multimetro-de-registro-de-datos-industriales-fluke-289-nist-true-rms-incluye-certificado-trazable\/#primaryimage"},"thumbnailUrl":"https:\/\/abaa.mx\/tienda\/wp-content\/uploads\/2023\/09\/289-NIST.jpg","datePublished":"2023-09-20T15:07:27+00:00","dateModified":"2023-09-20T15:07:28+00:00","breadcrumb":{"@id":"https:\/\/abaa.mx\/tienda\/multimetro-de-registro-de-datos-industriales-fluke-289-nist-true-rms-incluye-certificado-trazable\/#breadcrumb"},"inLanguage":"es","potentialAction":[{"@type":"ReadAction","target":["https:\/\/abaa.mx\/tienda\/multimetro-de-registro-de-datos-industriales-fluke-289-nist-true-rms-incluye-certificado-trazable\/"]}]},{"@type":"ImageObject","inLanguage":"es","@id":"https:\/\/abaa.mx\/tienda\/multimetro-de-registro-de-datos-industriales-fluke-289-nist-true-rms-incluye-certificado-trazable\/#primaryimage","url":"https:\/\/abaa.mx\/tienda\/wp-content\/uploads\/2023\/09\/289-NIST.jpg","contentUrl":"https:\/\/abaa.mx\/tienda\/wp-content\/uploads\/2023\/09\/289-NIST.jpg","width":474,"height":474,"caption":"multimetro-de-registro-de-datos-industriales-fluke-289-nist-true-rms-incluye-certificado-trazable"},{"@type":"BreadcrumbList","@id":"https:\/\/abaa.mx\/tienda\/multimetro-de-registro-de-datos-industriales-fluke-289-nist-true-rms-incluye-certificado-trazable\/#breadcrumb","itemListElement":[{"@type":"ListItem","position":1,"name":"Inicio","item":"https:\/\/abaa.mx\/tienda\/"},{"@type":"ListItem","position":2,"name":"Tienda","item":"https:\/\/abaa.mx\/tienda\/"},{"@type":"ListItem","position":3,"name":"Mult\u00edmetro de registro de datos industriales fluke 289-nist true rms, incluye certificado trazable"}]},{"@type":"WebSite","@id":"https:\/\/abaa.mx\/tienda\/#website","url":"https:\/\/abaa.mx\/tienda\/","name":"Abaa tienda online","description":"Instrumentos de medici\u00f3n","publisher":{"@id":"https:\/\/abaa.mx\/tienda\/#organization"},"potentialAction":[{"@type":"SearchAction","target":{"@type":"EntryPoint","urlTemplate":"https:\/\/abaa.mx\/tienda\/?s={search_term_string}"},"query-input":{"@type":"PropertyValueSpecification","valueRequired":true,"valueName":"search_term_string"}}],"inLanguage":"es"},{"@type":"Organization","@id":"https:\/\/abaa.mx\/tienda\/#organization","name":"Abaa tienda online","url":"https:\/\/abaa.mx\/tienda\/","logo":{"@type":"ImageObject","inLanguage":"es","@id":"https:\/\/abaa.mx\/tienda\/#\/schema\/logo\/image\/","url":"https:\/\/abaa.mx\/tienda\/wp-content\/uploads\/2024\/01\/abaa-metrologia-tienda.png","contentUrl":"https:\/\/abaa.mx\/tienda\/wp-content\/uploads\/2024\/01\/abaa-metrologia-tienda.png","width":300,"height":141,"caption":"Abaa tienda online"},"image":{"@id":"https:\/\/abaa.mx\/tienda\/#\/schema\/logo\/image\/"}}]}},"_links":{"self":[{"href":"https:\/\/abaa.mx\/tienda\/wp-json\/wp\/v2\/product\/2172","targetHints":{"allow":["GET"]}}],"collection":[{"href":"https:\/\/abaa.mx\/tienda\/wp-json\/wp\/v2\/product"}],"about":[{"href":"https:\/\/abaa.mx\/tienda\/wp-json\/wp\/v2\/types\/product"}],"replies":[{"embeddable":true,"href":"https:\/\/abaa.mx\/tienda\/wp-json\/wp\/v2\/comments?post=2172"}],"wp:featuredmedia":[{"embeddable":true,"href":"https:\/\/abaa.mx\/tienda\/wp-json\/wp\/v2\/media\/2179"}],"wp:attachment":[{"href":"https:\/\/abaa.mx\/tienda\/wp-json\/wp\/v2\/media?parent=2172"}],"wp:term":[{"taxonomy":"product_brand","embeddable":true,"href":"https:\/\/abaa.mx\/tienda\/wp-json\/wp\/v2\/product_brand?post=2172"},{"taxonomy":"product_cat","embeddable":true,"href":"https:\/\/abaa.mx\/tienda\/wp-json\/wp\/v2\/product_cat?post=2172"},{"taxonomy":"product_tag","embeddable":true,"href":"https:\/\/abaa.mx\/tienda\/wp-json\/wp\/v2\/product_tag?post=2172"}],"curies":[{"name":"wp","href":"https:\/\/api.w.org\/{rel}","templated":true}]}}