{"id":2170,"date":"2023-09-20T15:10:22","date_gmt":"2023-09-20T15:10:22","guid":{"rendered":"https:\/\/abaa.mx\/tienda\/?post_type=product&#038;p=2170"},"modified":"2023-09-20T15:10:22","modified_gmt":"2023-09-20T15:10:22","slug":"kit-solar-fluke-393-irr-pvlead-con-pinza-amperimetrica-solar-true-rms-medidor-de-irradiancia-y-cables-de-prueba-mc4-1500-v","status":"publish","type":"product","link":"https:\/\/abaa.mx\/tienda\/kit-solar-fluke-393-irr-pvlead-con-pinza-amperimetrica-solar-true-rms-medidor-de-irradiancia-y-cables-de-prueba-mc4-1500-v\/","title":{"rendered":"kit solar fluke 393-irr-pvlead con pinza amperim\u00e9trica solar true rms, medidor de irradiancia y cables de prueba mc4, 1500 v"},"content":{"rendered":"<p>Valide el voltaje y la corriente de un panel individual o una serie de paneles en una matriz fotovoltaica conectando de forma segura los cables de prueba MC4 al medidor de pinza. Obtenga acceso a cables en cajas combinadas abarrotadas con la delgada mand\u00edbula de esta abrazadera. Adem\u00e1s, los cables de prueba en este kit tienen capacidades en l\u00ednea que permiten que el sistema permanezca en l\u00ednea y genere energ\u00eda durante las pruebas sin necesidad de perforar la l\u00ednea.<\/p>\n<p><strong>Funciones<\/strong><\/p>\n<ul>\n<li>Mida de forma segura con pinzas amperim\u00e9tricas CAT III de 1500 V<\/li>\n<li>Trabaje de manera eficiente con medici\u00f3n de potencia de CC, polaridad de audio y continuidad visual<\/li>\n<li>Los cables de prueba fotovoltaicos conectan los dispositivos de medici\u00f3n a las plantas de energ\u00eda solar fotovoltaica<\/li>\n<\/ul>\n<p><strong>Aplicaciones<\/strong><\/p>\n<ul>\n<li>Medici\u00f3n de voltaje segura y precisa de hasta 1500 V DC en aplicaciones solares, e\u00f3licas y de bater\u00edas<\/li>\n<li>Pruebas en paneles solares<\/li>\n<li>Medici\u00f3n de la irradiancia solar, la temperatura ambiente y del m\u00f3dulo fotovoltaico, la orientaci\u00f3n de la matriz y los \u00e1ngulos de inclinaci\u00f3n<\/li>\n<li>Cables de prueba fotovoltaicos para su uso en pruebas regulares, mediciones y soluci\u00f3n de problemas.<\/li>\n<\/ul>\n","protected":false},"excerpt":{"rendered":"<p>Valide el voltaje y la corriente de un panel individual o una serie de paneles en una matriz fotovoltaica conectando de forma segura los cables de prueba MC4 al medidor de pinza. Obtenga acceso a cables en cajas combinadas abarrotadas con la delgada mand\u00edbula de esta abrazadera. Adem\u00e1s, los cables de prueba en este kit tienen capacidades en l\u00ednea que permiten que el sistema permanezca en l\u00ednea y genere energ\u00eda durante las pruebas sin necesidad de perforar la l\u00ednea.<\/p>\n","protected":false},"featured_media":2186,"comment_status":"open","ping_status":"closed","template":"","meta":{"_joinchat":[]},"product_brand":[],"product_cat":[15],"product_tag":[],"class_list":{"0":"post-2170","1":"product","2":"type-product","3":"status-publish","4":"has-post-thumbnail","6":"product_cat-sin-categorizar","8":"first","9":"instock","10":"shipping-taxable","11":"product-type-simple"},"yoast_head":"<!-- This site is optimized with the Yoast SEO plugin v26.4 - https:\/\/yoast.com\/wordpress\/plugins\/seo\/ -->\n<title>kit solar fluke 393-irr-pvlead con pinza amperim\u00e9trica solar true rms, medidor de irradiancia y cables de prueba mc4, 1500 v - Abaa tienda online<\/title>\n<meta name=\"robots\" content=\"index, follow, max-snippet:-1, max-image-preview:large, max-video-preview:-1\" \/>\n<link rel=\"canonical\" href=\"https:\/\/abaa.mx\/tienda\/kit-solar-fluke-393-irr-pvlead-con-pinza-amperimetrica-solar-true-rms-medidor-de-irradiancia-y-cables-de-prueba-mc4-1500-v\/\" \/>\n<meta property=\"og:locale\" content=\"es_MX\" \/>\n<meta property=\"og:type\" content=\"article\" \/>\n<meta property=\"og:title\" content=\"kit solar fluke 393-irr-pvlead con pinza amperim\u00e9trica solar true rms, medidor de irradiancia y cables de prueba mc4, 1500 v - Abaa tienda online\" \/>\n<meta property=\"og:description\" content=\"Valide el voltaje y la corriente de un panel individual o una serie de paneles en una matriz fotovoltaica conectando de forma segura los cables de prueba MC4 al medidor de pinza. Obtenga acceso a cables en cajas combinadas abarrotadas con la delgada mand\u00edbula de esta abrazadera. Adem\u00e1s, los cables de prueba en este kit tienen capacidades en l\u00ednea que permiten que el sistema permanezca en l\u00ednea y genere energ\u00eda durante las pruebas sin necesidad de perforar la l\u00ednea.\" \/>\n<meta property=\"og:url\" content=\"https:\/\/abaa.mx\/tienda\/kit-solar-fluke-393-irr-pvlead-con-pinza-amperimetrica-solar-true-rms-medidor-de-irradiancia-y-cables-de-prueba-mc4-1500-v\/\" \/>\n<meta property=\"og:site_name\" content=\"Abaa tienda online\" \/>\n<meta property=\"og:image\" content=\"https:\/\/abaa.mx\/tienda\/wp-content\/uploads\/2023\/09\/393-irr-pvlead.webp\" \/>\n\t<meta property=\"og:image:width\" content=\"615\" \/>\n\t<meta property=\"og:image:height\" content=\"410\" \/>\n\t<meta property=\"og:image:type\" content=\"image\/webp\" \/>\n<meta name=\"twitter:card\" content=\"summary_large_image\" \/>\n<meta name=\"twitter:label1\" content=\"Tiempo de lectura\" \/>\n\t<meta name=\"twitter:data1\" content=\"1 minuto\" \/>\n<script type=\"application\/ld+json\" class=\"yoast-schema-graph\">{\"@context\":\"https:\/\/schema.org\",\"@graph\":[{\"@type\":\"WebPage\",\"@id\":\"https:\/\/abaa.mx\/tienda\/kit-solar-fluke-393-irr-pvlead-con-pinza-amperimetrica-solar-true-rms-medidor-de-irradiancia-y-cables-de-prueba-mc4-1500-v\/\",\"url\":\"https:\/\/abaa.mx\/tienda\/kit-solar-fluke-393-irr-pvlead-con-pinza-amperimetrica-solar-true-rms-medidor-de-irradiancia-y-cables-de-prueba-mc4-1500-v\/\",\"name\":\"kit solar fluke 393-irr-pvlead con pinza amperim\u00e9trica solar true rms, medidor de irradiancia y cables de prueba mc4, 1500 v - Abaa tienda online\",\"isPartOf\":{\"@id\":\"https:\/\/abaa.mx\/tienda\/#website\"},\"primaryImageOfPage\":{\"@id\":\"https:\/\/abaa.mx\/tienda\/kit-solar-fluke-393-irr-pvlead-con-pinza-amperimetrica-solar-true-rms-medidor-de-irradiancia-y-cables-de-prueba-mc4-1500-v\/#primaryimage\"},\"image\":{\"@id\":\"https:\/\/abaa.mx\/tienda\/kit-solar-fluke-393-irr-pvlead-con-pinza-amperimetrica-solar-true-rms-medidor-de-irradiancia-y-cables-de-prueba-mc4-1500-v\/#primaryimage\"},\"thumbnailUrl\":\"https:\/\/abaa.mx\/tienda\/wp-content\/uploads\/2023\/09\/393-irr-pvlead.webp\",\"datePublished\":\"2023-09-20T15:10:22+00:00\",\"breadcrumb\":{\"@id\":\"https:\/\/abaa.mx\/tienda\/kit-solar-fluke-393-irr-pvlead-con-pinza-amperimetrica-solar-true-rms-medidor-de-irradiancia-y-cables-de-prueba-mc4-1500-v\/#breadcrumb\"},\"inLanguage\":\"es\",\"potentialAction\":[{\"@type\":\"ReadAction\",\"target\":[\"https:\/\/abaa.mx\/tienda\/kit-solar-fluke-393-irr-pvlead-con-pinza-amperimetrica-solar-true-rms-medidor-de-irradiancia-y-cables-de-prueba-mc4-1500-v\/\"]}]},{\"@type\":\"ImageObject\",\"inLanguage\":\"es\",\"@id\":\"https:\/\/abaa.mx\/tienda\/kit-solar-fluke-393-irr-pvlead-con-pinza-amperimetrica-solar-true-rms-medidor-de-irradiancia-y-cables-de-prueba-mc4-1500-v\/#primaryimage\",\"url\":\"https:\/\/abaa.mx\/tienda\/wp-content\/uploads\/2023\/09\/393-irr-pvlead.webp\",\"contentUrl\":\"https:\/\/abaa.mx\/tienda\/wp-content\/uploads\/2023\/09\/393-irr-pvlead.webp\",\"width\":615,\"height\":410,\"caption\":\"393-irr-pvlead\"},{\"@type\":\"BreadcrumbList\",\"@id\":\"https:\/\/abaa.mx\/tienda\/kit-solar-fluke-393-irr-pvlead-con-pinza-amperimetrica-solar-true-rms-medidor-de-irradiancia-y-cables-de-prueba-mc4-1500-v\/#breadcrumb\",\"itemListElement\":[{\"@type\":\"ListItem\",\"position\":1,\"name\":\"Inicio\",\"item\":\"https:\/\/abaa.mx\/tienda\/\"},{\"@type\":\"ListItem\",\"position\":2,\"name\":\"Tienda\",\"item\":\"https:\/\/abaa.mx\/tienda\/\"},{\"@type\":\"ListItem\",\"position\":3,\"name\":\"kit solar fluke 393-irr-pvlead con pinza amperim\u00e9trica solar true rms, medidor de irradiancia y cables de prueba mc4, 1500 v\"}]},{\"@type\":\"WebSite\",\"@id\":\"https:\/\/abaa.mx\/tienda\/#website\",\"url\":\"https:\/\/abaa.mx\/tienda\/\",\"name\":\"Abaa tienda online\",\"description\":\"Instrumentos de medici\u00f3n\",\"publisher\":{\"@id\":\"https:\/\/abaa.mx\/tienda\/#organization\"},\"potentialAction\":[{\"@type\":\"SearchAction\",\"target\":{\"@type\":\"EntryPoint\",\"urlTemplate\":\"https:\/\/abaa.mx\/tienda\/?s={search_term_string}\"},\"query-input\":{\"@type\":\"PropertyValueSpecification\",\"valueRequired\":true,\"valueName\":\"search_term_string\"}}],\"inLanguage\":\"es\"},{\"@type\":\"Organization\",\"@id\":\"https:\/\/abaa.mx\/tienda\/#organization\",\"name\":\"Abaa tienda online\",\"url\":\"https:\/\/abaa.mx\/tienda\/\",\"logo\":{\"@type\":\"ImageObject\",\"inLanguage\":\"es\",\"@id\":\"https:\/\/abaa.mx\/tienda\/#\/schema\/logo\/image\/\",\"url\":\"https:\/\/abaa.mx\/tienda\/wp-content\/uploads\/2024\/01\/abaa-metrologia-tienda.png\",\"contentUrl\":\"https:\/\/abaa.mx\/tienda\/wp-content\/uploads\/2024\/01\/abaa-metrologia-tienda.png\",\"width\":300,\"height\":141,\"caption\":\"Abaa tienda online\"},\"image\":{\"@id\":\"https:\/\/abaa.mx\/tienda\/#\/schema\/logo\/image\/\"}}]}<\/script>\n<!-- \/ Yoast SEO plugin. -->","yoast_head_json":{"title":"kit solar fluke 393-irr-pvlead con pinza amperim\u00e9trica solar true rms, medidor de irradiancia y cables de prueba mc4, 1500 v - Abaa tienda online","robots":{"index":"index","follow":"follow","max-snippet":"max-snippet:-1","max-image-preview":"max-image-preview:large","max-video-preview":"max-video-preview:-1"},"canonical":"https:\/\/abaa.mx\/tienda\/kit-solar-fluke-393-irr-pvlead-con-pinza-amperimetrica-solar-true-rms-medidor-de-irradiancia-y-cables-de-prueba-mc4-1500-v\/","og_locale":"es_MX","og_type":"article","og_title":"kit solar fluke 393-irr-pvlead con pinza amperim\u00e9trica solar true rms, medidor de irradiancia y cables de prueba mc4, 1500 v - Abaa tienda online","og_description":"Valide el voltaje y la corriente de un panel individual o una serie de paneles en una matriz fotovoltaica conectando de forma segura los cables de prueba MC4 al medidor de pinza. Obtenga acceso a cables en cajas combinadas abarrotadas con la delgada mand\u00edbula de esta abrazadera. Adem\u00e1s, los cables de prueba en este kit tienen capacidades en l\u00ednea que permiten que el sistema permanezca en l\u00ednea y genere energ\u00eda durante las pruebas sin necesidad de perforar la l\u00ednea.","og_url":"https:\/\/abaa.mx\/tienda\/kit-solar-fluke-393-irr-pvlead-con-pinza-amperimetrica-solar-true-rms-medidor-de-irradiancia-y-cables-de-prueba-mc4-1500-v\/","og_site_name":"Abaa tienda online","og_image":[{"width":615,"height":410,"url":"https:\/\/abaa.mx\/tienda\/wp-content\/uploads\/2023\/09\/393-irr-pvlead.webp","type":"image\/webp"}],"twitter_card":"summary_large_image","twitter_misc":{"Tiempo de lectura":"1 minuto"},"schema":{"@context":"https:\/\/schema.org","@graph":[{"@type":"WebPage","@id":"https:\/\/abaa.mx\/tienda\/kit-solar-fluke-393-irr-pvlead-con-pinza-amperimetrica-solar-true-rms-medidor-de-irradiancia-y-cables-de-prueba-mc4-1500-v\/","url":"https:\/\/abaa.mx\/tienda\/kit-solar-fluke-393-irr-pvlead-con-pinza-amperimetrica-solar-true-rms-medidor-de-irradiancia-y-cables-de-prueba-mc4-1500-v\/","name":"kit solar fluke 393-irr-pvlead con pinza amperim\u00e9trica solar true rms, medidor de irradiancia y cables de prueba mc4, 1500 v - Abaa tienda online","isPartOf":{"@id":"https:\/\/abaa.mx\/tienda\/#website"},"primaryImageOfPage":{"@id":"https:\/\/abaa.mx\/tienda\/kit-solar-fluke-393-irr-pvlead-con-pinza-amperimetrica-solar-true-rms-medidor-de-irradiancia-y-cables-de-prueba-mc4-1500-v\/#primaryimage"},"image":{"@id":"https:\/\/abaa.mx\/tienda\/kit-solar-fluke-393-irr-pvlead-con-pinza-amperimetrica-solar-true-rms-medidor-de-irradiancia-y-cables-de-prueba-mc4-1500-v\/#primaryimage"},"thumbnailUrl":"https:\/\/abaa.mx\/tienda\/wp-content\/uploads\/2023\/09\/393-irr-pvlead.webp","datePublished":"2023-09-20T15:10:22+00:00","breadcrumb":{"@id":"https:\/\/abaa.mx\/tienda\/kit-solar-fluke-393-irr-pvlead-con-pinza-amperimetrica-solar-true-rms-medidor-de-irradiancia-y-cables-de-prueba-mc4-1500-v\/#breadcrumb"},"inLanguage":"es","potentialAction":[{"@type":"ReadAction","target":["https:\/\/abaa.mx\/tienda\/kit-solar-fluke-393-irr-pvlead-con-pinza-amperimetrica-solar-true-rms-medidor-de-irradiancia-y-cables-de-prueba-mc4-1500-v\/"]}]},{"@type":"ImageObject","inLanguage":"es","@id":"https:\/\/abaa.mx\/tienda\/kit-solar-fluke-393-irr-pvlead-con-pinza-amperimetrica-solar-true-rms-medidor-de-irradiancia-y-cables-de-prueba-mc4-1500-v\/#primaryimage","url":"https:\/\/abaa.mx\/tienda\/wp-content\/uploads\/2023\/09\/393-irr-pvlead.webp","contentUrl":"https:\/\/abaa.mx\/tienda\/wp-content\/uploads\/2023\/09\/393-irr-pvlead.webp","width":615,"height":410,"caption":"393-irr-pvlead"},{"@type":"BreadcrumbList","@id":"https:\/\/abaa.mx\/tienda\/kit-solar-fluke-393-irr-pvlead-con-pinza-amperimetrica-solar-true-rms-medidor-de-irradiancia-y-cables-de-prueba-mc4-1500-v\/#breadcrumb","itemListElement":[{"@type":"ListItem","position":1,"name":"Inicio","item":"https:\/\/abaa.mx\/tienda\/"},{"@type":"ListItem","position":2,"name":"Tienda","item":"https:\/\/abaa.mx\/tienda\/"},{"@type":"ListItem","position":3,"name":"kit solar fluke 393-irr-pvlead con pinza amperim\u00e9trica solar true rms, medidor de irradiancia y cables de prueba mc4, 1500 v"}]},{"@type":"WebSite","@id":"https:\/\/abaa.mx\/tienda\/#website","url":"https:\/\/abaa.mx\/tienda\/","name":"Abaa tienda online","description":"Instrumentos de medici\u00f3n","publisher":{"@id":"https:\/\/abaa.mx\/tienda\/#organization"},"potentialAction":[{"@type":"SearchAction","target":{"@type":"EntryPoint","urlTemplate":"https:\/\/abaa.mx\/tienda\/?s={search_term_string}"},"query-input":{"@type":"PropertyValueSpecification","valueRequired":true,"valueName":"search_term_string"}}],"inLanguage":"es"},{"@type":"Organization","@id":"https:\/\/abaa.mx\/tienda\/#organization","name":"Abaa tienda online","url":"https:\/\/abaa.mx\/tienda\/","logo":{"@type":"ImageObject","inLanguage":"es","@id":"https:\/\/abaa.mx\/tienda\/#\/schema\/logo\/image\/","url":"https:\/\/abaa.mx\/tienda\/wp-content\/uploads\/2024\/01\/abaa-metrologia-tienda.png","contentUrl":"https:\/\/abaa.mx\/tienda\/wp-content\/uploads\/2024\/01\/abaa-metrologia-tienda.png","width":300,"height":141,"caption":"Abaa tienda online"},"image":{"@id":"https:\/\/abaa.mx\/tienda\/#\/schema\/logo\/image\/"}}]}},"_links":{"self":[{"href":"https:\/\/abaa.mx\/tienda\/wp-json\/wp\/v2\/product\/2170","targetHints":{"allow":["GET"]}}],"collection":[{"href":"https:\/\/abaa.mx\/tienda\/wp-json\/wp\/v2\/product"}],"about":[{"href":"https:\/\/abaa.mx\/tienda\/wp-json\/wp\/v2\/types\/product"}],"replies":[{"embeddable":true,"href":"https:\/\/abaa.mx\/tienda\/wp-json\/wp\/v2\/comments?post=2170"}],"wp:featuredmedia":[{"embeddable":true,"href":"https:\/\/abaa.mx\/tienda\/wp-json\/wp\/v2\/media\/2186"}],"wp:attachment":[{"href":"https:\/\/abaa.mx\/tienda\/wp-json\/wp\/v2\/media?parent=2170"}],"wp:term":[{"taxonomy":"product_brand","embeddable":true,"href":"https:\/\/abaa.mx\/tienda\/wp-json\/wp\/v2\/product_brand?post=2170"},{"taxonomy":"product_cat","embeddable":true,"href":"https:\/\/abaa.mx\/tienda\/wp-json\/wp\/v2\/product_cat?post=2170"},{"taxonomy":"product_tag","embeddable":true,"href":"https:\/\/abaa.mx\/tienda\/wp-json\/wp\/v2\/product_tag?post=2170"}],"curies":[{"name":"wp","href":"https:\/\/api.w.org\/{rel}","templated":true}]}}