{"id":2169,"date":"2023-09-20T15:06:45","date_gmt":"2023-09-20T15:06:45","guid":{"rendered":"https:\/\/abaa.mx\/tienda\/?post_type=product&#038;p=2169"},"modified":"2023-11-28T19:10:04","modified_gmt":"2023-11-28T19:10:04","slug":"pinza-amperimetrica-fluke-377fc-sin-contacto-true-rms-ac-dc","status":"publish","type":"product","link":"https:\/\/abaa.mx\/tienda\/pinza-amperimetrica-fluke-377fc-sin-contacto-true-rms-ac-dc\/","title":{"rendered":"pinza amperim\u00e9trica fluke 377fc sin contacto true rms ac-dc"},"content":{"rendered":"<p>&nbsp;<\/p>\n<p>Utiliza la tecnolog\u00eda Field-Sense para hacer que las pruebas sean m\u00e1s r\u00e1pidas y seguras, todo sin tocar un conductor activo, y proporciona mediciones precisas de voltaje y corriente a trav\u00e9s de la mand\u00edbula de la abrazadera. Sujete f\u00e1cilmente el cable de prueba negro a cualquier toma de tierra el\u00e9ctrica, coloque la mand\u00edbula de la abrazadera alrededor del conductor y vea valores de voltaje y corriente confiables y precisos en la pantalla.<\/p>\n<p>&nbsp;<\/p>\n<p><strong>Funciones<\/strong><\/p>\n<ul>\n<li>Mida el voltaje y la corriente con la mand\u00edbula de la abrazadera.<\/li>\n<li>Pruebas m\u00e1s r\u00e1pidas y seguras sin tocar un cable activo utilizando la tecnolog\u00eda FieldSense.<\/li>\n<li>Complete las pruebas trif\u00e1sicas de voltaje y corriente en tres pasos r\u00e1pidos.<\/li>\n<\/ul>\n<p>&nbsp;<\/p>\n<p><strong>Mediciones de voltaje y corriente con tecnolog\u00eda FieldSense:<\/strong><\/p>\n<ul>\n<li>Realice pruebas de voltaje y corriente de 3 fases en tres sencillos pasos.<\/li>\n<li>Conjunto completo de valores de fase a tierra y de fase a fase calculados.<\/li>\n<li>Se muestra en su tel\u00e9fono inteligente y se guarda en la nube a trav\u00e9s del software Fluke Connect.<\/li>\n<li>Rotaci\u00f3n de fase calculada y mostrada en el software Fluke Connect.<\/li>\n<\/ul>\n<p>&nbsp;<\/p>\n<p><strong>Mida una corriente extremadamente alta con la sonda iFlex:<\/strong><\/p>\n<p>Utilice la sonda de corriente flexible iFlex incluida para medir una corriente alterna de hasta 2500 A. La sonda iFlex proporciona acceso a conductores grandes en espacios reducidos.<\/p>\n<p>&nbsp;<\/p>\n<p><strong>F\u00e1cil de ver, f\u00e1cil de usar con las herramientas incluidas<\/strong><\/p>\n<ul>\n<li>La pantalla se vuelve verde cuando se detecta una medici\u00f3n estable de FieldSense.<\/li>\n<li>Visual Continuity proporciona una pantalla verde brillante para una f\u00e1cil detecci\u00f3n de continuidad en \u00e1reas de trabajo ruidosas.<\/li>\n<li>El kit de suspensi\u00f3n magn\u00e9tica, con correa colgante de 9&#8243; (23 cm), le permite colgar su abrazadera donde lo necesite: en la puerta de un gabinete de acero; alrededor de una tuber\u00eda; en un clavo o cabeza de tornillo.<\/li>\n<\/ul>\n<p>&nbsp;<\/p>\n<p><strong>Grabar, analizar y compartir resultados con el software Fluke Connect<\/strong><\/p>\n<p>Con el software Fluke Connect puede registrar, controlar las tendencias y supervisar las mediciones de forma remota para identificar fallos intermitentes. Fluke Connect tambi\u00e9n permite para recopilar datos como base para un programa de mantenimiento preventivo.<\/p>\n<p>&nbsp;<\/p>\n<p><strong>Aplicaciones<\/strong><\/p>\n<ul>\n<li>El\u00e9ctrico.<\/li>\n<li>HVAC\/R.<\/li>\n<li>Servicio de campo.<\/li>\n<li>Mantenimiento.<\/li>\n<\/ul>\n<p>&nbsp;<\/p>\n<h4>Especificaciones del Fluke 377FC<\/h4>\n<table class=\"table table-striped\">\n<tbody>\n<tr>\n<td colspan=\"2\"><strong>Actual<\/strong><\/td>\n<\/tr>\n<tr>\n<td>AC &#8211; Mand\u00edbula<\/td>\n<td>Rango: 999.9 A Resoluci\u00f3n: 0.1 A<\/p>\n<p>Precisi\u00f3n: 2% \u00b15 d\u00edgitos (10 a 100 Hz); 2,5% \u00b15 d\u00edgitos (100 a 500 Hz)<br \/>\nFactor de cresta (50\/60 Hz): 3 a 500 A; 2,5 en 600 A; 1,42 a 1000 A; A\u00f1adir 2% para C.F. &gt;2<\/td>\n<\/tr>\n<tr>\n<td>AC &#8211; Sonda de corriente flexible<\/td>\n<td>Rango: 2500 A Resoluci\u00f3n: 1 A (\u22642500 A) 0.1 A (\u2264999.9 A<br \/>\n) Precisi\u00f3n: 3% \u00b15 d\u00edgitos (5 a 500 Hz)<\/td>\n<\/tr>\n<tr>\n<td>DC<\/td>\n<td>Rango: 999.9 A Resoluci\u00f3n: 0.1 A<\/p>\n<p>Precisi\u00f3n: 2% \u00b15 d\u00edgitos<\/td>\n<\/tr>\n<tr>\n<td colspan=\"2\"><strong>Voltaje<\/strong><\/td>\n<\/tr>\n<tr>\n<td>AC &#8211; FieldSense<\/td>\n<td>Rango: 1000 V Resoluci\u00f3n: 1 V (\u22641000 V<br \/>\n)<br \/>\nPrecisi\u00f3n: \u22644\/0 AWG &#8211; 3% \u00b15 d\u00edgitos (45 a 66 Hz); \u22654\/0 AWG &#8211; 5% \u00b15 d\u00edgitos (45 a 66 Hz)<\/td>\n<\/tr>\n<tr>\n<td>AC &#8211; Cables de prueba<\/td>\n<td>Rango: 600.0 V, 1000 V Resoluci\u00f3n: 0.1 V (\u2264600.0 V<br \/>\n); 1 V (\u22641000 V) Precisi\u00f3n: 1% \u00b15 d\u00edgitos (20 a 500 Hz)<\/td>\n<\/tr>\n<tr>\n<td>DC<\/td>\n<td>Rango: 600 V, 1000 V Resoluci\u00f3n: 0.1 V (\u2264600 V<br \/>\n); 1 V (\u22641000 V)<br \/>\nPrecisi\u00f3n: 1% \u00b1 5 d\u00edgitos<\/td>\n<\/tr>\n<tr>\n<td>mV CC<\/td>\n<td>Rango: 500 mV Resoluci\u00f3n: 0.1 mV<\/p>\n<p>Precisi\u00f3n: 1% \u00b15 d\u00edgitos<\/td>\n<\/tr>\n<tr>\n<td colspan=\"2\"><strong>Frecuencia de amperios<\/strong><\/td>\n<\/tr>\n<tr>\n<td>Mand\u00edbula<\/td>\n<td>Rango: 5 a 500 Hz Resoluci\u00f3n: 0.1 Hz Precisi\u00f3n: 0.5% \u00b15 d\u00edgitos Nivel de<br \/>\ndisparo: 5 a 10 Hz, \u226510 A; 10 a 100 Hz, \u22655 A; 100 a 500 Hz, \u226510 A<\/td>\n<\/tr>\n<tr>\n<td>Sonda de corriente flexible<\/td>\n<td>Rango: 5 a 500 Hz Resoluci\u00f3n: 0.1 Hz Precisi\u00f3n: 0.5% \u00b15 d\u00edgitos Nivel de<br \/>\ndisparo: 5 a 20 Hz, \u226525 A; 20 a 100 Hz, \u226520 A; 100 a 500 Hz, \u226525 A<\/td>\n<\/tr>\n<tr>\n<td colspan=\"2\"><strong>Otras mediciones<\/strong><\/td>\n<\/tr>\n<tr>\n<td>Resistencia<\/td>\n<td>Rango: 60 k\u03a9, 6000 \u03a9, 600 \u03a9 Resoluci\u00f3n: 0.1 \u03a9 (\u2264600 \u03a9), 1 \u03a9 (\u22646000 \u03a9), 10 \u03a9<br \/>\n(\u226460 k\u03a9)<br \/>\nPrecisi\u00f3n: 1% \u00b15 d\u00edgitos<\/td>\n<\/tr>\n<tr>\n<td>Capacitancia<\/td>\n<td>Rango: 1000 \u03bcF Resoluci\u00f3n: 0.1 \u03bcF (\u2264100 \u03bcF), 1 F<br \/>\n(\u22641000 \u03bcF)<br \/>\nPrecisi\u00f3n: 1% \u00b14 d\u00edgitos<\/td>\n<\/tr>\n<tr>\n<td colspan=\"2\"><strong>Especificaciones generales<\/strong><\/td>\n<\/tr>\n<tr>\n<td>Voltaje m\u00e1ximo general<\/td>\n<td>1000 V (entre cualquier terminal y tierra a tierra)<\/td>\n<\/tr>\n<tr>\n<td>Bater\u00eda<\/td>\n<td>Tipo: 2 x AA IEC LR6 vida alcalina<br \/>\n: 200 horas<\/td>\n<\/tr>\n<tr>\n<td>Monitor<\/td>\n<td>Doble lectura<\/td>\n<\/tr>\n<tr>\n<td>Apagado autom\u00e1tico<\/td>\n<td>20 minutos<\/td>\n<\/tr>\n<tr>\n<td>Temperatura<\/td>\n<td>En funcionamiento: de 14 a 122 \u00b0C (10 a 50 \u00b0F) Almacenamiento: -40 a 140 \u00b0F (-40 a 60 \u00b0C)<\/td>\n<\/tr>\n<tr>\n<td>Humedad de funcionamiento (sin condensaci\u00f3n)<\/td>\n<td>Sin condensaci\u00f3n (&lt;50\u00b0F [&lt;10\u00b0C]) \u226490% HR (50 a 86\u00b0F [10 a 30\u00b0C]) \u226475% HR (86 a 104\u00b0F [30 a 40\u00b0C]) \u226445% HR (104 a 122\u00b0F [40 a 50\u00b0C])<\/td>\n<\/tr>\n<tr>\n<td>Coeficientes de temperatura<\/td>\n<td>Agregue 0.1 x precisi\u00f3n especificada para cada grado C &gt;28 \u00b0 C o &lt; 18 \u00b0 C<\/td>\n<\/tr>\n<tr>\n<td>Protecci\u00f3n de ingreso<\/td>\n<td>IEC 60529: IP30 (mand\u00edbula cerrada)<\/td>\n<\/tr>\n<tr>\n<td>Altitud<\/td>\n<td>En funcionamiento: 6561,68&#8242; (2000 m) Almacenamiento: 39,370.1&#8242; (12,000 m)<\/td>\n<\/tr>\n<tr>\n<td>Compatibilidad electromagn\u00e9tica (EMC)<\/td>\n<td>Estados Unidos (FCC): 47 CFR 15 subparte B. Este producto se considera un dispositivo exento seg\u00fan la cl\u00e1usula 15.103<\/td>\n<\/tr>\n<tr>\n<td>Seguridad<\/td>\n<td>General: IEC 61010-1: Grado de contaminaci\u00f3n 2 Medici\u00f3n: IEC 61010-2-032<br \/>\n: CAT III 1000 V\/CAT IV 600 V; IEC 61010-2-033: CAT III 1000 V\/CAT IV 600 V<\/td>\n<\/tr>\n<tr>\n<td>Radio inal\u00e1mbrica<\/td>\n<td>Certificaci\u00f3n de radiofrecuencia: FCC ID: T68-FBLE IC: 6627A-FBLE<br \/>\nRango de frecuencia: 2405 a 2480 MHz<br \/>\nPotencia de salida: &lt;100 mW<\/td>\n<\/tr>\n<tr>\n<td>Dimensiones<\/td>\n<td>10,78 x 3,38 x 1,85&#8243; (274 x 86 x 47 mm) Apertura de la mand\u00edbula: 1,34&#8243; (34 mm) Di\u00e1metro de la sonda de corriente flexible: 0,29&#8243; (7,5 mm) Longitud del cable de la sonda de corriente flexible: 5,9&#8242; (1,8 m) Longitud de la bobina de Rogowski: 17,71&#8243; (450 mm)<\/td>\n<\/tr>\n<tr>\n<td>Peso<\/td>\n<td>1 lb (463 g) con bater\u00edas<\/td>\n<\/tr>\n<\/tbody>\n<\/table>\n","protected":false},"excerpt":{"rendered":"<p>Utiliza la tecnolog\u00eda Field-Sense para hacer que las pruebas sean m\u00e1s r\u00e1pidas y seguras, todo sin tocar un conductor activo, y proporciona mediciones precisas de voltaje y corriente a trav\u00e9s de la mand\u00edbula de la abrazadera. Sujete f\u00e1cilmente el cable de prueba negro a cualquier toma de tierra el\u00e9ctrica, coloque la mand\u00edbula de la abrazadera alrededor del conductor y vea valores de voltaje y corriente confiables y precisos en la pantalla.<\/p>\n","protected":false},"featured_media":2180,"comment_status":"open","ping_status":"closed","template":"","meta":{"_joinchat":[]},"product_brand":[],"product_cat":[15],"product_tag":[],"class_list":{"0":"post-2169","1":"product","2":"type-product","3":"status-publish","4":"has-post-thumbnail","6":"product_cat-sin-categorizar","8":"first","9":"instock","10":"shipping-taxable","11":"product-type-simple"},"yoast_head":"<!-- This site is optimized with the Yoast SEO plugin v26.4 - https:\/\/yoast.com\/wordpress\/plugins\/seo\/ -->\n<title>pinza amperim\u00e9trica fluke 377fc sin contacto true rms ac-dc - Abaa tienda online<\/title>\n<meta name=\"robots\" content=\"index, follow, max-snippet:-1, max-image-preview:large, max-video-preview:-1\" \/>\n<link rel=\"canonical\" href=\"https:\/\/abaa.mx\/tienda\/pinza-amperimetrica-fluke-377fc-sin-contacto-true-rms-ac-dc\/\" \/>\n<meta property=\"og:locale\" content=\"es_MX\" \/>\n<meta property=\"og:type\" content=\"article\" \/>\n<meta property=\"og:title\" content=\"pinza amperim\u00e9trica fluke 377fc sin contacto true rms ac-dc - Abaa tienda online\" \/>\n<meta property=\"og:description\" content=\"Utiliza la tecnolog\u00eda Field-Sense para hacer que las pruebas sean m\u00e1s r\u00e1pidas y seguras, todo sin tocar un conductor activo, y proporciona mediciones precisas de voltaje y corriente a trav\u00e9s de la mand\u00edbula de la abrazadera. Sujete f\u00e1cilmente el cable de prueba negro a cualquier toma de tierra el\u00e9ctrica, coloque la mand\u00edbula de la abrazadera alrededor del conductor y vea valores de voltaje y corriente confiables y precisos en la pantalla.\" \/>\n<meta property=\"og:url\" content=\"https:\/\/abaa.mx\/tienda\/pinza-amperimetrica-fluke-377fc-sin-contacto-true-rms-ac-dc\/\" \/>\n<meta property=\"og:site_name\" content=\"Abaa tienda online\" \/>\n<meta property=\"article:modified_time\" content=\"2023-11-28T19:10:04+00:00\" \/>\n<meta property=\"og:image\" content=\"https:\/\/abaa.mx\/tienda\/wp-content\/uploads\/2023\/09\/377FC.jpg\" \/>\n\t<meta property=\"og:image:width\" content=\"270\" \/>\n\t<meta property=\"og:image:height\" content=\"500\" \/>\n\t<meta property=\"og:image:type\" content=\"image\/jpeg\" \/>\n<meta name=\"twitter:card\" content=\"summary_large_image\" \/>\n<meta name=\"twitter:label1\" content=\"Tiempo de lectura\" \/>\n\t<meta name=\"twitter:data1\" content=\"4 minutos\" \/>\n<script type=\"application\/ld+json\" class=\"yoast-schema-graph\">{\"@context\":\"https:\/\/schema.org\",\"@graph\":[{\"@type\":\"WebPage\",\"@id\":\"https:\/\/abaa.mx\/tienda\/pinza-amperimetrica-fluke-377fc-sin-contacto-true-rms-ac-dc\/\",\"url\":\"https:\/\/abaa.mx\/tienda\/pinza-amperimetrica-fluke-377fc-sin-contacto-true-rms-ac-dc\/\",\"name\":\"pinza amperim\u00e9trica fluke 377fc sin contacto true rms ac-dc - Abaa tienda online\",\"isPartOf\":{\"@id\":\"https:\/\/abaa.mx\/tienda\/#website\"},\"primaryImageOfPage\":{\"@id\":\"https:\/\/abaa.mx\/tienda\/pinza-amperimetrica-fluke-377fc-sin-contacto-true-rms-ac-dc\/#primaryimage\"},\"image\":{\"@id\":\"https:\/\/abaa.mx\/tienda\/pinza-amperimetrica-fluke-377fc-sin-contacto-true-rms-ac-dc\/#primaryimage\"},\"thumbnailUrl\":\"https:\/\/abaa.mx\/tienda\/wp-content\/uploads\/2023\/09\/377FC.jpg\",\"datePublished\":\"2023-09-20T15:06:45+00:00\",\"dateModified\":\"2023-11-28T19:10:04+00:00\",\"breadcrumb\":{\"@id\":\"https:\/\/abaa.mx\/tienda\/pinza-amperimetrica-fluke-377fc-sin-contacto-true-rms-ac-dc\/#breadcrumb\"},\"inLanguage\":\"es\",\"potentialAction\":[{\"@type\":\"ReadAction\",\"target\":[\"https:\/\/abaa.mx\/tienda\/pinza-amperimetrica-fluke-377fc-sin-contacto-true-rms-ac-dc\/\"]}]},{\"@type\":\"ImageObject\",\"inLanguage\":\"es\",\"@id\":\"https:\/\/abaa.mx\/tienda\/pinza-amperimetrica-fluke-377fc-sin-contacto-true-rms-ac-dc\/#primaryimage\",\"url\":\"https:\/\/abaa.mx\/tienda\/wp-content\/uploads\/2023\/09\/377FC.jpg\",\"contentUrl\":\"https:\/\/abaa.mx\/tienda\/wp-content\/uploads\/2023\/09\/377FC.jpg\",\"width\":270,\"height\":500,\"caption\":\"377FC\"},{\"@type\":\"BreadcrumbList\",\"@id\":\"https:\/\/abaa.mx\/tienda\/pinza-amperimetrica-fluke-377fc-sin-contacto-true-rms-ac-dc\/#breadcrumb\",\"itemListElement\":[{\"@type\":\"ListItem\",\"position\":1,\"name\":\"Inicio\",\"item\":\"https:\/\/abaa.mx\/tienda\/\"},{\"@type\":\"ListItem\",\"position\":2,\"name\":\"Tienda\",\"item\":\"https:\/\/abaa.mx\/tienda\/\"},{\"@type\":\"ListItem\",\"position\":3,\"name\":\"pinza amperim\u00e9trica fluke 377fc sin contacto true rms ac-dc\"}]},{\"@type\":\"WebSite\",\"@id\":\"https:\/\/abaa.mx\/tienda\/#website\",\"url\":\"https:\/\/abaa.mx\/tienda\/\",\"name\":\"Abaa tienda online\",\"description\":\"Instrumentos de medici\u00f3n\",\"publisher\":{\"@id\":\"https:\/\/abaa.mx\/tienda\/#organization\"},\"potentialAction\":[{\"@type\":\"SearchAction\",\"target\":{\"@type\":\"EntryPoint\",\"urlTemplate\":\"https:\/\/abaa.mx\/tienda\/?s={search_term_string}\"},\"query-input\":{\"@type\":\"PropertyValueSpecification\",\"valueRequired\":true,\"valueName\":\"search_term_string\"}}],\"inLanguage\":\"es\"},{\"@type\":\"Organization\",\"@id\":\"https:\/\/abaa.mx\/tienda\/#organization\",\"name\":\"Abaa tienda online\",\"url\":\"https:\/\/abaa.mx\/tienda\/\",\"logo\":{\"@type\":\"ImageObject\",\"inLanguage\":\"es\",\"@id\":\"https:\/\/abaa.mx\/tienda\/#\/schema\/logo\/image\/\",\"url\":\"https:\/\/abaa.mx\/tienda\/wp-content\/uploads\/2024\/01\/abaa-metrologia-tienda.png\",\"contentUrl\":\"https:\/\/abaa.mx\/tienda\/wp-content\/uploads\/2024\/01\/abaa-metrologia-tienda.png\",\"width\":300,\"height\":141,\"caption\":\"Abaa tienda online\"},\"image\":{\"@id\":\"https:\/\/abaa.mx\/tienda\/#\/schema\/logo\/image\/\"}}]}<\/script>\n<!-- \/ Yoast SEO plugin. -->","yoast_head_json":{"title":"pinza amperim\u00e9trica fluke 377fc sin contacto true rms ac-dc - Abaa tienda online","robots":{"index":"index","follow":"follow","max-snippet":"max-snippet:-1","max-image-preview":"max-image-preview:large","max-video-preview":"max-video-preview:-1"},"canonical":"https:\/\/abaa.mx\/tienda\/pinza-amperimetrica-fluke-377fc-sin-contacto-true-rms-ac-dc\/","og_locale":"es_MX","og_type":"article","og_title":"pinza amperim\u00e9trica fluke 377fc sin contacto true rms ac-dc - Abaa tienda online","og_description":"Utiliza la tecnolog\u00eda Field-Sense para hacer que las pruebas sean m\u00e1s r\u00e1pidas y seguras, todo sin tocar un conductor activo, y proporciona mediciones precisas de voltaje y corriente a trav\u00e9s de la mand\u00edbula de la abrazadera. Sujete f\u00e1cilmente el cable de prueba negro a cualquier toma de tierra el\u00e9ctrica, coloque la mand\u00edbula de la abrazadera alrededor del conductor y vea valores de voltaje y corriente confiables y precisos en la pantalla.","og_url":"https:\/\/abaa.mx\/tienda\/pinza-amperimetrica-fluke-377fc-sin-contacto-true-rms-ac-dc\/","og_site_name":"Abaa tienda online","article_modified_time":"2023-11-28T19:10:04+00:00","og_image":[{"width":270,"height":500,"url":"https:\/\/abaa.mx\/tienda\/wp-content\/uploads\/2023\/09\/377FC.jpg","type":"image\/jpeg"}],"twitter_card":"summary_large_image","twitter_misc":{"Tiempo de lectura":"4 minutos"},"schema":{"@context":"https:\/\/schema.org","@graph":[{"@type":"WebPage","@id":"https:\/\/abaa.mx\/tienda\/pinza-amperimetrica-fluke-377fc-sin-contacto-true-rms-ac-dc\/","url":"https:\/\/abaa.mx\/tienda\/pinza-amperimetrica-fluke-377fc-sin-contacto-true-rms-ac-dc\/","name":"pinza amperim\u00e9trica fluke 377fc sin contacto true rms ac-dc - Abaa tienda online","isPartOf":{"@id":"https:\/\/abaa.mx\/tienda\/#website"},"primaryImageOfPage":{"@id":"https:\/\/abaa.mx\/tienda\/pinza-amperimetrica-fluke-377fc-sin-contacto-true-rms-ac-dc\/#primaryimage"},"image":{"@id":"https:\/\/abaa.mx\/tienda\/pinza-amperimetrica-fluke-377fc-sin-contacto-true-rms-ac-dc\/#primaryimage"},"thumbnailUrl":"https:\/\/abaa.mx\/tienda\/wp-content\/uploads\/2023\/09\/377FC.jpg","datePublished":"2023-09-20T15:06:45+00:00","dateModified":"2023-11-28T19:10:04+00:00","breadcrumb":{"@id":"https:\/\/abaa.mx\/tienda\/pinza-amperimetrica-fluke-377fc-sin-contacto-true-rms-ac-dc\/#breadcrumb"},"inLanguage":"es","potentialAction":[{"@type":"ReadAction","target":["https:\/\/abaa.mx\/tienda\/pinza-amperimetrica-fluke-377fc-sin-contacto-true-rms-ac-dc\/"]}]},{"@type":"ImageObject","inLanguage":"es","@id":"https:\/\/abaa.mx\/tienda\/pinza-amperimetrica-fluke-377fc-sin-contacto-true-rms-ac-dc\/#primaryimage","url":"https:\/\/abaa.mx\/tienda\/wp-content\/uploads\/2023\/09\/377FC.jpg","contentUrl":"https:\/\/abaa.mx\/tienda\/wp-content\/uploads\/2023\/09\/377FC.jpg","width":270,"height":500,"caption":"377FC"},{"@type":"BreadcrumbList","@id":"https:\/\/abaa.mx\/tienda\/pinza-amperimetrica-fluke-377fc-sin-contacto-true-rms-ac-dc\/#breadcrumb","itemListElement":[{"@type":"ListItem","position":1,"name":"Inicio","item":"https:\/\/abaa.mx\/tienda\/"},{"@type":"ListItem","position":2,"name":"Tienda","item":"https:\/\/abaa.mx\/tienda\/"},{"@type":"ListItem","position":3,"name":"pinza amperim\u00e9trica fluke 377fc sin contacto true rms ac-dc"}]},{"@type":"WebSite","@id":"https:\/\/abaa.mx\/tienda\/#website","url":"https:\/\/abaa.mx\/tienda\/","name":"Abaa tienda online","description":"Instrumentos de medici\u00f3n","publisher":{"@id":"https:\/\/abaa.mx\/tienda\/#organization"},"potentialAction":[{"@type":"SearchAction","target":{"@type":"EntryPoint","urlTemplate":"https:\/\/abaa.mx\/tienda\/?s={search_term_string}"},"query-input":{"@type":"PropertyValueSpecification","valueRequired":true,"valueName":"search_term_string"}}],"inLanguage":"es"},{"@type":"Organization","@id":"https:\/\/abaa.mx\/tienda\/#organization","name":"Abaa tienda online","url":"https:\/\/abaa.mx\/tienda\/","logo":{"@type":"ImageObject","inLanguage":"es","@id":"https:\/\/abaa.mx\/tienda\/#\/schema\/logo\/image\/","url":"https:\/\/abaa.mx\/tienda\/wp-content\/uploads\/2024\/01\/abaa-metrologia-tienda.png","contentUrl":"https:\/\/abaa.mx\/tienda\/wp-content\/uploads\/2024\/01\/abaa-metrologia-tienda.png","width":300,"height":141,"caption":"Abaa tienda online"},"image":{"@id":"https:\/\/abaa.mx\/tienda\/#\/schema\/logo\/image\/"}}]}},"_links":{"self":[{"href":"https:\/\/abaa.mx\/tienda\/wp-json\/wp\/v2\/product\/2169","targetHints":{"allow":["GET"]}}],"collection":[{"href":"https:\/\/abaa.mx\/tienda\/wp-json\/wp\/v2\/product"}],"about":[{"href":"https:\/\/abaa.mx\/tienda\/wp-json\/wp\/v2\/types\/product"}],"replies":[{"embeddable":true,"href":"https:\/\/abaa.mx\/tienda\/wp-json\/wp\/v2\/comments?post=2169"}],"wp:featuredmedia":[{"embeddable":true,"href":"https:\/\/abaa.mx\/tienda\/wp-json\/wp\/v2\/media\/2180"}],"wp:attachment":[{"href":"https:\/\/abaa.mx\/tienda\/wp-json\/wp\/v2\/media?parent=2169"}],"wp:term":[{"taxonomy":"product_brand","embeddable":true,"href":"https:\/\/abaa.mx\/tienda\/wp-json\/wp\/v2\/product_brand?post=2169"},{"taxonomy":"product_cat","embeddable":true,"href":"https:\/\/abaa.mx\/tienda\/wp-json\/wp\/v2\/product_cat?post=2169"},{"taxonomy":"product_tag","embeddable":true,"href":"https:\/\/abaa.mx\/tienda\/wp-json\/wp\/v2\/product_tag?post=2169"}],"curies":[{"name":"wp","href":"https:\/\/api.w.org\/{rel}","templated":true}]}}