{"id":2164,"date":"2023-09-20T15:01:40","date_gmt":"2023-09-20T15:01:40","guid":{"rendered":"https:\/\/abaa.mx\/tienda\/?post_type=product&#038;p=2164"},"modified":"2023-11-28T19:16:24","modified_gmt":"2023-11-28T19:16:24","slug":"pinza-amperimetrica-inalambrica-fluke-902-fc-true-rms-hvac-r-cat-iii-600v-cat-iv-300v","status":"publish","type":"product","link":"https:\/\/abaa.mx\/tienda\/pinza-amperimetrica-inalambrica-fluke-902-fc-true-rms-hvac-r-cat-iii-600v-cat-iv-300v\/","title":{"rendered":"Pinza amperim\u00e9trica inal\u00e1mbrica fluke 902 fc true rms hvac-r, cat iii 600v &#8211; cat iv 300v"},"content":{"rendered":"<p>&nbsp;<\/p>\n<p>Ofrece las caracter\u00edsticas necesarias para diagnosticar y reparar sistemas HVAC\/R. Adem\u00e1s, con Fluke Connect\u00a0puede realizar mediciones de tendencias, crear y enviar informes directamente desde el campo, mantenerse alejado de equipos en vivo de forma segura mientras realiza mediciones y mucho m\u00e1s.<\/p>\n<p>&nbsp;<\/p>\n<p><strong>Funciones:<\/strong><\/p>\n<ul>\n<li>Medici\u00f3n de corriente alterna de 600 A.<\/li>\n<li>Medici\u00f3n de voltaje de 600 V CA y CC.<\/li>\n<li>Medici\u00f3n de capacitancia de 1000 \u03bcF.<\/li>\n<li>Medici\u00f3n de corriente continua hasta 200 \u03bcA.<\/li>\n<li>Medici\u00f3n de resistencia hasta 60 k\u03a9.<\/li>\n<li>Voltaje y corriente RMS reales para mediciones precisas en se\u00f1ales no lineales.<\/li>\n<li>Rango de resistencia extendido para medir un amplio conjunto de termistores, rango de corriente de CC \u03bcA para medir la corriente del sensor de llama, la temperatura de contacto y la capacitancia.<\/li>\n<li>Grabaci\u00f3n m\u00ednima y m\u00e1xima para capturar variaciones autom\u00e1ticamente.<\/li>\n<li>Haga m\u00e1s cosas de forma m\u00e1s r\u00e1pida y segura que antes conectando su medidor a Fluke Connect y capture mediciones de forma inal\u00e1mbrica.<\/li>\n<li>Guarde su medici\u00f3n en Fluke Cloud Almacenamiento para an\u00e1lisis o comparaci\u00f3n con datos de inspecci\u00f3n anteriores.<\/li>\n<li>Lea las mediciones en su tel\u00e9fono a una distancia segura, usando menos EPP mientras su medidor toma los riesgos de la zona de explosi\u00f3n de arco, no usted.<\/li>\n<li>Monitoree instant\u00e1neamente las mediciones en vivo en la pantalla de su tel\u00e9fono para obtener mejores resultados de soluci\u00f3n de problemas.<\/li>\n<li>Crear y enviar informes por correo electr\u00f3nico directamente desde el campo.<\/li>\n<li>Cuando se necesita colaboraci\u00f3n en equipo, utilice Fluke Connect ShareLive Videollamada para compartir mediciones en vivo y discutir los pr\u00f3ximos pasos con colegas.<\/li>\n<li>No se arriesgue a errores de transcripci\u00f3n, guarde sus mediciones directamente en su medidor desde su tel\u00e9fono inteligente con solo presionar un bot\u00f3n.<\/li>\n<li>El dise\u00f1o ergon\u00f3mico se adapta a la mano y se puede usar mientras se usa equipo de protecci\u00f3n personal.<\/li>\n<li>Pantalla retroiluminada grande y f\u00e1cil de leer.<\/li>\n<li>El apagado autom\u00e1tico maximiza la duraci\u00f3n de la bater\u00eda para que el medidor funcione cuando lo necesite.<\/li>\n<li>La funci\u00f3n de rango de medici\u00f3n cambia autom\u00e1ticamente las posiciones del interruptor.<\/li>\n<li>Clasificaci\u00f3n de seguridad CAT III 600V \/ CAT IV 300V.<\/li>\n<li>Tres a\u00f1os de garant\u00eda.<\/li>\n<\/ul>\n<p>&nbsp;<\/p>\n<p><strong>Aplicaciones:<\/strong><\/p>\n<ul>\n<li>HVAC\/R.<\/li>\n<li>Mantenimiento el\u00e9ctrico de uso general.<\/li>\n<li>Mantenimiento preventivo.<\/li>\n<li>Soluci\u00f3n de problemas.<\/li>\n<\/ul>\n<p>&nbsp;<\/p>\n<h4>Especificaciones del Fluke 902 FC<\/h4>\n<table class=\"table table-striped\">\n<tbody>\n<tr>\n<td colspan=\"2\"><strong>Un aire acondicionado (a trav\u00e9s de Jaw)<\/strong><\/td>\n<\/tr>\n<tr>\n<td>Gama<\/td>\n<td>60\/600A<\/td>\n<\/tr>\n<tr>\n<td>Resoluci\u00f3n<\/td>\n<td>0,01\/0,1 A<\/td>\n<\/tr>\n<tr>\n<td>Exactitud<\/td>\n<td>2,0% \u00b15 d\u00edgitos (45 a 65 Hz) 2,5% \u00b15 d\u00edgitos (65 a 400 Hz)<\/td>\n<\/tr>\n<tr>\n<td>Factor de cresta (50Hz o 60Hz)<\/td>\n<td>2.5 a 220A 3.0 a 180A &gt;1.4 a 600A<\/p>\n<p>A\u00f1adir 2% k\u03a9 para CF&gt;2<\/td>\n<\/tr>\n<tr>\n<td colspan=\"2\"><strong>V ac<\/strong><\/td>\n<\/tr>\n<tr>\n<td>Gama<\/td>\n<td>600V<\/td>\n<\/tr>\n<tr>\n<td>Resoluci\u00f3n<\/td>\n<td>0,1 V<\/td>\n<\/tr>\n<tr>\n<td>Exactitud<\/td>\n<td>1,5% \u00b15 d\u00edgitos (45 a 400Hz)<\/td>\n<\/tr>\n<tr>\n<td colspan=\"2\"><strong>V CC<\/strong><\/td>\n<\/tr>\n<tr>\n<td>Gama<\/td>\n<td>600V<\/td>\n<\/tr>\n<tr>\n<td>Resoluci\u00f3n<\/td>\n<td>0,1 V<\/td>\n<\/tr>\n<tr>\n<td>Exactitud<\/td>\n<td>1% \u00b15 d\u00edgitos<\/td>\n<\/tr>\n<tr>\n<td colspan=\"2\"><strong>Ohmios<\/strong><\/td>\n<\/tr>\n<tr>\n<td>Gama<\/td>\n<td>600\/6,000\/60,000 \u03a9<\/td>\n<\/tr>\n<tr>\n<td>Resoluci\u00f3n<\/td>\n<td>0.1\/1\/10<\/td>\n<\/tr>\n<tr>\n<td>Exactitud<\/td>\n<td>1% \u00b15 d\u00edgitos<\/td>\n<\/tr>\n<tr>\n<td colspan=\"2\"><strong>\u03bcA<\/strong><\/td>\n<\/tr>\n<tr>\n<td>Gama<\/td>\n<td>200 \u03bcA<\/td>\n<\/tr>\n<tr>\n<td>Resoluci\u00f3n<\/td>\n<td>0,1 \u03bcA<\/td>\n<\/tr>\n<tr>\n<td>Exactitud<\/td>\n<td>1% \u00b14 d\u00edgitos<\/td>\n<\/tr>\n<tr>\n<td colspan=\"2\"><strong>Temperatura de contacto<\/strong><\/td>\n<\/tr>\n<tr>\n<td>Gama<\/td>\n<td>14 a 752\u00b0F (10 a 400\u00b0C)<\/td>\n<\/tr>\n<tr>\n<td>Resoluci\u00f3n<\/td>\n<td>0,1 C\/F<\/td>\n<\/tr>\n<tr>\n<td>Exactitud<\/td>\n<td>1% \u00b18 d\u00edgitos<\/td>\n<\/tr>\n<tr>\n<td colspan=\"2\"><strong>Capacitancia<\/strong><\/td>\n<\/tr>\n<tr>\n<td>Gama<\/td>\n<td>100.0\/1000 \u03bcF<\/td>\n<\/tr>\n<tr>\n<td>Resoluci\u00f3n<\/td>\n<td>0.1\/1 \u03bcF<\/td>\n<\/tr>\n<tr>\n<td>Exactitud<\/td>\n<td>1% \u00b14 d\u00edgitos<\/td>\n<\/tr>\n<\/tbody>\n<\/table>\n","protected":false},"excerpt":{"rendered":"<p>Ofrece las caracter\u00edsticas necesarias para diagnosticar y reparar sistemas HVAC\/R. Adem\u00e1s, con Fluke Connect puede realizar mediciones de tendencias, crear y enviar informes directamente desde el campo, mantenerse alejado de equipos en vivo de forma segura mientras realiza mediciones y mucho m\u00e1s.<\/p>\n","protected":false},"featured_media":2175,"comment_status":"open","ping_status":"closed","template":"","meta":{"_joinchat":[]},"product_brand":[],"product_cat":[15],"product_tag":[],"class_list":{"0":"post-2164","1":"product","2":"type-product","3":"status-publish","4":"has-post-thumbnail","6":"product_cat-sin-categorizar","8":"first","9":"instock","10":"shipping-taxable","11":"product-type-simple"},"yoast_head":"<!-- This site is optimized with the Yoast SEO plugin v26.4 - https:\/\/yoast.com\/wordpress\/plugins\/seo\/ -->\n<title>Pinza amperim\u00e9trica inal\u00e1mbrica fluke 902 fc true rms hvac-r, cat iii 600v - cat iv 300v - Abaa tienda online<\/title>\n<meta name=\"robots\" content=\"index, follow, max-snippet:-1, max-image-preview:large, max-video-preview:-1\" \/>\n<link rel=\"canonical\" href=\"https:\/\/abaa.mx\/tienda\/pinza-amperimetrica-inalambrica-fluke-902-fc-true-rms-hvac-r-cat-iii-600v-cat-iv-300v\/\" \/>\n<meta property=\"og:locale\" content=\"es_MX\" \/>\n<meta property=\"og:type\" content=\"article\" \/>\n<meta property=\"og:title\" content=\"Pinza amperim\u00e9trica inal\u00e1mbrica fluke 902 fc true rms hvac-r, cat iii 600v - cat iv 300v - Abaa tienda online\" \/>\n<meta property=\"og:description\" content=\"Ofrece las caracter\u00edsticas necesarias para diagnosticar y reparar sistemas HVAC\/R. Adem\u00e1s, con Fluke Connect puede realizar mediciones de tendencias, crear y enviar informes directamente desde el campo, mantenerse alejado de equipos en vivo de forma segura mientras realiza mediciones y mucho m\u00e1s.\" \/>\n<meta property=\"og:url\" content=\"https:\/\/abaa.mx\/tienda\/pinza-amperimetrica-inalambrica-fluke-902-fc-true-rms-hvac-r-cat-iii-600v-cat-iv-300v\/\" \/>\n<meta property=\"og:site_name\" content=\"Abaa tienda online\" \/>\n<meta property=\"article:modified_time\" content=\"2023-11-28T19:16:24+00:00\" \/>\n<meta property=\"og:image\" content=\"https:\/\/abaa.mx\/tienda\/wp-content\/uploads\/2023\/09\/902-FC.jpg\" \/>\n\t<meta property=\"og:image:width\" content=\"270\" \/>\n\t<meta property=\"og:image:height\" content=\"352\" \/>\n\t<meta property=\"og:image:type\" content=\"image\/jpeg\" \/>\n<meta name=\"twitter:card\" content=\"summary_large_image\" \/>\n<meta name=\"twitter:label1\" content=\"Tiempo de lectura\" \/>\n\t<meta name=\"twitter:data1\" content=\"3 minutos\" \/>\n<script type=\"application\/ld+json\" class=\"yoast-schema-graph\">{\"@context\":\"https:\/\/schema.org\",\"@graph\":[{\"@type\":\"WebPage\",\"@id\":\"https:\/\/abaa.mx\/tienda\/pinza-amperimetrica-inalambrica-fluke-902-fc-true-rms-hvac-r-cat-iii-600v-cat-iv-300v\/\",\"url\":\"https:\/\/abaa.mx\/tienda\/pinza-amperimetrica-inalambrica-fluke-902-fc-true-rms-hvac-r-cat-iii-600v-cat-iv-300v\/\",\"name\":\"Pinza amperim\u00e9trica inal\u00e1mbrica fluke 902 fc true rms hvac-r, cat iii 600v - cat iv 300v - Abaa tienda online\",\"isPartOf\":{\"@id\":\"https:\/\/abaa.mx\/tienda\/#website\"},\"primaryImageOfPage\":{\"@id\":\"https:\/\/abaa.mx\/tienda\/pinza-amperimetrica-inalambrica-fluke-902-fc-true-rms-hvac-r-cat-iii-600v-cat-iv-300v\/#primaryimage\"},\"image\":{\"@id\":\"https:\/\/abaa.mx\/tienda\/pinza-amperimetrica-inalambrica-fluke-902-fc-true-rms-hvac-r-cat-iii-600v-cat-iv-300v\/#primaryimage\"},\"thumbnailUrl\":\"https:\/\/abaa.mx\/tienda\/wp-content\/uploads\/2023\/09\/902-FC.jpg\",\"datePublished\":\"2023-09-20T15:01:40+00:00\",\"dateModified\":\"2023-11-28T19:16:24+00:00\",\"breadcrumb\":{\"@id\":\"https:\/\/abaa.mx\/tienda\/pinza-amperimetrica-inalambrica-fluke-902-fc-true-rms-hvac-r-cat-iii-600v-cat-iv-300v\/#breadcrumb\"},\"inLanguage\":\"es\",\"potentialAction\":[{\"@type\":\"ReadAction\",\"target\":[\"https:\/\/abaa.mx\/tienda\/pinza-amperimetrica-inalambrica-fluke-902-fc-true-rms-hvac-r-cat-iii-600v-cat-iv-300v\/\"]}]},{\"@type\":\"ImageObject\",\"inLanguage\":\"es\",\"@id\":\"https:\/\/abaa.mx\/tienda\/pinza-amperimetrica-inalambrica-fluke-902-fc-true-rms-hvac-r-cat-iii-600v-cat-iv-300v\/#primaryimage\",\"url\":\"https:\/\/abaa.mx\/tienda\/wp-content\/uploads\/2023\/09\/902-FC.jpg\",\"contentUrl\":\"https:\/\/abaa.mx\/tienda\/wp-content\/uploads\/2023\/09\/902-FC.jpg\",\"width\":270,\"height\":352,\"caption\":\"902 FC\"},{\"@type\":\"BreadcrumbList\",\"@id\":\"https:\/\/abaa.mx\/tienda\/pinza-amperimetrica-inalambrica-fluke-902-fc-true-rms-hvac-r-cat-iii-600v-cat-iv-300v\/#breadcrumb\",\"itemListElement\":[{\"@type\":\"ListItem\",\"position\":1,\"name\":\"Inicio\",\"item\":\"https:\/\/abaa.mx\/tienda\/\"},{\"@type\":\"ListItem\",\"position\":2,\"name\":\"Tienda\",\"item\":\"https:\/\/abaa.mx\/tienda\/\"},{\"@type\":\"ListItem\",\"position\":3,\"name\":\"Pinza amperim\u00e9trica inal\u00e1mbrica fluke 902 fc true rms hvac-r, cat iii 600v &#8211; cat iv 300v\"}]},{\"@type\":\"WebSite\",\"@id\":\"https:\/\/abaa.mx\/tienda\/#website\",\"url\":\"https:\/\/abaa.mx\/tienda\/\",\"name\":\"Abaa tienda online\",\"description\":\"Instrumentos de medici\u00f3n\",\"publisher\":{\"@id\":\"https:\/\/abaa.mx\/tienda\/#organization\"},\"potentialAction\":[{\"@type\":\"SearchAction\",\"target\":{\"@type\":\"EntryPoint\",\"urlTemplate\":\"https:\/\/abaa.mx\/tienda\/?s={search_term_string}\"},\"query-input\":{\"@type\":\"PropertyValueSpecification\",\"valueRequired\":true,\"valueName\":\"search_term_string\"}}],\"inLanguage\":\"es\"},{\"@type\":\"Organization\",\"@id\":\"https:\/\/abaa.mx\/tienda\/#organization\",\"name\":\"Abaa tienda online\",\"url\":\"https:\/\/abaa.mx\/tienda\/\",\"logo\":{\"@type\":\"ImageObject\",\"inLanguage\":\"es\",\"@id\":\"https:\/\/abaa.mx\/tienda\/#\/schema\/logo\/image\/\",\"url\":\"https:\/\/abaa.mx\/tienda\/wp-content\/uploads\/2024\/01\/abaa-metrologia-tienda.png\",\"contentUrl\":\"https:\/\/abaa.mx\/tienda\/wp-content\/uploads\/2024\/01\/abaa-metrologia-tienda.png\",\"width\":300,\"height\":141,\"caption\":\"Abaa tienda online\"},\"image\":{\"@id\":\"https:\/\/abaa.mx\/tienda\/#\/schema\/logo\/image\/\"}}]}<\/script>\n<!-- \/ Yoast SEO plugin. -->","yoast_head_json":{"title":"Pinza amperim\u00e9trica inal\u00e1mbrica fluke 902 fc true rms hvac-r, cat iii 600v - cat iv 300v - Abaa tienda online","robots":{"index":"index","follow":"follow","max-snippet":"max-snippet:-1","max-image-preview":"max-image-preview:large","max-video-preview":"max-video-preview:-1"},"canonical":"https:\/\/abaa.mx\/tienda\/pinza-amperimetrica-inalambrica-fluke-902-fc-true-rms-hvac-r-cat-iii-600v-cat-iv-300v\/","og_locale":"es_MX","og_type":"article","og_title":"Pinza amperim\u00e9trica inal\u00e1mbrica fluke 902 fc true rms hvac-r, cat iii 600v - cat iv 300v - Abaa tienda online","og_description":"Ofrece las caracter\u00edsticas necesarias para diagnosticar y reparar sistemas HVAC\/R. Adem\u00e1s, con Fluke Connect puede realizar mediciones de tendencias, crear y enviar informes directamente desde el campo, mantenerse alejado de equipos en vivo de forma segura mientras realiza mediciones y mucho m\u00e1s.","og_url":"https:\/\/abaa.mx\/tienda\/pinza-amperimetrica-inalambrica-fluke-902-fc-true-rms-hvac-r-cat-iii-600v-cat-iv-300v\/","og_site_name":"Abaa tienda online","article_modified_time":"2023-11-28T19:16:24+00:00","og_image":[{"width":270,"height":352,"url":"https:\/\/abaa.mx\/tienda\/wp-content\/uploads\/2023\/09\/902-FC.jpg","type":"image\/jpeg"}],"twitter_card":"summary_large_image","twitter_misc":{"Tiempo de lectura":"3 minutos"},"schema":{"@context":"https:\/\/schema.org","@graph":[{"@type":"WebPage","@id":"https:\/\/abaa.mx\/tienda\/pinza-amperimetrica-inalambrica-fluke-902-fc-true-rms-hvac-r-cat-iii-600v-cat-iv-300v\/","url":"https:\/\/abaa.mx\/tienda\/pinza-amperimetrica-inalambrica-fluke-902-fc-true-rms-hvac-r-cat-iii-600v-cat-iv-300v\/","name":"Pinza amperim\u00e9trica inal\u00e1mbrica fluke 902 fc true rms hvac-r, cat iii 600v - cat iv 300v - Abaa tienda online","isPartOf":{"@id":"https:\/\/abaa.mx\/tienda\/#website"},"primaryImageOfPage":{"@id":"https:\/\/abaa.mx\/tienda\/pinza-amperimetrica-inalambrica-fluke-902-fc-true-rms-hvac-r-cat-iii-600v-cat-iv-300v\/#primaryimage"},"image":{"@id":"https:\/\/abaa.mx\/tienda\/pinza-amperimetrica-inalambrica-fluke-902-fc-true-rms-hvac-r-cat-iii-600v-cat-iv-300v\/#primaryimage"},"thumbnailUrl":"https:\/\/abaa.mx\/tienda\/wp-content\/uploads\/2023\/09\/902-FC.jpg","datePublished":"2023-09-20T15:01:40+00:00","dateModified":"2023-11-28T19:16:24+00:00","breadcrumb":{"@id":"https:\/\/abaa.mx\/tienda\/pinza-amperimetrica-inalambrica-fluke-902-fc-true-rms-hvac-r-cat-iii-600v-cat-iv-300v\/#breadcrumb"},"inLanguage":"es","potentialAction":[{"@type":"ReadAction","target":["https:\/\/abaa.mx\/tienda\/pinza-amperimetrica-inalambrica-fluke-902-fc-true-rms-hvac-r-cat-iii-600v-cat-iv-300v\/"]}]},{"@type":"ImageObject","inLanguage":"es","@id":"https:\/\/abaa.mx\/tienda\/pinza-amperimetrica-inalambrica-fluke-902-fc-true-rms-hvac-r-cat-iii-600v-cat-iv-300v\/#primaryimage","url":"https:\/\/abaa.mx\/tienda\/wp-content\/uploads\/2023\/09\/902-FC.jpg","contentUrl":"https:\/\/abaa.mx\/tienda\/wp-content\/uploads\/2023\/09\/902-FC.jpg","width":270,"height":352,"caption":"902 FC"},{"@type":"BreadcrumbList","@id":"https:\/\/abaa.mx\/tienda\/pinza-amperimetrica-inalambrica-fluke-902-fc-true-rms-hvac-r-cat-iii-600v-cat-iv-300v\/#breadcrumb","itemListElement":[{"@type":"ListItem","position":1,"name":"Inicio","item":"https:\/\/abaa.mx\/tienda\/"},{"@type":"ListItem","position":2,"name":"Tienda","item":"https:\/\/abaa.mx\/tienda\/"},{"@type":"ListItem","position":3,"name":"Pinza amperim\u00e9trica inal\u00e1mbrica fluke 902 fc true rms hvac-r, cat iii 600v &#8211; cat iv 300v"}]},{"@type":"WebSite","@id":"https:\/\/abaa.mx\/tienda\/#website","url":"https:\/\/abaa.mx\/tienda\/","name":"Abaa tienda online","description":"Instrumentos de medici\u00f3n","publisher":{"@id":"https:\/\/abaa.mx\/tienda\/#organization"},"potentialAction":[{"@type":"SearchAction","target":{"@type":"EntryPoint","urlTemplate":"https:\/\/abaa.mx\/tienda\/?s={search_term_string}"},"query-input":{"@type":"PropertyValueSpecification","valueRequired":true,"valueName":"search_term_string"}}],"inLanguage":"es"},{"@type":"Organization","@id":"https:\/\/abaa.mx\/tienda\/#organization","name":"Abaa tienda online","url":"https:\/\/abaa.mx\/tienda\/","logo":{"@type":"ImageObject","inLanguage":"es","@id":"https:\/\/abaa.mx\/tienda\/#\/schema\/logo\/image\/","url":"https:\/\/abaa.mx\/tienda\/wp-content\/uploads\/2024\/01\/abaa-metrologia-tienda.png","contentUrl":"https:\/\/abaa.mx\/tienda\/wp-content\/uploads\/2024\/01\/abaa-metrologia-tienda.png","width":300,"height":141,"caption":"Abaa tienda online"},"image":{"@id":"https:\/\/abaa.mx\/tienda\/#\/schema\/logo\/image\/"}}]}},"_links":{"self":[{"href":"https:\/\/abaa.mx\/tienda\/wp-json\/wp\/v2\/product\/2164","targetHints":{"allow":["GET"]}}],"collection":[{"href":"https:\/\/abaa.mx\/tienda\/wp-json\/wp\/v2\/product"}],"about":[{"href":"https:\/\/abaa.mx\/tienda\/wp-json\/wp\/v2\/types\/product"}],"replies":[{"embeddable":true,"href":"https:\/\/abaa.mx\/tienda\/wp-json\/wp\/v2\/comments?post=2164"}],"wp:featuredmedia":[{"embeddable":true,"href":"https:\/\/abaa.mx\/tienda\/wp-json\/wp\/v2\/media\/2175"}],"wp:attachment":[{"href":"https:\/\/abaa.mx\/tienda\/wp-json\/wp\/v2\/media?parent=2164"}],"wp:term":[{"taxonomy":"product_brand","embeddable":true,"href":"https:\/\/abaa.mx\/tienda\/wp-json\/wp\/v2\/product_brand?post=2164"},{"taxonomy":"product_cat","embeddable":true,"href":"https:\/\/abaa.mx\/tienda\/wp-json\/wp\/v2\/product_cat?post=2164"},{"taxonomy":"product_tag","embeddable":true,"href":"https:\/\/abaa.mx\/tienda\/wp-json\/wp\/v2\/product_tag?post=2164"}],"curies":[{"name":"wp","href":"https:\/\/api.w.org\/{rel}","templated":true}]}}