{"id":2156,"date":"2023-09-20T14:57:52","date_gmt":"2023-09-20T14:57:52","guid":{"rendered":"https:\/\/abaa.mx\/tienda\/?post_type=product&#038;p=2156"},"modified":"2023-09-20T14:57:52","modified_gmt":"2023-09-20T14:57:52","slug":"kit-de-pinza-amperimetrica-de-proceso-fluke-771-milliamp-incluye-productos-gratis-con-la-compra","status":"publish","type":"product","link":"https:\/\/abaa.mx\/tienda\/kit-de-pinza-amperimetrica-de-proceso-fluke-771-milliamp-incluye-productos-gratis-con-la-compra\/","title":{"rendered":"kit de pinza amperim\u00e9trica de proceso fluke 771 milliamp &#8211; incluye productos gratis con la compra"},"content":{"rendered":"<p>La pinza amperim\u00e9trica de 771 mA est\u00e1 dise\u00f1ada para ahorrarle tiempo y dinero al eliminar las actividades que hacen perder tiempo. Ahora puede solucionar problemas y reparar bucles de 4 a 20 mA sin romper el bucle ni derribar el sistema.<\/p>\n<p><strong>Funciones<\/strong><\/p>\n<ul>\n<li>Mida se\u00f1ales de 4 a 20 mA sin &#8220;romper el bucle&#8221;<\/li>\n<li>El mejor en su clase 0.2% de precisi\u00f3n<\/li>\n<li>Resoluci\u00f3n y sensibilidad de 0,01 mA<\/li>\n<li>Medir se\u00f1ales mA para PLC y E\/S anal\u00f3gicas del sistema de control<\/li>\n<li>Pantalla retroiluminada dual con medici\u00f3n de mA y porcentaje de 4 a 20 mA de envergadura<\/li>\n<li>Pinza desmontable con cable de extensi\u00f3n para mediciones en lugares estrechos<\/li>\n<li>Mida se\u00f1ales de 10 a 50 mA en sistemas de control m\u00e1s antiguos utilizando el rango de 99,9 mA<\/li>\n<li>Cambie autom\u00e1ticamente la salida de 4 a 20 mA para pruebas remotas<\/li>\n<li>Las funciones de ahorro de energ\u00eda, apagado autom\u00e1tico y tiempo de espera de retroiluminaci\u00f3n prolongan la duraci\u00f3n de la bater\u00eda<\/li>\n<\/ul>\n<p><strong>REED R2300 Term\u00f3metro infrarrojo<\/strong><\/p>\n<p>Este term\u00f3metro infrarrojo presenta una relaci\u00f3n de distancia a punto de 12: 1 y es capaz de medir temperaturas de hasta 752 \u00b0 F (400 \u00b0 C). El R2300 es una soluci\u00f3n de medici\u00f3n sin contacto asequible capaz de medir r\u00e1pida y eficientemente la temperatura de objetos calientes, peligrosos o dif\u00edciles de alcanzar desde una distancia segura.<\/p>\n<p><strong>Funciones<\/strong><\/p>\n<ul>\n<li>El puntero l\u00e1ser incorporado identifica el \u00e1rea objetivo<\/li>\n<li>Seleccionable por el usuario \u00b0F o \u00b0C<\/li>\n<li>Relaci\u00f3n entre la distancia y el tama\u00f1o del punto 12:1<\/li>\n<li>Emisividad ajustable digitalmente<\/li>\n<li>Lecturas m\u00e1ximas y m\u00ednimas<\/li>\n<li>Pantalla retroiluminada<\/li>\n<li>Alarmas altas y bajas<\/li>\n<li>Indicaci\u00f3n de bater\u00eda baja y apagado autom\u00e1tico<\/li>\n<\/ul>\n<p><strong>REED R5110 Detector de voltaje sin contacto con linterna<\/strong><\/p>\n<p>Este detector de voltaje tiene la capacidad de detectar la presencia de voltaje de CA desde una distancia segura. El R5110 cuenta con dos rangos de voltaje que le permiten detectar cableado de voltaje de CA alto (90 a 1000V) y bajo (24 a 1000V).<\/p>\n<p><strong>Funciones<\/strong><\/p>\n<ul>\n<li>Adecuado para recept\u00e1culos o contra alambre aislado<\/li>\n<li>Carcasa de doble aislamiento para mayor seguridad<\/li>\n<li>Indicadores audibles (zumbador) y visuales (LED)<\/li>\n<li>Linterna incorporada<\/li>\n<li>Clip de bolsillo<\/li>\n<li>Apagado autom\u00e1tico<\/li>\n<li>Gato. Clasificaci\u00f3n de seguridad IV 1000V<\/li>\n<\/ul>\n<h4>Fluke 771-KIT2 Especificaciones<\/h4>\n<table class=\"table table-striped\">\n<tbody>\n<tr>\n<td>Resoluci\u00f3n\/Rango<\/td>\n<td>De 0 a 20,99 mA<\/td>\n<\/tr>\n<tr>\n<td>Exactitud<\/td>\n<td>0.2% + 2 cuentas<\/td>\n<\/tr>\n<tr>\n<td>Resoluci\u00f3n\/Rango<\/td>\n<td>De 21,0 mA a 100,0 mA<\/td>\n<\/tr>\n<tr>\n<td>Exactitud<\/td>\n<td>1% + 5 cuentas<\/td>\n<\/tr>\n<tr>\n<td>Di\u00e1metro del conductor medible<\/td>\n<td>0,177&#8243; (4,5 mm) m\u00e1x.<\/td>\n<\/tr>\n<tr>\n<td>Clasificaci\u00f3n IP<\/td>\n<td>IP 40<\/td>\n<\/tr>\n<\/tbody>\n<\/table>\n","protected":false},"excerpt":{"rendered":"<p>La pinza amperim\u00e9trica de 771 mA est\u00e1 dise\u00f1ada para ahorrarle tiempo y dinero al eliminar las actividades que hacen perder tiempo. Ahora puede solucionar problemas y reparar bucles de 4 a 20 mA sin romper el bucle ni derribar el sistema.<\/p>\n","protected":false},"featured_media":2171,"comment_status":"open","ping_status":"closed","template":"","meta":{"_joinchat":[]},"product_brand":[],"product_cat":[15],"product_tag":[],"class_list":{"0":"post-2156","1":"product","2":"type-product","3":"status-publish","4":"has-post-thumbnail","6":"product_cat-sin-categorizar","8":"first","9":"instock","10":"shipping-taxable","11":"product-type-simple"},"yoast_head":"<!-- This site is optimized with the Yoast SEO plugin v26.4 - https:\/\/yoast.com\/wordpress\/plugins\/seo\/ -->\n<title>kit de pinza amperim\u00e9trica de proceso fluke 771 milliamp - incluye productos gratis con la compra - Abaa tienda online<\/title>\n<meta name=\"robots\" content=\"index, follow, max-snippet:-1, max-image-preview:large, max-video-preview:-1\" \/>\n<link rel=\"canonical\" href=\"https:\/\/abaa.mx\/tienda\/kit-de-pinza-amperimetrica-de-proceso-fluke-771-milliamp-incluye-productos-gratis-con-la-compra\/\" \/>\n<meta property=\"og:locale\" content=\"es_MX\" \/>\n<meta property=\"og:type\" content=\"article\" \/>\n<meta property=\"og:title\" content=\"kit de pinza amperim\u00e9trica de proceso fluke 771 milliamp - incluye productos gratis con la compra - Abaa tienda online\" \/>\n<meta property=\"og:description\" content=\"La pinza amperim\u00e9trica de 771 mA est\u00e1 dise\u00f1ada para ahorrarle tiempo y dinero al eliminar las actividades que hacen perder tiempo. Ahora puede solucionar problemas y reparar bucles de 4 a 20 mA sin romper el bucle ni derribar el sistema.\" \/>\n<meta property=\"og:url\" content=\"https:\/\/abaa.mx\/tienda\/kit-de-pinza-amperimetrica-de-proceso-fluke-771-milliamp-incluye-productos-gratis-con-la-compra\/\" \/>\n<meta property=\"og:site_name\" content=\"Abaa tienda online\" \/>\n<meta property=\"og:image\" content=\"https:\/\/abaa.mx\/tienda\/wp-content\/uploads\/2023\/09\/771-KIT2.jpg\" \/>\n\t<meta property=\"og:image:width\" content=\"270\" \/>\n\t<meta property=\"og:image:height\" content=\"341\" \/>\n\t<meta property=\"og:image:type\" content=\"image\/jpeg\" \/>\n<meta name=\"twitter:card\" content=\"summary_large_image\" \/>\n<meta name=\"twitter:label1\" content=\"Tiempo de lectura\" \/>\n\t<meta name=\"twitter:data1\" content=\"2 minutos\" \/>\n<script type=\"application\/ld+json\" class=\"yoast-schema-graph\">{\"@context\":\"https:\/\/schema.org\",\"@graph\":[{\"@type\":\"WebPage\",\"@id\":\"https:\/\/abaa.mx\/tienda\/kit-de-pinza-amperimetrica-de-proceso-fluke-771-milliamp-incluye-productos-gratis-con-la-compra\/\",\"url\":\"https:\/\/abaa.mx\/tienda\/kit-de-pinza-amperimetrica-de-proceso-fluke-771-milliamp-incluye-productos-gratis-con-la-compra\/\",\"name\":\"kit de pinza amperim\u00e9trica de proceso fluke 771 milliamp - incluye productos gratis con la compra - Abaa tienda online\",\"isPartOf\":{\"@id\":\"https:\/\/abaa.mx\/tienda\/#website\"},\"primaryImageOfPage\":{\"@id\":\"https:\/\/abaa.mx\/tienda\/kit-de-pinza-amperimetrica-de-proceso-fluke-771-milliamp-incluye-productos-gratis-con-la-compra\/#primaryimage\"},\"image\":{\"@id\":\"https:\/\/abaa.mx\/tienda\/kit-de-pinza-amperimetrica-de-proceso-fluke-771-milliamp-incluye-productos-gratis-con-la-compra\/#primaryimage\"},\"thumbnailUrl\":\"https:\/\/abaa.mx\/tienda\/wp-content\/uploads\/2023\/09\/771-KIT2.jpg\",\"datePublished\":\"2023-09-20T14:57:52+00:00\",\"breadcrumb\":{\"@id\":\"https:\/\/abaa.mx\/tienda\/kit-de-pinza-amperimetrica-de-proceso-fluke-771-milliamp-incluye-productos-gratis-con-la-compra\/#breadcrumb\"},\"inLanguage\":\"es\",\"potentialAction\":[{\"@type\":\"ReadAction\",\"target\":[\"https:\/\/abaa.mx\/tienda\/kit-de-pinza-amperimetrica-de-proceso-fluke-771-milliamp-incluye-productos-gratis-con-la-compra\/\"]}]},{\"@type\":\"ImageObject\",\"inLanguage\":\"es\",\"@id\":\"https:\/\/abaa.mx\/tienda\/kit-de-pinza-amperimetrica-de-proceso-fluke-771-milliamp-incluye-productos-gratis-con-la-compra\/#primaryimage\",\"url\":\"https:\/\/abaa.mx\/tienda\/wp-content\/uploads\/2023\/09\/771-KIT2.jpg\",\"contentUrl\":\"https:\/\/abaa.mx\/tienda\/wp-content\/uploads\/2023\/09\/771-KIT2.jpg\",\"width\":270,\"height\":341,\"caption\":\"771-KIT2\"},{\"@type\":\"BreadcrumbList\",\"@id\":\"https:\/\/abaa.mx\/tienda\/kit-de-pinza-amperimetrica-de-proceso-fluke-771-milliamp-incluye-productos-gratis-con-la-compra\/#breadcrumb\",\"itemListElement\":[{\"@type\":\"ListItem\",\"position\":1,\"name\":\"Inicio\",\"item\":\"https:\/\/abaa.mx\/tienda\/\"},{\"@type\":\"ListItem\",\"position\":2,\"name\":\"Tienda\",\"item\":\"https:\/\/abaa.mx\/tienda\/\"},{\"@type\":\"ListItem\",\"position\":3,\"name\":\"kit de pinza amperim\u00e9trica de proceso fluke 771 milliamp &#8211; incluye productos gratis con la compra\"}]},{\"@type\":\"WebSite\",\"@id\":\"https:\/\/abaa.mx\/tienda\/#website\",\"url\":\"https:\/\/abaa.mx\/tienda\/\",\"name\":\"Abaa tienda online\",\"description\":\"Instrumentos de medici\u00f3n\",\"publisher\":{\"@id\":\"https:\/\/abaa.mx\/tienda\/#organization\"},\"potentialAction\":[{\"@type\":\"SearchAction\",\"target\":{\"@type\":\"EntryPoint\",\"urlTemplate\":\"https:\/\/abaa.mx\/tienda\/?s={search_term_string}\"},\"query-input\":{\"@type\":\"PropertyValueSpecification\",\"valueRequired\":true,\"valueName\":\"search_term_string\"}}],\"inLanguage\":\"es\"},{\"@type\":\"Organization\",\"@id\":\"https:\/\/abaa.mx\/tienda\/#organization\",\"name\":\"Abaa tienda online\",\"url\":\"https:\/\/abaa.mx\/tienda\/\",\"logo\":{\"@type\":\"ImageObject\",\"inLanguage\":\"es\",\"@id\":\"https:\/\/abaa.mx\/tienda\/#\/schema\/logo\/image\/\",\"url\":\"https:\/\/abaa.mx\/tienda\/wp-content\/uploads\/2024\/01\/abaa-metrologia-tienda.png\",\"contentUrl\":\"https:\/\/abaa.mx\/tienda\/wp-content\/uploads\/2024\/01\/abaa-metrologia-tienda.png\",\"width\":300,\"height\":141,\"caption\":\"Abaa tienda online\"},\"image\":{\"@id\":\"https:\/\/abaa.mx\/tienda\/#\/schema\/logo\/image\/\"}}]}<\/script>\n<!-- \/ Yoast SEO plugin. -->","yoast_head_json":{"title":"kit de pinza amperim\u00e9trica de proceso fluke 771 milliamp - incluye productos gratis con la compra - Abaa tienda online","robots":{"index":"index","follow":"follow","max-snippet":"max-snippet:-1","max-image-preview":"max-image-preview:large","max-video-preview":"max-video-preview:-1"},"canonical":"https:\/\/abaa.mx\/tienda\/kit-de-pinza-amperimetrica-de-proceso-fluke-771-milliamp-incluye-productos-gratis-con-la-compra\/","og_locale":"es_MX","og_type":"article","og_title":"kit de pinza amperim\u00e9trica de proceso fluke 771 milliamp - incluye productos gratis con la compra - Abaa tienda online","og_description":"La pinza amperim\u00e9trica de 771 mA est\u00e1 dise\u00f1ada para ahorrarle tiempo y dinero al eliminar las actividades que hacen perder tiempo. Ahora puede solucionar problemas y reparar bucles de 4 a 20 mA sin romper el bucle ni derribar el sistema.","og_url":"https:\/\/abaa.mx\/tienda\/kit-de-pinza-amperimetrica-de-proceso-fluke-771-milliamp-incluye-productos-gratis-con-la-compra\/","og_site_name":"Abaa tienda online","og_image":[{"width":270,"height":341,"url":"https:\/\/abaa.mx\/tienda\/wp-content\/uploads\/2023\/09\/771-KIT2.jpg","type":"image\/jpeg"}],"twitter_card":"summary_large_image","twitter_misc":{"Tiempo de lectura":"2 minutos"},"schema":{"@context":"https:\/\/schema.org","@graph":[{"@type":"WebPage","@id":"https:\/\/abaa.mx\/tienda\/kit-de-pinza-amperimetrica-de-proceso-fluke-771-milliamp-incluye-productos-gratis-con-la-compra\/","url":"https:\/\/abaa.mx\/tienda\/kit-de-pinza-amperimetrica-de-proceso-fluke-771-milliamp-incluye-productos-gratis-con-la-compra\/","name":"kit de pinza amperim\u00e9trica de proceso fluke 771 milliamp - incluye productos gratis con la compra - Abaa tienda online","isPartOf":{"@id":"https:\/\/abaa.mx\/tienda\/#website"},"primaryImageOfPage":{"@id":"https:\/\/abaa.mx\/tienda\/kit-de-pinza-amperimetrica-de-proceso-fluke-771-milliamp-incluye-productos-gratis-con-la-compra\/#primaryimage"},"image":{"@id":"https:\/\/abaa.mx\/tienda\/kit-de-pinza-amperimetrica-de-proceso-fluke-771-milliamp-incluye-productos-gratis-con-la-compra\/#primaryimage"},"thumbnailUrl":"https:\/\/abaa.mx\/tienda\/wp-content\/uploads\/2023\/09\/771-KIT2.jpg","datePublished":"2023-09-20T14:57:52+00:00","breadcrumb":{"@id":"https:\/\/abaa.mx\/tienda\/kit-de-pinza-amperimetrica-de-proceso-fluke-771-milliamp-incluye-productos-gratis-con-la-compra\/#breadcrumb"},"inLanguage":"es","potentialAction":[{"@type":"ReadAction","target":["https:\/\/abaa.mx\/tienda\/kit-de-pinza-amperimetrica-de-proceso-fluke-771-milliamp-incluye-productos-gratis-con-la-compra\/"]}]},{"@type":"ImageObject","inLanguage":"es","@id":"https:\/\/abaa.mx\/tienda\/kit-de-pinza-amperimetrica-de-proceso-fluke-771-milliamp-incluye-productos-gratis-con-la-compra\/#primaryimage","url":"https:\/\/abaa.mx\/tienda\/wp-content\/uploads\/2023\/09\/771-KIT2.jpg","contentUrl":"https:\/\/abaa.mx\/tienda\/wp-content\/uploads\/2023\/09\/771-KIT2.jpg","width":270,"height":341,"caption":"771-KIT2"},{"@type":"BreadcrumbList","@id":"https:\/\/abaa.mx\/tienda\/kit-de-pinza-amperimetrica-de-proceso-fluke-771-milliamp-incluye-productos-gratis-con-la-compra\/#breadcrumb","itemListElement":[{"@type":"ListItem","position":1,"name":"Inicio","item":"https:\/\/abaa.mx\/tienda\/"},{"@type":"ListItem","position":2,"name":"Tienda","item":"https:\/\/abaa.mx\/tienda\/"},{"@type":"ListItem","position":3,"name":"kit de pinza amperim\u00e9trica de proceso fluke 771 milliamp &#8211; incluye productos gratis con la compra"}]},{"@type":"WebSite","@id":"https:\/\/abaa.mx\/tienda\/#website","url":"https:\/\/abaa.mx\/tienda\/","name":"Abaa tienda online","description":"Instrumentos de medici\u00f3n","publisher":{"@id":"https:\/\/abaa.mx\/tienda\/#organization"},"potentialAction":[{"@type":"SearchAction","target":{"@type":"EntryPoint","urlTemplate":"https:\/\/abaa.mx\/tienda\/?s={search_term_string}"},"query-input":{"@type":"PropertyValueSpecification","valueRequired":true,"valueName":"search_term_string"}}],"inLanguage":"es"},{"@type":"Organization","@id":"https:\/\/abaa.mx\/tienda\/#organization","name":"Abaa tienda online","url":"https:\/\/abaa.mx\/tienda\/","logo":{"@type":"ImageObject","inLanguage":"es","@id":"https:\/\/abaa.mx\/tienda\/#\/schema\/logo\/image\/","url":"https:\/\/abaa.mx\/tienda\/wp-content\/uploads\/2024\/01\/abaa-metrologia-tienda.png","contentUrl":"https:\/\/abaa.mx\/tienda\/wp-content\/uploads\/2024\/01\/abaa-metrologia-tienda.png","width":300,"height":141,"caption":"Abaa tienda online"},"image":{"@id":"https:\/\/abaa.mx\/tienda\/#\/schema\/logo\/image\/"}}]}},"_links":{"self":[{"href":"https:\/\/abaa.mx\/tienda\/wp-json\/wp\/v2\/product\/2156","targetHints":{"allow":["GET"]}}],"collection":[{"href":"https:\/\/abaa.mx\/tienda\/wp-json\/wp\/v2\/product"}],"about":[{"href":"https:\/\/abaa.mx\/tienda\/wp-json\/wp\/v2\/types\/product"}],"replies":[{"embeddable":true,"href":"https:\/\/abaa.mx\/tienda\/wp-json\/wp\/v2\/comments?post=2156"}],"wp:featuredmedia":[{"embeddable":true,"href":"https:\/\/abaa.mx\/tienda\/wp-json\/wp\/v2\/media\/2171"}],"wp:attachment":[{"href":"https:\/\/abaa.mx\/tienda\/wp-json\/wp\/v2\/media?parent=2156"}],"wp:term":[{"taxonomy":"product_brand","embeddable":true,"href":"https:\/\/abaa.mx\/tienda\/wp-json\/wp\/v2\/product_brand?post=2156"},{"taxonomy":"product_cat","embeddable":true,"href":"https:\/\/abaa.mx\/tienda\/wp-json\/wp\/v2\/product_cat?post=2156"},{"taxonomy":"product_tag","embeddable":true,"href":"https:\/\/abaa.mx\/tienda\/wp-json\/wp\/v2\/product_tag?post=2156"}],"curies":[{"name":"wp","href":"https:\/\/api.w.org\/{rel}","templated":true}]}}