{"id":2154,"date":"2023-09-20T14:53:00","date_gmt":"2023-09-20T14:53:00","guid":{"rendered":"https:\/\/abaa.mx\/tienda\/?post_type=product&#038;p=2154"},"modified":"2023-11-28T19:21:25","modified_gmt":"2023-11-28T19:21:25","slug":"pinza-amperimetrica-fluke-393fc-true-rms-con-iflex-cat-iii-1500-v-1500-v-cc-1000-v-ca-9999-a-cc-o-ca","status":"publish","type":"product","link":"https:\/\/abaa.mx\/tienda\/pinza-amperimetrica-fluke-393fc-true-rms-con-iflex-cat-iii-1500-v-1500-v-cc-1000-v-ca-9999-a-cc-o-ca\/","title":{"rendered":"pinza amperim\u00e9trica fluke 393fc true-rms con iflex, cat iii 1500 v, 1500 v cc-1000 v ca-999,9 a cc o ca"},"content":{"rendered":"<p>&nbsp;<\/p>\n<p>Trabaje de manera eficiente con esta pinza amperim\u00e9trica de RMS real que cuenta con medici\u00f3n de potencia de CC, polaridad de audio y continuidad visual. Adem\u00e1s, este medidor cuenta con transmisi\u00f3n inal\u00e1mbrica y guarda los resultados de las pruebas en un tel\u00e9fono inteligente o en la nube para ahorrar tiempo y eliminar los errores de entrada de datos.<\/p>\n<p>&nbsp;<\/p>\n<p><strong>Funciones:<\/strong><\/p>\n<ul>\n<li>Clasificaci\u00f3n IP54, ideal para trabajar al aire libre en condiciones polvorientas o h\u00famedas en paneles solares y sistemas de energ\u00eda e\u00f3lica.<\/li>\n<li>Medici\u00f3n de potencia de CC, mostrando lecturas en kVA.<\/li>\n<li>El indicador de polaridad de audio ayuda a evitar errores accidentales.<\/li>\n<li>Los giros de continuidad visual proporcionan una luz verde brillante en la pantalla, ideal cuando se trabaja en entornos oscuros y ruidosos.<\/li>\n<li>Registro e informe de los resultados de las pruebas a trav\u00e9s del software.<\/li>\n<li>Mida de forma segura con pinzas amperim\u00e9tricas CAT III de 1500 V.<\/li>\n<li>Mand\u00edbula delgada para acceder a cables en cajas combinadas abarrotadas, capaz de sujetar m\u00faltiples cables.<\/li>\n<li>Los juegos de cables de prueba MC4 est\u00e1n dise\u00f1ados para su uso con pinzas amperim\u00e9tricas solares que aceptan tapones banana de 0,15&#8243; (4 mm), con una clasificaci\u00f3n de CAT III 1000 V \/ CAT IV 600 V.<\/li>\n<li>Vea el voltaje y la corriente simult\u00e1neamente con la pantalla dual del medidor.<\/li>\n<\/ul>\n<p>&nbsp;<\/p>\n<p><strong>Aplicaciones:<\/strong><\/p>\n<ul>\n<li>Paneles solares.<\/li>\n<li>Energ\u00eda e\u00f3lica.<\/li>\n<li>Ferrocarriles el\u00e9ctricos.<\/li>\n<li>Centros de datos.<\/li>\n<li>Bancos de bater\u00edas para sistemas de alimentaci\u00f3n ininterrumpida.<\/li>\n<\/ul>\n<p>&nbsp;<\/p>\n<h4>Especificaciones de Fluke 393FC<\/h4>\n<table class=\"table table-striped\">\n<tbody>\n<tr>\n<td>Voltaje m\u00e1ximo entre cualquier terminal y tierra<\/td>\n<td>1000 V CA<br \/>\n1500 V CC<\/td>\n<\/tr>\n<tr>\n<td>Especificaciones el\u00e9ctricas<\/td>\n<td>Precisi\u00f3n: La precisi\u00f3n se especifica durante 1 a\u00f1o despu\u00e9s de la calibraci\u00f3n, a temperaturas de funcionamiento de 64.4 a 82.4 \u00b0 F (18 a 28 \u00b0 C), humedad relativa de 0 a 75%. Las especificaciones de precisi\u00f3n toman la forma de: \u00b1([% de lectura] + [N\u00famero de d\u00edgitos menos significativos])Coeficientes de temperatura: Agregue 0.1 x precisi\u00f3n especificada para cada \u00b0C &gt; 64.4 \u00b0 F (28 \u00b0 C) o &lt; 82.4 \u00b0 F (18 \u00b0 C)<\/td>\n<\/tr>\n<tr>\n<td>Corriente alterna: mand\u00edbula<\/td>\n<td>Rango: 999.9 A<br \/>\nResoluci\u00f3n: 0.1 A<br \/>\nPrecisi\u00f3n: 2% + 5 d\u00edgitos (10 a 100 Hz); 2.5% + 5 d\u00edgitos (100 a 500 Hz)Factor de cresta (50\/60 Hz):<br \/>\n2.5 a 600 A 3 a 500 A 1.42 a 999.9 A<\/p>\n<p>Agregue<br \/>\n2% para C.F. &gt;2<\/td>\n<\/tr>\n<tr>\n<td>Corriente alterna: sonda de corriente flexible<\/td>\n<td>Rango: 999.9 A; Resoluci\u00f3n 2500 A: 0,1 A (\u2264999,9 A<br \/>\n); 1 A (\u22642500 A)Precisi\u00f3n: 3 % RD + 5 d\u00edgitos (10 a 500 Hz)&lt;br<br \/>\nFactor de cresta (50\/60Hz):<br \/>\n2.5 a 1400 A 3 a 1100 A 1.42 a 2500 AA\u00f1adir 2% para C.F. &gt;2&lt;\/br<\/td>\n<\/tr>\n<tr>\n<td>Sensibilidad de posici\u00f3n<\/td>\n<td>Distancia desde el \u00f3ptimo:A<br \/>\nB<br \/>\nCi2500-18 Flex:1.4&#8243; (35.6 mm)2&#8243; (50.8 mm)2.5&#8243; (63.5 mm)<\/p>\n<p>Error:<\/p>\n<p>\u00b10.5%\u00b11%\u00b12%<\/td>\n<\/tr>\n<tr>\n<td>Corriente continua<\/td>\n<td>Rango: 999.9 A Resoluci\u00f3n: 0.1 A<\/p>\n<p>Precisi\u00f3n: 2% RD + 5 d\u00edgitos, Cuando se utiliza la funci\u00f3n CERO para compensar los desplazamientos<\/td>\n<\/tr>\n<tr>\n<td>Voltaje de CA<\/td>\n<td>Rango: 600 V; Resoluci\u00f3n de 1000 V: 0.1 V (\u2264600 V<br \/>\n); 1 V (\u22641000 V)Precisi\u00f3n: 1% RD + 5 d\u00edgitos (20 a 500 Hz)<\/td>\n<\/tr>\n<tr>\n<td>Voltaje de CC<\/td>\n<td>Rango: 600 V; Resoluci\u00f3n 1500: 0.1 V (\u2264600 V), 1 V (\u22641500<br \/>\nV)<br \/>\nPrecisi\u00f3n: 1% RD + 5 d\u00edgitos<\/td>\n<\/tr>\n<tr>\n<td>mV CC<\/td>\n<td>Rango: 500 mV Resoluci\u00f3n: 0.1 mV<\/p>\n<p>Precisi\u00f3n: 1% RD + 5 d\u00edgitos<\/td>\n<\/tr>\n<tr>\n<td>Frecuencia de amperios: Mand\u00edbula<\/td>\n<td>Rango: 5 a 500 Hz Resoluci\u00f3n: 0.1 Hz Precisi\u00f3n: 0.5% RD + 5 d\u00edgitos Nivel de<\/p>\n<p>disparo:<br \/>\n5 a 10 Hz \u226510 A 10 a 100 Hz, \u22655 A 100 a 500 Hz<\/p>\n<p>, \u226510 A<\/td>\n<\/tr>\n<tr>\n<td>Frecuencia de amperios: sonda de corriente flexible<\/td>\n<td>Rango: 5 a 500 Hz Resoluci\u00f3n: 0.1 Hz Precisi\u00f3n: 0.5% RD + 5 d\u00edgitos Nivel de<\/p>\n<p>disparo:<br \/>\n5 a 10 Hz \u226510 A 10 a 100 Hz, \u22655 A 100 a 500 Hz<\/p>\n<p>, \u226510 A<\/td>\n<\/tr>\n<tr>\n<td>Frecuencia de voltaje<\/td>\n<td>Rango: 5 a 500 Hz Resoluci\u00f3n: 0.1 Hz Precisi\u00f3n: 0.5% RD + 5 d\u00edgitos Nivel de<\/p>\n<p>disparo:<br \/>\n5 a 20 Hz, \u22655 V 20 a 100 Hz, \u22655 V 100 a 500 Hz<\/p>\n<p>, \u226510 V<\/td>\n<\/tr>\n<tr>\n<td>Alimentaci\u00f3n de CC<\/td>\n<td>Rango: 600 kVA (rango de 600 V DC), 1500 kVA (rango de 1500 V DC)<br \/>\nResoluci\u00f3n: 0.1 kVA, 1 kVA Precisi\u00f3n: 2% RD + 2 kVA, 2% RD + 20 kVA<\/td>\n<\/tr>\n<tr>\n<td>Resistencia<\/td>\n<td>Rango: 600 \u03a9, 6000 \u03a9, 60 k\u03a9 Resoluci\u00f3n: 0.1 \u03a9 (\u2264600 \u03a9), 1 \u03a9 (\u22646000 \u03a9), 0.01 k\u03a9 (\u226460 k\u03a9<br \/>\n)<br \/>\nPrecisi\u00f3n: 1% RD + 5 d\u00edgitos<\/td>\n<\/tr>\n<tr>\n<td>Capacitancia<\/td>\n<td>Rango: 100 \u03bcF, 1000 \u03bcF Resoluci\u00f3n: 0.1 \u03bcF (\u2264100 \u03bcF), 1 \u03bcF<br \/>\n(\u22641000 \u03bcF)<br \/>\nPrecisi\u00f3n: 1% RD + 5 d\u00edgitos Nivel de<br \/>\ndisparo de entrada: 5 A<\/td>\n<\/tr>\n<tr>\n<td>Temperatura<\/td>\n<td>En funcionamiento: 14 a 122 \u00b0F (-10 a 50 \u00b0C)Almacenamiento: -40 a 140 \u00b0F (-40 a 60 \u00b0C)<\/td>\n<\/tr>\n<tr>\n<td>Humedad de funcionamiento<\/td>\n<td>Sin condensaci\u00f3n &lt;50 \u00b0F (10 \u00b0C)\u226490 % HR a 50 a 86 \u00b0F (10 a 30 \u00b0C)\u226475 % HR a 86 a 104 \u00b0F (30 a 40 \u00b0C)\u226445 % HR a 104 a 122 \u00b0F (40 a 50 \u00b0C)<\/td>\n<\/tr>\n<tr>\n<td>Altitud<\/td>\n<td>En funcionamiento: 6561,68&#8242; (2000 m)Almacenes: 39.370,07&#8242; (12.000 m)<\/td>\n<\/tr>\n<tr>\n<td>Compatibilidad electromagn\u00e9tica (EMC)<\/td>\n<td>Internacional: IEC 61326-1: Entorno electromagn\u00e9tico port\u00e1til, IEC 61326-2-2 CISPR 11: Grupo 1, Clase A Grupo 1: El equipo ha generado y\/o utiliza intencionalmente energ\u00eda de radiofrecuencia acoplada conductivamente que es necesaria para la funci\u00f3n interna del propio equipo. Clase A: El equipo es adecuado para su uso en todos los establecimientos que no sean dom\u00e9sticos y aquellos conectados directamente a una red de suministro de energ\u00eda de baja tensi\u00f3n que abastece a los edificios utilizados para fines dom\u00e9sticos. Puede haber dificultades potenciales para garantizar la compatibilidad electromagn\u00e9tica en otros entornos debido a perturbaciones conducidas y radiadas. Precauci\u00f3n: Este equipo no est\u00e1 dise\u00f1ado para su uso en entornos residenciales y es posible que no proporcione una protecci\u00f3n adecuada para la recepci\u00f3n de radio en dichos entornos.<br \/>\nCorea (KCC): Equipo de clase A (equipo industrial de radiodifusi\u00f3n y comunicaciones) Clase A: El equipo cumple con los requisitos para equipos industriales de ondas electromagn\u00e9ticas y el vendedor o usuario debe tomar nota de ello. Este equipo est\u00e1 dise\u00f1ado para su uso en entornos empresariales y no para ser utilizado en hogares.<br \/>\nEstados Unidos (FCC): 47 CFR 15 subparte B. Este producto se considera un dispositivo exento seg\u00fan la cl\u00e1usula 15.103.<\/td>\n<\/tr>\n<tr>\n<td>Seguridad<\/td>\n<td>General: IEC 61010-1, grado de contaminaci\u00f3n 2 Medici\u00f3n: IEC 61010-2-032: CAT III 1500 V \/ CAT IV 600 V IEC 61010-2-033<\/p>\n<p>:<br \/>\nCAT III 1500 V \/ CAT IV 600 V<\/td>\n<\/tr>\n<tr>\n<td>Radio inal\u00e1mbrica<\/td>\n<td>Certificaci\u00f3n de radiofrecuencia: FCC ID: T68-FBLE, IC: 6627A-FBLE<br \/>\nRango de radiofrecuencia inal\u00e1mbrica: 2400 a 2483.5 MHz<br \/>\nPotencia de salida: &lt;100 mW<br \/>\nDECLARACI\u00d3N DE CONFORMIDAD UE SIMPLIFICADA Por la presente, Fluke declara que el equipo radioel\u00e9ctrico contenido en este Producto cumple con la Directiva 2014\/53\/UE.<\/td>\n<\/tr>\n<tr>\n<td>Apagado autom\u00e1tico<\/td>\n<td>20 minutos<\/td>\n<\/tr>\n<tr>\n<td>Monitor<\/td>\n<td>Pantalla dual con luz de fondo<\/td>\n<\/tr>\n<tr>\n<td>Bater\u00edas<\/td>\n<td>Dos alcalinos AA IEC LR6<\/td>\n<\/tr>\n<tr>\n<td>Dimensiones<\/td>\n<td>Tama\u00f1o: 11.06 x 3.3 x 1.92&#8243; (281 x 84 x 49 mm)Abertura de la mand\u00edbula: 1.33&#8243; (34 mm)Di\u00e1metro de la sonda de corriente flexible: 0.29&#8243; (7.5 mm)Longitud del cable de la sonda de corriente flexible (cabezal al conector electr\u00f3nico): 0.07&#8243; (1.8 m)<\/td>\n<\/tr>\n<\/tbody>\n<\/table>\n","protected":false},"excerpt":{"rendered":"<p>Trabaje de manera eficiente con esta pinza amperim\u00e9trica de RMS real que cuenta con medici\u00f3n de potencia de CC, polaridad de audio y continuidad visual. Adem\u00e1s, este medidor cuenta con transmisi\u00f3n inal\u00e1mbrica y guarda los resultados de las pruebas en un tel\u00e9fono inteligente o en la nube para ahorrar tiempo y eliminar los errores de entrada de datos.<\/p>\n","protected":false},"featured_media":2166,"comment_status":"open","ping_status":"closed","template":"","meta":{"_joinchat":[]},"product_brand":[],"product_cat":[15],"product_tag":[],"class_list":{"0":"post-2154","1":"product","2":"type-product","3":"status-publish","4":"has-post-thumbnail","6":"product_cat-sin-categorizar","8":"first","9":"instock","10":"shipping-taxable","11":"product-type-simple"},"yoast_head":"<!-- This site is optimized with the Yoast SEO plugin v26.4 - https:\/\/yoast.com\/wordpress\/plugins\/seo\/ -->\n<title>pinza amperim\u00e9trica fluke 393fc true-rms con iflex, cat iii 1500 v, 1500 v cc-1000 v ca-999,9 a cc o ca - Abaa tienda online<\/title>\n<meta name=\"robots\" content=\"index, follow, max-snippet:-1, max-image-preview:large, max-video-preview:-1\" \/>\n<link rel=\"canonical\" href=\"https:\/\/abaa.mx\/tienda\/pinza-amperimetrica-fluke-393fc-true-rms-con-iflex-cat-iii-1500-v-1500-v-cc-1000-v-ca-9999-a-cc-o-ca\/\" \/>\n<meta property=\"og:locale\" content=\"es_MX\" \/>\n<meta property=\"og:type\" content=\"article\" \/>\n<meta property=\"og:title\" content=\"pinza amperim\u00e9trica fluke 393fc true-rms con iflex, cat iii 1500 v, 1500 v cc-1000 v ca-999,9 a cc o ca - Abaa tienda online\" \/>\n<meta property=\"og:description\" content=\"Trabaje de manera eficiente con esta pinza amperim\u00e9trica de RMS real que cuenta con medici\u00f3n de potencia de CC, polaridad de audio y continuidad visual. Adem\u00e1s, este medidor cuenta con transmisi\u00f3n inal\u00e1mbrica y guarda los resultados de las pruebas en un tel\u00e9fono inteligente o en la nube para ahorrar tiempo y eliminar los errores de entrada de datos.\" \/>\n<meta property=\"og:url\" content=\"https:\/\/abaa.mx\/tienda\/pinza-amperimetrica-fluke-393fc-true-rms-con-iflex-cat-iii-1500-v-1500-v-cc-1000-v-ca-9999-a-cc-o-ca\/\" \/>\n<meta property=\"og:site_name\" content=\"Abaa tienda online\" \/>\n<meta property=\"article:modified_time\" content=\"2023-11-28T19:21:25+00:00\" \/>\n<meta property=\"og:image\" content=\"https:\/\/abaa.mx\/tienda\/wp-content\/uploads\/2023\/09\/393FC.jpg\" \/>\n\t<meta property=\"og:image:width\" content=\"270\" \/>\n\t<meta property=\"og:image:height\" content=\"500\" \/>\n\t<meta property=\"og:image:type\" content=\"image\/jpeg\" \/>\n<meta name=\"twitter:card\" content=\"summary_large_image\" \/>\n<meta name=\"twitter:label1\" content=\"Tiempo de lectura\" \/>\n\t<meta name=\"twitter:data1\" content=\"5 minutos\" \/>\n<script type=\"application\/ld+json\" class=\"yoast-schema-graph\">{\"@context\":\"https:\/\/schema.org\",\"@graph\":[{\"@type\":\"WebPage\",\"@id\":\"https:\/\/abaa.mx\/tienda\/pinza-amperimetrica-fluke-393fc-true-rms-con-iflex-cat-iii-1500-v-1500-v-cc-1000-v-ca-9999-a-cc-o-ca\/\",\"url\":\"https:\/\/abaa.mx\/tienda\/pinza-amperimetrica-fluke-393fc-true-rms-con-iflex-cat-iii-1500-v-1500-v-cc-1000-v-ca-9999-a-cc-o-ca\/\",\"name\":\"pinza amperim\u00e9trica fluke 393fc true-rms con iflex, cat iii 1500 v, 1500 v cc-1000 v ca-999,9 a cc o ca - Abaa tienda online\",\"isPartOf\":{\"@id\":\"https:\/\/abaa.mx\/tienda\/#website\"},\"primaryImageOfPage\":{\"@id\":\"https:\/\/abaa.mx\/tienda\/pinza-amperimetrica-fluke-393fc-true-rms-con-iflex-cat-iii-1500-v-1500-v-cc-1000-v-ca-9999-a-cc-o-ca\/#primaryimage\"},\"image\":{\"@id\":\"https:\/\/abaa.mx\/tienda\/pinza-amperimetrica-fluke-393fc-true-rms-con-iflex-cat-iii-1500-v-1500-v-cc-1000-v-ca-9999-a-cc-o-ca\/#primaryimage\"},\"thumbnailUrl\":\"https:\/\/abaa.mx\/tienda\/wp-content\/uploads\/2023\/09\/393FC.jpg\",\"datePublished\":\"2023-09-20T14:53:00+00:00\",\"dateModified\":\"2023-11-28T19:21:25+00:00\",\"breadcrumb\":{\"@id\":\"https:\/\/abaa.mx\/tienda\/pinza-amperimetrica-fluke-393fc-true-rms-con-iflex-cat-iii-1500-v-1500-v-cc-1000-v-ca-9999-a-cc-o-ca\/#breadcrumb\"},\"inLanguage\":\"es\",\"potentialAction\":[{\"@type\":\"ReadAction\",\"target\":[\"https:\/\/abaa.mx\/tienda\/pinza-amperimetrica-fluke-393fc-true-rms-con-iflex-cat-iii-1500-v-1500-v-cc-1000-v-ca-9999-a-cc-o-ca\/\"]}]},{\"@type\":\"ImageObject\",\"inLanguage\":\"es\",\"@id\":\"https:\/\/abaa.mx\/tienda\/pinza-amperimetrica-fluke-393fc-true-rms-con-iflex-cat-iii-1500-v-1500-v-cc-1000-v-ca-9999-a-cc-o-ca\/#primaryimage\",\"url\":\"https:\/\/abaa.mx\/tienda\/wp-content\/uploads\/2023\/09\/393FC.jpg\",\"contentUrl\":\"https:\/\/abaa.mx\/tienda\/wp-content\/uploads\/2023\/09\/393FC.jpg\",\"width\":270,\"height\":500,\"caption\":\"393FC\"},{\"@type\":\"BreadcrumbList\",\"@id\":\"https:\/\/abaa.mx\/tienda\/pinza-amperimetrica-fluke-393fc-true-rms-con-iflex-cat-iii-1500-v-1500-v-cc-1000-v-ca-9999-a-cc-o-ca\/#breadcrumb\",\"itemListElement\":[{\"@type\":\"ListItem\",\"position\":1,\"name\":\"Inicio\",\"item\":\"https:\/\/abaa.mx\/tienda\/\"},{\"@type\":\"ListItem\",\"position\":2,\"name\":\"Tienda\",\"item\":\"https:\/\/abaa.mx\/tienda\/\"},{\"@type\":\"ListItem\",\"position\":3,\"name\":\"pinza amperim\u00e9trica fluke 393fc true-rms con iflex, cat iii 1500 v, 1500 v cc-1000 v ca-999,9 a cc o ca\"}]},{\"@type\":\"WebSite\",\"@id\":\"https:\/\/abaa.mx\/tienda\/#website\",\"url\":\"https:\/\/abaa.mx\/tienda\/\",\"name\":\"Abaa tienda online\",\"description\":\"Instrumentos de medici\u00f3n\",\"publisher\":{\"@id\":\"https:\/\/abaa.mx\/tienda\/#organization\"},\"potentialAction\":[{\"@type\":\"SearchAction\",\"target\":{\"@type\":\"EntryPoint\",\"urlTemplate\":\"https:\/\/abaa.mx\/tienda\/?s={search_term_string}\"},\"query-input\":{\"@type\":\"PropertyValueSpecification\",\"valueRequired\":true,\"valueName\":\"search_term_string\"}}],\"inLanguage\":\"es\"},{\"@type\":\"Organization\",\"@id\":\"https:\/\/abaa.mx\/tienda\/#organization\",\"name\":\"Abaa tienda online\",\"url\":\"https:\/\/abaa.mx\/tienda\/\",\"logo\":{\"@type\":\"ImageObject\",\"inLanguage\":\"es\",\"@id\":\"https:\/\/abaa.mx\/tienda\/#\/schema\/logo\/image\/\",\"url\":\"https:\/\/abaa.mx\/tienda\/wp-content\/uploads\/2024\/01\/abaa-metrologia-tienda.png\",\"contentUrl\":\"https:\/\/abaa.mx\/tienda\/wp-content\/uploads\/2024\/01\/abaa-metrologia-tienda.png\",\"width\":300,\"height\":141,\"caption\":\"Abaa tienda online\"},\"image\":{\"@id\":\"https:\/\/abaa.mx\/tienda\/#\/schema\/logo\/image\/\"}}]}<\/script>\n<!-- \/ Yoast SEO plugin. -->","yoast_head_json":{"title":"pinza amperim\u00e9trica fluke 393fc true-rms con iflex, cat iii 1500 v, 1500 v cc-1000 v ca-999,9 a cc o ca - Abaa tienda online","robots":{"index":"index","follow":"follow","max-snippet":"max-snippet:-1","max-image-preview":"max-image-preview:large","max-video-preview":"max-video-preview:-1"},"canonical":"https:\/\/abaa.mx\/tienda\/pinza-amperimetrica-fluke-393fc-true-rms-con-iflex-cat-iii-1500-v-1500-v-cc-1000-v-ca-9999-a-cc-o-ca\/","og_locale":"es_MX","og_type":"article","og_title":"pinza amperim\u00e9trica fluke 393fc true-rms con iflex, cat iii 1500 v, 1500 v cc-1000 v ca-999,9 a cc o ca - Abaa tienda online","og_description":"Trabaje de manera eficiente con esta pinza amperim\u00e9trica de RMS real que cuenta con medici\u00f3n de potencia de CC, polaridad de audio y continuidad visual. Adem\u00e1s, este medidor cuenta con transmisi\u00f3n inal\u00e1mbrica y guarda los resultados de las pruebas en un tel\u00e9fono inteligente o en la nube para ahorrar tiempo y eliminar los errores de entrada de datos.","og_url":"https:\/\/abaa.mx\/tienda\/pinza-amperimetrica-fluke-393fc-true-rms-con-iflex-cat-iii-1500-v-1500-v-cc-1000-v-ca-9999-a-cc-o-ca\/","og_site_name":"Abaa tienda online","article_modified_time":"2023-11-28T19:21:25+00:00","og_image":[{"width":270,"height":500,"url":"https:\/\/abaa.mx\/tienda\/wp-content\/uploads\/2023\/09\/393FC.jpg","type":"image\/jpeg"}],"twitter_card":"summary_large_image","twitter_misc":{"Tiempo de lectura":"5 minutos"},"schema":{"@context":"https:\/\/schema.org","@graph":[{"@type":"WebPage","@id":"https:\/\/abaa.mx\/tienda\/pinza-amperimetrica-fluke-393fc-true-rms-con-iflex-cat-iii-1500-v-1500-v-cc-1000-v-ca-9999-a-cc-o-ca\/","url":"https:\/\/abaa.mx\/tienda\/pinza-amperimetrica-fluke-393fc-true-rms-con-iflex-cat-iii-1500-v-1500-v-cc-1000-v-ca-9999-a-cc-o-ca\/","name":"pinza amperim\u00e9trica fluke 393fc true-rms con iflex, cat iii 1500 v, 1500 v cc-1000 v ca-999,9 a cc o ca - Abaa tienda online","isPartOf":{"@id":"https:\/\/abaa.mx\/tienda\/#website"},"primaryImageOfPage":{"@id":"https:\/\/abaa.mx\/tienda\/pinza-amperimetrica-fluke-393fc-true-rms-con-iflex-cat-iii-1500-v-1500-v-cc-1000-v-ca-9999-a-cc-o-ca\/#primaryimage"},"image":{"@id":"https:\/\/abaa.mx\/tienda\/pinza-amperimetrica-fluke-393fc-true-rms-con-iflex-cat-iii-1500-v-1500-v-cc-1000-v-ca-9999-a-cc-o-ca\/#primaryimage"},"thumbnailUrl":"https:\/\/abaa.mx\/tienda\/wp-content\/uploads\/2023\/09\/393FC.jpg","datePublished":"2023-09-20T14:53:00+00:00","dateModified":"2023-11-28T19:21:25+00:00","breadcrumb":{"@id":"https:\/\/abaa.mx\/tienda\/pinza-amperimetrica-fluke-393fc-true-rms-con-iflex-cat-iii-1500-v-1500-v-cc-1000-v-ca-9999-a-cc-o-ca\/#breadcrumb"},"inLanguage":"es","potentialAction":[{"@type":"ReadAction","target":["https:\/\/abaa.mx\/tienda\/pinza-amperimetrica-fluke-393fc-true-rms-con-iflex-cat-iii-1500-v-1500-v-cc-1000-v-ca-9999-a-cc-o-ca\/"]}]},{"@type":"ImageObject","inLanguage":"es","@id":"https:\/\/abaa.mx\/tienda\/pinza-amperimetrica-fluke-393fc-true-rms-con-iflex-cat-iii-1500-v-1500-v-cc-1000-v-ca-9999-a-cc-o-ca\/#primaryimage","url":"https:\/\/abaa.mx\/tienda\/wp-content\/uploads\/2023\/09\/393FC.jpg","contentUrl":"https:\/\/abaa.mx\/tienda\/wp-content\/uploads\/2023\/09\/393FC.jpg","width":270,"height":500,"caption":"393FC"},{"@type":"BreadcrumbList","@id":"https:\/\/abaa.mx\/tienda\/pinza-amperimetrica-fluke-393fc-true-rms-con-iflex-cat-iii-1500-v-1500-v-cc-1000-v-ca-9999-a-cc-o-ca\/#breadcrumb","itemListElement":[{"@type":"ListItem","position":1,"name":"Inicio","item":"https:\/\/abaa.mx\/tienda\/"},{"@type":"ListItem","position":2,"name":"Tienda","item":"https:\/\/abaa.mx\/tienda\/"},{"@type":"ListItem","position":3,"name":"pinza amperim\u00e9trica fluke 393fc true-rms con iflex, cat iii 1500 v, 1500 v cc-1000 v ca-999,9 a cc o ca"}]},{"@type":"WebSite","@id":"https:\/\/abaa.mx\/tienda\/#website","url":"https:\/\/abaa.mx\/tienda\/","name":"Abaa tienda online","description":"Instrumentos de medici\u00f3n","publisher":{"@id":"https:\/\/abaa.mx\/tienda\/#organization"},"potentialAction":[{"@type":"SearchAction","target":{"@type":"EntryPoint","urlTemplate":"https:\/\/abaa.mx\/tienda\/?s={search_term_string}"},"query-input":{"@type":"PropertyValueSpecification","valueRequired":true,"valueName":"search_term_string"}}],"inLanguage":"es"},{"@type":"Organization","@id":"https:\/\/abaa.mx\/tienda\/#organization","name":"Abaa tienda online","url":"https:\/\/abaa.mx\/tienda\/","logo":{"@type":"ImageObject","inLanguage":"es","@id":"https:\/\/abaa.mx\/tienda\/#\/schema\/logo\/image\/","url":"https:\/\/abaa.mx\/tienda\/wp-content\/uploads\/2024\/01\/abaa-metrologia-tienda.png","contentUrl":"https:\/\/abaa.mx\/tienda\/wp-content\/uploads\/2024\/01\/abaa-metrologia-tienda.png","width":300,"height":141,"caption":"Abaa tienda online"},"image":{"@id":"https:\/\/abaa.mx\/tienda\/#\/schema\/logo\/image\/"}}]}},"_links":{"self":[{"href":"https:\/\/abaa.mx\/tienda\/wp-json\/wp\/v2\/product\/2154","targetHints":{"allow":["GET"]}}],"collection":[{"href":"https:\/\/abaa.mx\/tienda\/wp-json\/wp\/v2\/product"}],"about":[{"href":"https:\/\/abaa.mx\/tienda\/wp-json\/wp\/v2\/types\/product"}],"replies":[{"embeddable":true,"href":"https:\/\/abaa.mx\/tienda\/wp-json\/wp\/v2\/comments?post=2154"}],"wp:featuredmedia":[{"embeddable":true,"href":"https:\/\/abaa.mx\/tienda\/wp-json\/wp\/v2\/media\/2166"}],"wp:attachment":[{"href":"https:\/\/abaa.mx\/tienda\/wp-json\/wp\/v2\/media?parent=2154"}],"wp:term":[{"taxonomy":"product_brand","embeddable":true,"href":"https:\/\/abaa.mx\/tienda\/wp-json\/wp\/v2\/product_brand?post=2154"},{"taxonomy":"product_cat","embeddable":true,"href":"https:\/\/abaa.mx\/tienda\/wp-json\/wp\/v2\/product_cat?post=2154"},{"taxonomy":"product_tag","embeddable":true,"href":"https:\/\/abaa.mx\/tienda\/wp-json\/wp\/v2\/product_tag?post=2154"}],"curies":[{"name":"wp","href":"https:\/\/api.w.org\/{rel}","templated":true}]}}