{"id":2137,"date":"2023-09-20T14:40:15","date_gmt":"2023-09-20T14:40:15","guid":{"rendered":"https:\/\/abaa.mx\/tienda\/?post_type=product&#038;p=2137"},"modified":"2023-09-20T14:40:16","modified_gmt":"2023-09-20T14:40:16","slug":"kit-solar-fluke-324-irr-pvld1-con-pinza-amperimetrica-true-rms-medidor-de-irradiancia-y-cables-de-prueba-mc4-600-v","status":"publish","type":"product","link":"https:\/\/abaa.mx\/tienda\/kit-solar-fluke-324-irr-pvld1-con-pinza-amperimetrica-true-rms-medidor-de-irradiancia-y-cables-de-prueba-mc4-600-v\/","title":{"rendered":"kit solar fluke 324-irr-pvld1 con pinza amperim\u00e9trica true rms, medidor de irradiancia y cables de prueba mc4, 600 v"},"content":{"rendered":"<p>Valide el voltaje de un individuo o una serie de paneles en una matriz fotovoltaica conectando de forma segura los cables de prueba solares MC4 al medidor. Obtener la cantidad de irradiancia solar necesaria para calcular la curva IV de la potencia de salida. Adem\u00e1s, esta pinza amperim\u00e9trica tiene temperatura y capacitancia, todo lo que un t\u00e9cnico de HVAC\/R podr\u00eda necesitar.<\/p>\n<p><strong>Funciones<\/strong><\/p>\n<ul>\n<li>Alto rango de medici\u00f3n de corriente alterna y voltaje AC\/DC<\/li>\n<li>Buena medici\u00f3n de resistencia y detecci\u00f3n de continuidad<\/li>\n<li>Los cables de prueba garantizan mediciones seguras de corriente y voltaje en m\u00f3dulos y sistemas fotovoltaicos<\/li>\n<\/ul>\n<p><strong>Aplicaciones<\/strong><\/p>\n<ul>\n<li>Medici\u00f3n de corriente alterna y voltaje AC\/DC<\/li>\n<li>Pruebas en paneles solares<\/li>\n<li>Medici\u00f3n de la irradiancia solar, la temperatura ambiente y del m\u00f3dulo fotovoltaico, la orientaci\u00f3n de la matriz y los \u00e1ngulos de inclinaci\u00f3n.<\/li>\n<\/ul>\n","protected":false},"excerpt":{"rendered":"<p>Valide el voltaje de un individuo o una serie de paneles en una matriz fotovoltaica conectando de forma segura los cables de prueba solares MC4 al medidor. Obtener la cantidad de irradiancia solar necesaria para calcular la curva IV de la potencia de salida. Adem\u00e1s, esta pinza amperim\u00e9trica tiene temperatura y capacitancia, todo lo que un t\u00e9cnico de HVAC\/R podr\u00eda necesitar.<\/p>\n","protected":false},"featured_media":2153,"comment_status":"open","ping_status":"closed","template":"","meta":{"_joinchat":[]},"product_brand":[],"product_cat":[15],"product_tag":[],"class_list":{"0":"post-2137","1":"product","2":"type-product","3":"status-publish","4":"has-post-thumbnail","6":"product_cat-sin-categorizar","8":"first","9":"instock","10":"shipping-taxable","11":"product-type-simple"},"yoast_head":"<!-- This site is optimized with the Yoast SEO plugin v26.4 - https:\/\/yoast.com\/wordpress\/plugins\/seo\/ -->\n<title>kit solar fluke 324-irr-pvld1 con pinza amperim\u00e9trica true rms, medidor de irradiancia y cables de prueba mc4, 600 v - Abaa tienda online<\/title>\n<meta name=\"robots\" content=\"index, follow, max-snippet:-1, max-image-preview:large, max-video-preview:-1\" \/>\n<link rel=\"canonical\" href=\"https:\/\/abaa.mx\/tienda\/kit-solar-fluke-324-irr-pvld1-con-pinza-amperimetrica-true-rms-medidor-de-irradiancia-y-cables-de-prueba-mc4-600-v\/\" \/>\n<meta property=\"og:locale\" content=\"es_MX\" \/>\n<meta property=\"og:type\" content=\"article\" \/>\n<meta property=\"og:title\" content=\"kit solar fluke 324-irr-pvld1 con pinza amperim\u00e9trica true rms, medidor de irradiancia y cables de prueba mc4, 600 v - Abaa tienda online\" \/>\n<meta property=\"og:description\" content=\"Valide el voltaje de un individuo o una serie de paneles en una matriz fotovoltaica conectando de forma segura los cables de prueba solares MC4 al medidor. Obtener la cantidad de irradiancia solar necesaria para calcular la curva IV de la potencia de salida. Adem\u00e1s, esta pinza amperim\u00e9trica tiene temperatura y capacitancia, todo lo que un t\u00e9cnico de HVAC\/R podr\u00eda necesitar.\" \/>\n<meta property=\"og:url\" content=\"https:\/\/abaa.mx\/tienda\/kit-solar-fluke-324-irr-pvld1-con-pinza-amperimetrica-true-rms-medidor-de-irradiancia-y-cables-de-prueba-mc4-600-v\/\" \/>\n<meta property=\"og:site_name\" content=\"Abaa tienda online\" \/>\n<meta property=\"article:modified_time\" content=\"2023-09-20T14:40:16+00:00\" \/>\n<meta property=\"og:image\" content=\"https:\/\/abaa.mx\/tienda\/wp-content\/uploads\/2023\/09\/324-irr-puld1-1.jpg\" \/>\n\t<meta property=\"og:image:width\" content=\"1230\" \/>\n\t<meta property=\"og:image:height\" content=\"820\" \/>\n\t<meta property=\"og:image:type\" content=\"image\/jpeg\" \/>\n<meta name=\"twitter:card\" content=\"summary_large_image\" \/>\n<meta name=\"twitter:label1\" content=\"Tiempo de lectura\" \/>\n\t<meta name=\"twitter:data1\" content=\"1 minuto\" \/>\n<script type=\"application\/ld+json\" class=\"yoast-schema-graph\">{\"@context\":\"https:\/\/schema.org\",\"@graph\":[{\"@type\":\"WebPage\",\"@id\":\"https:\/\/abaa.mx\/tienda\/kit-solar-fluke-324-irr-pvld1-con-pinza-amperimetrica-true-rms-medidor-de-irradiancia-y-cables-de-prueba-mc4-600-v\/\",\"url\":\"https:\/\/abaa.mx\/tienda\/kit-solar-fluke-324-irr-pvld1-con-pinza-amperimetrica-true-rms-medidor-de-irradiancia-y-cables-de-prueba-mc4-600-v\/\",\"name\":\"kit solar fluke 324-irr-pvld1 con pinza amperim\u00e9trica true rms, medidor de irradiancia y cables de prueba mc4, 600 v - Abaa tienda online\",\"isPartOf\":{\"@id\":\"https:\/\/abaa.mx\/tienda\/#website\"},\"primaryImageOfPage\":{\"@id\":\"https:\/\/abaa.mx\/tienda\/kit-solar-fluke-324-irr-pvld1-con-pinza-amperimetrica-true-rms-medidor-de-irradiancia-y-cables-de-prueba-mc4-600-v\/#primaryimage\"},\"image\":{\"@id\":\"https:\/\/abaa.mx\/tienda\/kit-solar-fluke-324-irr-pvld1-con-pinza-amperimetrica-true-rms-medidor-de-irradiancia-y-cables-de-prueba-mc4-600-v\/#primaryimage\"},\"thumbnailUrl\":\"https:\/\/abaa.mx\/tienda\/wp-content\/uploads\/2023\/09\/324-irr-puld1-1.jpg\",\"datePublished\":\"2023-09-20T14:40:15+00:00\",\"dateModified\":\"2023-09-20T14:40:16+00:00\",\"breadcrumb\":{\"@id\":\"https:\/\/abaa.mx\/tienda\/kit-solar-fluke-324-irr-pvld1-con-pinza-amperimetrica-true-rms-medidor-de-irradiancia-y-cables-de-prueba-mc4-600-v\/#breadcrumb\"},\"inLanguage\":\"es\",\"potentialAction\":[{\"@type\":\"ReadAction\",\"target\":[\"https:\/\/abaa.mx\/tienda\/kit-solar-fluke-324-irr-pvld1-con-pinza-amperimetrica-true-rms-medidor-de-irradiancia-y-cables-de-prueba-mc4-600-v\/\"]}]},{\"@type\":\"ImageObject\",\"inLanguage\":\"es\",\"@id\":\"https:\/\/abaa.mx\/tienda\/kit-solar-fluke-324-irr-pvld1-con-pinza-amperimetrica-true-rms-medidor-de-irradiancia-y-cables-de-prueba-mc4-600-v\/#primaryimage\",\"url\":\"https:\/\/abaa.mx\/tienda\/wp-content\/uploads\/2023\/09\/324-irr-puld1-1.jpg\",\"contentUrl\":\"https:\/\/abaa.mx\/tienda\/wp-content\/uploads\/2023\/09\/324-irr-puld1-1.jpg\",\"width\":1230,\"height\":820,\"caption\":\"324-irr-puld1\"},{\"@type\":\"BreadcrumbList\",\"@id\":\"https:\/\/abaa.mx\/tienda\/kit-solar-fluke-324-irr-pvld1-con-pinza-amperimetrica-true-rms-medidor-de-irradiancia-y-cables-de-prueba-mc4-600-v\/#breadcrumb\",\"itemListElement\":[{\"@type\":\"ListItem\",\"position\":1,\"name\":\"Inicio\",\"item\":\"https:\/\/abaa.mx\/tienda\/\"},{\"@type\":\"ListItem\",\"position\":2,\"name\":\"Tienda\",\"item\":\"https:\/\/abaa.mx\/tienda\/\"},{\"@type\":\"ListItem\",\"position\":3,\"name\":\"kit solar fluke 324-irr-pvld1 con pinza amperim\u00e9trica true rms, medidor de irradiancia y cables de prueba mc4, 600 v\"}]},{\"@type\":\"WebSite\",\"@id\":\"https:\/\/abaa.mx\/tienda\/#website\",\"url\":\"https:\/\/abaa.mx\/tienda\/\",\"name\":\"Abaa tienda online\",\"description\":\"Instrumentos de medici\u00f3n\",\"publisher\":{\"@id\":\"https:\/\/abaa.mx\/tienda\/#organization\"},\"potentialAction\":[{\"@type\":\"SearchAction\",\"target\":{\"@type\":\"EntryPoint\",\"urlTemplate\":\"https:\/\/abaa.mx\/tienda\/?s={search_term_string}\"},\"query-input\":{\"@type\":\"PropertyValueSpecification\",\"valueRequired\":true,\"valueName\":\"search_term_string\"}}],\"inLanguage\":\"es\"},{\"@type\":\"Organization\",\"@id\":\"https:\/\/abaa.mx\/tienda\/#organization\",\"name\":\"Abaa tienda online\",\"url\":\"https:\/\/abaa.mx\/tienda\/\",\"logo\":{\"@type\":\"ImageObject\",\"inLanguage\":\"es\",\"@id\":\"https:\/\/abaa.mx\/tienda\/#\/schema\/logo\/image\/\",\"url\":\"https:\/\/abaa.mx\/tienda\/wp-content\/uploads\/2024\/01\/abaa-metrologia-tienda.png\",\"contentUrl\":\"https:\/\/abaa.mx\/tienda\/wp-content\/uploads\/2024\/01\/abaa-metrologia-tienda.png\",\"width\":300,\"height\":141,\"caption\":\"Abaa tienda online\"},\"image\":{\"@id\":\"https:\/\/abaa.mx\/tienda\/#\/schema\/logo\/image\/\"}}]}<\/script>\n<!-- \/ Yoast SEO plugin. -->","yoast_head_json":{"title":"kit solar fluke 324-irr-pvld1 con pinza amperim\u00e9trica true rms, medidor de irradiancia y cables de prueba mc4, 600 v - Abaa tienda online","robots":{"index":"index","follow":"follow","max-snippet":"max-snippet:-1","max-image-preview":"max-image-preview:large","max-video-preview":"max-video-preview:-1"},"canonical":"https:\/\/abaa.mx\/tienda\/kit-solar-fluke-324-irr-pvld1-con-pinza-amperimetrica-true-rms-medidor-de-irradiancia-y-cables-de-prueba-mc4-600-v\/","og_locale":"es_MX","og_type":"article","og_title":"kit solar fluke 324-irr-pvld1 con pinza amperim\u00e9trica true rms, medidor de irradiancia y cables de prueba mc4, 600 v - Abaa tienda online","og_description":"Valide el voltaje de un individuo o una serie de paneles en una matriz fotovoltaica conectando de forma segura los cables de prueba solares MC4 al medidor. Obtener la cantidad de irradiancia solar necesaria para calcular la curva IV de la potencia de salida. Adem\u00e1s, esta pinza amperim\u00e9trica tiene temperatura y capacitancia, todo lo que un t\u00e9cnico de HVAC\/R podr\u00eda necesitar.","og_url":"https:\/\/abaa.mx\/tienda\/kit-solar-fluke-324-irr-pvld1-con-pinza-amperimetrica-true-rms-medidor-de-irradiancia-y-cables-de-prueba-mc4-600-v\/","og_site_name":"Abaa tienda online","article_modified_time":"2023-09-20T14:40:16+00:00","og_image":[{"width":1230,"height":820,"url":"https:\/\/abaa.mx\/tienda\/wp-content\/uploads\/2023\/09\/324-irr-puld1-1.jpg","type":"image\/jpeg"}],"twitter_card":"summary_large_image","twitter_misc":{"Tiempo de lectura":"1 minuto"},"schema":{"@context":"https:\/\/schema.org","@graph":[{"@type":"WebPage","@id":"https:\/\/abaa.mx\/tienda\/kit-solar-fluke-324-irr-pvld1-con-pinza-amperimetrica-true-rms-medidor-de-irradiancia-y-cables-de-prueba-mc4-600-v\/","url":"https:\/\/abaa.mx\/tienda\/kit-solar-fluke-324-irr-pvld1-con-pinza-amperimetrica-true-rms-medidor-de-irradiancia-y-cables-de-prueba-mc4-600-v\/","name":"kit solar fluke 324-irr-pvld1 con pinza amperim\u00e9trica true rms, medidor de irradiancia y cables de prueba mc4, 600 v - Abaa tienda online","isPartOf":{"@id":"https:\/\/abaa.mx\/tienda\/#website"},"primaryImageOfPage":{"@id":"https:\/\/abaa.mx\/tienda\/kit-solar-fluke-324-irr-pvld1-con-pinza-amperimetrica-true-rms-medidor-de-irradiancia-y-cables-de-prueba-mc4-600-v\/#primaryimage"},"image":{"@id":"https:\/\/abaa.mx\/tienda\/kit-solar-fluke-324-irr-pvld1-con-pinza-amperimetrica-true-rms-medidor-de-irradiancia-y-cables-de-prueba-mc4-600-v\/#primaryimage"},"thumbnailUrl":"https:\/\/abaa.mx\/tienda\/wp-content\/uploads\/2023\/09\/324-irr-puld1-1.jpg","datePublished":"2023-09-20T14:40:15+00:00","dateModified":"2023-09-20T14:40:16+00:00","breadcrumb":{"@id":"https:\/\/abaa.mx\/tienda\/kit-solar-fluke-324-irr-pvld1-con-pinza-amperimetrica-true-rms-medidor-de-irradiancia-y-cables-de-prueba-mc4-600-v\/#breadcrumb"},"inLanguage":"es","potentialAction":[{"@type":"ReadAction","target":["https:\/\/abaa.mx\/tienda\/kit-solar-fluke-324-irr-pvld1-con-pinza-amperimetrica-true-rms-medidor-de-irradiancia-y-cables-de-prueba-mc4-600-v\/"]}]},{"@type":"ImageObject","inLanguage":"es","@id":"https:\/\/abaa.mx\/tienda\/kit-solar-fluke-324-irr-pvld1-con-pinza-amperimetrica-true-rms-medidor-de-irradiancia-y-cables-de-prueba-mc4-600-v\/#primaryimage","url":"https:\/\/abaa.mx\/tienda\/wp-content\/uploads\/2023\/09\/324-irr-puld1-1.jpg","contentUrl":"https:\/\/abaa.mx\/tienda\/wp-content\/uploads\/2023\/09\/324-irr-puld1-1.jpg","width":1230,"height":820,"caption":"324-irr-puld1"},{"@type":"BreadcrumbList","@id":"https:\/\/abaa.mx\/tienda\/kit-solar-fluke-324-irr-pvld1-con-pinza-amperimetrica-true-rms-medidor-de-irradiancia-y-cables-de-prueba-mc4-600-v\/#breadcrumb","itemListElement":[{"@type":"ListItem","position":1,"name":"Inicio","item":"https:\/\/abaa.mx\/tienda\/"},{"@type":"ListItem","position":2,"name":"Tienda","item":"https:\/\/abaa.mx\/tienda\/"},{"@type":"ListItem","position":3,"name":"kit solar fluke 324-irr-pvld1 con pinza amperim\u00e9trica true rms, medidor de irradiancia y cables de prueba mc4, 600 v"}]},{"@type":"WebSite","@id":"https:\/\/abaa.mx\/tienda\/#website","url":"https:\/\/abaa.mx\/tienda\/","name":"Abaa tienda online","description":"Instrumentos de medici\u00f3n","publisher":{"@id":"https:\/\/abaa.mx\/tienda\/#organization"},"potentialAction":[{"@type":"SearchAction","target":{"@type":"EntryPoint","urlTemplate":"https:\/\/abaa.mx\/tienda\/?s={search_term_string}"},"query-input":{"@type":"PropertyValueSpecification","valueRequired":true,"valueName":"search_term_string"}}],"inLanguage":"es"},{"@type":"Organization","@id":"https:\/\/abaa.mx\/tienda\/#organization","name":"Abaa tienda online","url":"https:\/\/abaa.mx\/tienda\/","logo":{"@type":"ImageObject","inLanguage":"es","@id":"https:\/\/abaa.mx\/tienda\/#\/schema\/logo\/image\/","url":"https:\/\/abaa.mx\/tienda\/wp-content\/uploads\/2024\/01\/abaa-metrologia-tienda.png","contentUrl":"https:\/\/abaa.mx\/tienda\/wp-content\/uploads\/2024\/01\/abaa-metrologia-tienda.png","width":300,"height":141,"caption":"Abaa tienda online"},"image":{"@id":"https:\/\/abaa.mx\/tienda\/#\/schema\/logo\/image\/"}}]}},"_links":{"self":[{"href":"https:\/\/abaa.mx\/tienda\/wp-json\/wp\/v2\/product\/2137","targetHints":{"allow":["GET"]}}],"collection":[{"href":"https:\/\/abaa.mx\/tienda\/wp-json\/wp\/v2\/product"}],"about":[{"href":"https:\/\/abaa.mx\/tienda\/wp-json\/wp\/v2\/types\/product"}],"replies":[{"embeddable":true,"href":"https:\/\/abaa.mx\/tienda\/wp-json\/wp\/v2\/comments?post=2137"}],"wp:featuredmedia":[{"embeddable":true,"href":"https:\/\/abaa.mx\/tienda\/wp-json\/wp\/v2\/media\/2153"}],"wp:attachment":[{"href":"https:\/\/abaa.mx\/tienda\/wp-json\/wp\/v2\/media?parent=2137"}],"wp:term":[{"taxonomy":"product_brand","embeddable":true,"href":"https:\/\/abaa.mx\/tienda\/wp-json\/wp\/v2\/product_brand?post=2137"},{"taxonomy":"product_cat","embeddable":true,"href":"https:\/\/abaa.mx\/tienda\/wp-json\/wp\/v2\/product_cat?post=2137"},{"taxonomy":"product_tag","embeddable":true,"href":"https:\/\/abaa.mx\/tienda\/wp-json\/wp\/v2\/product_tag?post=2137"}],"curies":[{"name":"wp","href":"https:\/\/api.w.org\/{rel}","templated":true}]}}