{"id":2118,"date":"2023-09-19T21:47:00","date_gmt":"2023-09-19T21:47:00","guid":{"rendered":"https:\/\/abaa.mx\/tienda\/?post_type=product&#038;p=2118"},"modified":"2023-09-19T21:47:01","modified_gmt":"2023-09-19T21:47:01","slug":"multimetro-digital-fluke-179-true-rms-con-kit-de-suspension-de-medidor-magnetico-tpak-toolpak","status":"publish","type":"product","link":"https:\/\/abaa.mx\/tienda\/multimetro-digital-fluke-179-true-rms-con-kit-de-suspension-de-medidor-magnetico-tpak-toolpak\/","title":{"rendered":"Mult\u00edmetro digital fluke 179 true rms con kit de suspensi\u00f3n de medidor magn\u00e9tico tpak toolpak"},"content":{"rendered":"<h4>Fluke 179 Ofertas<\/h4>\n<p><strong>Este True RMS DMM es la herramienta de soluci\u00f3n de problemas est\u00e1ndar de la industria para sistemas el\u00e9ctricos y electr\u00f3nicos<\/strong><\/p>\n<p>Proporciona precisi\u00f3n, fiabilidad y facilidad de uso, este mult\u00edmetro digital True RMS es ideal para t\u00e9cnicos profesionales. Esta herramienta viene equipada con las caracter\u00edsticas que necesita para solucionar problemas y reparar sistemas el\u00e9ctricos y electr\u00f3nicos, una pantalla digital retroiluminada, gr\u00e1fico de barras anal\u00f3gico y term\u00f3metro incorporado para medir la temperatura.<\/p>\n<h5><strong>Funciones<\/strong><\/h5>\n<ul>\n<li>Un mult\u00edmetro de precisi\u00f3n con todas las funciones para la resoluci\u00f3n de problemas de sistemas el\u00e9ctricos y electr\u00f3nicos<\/li>\n<li>Ofrece mediciones precisas de corriente y voltaje de CA reales RMS m\u00e1s frecuencia, capacitancia, resistencia, continuidad y diodos<\/li>\n<li>Aumenta la productividad con rango manual y autom\u00e1tico, retenci\u00f3n de pantalla, retenci\u00f3n autom\u00e1tica y grabaci\u00f3n promedio m\u00ednima\/m\u00e1xima<\/li>\n<li>Incluye un term\u00f3metro incorporado para medir la temperatura sin tener que llevar un instrumento separado<\/li>\n<li>Permite la calibraci\u00f3n de carcasa cerrada a trav\u00e9s del panel frontal<\/li>\n<li>Seguridad nominal CAT III 1000 V, CAT IV 600 V<\/li>\n<\/ul>\n<h5><strong>Funciona cuando lo necesitas, donde lo necesitas<\/strong><\/h5>\n<p>Puede confiar en esta herramienta robusta y confiable para hacer el trabajo en todos los lugares desordenados, ruidosos, de alta energ\u00eda y de gran altitud en los que trabaja. Ya sea que necesite un mult\u00edmetro para la soluci\u00f3n de problemas industriales o la instalaci\u00f3n o el mantenimiento de sistemas el\u00e9ctricos y electr\u00f3nicos, este mult\u00edmetro True RMS puede hacer el trabajo. Se prueba de forma independiente para un uso seguro en entornos CAT III 1000 V, CAT IV 600 V.<\/p>\n<h5><strong>Mayor precisi\u00f3n con mediciones True RMS<\/strong><\/h5>\n<p>Obtenga lecturas precisas de voltaje y corriente al medir se\u00f1ales de CA complejas.<\/p>\n<h5><strong>F\u00e1cil comprensi\u00f3n de las se\u00f1ales cambiantes<\/strong><\/h5>\n<p>Un gr\u00e1fico de barras anal\u00f3gico facilita ver las tendencias en las se\u00f1ales fluctuantes.<\/p>\n<h5><strong>Mediciones de temperatura al alcance de su mano<\/strong><\/h5>\n<p>El term\u00f3metro incorporado le permite tomar convenientemente lecturas de temperatura sin tener que llevar un instrumento separado.<\/p>\n<ul>\n<li>\n<h4>Especificaciones de Fluke 179\/EFSP-KIT5<\/h4>\n<table class=\"table table-striped\">\n<tbody>\n<tr>\n<td colspan=\"2\"><strong>Voltaje DC<\/strong><\/td>\n<\/tr>\n<tr>\n<td>Exactitud<\/td>\n<td>\u00b1(0.09% + 2)<\/td>\n<\/tr>\n<tr>\n<td>Resoluci\u00f3n m\u00e1xima<\/td>\n<td>0,1 mV<\/td>\n<\/tr>\n<tr>\n<td>M\u00e1ximo<\/td>\n<td>1000 V<\/td>\n<\/tr>\n<tr>\n<td colspan=\"2\"><strong>Voltaje AC<\/strong><\/td>\n<\/tr>\n<tr>\n<td>Exactitud<\/td>\n<td>\u00b1(1.0% + 3)<\/td>\n<\/tr>\n<tr>\n<td>Resoluci\u00f3n m\u00e1xima<\/td>\n<td>0,1 mV<\/td>\n<\/tr>\n<tr>\n<td>M\u00e1ximo<\/td>\n<td>1000 V<\/td>\n<\/tr>\n<tr>\n<td colspan=\"2\"><strong>DC actual<\/strong><\/td>\n<\/tr>\n<tr>\n<td>Exactitud<\/td>\n<td>\u00b1(1.0% + 3)<\/td>\n<\/tr>\n<tr>\n<td>Resoluci\u00f3n m\u00e1xima<\/td>\n<td>0,01 mA<\/td>\n<\/tr>\n<tr>\n<td>M\u00e1ximo<\/td>\n<td>10 A<\/td>\n<\/tr>\n<tr>\n<td colspan=\"2\"><strong>AC actual<\/strong><\/td>\n<\/tr>\n<tr>\n<td>Exactitud<\/td>\n<td>\u00b1(1.5% + 3)<\/td>\n<\/tr>\n<tr>\n<td>Resoluci\u00f3n m\u00e1xima<\/td>\n<td>0,01 mA<\/td>\n<\/tr>\n<tr>\n<td>M\u00e1ximo<\/td>\n<td>10 A<\/td>\n<\/tr>\n<tr>\n<td colspan=\"2\"><strong>Resistencia<\/strong><\/td>\n<\/tr>\n<tr>\n<td>Exactitud<\/td>\n<td>\u00b1(0.9% + 1)<\/td>\n<\/tr>\n<tr>\n<td>Resoluci\u00f3n m\u00e1xima<\/td>\n<td>0.1 \u03a9<\/td>\n<\/tr>\n<tr>\n<td>M\u00e1ximo<\/td>\n<td>50 M\u03a9<\/td>\n<\/tr>\n<tr>\n<td colspan=\"2\"><strong>Capacitancia<\/strong><\/td>\n<\/tr>\n<tr>\n<td>Exactitud<\/td>\n<td>\u00b1(1.2% + 2)<\/td>\n<\/tr>\n<tr>\n<td>Resoluci\u00f3n m\u00e1xima<\/td>\n<td>1 nF<\/td>\n<\/tr>\n<tr>\n<td>M\u00e1ximo<\/td>\n<td>10,000 \u03bcF<\/td>\n<\/tr>\n<tr>\n<td colspan=\"2\"><strong>Frecuencia<\/strong><\/td>\n<\/tr>\n<tr>\n<td>Exactitud<\/td>\n<td>\u00b1(0.1% + 1)<\/td>\n<\/tr>\n<tr>\n<td>Resoluci\u00f3n m\u00e1xima<\/td>\n<td>0,01 Hz<\/td>\n<\/tr>\n<tr>\n<td>M\u00e1ximo<\/td>\n<td>100 kHz<\/td>\n<\/tr>\n<tr>\n<td colspan=\"2\"><strong>Temperatura<\/strong><\/td>\n<\/tr>\n<tr>\n<td>Exactitud<\/td>\n<td>\u00b1(1.0% + 10)<\/td>\n<\/tr>\n<tr>\n<td>Resoluci\u00f3n m\u00e1xima<\/td>\n<td>0.1\u00b0F (0.1\u00b0C)<\/td>\n<\/tr>\n<tr>\n<td>Gama<\/td>\n<td>-40 a 752\u00b0F (-40 a 400\u00b0C)<\/td>\n<\/tr>\n<tr>\n<td colspan=\"2\"><strong>Especificaciones ambientales<\/strong><\/td>\n<\/tr>\n<tr>\n<td>Temperatura de funcionamiento<\/td>\n<td>14 a 122\u00b0F (-10 a 50\u00b0C)<\/td>\n<\/tr>\n<tr>\n<td>Temperatura de almacenamiento<\/td>\n<td>-22 a 140\u00b0F (-30 a 60\u00b0C)<\/td>\n<\/tr>\n<tr>\n<td>Humedad (sin condensaci\u00f3n)<\/td>\n<td>0 a 90% (32 a 95\u00b0F) (0 a 35\u00b0C) 0 a 70% (95 a 122\u00b0F) (35 a 50\u00b0C)<\/td>\n<\/tr>\n<tr>\n<td colspan=\"2\"><strong>Especificaciones de seguridad<\/strong><\/td>\n<\/tr>\n<tr>\n<td>Categor\u00eda de sobretensi\u00f3n<\/td>\n<td>EN 61010-1 a 1000 V CAT III<br \/>\nEN 61010-1 a 600 V CAT IV<\/td>\n<\/tr>\n<tr>\n<td>Aprobaciones de agencias<\/td>\n<td>Listado en UL, CSA, T\u00dcV y VDE pendiente<\/td>\n<\/tr>\n<tr>\n<td colspan=\"2\"><strong>Especificaciones mec\u00e1nicas y generales<\/strong><\/td>\n<\/tr>\n<tr>\n<td>Duraci\u00f3n de la bater\u00eda<\/td>\n<td>Alcalino aproximadamente 200 horas t\u00edpico, sin luz de fondo<\/td>\n<\/tr>\n<tr>\n<td>Tama\u00f1o<\/td>\n<td>1,7 x 3,5 x 7,3&#8243; (43 x 90 x 185 mm)<\/td>\n<\/tr>\n<tr>\n<td>Peso<\/td>\n<td>0,9 lb (420 g)<\/td>\n<\/tr>\n<\/tbody>\n<\/table>\n<\/li>\n<\/ul>\n","protected":false},"excerpt":{"rendered":"<p>Ideal para solucionar problemas y reparar sistemas el\u00e9ctricos y electr\u00f3nicos debido a la pantalla digital retroiluminada de este mult\u00edmetro True RMS, el gr\u00e1fico de barras anal\u00f3gico y las mediciones de temperatura incorporadas. Adem\u00e1s, este kit viene equipado con un colgador de medidor magn\u00e9tico que puede colgarse de varios objetos para que el usuario pueda tomar medidas con las manos libres.<\/p>\n","protected":false},"featured_media":2120,"comment_status":"open","ping_status":"closed","template":"","meta":{"_joinchat":[]},"product_brand":[],"product_cat":[15],"product_tag":[],"class_list":{"0":"post-2118","1":"product","2":"type-product","3":"status-publish","4":"has-post-thumbnail","6":"product_cat-sin-categorizar","8":"first","9":"instock","10":"shipping-taxable","11":"product-type-simple"},"yoast_head":"<!-- This site is optimized with the Yoast SEO plugin v26.4 - https:\/\/yoast.com\/wordpress\/plugins\/seo\/ -->\n<title>Mult\u00edmetro digital fluke 179 true rms con kit de suspensi\u00f3n de medidor magn\u00e9tico tpak toolpak - Abaa tienda online<\/title>\n<meta name=\"robots\" content=\"index, follow, max-snippet:-1, max-image-preview:large, max-video-preview:-1\" \/>\n<link rel=\"canonical\" href=\"https:\/\/abaa.mx\/tienda\/multimetro-digital-fluke-179-true-rms-con-kit-de-suspension-de-medidor-magnetico-tpak-toolpak\/\" \/>\n<meta property=\"og:locale\" content=\"es_MX\" \/>\n<meta property=\"og:type\" content=\"article\" \/>\n<meta property=\"og:title\" content=\"Mult\u00edmetro digital fluke 179 true rms con kit de suspensi\u00f3n de medidor magn\u00e9tico tpak toolpak - Abaa tienda online\" \/>\n<meta property=\"og:description\" content=\"Ideal para solucionar problemas y reparar sistemas el\u00e9ctricos y electr\u00f3nicos debido a la pantalla digital retroiluminada de este mult\u00edmetro True RMS, el gr\u00e1fico de barras anal\u00f3gico y las mediciones de temperatura incorporadas. Adem\u00e1s, este kit viene equipado con un colgador de medidor magn\u00e9tico que puede colgarse de varios objetos para que el usuario pueda tomar medidas con las manos libres.\" \/>\n<meta property=\"og:url\" content=\"https:\/\/abaa.mx\/tienda\/multimetro-digital-fluke-179-true-rms-con-kit-de-suspension-de-medidor-magnetico-tpak-toolpak\/\" \/>\n<meta property=\"og:site_name\" content=\"Abaa tienda online\" \/>\n<meta property=\"article:modified_time\" content=\"2023-09-19T21:47:01+00:00\" \/>\n<meta property=\"og:image\" content=\"https:\/\/abaa.mx\/tienda\/wp-content\/uploads\/2023\/09\/179-EFSP-KIT5.jpg\" \/>\n\t<meta property=\"og:image:width\" content=\"270\" \/>\n\t<meta property=\"og:image:height\" content=\"500\" \/>\n\t<meta property=\"og:image:type\" content=\"image\/jpeg\" \/>\n<meta name=\"twitter:card\" content=\"summary_large_image\" \/>\n<meta name=\"twitter:label1\" content=\"Tiempo de lectura\" \/>\n\t<meta name=\"twitter:data1\" content=\"3 minutos\" \/>\n<script type=\"application\/ld+json\" class=\"yoast-schema-graph\">{\"@context\":\"https:\/\/schema.org\",\"@graph\":[{\"@type\":\"WebPage\",\"@id\":\"https:\/\/abaa.mx\/tienda\/multimetro-digital-fluke-179-true-rms-con-kit-de-suspension-de-medidor-magnetico-tpak-toolpak\/\",\"url\":\"https:\/\/abaa.mx\/tienda\/multimetro-digital-fluke-179-true-rms-con-kit-de-suspension-de-medidor-magnetico-tpak-toolpak\/\",\"name\":\"Mult\u00edmetro digital fluke 179 true rms con kit de suspensi\u00f3n de medidor magn\u00e9tico tpak toolpak - Abaa tienda online\",\"isPartOf\":{\"@id\":\"https:\/\/abaa.mx\/tienda\/#website\"},\"primaryImageOfPage\":{\"@id\":\"https:\/\/abaa.mx\/tienda\/multimetro-digital-fluke-179-true-rms-con-kit-de-suspension-de-medidor-magnetico-tpak-toolpak\/#primaryimage\"},\"image\":{\"@id\":\"https:\/\/abaa.mx\/tienda\/multimetro-digital-fluke-179-true-rms-con-kit-de-suspension-de-medidor-magnetico-tpak-toolpak\/#primaryimage\"},\"thumbnailUrl\":\"https:\/\/abaa.mx\/tienda\/wp-content\/uploads\/2023\/09\/179-EFSP-KIT5.jpg\",\"datePublished\":\"2023-09-19T21:47:00+00:00\",\"dateModified\":\"2023-09-19T21:47:01+00:00\",\"breadcrumb\":{\"@id\":\"https:\/\/abaa.mx\/tienda\/multimetro-digital-fluke-179-true-rms-con-kit-de-suspension-de-medidor-magnetico-tpak-toolpak\/#breadcrumb\"},\"inLanguage\":\"es\",\"potentialAction\":[{\"@type\":\"ReadAction\",\"target\":[\"https:\/\/abaa.mx\/tienda\/multimetro-digital-fluke-179-true-rms-con-kit-de-suspension-de-medidor-magnetico-tpak-toolpak\/\"]}]},{\"@type\":\"ImageObject\",\"inLanguage\":\"es\",\"@id\":\"https:\/\/abaa.mx\/tienda\/multimetro-digital-fluke-179-true-rms-con-kit-de-suspension-de-medidor-magnetico-tpak-toolpak\/#primaryimage\",\"url\":\"https:\/\/abaa.mx\/tienda\/wp-content\/uploads\/2023\/09\/179-EFSP-KIT5.jpg\",\"contentUrl\":\"https:\/\/abaa.mx\/tienda\/wp-content\/uploads\/2023\/09\/179-EFSP-KIT5.jpg\",\"width\":270,\"height\":500,\"caption\":\"multimetro-digital-fluke-179-true-rms-con-kit-de-suspension-de-medidor-magnetico-tpak-toolpak\"},{\"@type\":\"BreadcrumbList\",\"@id\":\"https:\/\/abaa.mx\/tienda\/multimetro-digital-fluke-179-true-rms-con-kit-de-suspension-de-medidor-magnetico-tpak-toolpak\/#breadcrumb\",\"itemListElement\":[{\"@type\":\"ListItem\",\"position\":1,\"name\":\"Inicio\",\"item\":\"https:\/\/abaa.mx\/tienda\/\"},{\"@type\":\"ListItem\",\"position\":2,\"name\":\"Tienda\",\"item\":\"https:\/\/abaa.mx\/tienda\/\"},{\"@type\":\"ListItem\",\"position\":3,\"name\":\"Mult\u00edmetro digital fluke 179 true rms con kit de suspensi\u00f3n de medidor magn\u00e9tico tpak toolpak\"}]},{\"@type\":\"WebSite\",\"@id\":\"https:\/\/abaa.mx\/tienda\/#website\",\"url\":\"https:\/\/abaa.mx\/tienda\/\",\"name\":\"Abaa tienda online\",\"description\":\"Instrumentos de medici\u00f3n\",\"publisher\":{\"@id\":\"https:\/\/abaa.mx\/tienda\/#organization\"},\"potentialAction\":[{\"@type\":\"SearchAction\",\"target\":{\"@type\":\"EntryPoint\",\"urlTemplate\":\"https:\/\/abaa.mx\/tienda\/?s={search_term_string}\"},\"query-input\":{\"@type\":\"PropertyValueSpecification\",\"valueRequired\":true,\"valueName\":\"search_term_string\"}}],\"inLanguage\":\"es\"},{\"@type\":\"Organization\",\"@id\":\"https:\/\/abaa.mx\/tienda\/#organization\",\"name\":\"Abaa tienda online\",\"url\":\"https:\/\/abaa.mx\/tienda\/\",\"logo\":{\"@type\":\"ImageObject\",\"inLanguage\":\"es\",\"@id\":\"https:\/\/abaa.mx\/tienda\/#\/schema\/logo\/image\/\",\"url\":\"https:\/\/abaa.mx\/tienda\/wp-content\/uploads\/2024\/01\/abaa-metrologia-tienda.png\",\"contentUrl\":\"https:\/\/abaa.mx\/tienda\/wp-content\/uploads\/2024\/01\/abaa-metrologia-tienda.png\",\"width\":300,\"height\":141,\"caption\":\"Abaa tienda online\"},\"image\":{\"@id\":\"https:\/\/abaa.mx\/tienda\/#\/schema\/logo\/image\/\"}}]}<\/script>\n<!-- \/ Yoast SEO plugin. -->","yoast_head_json":{"title":"Mult\u00edmetro digital fluke 179 true rms con kit de suspensi\u00f3n de medidor magn\u00e9tico tpak toolpak - Abaa tienda online","robots":{"index":"index","follow":"follow","max-snippet":"max-snippet:-1","max-image-preview":"max-image-preview:large","max-video-preview":"max-video-preview:-1"},"canonical":"https:\/\/abaa.mx\/tienda\/multimetro-digital-fluke-179-true-rms-con-kit-de-suspension-de-medidor-magnetico-tpak-toolpak\/","og_locale":"es_MX","og_type":"article","og_title":"Mult\u00edmetro digital fluke 179 true rms con kit de suspensi\u00f3n de medidor magn\u00e9tico tpak toolpak - Abaa tienda online","og_description":"Ideal para solucionar problemas y reparar sistemas el\u00e9ctricos y electr\u00f3nicos debido a la pantalla digital retroiluminada de este mult\u00edmetro True RMS, el gr\u00e1fico de barras anal\u00f3gico y las mediciones de temperatura incorporadas. Adem\u00e1s, este kit viene equipado con un colgador de medidor magn\u00e9tico que puede colgarse de varios objetos para que el usuario pueda tomar medidas con las manos libres.","og_url":"https:\/\/abaa.mx\/tienda\/multimetro-digital-fluke-179-true-rms-con-kit-de-suspension-de-medidor-magnetico-tpak-toolpak\/","og_site_name":"Abaa tienda online","article_modified_time":"2023-09-19T21:47:01+00:00","og_image":[{"width":270,"height":500,"url":"https:\/\/abaa.mx\/tienda\/wp-content\/uploads\/2023\/09\/179-EFSP-KIT5.jpg","type":"image\/jpeg"}],"twitter_card":"summary_large_image","twitter_misc":{"Tiempo de lectura":"3 minutos"},"schema":{"@context":"https:\/\/schema.org","@graph":[{"@type":"WebPage","@id":"https:\/\/abaa.mx\/tienda\/multimetro-digital-fluke-179-true-rms-con-kit-de-suspension-de-medidor-magnetico-tpak-toolpak\/","url":"https:\/\/abaa.mx\/tienda\/multimetro-digital-fluke-179-true-rms-con-kit-de-suspension-de-medidor-magnetico-tpak-toolpak\/","name":"Mult\u00edmetro digital fluke 179 true rms con kit de suspensi\u00f3n de medidor magn\u00e9tico tpak toolpak - Abaa tienda online","isPartOf":{"@id":"https:\/\/abaa.mx\/tienda\/#website"},"primaryImageOfPage":{"@id":"https:\/\/abaa.mx\/tienda\/multimetro-digital-fluke-179-true-rms-con-kit-de-suspension-de-medidor-magnetico-tpak-toolpak\/#primaryimage"},"image":{"@id":"https:\/\/abaa.mx\/tienda\/multimetro-digital-fluke-179-true-rms-con-kit-de-suspension-de-medidor-magnetico-tpak-toolpak\/#primaryimage"},"thumbnailUrl":"https:\/\/abaa.mx\/tienda\/wp-content\/uploads\/2023\/09\/179-EFSP-KIT5.jpg","datePublished":"2023-09-19T21:47:00+00:00","dateModified":"2023-09-19T21:47:01+00:00","breadcrumb":{"@id":"https:\/\/abaa.mx\/tienda\/multimetro-digital-fluke-179-true-rms-con-kit-de-suspension-de-medidor-magnetico-tpak-toolpak\/#breadcrumb"},"inLanguage":"es","potentialAction":[{"@type":"ReadAction","target":["https:\/\/abaa.mx\/tienda\/multimetro-digital-fluke-179-true-rms-con-kit-de-suspension-de-medidor-magnetico-tpak-toolpak\/"]}]},{"@type":"ImageObject","inLanguage":"es","@id":"https:\/\/abaa.mx\/tienda\/multimetro-digital-fluke-179-true-rms-con-kit-de-suspension-de-medidor-magnetico-tpak-toolpak\/#primaryimage","url":"https:\/\/abaa.mx\/tienda\/wp-content\/uploads\/2023\/09\/179-EFSP-KIT5.jpg","contentUrl":"https:\/\/abaa.mx\/tienda\/wp-content\/uploads\/2023\/09\/179-EFSP-KIT5.jpg","width":270,"height":500,"caption":"multimetro-digital-fluke-179-true-rms-con-kit-de-suspension-de-medidor-magnetico-tpak-toolpak"},{"@type":"BreadcrumbList","@id":"https:\/\/abaa.mx\/tienda\/multimetro-digital-fluke-179-true-rms-con-kit-de-suspension-de-medidor-magnetico-tpak-toolpak\/#breadcrumb","itemListElement":[{"@type":"ListItem","position":1,"name":"Inicio","item":"https:\/\/abaa.mx\/tienda\/"},{"@type":"ListItem","position":2,"name":"Tienda","item":"https:\/\/abaa.mx\/tienda\/"},{"@type":"ListItem","position":3,"name":"Mult\u00edmetro digital fluke 179 true rms con kit de suspensi\u00f3n de medidor magn\u00e9tico tpak toolpak"}]},{"@type":"WebSite","@id":"https:\/\/abaa.mx\/tienda\/#website","url":"https:\/\/abaa.mx\/tienda\/","name":"Abaa tienda online","description":"Instrumentos de medici\u00f3n","publisher":{"@id":"https:\/\/abaa.mx\/tienda\/#organization"},"potentialAction":[{"@type":"SearchAction","target":{"@type":"EntryPoint","urlTemplate":"https:\/\/abaa.mx\/tienda\/?s={search_term_string}"},"query-input":{"@type":"PropertyValueSpecification","valueRequired":true,"valueName":"search_term_string"}}],"inLanguage":"es"},{"@type":"Organization","@id":"https:\/\/abaa.mx\/tienda\/#organization","name":"Abaa tienda online","url":"https:\/\/abaa.mx\/tienda\/","logo":{"@type":"ImageObject","inLanguage":"es","@id":"https:\/\/abaa.mx\/tienda\/#\/schema\/logo\/image\/","url":"https:\/\/abaa.mx\/tienda\/wp-content\/uploads\/2024\/01\/abaa-metrologia-tienda.png","contentUrl":"https:\/\/abaa.mx\/tienda\/wp-content\/uploads\/2024\/01\/abaa-metrologia-tienda.png","width":300,"height":141,"caption":"Abaa tienda online"},"image":{"@id":"https:\/\/abaa.mx\/tienda\/#\/schema\/logo\/image\/"}}]}},"_links":{"self":[{"href":"https:\/\/abaa.mx\/tienda\/wp-json\/wp\/v2\/product\/2118","targetHints":{"allow":["GET"]}}],"collection":[{"href":"https:\/\/abaa.mx\/tienda\/wp-json\/wp\/v2\/product"}],"about":[{"href":"https:\/\/abaa.mx\/tienda\/wp-json\/wp\/v2\/types\/product"}],"replies":[{"embeddable":true,"href":"https:\/\/abaa.mx\/tienda\/wp-json\/wp\/v2\/comments?post=2118"}],"wp:featuredmedia":[{"embeddable":true,"href":"https:\/\/abaa.mx\/tienda\/wp-json\/wp\/v2\/media\/2120"}],"wp:attachment":[{"href":"https:\/\/abaa.mx\/tienda\/wp-json\/wp\/v2\/media?parent=2118"}],"wp:term":[{"taxonomy":"product_brand","embeddable":true,"href":"https:\/\/abaa.mx\/tienda\/wp-json\/wp\/v2\/product_brand?post=2118"},{"taxonomy":"product_cat","embeddable":true,"href":"https:\/\/abaa.mx\/tienda\/wp-json\/wp\/v2\/product_cat?post=2118"},{"taxonomy":"product_tag","embeddable":true,"href":"https:\/\/abaa.mx\/tienda\/wp-json\/wp\/v2\/product_tag?post=2118"}],"curies":[{"name":"wp","href":"https:\/\/api.w.org\/{rel}","templated":true}]}}